{"id":999,"date":"2025-04-22T07:46:01","date_gmt":"2025-04-22T05:46:01","guid":{"rendered":"https:\/\/www.spirit-us.eu\/?post_type=product&#038;p=999"},"modified":"2025-12-20T10:38:07","modified_gmt":"2025-12-20T09:38:07","slug":"cierge-daction-de-graces","status":"publish","type":"product","link":"https:\/\/www.spirit-us.eu\/index.php\/produit\/cierge-daction-de-graces\/","title":{"rendered":"CIERGE D&rsquo;ACTION DE GRACES"},"content":{"rendered":"<p><strong>Description<\/strong><\/p>\n<p><strong>Hauteur :\u00a0<\/strong>10 cm<\/p>\n<p><strong>Largeur :\u00a0<\/strong>5,5 cm<\/p>\n<p><strong>Poids : <\/strong>100 gr<\/p>\n<p>Cierge de 3 jours \u00e0 l&rsquo;effigie de Notre Dame de Bonsecours.<\/p>\n<p>Recevez gratuitement le texte de la pri\u00e8re d&rsquo;action de gr\u00e2ces en latin et en fran\u00e7ais par ce lien : <a href=\"https:\/\/exorciser-liberer-guerir.com\/limportance-de-laction-de-graces\/\" target=\"_blank\" rel=\"noopener\">https:\/\/exorciser-liberer-guerir.com\/limportance-de-laction-de-graces\/<\/a><\/p>\n","protected":false},"excerpt":{"rendered":"<p>Cierge d&rsquo;action de gr\u00e2ces qui br\u00fble durant 3 jours, au cours desquels il convient de dire (une fois par jour) la pri\u00e8re d&rsquo;action de gr\u00e2ces qui vous est offerte en suivant le lien dans la description.\u00a0 L&rsquo;action de gr\u00e2ces est fondamentale lorsqu&rsquo;une pri\u00e8re a \u00e9t\u00e9 exauc\u00e9e.\u00a0 Rendre gr\u00e2ces, remercie, fait hausser le taux vibratoire, met le c\u0153ur dans la lumi\u00e8re pure et vous connecte directement \u00e0 l&rsquo;essence divine.<\/p>\n","protected":false},"featured_media":1001,"comment_status":"open","ping_status":"closed","template":"","meta":[],"product_brand":[],"product_cat":[166,17,504],"product_tag":[],"mwb_booking_cost":[],"mwb_booking_service":[],"class_list":{"0":"post-999","1":"product","2":"type-product","3":"status-publish","4":"has-post-thumbnail","6":"product_cat-07-spiritualite-et-benedictions","7":"product_cat-tous-les-produits","8":"product_cat-01-univers-sacre-accueil","10":"first","11":"instock","12":"shipping-taxable","13":"purchasable","14":"product-type-simple"},"yoast_head":"<!-- This site is optimized with the Yoast SEO plugin v27.1.1 - https:\/\/yoast.com\/product\/yoast-seo-wordpress\/ -->\n<title>CIERGE D&#039;ACTION DE GRACES - Spirit-US<\/title>\n<meta name=\"robots\" content=\"index, follow, max-snippet:-1, max-image-preview:large, max-video-preview:-1\" \/>\n<link rel=\"canonical\" href=\"https:\/\/www.spirit-us.eu\/index.php\/produit\/cierge-daction-de-graces\/\" \/>\n<meta property=\"og:locale\" content=\"fr_FR\" \/>\n<meta property=\"og:type\" content=\"article\" \/>\n<meta property=\"og:title\" content=\"CIERGE D&#039;ACTION DE GRACES - Spirit-US\" \/>\n<meta property=\"og:description\" content=\"Cierge d&#039;action de gr\u00e2ces qui br\u00fble durant 3 jours, au cours desquels il convient de dire (une fois par jour) la pri\u00e8re d&#039;action de gr\u00e2ces qui vous est offerte en suivant le lien dans la description.\u00a0 L&#039;action de gr\u00e2ces est fondamentale lorsqu&#039;une pri\u00e8re a \u00e9t\u00e9 exauc\u00e9e.\u00a0 Rendre gr\u00e2ces, remercie, fait hausser le taux vibratoire, met le c\u0153ur dans la lumi\u00e8re pure et vous connecte directement \u00e0 l&#039;essence divine.\" \/>\n<meta property=\"og:url\" content=\"https:\/\/www.spirit-us.eu\/index.php\/produit\/cierge-daction-de-graces\/\" \/>\n<meta property=\"og:site_name\" content=\"Spirit-US\" \/>\n<meta property=\"article:publisher\" content=\"https:\/\/www.facebook.com\/spirit.us.deum\" \/>\n<meta property=\"article:modified_time\" content=\"2025-12-20T09:38:07+00:00\" \/>\n<meta property=\"og:image\" content=\"https:\/\/www.spirit-us.eu\/wp-content\/uploads\/2025\/04\/action-de-graces-image-produit-scaled.png\" \/>\n\t<meta property=\"og:image:width\" content=\"2560\" \/>\n\t<meta property=\"og:image:height\" content=\"2560\" \/>\n\t<meta property=\"og:image:type\" content=\"image\/png\" \/>\n<meta name=\"twitter:card\" content=\"summary_large_image\" \/>\n<script type=\"application\/ld+json\" class=\"yoast-schema-graph\">{\"@context\":\"https:\/\/schema.org\",\"@graph\":[{\"@type\":\"WebPage\",\"@id\":\"https:\/\/www.spirit-us.eu\/index.php\/produit\/cierge-daction-de-graces\/\",\"url\":\"https:\/\/www.spirit-us.eu\/index.php\/produit\/cierge-daction-de-graces\/\",\"name\":\"CIERGE D'ACTION DE GRACES - Spirit-US\",\"isPartOf\":{\"@id\":\"https:\/\/www.spirit-us.eu\/#website\"},\"primaryImageOfPage\":{\"@id\":\"https:\/\/www.spirit-us.eu\/index.php\/produit\/cierge-daction-de-graces\/#primaryimage\"},\"image\":{\"@id\":\"https:\/\/www.spirit-us.eu\/index.php\/produit\/cierge-daction-de-graces\/#primaryimage\"},\"thumbnailUrl\":\"https:\/\/www.spirit-us.eu\/wp-content\/uploads\/2025\/04\/action-de-graces-image-produit-scaled.png\",\"datePublished\":\"2025-04-22T05:46:01+00:00\",\"dateModified\":\"2025-12-20T09:38:07+00:00\",\"breadcrumb\":{\"@id\":\"https:\/\/www.spirit-us.eu\/index.php\/produit\/cierge-daction-de-graces\/#breadcrumb\"},\"inLanguage\":\"fr-FR\",\"potentialAction\":[{\"@type\":\"ReadAction\",\"target\":[\"https:\/\/www.spirit-us.eu\/index.php\/produit\/cierge-daction-de-graces\/\"]}]},{\"@type\":\"ImageObject\",\"inLanguage\":\"fr-FR\",\"@id\":\"https:\/\/www.spirit-us.eu\/index.php\/produit\/cierge-daction-de-graces\/#primaryimage\",\"url\":\"https:\/\/www.spirit-us.eu\/wp-content\/uploads\/2025\/04\/action-de-graces-image-produit-scaled.png\",\"contentUrl\":\"https:\/\/www.spirit-us.eu\/wp-content\/uploads\/2025\/04\/action-de-graces-image-produit-scaled.png\",\"width\":2560,\"height\":2560},{\"@type\":\"BreadcrumbList\",\"@id\":\"https:\/\/www.spirit-us.eu\/index.php\/produit\/cierge-daction-de-graces\/#breadcrumb\",\"itemListElement\":[{\"@type\":\"ListItem\",\"position\":1,\"name\":\"Accueil\",\"item\":\"https:\/\/www.spirit-us.eu\/\"},{\"@type\":\"ListItem\",\"position\":2,\"name\":\"Boutique\",\"item\":\"https:\/\/www.spirit-us.eu\/index.php\/boutique\/\"},{\"@type\":\"ListItem\",\"position\":3,\"name\":\"CIERGE D&rsquo;ACTION DE GRACES\"}]},{\"@type\":\"WebSite\",\"@id\":\"https:\/\/www.spirit-us.eu\/#website\",\"url\":\"https:\/\/www.spirit-us.eu\/\",\"name\":\"Spirit-US\",\"description\":\"\",\"publisher\":{\"@id\":\"https:\/\/www.spirit-us.eu\/#organization\"},\"potentialAction\":[{\"@type\":\"SearchAction\",\"target\":{\"@type\":\"EntryPoint\",\"urlTemplate\":\"https:\/\/www.spirit-us.eu\/?s={search_term_string}\"},\"query-input\":{\"@type\":\"PropertyValueSpecification\",\"valueRequired\":true,\"valueName\":\"search_term_string\"}}],\"inLanguage\":\"fr-FR\"},{\"@type\":\"Organization\",\"@id\":\"https:\/\/www.spirit-us.eu\/#organization\",\"name\":\"Spirit-US\",\"url\":\"https:\/\/www.spirit-us.eu\/\",\"logo\":{\"@type\":\"ImageObject\",\"inLanguage\":\"fr-FR\",\"@id\":\"https:\/\/www.spirit-us.eu\/#\/schema\/logo\/image\/\",\"url\":\"https:\/\/www.spirit-us.eu\/wp-content\/uploads\/2025\/11\/logo-regarde-linterlocutrice-sans-arrriere-plan.jpg\",\"contentUrl\":\"https:\/\/www.spirit-us.eu\/wp-content\/uploads\/2025\/11\/logo-regarde-linterlocutrice-sans-arrriere-plan.jpg\",\"width\":1080,\"height\":1080,\"caption\":\"Spirit-US\"},\"image\":{\"@id\":\"https:\/\/www.spirit-us.eu\/#\/schema\/logo\/image\/\"},\"sameAs\":[\"https:\/\/www.facebook.com\/spirit.us.deum\"]}]}<\/script>\n<!-- \/ Yoast SEO plugin. -->","yoast_head_json":{"title":"CIERGE D'ACTION DE GRACES - Spirit-US","robots":{"index":"index","follow":"follow","max-snippet":"max-snippet:-1","max-image-preview":"max-image-preview:large","max-video-preview":"max-video-preview:-1"},"canonical":"https:\/\/www.spirit-us.eu\/index.php\/produit\/cierge-daction-de-graces\/","og_locale":"fr_FR","og_type":"article","og_title":"CIERGE D'ACTION DE GRACES - Spirit-US","og_description":"Cierge d'action de gr\u00e2ces qui br\u00fble durant 3 jours, au cours desquels il convient de dire (une fois par jour) la pri\u00e8re d'action de gr\u00e2ces qui vous est offerte en suivant le lien dans la description.\u00a0 L'action de gr\u00e2ces est fondamentale lorsqu'une pri\u00e8re a \u00e9t\u00e9 exauc\u00e9e.\u00a0 Rendre gr\u00e2ces, remercie, fait hausser le taux vibratoire, met le c\u0153ur dans la lumi\u00e8re pure et vous connecte directement \u00e0 l'essence divine.","og_url":"https:\/\/www.spirit-us.eu\/index.php\/produit\/cierge-daction-de-graces\/","og_site_name":"Spirit-US","article_publisher":"https:\/\/www.facebook.com\/spirit.us.deum","article_modified_time":"2025-12-20T09:38:07+00:00","og_image":[{"width":2560,"height":2560,"url":"https:\/\/www.spirit-us.eu\/wp-content\/uploads\/2025\/04\/action-de-graces-image-produit-scaled.png","type":"image\/png"}],"twitter_card":"summary_large_image","schema":{"@context":"https:\/\/schema.org","@graph":[{"@type":"WebPage","@id":"https:\/\/www.spirit-us.eu\/index.php\/produit\/cierge-daction-de-graces\/","url":"https:\/\/www.spirit-us.eu\/index.php\/produit\/cierge-daction-de-graces\/","name":"CIERGE D'ACTION DE GRACES - Spirit-US","isPartOf":{"@id":"https:\/\/www.spirit-us.eu\/#website"},"primaryImageOfPage":{"@id":"https:\/\/www.spirit-us.eu\/index.php\/produit\/cierge-daction-de-graces\/#primaryimage"},"image":{"@id":"https:\/\/www.spirit-us.eu\/index.php\/produit\/cierge-daction-de-graces\/#primaryimage"},"thumbnailUrl":"https:\/\/www.spirit-us.eu\/wp-content\/uploads\/2025\/04\/action-de-graces-image-produit-scaled.png","datePublished":"2025-04-22T05:46:01+00:00","dateModified":"2025-12-20T09:38:07+00:00","breadcrumb":{"@id":"https:\/\/www.spirit-us.eu\/index.php\/produit\/cierge-daction-de-graces\/#breadcrumb"},"inLanguage":"fr-FR","potentialAction":[{"@type":"ReadAction","target":["https:\/\/www.spirit-us.eu\/index.php\/produit\/cierge-daction-de-graces\/"]}]},{"@type":"ImageObject","inLanguage":"fr-FR","@id":"https:\/\/www.spirit-us.eu\/index.php\/produit\/cierge-daction-de-graces\/#primaryimage","url":"https:\/\/www.spirit-us.eu\/wp-content\/uploads\/2025\/04\/action-de-graces-image-produit-scaled.png","contentUrl":"https:\/\/www.spirit-us.eu\/wp-content\/uploads\/2025\/04\/action-de-graces-image-produit-scaled.png","width":2560,"height":2560},{"@type":"BreadcrumbList","@id":"https:\/\/www.spirit-us.eu\/index.php\/produit\/cierge-daction-de-graces\/#breadcrumb","itemListElement":[{"@type":"ListItem","position":1,"name":"Accueil","item":"https:\/\/www.spirit-us.eu\/"},{"@type":"ListItem","position":2,"name":"Boutique","item":"https:\/\/www.spirit-us.eu\/index.php\/boutique\/"},{"@type":"ListItem","position":3,"name":"CIERGE D&rsquo;ACTION DE GRACES"}]},{"@type":"WebSite","@id":"https:\/\/www.spirit-us.eu\/#website","url":"https:\/\/www.spirit-us.eu\/","name":"Spirit-US","description":"","publisher":{"@id":"https:\/\/www.spirit-us.eu\/#organization"},"potentialAction":[{"@type":"SearchAction","target":{"@type":"EntryPoint","urlTemplate":"https:\/\/www.spirit-us.eu\/?s={search_term_string}"},"query-input":{"@type":"PropertyValueSpecification","valueRequired":true,"valueName":"search_term_string"}}],"inLanguage":"fr-FR"},{"@type":"Organization","@id":"https:\/\/www.spirit-us.eu\/#organization","name":"Spirit-US","url":"https:\/\/www.spirit-us.eu\/","logo":{"@type":"ImageObject","inLanguage":"fr-FR","@id":"https:\/\/www.spirit-us.eu\/#\/schema\/logo\/image\/","url":"https:\/\/www.spirit-us.eu\/wp-content\/uploads\/2025\/11\/logo-regarde-linterlocutrice-sans-arrriere-plan.jpg","contentUrl":"https:\/\/www.spirit-us.eu\/wp-content\/uploads\/2025\/11\/logo-regarde-linterlocutrice-sans-arrriere-plan.jpg","width":1080,"height":1080,"caption":"Spirit-US"},"image":{"@id":"https:\/\/www.spirit-us.eu\/#\/schema\/logo\/image\/"},"sameAs":["https:\/\/www.facebook.com\/spirit.us.deum"]}]}},"jetpack_sharing_enabled":true,"_links":{"self":[{"href":"https:\/\/www.spirit-us.eu\/index.php\/wp-json\/wp\/v2\/product\/999","targetHints":{"allow":["GET"]}}],"collection":[{"href":"https:\/\/www.spirit-us.eu\/index.php\/wp-json\/wp\/v2\/product"}],"about":[{"href":"https:\/\/www.spirit-us.eu\/index.php\/wp-json\/wp\/v2\/types\/product"}],"replies":[{"embeddable":true,"href":"https:\/\/www.spirit-us.eu\/index.php\/wp-json\/wp\/v2\/comments?post=999"}],"wp:featuredmedia":[{"embeddable":true,"href":"https:\/\/www.spirit-us.eu\/index.php\/wp-json\/wp\/v2\/media\/1001"}],"wp:attachment":[{"href":"https:\/\/www.spirit-us.eu\/index.php\/wp-json\/wp\/v2\/media?parent=999"}],"wp:term":[{"taxonomy":"product_brand","embeddable":true,"href":"https:\/\/www.spirit-us.eu\/index.php\/wp-json\/wp\/v2\/product_brand?post=999"},{"taxonomy":"product_cat","embeddable":true,"href":"https:\/\/www.spirit-us.eu\/index.php\/wp-json\/wp\/v2\/product_cat?post=999"},{"taxonomy":"product_tag","embeddable":true,"href":"https:\/\/www.spirit-us.eu\/index.php\/wp-json\/wp\/v2\/product_tag?post=999"},{"taxonomy":"mwb_booking_cost","embeddable":true,"href":"https:\/\/www.spirit-us.eu\/index.php\/wp-json\/wp\/v2\/mwb_booking_cost?post=999"},{"taxonomy":"mwb_booking_service","embeddable":true,"href":"https:\/\/www.spirit-us.eu\/index.php\/wp-json\/wp\/v2\/mwb_booking_service?post=999"}],"curies":[{"name":"wp","href":"https:\/\/api.w.org\/{rel}","templated":true}]}}