{"id":982,"date":"2025-04-21T16:53:45","date_gmt":"2025-04-21T14:53:45","guid":{"rendered":"https:\/\/www.spirit-us.eu\/?post_type=product&#038;p=982"},"modified":"2025-05-05T17:14:08","modified_gmt":"2025-05-05T15:14:08","slug":"enlevez-les-lances-les-couteaux-les-aiguilles-de-la-sorcellerie","status":"publish","type":"product","link":"https:\/\/www.spirit-us.eu\/index.php\/produit\/enlevez-les-lances-les-couteaux-les-aiguilles-de-la-sorcellerie\/","title":{"rendered":"ENLEVEZ LES LANCES, LES COUTEAUX, LES AIGUILLES, DE LA SORCELLERIE"},"content":{"rendered":"<p>L\u2019objectif de ce soin est de stopper le processus de sorcellerie qui consiste \u00e0 faire souffrir quelqu\u2019un par enfoncement d\u2019objets tranchants, lac\u00e9rants, piquants pour affaiblir le corps et l\u2019\u00e2me, afin de prendre le pouvoir sur sa vie.<\/p>\n<p>Si une \u00e9pine se plante dans notre pied, le r\u00e9flexe est de l\u2019enlever.\u00a0 Il en va de m\u00eame avec les pointes spirituelles ayant un impact direct et violent sur le corps.\u00a0 La diff\u00e9rence est qu\u2019on n\u2019enl\u00e8ve pas ces objets de torture avec les mains mais avec l\u2019esprit.<\/p>\n<p>Voici un extrait du texte du soin\u00a0:<\/p>\n<p><em>S\u2019il vous est arriv\u00e9 r\u00e9cemment de subir des chocs violents dans votre corps physique, alors qu\u2019aucune cause objective ne les a produits, comme le ferait une chute, ou un accident domestique, ce soin est pour vous.\u00a0 Vous ressentez des piq\u00fbres dans le bout des doigts de la main ou des pieds, votre t\u00eate est comme prise dans un \u00e9tau avec ou sans autre douleur, vos paumes ou votre vo\u00fbte plantaire subit comme une perforation, vos jambes se bloquent dans des douleurs immenses, vous ressentez comme un poignard qu\u2019on planterait dans votre hanche, votre dos, ou dans votre ventre, votre c\u0153ur. La douleur est d\u2019une violence extr\u00eame, soudaine, puis elle s\u2019installe au point de vous emp\u00eacher de bouger. Aucun m\u00e9dicament ne vous aide durablement et vous vous affaiblissez aussi bien physiquement que psychologiquement.<\/em><\/p>\n<p><em>Dans ce soin, nous allons demander de rel\u00e2cher la pression et ensuite de vous connecter \u00e0 ce qui se passe dans les plans invisibles. On essaye de faire \u00e9clater vos champs \u00e9nerg\u00e9tiques, nous allons monter au combat spirituel et vous forger un bouclier de protection, tout en chassant tout ce qui doit l\u2019\u00eatre pour que vous puissiez retrouver votre int\u00e9grit\u00e9 et votre bien-\u00eatre.<\/em><\/p>\n<p><strong>FICHE TECHNIQUE <\/strong><\/p>\n<p><strong>Format<\/strong>\u00a0: mp3 t\u00e9l\u00e9chargeable voix et musique\u00a0; avec livret explicatif au format PDF<\/p>\n<p><strong>Dur\u00e9e\u00a0<\/strong>: 34 minutes<\/p>\n<p><strong>Auteure<\/strong>\u00a0: Lola Lacroix<\/p>\n<p><strong>Musique\u00a0<\/strong>: VIVALDI <em>Nisi Dominus<\/em><\/p>\n<p><strong>Edition\u00a0<\/strong>: Acad\u00e9mie des Paroles de Lumi\u00e8re<\/p>\n<p><strong>Droits\u00a0<\/strong>: reproduction et distribution interdites.<\/p>\n","protected":false},"excerpt":{"rendered":"<p>Enregistrement audio mp3 d&rsquo;une dur\u00e9e de 34 minutes, avec musique sacr\u00e9e. Lorsque le ph\u00e9nom\u00e8ne, la souffrance physique sans explication m\u00e9dicale av\u00e9r\u00e9e, se produit, nous sommes directement reli\u00e9.e.s \u00e0 la souffrance du Christ tortur\u00e9. Si vous souffrez de piq\u00fbres, de coups de poignards, d\u2019\u00e9p\u00e9es, de lances, de dagues, si on vous plante des clous, chacune de ces tortures a \u00e9t\u00e9 rachet\u00e9e \u00e0 la Croix du Calvaire, par J\u00e9sus-Christ. On lui a enfonc\u00e9 la couronne d\u2019\u00e9pines et de d\u00e9rision sur la t\u00eate (piq\u00fbres), on l\u2019a flagell\u00e9 (coups r\u00e9p\u00e9titifs blessants, longue torture), on l\u2019a clou\u00e9 sur la croix (clous, an\u00e9antissement du corps physique), on lui a lanc\u00e9 le javelot dans le c\u00f4t\u00e9 droit \u00e0 l\u2019instant de sa mort (coup de gr\u00e2ce).<\/p>\n<p>Les tortionnaires modernes sont toujours les m\u00eames que ceux d\u2019il y a deux mille ans, leur pratique demeure inchang\u00e9e.<\/p>\n<p>Votre corps est un sanctuaire.\u00a0 Le Temple de l\u2019Esprit divin en vous.\u00a0 Nul n\u2019a le droit de le profaner. Dans ce qui suit, nous allons examiner le processus, son mobile et la fa\u00e7on de s\u2019en lib\u00e9rer.<\/p>\n","protected":false},"featured_media":983,"comment_status":"open","ping_status":"closed","template":"","meta":[],"product_brand":[],"product_cat":[155,17],"product_tag":[167,169],"mwb_booking_cost":[],"mwb_booking_service":[],"class_list":{"0":"post-982","1":"product","2":"type-product","3":"status-publish","4":"has-post-thumbnail","6":"product_cat-02-soins-accueil","7":"product_cat-tous-les-produits","8":"product_tag-bleu","9":"product_tag-protection","11":"first","12":"instock","13":"downloadable","14":"virtual","15":"purchasable","16":"product-type-simple"},"yoast_head":"<!-- This site is optimized with the Yoast SEO plugin v27.1.1 - https:\/\/yoast.com\/product\/yoast-seo-wordpress\/ -->\n<title>ENLEVEZ LES LANCES, LES COUTEAUX, LES AIGUILLES, DE LA SORCELLERIE - Spirit-US<\/title>\n<meta name=\"robots\" content=\"index, follow, max-snippet:-1, max-image-preview:large, max-video-preview:-1\" \/>\n<link rel=\"canonical\" href=\"https:\/\/www.spirit-us.eu\/index.php\/produit\/enlevez-les-lances-les-couteaux-les-aiguilles-de-la-sorcellerie\/\" \/>\n<meta property=\"og:locale\" content=\"fr_FR\" \/>\n<meta property=\"og:type\" content=\"article\" \/>\n<meta property=\"og:title\" content=\"ENLEVEZ LES LANCES, LES COUTEAUX, LES AIGUILLES, DE LA SORCELLERIE - Spirit-US\" \/>\n<meta property=\"og:description\" content=\"Enregistrement audio mp3 d&#039;une dur\u00e9e de 34 minutes, avec musique sacr\u00e9e. Lorsque le ph\u00e9nom\u00e8ne, la souffrance physique sans explication m\u00e9dicale av\u00e9r\u00e9e, se produit, nous sommes directement reli\u00e9.e.s \u00e0 la souffrance du Christ tortur\u00e9. Si vous souffrez de piq\u00fbres, de coups de poignards, d\u2019\u00e9p\u00e9es, de lances, de dagues, si on vous plante des clous, chacune de ces tortures a \u00e9t\u00e9 rachet\u00e9e \u00e0 la Croix du Calvaire, par J\u00e9sus-Christ. On lui a enfonc\u00e9 la couronne d\u2019\u00e9pines et de d\u00e9rision sur la t\u00eate (piq\u00fbres), on l\u2019a flagell\u00e9 (coups r\u00e9p\u00e9titifs blessants, longue torture), on l\u2019a clou\u00e9 sur la croix (clous, an\u00e9antissement du corps physique), on lui a lanc\u00e9 le javelot dans le c\u00f4t\u00e9 droit \u00e0 l\u2019instant de sa mort (coup de gr\u00e2ce).  Les tortionnaires modernes sont toujours les m\u00eames que ceux d\u2019il y a deux mille ans, leur pratique demeure inchang\u00e9e.  Votre corps est un sanctuaire.\u00a0 Le Temple de l\u2019Esprit divin en vous.\u00a0 Nul n\u2019a le droit de le profaner. Dans ce qui suit, nous allons examiner le processus, son mobile et la fa\u00e7on de s\u2019en lib\u00e9rer.\" \/>\n<meta property=\"og:url\" content=\"https:\/\/www.spirit-us.eu\/index.php\/produit\/enlevez-les-lances-les-couteaux-les-aiguilles-de-la-sorcellerie\/\" \/>\n<meta property=\"og:site_name\" content=\"Spirit-US\" \/>\n<meta property=\"article:publisher\" content=\"https:\/\/www.facebook.com\/spirit.us.deum\" \/>\n<meta property=\"article:modified_time\" content=\"2025-05-05T15:14:08+00:00\" \/>\n<meta property=\"og:image\" content=\"https:\/\/www.spirit-us.eu\/wp-content\/uploads\/2025\/04\/epees-lances-image-produit.jpg\" \/>\n\t<meta property=\"og:image:width\" content=\"1080\" \/>\n\t<meta property=\"og:image:height\" content=\"1080\" \/>\n\t<meta property=\"og:image:type\" content=\"image\/jpeg\" \/>\n<meta name=\"twitter:card\" content=\"summary_large_image\" \/>\n<meta name=\"twitter:label1\" content=\"Dur\u00e9e de lecture estim\u00e9e\" \/>\n\t<meta name=\"twitter:data1\" content=\"2 minutes\" \/>\n<script type=\"application\/ld+json\" class=\"yoast-schema-graph\">{\"@context\":\"https:\/\/schema.org\",\"@graph\":[{\"@type\":\"WebPage\",\"@id\":\"https:\/\/www.spirit-us.eu\/index.php\/produit\/enlevez-les-lances-les-couteaux-les-aiguilles-de-la-sorcellerie\/\",\"url\":\"https:\/\/www.spirit-us.eu\/index.php\/produit\/enlevez-les-lances-les-couteaux-les-aiguilles-de-la-sorcellerie\/\",\"name\":\"ENLEVEZ LES LANCES, LES COUTEAUX, LES AIGUILLES, DE LA SORCELLERIE - Spirit-US\",\"isPartOf\":{\"@id\":\"https:\/\/www.spirit-us.eu\/#website\"},\"primaryImageOfPage\":{\"@id\":\"https:\/\/www.spirit-us.eu\/index.php\/produit\/enlevez-les-lances-les-couteaux-les-aiguilles-de-la-sorcellerie\/#primaryimage\"},\"image\":{\"@id\":\"https:\/\/www.spirit-us.eu\/index.php\/produit\/enlevez-les-lances-les-couteaux-les-aiguilles-de-la-sorcellerie\/#primaryimage\"},\"thumbnailUrl\":\"https:\/\/www.spirit-us.eu\/wp-content\/uploads\/2025\/04\/epees-lances-image-produit.jpg\",\"datePublished\":\"2025-04-21T14:53:45+00:00\",\"dateModified\":\"2025-05-05T15:14:08+00:00\",\"breadcrumb\":{\"@id\":\"https:\/\/www.spirit-us.eu\/index.php\/produit\/enlevez-les-lances-les-couteaux-les-aiguilles-de-la-sorcellerie\/#breadcrumb\"},\"inLanguage\":\"fr-FR\",\"potentialAction\":[{\"@type\":\"ReadAction\",\"target\":[\"https:\/\/www.spirit-us.eu\/index.php\/produit\/enlevez-les-lances-les-couteaux-les-aiguilles-de-la-sorcellerie\/\"]}]},{\"@type\":\"ImageObject\",\"inLanguage\":\"fr-FR\",\"@id\":\"https:\/\/www.spirit-us.eu\/index.php\/produit\/enlevez-les-lances-les-couteaux-les-aiguilles-de-la-sorcellerie\/#primaryimage\",\"url\":\"https:\/\/www.spirit-us.eu\/wp-content\/uploads\/2025\/04\/epees-lances-image-produit.jpg\",\"contentUrl\":\"https:\/\/www.spirit-us.eu\/wp-content\/uploads\/2025\/04\/epees-lances-image-produit.jpg\",\"width\":1080,\"height\":1080},{\"@type\":\"BreadcrumbList\",\"@id\":\"https:\/\/www.spirit-us.eu\/index.php\/produit\/enlevez-les-lances-les-couteaux-les-aiguilles-de-la-sorcellerie\/#breadcrumb\",\"itemListElement\":[{\"@type\":\"ListItem\",\"position\":1,\"name\":\"Accueil\",\"item\":\"https:\/\/www.spirit-us.eu\/\"},{\"@type\":\"ListItem\",\"position\":2,\"name\":\"Boutique\",\"item\":\"https:\/\/www.spirit-us.eu\/index.php\/boutique\/\"},{\"@type\":\"ListItem\",\"position\":3,\"name\":\"ENLEVEZ LES LANCES, LES COUTEAUX, LES AIGUILLES, DE LA SORCELLERIE\"}]},{\"@type\":\"WebSite\",\"@id\":\"https:\/\/www.spirit-us.eu\/#website\",\"url\":\"https:\/\/www.spirit-us.eu\/\",\"name\":\"Spirit-US\",\"description\":\"\",\"publisher\":{\"@id\":\"https:\/\/www.spirit-us.eu\/#organization\"},\"potentialAction\":[{\"@type\":\"SearchAction\",\"target\":{\"@type\":\"EntryPoint\",\"urlTemplate\":\"https:\/\/www.spirit-us.eu\/?s={search_term_string}\"},\"query-input\":{\"@type\":\"PropertyValueSpecification\",\"valueRequired\":true,\"valueName\":\"search_term_string\"}}],\"inLanguage\":\"fr-FR\"},{\"@type\":\"Organization\",\"@id\":\"https:\/\/www.spirit-us.eu\/#organization\",\"name\":\"Spirit-US\",\"url\":\"https:\/\/www.spirit-us.eu\/\",\"logo\":{\"@type\":\"ImageObject\",\"inLanguage\":\"fr-FR\",\"@id\":\"https:\/\/www.spirit-us.eu\/#\/schema\/logo\/image\/\",\"url\":\"https:\/\/www.spirit-us.eu\/wp-content\/uploads\/2025\/11\/logo-regarde-linterlocutrice-sans-arrriere-plan.jpg\",\"contentUrl\":\"https:\/\/www.spirit-us.eu\/wp-content\/uploads\/2025\/11\/logo-regarde-linterlocutrice-sans-arrriere-plan.jpg\",\"width\":1080,\"height\":1080,\"caption\":\"Spirit-US\"},\"image\":{\"@id\":\"https:\/\/www.spirit-us.eu\/#\/schema\/logo\/image\/\"},\"sameAs\":[\"https:\/\/www.facebook.com\/spirit.us.deum\"]}]}<\/script>\n<!-- \/ Yoast SEO plugin. -->","yoast_head_json":{"title":"ENLEVEZ LES LANCES, LES COUTEAUX, LES AIGUILLES, DE LA SORCELLERIE - Spirit-US","robots":{"index":"index","follow":"follow","max-snippet":"max-snippet:-1","max-image-preview":"max-image-preview:large","max-video-preview":"max-video-preview:-1"},"canonical":"https:\/\/www.spirit-us.eu\/index.php\/produit\/enlevez-les-lances-les-couteaux-les-aiguilles-de-la-sorcellerie\/","og_locale":"fr_FR","og_type":"article","og_title":"ENLEVEZ LES LANCES, LES COUTEAUX, LES AIGUILLES, DE LA SORCELLERIE - Spirit-US","og_description":"Enregistrement audio mp3 d'une dur\u00e9e de 34 minutes, avec musique sacr\u00e9e. Lorsque le ph\u00e9nom\u00e8ne, la souffrance physique sans explication m\u00e9dicale av\u00e9r\u00e9e, se produit, nous sommes directement reli\u00e9.e.s \u00e0 la souffrance du Christ tortur\u00e9. Si vous souffrez de piq\u00fbres, de coups de poignards, d\u2019\u00e9p\u00e9es, de lances, de dagues, si on vous plante des clous, chacune de ces tortures a \u00e9t\u00e9 rachet\u00e9e \u00e0 la Croix du Calvaire, par J\u00e9sus-Christ. On lui a enfonc\u00e9 la couronne d\u2019\u00e9pines et de d\u00e9rision sur la t\u00eate (piq\u00fbres), on l\u2019a flagell\u00e9 (coups r\u00e9p\u00e9titifs blessants, longue torture), on l\u2019a clou\u00e9 sur la croix (clous, an\u00e9antissement du corps physique), on lui a lanc\u00e9 le javelot dans le c\u00f4t\u00e9 droit \u00e0 l\u2019instant de sa mort (coup de gr\u00e2ce).  Les tortionnaires modernes sont toujours les m\u00eames que ceux d\u2019il y a deux mille ans, leur pratique demeure inchang\u00e9e.  Votre corps est un sanctuaire.\u00a0 Le Temple de l\u2019Esprit divin en vous.\u00a0 Nul n\u2019a le droit de le profaner. Dans ce qui suit, nous allons examiner le processus, son mobile et la fa\u00e7on de s\u2019en lib\u00e9rer.","og_url":"https:\/\/www.spirit-us.eu\/index.php\/produit\/enlevez-les-lances-les-couteaux-les-aiguilles-de-la-sorcellerie\/","og_site_name":"Spirit-US","article_publisher":"https:\/\/www.facebook.com\/spirit.us.deum","article_modified_time":"2025-05-05T15:14:08+00:00","og_image":[{"width":1080,"height":1080,"url":"https:\/\/www.spirit-us.eu\/wp-content\/uploads\/2025\/04\/epees-lances-image-produit.jpg","type":"image\/jpeg"}],"twitter_card":"summary_large_image","twitter_misc":{"Dur\u00e9e de lecture estim\u00e9e":"2 minutes"},"schema":{"@context":"https:\/\/schema.org","@graph":[{"@type":"WebPage","@id":"https:\/\/www.spirit-us.eu\/index.php\/produit\/enlevez-les-lances-les-couteaux-les-aiguilles-de-la-sorcellerie\/","url":"https:\/\/www.spirit-us.eu\/index.php\/produit\/enlevez-les-lances-les-couteaux-les-aiguilles-de-la-sorcellerie\/","name":"ENLEVEZ LES LANCES, LES COUTEAUX, LES AIGUILLES, DE LA SORCELLERIE - Spirit-US","isPartOf":{"@id":"https:\/\/www.spirit-us.eu\/#website"},"primaryImageOfPage":{"@id":"https:\/\/www.spirit-us.eu\/index.php\/produit\/enlevez-les-lances-les-couteaux-les-aiguilles-de-la-sorcellerie\/#primaryimage"},"image":{"@id":"https:\/\/www.spirit-us.eu\/index.php\/produit\/enlevez-les-lances-les-couteaux-les-aiguilles-de-la-sorcellerie\/#primaryimage"},"thumbnailUrl":"https:\/\/www.spirit-us.eu\/wp-content\/uploads\/2025\/04\/epees-lances-image-produit.jpg","datePublished":"2025-04-21T14:53:45+00:00","dateModified":"2025-05-05T15:14:08+00:00","breadcrumb":{"@id":"https:\/\/www.spirit-us.eu\/index.php\/produit\/enlevez-les-lances-les-couteaux-les-aiguilles-de-la-sorcellerie\/#breadcrumb"},"inLanguage":"fr-FR","potentialAction":[{"@type":"ReadAction","target":["https:\/\/www.spirit-us.eu\/index.php\/produit\/enlevez-les-lances-les-couteaux-les-aiguilles-de-la-sorcellerie\/"]}]},{"@type":"ImageObject","inLanguage":"fr-FR","@id":"https:\/\/www.spirit-us.eu\/index.php\/produit\/enlevez-les-lances-les-couteaux-les-aiguilles-de-la-sorcellerie\/#primaryimage","url":"https:\/\/www.spirit-us.eu\/wp-content\/uploads\/2025\/04\/epees-lances-image-produit.jpg","contentUrl":"https:\/\/www.spirit-us.eu\/wp-content\/uploads\/2025\/04\/epees-lances-image-produit.jpg","width":1080,"height":1080},{"@type":"BreadcrumbList","@id":"https:\/\/www.spirit-us.eu\/index.php\/produit\/enlevez-les-lances-les-couteaux-les-aiguilles-de-la-sorcellerie\/#breadcrumb","itemListElement":[{"@type":"ListItem","position":1,"name":"Accueil","item":"https:\/\/www.spirit-us.eu\/"},{"@type":"ListItem","position":2,"name":"Boutique","item":"https:\/\/www.spirit-us.eu\/index.php\/boutique\/"},{"@type":"ListItem","position":3,"name":"ENLEVEZ LES LANCES, LES COUTEAUX, LES AIGUILLES, DE LA SORCELLERIE"}]},{"@type":"WebSite","@id":"https:\/\/www.spirit-us.eu\/#website","url":"https:\/\/www.spirit-us.eu\/","name":"Spirit-US","description":"","publisher":{"@id":"https:\/\/www.spirit-us.eu\/#organization"},"potentialAction":[{"@type":"SearchAction","target":{"@type":"EntryPoint","urlTemplate":"https:\/\/www.spirit-us.eu\/?s={search_term_string}"},"query-input":{"@type":"PropertyValueSpecification","valueRequired":true,"valueName":"search_term_string"}}],"inLanguage":"fr-FR"},{"@type":"Organization","@id":"https:\/\/www.spirit-us.eu\/#organization","name":"Spirit-US","url":"https:\/\/www.spirit-us.eu\/","logo":{"@type":"ImageObject","inLanguage":"fr-FR","@id":"https:\/\/www.spirit-us.eu\/#\/schema\/logo\/image\/","url":"https:\/\/www.spirit-us.eu\/wp-content\/uploads\/2025\/11\/logo-regarde-linterlocutrice-sans-arrriere-plan.jpg","contentUrl":"https:\/\/www.spirit-us.eu\/wp-content\/uploads\/2025\/11\/logo-regarde-linterlocutrice-sans-arrriere-plan.jpg","width":1080,"height":1080,"caption":"Spirit-US"},"image":{"@id":"https:\/\/www.spirit-us.eu\/#\/schema\/logo\/image\/"},"sameAs":["https:\/\/www.facebook.com\/spirit.us.deum"]}]}},"jetpack_sharing_enabled":true,"_links":{"self":[{"href":"https:\/\/www.spirit-us.eu\/index.php\/wp-json\/wp\/v2\/product\/982","targetHints":{"allow":["GET"]}}],"collection":[{"href":"https:\/\/www.spirit-us.eu\/index.php\/wp-json\/wp\/v2\/product"}],"about":[{"href":"https:\/\/www.spirit-us.eu\/index.php\/wp-json\/wp\/v2\/types\/product"}],"replies":[{"embeddable":true,"href":"https:\/\/www.spirit-us.eu\/index.php\/wp-json\/wp\/v2\/comments?post=982"}],"wp:featuredmedia":[{"embeddable":true,"href":"https:\/\/www.spirit-us.eu\/index.php\/wp-json\/wp\/v2\/media\/983"}],"wp:attachment":[{"href":"https:\/\/www.spirit-us.eu\/index.php\/wp-json\/wp\/v2\/media?parent=982"}],"wp:term":[{"taxonomy":"product_brand","embeddable":true,"href":"https:\/\/www.spirit-us.eu\/index.php\/wp-json\/wp\/v2\/product_brand?post=982"},{"taxonomy":"product_cat","embeddable":true,"href":"https:\/\/www.spirit-us.eu\/index.php\/wp-json\/wp\/v2\/product_cat?post=982"},{"taxonomy":"product_tag","embeddable":true,"href":"https:\/\/www.spirit-us.eu\/index.php\/wp-json\/wp\/v2\/product_tag?post=982"},{"taxonomy":"mwb_booking_cost","embeddable":true,"href":"https:\/\/www.spirit-us.eu\/index.php\/wp-json\/wp\/v2\/mwb_booking_cost?post=982"},{"taxonomy":"mwb_booking_service","embeddable":true,"href":"https:\/\/www.spirit-us.eu\/index.php\/wp-json\/wp\/v2\/mwb_booking_service?post=982"}],"curies":[{"name":"wp","href":"https:\/\/api.w.org\/{rel}","templated":true}]}}