{"id":974,"date":"2025-04-21T15:28:18","date_gmt":"2025-04-21T13:28:18","guid":{"rendered":"https:\/\/www.spirit-us.eu\/?post_type=product&#038;p=974"},"modified":"2025-12-21T13:08:15","modified_gmt":"2025-12-21T12:08:15","slug":"pendule-divinatoire-en-quartz-rose","status":"publish","type":"product","link":"https:\/\/www.spirit-us.eu\/index.php\/produit\/pendule-divinatoire-en-quartz-rose\/","title":{"rendered":"Pendule divinatoire en quartz rose"},"content":{"rendered":"<p><strong>Description <\/strong><\/p>\n<p><strong>Dimensions du produit (L x l x h) \u200f : \u200e\u00a0<\/strong>4 x 2 x 2 cm;<\/p>\n<p><strong>Dimension de la cha\u00eenette<\/strong>\u00a0: 17 cm<\/p>\n<p><strong>Poids\u00a0<\/strong>: 20 grammes<\/p>\n<p><strong>Pays d&rsquo;origine \u200f : \u200e\u00a0<\/strong>Inde<\/p>\n<p><strong>Couleur<\/strong>\u00a0: rose tendre poudr\u00e9<\/p>\n<p><strong>Mat\u00e9riau<\/strong>\u00a0: quartz, pierre semi-pr\u00e9cieuse et laiton argent\u00e9<\/p>\n","protected":false},"excerpt":{"rendered":"<p>Tr\u00e8s joli pendule divinatoire en quartz rose, \u00a0une pierre semi-pr\u00e9cieuse, en forme de goutte, harmonieux et tr\u00e8s pr\u00e9cis gr\u00e2ce \u00e0 sa pointe en m\u00e9tal. Il convient aux d\u00e9butant.es comme aux professionnel.les comme les th\u00e9rapeutes, les radiesth\u00e9sistes d\u00e9butant.es, et les sourciers\/sourci\u00e8res. Il couvre les champs de la voyance, du magn\u00e9tisme, de la g\u00e9obiologie.<\/p>\n<p>La pierre de Quartz rose est avant tout une pierre d\u2019amour, de tendresse et de r\u00e9confort. Elle est id\u00e9ale pour la voyance dans tous les domaines li\u00e9s aux relations humaines. Ce pendule en forme de goutte, est avant tout un prolongement de votre \u00e9nergie. C\u2019est un instrument de grande sensibilit\u00e9 qui est le deuxi\u00e8me outil apr\u00e8s la main. Les pendules en forme arrondie, en goutte, leur permet d\u2019\u00eatre \u00e0 la fois un excellent \u00e9metteur mais aussi un parfait r\u00e9cepteur. Sa sph\u00e8re facilite le passage des flux \u00e9nerg\u00e9tiques.<\/p>\n","protected":false},"featured_media":975,"comment_status":"open","ping_status":"closed","template":"","meta":[],"product_brand":[],"product_cat":[499,160,17],"product_tag":[],"mwb_booking_cost":[],"mwb_booking_service":[],"class_list":{"0":"post-974","1":"product","2":"type-product","3":"status-publish","4":"has-post-thumbnail","6":"product_cat-03-energetique","7":"product_cat-08-pendules-accueil","8":"product_cat-tous-les-produits","10":"first","11":"instock","12":"shipping-taxable","13":"purchasable","14":"product-type-simple"},"yoast_head":"<!-- This site is optimized with the Yoast SEO plugin v27.1.1 - https:\/\/yoast.com\/product\/yoast-seo-wordpress\/ -->\n<title>Pendule divinatoire en quartz rose - Spirit-US<\/title>\n<meta name=\"robots\" content=\"index, follow, max-snippet:-1, max-image-preview:large, max-video-preview:-1\" \/>\n<link rel=\"canonical\" href=\"https:\/\/www.spirit-us.eu\/index.php\/produit\/pendule-divinatoire-en-quartz-rose\/\" \/>\n<meta property=\"og:locale\" content=\"fr_FR\" \/>\n<meta property=\"og:type\" content=\"article\" \/>\n<meta property=\"og:title\" content=\"Pendule divinatoire en quartz rose - Spirit-US\" \/>\n<meta property=\"og:description\" content=\"Tr\u00e8s joli pendule divinatoire en quartz rose, \u00a0une pierre semi-pr\u00e9cieuse, en forme de goutte, harmonieux et tr\u00e8s pr\u00e9cis gr\u00e2ce \u00e0 sa pointe en m\u00e9tal. Il convient aux d\u00e9butant.es comme aux professionnel.les comme les th\u00e9rapeutes, les radiesth\u00e9sistes d\u00e9butant.es, et les sourciers\/sourci\u00e8res. Il couvre les champs de la voyance, du magn\u00e9tisme, de la g\u00e9obiologie.  La pierre de Quartz rose est avant tout une pierre d\u2019amour, de tendresse et de r\u00e9confort. Elle est id\u00e9ale pour la voyance dans tous les domaines li\u00e9s aux relations humaines. Ce pendule en forme de goutte, est avant tout un prolongement de votre \u00e9nergie. C\u2019est un instrument de grande sensibilit\u00e9 qui est le deuxi\u00e8me outil apr\u00e8s la main. Les pendules en forme arrondie, en goutte, leur permet d\u2019\u00eatre \u00e0 la fois un excellent \u00e9metteur mais aussi un parfait r\u00e9cepteur. Sa sph\u00e8re facilite le passage des flux \u00e9nerg\u00e9tiques.\" \/>\n<meta property=\"og:url\" content=\"https:\/\/www.spirit-us.eu\/index.php\/produit\/pendule-divinatoire-en-quartz-rose\/\" \/>\n<meta property=\"og:site_name\" content=\"Spirit-US\" \/>\n<meta property=\"article:publisher\" content=\"https:\/\/www.facebook.com\/spirit.us.deum\" \/>\n<meta property=\"article:modified_time\" content=\"2025-12-21T12:08:15+00:00\" \/>\n<meta property=\"og:image\" content=\"https:\/\/www.spirit-us.eu\/wp-content\/uploads\/2025\/04\/quartz-rose-image-produit.png\" \/>\n\t<meta property=\"og:image:width\" content=\"1080\" \/>\n\t<meta property=\"og:image:height\" content=\"1080\" \/>\n\t<meta property=\"og:image:type\" content=\"image\/png\" \/>\n<meta name=\"twitter:card\" content=\"summary_large_image\" \/>\n<script type=\"application\/ld+json\" class=\"yoast-schema-graph\">{\"@context\":\"https:\/\/schema.org\",\"@graph\":[{\"@type\":\"WebPage\",\"@id\":\"https:\/\/www.spirit-us.eu\/index.php\/produit\/pendule-divinatoire-en-quartz-rose\/\",\"url\":\"https:\/\/www.spirit-us.eu\/index.php\/produit\/pendule-divinatoire-en-quartz-rose\/\",\"name\":\"Pendule divinatoire en quartz rose - Spirit-US\",\"isPartOf\":{\"@id\":\"https:\/\/www.spirit-us.eu\/#website\"},\"primaryImageOfPage\":{\"@id\":\"https:\/\/www.spirit-us.eu\/index.php\/produit\/pendule-divinatoire-en-quartz-rose\/#primaryimage\"},\"image\":{\"@id\":\"https:\/\/www.spirit-us.eu\/index.php\/produit\/pendule-divinatoire-en-quartz-rose\/#primaryimage\"},\"thumbnailUrl\":\"https:\/\/www.spirit-us.eu\/wp-content\/uploads\/2025\/04\/quartz-rose-image-produit.png\",\"datePublished\":\"2025-04-21T13:28:18+00:00\",\"dateModified\":\"2025-12-21T12:08:15+00:00\",\"breadcrumb\":{\"@id\":\"https:\/\/www.spirit-us.eu\/index.php\/produit\/pendule-divinatoire-en-quartz-rose\/#breadcrumb\"},\"inLanguage\":\"fr-FR\",\"potentialAction\":[{\"@type\":\"ReadAction\",\"target\":[\"https:\/\/www.spirit-us.eu\/index.php\/produit\/pendule-divinatoire-en-quartz-rose\/\"]}]},{\"@type\":\"ImageObject\",\"inLanguage\":\"fr-FR\",\"@id\":\"https:\/\/www.spirit-us.eu\/index.php\/produit\/pendule-divinatoire-en-quartz-rose\/#primaryimage\",\"url\":\"https:\/\/www.spirit-us.eu\/wp-content\/uploads\/2025\/04\/quartz-rose-image-produit.png\",\"contentUrl\":\"https:\/\/www.spirit-us.eu\/wp-content\/uploads\/2025\/04\/quartz-rose-image-produit.png\",\"width\":1080,\"height\":1080},{\"@type\":\"BreadcrumbList\",\"@id\":\"https:\/\/www.spirit-us.eu\/index.php\/produit\/pendule-divinatoire-en-quartz-rose\/#breadcrumb\",\"itemListElement\":[{\"@type\":\"ListItem\",\"position\":1,\"name\":\"Accueil\",\"item\":\"https:\/\/www.spirit-us.eu\/\"},{\"@type\":\"ListItem\",\"position\":2,\"name\":\"Boutique\",\"item\":\"https:\/\/www.spirit-us.eu\/index.php\/boutique\/\"},{\"@type\":\"ListItem\",\"position\":3,\"name\":\"Pendule divinatoire en quartz rose\"}]},{\"@type\":\"WebSite\",\"@id\":\"https:\/\/www.spirit-us.eu\/#website\",\"url\":\"https:\/\/www.spirit-us.eu\/\",\"name\":\"Spirit-US\",\"description\":\"\",\"publisher\":{\"@id\":\"https:\/\/www.spirit-us.eu\/#organization\"},\"potentialAction\":[{\"@type\":\"SearchAction\",\"target\":{\"@type\":\"EntryPoint\",\"urlTemplate\":\"https:\/\/www.spirit-us.eu\/?s={search_term_string}\"},\"query-input\":{\"@type\":\"PropertyValueSpecification\",\"valueRequired\":true,\"valueName\":\"search_term_string\"}}],\"inLanguage\":\"fr-FR\"},{\"@type\":\"Organization\",\"@id\":\"https:\/\/www.spirit-us.eu\/#organization\",\"name\":\"Spirit-US\",\"url\":\"https:\/\/www.spirit-us.eu\/\",\"logo\":{\"@type\":\"ImageObject\",\"inLanguage\":\"fr-FR\",\"@id\":\"https:\/\/www.spirit-us.eu\/#\/schema\/logo\/image\/\",\"url\":\"https:\/\/www.spirit-us.eu\/wp-content\/uploads\/2025\/11\/logo-regarde-linterlocutrice-sans-arrriere-plan.jpg\",\"contentUrl\":\"https:\/\/www.spirit-us.eu\/wp-content\/uploads\/2025\/11\/logo-regarde-linterlocutrice-sans-arrriere-plan.jpg\",\"width\":1080,\"height\":1080,\"caption\":\"Spirit-US\"},\"image\":{\"@id\":\"https:\/\/www.spirit-us.eu\/#\/schema\/logo\/image\/\"},\"sameAs\":[\"https:\/\/www.facebook.com\/spirit.us.deum\"]}]}<\/script>\n<!-- \/ Yoast SEO plugin. -->","yoast_head_json":{"title":"Pendule divinatoire en quartz rose - Spirit-US","robots":{"index":"index","follow":"follow","max-snippet":"max-snippet:-1","max-image-preview":"max-image-preview:large","max-video-preview":"max-video-preview:-1"},"canonical":"https:\/\/www.spirit-us.eu\/index.php\/produit\/pendule-divinatoire-en-quartz-rose\/","og_locale":"fr_FR","og_type":"article","og_title":"Pendule divinatoire en quartz rose - Spirit-US","og_description":"Tr\u00e8s joli pendule divinatoire en quartz rose, \u00a0une pierre semi-pr\u00e9cieuse, en forme de goutte, harmonieux et tr\u00e8s pr\u00e9cis gr\u00e2ce \u00e0 sa pointe en m\u00e9tal. Il convient aux d\u00e9butant.es comme aux professionnel.les comme les th\u00e9rapeutes, les radiesth\u00e9sistes d\u00e9butant.es, et les sourciers\/sourci\u00e8res. Il couvre les champs de la voyance, du magn\u00e9tisme, de la g\u00e9obiologie.  La pierre de Quartz rose est avant tout une pierre d\u2019amour, de tendresse et de r\u00e9confort. Elle est id\u00e9ale pour la voyance dans tous les domaines li\u00e9s aux relations humaines. Ce pendule en forme de goutte, est avant tout un prolongement de votre \u00e9nergie. C\u2019est un instrument de grande sensibilit\u00e9 qui est le deuxi\u00e8me outil apr\u00e8s la main. Les pendules en forme arrondie, en goutte, leur permet d\u2019\u00eatre \u00e0 la fois un excellent \u00e9metteur mais aussi un parfait r\u00e9cepteur. Sa sph\u00e8re facilite le passage des flux \u00e9nerg\u00e9tiques.","og_url":"https:\/\/www.spirit-us.eu\/index.php\/produit\/pendule-divinatoire-en-quartz-rose\/","og_site_name":"Spirit-US","article_publisher":"https:\/\/www.facebook.com\/spirit.us.deum","article_modified_time":"2025-12-21T12:08:15+00:00","og_image":[{"width":1080,"height":1080,"url":"https:\/\/www.spirit-us.eu\/wp-content\/uploads\/2025\/04\/quartz-rose-image-produit.png","type":"image\/png"}],"twitter_card":"summary_large_image","schema":{"@context":"https:\/\/schema.org","@graph":[{"@type":"WebPage","@id":"https:\/\/www.spirit-us.eu\/index.php\/produit\/pendule-divinatoire-en-quartz-rose\/","url":"https:\/\/www.spirit-us.eu\/index.php\/produit\/pendule-divinatoire-en-quartz-rose\/","name":"Pendule divinatoire en quartz rose - Spirit-US","isPartOf":{"@id":"https:\/\/www.spirit-us.eu\/#website"},"primaryImageOfPage":{"@id":"https:\/\/www.spirit-us.eu\/index.php\/produit\/pendule-divinatoire-en-quartz-rose\/#primaryimage"},"image":{"@id":"https:\/\/www.spirit-us.eu\/index.php\/produit\/pendule-divinatoire-en-quartz-rose\/#primaryimage"},"thumbnailUrl":"https:\/\/www.spirit-us.eu\/wp-content\/uploads\/2025\/04\/quartz-rose-image-produit.png","datePublished":"2025-04-21T13:28:18+00:00","dateModified":"2025-12-21T12:08:15+00:00","breadcrumb":{"@id":"https:\/\/www.spirit-us.eu\/index.php\/produit\/pendule-divinatoire-en-quartz-rose\/#breadcrumb"},"inLanguage":"fr-FR","potentialAction":[{"@type":"ReadAction","target":["https:\/\/www.spirit-us.eu\/index.php\/produit\/pendule-divinatoire-en-quartz-rose\/"]}]},{"@type":"ImageObject","inLanguage":"fr-FR","@id":"https:\/\/www.spirit-us.eu\/index.php\/produit\/pendule-divinatoire-en-quartz-rose\/#primaryimage","url":"https:\/\/www.spirit-us.eu\/wp-content\/uploads\/2025\/04\/quartz-rose-image-produit.png","contentUrl":"https:\/\/www.spirit-us.eu\/wp-content\/uploads\/2025\/04\/quartz-rose-image-produit.png","width":1080,"height":1080},{"@type":"BreadcrumbList","@id":"https:\/\/www.spirit-us.eu\/index.php\/produit\/pendule-divinatoire-en-quartz-rose\/#breadcrumb","itemListElement":[{"@type":"ListItem","position":1,"name":"Accueil","item":"https:\/\/www.spirit-us.eu\/"},{"@type":"ListItem","position":2,"name":"Boutique","item":"https:\/\/www.spirit-us.eu\/index.php\/boutique\/"},{"@type":"ListItem","position":3,"name":"Pendule divinatoire en quartz rose"}]},{"@type":"WebSite","@id":"https:\/\/www.spirit-us.eu\/#website","url":"https:\/\/www.spirit-us.eu\/","name":"Spirit-US","description":"","publisher":{"@id":"https:\/\/www.spirit-us.eu\/#organization"},"potentialAction":[{"@type":"SearchAction","target":{"@type":"EntryPoint","urlTemplate":"https:\/\/www.spirit-us.eu\/?s={search_term_string}"},"query-input":{"@type":"PropertyValueSpecification","valueRequired":true,"valueName":"search_term_string"}}],"inLanguage":"fr-FR"},{"@type":"Organization","@id":"https:\/\/www.spirit-us.eu\/#organization","name":"Spirit-US","url":"https:\/\/www.spirit-us.eu\/","logo":{"@type":"ImageObject","inLanguage":"fr-FR","@id":"https:\/\/www.spirit-us.eu\/#\/schema\/logo\/image\/","url":"https:\/\/www.spirit-us.eu\/wp-content\/uploads\/2025\/11\/logo-regarde-linterlocutrice-sans-arrriere-plan.jpg","contentUrl":"https:\/\/www.spirit-us.eu\/wp-content\/uploads\/2025\/11\/logo-regarde-linterlocutrice-sans-arrriere-plan.jpg","width":1080,"height":1080,"caption":"Spirit-US"},"image":{"@id":"https:\/\/www.spirit-us.eu\/#\/schema\/logo\/image\/"},"sameAs":["https:\/\/www.facebook.com\/spirit.us.deum"]}]}},"jetpack_sharing_enabled":true,"_links":{"self":[{"href":"https:\/\/www.spirit-us.eu\/index.php\/wp-json\/wp\/v2\/product\/974","targetHints":{"allow":["GET"]}}],"collection":[{"href":"https:\/\/www.spirit-us.eu\/index.php\/wp-json\/wp\/v2\/product"}],"about":[{"href":"https:\/\/www.spirit-us.eu\/index.php\/wp-json\/wp\/v2\/types\/product"}],"replies":[{"embeddable":true,"href":"https:\/\/www.spirit-us.eu\/index.php\/wp-json\/wp\/v2\/comments?post=974"}],"wp:featuredmedia":[{"embeddable":true,"href":"https:\/\/www.spirit-us.eu\/index.php\/wp-json\/wp\/v2\/media\/975"}],"wp:attachment":[{"href":"https:\/\/www.spirit-us.eu\/index.php\/wp-json\/wp\/v2\/media?parent=974"}],"wp:term":[{"taxonomy":"product_brand","embeddable":true,"href":"https:\/\/www.spirit-us.eu\/index.php\/wp-json\/wp\/v2\/product_brand?post=974"},{"taxonomy":"product_cat","embeddable":true,"href":"https:\/\/www.spirit-us.eu\/index.php\/wp-json\/wp\/v2\/product_cat?post=974"},{"taxonomy":"product_tag","embeddable":true,"href":"https:\/\/www.spirit-us.eu\/index.php\/wp-json\/wp\/v2\/product_tag?post=974"},{"taxonomy":"mwb_booking_cost","embeddable":true,"href":"https:\/\/www.spirit-us.eu\/index.php\/wp-json\/wp\/v2\/mwb_booking_cost?post=974"},{"taxonomy":"mwb_booking_service","embeddable":true,"href":"https:\/\/www.spirit-us.eu\/index.php\/wp-json\/wp\/v2\/mwb_booking_service?post=974"}],"curies":[{"name":"wp","href":"https:\/\/api.w.org\/{rel}","templated":true}]}}