{"id":967,"date":"2025-04-21T15:17:41","date_gmt":"2025-04-21T13:17:41","guid":{"rendered":"https:\/\/www.spirit-us.eu\/?post_type=product&#038;p=967"},"modified":"2025-12-21T13:08:39","modified_gmt":"2025-12-21T12:08:39","slug":"pendule-oeil-de-tigre","status":"publish","type":"product","link":"https:\/\/www.spirit-us.eu\/index.php\/produit\/pendule-oeil-de-tigre\/","title":{"rendered":"Pendule divinatoire oeil-de-tigre"},"content":{"rendered":"<p><strong>Description <\/strong><\/p>\n<p><strong>Taille du Pendule<\/strong> : 4 cm<\/p>\n<p><strong>Couleur<\/strong>\u00a0: brune, vein\u00e9e de touches plus claires presque jaunes, translucide<\/p>\n<p><strong>Poids<\/strong> : 14 gr<\/p>\n<p><strong>Cha\u00eene<\/strong> : 18 cm<\/p>\n<p>Produit manufactur\u00e9<\/p>\n","protected":false},"excerpt":{"rendered":"<p>Pendule divinatoire \u0153il de tigre en \u0152il de Tigre, \u00a0une pierre semi-pr\u00e9cieuse, en forme de goutte, harmonieux et tr\u00e8s pr\u00e9cis gr\u00e2ce \u00e0 sa pointe en m\u00e9tal. Il convient aux d\u00e9butant.es comme aux professionnel.les comme les th\u00e9rapeutes, les radiesth\u00e9sistes d\u00e9butant.es, et les sourciers\/sourci\u00e8res. Il couvre les champs de la voyance, du magn\u00e9tisme, de la g\u00e9obiologie.<\/p>\n","protected":false},"featured_media":968,"comment_status":"open","ping_status":"closed","template":"","meta":[],"product_brand":[],"product_cat":[499,160,17],"product_tag":[],"mwb_booking_cost":[],"mwb_booking_service":[],"class_list":{"0":"post-967","1":"product","2":"type-product","3":"status-publish","4":"has-post-thumbnail","6":"product_cat-03-energetique","7":"product_cat-08-pendules-accueil","8":"product_cat-tous-les-produits","10":"first","11":"instock","12":"shipping-taxable","13":"purchasable","14":"product-type-simple"},"yoast_head":"<!-- This site is optimized with the Yoast SEO plugin v27.1.1 - https:\/\/yoast.com\/product\/yoast-seo-wordpress\/ -->\n<title>Pendule divinatoire oeil-de-tigre - Spirit-US<\/title>\n<meta name=\"robots\" content=\"index, follow, max-snippet:-1, max-image-preview:large, max-video-preview:-1\" \/>\n<link rel=\"canonical\" href=\"https:\/\/www.spirit-us.eu\/index.php\/produit\/pendule-oeil-de-tigre\/\" \/>\n<meta property=\"og:locale\" content=\"fr_FR\" \/>\n<meta property=\"og:type\" content=\"article\" \/>\n<meta property=\"og:title\" content=\"Pendule divinatoire oeil-de-tigre - Spirit-US\" \/>\n<meta property=\"og:description\" content=\"Pendule divinatoire \u0153il de tigre en \u0152il de Tigre, \u00a0une pierre semi-pr\u00e9cieuse, en forme de goutte, harmonieux et tr\u00e8s pr\u00e9cis gr\u00e2ce \u00e0 sa pointe en m\u00e9tal. Il convient aux d\u00e9butant.es comme aux professionnel.les comme les th\u00e9rapeutes, les radiesth\u00e9sistes d\u00e9butant.es, et les sourciers\/sourci\u00e8res. Il couvre les champs de la voyance, du magn\u00e9tisme, de la g\u00e9obiologie.\" \/>\n<meta property=\"og:url\" content=\"https:\/\/www.spirit-us.eu\/index.php\/produit\/pendule-oeil-de-tigre\/\" \/>\n<meta property=\"og:site_name\" content=\"Spirit-US\" \/>\n<meta property=\"article:publisher\" content=\"https:\/\/www.facebook.com\/spirit.us.deum\" \/>\n<meta property=\"article:modified_time\" content=\"2025-12-21T12:08:39+00:00\" \/>\n<meta property=\"og:image\" content=\"https:\/\/www.spirit-us.eu\/wp-content\/uploads\/2025\/04\/pendule-divinatoire-oeil-de-tigre.png\" \/>\n\t<meta property=\"og:image:width\" content=\"1008\" \/>\n\t<meta property=\"og:image:height\" content=\"957\" \/>\n\t<meta property=\"og:image:type\" content=\"image\/png\" \/>\n<meta name=\"twitter:card\" content=\"summary_large_image\" \/>\n<script type=\"application\/ld+json\" class=\"yoast-schema-graph\">{\"@context\":\"https:\/\/schema.org\",\"@graph\":[{\"@type\":\"WebPage\",\"@id\":\"https:\/\/www.spirit-us.eu\/index.php\/produit\/pendule-oeil-de-tigre\/\",\"url\":\"https:\/\/www.spirit-us.eu\/index.php\/produit\/pendule-oeil-de-tigre\/\",\"name\":\"Pendule divinatoire oeil-de-tigre - Spirit-US\",\"isPartOf\":{\"@id\":\"https:\/\/www.spirit-us.eu\/#website\"},\"primaryImageOfPage\":{\"@id\":\"https:\/\/www.spirit-us.eu\/index.php\/produit\/pendule-oeil-de-tigre\/#primaryimage\"},\"image\":{\"@id\":\"https:\/\/www.spirit-us.eu\/index.php\/produit\/pendule-oeil-de-tigre\/#primaryimage\"},\"thumbnailUrl\":\"https:\/\/www.spirit-us.eu\/wp-content\/uploads\/2025\/04\/pendule-divinatoire-oeil-de-tigre.png\",\"datePublished\":\"2025-04-21T13:17:41+00:00\",\"dateModified\":\"2025-12-21T12:08:39+00:00\",\"breadcrumb\":{\"@id\":\"https:\/\/www.spirit-us.eu\/index.php\/produit\/pendule-oeil-de-tigre\/#breadcrumb\"},\"inLanguage\":\"fr-FR\",\"potentialAction\":[{\"@type\":\"ReadAction\",\"target\":[\"https:\/\/www.spirit-us.eu\/index.php\/produit\/pendule-oeil-de-tigre\/\"]}]},{\"@type\":\"ImageObject\",\"inLanguage\":\"fr-FR\",\"@id\":\"https:\/\/www.spirit-us.eu\/index.php\/produit\/pendule-oeil-de-tigre\/#primaryimage\",\"url\":\"https:\/\/www.spirit-us.eu\/wp-content\/uploads\/2025\/04\/pendule-divinatoire-oeil-de-tigre.png\",\"contentUrl\":\"https:\/\/www.spirit-us.eu\/wp-content\/uploads\/2025\/04\/pendule-divinatoire-oeil-de-tigre.png\",\"width\":1008,\"height\":957},{\"@type\":\"BreadcrumbList\",\"@id\":\"https:\/\/www.spirit-us.eu\/index.php\/produit\/pendule-oeil-de-tigre\/#breadcrumb\",\"itemListElement\":[{\"@type\":\"ListItem\",\"position\":1,\"name\":\"Accueil\",\"item\":\"https:\/\/www.spirit-us.eu\/\"},{\"@type\":\"ListItem\",\"position\":2,\"name\":\"Boutique\",\"item\":\"https:\/\/www.spirit-us.eu\/index.php\/boutique\/\"},{\"@type\":\"ListItem\",\"position\":3,\"name\":\"Pendule divinatoire oeil-de-tigre\"}]},{\"@type\":\"WebSite\",\"@id\":\"https:\/\/www.spirit-us.eu\/#website\",\"url\":\"https:\/\/www.spirit-us.eu\/\",\"name\":\"Spirit-US\",\"description\":\"\",\"publisher\":{\"@id\":\"https:\/\/www.spirit-us.eu\/#organization\"},\"potentialAction\":[{\"@type\":\"SearchAction\",\"target\":{\"@type\":\"EntryPoint\",\"urlTemplate\":\"https:\/\/www.spirit-us.eu\/?s={search_term_string}\"},\"query-input\":{\"@type\":\"PropertyValueSpecification\",\"valueRequired\":true,\"valueName\":\"search_term_string\"}}],\"inLanguage\":\"fr-FR\"},{\"@type\":\"Organization\",\"@id\":\"https:\/\/www.spirit-us.eu\/#organization\",\"name\":\"Spirit-US\",\"url\":\"https:\/\/www.spirit-us.eu\/\",\"logo\":{\"@type\":\"ImageObject\",\"inLanguage\":\"fr-FR\",\"@id\":\"https:\/\/www.spirit-us.eu\/#\/schema\/logo\/image\/\",\"url\":\"https:\/\/www.spirit-us.eu\/wp-content\/uploads\/2025\/11\/logo-regarde-linterlocutrice-sans-arrriere-plan.jpg\",\"contentUrl\":\"https:\/\/www.spirit-us.eu\/wp-content\/uploads\/2025\/11\/logo-regarde-linterlocutrice-sans-arrriere-plan.jpg\",\"width\":1080,\"height\":1080,\"caption\":\"Spirit-US\"},\"image\":{\"@id\":\"https:\/\/www.spirit-us.eu\/#\/schema\/logo\/image\/\"},\"sameAs\":[\"https:\/\/www.facebook.com\/spirit.us.deum\"]}]}<\/script>\n<!-- \/ Yoast SEO plugin. -->","yoast_head_json":{"title":"Pendule divinatoire oeil-de-tigre - Spirit-US","robots":{"index":"index","follow":"follow","max-snippet":"max-snippet:-1","max-image-preview":"max-image-preview:large","max-video-preview":"max-video-preview:-1"},"canonical":"https:\/\/www.spirit-us.eu\/index.php\/produit\/pendule-oeil-de-tigre\/","og_locale":"fr_FR","og_type":"article","og_title":"Pendule divinatoire oeil-de-tigre - Spirit-US","og_description":"Pendule divinatoire \u0153il de tigre en \u0152il de Tigre, \u00a0une pierre semi-pr\u00e9cieuse, en forme de goutte, harmonieux et tr\u00e8s pr\u00e9cis gr\u00e2ce \u00e0 sa pointe en m\u00e9tal. Il convient aux d\u00e9butant.es comme aux professionnel.les comme les th\u00e9rapeutes, les radiesth\u00e9sistes d\u00e9butant.es, et les sourciers\/sourci\u00e8res. Il couvre les champs de la voyance, du magn\u00e9tisme, de la g\u00e9obiologie.","og_url":"https:\/\/www.spirit-us.eu\/index.php\/produit\/pendule-oeil-de-tigre\/","og_site_name":"Spirit-US","article_publisher":"https:\/\/www.facebook.com\/spirit.us.deum","article_modified_time":"2025-12-21T12:08:39+00:00","og_image":[{"width":1008,"height":957,"url":"https:\/\/www.spirit-us.eu\/wp-content\/uploads\/2025\/04\/pendule-divinatoire-oeil-de-tigre.png","type":"image\/png"}],"twitter_card":"summary_large_image","schema":{"@context":"https:\/\/schema.org","@graph":[{"@type":"WebPage","@id":"https:\/\/www.spirit-us.eu\/index.php\/produit\/pendule-oeil-de-tigre\/","url":"https:\/\/www.spirit-us.eu\/index.php\/produit\/pendule-oeil-de-tigre\/","name":"Pendule divinatoire oeil-de-tigre - Spirit-US","isPartOf":{"@id":"https:\/\/www.spirit-us.eu\/#website"},"primaryImageOfPage":{"@id":"https:\/\/www.spirit-us.eu\/index.php\/produit\/pendule-oeil-de-tigre\/#primaryimage"},"image":{"@id":"https:\/\/www.spirit-us.eu\/index.php\/produit\/pendule-oeil-de-tigre\/#primaryimage"},"thumbnailUrl":"https:\/\/www.spirit-us.eu\/wp-content\/uploads\/2025\/04\/pendule-divinatoire-oeil-de-tigre.png","datePublished":"2025-04-21T13:17:41+00:00","dateModified":"2025-12-21T12:08:39+00:00","breadcrumb":{"@id":"https:\/\/www.spirit-us.eu\/index.php\/produit\/pendule-oeil-de-tigre\/#breadcrumb"},"inLanguage":"fr-FR","potentialAction":[{"@type":"ReadAction","target":["https:\/\/www.spirit-us.eu\/index.php\/produit\/pendule-oeil-de-tigre\/"]}]},{"@type":"ImageObject","inLanguage":"fr-FR","@id":"https:\/\/www.spirit-us.eu\/index.php\/produit\/pendule-oeil-de-tigre\/#primaryimage","url":"https:\/\/www.spirit-us.eu\/wp-content\/uploads\/2025\/04\/pendule-divinatoire-oeil-de-tigre.png","contentUrl":"https:\/\/www.spirit-us.eu\/wp-content\/uploads\/2025\/04\/pendule-divinatoire-oeil-de-tigre.png","width":1008,"height":957},{"@type":"BreadcrumbList","@id":"https:\/\/www.spirit-us.eu\/index.php\/produit\/pendule-oeil-de-tigre\/#breadcrumb","itemListElement":[{"@type":"ListItem","position":1,"name":"Accueil","item":"https:\/\/www.spirit-us.eu\/"},{"@type":"ListItem","position":2,"name":"Boutique","item":"https:\/\/www.spirit-us.eu\/index.php\/boutique\/"},{"@type":"ListItem","position":3,"name":"Pendule divinatoire oeil-de-tigre"}]},{"@type":"WebSite","@id":"https:\/\/www.spirit-us.eu\/#website","url":"https:\/\/www.spirit-us.eu\/","name":"Spirit-US","description":"","publisher":{"@id":"https:\/\/www.spirit-us.eu\/#organization"},"potentialAction":[{"@type":"SearchAction","target":{"@type":"EntryPoint","urlTemplate":"https:\/\/www.spirit-us.eu\/?s={search_term_string}"},"query-input":{"@type":"PropertyValueSpecification","valueRequired":true,"valueName":"search_term_string"}}],"inLanguage":"fr-FR"},{"@type":"Organization","@id":"https:\/\/www.spirit-us.eu\/#organization","name":"Spirit-US","url":"https:\/\/www.spirit-us.eu\/","logo":{"@type":"ImageObject","inLanguage":"fr-FR","@id":"https:\/\/www.spirit-us.eu\/#\/schema\/logo\/image\/","url":"https:\/\/www.spirit-us.eu\/wp-content\/uploads\/2025\/11\/logo-regarde-linterlocutrice-sans-arrriere-plan.jpg","contentUrl":"https:\/\/www.spirit-us.eu\/wp-content\/uploads\/2025\/11\/logo-regarde-linterlocutrice-sans-arrriere-plan.jpg","width":1080,"height":1080,"caption":"Spirit-US"},"image":{"@id":"https:\/\/www.spirit-us.eu\/#\/schema\/logo\/image\/"},"sameAs":["https:\/\/www.facebook.com\/spirit.us.deum"]}]}},"jetpack_sharing_enabled":true,"_links":{"self":[{"href":"https:\/\/www.spirit-us.eu\/index.php\/wp-json\/wp\/v2\/product\/967","targetHints":{"allow":["GET"]}}],"collection":[{"href":"https:\/\/www.spirit-us.eu\/index.php\/wp-json\/wp\/v2\/product"}],"about":[{"href":"https:\/\/www.spirit-us.eu\/index.php\/wp-json\/wp\/v2\/types\/product"}],"replies":[{"embeddable":true,"href":"https:\/\/www.spirit-us.eu\/index.php\/wp-json\/wp\/v2\/comments?post=967"}],"wp:featuredmedia":[{"embeddable":true,"href":"https:\/\/www.spirit-us.eu\/index.php\/wp-json\/wp\/v2\/media\/968"}],"wp:attachment":[{"href":"https:\/\/www.spirit-us.eu\/index.php\/wp-json\/wp\/v2\/media?parent=967"}],"wp:term":[{"taxonomy":"product_brand","embeddable":true,"href":"https:\/\/www.spirit-us.eu\/index.php\/wp-json\/wp\/v2\/product_brand?post=967"},{"taxonomy":"product_cat","embeddable":true,"href":"https:\/\/www.spirit-us.eu\/index.php\/wp-json\/wp\/v2\/product_cat?post=967"},{"taxonomy":"product_tag","embeddable":true,"href":"https:\/\/www.spirit-us.eu\/index.php\/wp-json\/wp\/v2\/product_tag?post=967"},{"taxonomy":"mwb_booking_cost","embeddable":true,"href":"https:\/\/www.spirit-us.eu\/index.php\/wp-json\/wp\/v2\/mwb_booking_cost?post=967"},{"taxonomy":"mwb_booking_service","embeddable":true,"href":"https:\/\/www.spirit-us.eu\/index.php\/wp-json\/wp\/v2\/mwb_booking_service?post=967"}],"curies":[{"name":"wp","href":"https:\/\/api.w.org\/{rel}","templated":true}]}}