{"id":961,"date":"2025-04-21T13:32:16","date_gmt":"2025-04-21T11:32:16","guid":{"rendered":"https:\/\/www.spirit-us.eu\/?post_type=product&#038;p=961"},"modified":"2025-12-21T13:08:56","modified_gmt":"2025-12-21T12:08:56","slug":"pendule-universel","status":"publish","type":"product","link":"https:\/\/www.spirit-us.eu\/index.php\/produit\/pendule-universel\/","title":{"rendered":"Pendule UNIVERSEL"},"content":{"rendered":"<p><strong>Description\u00a0<\/strong><\/p>\n<p><strong>Diam\u00e8tre du pendule<\/strong> : 6 cm<\/p>\n<p><strong>Couleur du pendule :\u00a0<\/strong>noire, avec inscriptions blanches et points vibratoires verts, rouges et bleu<\/p>\n<p><strong>Poids du pendule<\/strong> : 38 gr<\/p>\n<p><strong>Taille (corde nou\u00e9e et pendule) :\u00a0<\/strong>71,5 cm<\/p>\n<p><strong>Taille de la corde nou\u00e9e<\/strong> : 65,5 cm<\/p>\n<p><strong>Mat\u00e9riaux<\/strong> : bois, m\u00e9tal (int\u00e9rieur du pendule, laiton dor\u00e9 (pour l&rsquo;anse pivotante) et pile magn\u00e9tique non-visible et non-d\u00e9montable<\/p>\n<p><strong>Couleurs de la corde nou\u00e9e :\u00a0\u00a0<\/strong>noire, avec perles noire, bleue, verte et rouge<\/p>\n<p><strong>Taille de la bo\u00eete<\/strong> : cube de 10 cm de c\u00f4t\u00e9<\/p>\n<p><strong>Mat\u00e9riau de la bo\u00eete<\/strong> : bois blanc et fermoir en m\u00e9tal dor\u00e9<\/p>\n","protected":false},"excerpt":{"rendered":"<p>Ce pendule est extr\u00eamement efficace, mais il est cher et rare, comme tout produit de grande et haute qualit\u00e9.\u00a0 On l&rsquo;utilise pour restaurer les \u00e9nergies l\u00e0 o\u00f9 elles sont affaiblies (dans des cas de maladie par exemple, ou d&rsquo;attaque occulte); ou pour neutraliser des \u00e9nergies mauvaises et destructrices.\u00a0 Nous travaillons avec trois rayon : le bleu de protection, le vert de la sant\u00e9, et le rouge de la vitalit\u00e9.\u00a0 Mais ce pendule est con\u00e7u pour se r\u00e9gler dans toutes les fr\u00e9quences li\u00e9es \u00e0 ces \u00e9nergies lumi\u00e8re. Il ne n\u00e9cessite aucune intervention mentale, puisqu&rsquo;une fois r\u00e9gl\u00e9, en fonction d&rsquo;une situation donn\u00e9e, il est capable de lui-m\u00eame, d&rsquo;envoyer les diff\u00e9rentes formes d&rsquo;\u00e9nergie.\u00a0 C&rsquo;est un outil de gu\u00e9rison d&rsquo;une puissance extr\u00eame. Il est fait de bois noir, comporte un demi-cercle de laiton dor\u00e9, permettant de r\u00e9gler la fr\u00e9quence du pendule universel. La puissance de ce pendule est tr\u00e8s grande et on ne peut pas le mettre entre toutes les mains.\u00a0 Il faut une certaine expertise pour l&rsquo;utiliser \u00e0 bon escient.\u00a0 Apr\u00e8s utilisation, il faut toujours le neutraliser (positionner le curseur sur le Vert positif) et le ranger dans sa bo\u00eete en bois, pour neutraliser son potentiel, jusqu&rsquo;\u00e0 l&rsquo;utilisation suivante. Il se purifie et se b\u00e9nit, apr\u00e8s chaque utilisation, dans l&rsquo;encens consacr\u00e9 du Mont Athos. Voir cons\u00e9cration de l&rsquo;encens &amp; encens du Mont Athos :<\/p>\n","protected":false},"featured_media":962,"comment_status":"open","ping_status":"closed","template":"","meta":[],"product_brand":[],"product_cat":[499,160,17],"product_tag":[],"mwb_booking_cost":[],"mwb_booking_service":[],"class_list":{"0":"post-961","1":"product","2":"type-product","3":"status-publish","4":"has-post-thumbnail","6":"product_cat-03-energetique","7":"product_cat-08-pendules-accueil","8":"product_cat-tous-les-produits","10":"first","11":"instock","12":"shipping-taxable","13":"purchasable","14":"product-type-simple"},"yoast_head":"<!-- This site is optimized with the Yoast SEO plugin v27.1.1 - https:\/\/yoast.com\/product\/yoast-seo-wordpress\/ -->\n<title>Pendule UNIVERSEL - Spirit-US<\/title>\n<meta name=\"robots\" content=\"index, follow, max-snippet:-1, max-image-preview:large, max-video-preview:-1\" \/>\n<link rel=\"canonical\" href=\"https:\/\/www.spirit-us.eu\/index.php\/produit\/pendule-universel\/\" \/>\n<meta property=\"og:locale\" content=\"fr_FR\" \/>\n<meta property=\"og:type\" content=\"article\" \/>\n<meta property=\"og:title\" content=\"Pendule UNIVERSEL - Spirit-US\" \/>\n<meta property=\"og:description\" content=\"Ce pendule est extr\u00eamement efficace, mais il est cher et rare, comme tout produit de grande et haute qualit\u00e9.\u00a0 On l&#039;utilise pour restaurer les \u00e9nergies l\u00e0 o\u00f9 elles sont affaiblies (dans des cas de maladie par exemple, ou d&#039;attaque occulte); ou pour neutraliser des \u00e9nergies mauvaises et destructrices.\u00a0 Nous travaillons avec trois rayon : le bleu de protection, le vert de la sant\u00e9, et le rouge de la vitalit\u00e9.\u00a0 Mais ce pendule est con\u00e7u pour se r\u00e9gler dans toutes les fr\u00e9quences li\u00e9es \u00e0 ces \u00e9nergies lumi\u00e8re. Il ne n\u00e9cessite aucune intervention mentale, puisqu&#039;une fois r\u00e9gl\u00e9, en fonction d&#039;une situation donn\u00e9e, il est capable de lui-m\u00eame, d&#039;envoyer les diff\u00e9rentes formes d&#039;\u00e9nergie.\u00a0 C&#039;est un outil de gu\u00e9rison d&#039;une puissance extr\u00eame. Il est fait de bois noir, comporte un demi-cercle de laiton dor\u00e9, permettant de r\u00e9gler la fr\u00e9quence du pendule universel. La puissance de ce pendule est tr\u00e8s grande et on ne peut pas le mettre entre toutes les mains.\u00a0 Il faut une certaine expertise pour l&#039;utiliser \u00e0 bon escient.\u00a0 Apr\u00e8s utilisation, il faut toujours le neutraliser (positionner le curseur sur le Vert positif) et le ranger dans sa bo\u00eete en bois, pour neutraliser son potentiel, jusqu&#039;\u00e0 l&#039;utilisation suivante. Il se purifie et se b\u00e9nit, apr\u00e8s chaque utilisation, dans l&#039;encens consacr\u00e9 du Mont Athos. Voir cons\u00e9cration de l&#039;encens &amp; encens du Mont Athos :\" \/>\n<meta property=\"og:url\" content=\"https:\/\/www.spirit-us.eu\/index.php\/produit\/pendule-universel\/\" \/>\n<meta property=\"og:site_name\" content=\"Spirit-US\" \/>\n<meta property=\"article:publisher\" content=\"https:\/\/www.facebook.com\/spirit.us.deum\" \/>\n<meta property=\"article:modified_time\" content=\"2025-12-21T12:08:56+00:00\" \/>\n<meta property=\"og:image\" content=\"https:\/\/www.spirit-us.eu\/wp-content\/uploads\/2025\/04\/PU-image-produit-1024x1024.png\" \/>\n\t<meta property=\"og:image:width\" content=\"1024\" \/>\n\t<meta property=\"og:image:height\" content=\"1024\" \/>\n\t<meta property=\"og:image:type\" content=\"image\/png\" \/>\n<meta name=\"twitter:card\" content=\"summary_large_image\" \/>\n<script type=\"application\/ld+json\" class=\"yoast-schema-graph\">{\"@context\":\"https:\/\/schema.org\",\"@graph\":[{\"@type\":\"WebPage\",\"@id\":\"https:\/\/www.spirit-us.eu\/index.php\/produit\/pendule-universel\/\",\"url\":\"https:\/\/www.spirit-us.eu\/index.php\/produit\/pendule-universel\/\",\"name\":\"Pendule UNIVERSEL - Spirit-US\",\"isPartOf\":{\"@id\":\"https:\/\/www.spirit-us.eu\/#website\"},\"primaryImageOfPage\":{\"@id\":\"https:\/\/www.spirit-us.eu\/index.php\/produit\/pendule-universel\/#primaryimage\"},\"image\":{\"@id\":\"https:\/\/www.spirit-us.eu\/index.php\/produit\/pendule-universel\/#primaryimage\"},\"thumbnailUrl\":\"https:\/\/www.spirit-us.eu\/wp-content\/uploads\/2025\/04\/PU-image-produit-scaled.png\",\"datePublished\":\"2025-04-21T11:32:16+00:00\",\"dateModified\":\"2025-12-21T12:08:56+00:00\",\"breadcrumb\":{\"@id\":\"https:\/\/www.spirit-us.eu\/index.php\/produit\/pendule-universel\/#breadcrumb\"},\"inLanguage\":\"fr-FR\",\"potentialAction\":[{\"@type\":\"ReadAction\",\"target\":[\"https:\/\/www.spirit-us.eu\/index.php\/produit\/pendule-universel\/\"]}]},{\"@type\":\"ImageObject\",\"inLanguage\":\"fr-FR\",\"@id\":\"https:\/\/www.spirit-us.eu\/index.php\/produit\/pendule-universel\/#primaryimage\",\"url\":\"https:\/\/www.spirit-us.eu\/wp-content\/uploads\/2025\/04\/PU-image-produit-scaled.png\",\"contentUrl\":\"https:\/\/www.spirit-us.eu\/wp-content\/uploads\/2025\/04\/PU-image-produit-scaled.png\",\"width\":2560,\"height\":2560},{\"@type\":\"BreadcrumbList\",\"@id\":\"https:\/\/www.spirit-us.eu\/index.php\/produit\/pendule-universel\/#breadcrumb\",\"itemListElement\":[{\"@type\":\"ListItem\",\"position\":1,\"name\":\"Accueil\",\"item\":\"https:\/\/www.spirit-us.eu\/\"},{\"@type\":\"ListItem\",\"position\":2,\"name\":\"Boutique\",\"item\":\"https:\/\/www.spirit-us.eu\/index.php\/boutique\/\"},{\"@type\":\"ListItem\",\"position\":3,\"name\":\"Pendule UNIVERSEL\"}]},{\"@type\":\"WebSite\",\"@id\":\"https:\/\/www.spirit-us.eu\/#website\",\"url\":\"https:\/\/www.spirit-us.eu\/\",\"name\":\"Spirit-US\",\"description\":\"\",\"publisher\":{\"@id\":\"https:\/\/www.spirit-us.eu\/#organization\"},\"potentialAction\":[{\"@type\":\"SearchAction\",\"target\":{\"@type\":\"EntryPoint\",\"urlTemplate\":\"https:\/\/www.spirit-us.eu\/?s={search_term_string}\"},\"query-input\":{\"@type\":\"PropertyValueSpecification\",\"valueRequired\":true,\"valueName\":\"search_term_string\"}}],\"inLanguage\":\"fr-FR\"},{\"@type\":\"Organization\",\"@id\":\"https:\/\/www.spirit-us.eu\/#organization\",\"name\":\"Spirit-US\",\"url\":\"https:\/\/www.spirit-us.eu\/\",\"logo\":{\"@type\":\"ImageObject\",\"inLanguage\":\"fr-FR\",\"@id\":\"https:\/\/www.spirit-us.eu\/#\/schema\/logo\/image\/\",\"url\":\"https:\/\/www.spirit-us.eu\/wp-content\/uploads\/2025\/11\/logo-regarde-linterlocutrice-sans-arrriere-plan.jpg\",\"contentUrl\":\"https:\/\/www.spirit-us.eu\/wp-content\/uploads\/2025\/11\/logo-regarde-linterlocutrice-sans-arrriere-plan.jpg\",\"width\":1080,\"height\":1080,\"caption\":\"Spirit-US\"},\"image\":{\"@id\":\"https:\/\/www.spirit-us.eu\/#\/schema\/logo\/image\/\"},\"sameAs\":[\"https:\/\/www.facebook.com\/spirit.us.deum\"]}]}<\/script>\n<!-- \/ Yoast SEO plugin. -->","yoast_head_json":{"title":"Pendule UNIVERSEL - Spirit-US","robots":{"index":"index","follow":"follow","max-snippet":"max-snippet:-1","max-image-preview":"max-image-preview:large","max-video-preview":"max-video-preview:-1"},"canonical":"https:\/\/www.spirit-us.eu\/index.php\/produit\/pendule-universel\/","og_locale":"fr_FR","og_type":"article","og_title":"Pendule UNIVERSEL - Spirit-US","og_description":"Ce pendule est extr\u00eamement efficace, mais il est cher et rare, comme tout produit de grande et haute qualit\u00e9.\u00a0 On l'utilise pour restaurer les \u00e9nergies l\u00e0 o\u00f9 elles sont affaiblies (dans des cas de maladie par exemple, ou d'attaque occulte); ou pour neutraliser des \u00e9nergies mauvaises et destructrices.\u00a0 Nous travaillons avec trois rayon : le bleu de protection, le vert de la sant\u00e9, et le rouge de la vitalit\u00e9.\u00a0 Mais ce pendule est con\u00e7u pour se r\u00e9gler dans toutes les fr\u00e9quences li\u00e9es \u00e0 ces \u00e9nergies lumi\u00e8re. Il ne n\u00e9cessite aucune intervention mentale, puisqu'une fois r\u00e9gl\u00e9, en fonction d'une situation donn\u00e9e, il est capable de lui-m\u00eame, d'envoyer les diff\u00e9rentes formes d'\u00e9nergie.\u00a0 C'est un outil de gu\u00e9rison d'une puissance extr\u00eame. Il est fait de bois noir, comporte un demi-cercle de laiton dor\u00e9, permettant de r\u00e9gler la fr\u00e9quence du pendule universel. La puissance de ce pendule est tr\u00e8s grande et on ne peut pas le mettre entre toutes les mains.\u00a0 Il faut une certaine expertise pour l'utiliser \u00e0 bon escient.\u00a0 Apr\u00e8s utilisation, il faut toujours le neutraliser (positionner le curseur sur le Vert positif) et le ranger dans sa bo\u00eete en bois, pour neutraliser son potentiel, jusqu'\u00e0 l'utilisation suivante. Il se purifie et se b\u00e9nit, apr\u00e8s chaque utilisation, dans l'encens consacr\u00e9 du Mont Athos. Voir cons\u00e9cration de l'encens &amp; encens du Mont Athos :","og_url":"https:\/\/www.spirit-us.eu\/index.php\/produit\/pendule-universel\/","og_site_name":"Spirit-US","article_publisher":"https:\/\/www.facebook.com\/spirit.us.deum","article_modified_time":"2025-12-21T12:08:56+00:00","og_image":[{"width":1024,"height":1024,"url":"https:\/\/www.spirit-us.eu\/wp-content\/uploads\/2025\/04\/PU-image-produit-1024x1024.png","type":"image\/png"}],"twitter_card":"summary_large_image","schema":{"@context":"https:\/\/schema.org","@graph":[{"@type":"WebPage","@id":"https:\/\/www.spirit-us.eu\/index.php\/produit\/pendule-universel\/","url":"https:\/\/www.spirit-us.eu\/index.php\/produit\/pendule-universel\/","name":"Pendule UNIVERSEL - Spirit-US","isPartOf":{"@id":"https:\/\/www.spirit-us.eu\/#website"},"primaryImageOfPage":{"@id":"https:\/\/www.spirit-us.eu\/index.php\/produit\/pendule-universel\/#primaryimage"},"image":{"@id":"https:\/\/www.spirit-us.eu\/index.php\/produit\/pendule-universel\/#primaryimage"},"thumbnailUrl":"https:\/\/www.spirit-us.eu\/wp-content\/uploads\/2025\/04\/PU-image-produit-scaled.png","datePublished":"2025-04-21T11:32:16+00:00","dateModified":"2025-12-21T12:08:56+00:00","breadcrumb":{"@id":"https:\/\/www.spirit-us.eu\/index.php\/produit\/pendule-universel\/#breadcrumb"},"inLanguage":"fr-FR","potentialAction":[{"@type":"ReadAction","target":["https:\/\/www.spirit-us.eu\/index.php\/produit\/pendule-universel\/"]}]},{"@type":"ImageObject","inLanguage":"fr-FR","@id":"https:\/\/www.spirit-us.eu\/index.php\/produit\/pendule-universel\/#primaryimage","url":"https:\/\/www.spirit-us.eu\/wp-content\/uploads\/2025\/04\/PU-image-produit-scaled.png","contentUrl":"https:\/\/www.spirit-us.eu\/wp-content\/uploads\/2025\/04\/PU-image-produit-scaled.png","width":2560,"height":2560},{"@type":"BreadcrumbList","@id":"https:\/\/www.spirit-us.eu\/index.php\/produit\/pendule-universel\/#breadcrumb","itemListElement":[{"@type":"ListItem","position":1,"name":"Accueil","item":"https:\/\/www.spirit-us.eu\/"},{"@type":"ListItem","position":2,"name":"Boutique","item":"https:\/\/www.spirit-us.eu\/index.php\/boutique\/"},{"@type":"ListItem","position":3,"name":"Pendule UNIVERSEL"}]},{"@type":"WebSite","@id":"https:\/\/www.spirit-us.eu\/#website","url":"https:\/\/www.spirit-us.eu\/","name":"Spirit-US","description":"","publisher":{"@id":"https:\/\/www.spirit-us.eu\/#organization"},"potentialAction":[{"@type":"SearchAction","target":{"@type":"EntryPoint","urlTemplate":"https:\/\/www.spirit-us.eu\/?s={search_term_string}"},"query-input":{"@type":"PropertyValueSpecification","valueRequired":true,"valueName":"search_term_string"}}],"inLanguage":"fr-FR"},{"@type":"Organization","@id":"https:\/\/www.spirit-us.eu\/#organization","name":"Spirit-US","url":"https:\/\/www.spirit-us.eu\/","logo":{"@type":"ImageObject","inLanguage":"fr-FR","@id":"https:\/\/www.spirit-us.eu\/#\/schema\/logo\/image\/","url":"https:\/\/www.spirit-us.eu\/wp-content\/uploads\/2025\/11\/logo-regarde-linterlocutrice-sans-arrriere-plan.jpg","contentUrl":"https:\/\/www.spirit-us.eu\/wp-content\/uploads\/2025\/11\/logo-regarde-linterlocutrice-sans-arrriere-plan.jpg","width":1080,"height":1080,"caption":"Spirit-US"},"image":{"@id":"https:\/\/www.spirit-us.eu\/#\/schema\/logo\/image\/"},"sameAs":["https:\/\/www.facebook.com\/spirit.us.deum"]}]}},"jetpack_sharing_enabled":true,"_links":{"self":[{"href":"https:\/\/www.spirit-us.eu\/index.php\/wp-json\/wp\/v2\/product\/961","targetHints":{"allow":["GET"]}}],"collection":[{"href":"https:\/\/www.spirit-us.eu\/index.php\/wp-json\/wp\/v2\/product"}],"about":[{"href":"https:\/\/www.spirit-us.eu\/index.php\/wp-json\/wp\/v2\/types\/product"}],"replies":[{"embeddable":true,"href":"https:\/\/www.spirit-us.eu\/index.php\/wp-json\/wp\/v2\/comments?post=961"}],"wp:featuredmedia":[{"embeddable":true,"href":"https:\/\/www.spirit-us.eu\/index.php\/wp-json\/wp\/v2\/media\/962"}],"wp:attachment":[{"href":"https:\/\/www.spirit-us.eu\/index.php\/wp-json\/wp\/v2\/media?parent=961"}],"wp:term":[{"taxonomy":"product_brand","embeddable":true,"href":"https:\/\/www.spirit-us.eu\/index.php\/wp-json\/wp\/v2\/product_brand?post=961"},{"taxonomy":"product_cat","embeddable":true,"href":"https:\/\/www.spirit-us.eu\/index.php\/wp-json\/wp\/v2\/product_cat?post=961"},{"taxonomy":"product_tag","embeddable":true,"href":"https:\/\/www.spirit-us.eu\/index.php\/wp-json\/wp\/v2\/product_tag?post=961"},{"taxonomy":"mwb_booking_cost","embeddable":true,"href":"https:\/\/www.spirit-us.eu\/index.php\/wp-json\/wp\/v2\/mwb_booking_cost?post=961"},{"taxonomy":"mwb_booking_service","embeddable":true,"href":"https:\/\/www.spirit-us.eu\/index.php\/wp-json\/wp\/v2\/mwb_booking_service?post=961"}],"curies":[{"name":"wp","href":"https:\/\/api.w.org\/{rel}","templated":true}]}}