{"id":954,"date":"2025-04-21T12:45:59","date_gmt":"2025-04-21T10:45:59","guid":{"rendered":"https:\/\/www.spirit-us.eu\/?post_type=product&#038;p=954"},"modified":"2026-04-05T04:59:27","modified_gmt":"2026-04-05T02:59:27","slug":"encens-a-lorange-anti-infestations-physiques-et-psychiques","status":"publish","type":"product","link":"https:\/\/www.spirit-us.eu\/index.php\/produit\/encens-a-lorange-anti-infestations-physiques-et-psychiques\/","title":{"rendered":"Encens \u00e0 l&rsquo;ORANGE anti-infestations physiques et psychiques"},"content":{"rendered":"<p><strong>Description <\/strong><\/p>\n<p><strong>Contenu\u00a0: <\/strong>200 g<\/p>\n<p><strong>Poids de livraison : <\/strong>0.2 Kg<\/p>\n<p><strong>Origine\u00a0: <\/strong>Gr\u00e8ce<\/p>\n<p><strong>Recette de purification anti-parasites :<\/strong><\/p>\n<p>Le parasitage d\u2019un lieu peut vite devenir une mal\u00e9diction.\u00a0 Il y a des m\u00e9thodes anciennes qui permet d\u2019\u00e9radiquer les infestations et de faire fuir les insectes d\u00e9rangeants, de fa\u00e7on enti\u00e8rement bio et non-nocive pour la sant\u00e9 des humains et des animaux.\u00a0 Dans les cas trop graves, il faut avoir recours \u00e0 d\u2019autres m\u00e9thodes.<\/p>\n<p><u>Ingr\u00e9dients\u00a0:<\/u><\/p>\n<p>Des clous de girofle en grand nombre<\/p>\n<p>De l\u2019huile essentielle de girofle<\/p>\n<p>Une orange<\/p>\n<p>De l\u2019huile essentielle d\u2019orange<\/p>\n<p>De l\u2019encens parfume \u00e0 l\u2019orange<\/p>\n<p><u>Mat\u00e9riel<\/u>\u00a0:<\/p>\n<p>Une jolie coupelle assez grande pour accueillir une demi-orange et assez profonde pour accueillir le jus d\u2019une demi-orange et des huiles essentielles\u00a0;<\/p>\n<p>Eventuellement une source de chaleur (comme un radiateur, une fen\u00eatre en plein soleil ou une coupelle br\u00fble-encens avec bougie).<\/p>\n<p>Un br\u00fbleur d\u2019encens et un charbon ardent<\/p>\n<p><u>Proc\u00e9d\u00e9\u00a0:<\/u><\/p>\n<p>Couper l\u2019orange en deux et extraire le jus d\u2019une demi-orange (r\u00e9server)<\/p>\n<p>Piquer les clous de girofle dans la demi-orange restante<\/p>\n<p>Verser le jus de l\u2019orange et 40 gouttes d\u2019huile essentielle de girofle + 40 gouttes d\u2019huile essentielle d\u2019orange (ou d\u2019agrume) dans la coupelle<\/p>\n<p>Disposer l\u2019orange clout\u00e9e de girofle dans la coupelle et installer le tout devant ou sur une source de chaleur\u00a0: une fen\u00eatre en plein soleil ou un radiateur.<\/p>\n<p>Renouveler chaque semaine ou lorsque le liquide sera \u00e9vapor\u00e9.<\/p>\n<p>Il convient de faire br\u00fbler de l\u2019encens d\u2019orange dans les pi\u00e8ces d\u2019o\u00f9 on veut \u00e9radiquer l\u2019infestation.<\/p>\n<p>Si cette infestation est anormale et qu\u2019aucun moyen chimique ou naturel ne permet de l\u2019\u00e9radiquer, il y a peut-\u00eatre un parasitage astral.\u00a0 Dans ce cas, contactez-nous en nous exposant le probl\u00e8me :<a href=\"https:\/\/www.spirit-us.eu\/index.php\/contactez-nous\" target=\"_blank\" rel=\"noopener\"> https:\/\/www.spirit-us.eu\/index.php\/contactez-nous<\/a>\/.<\/p>\n","protected":false},"excerpt":{"rendered":"<p>Encens grec parfum\u00e9 aux agrumes et en particulier \u00e0 l&rsquo;orange, de couleur \u00e9galement orange. Son parfum et id\u00e9al pour chasser les entit\u00e9s parasites, mais aussi pour faire fuir les insectes parasites dans un lieu, effet rafra\u00eechissant. Dans la description, r\u00e9f\u00e9rez-vous \u00e0 la recette qui potentialisera les effets de cet encens puissant.\u00a0 Il accompagnera aussi vos pri\u00e8res et vos m\u00e9ditations en faveur du chakra sacr\u00e9 et de votre lib\u00e9ration en cas de parasitages astraux. Coffret de 200 gr.<\/p>\n","protected":false},"featured_media":955,"comment_status":"open","ping_status":"closed","template":"","meta":[],"product_brand":[],"product_cat":[165,17],"product_tag":[168],"mwb_booking_cost":[],"mwb_booking_service":[],"class_list":{"0":"post-954","1":"product","2":"type-product","3":"status-publish","4":"has-post-thumbnail","6":"product_cat-10-encens","7":"product_cat-tous-les-produits","8":"product_tag-orange","10":"first","11":"instock","12":"shipping-taxable","13":"purchasable","14":"product-type-simple"},"yoast_head":"<!-- This site is optimized with the Yoast SEO plugin v27.1.1 - https:\/\/yoast.com\/product\/yoast-seo-wordpress\/ -->\n<title>Encens \u00e0 l&#039;ORANGE anti-infestations physiques et psychiques - Spirit-US<\/title>\n<meta name=\"robots\" content=\"index, follow, max-snippet:-1, max-image-preview:large, max-video-preview:-1\" \/>\n<link rel=\"canonical\" href=\"https:\/\/www.spirit-us.eu\/index.php\/produit\/encens-a-lorange-anti-infestations-physiques-et-psychiques\/\" \/>\n<meta property=\"og:locale\" content=\"fr_FR\" \/>\n<meta property=\"og:type\" content=\"article\" \/>\n<meta property=\"og:title\" content=\"Encens \u00e0 l&#039;ORANGE anti-infestations physiques et psychiques - Spirit-US\" \/>\n<meta property=\"og:description\" content=\"Encens grec parfum\u00e9 aux agrumes et en particulier \u00e0 l&#039;orange, de couleur \u00e9galement orange. Son parfum et id\u00e9al pour chasser les entit\u00e9s parasites, mais aussi pour faire fuir les insectes parasites dans un lieu, effet rafra\u00eechissant. Dans la description, r\u00e9f\u00e9rez-vous \u00e0 la recette qui potentialisera les effets de cet encens puissant.\u00a0 Il accompagnera aussi vos pri\u00e8res et vos m\u00e9ditations en faveur du chakra sacr\u00e9 et de votre lib\u00e9ration en cas de parasitages astraux. Coffret de 200 gr.\" \/>\n<meta property=\"og:url\" content=\"https:\/\/www.spirit-us.eu\/index.php\/produit\/encens-a-lorange-anti-infestations-physiques-et-psychiques\/\" \/>\n<meta property=\"og:site_name\" content=\"Spirit-US\" \/>\n<meta property=\"article:publisher\" content=\"https:\/\/www.facebook.com\/spirit.us.deum\" \/>\n<meta property=\"article:modified_time\" content=\"2026-04-05T02:59:27+00:00\" \/>\n<meta property=\"og:image\" content=\"https:\/\/www.spirit-us.eu\/wp-content\/uploads\/2025\/04\/encens-a-lorange-anti-parasite.png\" \/>\n\t<meta property=\"og:image:width\" content=\"1080\" \/>\n\t<meta property=\"og:image:height\" content=\"1080\" \/>\n\t<meta property=\"og:image:type\" content=\"image\/png\" \/>\n<meta name=\"twitter:card\" content=\"summary_large_image\" \/>\n<meta name=\"twitter:label1\" content=\"Dur\u00e9e de lecture estim\u00e9e\" \/>\n\t<meta name=\"twitter:data1\" content=\"2 minutes\" \/>\n<script type=\"application\/ld+json\" class=\"yoast-schema-graph\">{\"@context\":\"https:\/\/schema.org\",\"@graph\":[{\"@type\":\"WebPage\",\"@id\":\"https:\/\/www.spirit-us.eu\/index.php\/produit\/encens-a-lorange-anti-infestations-physiques-et-psychiques\/\",\"url\":\"https:\/\/www.spirit-us.eu\/index.php\/produit\/encens-a-lorange-anti-infestations-physiques-et-psychiques\/\",\"name\":\"Encens \u00e0 l'ORANGE anti-infestations physiques et psychiques - Spirit-US\",\"isPartOf\":{\"@id\":\"https:\/\/www.spirit-us.eu\/#website\"},\"primaryImageOfPage\":{\"@id\":\"https:\/\/www.spirit-us.eu\/index.php\/produit\/encens-a-lorange-anti-infestations-physiques-et-psychiques\/#primaryimage\"},\"image\":{\"@id\":\"https:\/\/www.spirit-us.eu\/index.php\/produit\/encens-a-lorange-anti-infestations-physiques-et-psychiques\/#primaryimage\"},\"thumbnailUrl\":\"https:\/\/www.spirit-us.eu\/wp-content\/uploads\/2025\/04\/encens-a-lorange-anti-parasite.png\",\"datePublished\":\"2025-04-21T10:45:59+00:00\",\"dateModified\":\"2026-04-05T02:59:27+00:00\",\"breadcrumb\":{\"@id\":\"https:\/\/www.spirit-us.eu\/index.php\/produit\/encens-a-lorange-anti-infestations-physiques-et-psychiques\/#breadcrumb\"},\"inLanguage\":\"fr-FR\",\"potentialAction\":[{\"@type\":\"ReadAction\",\"target\":[\"https:\/\/www.spirit-us.eu\/index.php\/produit\/encens-a-lorange-anti-infestations-physiques-et-psychiques\/\"]}]},{\"@type\":\"ImageObject\",\"inLanguage\":\"fr-FR\",\"@id\":\"https:\/\/www.spirit-us.eu\/index.php\/produit\/encens-a-lorange-anti-infestations-physiques-et-psychiques\/#primaryimage\",\"url\":\"https:\/\/www.spirit-us.eu\/wp-content\/uploads\/2025\/04\/encens-a-lorange-anti-parasite.png\",\"contentUrl\":\"https:\/\/www.spirit-us.eu\/wp-content\/uploads\/2025\/04\/encens-a-lorange-anti-parasite.png\",\"width\":1080,\"height\":1080},{\"@type\":\"BreadcrumbList\",\"@id\":\"https:\/\/www.spirit-us.eu\/index.php\/produit\/encens-a-lorange-anti-infestations-physiques-et-psychiques\/#breadcrumb\",\"itemListElement\":[{\"@type\":\"ListItem\",\"position\":1,\"name\":\"Accueil\",\"item\":\"https:\/\/www.spirit-us.eu\/\"},{\"@type\":\"ListItem\",\"position\":2,\"name\":\"Boutique\",\"item\":\"https:\/\/www.spirit-us.eu\/index.php\/boutique\/\"},{\"@type\":\"ListItem\",\"position\":3,\"name\":\"Encens \u00e0 l&rsquo;ORANGE anti-infestations physiques et psychiques\"}]},{\"@type\":\"WebSite\",\"@id\":\"https:\/\/www.spirit-us.eu\/#website\",\"url\":\"https:\/\/www.spirit-us.eu\/\",\"name\":\"Spirit-US\",\"description\":\"\",\"publisher\":{\"@id\":\"https:\/\/www.spirit-us.eu\/#organization\"},\"potentialAction\":[{\"@type\":\"SearchAction\",\"target\":{\"@type\":\"EntryPoint\",\"urlTemplate\":\"https:\/\/www.spirit-us.eu\/?s={search_term_string}\"},\"query-input\":{\"@type\":\"PropertyValueSpecification\",\"valueRequired\":true,\"valueName\":\"search_term_string\"}}],\"inLanguage\":\"fr-FR\"},{\"@type\":\"Organization\",\"@id\":\"https:\/\/www.spirit-us.eu\/#organization\",\"name\":\"Spirit-US\",\"url\":\"https:\/\/www.spirit-us.eu\/\",\"logo\":{\"@type\":\"ImageObject\",\"inLanguage\":\"fr-FR\",\"@id\":\"https:\/\/www.spirit-us.eu\/#\/schema\/logo\/image\/\",\"url\":\"https:\/\/www.spirit-us.eu\/wp-content\/uploads\/2025\/11\/logo-regarde-linterlocutrice-sans-arrriere-plan.jpg\",\"contentUrl\":\"https:\/\/www.spirit-us.eu\/wp-content\/uploads\/2025\/11\/logo-regarde-linterlocutrice-sans-arrriere-plan.jpg\",\"width\":1080,\"height\":1080,\"caption\":\"Spirit-US\"},\"image\":{\"@id\":\"https:\/\/www.spirit-us.eu\/#\/schema\/logo\/image\/\"},\"sameAs\":[\"https:\/\/www.facebook.com\/spirit.us.deum\"]}]}<\/script>\n<!-- \/ Yoast SEO plugin. -->","yoast_head_json":{"title":"Encens \u00e0 l'ORANGE anti-infestations physiques et psychiques - Spirit-US","robots":{"index":"index","follow":"follow","max-snippet":"max-snippet:-1","max-image-preview":"max-image-preview:large","max-video-preview":"max-video-preview:-1"},"canonical":"https:\/\/www.spirit-us.eu\/index.php\/produit\/encens-a-lorange-anti-infestations-physiques-et-psychiques\/","og_locale":"fr_FR","og_type":"article","og_title":"Encens \u00e0 l'ORANGE anti-infestations physiques et psychiques - Spirit-US","og_description":"Encens grec parfum\u00e9 aux agrumes et en particulier \u00e0 l'orange, de couleur \u00e9galement orange. Son parfum et id\u00e9al pour chasser les entit\u00e9s parasites, mais aussi pour faire fuir les insectes parasites dans un lieu, effet rafra\u00eechissant. Dans la description, r\u00e9f\u00e9rez-vous \u00e0 la recette qui potentialisera les effets de cet encens puissant.\u00a0 Il accompagnera aussi vos pri\u00e8res et vos m\u00e9ditations en faveur du chakra sacr\u00e9 et de votre lib\u00e9ration en cas de parasitages astraux. Coffret de 200 gr.","og_url":"https:\/\/www.spirit-us.eu\/index.php\/produit\/encens-a-lorange-anti-infestations-physiques-et-psychiques\/","og_site_name":"Spirit-US","article_publisher":"https:\/\/www.facebook.com\/spirit.us.deum","article_modified_time":"2026-04-05T02:59:27+00:00","og_image":[{"width":1080,"height":1080,"url":"https:\/\/www.spirit-us.eu\/wp-content\/uploads\/2025\/04\/encens-a-lorange-anti-parasite.png","type":"image\/png"}],"twitter_card":"summary_large_image","twitter_misc":{"Dur\u00e9e de lecture estim\u00e9e":"2 minutes"},"schema":{"@context":"https:\/\/schema.org","@graph":[{"@type":"WebPage","@id":"https:\/\/www.spirit-us.eu\/index.php\/produit\/encens-a-lorange-anti-infestations-physiques-et-psychiques\/","url":"https:\/\/www.spirit-us.eu\/index.php\/produit\/encens-a-lorange-anti-infestations-physiques-et-psychiques\/","name":"Encens \u00e0 l'ORANGE anti-infestations physiques et psychiques - Spirit-US","isPartOf":{"@id":"https:\/\/www.spirit-us.eu\/#website"},"primaryImageOfPage":{"@id":"https:\/\/www.spirit-us.eu\/index.php\/produit\/encens-a-lorange-anti-infestations-physiques-et-psychiques\/#primaryimage"},"image":{"@id":"https:\/\/www.spirit-us.eu\/index.php\/produit\/encens-a-lorange-anti-infestations-physiques-et-psychiques\/#primaryimage"},"thumbnailUrl":"https:\/\/www.spirit-us.eu\/wp-content\/uploads\/2025\/04\/encens-a-lorange-anti-parasite.png","datePublished":"2025-04-21T10:45:59+00:00","dateModified":"2026-04-05T02:59:27+00:00","breadcrumb":{"@id":"https:\/\/www.spirit-us.eu\/index.php\/produit\/encens-a-lorange-anti-infestations-physiques-et-psychiques\/#breadcrumb"},"inLanguage":"fr-FR","potentialAction":[{"@type":"ReadAction","target":["https:\/\/www.spirit-us.eu\/index.php\/produit\/encens-a-lorange-anti-infestations-physiques-et-psychiques\/"]}]},{"@type":"ImageObject","inLanguage":"fr-FR","@id":"https:\/\/www.spirit-us.eu\/index.php\/produit\/encens-a-lorange-anti-infestations-physiques-et-psychiques\/#primaryimage","url":"https:\/\/www.spirit-us.eu\/wp-content\/uploads\/2025\/04\/encens-a-lorange-anti-parasite.png","contentUrl":"https:\/\/www.spirit-us.eu\/wp-content\/uploads\/2025\/04\/encens-a-lorange-anti-parasite.png","width":1080,"height":1080},{"@type":"BreadcrumbList","@id":"https:\/\/www.spirit-us.eu\/index.php\/produit\/encens-a-lorange-anti-infestations-physiques-et-psychiques\/#breadcrumb","itemListElement":[{"@type":"ListItem","position":1,"name":"Accueil","item":"https:\/\/www.spirit-us.eu\/"},{"@type":"ListItem","position":2,"name":"Boutique","item":"https:\/\/www.spirit-us.eu\/index.php\/boutique\/"},{"@type":"ListItem","position":3,"name":"Encens \u00e0 l&rsquo;ORANGE anti-infestations physiques et psychiques"}]},{"@type":"WebSite","@id":"https:\/\/www.spirit-us.eu\/#website","url":"https:\/\/www.spirit-us.eu\/","name":"Spirit-US","description":"","publisher":{"@id":"https:\/\/www.spirit-us.eu\/#organization"},"potentialAction":[{"@type":"SearchAction","target":{"@type":"EntryPoint","urlTemplate":"https:\/\/www.spirit-us.eu\/?s={search_term_string}"},"query-input":{"@type":"PropertyValueSpecification","valueRequired":true,"valueName":"search_term_string"}}],"inLanguage":"fr-FR"},{"@type":"Organization","@id":"https:\/\/www.spirit-us.eu\/#organization","name":"Spirit-US","url":"https:\/\/www.spirit-us.eu\/","logo":{"@type":"ImageObject","inLanguage":"fr-FR","@id":"https:\/\/www.spirit-us.eu\/#\/schema\/logo\/image\/","url":"https:\/\/www.spirit-us.eu\/wp-content\/uploads\/2025\/11\/logo-regarde-linterlocutrice-sans-arrriere-plan.jpg","contentUrl":"https:\/\/www.spirit-us.eu\/wp-content\/uploads\/2025\/11\/logo-regarde-linterlocutrice-sans-arrriere-plan.jpg","width":1080,"height":1080,"caption":"Spirit-US"},"image":{"@id":"https:\/\/www.spirit-us.eu\/#\/schema\/logo\/image\/"},"sameAs":["https:\/\/www.facebook.com\/spirit.us.deum"]}]}},"jetpack_sharing_enabled":true,"_links":{"self":[{"href":"https:\/\/www.spirit-us.eu\/index.php\/wp-json\/wp\/v2\/product\/954","targetHints":{"allow":["GET"]}}],"collection":[{"href":"https:\/\/www.spirit-us.eu\/index.php\/wp-json\/wp\/v2\/product"}],"about":[{"href":"https:\/\/www.spirit-us.eu\/index.php\/wp-json\/wp\/v2\/types\/product"}],"replies":[{"embeddable":true,"href":"https:\/\/www.spirit-us.eu\/index.php\/wp-json\/wp\/v2\/comments?post=954"}],"wp:featuredmedia":[{"embeddable":true,"href":"https:\/\/www.spirit-us.eu\/index.php\/wp-json\/wp\/v2\/media\/955"}],"wp:attachment":[{"href":"https:\/\/www.spirit-us.eu\/index.php\/wp-json\/wp\/v2\/media?parent=954"}],"wp:term":[{"taxonomy":"product_brand","embeddable":true,"href":"https:\/\/www.spirit-us.eu\/index.php\/wp-json\/wp\/v2\/product_brand?post=954"},{"taxonomy":"product_cat","embeddable":true,"href":"https:\/\/www.spirit-us.eu\/index.php\/wp-json\/wp\/v2\/product_cat?post=954"},{"taxonomy":"product_tag","embeddable":true,"href":"https:\/\/www.spirit-us.eu\/index.php\/wp-json\/wp\/v2\/product_tag?post=954"},{"taxonomy":"mwb_booking_cost","embeddable":true,"href":"https:\/\/www.spirit-us.eu\/index.php\/wp-json\/wp\/v2\/mwb_booking_cost?post=954"},{"taxonomy":"mwb_booking_service","embeddable":true,"href":"https:\/\/www.spirit-us.eu\/index.php\/wp-json\/wp\/v2\/mwb_booking_service?post=954"}],"curies":[{"name":"wp","href":"https:\/\/api.w.org\/{rel}","templated":true}]}}