{"id":950,"date":"2025-04-21T12:21:06","date_gmt":"2025-04-21T10:21:06","guid":{"rendered":"https:\/\/www.spirit-us.eu\/?post_type=product&#038;p=950"},"modified":"2025-05-06T17:25:18","modified_gmt":"2025-05-06T15:25:18","slug":"statuette-de-meditation-bouddha-dore","status":"publish","type":"product","link":"https:\/\/www.spirit-us.eu\/index.php\/produit\/statuette-de-meditation-bouddha-dore\/","title":{"rendered":"Statuette de m\u00e9ditation : Bouddha dor\u00e9"},"content":{"rendered":"<p><strong>Description<\/strong><\/p>\n<p>Artisanat, statuette faite \u00e0 la main<\/p>\n<p><strong>Th\u00e8me<\/strong> :\u00a0Religieux et m\u00e9ditatif<\/p>\n<p><strong>Utilisation<\/strong> :\u00a0en int\u00e9rieur<\/p>\n<p><strong>Hauteur\u00a0: <\/strong>10,5 cm<\/p>\n<p><strong>Largeur\u00a0: <\/strong>6,5 cm<\/p>\n<p><strong>Couleurs :\u00a0<\/strong>dor\u00e9 et r\u00e9sine de couleur gr\u00e8ge<\/p>\n<p><strong>Poids\u00a0: <\/strong><\/p>\n<p><strong>Mat\u00e9riau<\/strong> :\u00a0R\u00e9sine<\/p>\n<p><strong>Origine<\/strong> :\u00a0Tha\u00eflande<\/p>\n","protected":false},"excerpt":{"rendered":"<p>Adorable statuette de Bouddha d\u00e9corative ou pour la m\u00e9ditation. \u00a0Bouddha en position du lotus Tha\u00eflandais, fait \u00e0 la main, \u00a0en r\u00e9sine d\u2019Asie du Sud-Est, dor\u00e9 et couleur gr\u00e8ge. \u00a0Objet de d\u00e9coration Zen, destin\u00e9 \u00e0 votre int\u00e9rieur o\u00f9 sa pr\u00e9sence discr\u00e8te vous accompagnera, aussi bien au bureau qu\u2019\u00e0 la maison.<\/p>\n","protected":false},"featured_media":951,"comment_status":"open","ping_status":"closed","template":"","meta":[],"product_brand":[],"product_cat":[17],"product_tag":[],"mwb_booking_cost":[],"mwb_booking_service":[],"class_list":{"0":"post-950","1":"product","2":"type-product","3":"status-publish","4":"has-post-thumbnail","6":"product_cat-tous-les-produits","8":"first","9":"instock","10":"shipping-taxable","11":"purchasable","12":"product-type-simple"},"yoast_head":"<!-- This site is optimized with the Yoast SEO plugin v27.1.1 - https:\/\/yoast.com\/product\/yoast-seo-wordpress\/ -->\n<title>Statuette de m\u00e9ditation : Bouddha dor\u00e9 - Spirit-US<\/title>\n<meta name=\"robots\" content=\"index, follow, max-snippet:-1, max-image-preview:large, max-video-preview:-1\" \/>\n<link rel=\"canonical\" href=\"https:\/\/www.spirit-us.eu\/index.php\/produit\/statuette-de-meditation-bouddha-dore\/\" \/>\n<meta property=\"og:locale\" content=\"fr_FR\" \/>\n<meta property=\"og:type\" content=\"article\" \/>\n<meta property=\"og:title\" content=\"Statuette de m\u00e9ditation : Bouddha dor\u00e9 - Spirit-US\" \/>\n<meta property=\"og:description\" content=\"Adorable statuette de Bouddha d\u00e9corative ou pour la m\u00e9ditation. \u00a0Bouddha en position du lotus Tha\u00eflandais, fait \u00e0 la main, \u00a0en r\u00e9sine d\u2019Asie du Sud-Est, dor\u00e9 et couleur gr\u00e8ge. \u00a0Objet de d\u00e9coration Zen, destin\u00e9 \u00e0 votre int\u00e9rieur o\u00f9 sa pr\u00e9sence discr\u00e8te vous accompagnera, aussi bien au bureau qu\u2019\u00e0 la maison.\" \/>\n<meta property=\"og:url\" content=\"https:\/\/www.spirit-us.eu\/index.php\/produit\/statuette-de-meditation-bouddha-dore\/\" \/>\n<meta property=\"og:site_name\" content=\"Spirit-US\" \/>\n<meta property=\"article:publisher\" content=\"https:\/\/www.facebook.com\/spirit.us.deum\" \/>\n<meta property=\"article:modified_time\" content=\"2025-05-06T15:25:18+00:00\" \/>\n<meta property=\"og:image\" content=\"https:\/\/www.spirit-us.eu\/wp-content\/uploads\/2025\/04\/bouddha-dore-image-produit.png\" \/>\n\t<meta property=\"og:image:width\" content=\"1080\" \/>\n\t<meta property=\"og:image:height\" content=\"1080\" \/>\n\t<meta property=\"og:image:type\" content=\"image\/png\" \/>\n<meta name=\"twitter:card\" content=\"summary_large_image\" \/>\n<script type=\"application\/ld+json\" class=\"yoast-schema-graph\">{\"@context\":\"https:\/\/schema.org\",\"@graph\":[{\"@type\":\"WebPage\",\"@id\":\"https:\/\/www.spirit-us.eu\/index.php\/produit\/statuette-de-meditation-bouddha-dore\/\",\"url\":\"https:\/\/www.spirit-us.eu\/index.php\/produit\/statuette-de-meditation-bouddha-dore\/\",\"name\":\"Statuette de m\u00e9ditation : Bouddha dor\u00e9 - Spirit-US\",\"isPartOf\":{\"@id\":\"https:\/\/www.spirit-us.eu\/#website\"},\"primaryImageOfPage\":{\"@id\":\"https:\/\/www.spirit-us.eu\/index.php\/produit\/statuette-de-meditation-bouddha-dore\/#primaryimage\"},\"image\":{\"@id\":\"https:\/\/www.spirit-us.eu\/index.php\/produit\/statuette-de-meditation-bouddha-dore\/#primaryimage\"},\"thumbnailUrl\":\"https:\/\/www.spirit-us.eu\/wp-content\/uploads\/2025\/04\/bouddha-dore-image-produit.png\",\"datePublished\":\"2025-04-21T10:21:06+00:00\",\"dateModified\":\"2025-05-06T15:25:18+00:00\",\"breadcrumb\":{\"@id\":\"https:\/\/www.spirit-us.eu\/index.php\/produit\/statuette-de-meditation-bouddha-dore\/#breadcrumb\"},\"inLanguage\":\"fr-FR\",\"potentialAction\":[{\"@type\":\"ReadAction\",\"target\":[\"https:\/\/www.spirit-us.eu\/index.php\/produit\/statuette-de-meditation-bouddha-dore\/\"]}]},{\"@type\":\"ImageObject\",\"inLanguage\":\"fr-FR\",\"@id\":\"https:\/\/www.spirit-us.eu\/index.php\/produit\/statuette-de-meditation-bouddha-dore\/#primaryimage\",\"url\":\"https:\/\/www.spirit-us.eu\/wp-content\/uploads\/2025\/04\/bouddha-dore-image-produit.png\",\"contentUrl\":\"https:\/\/www.spirit-us.eu\/wp-content\/uploads\/2025\/04\/bouddha-dore-image-produit.png\",\"width\":1080,\"height\":1080},{\"@type\":\"BreadcrumbList\",\"@id\":\"https:\/\/www.spirit-us.eu\/index.php\/produit\/statuette-de-meditation-bouddha-dore\/#breadcrumb\",\"itemListElement\":[{\"@type\":\"ListItem\",\"position\":1,\"name\":\"Accueil\",\"item\":\"https:\/\/www.spirit-us.eu\/\"},{\"@type\":\"ListItem\",\"position\":2,\"name\":\"Boutique\",\"item\":\"https:\/\/www.spirit-us.eu\/index.php\/boutique\/\"},{\"@type\":\"ListItem\",\"position\":3,\"name\":\"Statuette de m\u00e9ditation : Bouddha dor\u00e9\"}]},{\"@type\":\"WebSite\",\"@id\":\"https:\/\/www.spirit-us.eu\/#website\",\"url\":\"https:\/\/www.spirit-us.eu\/\",\"name\":\"Spirit-US\",\"description\":\"\",\"publisher\":{\"@id\":\"https:\/\/www.spirit-us.eu\/#organization\"},\"potentialAction\":[{\"@type\":\"SearchAction\",\"target\":{\"@type\":\"EntryPoint\",\"urlTemplate\":\"https:\/\/www.spirit-us.eu\/?s={search_term_string}\"},\"query-input\":{\"@type\":\"PropertyValueSpecification\",\"valueRequired\":true,\"valueName\":\"search_term_string\"}}],\"inLanguage\":\"fr-FR\"},{\"@type\":\"Organization\",\"@id\":\"https:\/\/www.spirit-us.eu\/#organization\",\"name\":\"Spirit-US\",\"url\":\"https:\/\/www.spirit-us.eu\/\",\"logo\":{\"@type\":\"ImageObject\",\"inLanguage\":\"fr-FR\",\"@id\":\"https:\/\/www.spirit-us.eu\/#\/schema\/logo\/image\/\",\"url\":\"https:\/\/www.spirit-us.eu\/wp-content\/uploads\/2025\/11\/logo-regarde-linterlocutrice-sans-arrriere-plan.jpg\",\"contentUrl\":\"https:\/\/www.spirit-us.eu\/wp-content\/uploads\/2025\/11\/logo-regarde-linterlocutrice-sans-arrriere-plan.jpg\",\"width\":1080,\"height\":1080,\"caption\":\"Spirit-US\"},\"image\":{\"@id\":\"https:\/\/www.spirit-us.eu\/#\/schema\/logo\/image\/\"},\"sameAs\":[\"https:\/\/www.facebook.com\/spirit.us.deum\"]}]}<\/script>\n<!-- \/ Yoast SEO plugin. -->","yoast_head_json":{"title":"Statuette de m\u00e9ditation : Bouddha dor\u00e9 - Spirit-US","robots":{"index":"index","follow":"follow","max-snippet":"max-snippet:-1","max-image-preview":"max-image-preview:large","max-video-preview":"max-video-preview:-1"},"canonical":"https:\/\/www.spirit-us.eu\/index.php\/produit\/statuette-de-meditation-bouddha-dore\/","og_locale":"fr_FR","og_type":"article","og_title":"Statuette de m\u00e9ditation : Bouddha dor\u00e9 - Spirit-US","og_description":"Adorable statuette de Bouddha d\u00e9corative ou pour la m\u00e9ditation. \u00a0Bouddha en position du lotus Tha\u00eflandais, fait \u00e0 la main, \u00a0en r\u00e9sine d\u2019Asie du Sud-Est, dor\u00e9 et couleur gr\u00e8ge. \u00a0Objet de d\u00e9coration Zen, destin\u00e9 \u00e0 votre int\u00e9rieur o\u00f9 sa pr\u00e9sence discr\u00e8te vous accompagnera, aussi bien au bureau qu\u2019\u00e0 la maison.","og_url":"https:\/\/www.spirit-us.eu\/index.php\/produit\/statuette-de-meditation-bouddha-dore\/","og_site_name":"Spirit-US","article_publisher":"https:\/\/www.facebook.com\/spirit.us.deum","article_modified_time":"2025-05-06T15:25:18+00:00","og_image":[{"width":1080,"height":1080,"url":"https:\/\/www.spirit-us.eu\/wp-content\/uploads\/2025\/04\/bouddha-dore-image-produit.png","type":"image\/png"}],"twitter_card":"summary_large_image","schema":{"@context":"https:\/\/schema.org","@graph":[{"@type":"WebPage","@id":"https:\/\/www.spirit-us.eu\/index.php\/produit\/statuette-de-meditation-bouddha-dore\/","url":"https:\/\/www.spirit-us.eu\/index.php\/produit\/statuette-de-meditation-bouddha-dore\/","name":"Statuette de m\u00e9ditation : Bouddha dor\u00e9 - Spirit-US","isPartOf":{"@id":"https:\/\/www.spirit-us.eu\/#website"},"primaryImageOfPage":{"@id":"https:\/\/www.spirit-us.eu\/index.php\/produit\/statuette-de-meditation-bouddha-dore\/#primaryimage"},"image":{"@id":"https:\/\/www.spirit-us.eu\/index.php\/produit\/statuette-de-meditation-bouddha-dore\/#primaryimage"},"thumbnailUrl":"https:\/\/www.spirit-us.eu\/wp-content\/uploads\/2025\/04\/bouddha-dore-image-produit.png","datePublished":"2025-04-21T10:21:06+00:00","dateModified":"2025-05-06T15:25:18+00:00","breadcrumb":{"@id":"https:\/\/www.spirit-us.eu\/index.php\/produit\/statuette-de-meditation-bouddha-dore\/#breadcrumb"},"inLanguage":"fr-FR","potentialAction":[{"@type":"ReadAction","target":["https:\/\/www.spirit-us.eu\/index.php\/produit\/statuette-de-meditation-bouddha-dore\/"]}]},{"@type":"ImageObject","inLanguage":"fr-FR","@id":"https:\/\/www.spirit-us.eu\/index.php\/produit\/statuette-de-meditation-bouddha-dore\/#primaryimage","url":"https:\/\/www.spirit-us.eu\/wp-content\/uploads\/2025\/04\/bouddha-dore-image-produit.png","contentUrl":"https:\/\/www.spirit-us.eu\/wp-content\/uploads\/2025\/04\/bouddha-dore-image-produit.png","width":1080,"height":1080},{"@type":"BreadcrumbList","@id":"https:\/\/www.spirit-us.eu\/index.php\/produit\/statuette-de-meditation-bouddha-dore\/#breadcrumb","itemListElement":[{"@type":"ListItem","position":1,"name":"Accueil","item":"https:\/\/www.spirit-us.eu\/"},{"@type":"ListItem","position":2,"name":"Boutique","item":"https:\/\/www.spirit-us.eu\/index.php\/boutique\/"},{"@type":"ListItem","position":3,"name":"Statuette de m\u00e9ditation : Bouddha dor\u00e9"}]},{"@type":"WebSite","@id":"https:\/\/www.spirit-us.eu\/#website","url":"https:\/\/www.spirit-us.eu\/","name":"Spirit-US","description":"","publisher":{"@id":"https:\/\/www.spirit-us.eu\/#organization"},"potentialAction":[{"@type":"SearchAction","target":{"@type":"EntryPoint","urlTemplate":"https:\/\/www.spirit-us.eu\/?s={search_term_string}"},"query-input":{"@type":"PropertyValueSpecification","valueRequired":true,"valueName":"search_term_string"}}],"inLanguage":"fr-FR"},{"@type":"Organization","@id":"https:\/\/www.spirit-us.eu\/#organization","name":"Spirit-US","url":"https:\/\/www.spirit-us.eu\/","logo":{"@type":"ImageObject","inLanguage":"fr-FR","@id":"https:\/\/www.spirit-us.eu\/#\/schema\/logo\/image\/","url":"https:\/\/www.spirit-us.eu\/wp-content\/uploads\/2025\/11\/logo-regarde-linterlocutrice-sans-arrriere-plan.jpg","contentUrl":"https:\/\/www.spirit-us.eu\/wp-content\/uploads\/2025\/11\/logo-regarde-linterlocutrice-sans-arrriere-plan.jpg","width":1080,"height":1080,"caption":"Spirit-US"},"image":{"@id":"https:\/\/www.spirit-us.eu\/#\/schema\/logo\/image\/"},"sameAs":["https:\/\/www.facebook.com\/spirit.us.deum"]}]}},"jetpack_sharing_enabled":true,"_links":{"self":[{"href":"https:\/\/www.spirit-us.eu\/index.php\/wp-json\/wp\/v2\/product\/950","targetHints":{"allow":["GET"]}}],"collection":[{"href":"https:\/\/www.spirit-us.eu\/index.php\/wp-json\/wp\/v2\/product"}],"about":[{"href":"https:\/\/www.spirit-us.eu\/index.php\/wp-json\/wp\/v2\/types\/product"}],"replies":[{"embeddable":true,"href":"https:\/\/www.spirit-us.eu\/index.php\/wp-json\/wp\/v2\/comments?post=950"}],"wp:featuredmedia":[{"embeddable":true,"href":"https:\/\/www.spirit-us.eu\/index.php\/wp-json\/wp\/v2\/media\/951"}],"wp:attachment":[{"href":"https:\/\/www.spirit-us.eu\/index.php\/wp-json\/wp\/v2\/media?parent=950"}],"wp:term":[{"taxonomy":"product_brand","embeddable":true,"href":"https:\/\/www.spirit-us.eu\/index.php\/wp-json\/wp\/v2\/product_brand?post=950"},{"taxonomy":"product_cat","embeddable":true,"href":"https:\/\/www.spirit-us.eu\/index.php\/wp-json\/wp\/v2\/product_cat?post=950"},{"taxonomy":"product_tag","embeddable":true,"href":"https:\/\/www.spirit-us.eu\/index.php\/wp-json\/wp\/v2\/product_tag?post=950"},{"taxonomy":"mwb_booking_cost","embeddable":true,"href":"https:\/\/www.spirit-us.eu\/index.php\/wp-json\/wp\/v2\/mwb_booking_cost?post=950"},{"taxonomy":"mwb_booking_service","embeddable":true,"href":"https:\/\/www.spirit-us.eu\/index.php\/wp-json\/wp\/v2\/mwb_booking_service?post=950"}],"curies":[{"name":"wp","href":"https:\/\/api.w.org\/{rel}","templated":true}]}}