{"id":944,"date":"2025-04-21T11:36:24","date_gmt":"2025-04-21T09:36:24","guid":{"rendered":"https:\/\/www.spirit-us.eu\/?post_type=product&#038;p=944"},"modified":"2025-04-21T11:48:43","modified_gmt":"2025-04-21T09:48:43","slug":"brule-encens-en-ceramique-bleue-dethiopie","status":"publish","type":"product","link":"https:\/\/www.spirit-us.eu\/index.php\/produit\/brule-encens-en-ceramique-bleue-dethiopie\/","title":{"rendered":"Br\u00fble-encens en c\u00e9ramique bleue d\u2019Ethiopie"},"content":{"rendered":"<p><strong>Description <\/strong><\/p>\n<p><strong>Hauteur\u00a0: <\/strong>18 cm<\/p>\n<p><strong>Poids de livraison : <\/strong>0.5 Kg<\/p>\n<p><strong>Mat\u00e9riau\u00a0: <\/strong>C\u00e9ramique<\/p>\n<p><strong>Origine : <\/strong>\u00c9thiopie<\/p>\n","protected":false},"excerpt":{"rendered":"<p>Adorable br\u00fbleur d&rsquo;encens ethnique, en c\u00e9ramique de couleur bleue, r\u00e9alis\u00e9 \u00e0 la main en \u00c9thiopie, dot\u00e9 de filet m\u00e9tallique pratique pour permettre l&rsquo;\u00e9vacuation des cendres du charbon et de l&rsquo;encens. Les lignes modernes et \u00e9pur\u00e9es de ce br\u00fbleur pour encens, orn\u00e9 de la sainte Croix, le rendent adapt\u00e9 \u00e0 tout milieu, et reste pratique et d\u00e9coratif. Sa couleur bleue le relie en particulier \u00e0 Marie, reine de l&rsquo;Univers et \u00e0 saint Michel archange, le protecteur divin.<\/p>\n","protected":false},"featured_media":945,"comment_status":"open","ping_status":"closed","template":"","meta":[],"product_brand":[],"product_cat":[165,17],"product_tag":[167],"mwb_booking_cost":[],"mwb_booking_service":[],"class_list":{"0":"post-944","1":"product","2":"type-product","3":"status-publish","4":"has-post-thumbnail","6":"product_cat-10-encens","7":"product_cat-tous-les-produits","8":"product_tag-bleu","10":"first","11":"instock","12":"sale","13":"shipping-taxable","14":"purchasable","15":"product-type-simple"},"yoast_head":"<!-- This site is optimized with the Yoast SEO plugin v27.1.1 - https:\/\/yoast.com\/product\/yoast-seo-wordpress\/ -->\n<title>Br\u00fble-encens en c\u00e9ramique bleue d\u2019Ethiopie - Spirit-US<\/title>\n<meta name=\"robots\" content=\"index, follow, max-snippet:-1, max-image-preview:large, max-video-preview:-1\" \/>\n<link rel=\"canonical\" href=\"https:\/\/www.spirit-us.eu\/index.php\/produit\/brule-encens-en-ceramique-bleue-dethiopie\/\" \/>\n<meta property=\"og:locale\" content=\"fr_FR\" \/>\n<meta property=\"og:type\" content=\"article\" \/>\n<meta property=\"og:title\" content=\"Br\u00fble-encens en c\u00e9ramique bleue d\u2019Ethiopie - Spirit-US\" \/>\n<meta property=\"og:description\" content=\"Adorable br\u00fbleur d&#039;encens ethnique, en c\u00e9ramique de couleur bleue, r\u00e9alis\u00e9 \u00e0 la main en \u00c9thiopie, dot\u00e9 de filet m\u00e9tallique pratique pour permettre l&#039;\u00e9vacuation des cendres du charbon et de l&#039;encens. Les lignes modernes et \u00e9pur\u00e9es de ce br\u00fbleur pour encens, orn\u00e9 de la sainte Croix, le rendent adapt\u00e9 \u00e0 tout milieu, et reste pratique et d\u00e9coratif. Sa couleur bleue le relie en particulier \u00e0 Marie, reine de l&#039;Univers et \u00e0 saint Michel archange, le protecteur divin.\" \/>\n<meta property=\"og:url\" content=\"https:\/\/www.spirit-us.eu\/index.php\/produit\/brule-encens-en-ceramique-bleue-dethiopie\/\" \/>\n<meta property=\"og:site_name\" content=\"Spirit-US\" \/>\n<meta property=\"article:publisher\" content=\"https:\/\/www.facebook.com\/spirit.us.deum\" \/>\n<meta property=\"article:modified_time\" content=\"2025-04-21T09:48:43+00:00\" \/>\n<meta property=\"og:image\" content=\"https:\/\/www.spirit-us.eu\/wp-content\/uploads\/2025\/04\/brule-encens-ethiopie-bleu-image-produit-de-base-1024x1024.png\" \/>\n\t<meta property=\"og:image:width\" content=\"1024\" \/>\n\t<meta property=\"og:image:height\" content=\"1024\" \/>\n\t<meta property=\"og:image:type\" content=\"image\/png\" \/>\n<meta name=\"twitter:card\" content=\"summary_large_image\" \/>\n<script type=\"application\/ld+json\" class=\"yoast-schema-graph\">{\"@context\":\"https:\/\/schema.org\",\"@graph\":[{\"@type\":\"WebPage\",\"@id\":\"https:\/\/www.spirit-us.eu\/index.php\/produit\/brule-encens-en-ceramique-bleue-dethiopie\/\",\"url\":\"https:\/\/www.spirit-us.eu\/index.php\/produit\/brule-encens-en-ceramique-bleue-dethiopie\/\",\"name\":\"Br\u00fble-encens en c\u00e9ramique bleue d\u2019Ethiopie - Spirit-US\",\"isPartOf\":{\"@id\":\"https:\/\/www.spirit-us.eu\/#website\"},\"primaryImageOfPage\":{\"@id\":\"https:\/\/www.spirit-us.eu\/index.php\/produit\/brule-encens-en-ceramique-bleue-dethiopie\/#primaryimage\"},\"image\":{\"@id\":\"https:\/\/www.spirit-us.eu\/index.php\/produit\/brule-encens-en-ceramique-bleue-dethiopie\/#primaryimage\"},\"thumbnailUrl\":\"https:\/\/www.spirit-us.eu\/wp-content\/uploads\/2025\/04\/brule-encens-ethiopie-bleu-image-produit-de-base-scaled.png\",\"datePublished\":\"2025-04-21T09:36:24+00:00\",\"dateModified\":\"2025-04-21T09:48:43+00:00\",\"breadcrumb\":{\"@id\":\"https:\/\/www.spirit-us.eu\/index.php\/produit\/brule-encens-en-ceramique-bleue-dethiopie\/#breadcrumb\"},\"inLanguage\":\"fr-FR\",\"potentialAction\":[{\"@type\":\"ReadAction\",\"target\":[\"https:\/\/www.spirit-us.eu\/index.php\/produit\/brule-encens-en-ceramique-bleue-dethiopie\/\"]}]},{\"@type\":\"ImageObject\",\"inLanguage\":\"fr-FR\",\"@id\":\"https:\/\/www.spirit-us.eu\/index.php\/produit\/brule-encens-en-ceramique-bleue-dethiopie\/#primaryimage\",\"url\":\"https:\/\/www.spirit-us.eu\/wp-content\/uploads\/2025\/04\/brule-encens-ethiopie-bleu-image-produit-de-base-scaled.png\",\"contentUrl\":\"https:\/\/www.spirit-us.eu\/wp-content\/uploads\/2025\/04\/brule-encens-ethiopie-bleu-image-produit-de-base-scaled.png\",\"width\":2560,\"height\":2560},{\"@type\":\"BreadcrumbList\",\"@id\":\"https:\/\/www.spirit-us.eu\/index.php\/produit\/brule-encens-en-ceramique-bleue-dethiopie\/#breadcrumb\",\"itemListElement\":[{\"@type\":\"ListItem\",\"position\":1,\"name\":\"Accueil\",\"item\":\"https:\/\/www.spirit-us.eu\/\"},{\"@type\":\"ListItem\",\"position\":2,\"name\":\"Boutique\",\"item\":\"https:\/\/www.spirit-us.eu\/index.php\/boutique\/\"},{\"@type\":\"ListItem\",\"position\":3,\"name\":\"Br\u00fble-encens en c\u00e9ramique bleue d\u2019Ethiopie\"}]},{\"@type\":\"WebSite\",\"@id\":\"https:\/\/www.spirit-us.eu\/#website\",\"url\":\"https:\/\/www.spirit-us.eu\/\",\"name\":\"Spirit-US\",\"description\":\"\",\"publisher\":{\"@id\":\"https:\/\/www.spirit-us.eu\/#organization\"},\"potentialAction\":[{\"@type\":\"SearchAction\",\"target\":{\"@type\":\"EntryPoint\",\"urlTemplate\":\"https:\/\/www.spirit-us.eu\/?s={search_term_string}\"},\"query-input\":{\"@type\":\"PropertyValueSpecification\",\"valueRequired\":true,\"valueName\":\"search_term_string\"}}],\"inLanguage\":\"fr-FR\"},{\"@type\":\"Organization\",\"@id\":\"https:\/\/www.spirit-us.eu\/#organization\",\"name\":\"Spirit-US\",\"url\":\"https:\/\/www.spirit-us.eu\/\",\"logo\":{\"@type\":\"ImageObject\",\"inLanguage\":\"fr-FR\",\"@id\":\"https:\/\/www.spirit-us.eu\/#\/schema\/logo\/image\/\",\"url\":\"https:\/\/www.spirit-us.eu\/wp-content\/uploads\/2025\/11\/logo-regarde-linterlocutrice-sans-arrriere-plan.jpg\",\"contentUrl\":\"https:\/\/www.spirit-us.eu\/wp-content\/uploads\/2025\/11\/logo-regarde-linterlocutrice-sans-arrriere-plan.jpg\",\"width\":1080,\"height\":1080,\"caption\":\"Spirit-US\"},\"image\":{\"@id\":\"https:\/\/www.spirit-us.eu\/#\/schema\/logo\/image\/\"},\"sameAs\":[\"https:\/\/www.facebook.com\/spirit.us.deum\"]}]}<\/script>\n<!-- \/ Yoast SEO plugin. -->","yoast_head_json":{"title":"Br\u00fble-encens en c\u00e9ramique bleue d\u2019Ethiopie - Spirit-US","robots":{"index":"index","follow":"follow","max-snippet":"max-snippet:-1","max-image-preview":"max-image-preview:large","max-video-preview":"max-video-preview:-1"},"canonical":"https:\/\/www.spirit-us.eu\/index.php\/produit\/brule-encens-en-ceramique-bleue-dethiopie\/","og_locale":"fr_FR","og_type":"article","og_title":"Br\u00fble-encens en c\u00e9ramique bleue d\u2019Ethiopie - Spirit-US","og_description":"Adorable br\u00fbleur d'encens ethnique, en c\u00e9ramique de couleur bleue, r\u00e9alis\u00e9 \u00e0 la main en \u00c9thiopie, dot\u00e9 de filet m\u00e9tallique pratique pour permettre l'\u00e9vacuation des cendres du charbon et de l'encens. Les lignes modernes et \u00e9pur\u00e9es de ce br\u00fbleur pour encens, orn\u00e9 de la sainte Croix, le rendent adapt\u00e9 \u00e0 tout milieu, et reste pratique et d\u00e9coratif. Sa couleur bleue le relie en particulier \u00e0 Marie, reine de l'Univers et \u00e0 saint Michel archange, le protecteur divin.","og_url":"https:\/\/www.spirit-us.eu\/index.php\/produit\/brule-encens-en-ceramique-bleue-dethiopie\/","og_site_name":"Spirit-US","article_publisher":"https:\/\/www.facebook.com\/spirit.us.deum","article_modified_time":"2025-04-21T09:48:43+00:00","og_image":[{"width":1024,"height":1024,"url":"https:\/\/www.spirit-us.eu\/wp-content\/uploads\/2025\/04\/brule-encens-ethiopie-bleu-image-produit-de-base-1024x1024.png","type":"image\/png"}],"twitter_card":"summary_large_image","schema":{"@context":"https:\/\/schema.org","@graph":[{"@type":"WebPage","@id":"https:\/\/www.spirit-us.eu\/index.php\/produit\/brule-encens-en-ceramique-bleue-dethiopie\/","url":"https:\/\/www.spirit-us.eu\/index.php\/produit\/brule-encens-en-ceramique-bleue-dethiopie\/","name":"Br\u00fble-encens en c\u00e9ramique bleue d\u2019Ethiopie - Spirit-US","isPartOf":{"@id":"https:\/\/www.spirit-us.eu\/#website"},"primaryImageOfPage":{"@id":"https:\/\/www.spirit-us.eu\/index.php\/produit\/brule-encens-en-ceramique-bleue-dethiopie\/#primaryimage"},"image":{"@id":"https:\/\/www.spirit-us.eu\/index.php\/produit\/brule-encens-en-ceramique-bleue-dethiopie\/#primaryimage"},"thumbnailUrl":"https:\/\/www.spirit-us.eu\/wp-content\/uploads\/2025\/04\/brule-encens-ethiopie-bleu-image-produit-de-base-scaled.png","datePublished":"2025-04-21T09:36:24+00:00","dateModified":"2025-04-21T09:48:43+00:00","breadcrumb":{"@id":"https:\/\/www.spirit-us.eu\/index.php\/produit\/brule-encens-en-ceramique-bleue-dethiopie\/#breadcrumb"},"inLanguage":"fr-FR","potentialAction":[{"@type":"ReadAction","target":["https:\/\/www.spirit-us.eu\/index.php\/produit\/brule-encens-en-ceramique-bleue-dethiopie\/"]}]},{"@type":"ImageObject","inLanguage":"fr-FR","@id":"https:\/\/www.spirit-us.eu\/index.php\/produit\/brule-encens-en-ceramique-bleue-dethiopie\/#primaryimage","url":"https:\/\/www.spirit-us.eu\/wp-content\/uploads\/2025\/04\/brule-encens-ethiopie-bleu-image-produit-de-base-scaled.png","contentUrl":"https:\/\/www.spirit-us.eu\/wp-content\/uploads\/2025\/04\/brule-encens-ethiopie-bleu-image-produit-de-base-scaled.png","width":2560,"height":2560},{"@type":"BreadcrumbList","@id":"https:\/\/www.spirit-us.eu\/index.php\/produit\/brule-encens-en-ceramique-bleue-dethiopie\/#breadcrumb","itemListElement":[{"@type":"ListItem","position":1,"name":"Accueil","item":"https:\/\/www.spirit-us.eu\/"},{"@type":"ListItem","position":2,"name":"Boutique","item":"https:\/\/www.spirit-us.eu\/index.php\/boutique\/"},{"@type":"ListItem","position":3,"name":"Br\u00fble-encens en c\u00e9ramique bleue d\u2019Ethiopie"}]},{"@type":"WebSite","@id":"https:\/\/www.spirit-us.eu\/#website","url":"https:\/\/www.spirit-us.eu\/","name":"Spirit-US","description":"","publisher":{"@id":"https:\/\/www.spirit-us.eu\/#organization"},"potentialAction":[{"@type":"SearchAction","target":{"@type":"EntryPoint","urlTemplate":"https:\/\/www.spirit-us.eu\/?s={search_term_string}"},"query-input":{"@type":"PropertyValueSpecification","valueRequired":true,"valueName":"search_term_string"}}],"inLanguage":"fr-FR"},{"@type":"Organization","@id":"https:\/\/www.spirit-us.eu\/#organization","name":"Spirit-US","url":"https:\/\/www.spirit-us.eu\/","logo":{"@type":"ImageObject","inLanguage":"fr-FR","@id":"https:\/\/www.spirit-us.eu\/#\/schema\/logo\/image\/","url":"https:\/\/www.spirit-us.eu\/wp-content\/uploads\/2025\/11\/logo-regarde-linterlocutrice-sans-arrriere-plan.jpg","contentUrl":"https:\/\/www.spirit-us.eu\/wp-content\/uploads\/2025\/11\/logo-regarde-linterlocutrice-sans-arrriere-plan.jpg","width":1080,"height":1080,"caption":"Spirit-US"},"image":{"@id":"https:\/\/www.spirit-us.eu\/#\/schema\/logo\/image\/"},"sameAs":["https:\/\/www.facebook.com\/spirit.us.deum"]}]}},"jetpack_sharing_enabled":true,"_links":{"self":[{"href":"https:\/\/www.spirit-us.eu\/index.php\/wp-json\/wp\/v2\/product\/944","targetHints":{"allow":["GET"]}}],"collection":[{"href":"https:\/\/www.spirit-us.eu\/index.php\/wp-json\/wp\/v2\/product"}],"about":[{"href":"https:\/\/www.spirit-us.eu\/index.php\/wp-json\/wp\/v2\/types\/product"}],"replies":[{"embeddable":true,"href":"https:\/\/www.spirit-us.eu\/index.php\/wp-json\/wp\/v2\/comments?post=944"}],"wp:featuredmedia":[{"embeddable":true,"href":"https:\/\/www.spirit-us.eu\/index.php\/wp-json\/wp\/v2\/media\/945"}],"wp:attachment":[{"href":"https:\/\/www.spirit-us.eu\/index.php\/wp-json\/wp\/v2\/media?parent=944"}],"wp:term":[{"taxonomy":"product_brand","embeddable":true,"href":"https:\/\/www.spirit-us.eu\/index.php\/wp-json\/wp\/v2\/product_brand?post=944"},{"taxonomy":"product_cat","embeddable":true,"href":"https:\/\/www.spirit-us.eu\/index.php\/wp-json\/wp\/v2\/product_cat?post=944"},{"taxonomy":"product_tag","embeddable":true,"href":"https:\/\/www.spirit-us.eu\/index.php\/wp-json\/wp\/v2\/product_tag?post=944"},{"taxonomy":"mwb_booking_cost","embeddable":true,"href":"https:\/\/www.spirit-us.eu\/index.php\/wp-json\/wp\/v2\/mwb_booking_cost?post=944"},{"taxonomy":"mwb_booking_service","embeddable":true,"href":"https:\/\/www.spirit-us.eu\/index.php\/wp-json\/wp\/v2\/mwb_booking_service?post=944"}],"curies":[{"name":"wp","href":"https:\/\/api.w.org\/{rel}","templated":true}]}}