{"id":940,"date":"2025-04-21T11:26:28","date_gmt":"2025-04-21T09:26:28","guid":{"rendered":"https:\/\/www.spirit-us.eu\/?post_type=product&#038;p=940"},"modified":"2026-01-05T21:25:01","modified_gmt":"2026-01-05T20:25:01","slug":"ceremonie-de-benediction-des-cierges-doffrande","status":"publish","type":"product","link":"https:\/\/www.spirit-us.eu\/index.php\/produit\/ceremonie-de-benediction-des-cierges-doffrande\/","title":{"rendered":"C\u00e9r\u00e9monie de b\u00e9n\u00e9diction des CIERGES d&rsquo;offrande"},"content":{"rendered":"<p style=\"text-align: justify;\">Toute d\u00e9marche de Lumi\u00e8re vers le divin, n\u00e9cessite l\u2019utilisation d\u2019offrandes. Leur nature et leur nombre sont pr\u00e9cis. Cierges, eau, sel, encens, huile d\u2019onction et parfois un \u00e9l\u00e9ment suppl\u00e9mentaire comme des herbes soignantes, ou une pi\u00e8ce d\u2019or, du pain, ou quelques \u00e9l\u00e9ments pr\u00e9cieux en fonction des travaux que l\u2019on initie.<\/p>\n<p style=\"text-align: justify;\">En-dehors de cette liste, tout le reste est superstition et magie.\u00a0 On oppose les magies en invoquant des couleurs, ainsi la magie blanche serait bonne, contrairement \u00e0 celle d\u2019autres couleurs. C\u2019est faux, ce sont des superstitions et c\u2019est \u00e9galement dangereux.<\/p>\n<p style=\"text-align: justify;\">La magie, quelle que soit sa couleur, a pour but de \u00ab\u00a0forcer\u00a0\u00bb les choses. Il y a toujours un retour difficile, voire destructeur, lorsqu\u2019on force le destin.<\/p>\n<p style=\"text-align: justify;\">Les cons\u00e9crations, les pri\u00e8res, les exorcismes et les offrandes qui les accompagnent, ont pour but de demander au Divin, au Cr\u00e9ateur de nous accorder dans l\u2019amour et dans la lumi\u00e8re, ce que Lui seul peut d\u00e9cider de nous accorder, selon son \u00ab\u00a0agenda\u00a0\u00bb divin, si nos demandes sont justes et bonnes.<\/p>\n<p style=\"text-align: justify;\">Voici donc l\u2019exorcisme et la cons\u00e9cration des bougies, des cierges et de la cire. Un livret explicatif rappelant les r\u00e8gles d\u2019utilisation, pr\u00e9cises, codifi\u00e9es, accompagne l\u2019audio. Ce dernier est mont\u00e9 avec une musique sacr\u00e9e, la <em>Missa di Gloria<\/em>, de PUCCINI. Son taux vibratoire est de 422 Hz, soit une fr\u00e9quence sacr\u00e9e de lib\u00e9ration, qui correspond \u00e0 l\u2019intention de cons\u00e9cration et d\u2019exorcisme de cet audio.<\/p>\n<p style=\"text-align: justify;\">Le montage, la m\u00e9ditation et l&rsquo;adaptation constituent une \u0153uvre originale, inspir\u00e9e des plus antiques pri\u00e8res d&rsquo;exorcisme adapt\u00e9es \u00e0 notre temps.<\/p>\n<p style=\"text-align: justify;\"><strong>Auteure<\/strong> : Lola Lacroix<\/p>\n<p style=\"text-align: justify;\"><strong>Dur\u00e9e<\/strong> : 10:24 minutes<\/p>\n<p style=\"text-align: justify;\"><strong>Musique<\/strong> : MOZART &#8211; Benedictus, Requiem &#8211; 422 Hz<\/p>\n<p style=\"text-align: justify;\"><strong>Usage<\/strong> : priv\u00e9 uniquement<\/p>\n<p style=\"text-align: justify;\"><strong>Droits<\/strong> : tous droits r\u00e9serv\u00e9s &#8211; copie, traduction, diffusion strictement interdites<\/p>\n<p style=\"text-align: justify;\">Cette c\u00e9r\u00e9monie de b\u00e9n\u00e9diction est r\u00e9alis\u00e9e 100% Intelligence Humaine.<\/p>\n","protected":false},"excerpt":{"rendered":"<p style=\"text-align: justify;\">Enregistrement audio mp3 d&rsquo;une dur\u00e9e de 10:24 minutes avec musique, pour b\u00e9nir, consacrer et exorciser les cierges et bougies d&rsquo;offrandes. L&rsquo;audio de b\u00e9n\u00e9diction et d&rsquo;exorcisme vous permettra de disposer en permanence des \u00e9l\u00e9ments b\u00e9nis et exorcis\u00e9s, pour magnifier vos pri\u00e8res et les pr\u00e9senter au divin dans de parfaites conditions. Il convient n\u00e9anmoins de respecter un ensemble de r\u00e8gles d\u00e9crites dans le livret joint \u00e0 l&rsquo;audio en t\u00e9l\u00e9chargement.\u00a0 Pour un r\u00e9sultat optimal, il vous suffit de pr\u00e9parer les cierges, les bougies \u00e0 consacrer, sur une table ou sur votre autel; de vous recueillir, d&rsquo;\u00e9couter l&rsquo;audio, de le laisser agir dans l&rsquo;Esprit;\u00a0 ensuite, de suivre les quelques instructions donn\u00e9es. Vos cierges seront ainsi pr\u00eats \u00e0 l&#8217;emploi.<\/p>\n<p style=\"text-align: justify;\">Les r\u00e8gles et les pri\u00e8res s\u00e9culaires vous sont d\u00e9voil\u00e9es ici dans leur int\u00e9gralit\u00e9. Elles servent uniquement \u00e0 un usage priv\u00e9, dans les travaux de b\u00e9n\u00e9diction et de Lumi\u00e8re.<\/p>\n","protected":false},"featured_media":941,"comment_status":"open","ping_status":"closed","template":"","meta":[],"product_brand":[],"product_cat":[166,17],"product_tag":[],"mwb_booking_cost":[],"mwb_booking_service":[],"class_list":{"0":"post-940","1":"product","2":"type-product","3":"status-publish","4":"has-post-thumbnail","6":"product_cat-07-spiritualite-et-benedictions","7":"product_cat-tous-les-produits","9":"first","10":"instock","11":"sale","12":"downloadable","13":"virtual","14":"purchasable","15":"product-type-simple"},"yoast_head":"<!-- This site is optimized with the Yoast SEO plugin v27.1.1 - https:\/\/yoast.com\/product\/yoast-seo-wordpress\/ -->\n<title>C\u00e9r\u00e9monie de b\u00e9n\u00e9diction des CIERGES d&#039;offrande - Spirit-US<\/title>\n<meta name=\"robots\" content=\"index, follow, max-snippet:-1, max-image-preview:large, max-video-preview:-1\" \/>\n<link rel=\"canonical\" href=\"https:\/\/www.spirit-us.eu\/index.php\/produit\/ceremonie-de-benediction-des-cierges-doffrande\/\" \/>\n<meta property=\"og:locale\" content=\"fr_FR\" \/>\n<meta property=\"og:type\" content=\"article\" \/>\n<meta property=\"og:title\" content=\"C\u00e9r\u00e9monie de b\u00e9n\u00e9diction des CIERGES d&#039;offrande - Spirit-US\" \/>\n<meta property=\"og:description\" content=\"Enregistrement audio mp3 d&#039;une dur\u00e9e de 10:24 minutes avec musique, pour b\u00e9nir, consacrer et exorciser les cierges et bougies d&#039;offrandes. L&#039;audio de b\u00e9n\u00e9diction et d&#039;exorcisme vous permettra de disposer en permanence des \u00e9l\u00e9ments b\u00e9nis et exorcis\u00e9s, pour magnifier vos pri\u00e8res et les pr\u00e9senter au divin dans de parfaites conditions. Il convient n\u00e9anmoins de respecter un ensemble de r\u00e8gles d\u00e9crites dans le livret joint \u00e0 l&#039;audio en t\u00e9l\u00e9chargement.\u00a0 Pour un r\u00e9sultat optimal, il vous suffit de pr\u00e9parer les cierges, les bougies \u00e0 consacrer, sur une table ou sur votre autel; de vous recueillir, d&#039;\u00e9couter l&#039;audio, de le laisser agir dans l&#039;Esprit;\u00a0 ensuite, de suivre les quelques instructions donn\u00e9es. Vos cierges seront ainsi pr\u00eats \u00e0 l&#039;emploi. Les r\u00e8gles et les pri\u00e8res s\u00e9culaires vous sont d\u00e9voil\u00e9es ici dans leur int\u00e9gralit\u00e9. Elles servent uniquement \u00e0 un usage priv\u00e9, dans les travaux de b\u00e9n\u00e9diction et de Lumi\u00e8re.\" \/>\n<meta property=\"og:url\" content=\"https:\/\/www.spirit-us.eu\/index.php\/produit\/ceremonie-de-benediction-des-cierges-doffrande\/\" \/>\n<meta property=\"og:site_name\" content=\"Spirit-US\" \/>\n<meta property=\"article:publisher\" content=\"https:\/\/www.facebook.com\/spirit.us.deum\" \/>\n<meta property=\"article:modified_time\" content=\"2026-01-05T20:25:01+00:00\" \/>\n<meta property=\"og:image\" content=\"https:\/\/www.spirit-us.eu\/wp-content\/uploads\/2025\/04\/fiche-boutique-Exorcisme-des-cierges-doffrande.png\" \/>\n\t<meta property=\"og:image:width\" content=\"1080\" \/>\n\t<meta property=\"og:image:height\" content=\"1080\" \/>\n\t<meta property=\"og:image:type\" content=\"image\/png\" \/>\n<meta name=\"twitter:card\" content=\"summary_large_image\" \/>\n<meta name=\"twitter:label1\" content=\"Dur\u00e9e de lecture estim\u00e9e\" \/>\n\t<meta name=\"twitter:data1\" content=\"2 minutes\" \/>\n<script type=\"application\/ld+json\" class=\"yoast-schema-graph\">{\"@context\":\"https:\/\/schema.org\",\"@graph\":[{\"@type\":\"WebPage\",\"@id\":\"https:\/\/www.spirit-us.eu\/index.php\/produit\/ceremonie-de-benediction-des-cierges-doffrande\/\",\"url\":\"https:\/\/www.spirit-us.eu\/index.php\/produit\/ceremonie-de-benediction-des-cierges-doffrande\/\",\"name\":\"C\u00e9r\u00e9monie de b\u00e9n\u00e9diction des CIERGES d'offrande - Spirit-US\",\"isPartOf\":{\"@id\":\"https:\/\/www.spirit-us.eu\/#website\"},\"primaryImageOfPage\":{\"@id\":\"https:\/\/www.spirit-us.eu\/index.php\/produit\/ceremonie-de-benediction-des-cierges-doffrande\/#primaryimage\"},\"image\":{\"@id\":\"https:\/\/www.spirit-us.eu\/index.php\/produit\/ceremonie-de-benediction-des-cierges-doffrande\/#primaryimage\"},\"thumbnailUrl\":\"https:\/\/www.spirit-us.eu\/wp-content\/uploads\/2025\/04\/fiche-boutique-Exorcisme-des-cierges-doffrande.png\",\"datePublished\":\"2025-04-21T09:26:28+00:00\",\"dateModified\":\"2026-01-05T20:25:01+00:00\",\"breadcrumb\":{\"@id\":\"https:\/\/www.spirit-us.eu\/index.php\/produit\/ceremonie-de-benediction-des-cierges-doffrande\/#breadcrumb\"},\"inLanguage\":\"fr-FR\",\"potentialAction\":[{\"@type\":\"ReadAction\",\"target\":[\"https:\/\/www.spirit-us.eu\/index.php\/produit\/ceremonie-de-benediction-des-cierges-doffrande\/\"]}]},{\"@type\":\"ImageObject\",\"inLanguage\":\"fr-FR\",\"@id\":\"https:\/\/www.spirit-us.eu\/index.php\/produit\/ceremonie-de-benediction-des-cierges-doffrande\/#primaryimage\",\"url\":\"https:\/\/www.spirit-us.eu\/wp-content\/uploads\/2025\/04\/fiche-boutique-Exorcisme-des-cierges-doffrande.png\",\"contentUrl\":\"https:\/\/www.spirit-us.eu\/wp-content\/uploads\/2025\/04\/fiche-boutique-Exorcisme-des-cierges-doffrande.png\",\"width\":1080,\"height\":1080},{\"@type\":\"BreadcrumbList\",\"@id\":\"https:\/\/www.spirit-us.eu\/index.php\/produit\/ceremonie-de-benediction-des-cierges-doffrande\/#breadcrumb\",\"itemListElement\":[{\"@type\":\"ListItem\",\"position\":1,\"name\":\"Accueil\",\"item\":\"https:\/\/www.spirit-us.eu\/\"},{\"@type\":\"ListItem\",\"position\":2,\"name\":\"Boutique\",\"item\":\"https:\/\/www.spirit-us.eu\/index.php\/boutique\/\"},{\"@type\":\"ListItem\",\"position\":3,\"name\":\"C\u00e9r\u00e9monie de b\u00e9n\u00e9diction des CIERGES d&rsquo;offrande\"}]},{\"@type\":\"WebSite\",\"@id\":\"https:\/\/www.spirit-us.eu\/#website\",\"url\":\"https:\/\/www.spirit-us.eu\/\",\"name\":\"Spirit-US\",\"description\":\"\",\"publisher\":{\"@id\":\"https:\/\/www.spirit-us.eu\/#organization\"},\"potentialAction\":[{\"@type\":\"SearchAction\",\"target\":{\"@type\":\"EntryPoint\",\"urlTemplate\":\"https:\/\/www.spirit-us.eu\/?s={search_term_string}\"},\"query-input\":{\"@type\":\"PropertyValueSpecification\",\"valueRequired\":true,\"valueName\":\"search_term_string\"}}],\"inLanguage\":\"fr-FR\"},{\"@type\":\"Organization\",\"@id\":\"https:\/\/www.spirit-us.eu\/#organization\",\"name\":\"Spirit-US\",\"url\":\"https:\/\/www.spirit-us.eu\/\",\"logo\":{\"@type\":\"ImageObject\",\"inLanguage\":\"fr-FR\",\"@id\":\"https:\/\/www.spirit-us.eu\/#\/schema\/logo\/image\/\",\"url\":\"https:\/\/www.spirit-us.eu\/wp-content\/uploads\/2025\/11\/logo-regarde-linterlocutrice-sans-arrriere-plan.jpg\",\"contentUrl\":\"https:\/\/www.spirit-us.eu\/wp-content\/uploads\/2025\/11\/logo-regarde-linterlocutrice-sans-arrriere-plan.jpg\",\"width\":1080,\"height\":1080,\"caption\":\"Spirit-US\"},\"image\":{\"@id\":\"https:\/\/www.spirit-us.eu\/#\/schema\/logo\/image\/\"},\"sameAs\":[\"https:\/\/www.facebook.com\/spirit.us.deum\"]}]}<\/script>\n<!-- \/ Yoast SEO plugin. -->","yoast_head_json":{"title":"C\u00e9r\u00e9monie de b\u00e9n\u00e9diction des CIERGES d'offrande - Spirit-US","robots":{"index":"index","follow":"follow","max-snippet":"max-snippet:-1","max-image-preview":"max-image-preview:large","max-video-preview":"max-video-preview:-1"},"canonical":"https:\/\/www.spirit-us.eu\/index.php\/produit\/ceremonie-de-benediction-des-cierges-doffrande\/","og_locale":"fr_FR","og_type":"article","og_title":"C\u00e9r\u00e9monie de b\u00e9n\u00e9diction des CIERGES d'offrande - Spirit-US","og_description":"Enregistrement audio mp3 d'une dur\u00e9e de 10:24 minutes avec musique, pour b\u00e9nir, consacrer et exorciser les cierges et bougies d'offrandes. L'audio de b\u00e9n\u00e9diction et d'exorcisme vous permettra de disposer en permanence des \u00e9l\u00e9ments b\u00e9nis et exorcis\u00e9s, pour magnifier vos pri\u00e8res et les pr\u00e9senter au divin dans de parfaites conditions. Il convient n\u00e9anmoins de respecter un ensemble de r\u00e8gles d\u00e9crites dans le livret joint \u00e0 l'audio en t\u00e9l\u00e9chargement.\u00a0 Pour un r\u00e9sultat optimal, il vous suffit de pr\u00e9parer les cierges, les bougies \u00e0 consacrer, sur une table ou sur votre autel; de vous recueillir, d'\u00e9couter l'audio, de le laisser agir dans l'Esprit;\u00a0 ensuite, de suivre les quelques instructions donn\u00e9es. Vos cierges seront ainsi pr\u00eats \u00e0 l'emploi. Les r\u00e8gles et les pri\u00e8res s\u00e9culaires vous sont d\u00e9voil\u00e9es ici dans leur int\u00e9gralit\u00e9. Elles servent uniquement \u00e0 un usage priv\u00e9, dans les travaux de b\u00e9n\u00e9diction et de Lumi\u00e8re.","og_url":"https:\/\/www.spirit-us.eu\/index.php\/produit\/ceremonie-de-benediction-des-cierges-doffrande\/","og_site_name":"Spirit-US","article_publisher":"https:\/\/www.facebook.com\/spirit.us.deum","article_modified_time":"2026-01-05T20:25:01+00:00","og_image":[{"width":1080,"height":1080,"url":"https:\/\/www.spirit-us.eu\/wp-content\/uploads\/2025\/04\/fiche-boutique-Exorcisme-des-cierges-doffrande.png","type":"image\/png"}],"twitter_card":"summary_large_image","twitter_misc":{"Dur\u00e9e de lecture estim\u00e9e":"2 minutes"},"schema":{"@context":"https:\/\/schema.org","@graph":[{"@type":"WebPage","@id":"https:\/\/www.spirit-us.eu\/index.php\/produit\/ceremonie-de-benediction-des-cierges-doffrande\/","url":"https:\/\/www.spirit-us.eu\/index.php\/produit\/ceremonie-de-benediction-des-cierges-doffrande\/","name":"C\u00e9r\u00e9monie de b\u00e9n\u00e9diction des CIERGES d'offrande - Spirit-US","isPartOf":{"@id":"https:\/\/www.spirit-us.eu\/#website"},"primaryImageOfPage":{"@id":"https:\/\/www.spirit-us.eu\/index.php\/produit\/ceremonie-de-benediction-des-cierges-doffrande\/#primaryimage"},"image":{"@id":"https:\/\/www.spirit-us.eu\/index.php\/produit\/ceremonie-de-benediction-des-cierges-doffrande\/#primaryimage"},"thumbnailUrl":"https:\/\/www.spirit-us.eu\/wp-content\/uploads\/2025\/04\/fiche-boutique-Exorcisme-des-cierges-doffrande.png","datePublished":"2025-04-21T09:26:28+00:00","dateModified":"2026-01-05T20:25:01+00:00","breadcrumb":{"@id":"https:\/\/www.spirit-us.eu\/index.php\/produit\/ceremonie-de-benediction-des-cierges-doffrande\/#breadcrumb"},"inLanguage":"fr-FR","potentialAction":[{"@type":"ReadAction","target":["https:\/\/www.spirit-us.eu\/index.php\/produit\/ceremonie-de-benediction-des-cierges-doffrande\/"]}]},{"@type":"ImageObject","inLanguage":"fr-FR","@id":"https:\/\/www.spirit-us.eu\/index.php\/produit\/ceremonie-de-benediction-des-cierges-doffrande\/#primaryimage","url":"https:\/\/www.spirit-us.eu\/wp-content\/uploads\/2025\/04\/fiche-boutique-Exorcisme-des-cierges-doffrande.png","contentUrl":"https:\/\/www.spirit-us.eu\/wp-content\/uploads\/2025\/04\/fiche-boutique-Exorcisme-des-cierges-doffrande.png","width":1080,"height":1080},{"@type":"BreadcrumbList","@id":"https:\/\/www.spirit-us.eu\/index.php\/produit\/ceremonie-de-benediction-des-cierges-doffrande\/#breadcrumb","itemListElement":[{"@type":"ListItem","position":1,"name":"Accueil","item":"https:\/\/www.spirit-us.eu\/"},{"@type":"ListItem","position":2,"name":"Boutique","item":"https:\/\/www.spirit-us.eu\/index.php\/boutique\/"},{"@type":"ListItem","position":3,"name":"C\u00e9r\u00e9monie de b\u00e9n\u00e9diction des CIERGES d&rsquo;offrande"}]},{"@type":"WebSite","@id":"https:\/\/www.spirit-us.eu\/#website","url":"https:\/\/www.spirit-us.eu\/","name":"Spirit-US","description":"","publisher":{"@id":"https:\/\/www.spirit-us.eu\/#organization"},"potentialAction":[{"@type":"SearchAction","target":{"@type":"EntryPoint","urlTemplate":"https:\/\/www.spirit-us.eu\/?s={search_term_string}"},"query-input":{"@type":"PropertyValueSpecification","valueRequired":true,"valueName":"search_term_string"}}],"inLanguage":"fr-FR"},{"@type":"Organization","@id":"https:\/\/www.spirit-us.eu\/#organization","name":"Spirit-US","url":"https:\/\/www.spirit-us.eu\/","logo":{"@type":"ImageObject","inLanguage":"fr-FR","@id":"https:\/\/www.spirit-us.eu\/#\/schema\/logo\/image\/","url":"https:\/\/www.spirit-us.eu\/wp-content\/uploads\/2025\/11\/logo-regarde-linterlocutrice-sans-arrriere-plan.jpg","contentUrl":"https:\/\/www.spirit-us.eu\/wp-content\/uploads\/2025\/11\/logo-regarde-linterlocutrice-sans-arrriere-plan.jpg","width":1080,"height":1080,"caption":"Spirit-US"},"image":{"@id":"https:\/\/www.spirit-us.eu\/#\/schema\/logo\/image\/"},"sameAs":["https:\/\/www.facebook.com\/spirit.us.deum"]}]}},"jetpack_sharing_enabled":true,"_links":{"self":[{"href":"https:\/\/www.spirit-us.eu\/index.php\/wp-json\/wp\/v2\/product\/940","targetHints":{"allow":["GET"]}}],"collection":[{"href":"https:\/\/www.spirit-us.eu\/index.php\/wp-json\/wp\/v2\/product"}],"about":[{"href":"https:\/\/www.spirit-us.eu\/index.php\/wp-json\/wp\/v2\/types\/product"}],"replies":[{"embeddable":true,"href":"https:\/\/www.spirit-us.eu\/index.php\/wp-json\/wp\/v2\/comments?post=940"}],"wp:featuredmedia":[{"embeddable":true,"href":"https:\/\/www.spirit-us.eu\/index.php\/wp-json\/wp\/v2\/media\/941"}],"wp:attachment":[{"href":"https:\/\/www.spirit-us.eu\/index.php\/wp-json\/wp\/v2\/media?parent=940"}],"wp:term":[{"taxonomy":"product_brand","embeddable":true,"href":"https:\/\/www.spirit-us.eu\/index.php\/wp-json\/wp\/v2\/product_brand?post=940"},{"taxonomy":"product_cat","embeddable":true,"href":"https:\/\/www.spirit-us.eu\/index.php\/wp-json\/wp\/v2\/product_cat?post=940"},{"taxonomy":"product_tag","embeddable":true,"href":"https:\/\/www.spirit-us.eu\/index.php\/wp-json\/wp\/v2\/product_tag?post=940"},{"taxonomy":"mwb_booking_cost","embeddable":true,"href":"https:\/\/www.spirit-us.eu\/index.php\/wp-json\/wp\/v2\/mwb_booking_cost?post=940"},{"taxonomy":"mwb_booking_service","embeddable":true,"href":"https:\/\/www.spirit-us.eu\/index.php\/wp-json\/wp\/v2\/mwb_booking_service?post=940"}],"curies":[{"name":"wp","href":"https:\/\/api.w.org\/{rel}","templated":true}]}}