{"id":936,"date":"2025-04-21T11:17:49","date_gmt":"2025-04-21T09:17:49","guid":{"rendered":"https:\/\/www.spirit-us.eu\/?post_type=product&#038;p=936"},"modified":"2025-04-21T11:23:14","modified_gmt":"2025-04-21T09:23:14","slug":"encens-de-saint-michel","status":"publish","type":"product","link":"https:\/\/www.spirit-us.eu\/index.php\/produit\/encens-de-saint-michel\/","title":{"rendered":"Encens de SAINT MICHEL"},"content":{"rendered":"<p><strong>Description <\/strong><\/p>\n<p>Encens d\u2019oliban de couleur bleue \u2013 d\u00e9di\u00e9 \u00e0 saint Michel archange et \u00e0 Marie, m\u00e8re de l\u2019univers.<\/p>\n<p><strong>Contenu : <\/strong>sachet de 100 g d&rsquo;encens bleu d&rsquo;oliban<\/p>\n<p><strong>Poids\u00a0: <\/strong>100 g<\/p>\n<p><strong>Origine : <\/strong>Italie<\/p>\n","protected":false},"excerpt":{"rendered":"<p>L\u2019Encens d\u2019Oliban, produit par la r\u00e9sine de la plante <em>Boswellia rivae\u00a0<\/em> est connu pour son odeur chaude et profonde. Tr\u00e8s utilis\u00e9 dans les rituels de protection sacr\u00e9e, il cr\u00e9e une ambiance propice \u00e0 la m\u00e9ditation. Son effet r\u00e9confortant convient aux personnes surmen\u00e9es ou anxieuses. D\u00e9di\u00e9 \u00e0 saint Michel archange et \u00e0 Marie, reine de l&rsquo;Univers, il assure une protection puissante et \u00e9radique les entit\u00e9s nocives loin des lieux o\u00f9 il est r\u00e9pandu.\u00a0 Saint Michel, archange recteur du rayon bleu de protection c\u00e9leste, est aussi celui qui pr\u00e9side l&rsquo;autel des parfums, dans l&rsquo;Antiquit\u00e9.<\/p>\n","protected":false},"featured_media":937,"comment_status":"open","ping_status":"closed","template":"","meta":[],"product_brand":[],"product_cat":[165,17],"product_tag":[167],"mwb_booking_cost":[],"mwb_booking_service":[],"class_list":{"0":"post-936","1":"product","2":"type-product","3":"status-publish","4":"has-post-thumbnail","6":"product_cat-10-encens","7":"product_cat-tous-les-produits","8":"product_tag-bleu","10":"first","11":"instock","12":"shipping-taxable","13":"purchasable","14":"product-type-simple"},"yoast_head":"<!-- This site is optimized with the Yoast SEO plugin v27.1.1 - https:\/\/yoast.com\/product\/yoast-seo-wordpress\/ -->\n<title>Encens de SAINT MICHEL - Spirit-US<\/title>\n<meta name=\"robots\" content=\"index, follow, max-snippet:-1, max-image-preview:large, max-video-preview:-1\" \/>\n<link rel=\"canonical\" href=\"https:\/\/www.spirit-us.eu\/index.php\/produit\/encens-de-saint-michel\/\" \/>\n<meta property=\"og:locale\" content=\"fr_FR\" \/>\n<meta property=\"og:type\" content=\"article\" \/>\n<meta property=\"og:title\" content=\"Encens de SAINT MICHEL - Spirit-US\" \/>\n<meta property=\"og:description\" content=\"L\u2019Encens d\u2019Oliban, produit par la r\u00e9sine de la plante Boswellia rivae\u00a0 est connu pour son odeur chaude et profonde. Tr\u00e8s utilis\u00e9 dans les rituels de protection sacr\u00e9e, il cr\u00e9e une ambiance propice \u00e0 la m\u00e9ditation. Son effet r\u00e9confortant convient aux personnes surmen\u00e9es ou anxieuses. D\u00e9di\u00e9 \u00e0 saint Michel archange et \u00e0 Marie, reine de l&#039;Univers, il assure une protection puissante et \u00e9radique les entit\u00e9s nocives loin des lieux o\u00f9 il est r\u00e9pandu.\u00a0 Saint Michel, archange recteur du rayon bleu de protection c\u00e9leste, est aussi celui qui pr\u00e9side l&#039;autel des parfums, dans l&#039;Antiquit\u00e9.\" \/>\n<meta property=\"og:url\" content=\"https:\/\/www.spirit-us.eu\/index.php\/produit\/encens-de-saint-michel\/\" \/>\n<meta property=\"og:site_name\" content=\"Spirit-US\" \/>\n<meta property=\"article:publisher\" content=\"https:\/\/www.facebook.com\/spirit.us.deum\" \/>\n<meta property=\"article:modified_time\" content=\"2025-04-21T09:23:14+00:00\" \/>\n<meta property=\"og:image\" content=\"https:\/\/www.spirit-us.eu\/wp-content\/uploads\/2025\/04\/encens-oliban-saint-michel-image-produit-768x768.png\" \/>\n\t<meta property=\"og:image:width\" content=\"768\" \/>\n\t<meta property=\"og:image:height\" content=\"768\" \/>\n\t<meta property=\"og:image:type\" content=\"image\/png\" \/>\n<meta name=\"twitter:card\" content=\"summary_large_image\" \/>\n<script type=\"application\/ld+json\" class=\"yoast-schema-graph\">{\"@context\":\"https:\/\/schema.org\",\"@graph\":[{\"@type\":\"WebPage\",\"@id\":\"https:\/\/www.spirit-us.eu\/index.php\/produit\/encens-de-saint-michel\/\",\"url\":\"https:\/\/www.spirit-us.eu\/index.php\/produit\/encens-de-saint-michel\/\",\"name\":\"Encens de SAINT MICHEL - Spirit-US\",\"isPartOf\":{\"@id\":\"https:\/\/www.spirit-us.eu\/#website\"},\"primaryImageOfPage\":{\"@id\":\"https:\/\/www.spirit-us.eu\/index.php\/produit\/encens-de-saint-michel\/#primaryimage\"},\"image\":{\"@id\":\"https:\/\/www.spirit-us.eu\/index.php\/produit\/encens-de-saint-michel\/#primaryimage\"},\"thumbnailUrl\":\"https:\/\/www.spirit-us.eu\/wp-content\/uploads\/2025\/04\/encens-oliban-saint-michel-image-produit-scaled.png\",\"datePublished\":\"2025-04-21T09:17:49+00:00\",\"dateModified\":\"2025-04-21T09:23:14+00:00\",\"breadcrumb\":{\"@id\":\"https:\/\/www.spirit-us.eu\/index.php\/produit\/encens-de-saint-michel\/#breadcrumb\"},\"inLanguage\":\"fr-FR\",\"potentialAction\":[{\"@type\":\"ReadAction\",\"target\":[\"https:\/\/www.spirit-us.eu\/index.php\/produit\/encens-de-saint-michel\/\"]}]},{\"@type\":\"ImageObject\",\"inLanguage\":\"fr-FR\",\"@id\":\"https:\/\/www.spirit-us.eu\/index.php\/produit\/encens-de-saint-michel\/#primaryimage\",\"url\":\"https:\/\/www.spirit-us.eu\/wp-content\/uploads\/2025\/04\/encens-oliban-saint-michel-image-produit-scaled.png\",\"contentUrl\":\"https:\/\/www.spirit-us.eu\/wp-content\/uploads\/2025\/04\/encens-oliban-saint-michel-image-produit-scaled.png\",\"width\":2560,\"height\":2560},{\"@type\":\"BreadcrumbList\",\"@id\":\"https:\/\/www.spirit-us.eu\/index.php\/produit\/encens-de-saint-michel\/#breadcrumb\",\"itemListElement\":[{\"@type\":\"ListItem\",\"position\":1,\"name\":\"Accueil\",\"item\":\"https:\/\/www.spirit-us.eu\/\"},{\"@type\":\"ListItem\",\"position\":2,\"name\":\"Boutique\",\"item\":\"https:\/\/www.spirit-us.eu\/index.php\/boutique\/\"},{\"@type\":\"ListItem\",\"position\":3,\"name\":\"Encens de SAINT MICHEL\"}]},{\"@type\":\"WebSite\",\"@id\":\"https:\/\/www.spirit-us.eu\/#website\",\"url\":\"https:\/\/www.spirit-us.eu\/\",\"name\":\"Spirit-US\",\"description\":\"\",\"publisher\":{\"@id\":\"https:\/\/www.spirit-us.eu\/#organization\"},\"potentialAction\":[{\"@type\":\"SearchAction\",\"target\":{\"@type\":\"EntryPoint\",\"urlTemplate\":\"https:\/\/www.spirit-us.eu\/?s={search_term_string}\"},\"query-input\":{\"@type\":\"PropertyValueSpecification\",\"valueRequired\":true,\"valueName\":\"search_term_string\"}}],\"inLanguage\":\"fr-FR\"},{\"@type\":\"Organization\",\"@id\":\"https:\/\/www.spirit-us.eu\/#organization\",\"name\":\"Spirit-US\",\"url\":\"https:\/\/www.spirit-us.eu\/\",\"logo\":{\"@type\":\"ImageObject\",\"inLanguage\":\"fr-FR\",\"@id\":\"https:\/\/www.spirit-us.eu\/#\/schema\/logo\/image\/\",\"url\":\"https:\/\/www.spirit-us.eu\/wp-content\/uploads\/2025\/11\/logo-regarde-linterlocutrice-sans-arrriere-plan.jpg\",\"contentUrl\":\"https:\/\/www.spirit-us.eu\/wp-content\/uploads\/2025\/11\/logo-regarde-linterlocutrice-sans-arrriere-plan.jpg\",\"width\":1080,\"height\":1080,\"caption\":\"Spirit-US\"},\"image\":{\"@id\":\"https:\/\/www.spirit-us.eu\/#\/schema\/logo\/image\/\"},\"sameAs\":[\"https:\/\/www.facebook.com\/spirit.us.deum\"]}]}<\/script>\n<!-- \/ Yoast SEO plugin. -->","yoast_head_json":{"title":"Encens de SAINT MICHEL - Spirit-US","robots":{"index":"index","follow":"follow","max-snippet":"max-snippet:-1","max-image-preview":"max-image-preview:large","max-video-preview":"max-video-preview:-1"},"canonical":"https:\/\/www.spirit-us.eu\/index.php\/produit\/encens-de-saint-michel\/","og_locale":"fr_FR","og_type":"article","og_title":"Encens de SAINT MICHEL - Spirit-US","og_description":"L\u2019Encens d\u2019Oliban, produit par la r\u00e9sine de la plante Boswellia rivae\u00a0 est connu pour son odeur chaude et profonde. Tr\u00e8s utilis\u00e9 dans les rituels de protection sacr\u00e9e, il cr\u00e9e une ambiance propice \u00e0 la m\u00e9ditation. Son effet r\u00e9confortant convient aux personnes surmen\u00e9es ou anxieuses. D\u00e9di\u00e9 \u00e0 saint Michel archange et \u00e0 Marie, reine de l'Univers, il assure une protection puissante et \u00e9radique les entit\u00e9s nocives loin des lieux o\u00f9 il est r\u00e9pandu.\u00a0 Saint Michel, archange recteur du rayon bleu de protection c\u00e9leste, est aussi celui qui pr\u00e9side l'autel des parfums, dans l'Antiquit\u00e9.","og_url":"https:\/\/www.spirit-us.eu\/index.php\/produit\/encens-de-saint-michel\/","og_site_name":"Spirit-US","article_publisher":"https:\/\/www.facebook.com\/spirit.us.deum","article_modified_time":"2025-04-21T09:23:14+00:00","og_image":[{"width":768,"height":768,"url":"https:\/\/www.spirit-us.eu\/wp-content\/uploads\/2025\/04\/encens-oliban-saint-michel-image-produit-768x768.png","type":"image\/png"}],"twitter_card":"summary_large_image","schema":{"@context":"https:\/\/schema.org","@graph":[{"@type":"WebPage","@id":"https:\/\/www.spirit-us.eu\/index.php\/produit\/encens-de-saint-michel\/","url":"https:\/\/www.spirit-us.eu\/index.php\/produit\/encens-de-saint-michel\/","name":"Encens de SAINT MICHEL - Spirit-US","isPartOf":{"@id":"https:\/\/www.spirit-us.eu\/#website"},"primaryImageOfPage":{"@id":"https:\/\/www.spirit-us.eu\/index.php\/produit\/encens-de-saint-michel\/#primaryimage"},"image":{"@id":"https:\/\/www.spirit-us.eu\/index.php\/produit\/encens-de-saint-michel\/#primaryimage"},"thumbnailUrl":"https:\/\/www.spirit-us.eu\/wp-content\/uploads\/2025\/04\/encens-oliban-saint-michel-image-produit-scaled.png","datePublished":"2025-04-21T09:17:49+00:00","dateModified":"2025-04-21T09:23:14+00:00","breadcrumb":{"@id":"https:\/\/www.spirit-us.eu\/index.php\/produit\/encens-de-saint-michel\/#breadcrumb"},"inLanguage":"fr-FR","potentialAction":[{"@type":"ReadAction","target":["https:\/\/www.spirit-us.eu\/index.php\/produit\/encens-de-saint-michel\/"]}]},{"@type":"ImageObject","inLanguage":"fr-FR","@id":"https:\/\/www.spirit-us.eu\/index.php\/produit\/encens-de-saint-michel\/#primaryimage","url":"https:\/\/www.spirit-us.eu\/wp-content\/uploads\/2025\/04\/encens-oliban-saint-michel-image-produit-scaled.png","contentUrl":"https:\/\/www.spirit-us.eu\/wp-content\/uploads\/2025\/04\/encens-oliban-saint-michel-image-produit-scaled.png","width":2560,"height":2560},{"@type":"BreadcrumbList","@id":"https:\/\/www.spirit-us.eu\/index.php\/produit\/encens-de-saint-michel\/#breadcrumb","itemListElement":[{"@type":"ListItem","position":1,"name":"Accueil","item":"https:\/\/www.spirit-us.eu\/"},{"@type":"ListItem","position":2,"name":"Boutique","item":"https:\/\/www.spirit-us.eu\/index.php\/boutique\/"},{"@type":"ListItem","position":3,"name":"Encens de SAINT MICHEL"}]},{"@type":"WebSite","@id":"https:\/\/www.spirit-us.eu\/#website","url":"https:\/\/www.spirit-us.eu\/","name":"Spirit-US","description":"","publisher":{"@id":"https:\/\/www.spirit-us.eu\/#organization"},"potentialAction":[{"@type":"SearchAction","target":{"@type":"EntryPoint","urlTemplate":"https:\/\/www.spirit-us.eu\/?s={search_term_string}"},"query-input":{"@type":"PropertyValueSpecification","valueRequired":true,"valueName":"search_term_string"}}],"inLanguage":"fr-FR"},{"@type":"Organization","@id":"https:\/\/www.spirit-us.eu\/#organization","name":"Spirit-US","url":"https:\/\/www.spirit-us.eu\/","logo":{"@type":"ImageObject","inLanguage":"fr-FR","@id":"https:\/\/www.spirit-us.eu\/#\/schema\/logo\/image\/","url":"https:\/\/www.spirit-us.eu\/wp-content\/uploads\/2025\/11\/logo-regarde-linterlocutrice-sans-arrriere-plan.jpg","contentUrl":"https:\/\/www.spirit-us.eu\/wp-content\/uploads\/2025\/11\/logo-regarde-linterlocutrice-sans-arrriere-plan.jpg","width":1080,"height":1080,"caption":"Spirit-US"},"image":{"@id":"https:\/\/www.spirit-us.eu\/#\/schema\/logo\/image\/"},"sameAs":["https:\/\/www.facebook.com\/spirit.us.deum"]}]}},"jetpack_sharing_enabled":true,"_links":{"self":[{"href":"https:\/\/www.spirit-us.eu\/index.php\/wp-json\/wp\/v2\/product\/936","targetHints":{"allow":["GET"]}}],"collection":[{"href":"https:\/\/www.spirit-us.eu\/index.php\/wp-json\/wp\/v2\/product"}],"about":[{"href":"https:\/\/www.spirit-us.eu\/index.php\/wp-json\/wp\/v2\/types\/product"}],"replies":[{"embeddable":true,"href":"https:\/\/www.spirit-us.eu\/index.php\/wp-json\/wp\/v2\/comments?post=936"}],"wp:featuredmedia":[{"embeddable":true,"href":"https:\/\/www.spirit-us.eu\/index.php\/wp-json\/wp\/v2\/media\/937"}],"wp:attachment":[{"href":"https:\/\/www.spirit-us.eu\/index.php\/wp-json\/wp\/v2\/media?parent=936"}],"wp:term":[{"taxonomy":"product_brand","embeddable":true,"href":"https:\/\/www.spirit-us.eu\/index.php\/wp-json\/wp\/v2\/product_brand?post=936"},{"taxonomy":"product_cat","embeddable":true,"href":"https:\/\/www.spirit-us.eu\/index.php\/wp-json\/wp\/v2\/product_cat?post=936"},{"taxonomy":"product_tag","embeddable":true,"href":"https:\/\/www.spirit-us.eu\/index.php\/wp-json\/wp\/v2\/product_tag?post=936"},{"taxonomy":"mwb_booking_cost","embeddable":true,"href":"https:\/\/www.spirit-us.eu\/index.php\/wp-json\/wp\/v2\/mwb_booking_cost?post=936"},{"taxonomy":"mwb_booking_service","embeddable":true,"href":"https:\/\/www.spirit-us.eu\/index.php\/wp-json\/wp\/v2\/mwb_booking_service?post=936"}],"curies":[{"name":"wp","href":"https:\/\/api.w.org\/{rel}","templated":true}]}}