{"id":932,"date":"2025-04-21T10:43:13","date_gmt":"2025-04-21T08:43:13","guid":{"rendered":"https:\/\/www.spirit-us.eu\/?post_type=product&#038;p=932"},"modified":"2025-12-20T10:40:52","modified_gmt":"2025-12-20T09:40:52","slug":"bougie-de-neuvaine-a-saint-michel","status":"publish","type":"product","link":"https:\/\/www.spirit-us.eu\/index.php\/produit\/bougie-de-neuvaine-a-saint-michel\/","title":{"rendered":"Bougie de NEUVAINE \u00e0 SAINT MICHEL"},"content":{"rendered":"<p><strong>Description <\/strong><\/p>\n<p>Cierge multichrome \u00e0 l\u2019effigie de saint Michel archange terrassant le d\u00e9mon. Dur\u00e9e 9 jours. Ne jamais \u00e9teindre une fois allum\u00e9.\u00a0 Dire les pri\u00e8res une fois par jour.\u00a0 Pr\u00e9munissez-vous de tout risque d\u2019incendie.<\/p>\n<p><strong>Hauteur<\/strong>\u00a0: 17,5 cm<\/p>\n<p><strong>Diam\u00e8tre<\/strong>\u00a0: 6,5 cm<\/p>\n<p><strong>Poids<\/strong>\u00a0: 0,5 kg v\u00e9rifier<\/p>\n","protected":false},"excerpt":{"rendered":"<p>Bougie de Neuvaine Saint Michel avec Pri\u00e8re au dos &#8211; 17.5cm. Cette bougie de neuvaine est avec image &amp; pri\u00e8re de Saint Michel Archange le d\u00e9fenseur. Une neuvaine est une bougie qui reste allum\u00e9e pendant neuf jours cons\u00e9cutifs, elle est pri\u00e9e pendant ces neuf jours et permet de trouver la s\u00e9r\u00e9nit\u00e9, la paix et rendre gr\u00e2ce \u00e0 Dieu par l&rsquo;intercession des Saints. Priez Saint Michel, invoqu\u00e9 comme d\u00e9fenseur contre le mal, gr\u00e2ce \u00e0 la pri\u00e8re pr\u00e9sente au dos de la bougie. Allumez cette bougie dans votre coin pri\u00e8re et cr\u00e9ez un endroit serein et priant avec cette neuvaine. Bougie Neuvaine 100% huile v\u00e9g\u00e9tale blanc cr\u00e8me. Dur\u00e9e jours. A l\u2019achat de cet article, recevez gratuitement le livret des r\u00e8gles \u00e0 respecter lors du rituel des cierges, sur simple demande via le formulaire de contact :\u00a0<a href=\"https:\/\/www.spirit-us.eu\/index.php\/contactez-nous\/\" target=\"_blank\" rel=\"noopener\">https:\/\/www.spirit-us.eu\/index.php\/contactez-nous\/<\/a> .<\/p>\n","protected":false},"featured_media":933,"comment_status":"open","ping_status":"closed","template":"","meta":[],"product_brand":[],"product_cat":[17,504],"product_tag":[],"mwb_booking_cost":[],"mwb_booking_service":[],"class_list":{"0":"post-932","1":"product","2":"type-product","3":"status-publish","4":"has-post-thumbnail","6":"product_cat-tous-les-produits","7":"product_cat-01-univers-sacre-accueil","9":"first","10":"instock","11":"shipping-taxable","12":"purchasable","13":"product-type-simple"},"yoast_head":"<!-- This site is optimized with the Yoast SEO plugin v27.1.1 - https:\/\/yoast.com\/product\/yoast-seo-wordpress\/ -->\n<title>Bougie de NEUVAINE \u00e0 SAINT MICHEL - Spirit-US<\/title>\n<meta name=\"robots\" content=\"index, follow, max-snippet:-1, max-image-preview:large, max-video-preview:-1\" \/>\n<link rel=\"canonical\" href=\"https:\/\/www.spirit-us.eu\/index.php\/produit\/bougie-de-neuvaine-a-saint-michel\/\" \/>\n<meta property=\"og:locale\" content=\"fr_FR\" \/>\n<meta property=\"og:type\" content=\"article\" \/>\n<meta property=\"og:title\" content=\"Bougie de NEUVAINE \u00e0 SAINT MICHEL - Spirit-US\" \/>\n<meta property=\"og:description\" content=\"Bougie de Neuvaine Saint Michel avec Pri\u00e8re au dos - 17.5cm. Cette bougie de neuvaine est avec image &amp; pri\u00e8re de Saint Michel Archange le d\u00e9fenseur. Une neuvaine est une bougie qui reste allum\u00e9e pendant neuf jours cons\u00e9cutifs, elle est pri\u00e9e pendant ces neuf jours et permet de trouver la s\u00e9r\u00e9nit\u00e9, la paix et rendre gr\u00e2ce \u00e0 Dieu par l&#039;intercession des Saints. Priez Saint Michel, invoqu\u00e9 comme d\u00e9fenseur contre le mal, gr\u00e2ce \u00e0 la pri\u00e8re pr\u00e9sente au dos de la bougie. Allumez cette bougie dans votre coin pri\u00e8re et cr\u00e9ez un endroit serein et priant avec cette neuvaine. Bougie Neuvaine 100% huile v\u00e9g\u00e9tale blanc cr\u00e8me. Dur\u00e9e jours. A l\u2019achat de cet article, recevez gratuitement le livret des r\u00e8gles \u00e0 respecter lors du rituel des cierges, sur simple demande via le formulaire de contact :\u00a0https:\/\/www.spirit-us.eu\/index.php\/contactez-nous\/ .\" \/>\n<meta property=\"og:url\" content=\"https:\/\/www.spirit-us.eu\/index.php\/produit\/bougie-de-neuvaine-a-saint-michel\/\" \/>\n<meta property=\"og:site_name\" content=\"Spirit-US\" \/>\n<meta property=\"article:publisher\" content=\"https:\/\/www.facebook.com\/spirit.us.deum\" \/>\n<meta property=\"article:modified_time\" content=\"2025-12-20T09:40:52+00:00\" \/>\n<meta property=\"og:image\" content=\"https:\/\/www.spirit-us.eu\/wp-content\/uploads\/2025\/04\/saint-michel-cierge-image-produit-de-base-scaled.png\" \/>\n\t<meta property=\"og:image:width\" content=\"2560\" \/>\n\t<meta property=\"og:image:height\" content=\"2560\" \/>\n\t<meta property=\"og:image:type\" content=\"image\/png\" \/>\n<meta name=\"twitter:card\" content=\"summary_large_image\" \/>\n<script type=\"application\/ld+json\" class=\"yoast-schema-graph\">{\"@context\":\"https:\/\/schema.org\",\"@graph\":[{\"@type\":\"WebPage\",\"@id\":\"https:\/\/www.spirit-us.eu\/index.php\/produit\/bougie-de-neuvaine-a-saint-michel\/\",\"url\":\"https:\/\/www.spirit-us.eu\/index.php\/produit\/bougie-de-neuvaine-a-saint-michel\/\",\"name\":\"Bougie de NEUVAINE \u00e0 SAINT MICHEL - Spirit-US\",\"isPartOf\":{\"@id\":\"https:\/\/www.spirit-us.eu\/#website\"},\"primaryImageOfPage\":{\"@id\":\"https:\/\/www.spirit-us.eu\/index.php\/produit\/bougie-de-neuvaine-a-saint-michel\/#primaryimage\"},\"image\":{\"@id\":\"https:\/\/www.spirit-us.eu\/index.php\/produit\/bougie-de-neuvaine-a-saint-michel\/#primaryimage\"},\"thumbnailUrl\":\"https:\/\/www.spirit-us.eu\/wp-content\/uploads\/2025\/04\/saint-michel-cierge-image-produit-de-base-scaled.png\",\"datePublished\":\"2025-04-21T08:43:13+00:00\",\"dateModified\":\"2025-12-20T09:40:52+00:00\",\"breadcrumb\":{\"@id\":\"https:\/\/www.spirit-us.eu\/index.php\/produit\/bougie-de-neuvaine-a-saint-michel\/#breadcrumb\"},\"inLanguage\":\"fr-FR\",\"potentialAction\":[{\"@type\":\"ReadAction\",\"target\":[\"https:\/\/www.spirit-us.eu\/index.php\/produit\/bougie-de-neuvaine-a-saint-michel\/\"]}]},{\"@type\":\"ImageObject\",\"inLanguage\":\"fr-FR\",\"@id\":\"https:\/\/www.spirit-us.eu\/index.php\/produit\/bougie-de-neuvaine-a-saint-michel\/#primaryimage\",\"url\":\"https:\/\/www.spirit-us.eu\/wp-content\/uploads\/2025\/04\/saint-michel-cierge-image-produit-de-base-scaled.png\",\"contentUrl\":\"https:\/\/www.spirit-us.eu\/wp-content\/uploads\/2025\/04\/saint-michel-cierge-image-produit-de-base-scaled.png\",\"width\":2560,\"height\":2560},{\"@type\":\"BreadcrumbList\",\"@id\":\"https:\/\/www.spirit-us.eu\/index.php\/produit\/bougie-de-neuvaine-a-saint-michel\/#breadcrumb\",\"itemListElement\":[{\"@type\":\"ListItem\",\"position\":1,\"name\":\"Accueil\",\"item\":\"https:\/\/www.spirit-us.eu\/\"},{\"@type\":\"ListItem\",\"position\":2,\"name\":\"Boutique\",\"item\":\"https:\/\/www.spirit-us.eu\/index.php\/boutique\/\"},{\"@type\":\"ListItem\",\"position\":3,\"name\":\"Bougie de NEUVAINE \u00e0 SAINT MICHEL\"}]},{\"@type\":\"WebSite\",\"@id\":\"https:\/\/www.spirit-us.eu\/#website\",\"url\":\"https:\/\/www.spirit-us.eu\/\",\"name\":\"Spirit-US\",\"description\":\"\",\"publisher\":{\"@id\":\"https:\/\/www.spirit-us.eu\/#organization\"},\"potentialAction\":[{\"@type\":\"SearchAction\",\"target\":{\"@type\":\"EntryPoint\",\"urlTemplate\":\"https:\/\/www.spirit-us.eu\/?s={search_term_string}\"},\"query-input\":{\"@type\":\"PropertyValueSpecification\",\"valueRequired\":true,\"valueName\":\"search_term_string\"}}],\"inLanguage\":\"fr-FR\"},{\"@type\":\"Organization\",\"@id\":\"https:\/\/www.spirit-us.eu\/#organization\",\"name\":\"Spirit-US\",\"url\":\"https:\/\/www.spirit-us.eu\/\",\"logo\":{\"@type\":\"ImageObject\",\"inLanguage\":\"fr-FR\",\"@id\":\"https:\/\/www.spirit-us.eu\/#\/schema\/logo\/image\/\",\"url\":\"https:\/\/www.spirit-us.eu\/wp-content\/uploads\/2025\/11\/logo-regarde-linterlocutrice-sans-arrriere-plan.jpg\",\"contentUrl\":\"https:\/\/www.spirit-us.eu\/wp-content\/uploads\/2025\/11\/logo-regarde-linterlocutrice-sans-arrriere-plan.jpg\",\"width\":1080,\"height\":1080,\"caption\":\"Spirit-US\"},\"image\":{\"@id\":\"https:\/\/www.spirit-us.eu\/#\/schema\/logo\/image\/\"},\"sameAs\":[\"https:\/\/www.facebook.com\/spirit.us.deum\"]}]}<\/script>\n<!-- \/ Yoast SEO plugin. -->","yoast_head_json":{"title":"Bougie de NEUVAINE \u00e0 SAINT MICHEL - Spirit-US","robots":{"index":"index","follow":"follow","max-snippet":"max-snippet:-1","max-image-preview":"max-image-preview:large","max-video-preview":"max-video-preview:-1"},"canonical":"https:\/\/www.spirit-us.eu\/index.php\/produit\/bougie-de-neuvaine-a-saint-michel\/","og_locale":"fr_FR","og_type":"article","og_title":"Bougie de NEUVAINE \u00e0 SAINT MICHEL - Spirit-US","og_description":"Bougie de Neuvaine Saint Michel avec Pri\u00e8re au dos - 17.5cm. Cette bougie de neuvaine est avec image &amp; pri\u00e8re de Saint Michel Archange le d\u00e9fenseur. Une neuvaine est une bougie qui reste allum\u00e9e pendant neuf jours cons\u00e9cutifs, elle est pri\u00e9e pendant ces neuf jours et permet de trouver la s\u00e9r\u00e9nit\u00e9, la paix et rendre gr\u00e2ce \u00e0 Dieu par l'intercession des Saints. Priez Saint Michel, invoqu\u00e9 comme d\u00e9fenseur contre le mal, gr\u00e2ce \u00e0 la pri\u00e8re pr\u00e9sente au dos de la bougie. Allumez cette bougie dans votre coin pri\u00e8re et cr\u00e9ez un endroit serein et priant avec cette neuvaine. Bougie Neuvaine 100% huile v\u00e9g\u00e9tale blanc cr\u00e8me. Dur\u00e9e jours. A l\u2019achat de cet article, recevez gratuitement le livret des r\u00e8gles \u00e0 respecter lors du rituel des cierges, sur simple demande via le formulaire de contact :\u00a0https:\/\/www.spirit-us.eu\/index.php\/contactez-nous\/ .","og_url":"https:\/\/www.spirit-us.eu\/index.php\/produit\/bougie-de-neuvaine-a-saint-michel\/","og_site_name":"Spirit-US","article_publisher":"https:\/\/www.facebook.com\/spirit.us.deum","article_modified_time":"2025-12-20T09:40:52+00:00","og_image":[{"width":2560,"height":2560,"url":"https:\/\/www.spirit-us.eu\/wp-content\/uploads\/2025\/04\/saint-michel-cierge-image-produit-de-base-scaled.png","type":"image\/png"}],"twitter_card":"summary_large_image","schema":{"@context":"https:\/\/schema.org","@graph":[{"@type":"WebPage","@id":"https:\/\/www.spirit-us.eu\/index.php\/produit\/bougie-de-neuvaine-a-saint-michel\/","url":"https:\/\/www.spirit-us.eu\/index.php\/produit\/bougie-de-neuvaine-a-saint-michel\/","name":"Bougie de NEUVAINE \u00e0 SAINT MICHEL - Spirit-US","isPartOf":{"@id":"https:\/\/www.spirit-us.eu\/#website"},"primaryImageOfPage":{"@id":"https:\/\/www.spirit-us.eu\/index.php\/produit\/bougie-de-neuvaine-a-saint-michel\/#primaryimage"},"image":{"@id":"https:\/\/www.spirit-us.eu\/index.php\/produit\/bougie-de-neuvaine-a-saint-michel\/#primaryimage"},"thumbnailUrl":"https:\/\/www.spirit-us.eu\/wp-content\/uploads\/2025\/04\/saint-michel-cierge-image-produit-de-base-scaled.png","datePublished":"2025-04-21T08:43:13+00:00","dateModified":"2025-12-20T09:40:52+00:00","breadcrumb":{"@id":"https:\/\/www.spirit-us.eu\/index.php\/produit\/bougie-de-neuvaine-a-saint-michel\/#breadcrumb"},"inLanguage":"fr-FR","potentialAction":[{"@type":"ReadAction","target":["https:\/\/www.spirit-us.eu\/index.php\/produit\/bougie-de-neuvaine-a-saint-michel\/"]}]},{"@type":"ImageObject","inLanguage":"fr-FR","@id":"https:\/\/www.spirit-us.eu\/index.php\/produit\/bougie-de-neuvaine-a-saint-michel\/#primaryimage","url":"https:\/\/www.spirit-us.eu\/wp-content\/uploads\/2025\/04\/saint-michel-cierge-image-produit-de-base-scaled.png","contentUrl":"https:\/\/www.spirit-us.eu\/wp-content\/uploads\/2025\/04\/saint-michel-cierge-image-produit-de-base-scaled.png","width":2560,"height":2560},{"@type":"BreadcrumbList","@id":"https:\/\/www.spirit-us.eu\/index.php\/produit\/bougie-de-neuvaine-a-saint-michel\/#breadcrumb","itemListElement":[{"@type":"ListItem","position":1,"name":"Accueil","item":"https:\/\/www.spirit-us.eu\/"},{"@type":"ListItem","position":2,"name":"Boutique","item":"https:\/\/www.spirit-us.eu\/index.php\/boutique\/"},{"@type":"ListItem","position":3,"name":"Bougie de NEUVAINE \u00e0 SAINT MICHEL"}]},{"@type":"WebSite","@id":"https:\/\/www.spirit-us.eu\/#website","url":"https:\/\/www.spirit-us.eu\/","name":"Spirit-US","description":"","publisher":{"@id":"https:\/\/www.spirit-us.eu\/#organization"},"potentialAction":[{"@type":"SearchAction","target":{"@type":"EntryPoint","urlTemplate":"https:\/\/www.spirit-us.eu\/?s={search_term_string}"},"query-input":{"@type":"PropertyValueSpecification","valueRequired":true,"valueName":"search_term_string"}}],"inLanguage":"fr-FR"},{"@type":"Organization","@id":"https:\/\/www.spirit-us.eu\/#organization","name":"Spirit-US","url":"https:\/\/www.spirit-us.eu\/","logo":{"@type":"ImageObject","inLanguage":"fr-FR","@id":"https:\/\/www.spirit-us.eu\/#\/schema\/logo\/image\/","url":"https:\/\/www.spirit-us.eu\/wp-content\/uploads\/2025\/11\/logo-regarde-linterlocutrice-sans-arrriere-plan.jpg","contentUrl":"https:\/\/www.spirit-us.eu\/wp-content\/uploads\/2025\/11\/logo-regarde-linterlocutrice-sans-arrriere-plan.jpg","width":1080,"height":1080,"caption":"Spirit-US"},"image":{"@id":"https:\/\/www.spirit-us.eu\/#\/schema\/logo\/image\/"},"sameAs":["https:\/\/www.facebook.com\/spirit.us.deum"]}]}},"jetpack_sharing_enabled":true,"_links":{"self":[{"href":"https:\/\/www.spirit-us.eu\/index.php\/wp-json\/wp\/v2\/product\/932","targetHints":{"allow":["GET"]}}],"collection":[{"href":"https:\/\/www.spirit-us.eu\/index.php\/wp-json\/wp\/v2\/product"}],"about":[{"href":"https:\/\/www.spirit-us.eu\/index.php\/wp-json\/wp\/v2\/types\/product"}],"replies":[{"embeddable":true,"href":"https:\/\/www.spirit-us.eu\/index.php\/wp-json\/wp\/v2\/comments?post=932"}],"wp:featuredmedia":[{"embeddable":true,"href":"https:\/\/www.spirit-us.eu\/index.php\/wp-json\/wp\/v2\/media\/933"}],"wp:attachment":[{"href":"https:\/\/www.spirit-us.eu\/index.php\/wp-json\/wp\/v2\/media?parent=932"}],"wp:term":[{"taxonomy":"product_brand","embeddable":true,"href":"https:\/\/www.spirit-us.eu\/index.php\/wp-json\/wp\/v2\/product_brand?post=932"},{"taxonomy":"product_cat","embeddable":true,"href":"https:\/\/www.spirit-us.eu\/index.php\/wp-json\/wp\/v2\/product_cat?post=932"},{"taxonomy":"product_tag","embeddable":true,"href":"https:\/\/www.spirit-us.eu\/index.php\/wp-json\/wp\/v2\/product_tag?post=932"},{"taxonomy":"mwb_booking_cost","embeddable":true,"href":"https:\/\/www.spirit-us.eu\/index.php\/wp-json\/wp\/v2\/mwb_booking_cost?post=932"},{"taxonomy":"mwb_booking_service","embeddable":true,"href":"https:\/\/www.spirit-us.eu\/index.php\/wp-json\/wp\/v2\/mwb_booking_service?post=932"}],"curies":[{"name":"wp","href":"https:\/\/api.w.org\/{rel}","templated":true}]}}