{"id":927,"date":"2025-04-21T10:16:27","date_gmt":"2025-04-21T08:16:27","guid":{"rendered":"https:\/\/www.spirit-us.eu\/?post_type=product&#038;p=927"},"modified":"2025-12-20T10:41:39","modified_gmt":"2025-12-20T09:41:39","slug":"statue-de-saint-michel-archange","status":"publish","type":"product","link":"https:\/\/www.spirit-us.eu\/index.php\/produit\/statue-de-saint-michel-archange\/","title":{"rendered":"Statue de SAINT MICHEL ARCHANGE"},"content":{"rendered":"<p>Saint Michel : statue r\u00e9sine blanche et or 20 cm. Disponible \u00e9galement au format 15 cm sur demande (voir le formulaire de contact : <a href=\"https:\/\/www.spirit-us.eu\/index.php\/contactez-nous\/\" target=\"_blank\" rel=\"noopener\">https:\/\/www.spirit-us.eu\/index.php\/contactez-nous\/<\/a>), au prix de 19,00\u20ac. Statue de Saint Michel Archange, connu pour son r\u00f4le de protecteur c\u00e9leste.<\/p>\n<p><strong>Description <\/strong><\/p>\n<p><strong>Hauteur\u00a0: <\/strong>20 cm \/ disponible aussi en 15 cm<\/p>\n<p><strong>Longueur de la base\u00a0: <\/strong>9 cm<\/p>\n<p><strong>Profondeur de la base\u00a0: <\/strong>6 cm<\/p>\n<p><strong>Poids de livraison : <\/strong>0.4 Kg<\/p>\n<p>Recevez et t\u00e9l\u00e9chargez gratuitement la pri\u00e8re en latin et en fran\u00e7ais, de b\u00e9n\u00e9diction des statues et des objets sacr\u00e9s : <a href=\"https:\/\/exorciser-liberer-guerir.com\/benediction-et-imposition-dune-statue\/\" target=\"_blank\" rel=\"noopener\">https:\/\/exorciser-liberer-guerir.com\/benediction-et-imposition-dune-statue\/<\/a><\/p>\n","protected":false},"excerpt":{"rendered":"<p>Saint Michel est le recteur des parfums, il se tient \u00e0 droite de l\u2019autel des encens. Il est aussi le protecteur puissant dans toute cause qui semble sans issue. Il est rassurant de se connecter \u00e0 lui chaque fois qu\u2019on a besoin de se sentir prot\u00e9g\u00e9.e et rassur\u00e9.e. A l\u2019achat de cet article, recevez gratuitement la <strong>pri\u00e8re puissante de protection<\/strong>, au format audio mp3, en latin et en fran\u00e7ais, ainsi que sa version \u00e9crite sous forme de livret comportant \u00e9galement une neuvaine de protection d\u00e9di\u00e9e \u00e0 saint Michel, l\u2019archange de l\u2019\u00e9nergie bleue infinie. La sculpture met en \u00e9vidence l&rsquo;archange avec son \u00e9p\u00e9e en main, pr\u00eat \u00e0 frapper un d\u00e9mon \u00e0 l&rsquo;aspect mi-homme mi-b\u00eate, repr\u00e9sentant la lutte entre bien et mal. V\u00e9n\u00e9r\u00e9 dans les traditions chr\u00e9tienne et juive, il est un symbole de protection et de guide spirituel qui combat les forces du mal. Cette statue peut \u00eatre un magnifique cadeau pour chaque occasion, symbolisant protection et force pour qui la re\u00e7oit. Voyez aussi l&rsquo;encens de saint Michel :<\/p>\n","protected":false},"featured_media":928,"comment_status":"open","ping_status":"closed","template":"","meta":[],"product_brand":[],"product_cat":[505,17,504],"product_tag":[],"mwb_booking_cost":[],"mwb_booking_service":[],"class_list":{"0":"post-927","1":"product","2":"type-product","3":"status-publish","4":"has-post-thumbnail","6":"product_cat-001-statues-saintes","7":"product_cat-tous-les-produits","8":"product_cat-01-univers-sacre-accueil","10":"first","11":"instock","12":"shipping-taxable","13":"purchasable","14":"product-type-simple"},"yoast_head":"<!-- This site is optimized with the Yoast SEO plugin v27.1.1 - https:\/\/yoast.com\/product\/yoast-seo-wordpress\/ -->\n<title>Statue de SAINT MICHEL ARCHANGE - Spirit-US<\/title>\n<meta name=\"robots\" content=\"index, follow, max-snippet:-1, max-image-preview:large, max-video-preview:-1\" \/>\n<link rel=\"canonical\" href=\"https:\/\/www.spirit-us.eu\/index.php\/produit\/statue-de-saint-michel-archange\/\" \/>\n<meta property=\"og:locale\" content=\"fr_FR\" \/>\n<meta property=\"og:type\" content=\"article\" \/>\n<meta property=\"og:title\" content=\"Statue de SAINT MICHEL ARCHANGE - Spirit-US\" \/>\n<meta property=\"og:description\" content=\"Saint Michel est le recteur des parfums, il se tient \u00e0 droite de l\u2019autel des encens. Il est aussi le protecteur puissant dans toute cause qui semble sans issue. Il est rassurant de se connecter \u00e0 lui chaque fois qu\u2019on a besoin de se sentir prot\u00e9g\u00e9.e et rassur\u00e9.e. A l\u2019achat de cet article, recevez gratuitement la pri\u00e8re puissante de protection, au format audio mp3, en latin et en fran\u00e7ais, ainsi que sa version \u00e9crite sous forme de livret comportant \u00e9galement une neuvaine de protection d\u00e9di\u00e9e \u00e0 saint Michel, l\u2019archange de l\u2019\u00e9nergie bleue infinie. La sculpture met en \u00e9vidence l&#039;archange avec son \u00e9p\u00e9e en main, pr\u00eat \u00e0 frapper un d\u00e9mon \u00e0 l&#039;aspect mi-homme mi-b\u00eate, repr\u00e9sentant la lutte entre bien et mal. V\u00e9n\u00e9r\u00e9 dans les traditions chr\u00e9tienne et juive, il est un symbole de protection et de guide spirituel qui combat les forces du mal. Cette statue peut \u00eatre un magnifique cadeau pour chaque occasion, symbolisant protection et force pour qui la re\u00e7oit. Voyez aussi l&#039;encens de saint Michel :\" \/>\n<meta property=\"og:url\" content=\"https:\/\/www.spirit-us.eu\/index.php\/produit\/statue-de-saint-michel-archange\/\" \/>\n<meta property=\"og:site_name\" content=\"Spirit-US\" \/>\n<meta property=\"article:publisher\" content=\"https:\/\/www.facebook.com\/spirit.us.deum\" \/>\n<meta property=\"article:modified_time\" content=\"2025-12-20T09:41:39+00:00\" \/>\n<meta property=\"og:image\" content=\"https:\/\/www.spirit-us.eu\/wp-content\/uploads\/2025\/04\/image-produit-de-base-saint-michel-scaled.png\" \/>\n\t<meta property=\"og:image:width\" content=\"2560\" \/>\n\t<meta property=\"og:image:height\" content=\"2560\" \/>\n\t<meta property=\"og:image:type\" content=\"image\/png\" \/>\n<meta name=\"twitter:card\" content=\"summary_large_image\" \/>\n<script type=\"application\/ld+json\" class=\"yoast-schema-graph\">{\"@context\":\"https:\/\/schema.org\",\"@graph\":[{\"@type\":\"WebPage\",\"@id\":\"https:\/\/www.spirit-us.eu\/index.php\/produit\/statue-de-saint-michel-archange\/\",\"url\":\"https:\/\/www.spirit-us.eu\/index.php\/produit\/statue-de-saint-michel-archange\/\",\"name\":\"Statue de SAINT MICHEL ARCHANGE - Spirit-US\",\"isPartOf\":{\"@id\":\"https:\/\/www.spirit-us.eu\/#website\"},\"primaryImageOfPage\":{\"@id\":\"https:\/\/www.spirit-us.eu\/index.php\/produit\/statue-de-saint-michel-archange\/#primaryimage\"},\"image\":{\"@id\":\"https:\/\/www.spirit-us.eu\/index.php\/produit\/statue-de-saint-michel-archange\/#primaryimage\"},\"thumbnailUrl\":\"https:\/\/www.spirit-us.eu\/wp-content\/uploads\/2025\/04\/image-produit-de-base-saint-michel-scaled.png\",\"datePublished\":\"2025-04-21T08:16:27+00:00\",\"dateModified\":\"2025-12-20T09:41:39+00:00\",\"breadcrumb\":{\"@id\":\"https:\/\/www.spirit-us.eu\/index.php\/produit\/statue-de-saint-michel-archange\/#breadcrumb\"},\"inLanguage\":\"fr-FR\",\"potentialAction\":[{\"@type\":\"ReadAction\",\"target\":[\"https:\/\/www.spirit-us.eu\/index.php\/produit\/statue-de-saint-michel-archange\/\"]}]},{\"@type\":\"ImageObject\",\"inLanguage\":\"fr-FR\",\"@id\":\"https:\/\/www.spirit-us.eu\/index.php\/produit\/statue-de-saint-michel-archange\/#primaryimage\",\"url\":\"https:\/\/www.spirit-us.eu\/wp-content\/uploads\/2025\/04\/image-produit-de-base-saint-michel-scaled.png\",\"contentUrl\":\"https:\/\/www.spirit-us.eu\/wp-content\/uploads\/2025\/04\/image-produit-de-base-saint-michel-scaled.png\",\"width\":2560,\"height\":2560},{\"@type\":\"BreadcrumbList\",\"@id\":\"https:\/\/www.spirit-us.eu\/index.php\/produit\/statue-de-saint-michel-archange\/#breadcrumb\",\"itemListElement\":[{\"@type\":\"ListItem\",\"position\":1,\"name\":\"Accueil\",\"item\":\"https:\/\/www.spirit-us.eu\/\"},{\"@type\":\"ListItem\",\"position\":2,\"name\":\"Boutique\",\"item\":\"https:\/\/www.spirit-us.eu\/index.php\/boutique\/\"},{\"@type\":\"ListItem\",\"position\":3,\"name\":\"Statue de SAINT MICHEL ARCHANGE\"}]},{\"@type\":\"WebSite\",\"@id\":\"https:\/\/www.spirit-us.eu\/#website\",\"url\":\"https:\/\/www.spirit-us.eu\/\",\"name\":\"Spirit-US\",\"description\":\"\",\"publisher\":{\"@id\":\"https:\/\/www.spirit-us.eu\/#organization\"},\"potentialAction\":[{\"@type\":\"SearchAction\",\"target\":{\"@type\":\"EntryPoint\",\"urlTemplate\":\"https:\/\/www.spirit-us.eu\/?s={search_term_string}\"},\"query-input\":{\"@type\":\"PropertyValueSpecification\",\"valueRequired\":true,\"valueName\":\"search_term_string\"}}],\"inLanguage\":\"fr-FR\"},{\"@type\":\"Organization\",\"@id\":\"https:\/\/www.spirit-us.eu\/#organization\",\"name\":\"Spirit-US\",\"url\":\"https:\/\/www.spirit-us.eu\/\",\"logo\":{\"@type\":\"ImageObject\",\"inLanguage\":\"fr-FR\",\"@id\":\"https:\/\/www.spirit-us.eu\/#\/schema\/logo\/image\/\",\"url\":\"https:\/\/www.spirit-us.eu\/wp-content\/uploads\/2025\/11\/logo-regarde-linterlocutrice-sans-arrriere-plan.jpg\",\"contentUrl\":\"https:\/\/www.spirit-us.eu\/wp-content\/uploads\/2025\/11\/logo-regarde-linterlocutrice-sans-arrriere-plan.jpg\",\"width\":1080,\"height\":1080,\"caption\":\"Spirit-US\"},\"image\":{\"@id\":\"https:\/\/www.spirit-us.eu\/#\/schema\/logo\/image\/\"},\"sameAs\":[\"https:\/\/www.facebook.com\/spirit.us.deum\"]}]}<\/script>\n<!-- \/ Yoast SEO plugin. -->","yoast_head_json":{"title":"Statue de SAINT MICHEL ARCHANGE - Spirit-US","robots":{"index":"index","follow":"follow","max-snippet":"max-snippet:-1","max-image-preview":"max-image-preview:large","max-video-preview":"max-video-preview:-1"},"canonical":"https:\/\/www.spirit-us.eu\/index.php\/produit\/statue-de-saint-michel-archange\/","og_locale":"fr_FR","og_type":"article","og_title":"Statue de SAINT MICHEL ARCHANGE - Spirit-US","og_description":"Saint Michel est le recteur des parfums, il se tient \u00e0 droite de l\u2019autel des encens. Il est aussi le protecteur puissant dans toute cause qui semble sans issue. Il est rassurant de se connecter \u00e0 lui chaque fois qu\u2019on a besoin de se sentir prot\u00e9g\u00e9.e et rassur\u00e9.e. A l\u2019achat de cet article, recevez gratuitement la pri\u00e8re puissante de protection, au format audio mp3, en latin et en fran\u00e7ais, ainsi que sa version \u00e9crite sous forme de livret comportant \u00e9galement une neuvaine de protection d\u00e9di\u00e9e \u00e0 saint Michel, l\u2019archange de l\u2019\u00e9nergie bleue infinie. La sculpture met en \u00e9vidence l'archange avec son \u00e9p\u00e9e en main, pr\u00eat \u00e0 frapper un d\u00e9mon \u00e0 l'aspect mi-homme mi-b\u00eate, repr\u00e9sentant la lutte entre bien et mal. V\u00e9n\u00e9r\u00e9 dans les traditions chr\u00e9tienne et juive, il est un symbole de protection et de guide spirituel qui combat les forces du mal. Cette statue peut \u00eatre un magnifique cadeau pour chaque occasion, symbolisant protection et force pour qui la re\u00e7oit. Voyez aussi l'encens de saint Michel :","og_url":"https:\/\/www.spirit-us.eu\/index.php\/produit\/statue-de-saint-michel-archange\/","og_site_name":"Spirit-US","article_publisher":"https:\/\/www.facebook.com\/spirit.us.deum","article_modified_time":"2025-12-20T09:41:39+00:00","og_image":[{"width":2560,"height":2560,"url":"https:\/\/www.spirit-us.eu\/wp-content\/uploads\/2025\/04\/image-produit-de-base-saint-michel-scaled.png","type":"image\/png"}],"twitter_card":"summary_large_image","schema":{"@context":"https:\/\/schema.org","@graph":[{"@type":"WebPage","@id":"https:\/\/www.spirit-us.eu\/index.php\/produit\/statue-de-saint-michel-archange\/","url":"https:\/\/www.spirit-us.eu\/index.php\/produit\/statue-de-saint-michel-archange\/","name":"Statue de SAINT MICHEL ARCHANGE - Spirit-US","isPartOf":{"@id":"https:\/\/www.spirit-us.eu\/#website"},"primaryImageOfPage":{"@id":"https:\/\/www.spirit-us.eu\/index.php\/produit\/statue-de-saint-michel-archange\/#primaryimage"},"image":{"@id":"https:\/\/www.spirit-us.eu\/index.php\/produit\/statue-de-saint-michel-archange\/#primaryimage"},"thumbnailUrl":"https:\/\/www.spirit-us.eu\/wp-content\/uploads\/2025\/04\/image-produit-de-base-saint-michel-scaled.png","datePublished":"2025-04-21T08:16:27+00:00","dateModified":"2025-12-20T09:41:39+00:00","breadcrumb":{"@id":"https:\/\/www.spirit-us.eu\/index.php\/produit\/statue-de-saint-michel-archange\/#breadcrumb"},"inLanguage":"fr-FR","potentialAction":[{"@type":"ReadAction","target":["https:\/\/www.spirit-us.eu\/index.php\/produit\/statue-de-saint-michel-archange\/"]}]},{"@type":"ImageObject","inLanguage":"fr-FR","@id":"https:\/\/www.spirit-us.eu\/index.php\/produit\/statue-de-saint-michel-archange\/#primaryimage","url":"https:\/\/www.spirit-us.eu\/wp-content\/uploads\/2025\/04\/image-produit-de-base-saint-michel-scaled.png","contentUrl":"https:\/\/www.spirit-us.eu\/wp-content\/uploads\/2025\/04\/image-produit-de-base-saint-michel-scaled.png","width":2560,"height":2560},{"@type":"BreadcrumbList","@id":"https:\/\/www.spirit-us.eu\/index.php\/produit\/statue-de-saint-michel-archange\/#breadcrumb","itemListElement":[{"@type":"ListItem","position":1,"name":"Accueil","item":"https:\/\/www.spirit-us.eu\/"},{"@type":"ListItem","position":2,"name":"Boutique","item":"https:\/\/www.spirit-us.eu\/index.php\/boutique\/"},{"@type":"ListItem","position":3,"name":"Statue de SAINT MICHEL ARCHANGE"}]},{"@type":"WebSite","@id":"https:\/\/www.spirit-us.eu\/#website","url":"https:\/\/www.spirit-us.eu\/","name":"Spirit-US","description":"","publisher":{"@id":"https:\/\/www.spirit-us.eu\/#organization"},"potentialAction":[{"@type":"SearchAction","target":{"@type":"EntryPoint","urlTemplate":"https:\/\/www.spirit-us.eu\/?s={search_term_string}"},"query-input":{"@type":"PropertyValueSpecification","valueRequired":true,"valueName":"search_term_string"}}],"inLanguage":"fr-FR"},{"@type":"Organization","@id":"https:\/\/www.spirit-us.eu\/#organization","name":"Spirit-US","url":"https:\/\/www.spirit-us.eu\/","logo":{"@type":"ImageObject","inLanguage":"fr-FR","@id":"https:\/\/www.spirit-us.eu\/#\/schema\/logo\/image\/","url":"https:\/\/www.spirit-us.eu\/wp-content\/uploads\/2025\/11\/logo-regarde-linterlocutrice-sans-arrriere-plan.jpg","contentUrl":"https:\/\/www.spirit-us.eu\/wp-content\/uploads\/2025\/11\/logo-regarde-linterlocutrice-sans-arrriere-plan.jpg","width":1080,"height":1080,"caption":"Spirit-US"},"image":{"@id":"https:\/\/www.spirit-us.eu\/#\/schema\/logo\/image\/"},"sameAs":["https:\/\/www.facebook.com\/spirit.us.deum"]}]}},"jetpack_sharing_enabled":true,"_links":{"self":[{"href":"https:\/\/www.spirit-us.eu\/index.php\/wp-json\/wp\/v2\/product\/927","targetHints":{"allow":["GET"]}}],"collection":[{"href":"https:\/\/www.spirit-us.eu\/index.php\/wp-json\/wp\/v2\/product"}],"about":[{"href":"https:\/\/www.spirit-us.eu\/index.php\/wp-json\/wp\/v2\/types\/product"}],"replies":[{"embeddable":true,"href":"https:\/\/www.spirit-us.eu\/index.php\/wp-json\/wp\/v2\/comments?post=927"}],"wp:featuredmedia":[{"embeddable":true,"href":"https:\/\/www.spirit-us.eu\/index.php\/wp-json\/wp\/v2\/media\/928"}],"wp:attachment":[{"href":"https:\/\/www.spirit-us.eu\/index.php\/wp-json\/wp\/v2\/media?parent=927"}],"wp:term":[{"taxonomy":"product_brand","embeddable":true,"href":"https:\/\/www.spirit-us.eu\/index.php\/wp-json\/wp\/v2\/product_brand?post=927"},{"taxonomy":"product_cat","embeddable":true,"href":"https:\/\/www.spirit-us.eu\/index.php\/wp-json\/wp\/v2\/product_cat?post=927"},{"taxonomy":"product_tag","embeddable":true,"href":"https:\/\/www.spirit-us.eu\/index.php\/wp-json\/wp\/v2\/product_tag?post=927"},{"taxonomy":"mwb_booking_cost","embeddable":true,"href":"https:\/\/www.spirit-us.eu\/index.php\/wp-json\/wp\/v2\/mwb_booking_cost?post=927"},{"taxonomy":"mwb_booking_service","embeddable":true,"href":"https:\/\/www.spirit-us.eu\/index.php\/wp-json\/wp\/v2\/mwb_booking_service?post=927"}],"curies":[{"name":"wp","href":"https:\/\/api.w.org\/{rel}","templated":true}]}}