{"id":918,"date":"2025-04-20T17:38:03","date_gmt":"2025-04-20T15:38:03","guid":{"rendered":"https:\/\/www.spirit-us.eu\/?post_type=product&#038;p=918"},"modified":"2026-03-21T12:49:05","modified_gmt":"2026-03-21T11:49:05","slug":"sendormir-dans-les-bras-dun-ange-soin-de-recuperation","status":"publish","type":"product","link":"https:\/\/www.spirit-us.eu\/index.php\/produit\/sendormir-dans-les-bras-dun-ange-soin-de-recuperation\/","title":{"rendered":"ENERGIE DE PAIX &#8211; S&rsquo;endormir dans les bras d&rsquo;un ange &#8211; soin de RECUPERATION"},"content":{"rendered":"<p>Pour favoriser la r\u00e9cup\u00e9ration \u00e9nerg\u00e9tique dans un sommeil apais\u00e9, l&rsquo;encens de nard et une tisane de val\u00e9riane sont tout indiqu\u00e9s.<\/p>\n<p>Objectifs de ce soin\u00a0: amener, par la visualisation, \u00e0 se ressourcer apr\u00e8s un travail spirituel intense, s\u2019autoriser \u00e0 puiser au c\u0153ur de la Terre-M\u00e8re et dans l\u2019\u00e9nergie solaire, une \u00e9nergie puissante et reconstitu\u00e9e, l\u00e2cher-prise pour se reposer.<\/p>\n<p><strong>DESCRIPTION TECHNIQUE :<\/strong><\/p>\n<p><strong>Auteure<\/strong>\u00a0: Lola Lacroix<\/p>\n<p><strong>Format<\/strong>\u00a0: mp3 &amp; documents connexes (brochure explicative); t\u00e9l\u00e9chargeables et utilisables imm\u00e9diatement<\/p>\n<p><strong>Dur\u00e9e<\/strong>\u00a0: 17 minutes<\/p>\n<p><strong>Composition<\/strong>\u00a0: texte &amp; musique inspir\u00e9e de l\u2019Ave Maria par Libera \/ Caccini \u2013 source\u00a0: Youtube<\/p>\n<p><strong>Droits<\/strong>\u00a0: ce texte est original, aucune plume artificielle n\u2019a \u00e9t\u00e9 utilis\u00e9e pour le r\u00e9diger ou l\u2019enregistrer ; toute reproduction, diffusion ou traduction sont interdites sans consultation de l\u2019auteure<\/p>\n","protected":false},"excerpt":{"rendered":"<p>Soin tout doux de r\u00e9cup\u00e9ration, pour trouver un bon sommeil, apr\u00e8s un travail spirituel intense.\u00a0 Il est indiqu\u00e9 pour les \u00e9nerg\u00e9ticien.nes, ou toute personne effectuant un travail \u00e0 distance, de gu\u00e9rison ou d&rsquo;influence b\u00e9n\u00e9fique. Ce soin d\u2019une dur\u00e9e de 17 minutes, mont\u00e9 sur une musique originale inspir\u00e9e de l\u2019Ave Maria, est destin\u00e9 aux M\u00e9dium, aux personnes \u0153uvrant en influence \u00e0 distance pour le plus grand bien de tout un chacun, dans le but d\u2019apporter la paix, la s\u00e9r\u00e9nit\u00e9 et plus de justice aux autres. Un travail d\u2019influence \u00e0 distance ou de connexion sp\u00e9cifique au monde invisible requiert \u00e9norm\u00e9ment d\u2019\u00e9nergie.\u00a0 Apr\u00e8s une s\u00e9ance, il est fondamental de s\u2019accorder du temps juste pour soi, de r\u00e9cup\u00e9rer, de se reposer et de purifier les champs \u00e9nerg\u00e9tiques personnels. Id\u00e9alement, le travail d\u2019influence \u00e0 distance ou de m\u00e9diumnit\u00e9 s\u2019accomplissent le soir, lorsque les sollicitations diverses de la journ\u00e9e se sont tues.\u00a0 Ce soin vous permettra de vous apaiser, de reconstituer votre \u00e9nergie que vous retrouverez au r\u00e9veil, et de prendre du repos. Du repos dans les bras d\u2019un ange. Ce dernier est l&rsquo;archange Rapha\u00ebl, recteur du rayon vert positif. L&rsquo;encens de nard est id\u00e9al pour accompagner ce soin : <a href=\"https:\/\/www.spirit-us.eu\/index.php\/produit\/encens-de-nard\/\" target=\"_blank\" rel=\"noopener\">https:\/\/www.spirit-us.eu\/index.php\/produit\/encens-de-nard\/<\/a><\/p>\n","protected":false},"featured_media":920,"comment_status":"open","ping_status":"closed","template":"","meta":[],"product_brand":[],"product_cat":[155,17],"product_tag":[],"mwb_booking_cost":[],"mwb_booking_service":[],"class_list":{"0":"post-918","1":"product","2":"type-product","3":"status-publish","4":"has-post-thumbnail","6":"product_cat-02-soins-accueil","7":"product_cat-tous-les-produits","9":"first","10":"instock","11":"downloadable","12":"virtual","13":"purchasable","14":"product-type-simple"},"yoast_head":"<!-- This site is optimized with the Yoast SEO plugin v27.1.1 - https:\/\/yoast.com\/product\/yoast-seo-wordpress\/ -->\n<title>ENERGIE DE PAIX - S&#039;endormir dans les bras d&#039;un ange - soin de RECUPERATION - Spirit-US<\/title>\n<meta name=\"robots\" content=\"index, follow, max-snippet:-1, max-image-preview:large, max-video-preview:-1\" \/>\n<link rel=\"canonical\" href=\"https:\/\/www.spirit-us.eu\/index.php\/produit\/sendormir-dans-les-bras-dun-ange-soin-de-recuperation\/\" \/>\n<meta property=\"og:locale\" content=\"fr_FR\" \/>\n<meta property=\"og:type\" content=\"article\" \/>\n<meta property=\"og:title\" content=\"ENERGIE DE PAIX - S&#039;endormir dans les bras d&#039;un ange - soin de RECUPERATION - Spirit-US\" \/>\n<meta property=\"og:description\" content=\"Soin tout doux de r\u00e9cup\u00e9ration, pour trouver un bon sommeil, apr\u00e8s un travail spirituel intense.\u00a0 Il est indiqu\u00e9 pour les \u00e9nerg\u00e9ticien.nes, ou toute personne effectuant un travail \u00e0 distance, de gu\u00e9rison ou d&#039;influence b\u00e9n\u00e9fique. Ce soin d\u2019une dur\u00e9e de 17 minutes, mont\u00e9 sur une musique originale inspir\u00e9e de l\u2019Ave Maria, est destin\u00e9 aux M\u00e9dium, aux personnes \u0153uvrant en influence \u00e0 distance pour le plus grand bien de tout un chacun, dans le but d\u2019apporter la paix, la s\u00e9r\u00e9nit\u00e9 et plus de justice aux autres. Un travail d\u2019influence \u00e0 distance ou de connexion sp\u00e9cifique au monde invisible requiert \u00e9norm\u00e9ment d\u2019\u00e9nergie.\u00a0 Apr\u00e8s une s\u00e9ance, il est fondamental de s\u2019accorder du temps juste pour soi, de r\u00e9cup\u00e9rer, de se reposer et de purifier les champs \u00e9nerg\u00e9tiques personnels. Id\u00e9alement, le travail d\u2019influence \u00e0 distance ou de m\u00e9diumnit\u00e9 s\u2019accomplissent le soir, lorsque les sollicitations diverses de la journ\u00e9e se sont tues.\u00a0 Ce soin vous permettra de vous apaiser, de reconstituer votre \u00e9nergie que vous retrouverez au r\u00e9veil, et de prendre du repos. Du repos dans les bras d\u2019un ange. Ce dernier est l&#039;archange Rapha\u00ebl, recteur du rayon vert positif. L&#039;encens de nard est id\u00e9al pour accompagner ce soin : https:\/\/www.spirit-us.eu\/index.php\/produit\/encens-de-nard\/\" \/>\n<meta property=\"og:url\" content=\"https:\/\/www.spirit-us.eu\/index.php\/produit\/sendormir-dans-les-bras-dun-ange-soin-de-recuperation\/\" \/>\n<meta property=\"og:site_name\" content=\"Spirit-US\" \/>\n<meta property=\"article:publisher\" content=\"https:\/\/www.facebook.com\/spirit.us.deum\" \/>\n<meta property=\"article:modified_time\" content=\"2026-03-21T11:49:05+00:00\" \/>\n<meta property=\"og:image\" content=\"https:\/\/www.spirit-us.eu\/wp-content\/uploads\/2025\/04\/Sendormir-dans-les-bras-dun-ange-image-produit.jpg\" \/>\n\t<meta property=\"og:image:width\" content=\"1080\" \/>\n\t<meta property=\"og:image:height\" content=\"1080\" \/>\n\t<meta property=\"og:image:type\" content=\"image\/jpeg\" \/>\n<meta name=\"twitter:card\" content=\"summary_large_image\" \/>\n<meta name=\"twitter:label1\" content=\"Dur\u00e9e de lecture estim\u00e9e\" \/>\n\t<meta name=\"twitter:data1\" content=\"1 minute\" \/>\n<script type=\"application\/ld+json\" class=\"yoast-schema-graph\">{\"@context\":\"https:\/\/schema.org\",\"@graph\":[{\"@type\":\"WebPage\",\"@id\":\"https:\/\/www.spirit-us.eu\/index.php\/produit\/sendormir-dans-les-bras-dun-ange-soin-de-recuperation\/\",\"url\":\"https:\/\/www.spirit-us.eu\/index.php\/produit\/sendormir-dans-les-bras-dun-ange-soin-de-recuperation\/\",\"name\":\"ENERGIE DE PAIX - S'endormir dans les bras d'un ange - soin de RECUPERATION - Spirit-US\",\"isPartOf\":{\"@id\":\"https:\/\/www.spirit-us.eu\/#website\"},\"primaryImageOfPage\":{\"@id\":\"https:\/\/www.spirit-us.eu\/index.php\/produit\/sendormir-dans-les-bras-dun-ange-soin-de-recuperation\/#primaryimage\"},\"image\":{\"@id\":\"https:\/\/www.spirit-us.eu\/index.php\/produit\/sendormir-dans-les-bras-dun-ange-soin-de-recuperation\/#primaryimage\"},\"thumbnailUrl\":\"https:\/\/www.spirit-us.eu\/wp-content\/uploads\/2025\/04\/Sendormir-dans-les-bras-dun-ange-image-produit.jpg\",\"datePublished\":\"2025-04-20T15:38:03+00:00\",\"dateModified\":\"2026-03-21T11:49:05+00:00\",\"breadcrumb\":{\"@id\":\"https:\/\/www.spirit-us.eu\/index.php\/produit\/sendormir-dans-les-bras-dun-ange-soin-de-recuperation\/#breadcrumb\"},\"inLanguage\":\"fr-FR\",\"potentialAction\":[{\"@type\":\"ReadAction\",\"target\":[\"https:\/\/www.spirit-us.eu\/index.php\/produit\/sendormir-dans-les-bras-dun-ange-soin-de-recuperation\/\"]}]},{\"@type\":\"ImageObject\",\"inLanguage\":\"fr-FR\",\"@id\":\"https:\/\/www.spirit-us.eu\/index.php\/produit\/sendormir-dans-les-bras-dun-ange-soin-de-recuperation\/#primaryimage\",\"url\":\"https:\/\/www.spirit-us.eu\/wp-content\/uploads\/2025\/04\/Sendormir-dans-les-bras-dun-ange-image-produit.jpg\",\"contentUrl\":\"https:\/\/www.spirit-us.eu\/wp-content\/uploads\/2025\/04\/Sendormir-dans-les-bras-dun-ange-image-produit.jpg\",\"width\":1080,\"height\":1080},{\"@type\":\"BreadcrumbList\",\"@id\":\"https:\/\/www.spirit-us.eu\/index.php\/produit\/sendormir-dans-les-bras-dun-ange-soin-de-recuperation\/#breadcrumb\",\"itemListElement\":[{\"@type\":\"ListItem\",\"position\":1,\"name\":\"Accueil\",\"item\":\"https:\/\/www.spirit-us.eu\/\"},{\"@type\":\"ListItem\",\"position\":2,\"name\":\"Boutique\",\"item\":\"https:\/\/www.spirit-us.eu\/index.php\/boutique\/\"},{\"@type\":\"ListItem\",\"position\":3,\"name\":\"ENERGIE DE PAIX &#8211; S&rsquo;endormir dans les bras d&rsquo;un ange &#8211; soin de RECUPERATION\"}]},{\"@type\":\"WebSite\",\"@id\":\"https:\/\/www.spirit-us.eu\/#website\",\"url\":\"https:\/\/www.spirit-us.eu\/\",\"name\":\"Spirit-US\",\"description\":\"\",\"publisher\":{\"@id\":\"https:\/\/www.spirit-us.eu\/#organization\"},\"potentialAction\":[{\"@type\":\"SearchAction\",\"target\":{\"@type\":\"EntryPoint\",\"urlTemplate\":\"https:\/\/www.spirit-us.eu\/?s={search_term_string}\"},\"query-input\":{\"@type\":\"PropertyValueSpecification\",\"valueRequired\":true,\"valueName\":\"search_term_string\"}}],\"inLanguage\":\"fr-FR\"},{\"@type\":\"Organization\",\"@id\":\"https:\/\/www.spirit-us.eu\/#organization\",\"name\":\"Spirit-US\",\"url\":\"https:\/\/www.spirit-us.eu\/\",\"logo\":{\"@type\":\"ImageObject\",\"inLanguage\":\"fr-FR\",\"@id\":\"https:\/\/www.spirit-us.eu\/#\/schema\/logo\/image\/\",\"url\":\"https:\/\/www.spirit-us.eu\/wp-content\/uploads\/2025\/11\/logo-regarde-linterlocutrice-sans-arrriere-plan.jpg\",\"contentUrl\":\"https:\/\/www.spirit-us.eu\/wp-content\/uploads\/2025\/11\/logo-regarde-linterlocutrice-sans-arrriere-plan.jpg\",\"width\":1080,\"height\":1080,\"caption\":\"Spirit-US\"},\"image\":{\"@id\":\"https:\/\/www.spirit-us.eu\/#\/schema\/logo\/image\/\"},\"sameAs\":[\"https:\/\/www.facebook.com\/spirit.us.deum\"]}]}<\/script>\n<!-- \/ Yoast SEO plugin. -->","yoast_head_json":{"title":"ENERGIE DE PAIX - S'endormir dans les bras d'un ange - soin de RECUPERATION - Spirit-US","robots":{"index":"index","follow":"follow","max-snippet":"max-snippet:-1","max-image-preview":"max-image-preview:large","max-video-preview":"max-video-preview:-1"},"canonical":"https:\/\/www.spirit-us.eu\/index.php\/produit\/sendormir-dans-les-bras-dun-ange-soin-de-recuperation\/","og_locale":"fr_FR","og_type":"article","og_title":"ENERGIE DE PAIX - S'endormir dans les bras d'un ange - soin de RECUPERATION - Spirit-US","og_description":"Soin tout doux de r\u00e9cup\u00e9ration, pour trouver un bon sommeil, apr\u00e8s un travail spirituel intense.\u00a0 Il est indiqu\u00e9 pour les \u00e9nerg\u00e9ticien.nes, ou toute personne effectuant un travail \u00e0 distance, de gu\u00e9rison ou d'influence b\u00e9n\u00e9fique. Ce soin d\u2019une dur\u00e9e de 17 minutes, mont\u00e9 sur une musique originale inspir\u00e9e de l\u2019Ave Maria, est destin\u00e9 aux M\u00e9dium, aux personnes \u0153uvrant en influence \u00e0 distance pour le plus grand bien de tout un chacun, dans le but d\u2019apporter la paix, la s\u00e9r\u00e9nit\u00e9 et plus de justice aux autres. Un travail d\u2019influence \u00e0 distance ou de connexion sp\u00e9cifique au monde invisible requiert \u00e9norm\u00e9ment d\u2019\u00e9nergie.\u00a0 Apr\u00e8s une s\u00e9ance, il est fondamental de s\u2019accorder du temps juste pour soi, de r\u00e9cup\u00e9rer, de se reposer et de purifier les champs \u00e9nerg\u00e9tiques personnels. Id\u00e9alement, le travail d\u2019influence \u00e0 distance ou de m\u00e9diumnit\u00e9 s\u2019accomplissent le soir, lorsque les sollicitations diverses de la journ\u00e9e se sont tues.\u00a0 Ce soin vous permettra de vous apaiser, de reconstituer votre \u00e9nergie que vous retrouverez au r\u00e9veil, et de prendre du repos. Du repos dans les bras d\u2019un ange. Ce dernier est l'archange Rapha\u00ebl, recteur du rayon vert positif. L'encens de nard est id\u00e9al pour accompagner ce soin : https:\/\/www.spirit-us.eu\/index.php\/produit\/encens-de-nard\/","og_url":"https:\/\/www.spirit-us.eu\/index.php\/produit\/sendormir-dans-les-bras-dun-ange-soin-de-recuperation\/","og_site_name":"Spirit-US","article_publisher":"https:\/\/www.facebook.com\/spirit.us.deum","article_modified_time":"2026-03-21T11:49:05+00:00","og_image":[{"width":1080,"height":1080,"url":"https:\/\/www.spirit-us.eu\/wp-content\/uploads\/2025\/04\/Sendormir-dans-les-bras-dun-ange-image-produit.jpg","type":"image\/jpeg"}],"twitter_card":"summary_large_image","twitter_misc":{"Dur\u00e9e de lecture estim\u00e9e":"1 minute"},"schema":{"@context":"https:\/\/schema.org","@graph":[{"@type":"WebPage","@id":"https:\/\/www.spirit-us.eu\/index.php\/produit\/sendormir-dans-les-bras-dun-ange-soin-de-recuperation\/","url":"https:\/\/www.spirit-us.eu\/index.php\/produit\/sendormir-dans-les-bras-dun-ange-soin-de-recuperation\/","name":"ENERGIE DE PAIX - S'endormir dans les bras d'un ange - soin de RECUPERATION - Spirit-US","isPartOf":{"@id":"https:\/\/www.spirit-us.eu\/#website"},"primaryImageOfPage":{"@id":"https:\/\/www.spirit-us.eu\/index.php\/produit\/sendormir-dans-les-bras-dun-ange-soin-de-recuperation\/#primaryimage"},"image":{"@id":"https:\/\/www.spirit-us.eu\/index.php\/produit\/sendormir-dans-les-bras-dun-ange-soin-de-recuperation\/#primaryimage"},"thumbnailUrl":"https:\/\/www.spirit-us.eu\/wp-content\/uploads\/2025\/04\/Sendormir-dans-les-bras-dun-ange-image-produit.jpg","datePublished":"2025-04-20T15:38:03+00:00","dateModified":"2026-03-21T11:49:05+00:00","breadcrumb":{"@id":"https:\/\/www.spirit-us.eu\/index.php\/produit\/sendormir-dans-les-bras-dun-ange-soin-de-recuperation\/#breadcrumb"},"inLanguage":"fr-FR","potentialAction":[{"@type":"ReadAction","target":["https:\/\/www.spirit-us.eu\/index.php\/produit\/sendormir-dans-les-bras-dun-ange-soin-de-recuperation\/"]}]},{"@type":"ImageObject","inLanguage":"fr-FR","@id":"https:\/\/www.spirit-us.eu\/index.php\/produit\/sendormir-dans-les-bras-dun-ange-soin-de-recuperation\/#primaryimage","url":"https:\/\/www.spirit-us.eu\/wp-content\/uploads\/2025\/04\/Sendormir-dans-les-bras-dun-ange-image-produit.jpg","contentUrl":"https:\/\/www.spirit-us.eu\/wp-content\/uploads\/2025\/04\/Sendormir-dans-les-bras-dun-ange-image-produit.jpg","width":1080,"height":1080},{"@type":"BreadcrumbList","@id":"https:\/\/www.spirit-us.eu\/index.php\/produit\/sendormir-dans-les-bras-dun-ange-soin-de-recuperation\/#breadcrumb","itemListElement":[{"@type":"ListItem","position":1,"name":"Accueil","item":"https:\/\/www.spirit-us.eu\/"},{"@type":"ListItem","position":2,"name":"Boutique","item":"https:\/\/www.spirit-us.eu\/index.php\/boutique\/"},{"@type":"ListItem","position":3,"name":"ENERGIE DE PAIX &#8211; S&rsquo;endormir dans les bras d&rsquo;un ange &#8211; soin de RECUPERATION"}]},{"@type":"WebSite","@id":"https:\/\/www.spirit-us.eu\/#website","url":"https:\/\/www.spirit-us.eu\/","name":"Spirit-US","description":"","publisher":{"@id":"https:\/\/www.spirit-us.eu\/#organization"},"potentialAction":[{"@type":"SearchAction","target":{"@type":"EntryPoint","urlTemplate":"https:\/\/www.spirit-us.eu\/?s={search_term_string}"},"query-input":{"@type":"PropertyValueSpecification","valueRequired":true,"valueName":"search_term_string"}}],"inLanguage":"fr-FR"},{"@type":"Organization","@id":"https:\/\/www.spirit-us.eu\/#organization","name":"Spirit-US","url":"https:\/\/www.spirit-us.eu\/","logo":{"@type":"ImageObject","inLanguage":"fr-FR","@id":"https:\/\/www.spirit-us.eu\/#\/schema\/logo\/image\/","url":"https:\/\/www.spirit-us.eu\/wp-content\/uploads\/2025\/11\/logo-regarde-linterlocutrice-sans-arrriere-plan.jpg","contentUrl":"https:\/\/www.spirit-us.eu\/wp-content\/uploads\/2025\/11\/logo-regarde-linterlocutrice-sans-arrriere-plan.jpg","width":1080,"height":1080,"caption":"Spirit-US"},"image":{"@id":"https:\/\/www.spirit-us.eu\/#\/schema\/logo\/image\/"},"sameAs":["https:\/\/www.facebook.com\/spirit.us.deum"]}]}},"jetpack_sharing_enabled":true,"_links":{"self":[{"href":"https:\/\/www.spirit-us.eu\/index.php\/wp-json\/wp\/v2\/product\/918","targetHints":{"allow":["GET"]}}],"collection":[{"href":"https:\/\/www.spirit-us.eu\/index.php\/wp-json\/wp\/v2\/product"}],"about":[{"href":"https:\/\/www.spirit-us.eu\/index.php\/wp-json\/wp\/v2\/types\/product"}],"replies":[{"embeddable":true,"href":"https:\/\/www.spirit-us.eu\/index.php\/wp-json\/wp\/v2\/comments?post=918"}],"wp:featuredmedia":[{"embeddable":true,"href":"https:\/\/www.spirit-us.eu\/index.php\/wp-json\/wp\/v2\/media\/920"}],"wp:attachment":[{"href":"https:\/\/www.spirit-us.eu\/index.php\/wp-json\/wp\/v2\/media?parent=918"}],"wp:term":[{"taxonomy":"product_brand","embeddable":true,"href":"https:\/\/www.spirit-us.eu\/index.php\/wp-json\/wp\/v2\/product_brand?post=918"},{"taxonomy":"product_cat","embeddable":true,"href":"https:\/\/www.spirit-us.eu\/index.php\/wp-json\/wp\/v2\/product_cat?post=918"},{"taxonomy":"product_tag","embeddable":true,"href":"https:\/\/www.spirit-us.eu\/index.php\/wp-json\/wp\/v2\/product_tag?post=918"},{"taxonomy":"mwb_booking_cost","embeddable":true,"href":"https:\/\/www.spirit-us.eu\/index.php\/wp-json\/wp\/v2\/mwb_booking_cost?post=918"},{"taxonomy":"mwb_booking_service","embeddable":true,"href":"https:\/\/www.spirit-us.eu\/index.php\/wp-json\/wp\/v2\/mwb_booking_service?post=918"}],"curies":[{"name":"wp","href":"https:\/\/api.w.org\/{rel}","templated":true}]}}