{"id":915,"date":"2025-04-20T17:16:16","date_gmt":"2025-04-20T15:16:16","guid":{"rendered":"https:\/\/www.spirit-us.eu\/?post_type=product&#038;p=915"},"modified":"2025-04-20T17:53:40","modified_gmt":"2025-04-20T15:53:40","slug":"encens-de-nard","status":"publish","type":"product","link":"https:\/\/www.spirit-us.eu\/index.php\/produit\/encens-de-nard\/","title":{"rendered":"Encens de NARD"},"content":{"rendered":"<p><strong>Description <\/strong><\/p>\n<p><strong>Encens <\/strong>fait avec des r\u00e9sines de <em>Nardostachys grandiflora<\/em><\/p>\n<p><strong>Couleur\u00a0<\/strong>: vert clair<\/p>\n<p><strong>Poids<\/strong>110 g<\/p>\n<p><strong>Poids de livraison:<\/strong>0.3 Kg<\/p>\n<p><strong>Origine : <\/strong>Gr\u00e8ce<\/p>\n","protected":false},"excerpt":{"rendered":"<p>Cet encens pr\u00e9cieux favorise le sommeil et la d\u00e9tente.\u00a0 Il est id\u00e9al pour accompagner une pri\u00e8re ou une m\u00e9ditation du soir, au cours desquelles on demande une nuit r\u00e9paratrice et sereine. Cet encens grec, compos\u00e9 de Nard du Mont Athos, est fait de\u00a0 grains de couleur vert p\u00e2le; il est produit par les moines, selon un proc\u00e9d\u00e9 utilis\u00e9 depuis le XII si\u00e8cle, o\u00f9 diff\u00e9rentes r\u00e9sines cr\u00e9ant un mastic sont travaill\u00e9es, parfum\u00e9es et coup\u00e9es \u00e0 la main. Livr\u00e9 dans un pot en verre ayant une contenance de 110 grammes.<\/p>\n<p><strong>A propos du nard<\/strong> :<\/p>\n<p>Il est extrait d\u2019une plante des montagnes de l\u2019Himalaya, de l\u2019Inde et c\u2019est surtout au N\u00e9pal qu\u2019on trouve les meilleures plants dont on extrait la r\u00e9sine de nard.\u00a0 Il est sans doute l&rsquo;un des plus anciens parfums\u00a0 connus.\u00a0 En parfumerie, l\u2019huile de nard est utilis\u00e9e pour les cheveux et pour les soins de la bouche ; en tant qu\u2019encens, le nard favorise le sommeil. Son utilisation remonte \u00e0 la plus haute Antiquit\u00e9 et il est reli\u00e9 au sacr\u00e9 (Marie de B\u00e9thanie oint les pieds de J\u00e9sus avec le nard, qu&rsquo;elle essuie avec ses cheveux : Jean 12,3) .\u00a0 Aujourd\u2019hui, pour trouver un bon sommeil, en Occident, on pr\u00e9f\u00e8re la val\u00e9riane sous forme d\u2019infusion, plus facile d&rsquo;acc\u00e8s et moins ch\u00e8re.\u00a0 Mais le nard reste l\u2019\u00e9l\u00e9ment le plus pr\u00e9cieux, en offrande au divin, pour trouver un sommeil serein, dans les bras des anges. Pour les \u00e9nerg\u00e9ticien.nes qui ont besoin de bonnes nuit apr\u00e8s de gros travaux spirituels, j&rsquo;ai cr\u00e9\u00e9 un soin qui s&rsquo;accompagne tr\u00e8s bien ce l&rsquo;encens de nard :<a href=\"https:\/\/www.spirit-us.eu\/index.php\/produit\/sendormir-dans-les-bras-dun-ange-soin-de-recuperation\/\" target=\"_blank\" rel=\"noopener\"> https:\/\/www.spirit-us.eu\/index.php\/produit\/sendormir-dans-les-bras-dun-ange-soin-de-recuperation\/<\/a><\/p>\n<p>L&rsquo;ange recteur de cet encens de gu\u00e9rison, de reconstitution \u00e9nerg\u00e9tique et de r\u00e9cup\u00e9ration, est l&rsquo;archange Rapha\u00ebl.<\/p>\n","protected":false},"featured_media":916,"comment_status":"open","ping_status":"closed","template":"","meta":[],"product_brand":[],"product_cat":[165,17],"product_tag":[],"mwb_booking_cost":[],"mwb_booking_service":[],"class_list":{"0":"post-915","1":"product","2":"type-product","3":"status-publish","4":"has-post-thumbnail","6":"product_cat-10-encens","7":"product_cat-tous-les-produits","9":"first","10":"instock","11":"shipping-taxable","12":"purchasable","13":"product-type-simple"},"yoast_head":"<!-- This site is optimized with the Yoast SEO plugin v27.1.1 - https:\/\/yoast.com\/product\/yoast-seo-wordpress\/ -->\n<title>Encens de NARD - Spirit-US<\/title>\n<meta name=\"robots\" content=\"index, follow, max-snippet:-1, max-image-preview:large, max-video-preview:-1\" \/>\n<link rel=\"canonical\" href=\"https:\/\/www.spirit-us.eu\/index.php\/produit\/encens-de-nard\/\" \/>\n<meta property=\"og:locale\" content=\"fr_FR\" \/>\n<meta property=\"og:type\" content=\"article\" \/>\n<meta property=\"og:title\" content=\"Encens de NARD - Spirit-US\" \/>\n<meta property=\"og:description\" content=\"Cet encens pr\u00e9cieux favorise le sommeil et la d\u00e9tente.\u00a0 Il est id\u00e9al pour accompagner une pri\u00e8re ou une m\u00e9ditation du soir, au cours desquelles on demande une nuit r\u00e9paratrice et sereine. Cet encens grec, compos\u00e9 de Nard du Mont Athos, est fait de\u00a0 grains de couleur vert p\u00e2le; il est produit par les moines, selon un proc\u00e9d\u00e9 utilis\u00e9 depuis le XII si\u00e8cle, o\u00f9 diff\u00e9rentes r\u00e9sines cr\u00e9ant un mastic sont travaill\u00e9es, parfum\u00e9es et coup\u00e9es \u00e0 la main. Livr\u00e9 dans un pot en verre ayant une contenance de 110 grammes.  A propos du nard :  Il est extrait d\u2019une plante des montagnes de l\u2019Himalaya, de l\u2019Inde et c\u2019est surtout au N\u00e9pal qu\u2019on trouve les meilleures plants dont on extrait la r\u00e9sine de nard.\u00a0 Il est sans doute l&#039;un des plus anciens parfums\u00a0 connus.\u00a0 En parfumerie, l\u2019huile de nard est utilis\u00e9e pour les cheveux et pour les soins de la bouche ; en tant qu\u2019encens, le nard favorise le sommeil. Son utilisation remonte \u00e0 la plus haute Antiquit\u00e9 et il est reli\u00e9 au sacr\u00e9 (Marie de B\u00e9thanie oint les pieds de J\u00e9sus avec le nard, qu&#039;elle essuie avec ses cheveux : Jean 12,3) .\u00a0 Aujourd\u2019hui, pour trouver un bon sommeil, en Occident, on pr\u00e9f\u00e8re la val\u00e9riane sous forme d\u2019infusion, plus facile d&#039;acc\u00e8s et moins ch\u00e8re.\u00a0 Mais le nard reste l\u2019\u00e9l\u00e9ment le plus pr\u00e9cieux, en offrande au divin, pour trouver un sommeil serein, dans les bras des anges. Pour les \u00e9nerg\u00e9ticien.nes qui ont besoin de bonnes nuit apr\u00e8s de gros travaux spirituels, j&#039;ai cr\u00e9\u00e9 un soin qui s&#039;accompagne tr\u00e8s bien ce l&#039;encens de nard : https:\/\/www.spirit-us.eu\/index.php\/produit\/sendormir-dans-les-bras-dun-ange-soin-de-recuperation\/  L&#039;ange recteur de cet encens de gu\u00e9rison, de reconstitution \u00e9nerg\u00e9tique et de r\u00e9cup\u00e9ration, est l&#039;archange Rapha\u00ebl.\" \/>\n<meta property=\"og:url\" content=\"https:\/\/www.spirit-us.eu\/index.php\/produit\/encens-de-nard\/\" \/>\n<meta property=\"og:site_name\" content=\"Spirit-US\" \/>\n<meta property=\"article:publisher\" content=\"https:\/\/www.facebook.com\/spirit.us.deum\" \/>\n<meta property=\"article:modified_time\" content=\"2025-04-20T15:53:40+00:00\" \/>\n<meta property=\"og:image\" content=\"https:\/\/www.spirit-us.eu\/wp-content\/uploads\/2025\/04\/encens-de-nard-image-produit-1024x1024.png\" \/>\n\t<meta property=\"og:image:width\" content=\"1024\" \/>\n\t<meta property=\"og:image:height\" content=\"1024\" \/>\n\t<meta property=\"og:image:type\" content=\"image\/png\" \/>\n<meta name=\"twitter:card\" content=\"summary_large_image\" \/>\n<script type=\"application\/ld+json\" class=\"yoast-schema-graph\">{\"@context\":\"https:\/\/schema.org\",\"@graph\":[{\"@type\":\"WebPage\",\"@id\":\"https:\/\/www.spirit-us.eu\/index.php\/produit\/encens-de-nard\/\",\"url\":\"https:\/\/www.spirit-us.eu\/index.php\/produit\/encens-de-nard\/\",\"name\":\"Encens de NARD - Spirit-US\",\"isPartOf\":{\"@id\":\"https:\/\/www.spirit-us.eu\/#website\"},\"primaryImageOfPage\":{\"@id\":\"https:\/\/www.spirit-us.eu\/index.php\/produit\/encens-de-nard\/#primaryimage\"},\"image\":{\"@id\":\"https:\/\/www.spirit-us.eu\/index.php\/produit\/encens-de-nard\/#primaryimage\"},\"thumbnailUrl\":\"https:\/\/www.spirit-us.eu\/wp-content\/uploads\/2025\/04\/encens-de-nard-image-produit-scaled.png\",\"datePublished\":\"2025-04-20T15:16:16+00:00\",\"dateModified\":\"2025-04-20T15:53:40+00:00\",\"breadcrumb\":{\"@id\":\"https:\/\/www.spirit-us.eu\/index.php\/produit\/encens-de-nard\/#breadcrumb\"},\"inLanguage\":\"fr-FR\",\"potentialAction\":[{\"@type\":\"ReadAction\",\"target\":[\"https:\/\/www.spirit-us.eu\/index.php\/produit\/encens-de-nard\/\"]}]},{\"@type\":\"ImageObject\",\"inLanguage\":\"fr-FR\",\"@id\":\"https:\/\/www.spirit-us.eu\/index.php\/produit\/encens-de-nard\/#primaryimage\",\"url\":\"https:\/\/www.spirit-us.eu\/wp-content\/uploads\/2025\/04\/encens-de-nard-image-produit-scaled.png\",\"contentUrl\":\"https:\/\/www.spirit-us.eu\/wp-content\/uploads\/2025\/04\/encens-de-nard-image-produit-scaled.png\",\"width\":2560,\"height\":2560},{\"@type\":\"BreadcrumbList\",\"@id\":\"https:\/\/www.spirit-us.eu\/index.php\/produit\/encens-de-nard\/#breadcrumb\",\"itemListElement\":[{\"@type\":\"ListItem\",\"position\":1,\"name\":\"Accueil\",\"item\":\"https:\/\/www.spirit-us.eu\/\"},{\"@type\":\"ListItem\",\"position\":2,\"name\":\"Boutique\",\"item\":\"https:\/\/www.spirit-us.eu\/index.php\/boutique\/\"},{\"@type\":\"ListItem\",\"position\":3,\"name\":\"Encens de NARD\"}]},{\"@type\":\"WebSite\",\"@id\":\"https:\/\/www.spirit-us.eu\/#website\",\"url\":\"https:\/\/www.spirit-us.eu\/\",\"name\":\"Spirit-US\",\"description\":\"\",\"publisher\":{\"@id\":\"https:\/\/www.spirit-us.eu\/#organization\"},\"potentialAction\":[{\"@type\":\"SearchAction\",\"target\":{\"@type\":\"EntryPoint\",\"urlTemplate\":\"https:\/\/www.spirit-us.eu\/?s={search_term_string}\"},\"query-input\":{\"@type\":\"PropertyValueSpecification\",\"valueRequired\":true,\"valueName\":\"search_term_string\"}}],\"inLanguage\":\"fr-FR\"},{\"@type\":\"Organization\",\"@id\":\"https:\/\/www.spirit-us.eu\/#organization\",\"name\":\"Spirit-US\",\"url\":\"https:\/\/www.spirit-us.eu\/\",\"logo\":{\"@type\":\"ImageObject\",\"inLanguage\":\"fr-FR\",\"@id\":\"https:\/\/www.spirit-us.eu\/#\/schema\/logo\/image\/\",\"url\":\"https:\/\/www.spirit-us.eu\/wp-content\/uploads\/2025\/11\/logo-regarde-linterlocutrice-sans-arrriere-plan.jpg\",\"contentUrl\":\"https:\/\/www.spirit-us.eu\/wp-content\/uploads\/2025\/11\/logo-regarde-linterlocutrice-sans-arrriere-plan.jpg\",\"width\":1080,\"height\":1080,\"caption\":\"Spirit-US\"},\"image\":{\"@id\":\"https:\/\/www.spirit-us.eu\/#\/schema\/logo\/image\/\"},\"sameAs\":[\"https:\/\/www.facebook.com\/spirit.us.deum\"]}]}<\/script>\n<!-- \/ Yoast SEO plugin. -->","yoast_head_json":{"title":"Encens de NARD - Spirit-US","robots":{"index":"index","follow":"follow","max-snippet":"max-snippet:-1","max-image-preview":"max-image-preview:large","max-video-preview":"max-video-preview:-1"},"canonical":"https:\/\/www.spirit-us.eu\/index.php\/produit\/encens-de-nard\/","og_locale":"fr_FR","og_type":"article","og_title":"Encens de NARD - Spirit-US","og_description":"Cet encens pr\u00e9cieux favorise le sommeil et la d\u00e9tente.\u00a0 Il est id\u00e9al pour accompagner une pri\u00e8re ou une m\u00e9ditation du soir, au cours desquelles on demande une nuit r\u00e9paratrice et sereine. Cet encens grec, compos\u00e9 de Nard du Mont Athos, est fait de\u00a0 grains de couleur vert p\u00e2le; il est produit par les moines, selon un proc\u00e9d\u00e9 utilis\u00e9 depuis le XII si\u00e8cle, o\u00f9 diff\u00e9rentes r\u00e9sines cr\u00e9ant un mastic sont travaill\u00e9es, parfum\u00e9es et coup\u00e9es \u00e0 la main. Livr\u00e9 dans un pot en verre ayant une contenance de 110 grammes.  A propos du nard :  Il est extrait d\u2019une plante des montagnes de l\u2019Himalaya, de l\u2019Inde et c\u2019est surtout au N\u00e9pal qu\u2019on trouve les meilleures plants dont on extrait la r\u00e9sine de nard.\u00a0 Il est sans doute l'un des plus anciens parfums\u00a0 connus.\u00a0 En parfumerie, l\u2019huile de nard est utilis\u00e9e pour les cheveux et pour les soins de la bouche ; en tant qu\u2019encens, le nard favorise le sommeil. Son utilisation remonte \u00e0 la plus haute Antiquit\u00e9 et il est reli\u00e9 au sacr\u00e9 (Marie de B\u00e9thanie oint les pieds de J\u00e9sus avec le nard, qu'elle essuie avec ses cheveux : Jean 12,3) .\u00a0 Aujourd\u2019hui, pour trouver un bon sommeil, en Occident, on pr\u00e9f\u00e8re la val\u00e9riane sous forme d\u2019infusion, plus facile d'acc\u00e8s et moins ch\u00e8re.\u00a0 Mais le nard reste l\u2019\u00e9l\u00e9ment le plus pr\u00e9cieux, en offrande au divin, pour trouver un sommeil serein, dans les bras des anges. Pour les \u00e9nerg\u00e9ticien.nes qui ont besoin de bonnes nuit apr\u00e8s de gros travaux spirituels, j'ai cr\u00e9\u00e9 un soin qui s'accompagne tr\u00e8s bien ce l'encens de nard : https:\/\/www.spirit-us.eu\/index.php\/produit\/sendormir-dans-les-bras-dun-ange-soin-de-recuperation\/  L'ange recteur de cet encens de gu\u00e9rison, de reconstitution \u00e9nerg\u00e9tique et de r\u00e9cup\u00e9ration, est l'archange Rapha\u00ebl.","og_url":"https:\/\/www.spirit-us.eu\/index.php\/produit\/encens-de-nard\/","og_site_name":"Spirit-US","article_publisher":"https:\/\/www.facebook.com\/spirit.us.deum","article_modified_time":"2025-04-20T15:53:40+00:00","og_image":[{"width":1024,"height":1024,"url":"https:\/\/www.spirit-us.eu\/wp-content\/uploads\/2025\/04\/encens-de-nard-image-produit-1024x1024.png","type":"image\/png"}],"twitter_card":"summary_large_image","schema":{"@context":"https:\/\/schema.org","@graph":[{"@type":"WebPage","@id":"https:\/\/www.spirit-us.eu\/index.php\/produit\/encens-de-nard\/","url":"https:\/\/www.spirit-us.eu\/index.php\/produit\/encens-de-nard\/","name":"Encens de NARD - Spirit-US","isPartOf":{"@id":"https:\/\/www.spirit-us.eu\/#website"},"primaryImageOfPage":{"@id":"https:\/\/www.spirit-us.eu\/index.php\/produit\/encens-de-nard\/#primaryimage"},"image":{"@id":"https:\/\/www.spirit-us.eu\/index.php\/produit\/encens-de-nard\/#primaryimage"},"thumbnailUrl":"https:\/\/www.spirit-us.eu\/wp-content\/uploads\/2025\/04\/encens-de-nard-image-produit-scaled.png","datePublished":"2025-04-20T15:16:16+00:00","dateModified":"2025-04-20T15:53:40+00:00","breadcrumb":{"@id":"https:\/\/www.spirit-us.eu\/index.php\/produit\/encens-de-nard\/#breadcrumb"},"inLanguage":"fr-FR","potentialAction":[{"@type":"ReadAction","target":["https:\/\/www.spirit-us.eu\/index.php\/produit\/encens-de-nard\/"]}]},{"@type":"ImageObject","inLanguage":"fr-FR","@id":"https:\/\/www.spirit-us.eu\/index.php\/produit\/encens-de-nard\/#primaryimage","url":"https:\/\/www.spirit-us.eu\/wp-content\/uploads\/2025\/04\/encens-de-nard-image-produit-scaled.png","contentUrl":"https:\/\/www.spirit-us.eu\/wp-content\/uploads\/2025\/04\/encens-de-nard-image-produit-scaled.png","width":2560,"height":2560},{"@type":"BreadcrumbList","@id":"https:\/\/www.spirit-us.eu\/index.php\/produit\/encens-de-nard\/#breadcrumb","itemListElement":[{"@type":"ListItem","position":1,"name":"Accueil","item":"https:\/\/www.spirit-us.eu\/"},{"@type":"ListItem","position":2,"name":"Boutique","item":"https:\/\/www.spirit-us.eu\/index.php\/boutique\/"},{"@type":"ListItem","position":3,"name":"Encens de NARD"}]},{"@type":"WebSite","@id":"https:\/\/www.spirit-us.eu\/#website","url":"https:\/\/www.spirit-us.eu\/","name":"Spirit-US","description":"","publisher":{"@id":"https:\/\/www.spirit-us.eu\/#organization"},"potentialAction":[{"@type":"SearchAction","target":{"@type":"EntryPoint","urlTemplate":"https:\/\/www.spirit-us.eu\/?s={search_term_string}"},"query-input":{"@type":"PropertyValueSpecification","valueRequired":true,"valueName":"search_term_string"}}],"inLanguage":"fr-FR"},{"@type":"Organization","@id":"https:\/\/www.spirit-us.eu\/#organization","name":"Spirit-US","url":"https:\/\/www.spirit-us.eu\/","logo":{"@type":"ImageObject","inLanguage":"fr-FR","@id":"https:\/\/www.spirit-us.eu\/#\/schema\/logo\/image\/","url":"https:\/\/www.spirit-us.eu\/wp-content\/uploads\/2025\/11\/logo-regarde-linterlocutrice-sans-arrriere-plan.jpg","contentUrl":"https:\/\/www.spirit-us.eu\/wp-content\/uploads\/2025\/11\/logo-regarde-linterlocutrice-sans-arrriere-plan.jpg","width":1080,"height":1080,"caption":"Spirit-US"},"image":{"@id":"https:\/\/www.spirit-us.eu\/#\/schema\/logo\/image\/"},"sameAs":["https:\/\/www.facebook.com\/spirit.us.deum"]}]}},"jetpack_sharing_enabled":true,"_links":{"self":[{"href":"https:\/\/www.spirit-us.eu\/index.php\/wp-json\/wp\/v2\/product\/915","targetHints":{"allow":["GET"]}}],"collection":[{"href":"https:\/\/www.spirit-us.eu\/index.php\/wp-json\/wp\/v2\/product"}],"about":[{"href":"https:\/\/www.spirit-us.eu\/index.php\/wp-json\/wp\/v2\/types\/product"}],"replies":[{"embeddable":true,"href":"https:\/\/www.spirit-us.eu\/index.php\/wp-json\/wp\/v2\/comments?post=915"}],"wp:featuredmedia":[{"embeddable":true,"href":"https:\/\/www.spirit-us.eu\/index.php\/wp-json\/wp\/v2\/media\/916"}],"wp:attachment":[{"href":"https:\/\/www.spirit-us.eu\/index.php\/wp-json\/wp\/v2\/media?parent=915"}],"wp:term":[{"taxonomy":"product_brand","embeddable":true,"href":"https:\/\/www.spirit-us.eu\/index.php\/wp-json\/wp\/v2\/product_brand?post=915"},{"taxonomy":"product_cat","embeddable":true,"href":"https:\/\/www.spirit-us.eu\/index.php\/wp-json\/wp\/v2\/product_cat?post=915"},{"taxonomy":"product_tag","embeddable":true,"href":"https:\/\/www.spirit-us.eu\/index.php\/wp-json\/wp\/v2\/product_tag?post=915"},{"taxonomy":"mwb_booking_cost","embeddable":true,"href":"https:\/\/www.spirit-us.eu\/index.php\/wp-json\/wp\/v2\/mwb_booking_cost?post=915"},{"taxonomy":"mwb_booking_service","embeddable":true,"href":"https:\/\/www.spirit-us.eu\/index.php\/wp-json\/wp\/v2\/mwb_booking_service?post=915"}],"curies":[{"name":"wp","href":"https:\/\/api.w.org\/{rel}","templated":true}]}}