{"id":874,"date":"2025-04-17T16:03:58","date_gmt":"2025-04-17T14:03:58","guid":{"rendered":"https:\/\/www.spirit-us.eu\/?post_type=product&#038;p=874"},"modified":"2025-12-20T11:49:35","modified_gmt":"2025-12-20T10:49:35","slug":"lampe-pyramide-en-sel-rose","status":"publish","type":"product","link":"https:\/\/www.spirit-us.eu\/index.php\/produit\/lampe-pyramide-en-sel-rose\/","title":{"rendered":"Lampe PYRAMIDE en SEL rose"},"content":{"rendered":"<p><strong>Description technique<\/strong><\/p>\n<p><strong>Dimensions &amp; poids\u00a0 de la lampe (L x l x h) <\/strong>: 16 x 10 x 10 cm; 480 grammes<\/p>\n<p><strong>Couleur de la lampe \u00e9teinte<\/strong>\u00a0: orange<\/p>\n<p><strong>Options de couleurs de la lampe allum\u00e9e <\/strong>: orange, rose, vert, bleu, violet, rouge, rose intense<\/p>\n<p><strong>Mat\u00e9riaux\u00a0<\/strong>: socle en bois fonc\u00e9, cristaux de sel \/ lampe \u00e0 led et dispositif USB<\/p>\n<p><strong>Type de c\u00e2ble<\/strong> : c\u00e2ble \u00e9elctrique \/ pas de batterie requise<\/p>\n<p><strong>Type d&rsquo;ampoule :\u00a0<\/strong>LED &#8211; puissance 3 Watts<\/p>\n","protected":false},"excerpt":{"rendered":"<p>Lampe de sel dite de L&rsquo;Himalaya (produite au Pakistan o\u00f9 se trouvent les gisements de sel rose, un roche cristalline qui doit sa jolie couleur au fait qu&rsquo;elle est satur\u00e9e d&rsquo;oxyde de fer).\u00a0 Lampe \u00e0 USB ET led\u00a0 en forme de jolie pyramide, d\u00e9corative\u00a0 qui assure une belle ambiance \u00e0 l&rsquo;endroit o\u00f9 on la pose.<\/p>\n<p>La forme de cette lampe \u00e9met une onde de forme favorable. La pyramide, on le sait, agit comme un dynamiseur d\u2019\u00e9nergie et facilite l\u2019harmonisation \u00e9nerg\u00e9tique. Aussi, je recommande d\u2019utiliser cette lampe dans un endroit social, familial ou de travail. La forme pyramidale est vue comme protectrice et conservatrice des \u00e9nergies positives depuis l\u2019Egypte ancienne.\u00a0 En alliant la forme pyramidale aux cristaux de sel rose, lorsque vous allumerez cette lampe, la chaleur douce permettra de lib\u00e9rer des ions n\u00e9gatifs naturels, inhibiteurs de radiations nocives.\u00a0 On s\u2019en sert en g\u00e9obiologie pour neutraliser des croisements dans la grille de Hartmann, lorsque ceux-ci sont nocifs (lorsqu\u2019une faille, une veine d\u2019eau ou un vortex sont pr\u00e9sents sous terre \u00e0 cet endroit). Cette lampe \u00e9met une lumi\u00e8re chaude \u00e0 travers le spectre \u00e9mis par la structure cristalline translucide, ce qui peut soulager le stress, stabiliser l&rsquo;humeur et favoriser les relations cordiales. Parce qu\u2019elle contient une ampoule Led, vous pouvez vous offrir 7 couleurs en fonction de votre d\u00e9coration \u2026 ou de votre humeur.<\/p>\n","protected":false},"featured_media":880,"comment_status":"open","ping_status":"closed","template":"","meta":[],"product_brand":[],"product_cat":[180,497,17],"product_tag":[],"mwb_booking_cost":[],"mwb_booking_service":[],"class_list":{"0":"post-874","1":"product","2":"type-product","3":"status-publish","4":"has-post-thumbnail","6":"product_cat-09-decoration","7":"product_cat-photophores-et-lumieres","8":"product_cat-tous-les-produits","10":"first","11":"instock","12":"shipping-taxable","13":"purchasable","14":"product-type-simple"},"yoast_head":"<!-- This site is optimized with the Yoast SEO plugin v27.1.1 - https:\/\/yoast.com\/product\/yoast-seo-wordpress\/ -->\n<title>Lampe PYRAMIDE en SEL rose - Spirit-US<\/title>\n<meta name=\"robots\" content=\"index, follow, max-snippet:-1, max-image-preview:large, max-video-preview:-1\" \/>\n<link rel=\"canonical\" href=\"https:\/\/www.spirit-us.eu\/index.php\/produit\/lampe-pyramide-en-sel-rose\/\" \/>\n<meta property=\"og:locale\" content=\"fr_FR\" \/>\n<meta property=\"og:type\" content=\"article\" \/>\n<meta property=\"og:title\" content=\"Lampe PYRAMIDE en SEL rose - Spirit-US\" \/>\n<meta property=\"og:description\" content=\"Lampe de sel dite de L&#039;Himalaya (produite au Pakistan o\u00f9 se trouvent les gisements de sel rose, un roche cristalline qui doit sa jolie couleur au fait qu&#039;elle est satur\u00e9e d&#039;oxyde de fer).\u00a0 Lampe \u00e0 USB ET led\u00a0 en forme de jolie pyramide, d\u00e9corative\u00a0 qui assure une belle ambiance \u00e0 l&#039;endroit o\u00f9 on la pose.  La forme de cette lampe \u00e9met une onde de forme favorable. La pyramide, on le sait, agit comme un dynamiseur d\u2019\u00e9nergie et facilite l\u2019harmonisation \u00e9nerg\u00e9tique. Aussi, je recommande d\u2019utiliser cette lampe dans un endroit social, familial ou de travail. La forme pyramidale est vue comme protectrice et conservatrice des \u00e9nergies positives depuis l\u2019Egypte ancienne.\u00a0 En alliant la forme pyramidale aux cristaux de sel rose, lorsque vous allumerez cette lampe, la chaleur douce permettra de lib\u00e9rer des ions n\u00e9gatifs naturels, inhibiteurs de radiations nocives.\u00a0 On s\u2019en sert en g\u00e9obiologie pour neutraliser des croisements dans la grille de Hartmann, lorsque ceux-ci sont nocifs (lorsqu\u2019une faille, une veine d\u2019eau ou un vortex sont pr\u00e9sents sous terre \u00e0 cet endroit). Cette lampe \u00e9met une lumi\u00e8re chaude \u00e0 travers le spectre \u00e9mis par la structure cristalline translucide, ce qui peut soulager le stress, stabiliser l&#039;humeur et favoriser les relations cordiales. Parce qu\u2019elle contient une ampoule Led, vous pouvez vous offrir 7 couleurs en fonction de votre d\u00e9coration \u2026 ou de votre humeur.\" \/>\n<meta property=\"og:url\" content=\"https:\/\/www.spirit-us.eu\/index.php\/produit\/lampe-pyramide-en-sel-rose\/\" \/>\n<meta property=\"og:site_name\" content=\"Spirit-US\" \/>\n<meta property=\"article:publisher\" content=\"https:\/\/www.facebook.com\/spirit.us.deum\" \/>\n<meta property=\"article:modified_time\" content=\"2025-12-20T10:49:35+00:00\" \/>\n<meta property=\"og:image\" content=\"https:\/\/www.spirit-us.eu\/wp-content\/uploads\/2025\/04\/lampe-image-produit-pyramide.png1_-scaled.png\" \/>\n\t<meta property=\"og:image:width\" content=\"2560\" \/>\n\t<meta property=\"og:image:height\" content=\"2560\" \/>\n\t<meta property=\"og:image:type\" content=\"image\/png\" \/>\n<meta name=\"twitter:card\" content=\"summary_large_image\" \/>\n<script type=\"application\/ld+json\" class=\"yoast-schema-graph\">{\"@context\":\"https:\/\/schema.org\",\"@graph\":[{\"@type\":\"WebPage\",\"@id\":\"https:\/\/www.spirit-us.eu\/index.php\/produit\/lampe-pyramide-en-sel-rose\/\",\"url\":\"https:\/\/www.spirit-us.eu\/index.php\/produit\/lampe-pyramide-en-sel-rose\/\",\"name\":\"Lampe PYRAMIDE en SEL rose - Spirit-US\",\"isPartOf\":{\"@id\":\"https:\/\/www.spirit-us.eu\/#website\"},\"primaryImageOfPage\":{\"@id\":\"https:\/\/www.spirit-us.eu\/index.php\/produit\/lampe-pyramide-en-sel-rose\/#primaryimage\"},\"image\":{\"@id\":\"https:\/\/www.spirit-us.eu\/index.php\/produit\/lampe-pyramide-en-sel-rose\/#primaryimage\"},\"thumbnailUrl\":\"https:\/\/www.spirit-us.eu\/wp-content\/uploads\/2025\/04\/lampe-image-produit-pyramide.png1_-scaled.png\",\"datePublished\":\"2025-04-17T14:03:58+00:00\",\"dateModified\":\"2025-12-20T10:49:35+00:00\",\"breadcrumb\":{\"@id\":\"https:\/\/www.spirit-us.eu\/index.php\/produit\/lampe-pyramide-en-sel-rose\/#breadcrumb\"},\"inLanguage\":\"fr-FR\",\"potentialAction\":[{\"@type\":\"ReadAction\",\"target\":[\"https:\/\/www.spirit-us.eu\/index.php\/produit\/lampe-pyramide-en-sel-rose\/\"]}]},{\"@type\":\"ImageObject\",\"inLanguage\":\"fr-FR\",\"@id\":\"https:\/\/www.spirit-us.eu\/index.php\/produit\/lampe-pyramide-en-sel-rose\/#primaryimage\",\"url\":\"https:\/\/www.spirit-us.eu\/wp-content\/uploads\/2025\/04\/lampe-image-produit-pyramide.png1_-scaled.png\",\"contentUrl\":\"https:\/\/www.spirit-us.eu\/wp-content\/uploads\/2025\/04\/lampe-image-produit-pyramide.png1_-scaled.png\",\"width\":2560,\"height\":2560},{\"@type\":\"BreadcrumbList\",\"@id\":\"https:\/\/www.spirit-us.eu\/index.php\/produit\/lampe-pyramide-en-sel-rose\/#breadcrumb\",\"itemListElement\":[{\"@type\":\"ListItem\",\"position\":1,\"name\":\"Accueil\",\"item\":\"https:\/\/www.spirit-us.eu\/\"},{\"@type\":\"ListItem\",\"position\":2,\"name\":\"Boutique\",\"item\":\"https:\/\/www.spirit-us.eu\/index.php\/boutique\/\"},{\"@type\":\"ListItem\",\"position\":3,\"name\":\"Lampe PYRAMIDE en SEL rose\"}]},{\"@type\":\"WebSite\",\"@id\":\"https:\/\/www.spirit-us.eu\/#website\",\"url\":\"https:\/\/www.spirit-us.eu\/\",\"name\":\"Spirit-US\",\"description\":\"\",\"publisher\":{\"@id\":\"https:\/\/www.spirit-us.eu\/#organization\"},\"potentialAction\":[{\"@type\":\"SearchAction\",\"target\":{\"@type\":\"EntryPoint\",\"urlTemplate\":\"https:\/\/www.spirit-us.eu\/?s={search_term_string}\"},\"query-input\":{\"@type\":\"PropertyValueSpecification\",\"valueRequired\":true,\"valueName\":\"search_term_string\"}}],\"inLanguage\":\"fr-FR\"},{\"@type\":\"Organization\",\"@id\":\"https:\/\/www.spirit-us.eu\/#organization\",\"name\":\"Spirit-US\",\"url\":\"https:\/\/www.spirit-us.eu\/\",\"logo\":{\"@type\":\"ImageObject\",\"inLanguage\":\"fr-FR\",\"@id\":\"https:\/\/www.spirit-us.eu\/#\/schema\/logo\/image\/\",\"url\":\"https:\/\/www.spirit-us.eu\/wp-content\/uploads\/2025\/11\/logo-regarde-linterlocutrice-sans-arrriere-plan.jpg\",\"contentUrl\":\"https:\/\/www.spirit-us.eu\/wp-content\/uploads\/2025\/11\/logo-regarde-linterlocutrice-sans-arrriere-plan.jpg\",\"width\":1080,\"height\":1080,\"caption\":\"Spirit-US\"},\"image\":{\"@id\":\"https:\/\/www.spirit-us.eu\/#\/schema\/logo\/image\/\"},\"sameAs\":[\"https:\/\/www.facebook.com\/spirit.us.deum\"]}]}<\/script>\n<!-- \/ Yoast SEO plugin. -->","yoast_head_json":{"title":"Lampe PYRAMIDE en SEL rose - Spirit-US","robots":{"index":"index","follow":"follow","max-snippet":"max-snippet:-1","max-image-preview":"max-image-preview:large","max-video-preview":"max-video-preview:-1"},"canonical":"https:\/\/www.spirit-us.eu\/index.php\/produit\/lampe-pyramide-en-sel-rose\/","og_locale":"fr_FR","og_type":"article","og_title":"Lampe PYRAMIDE en SEL rose - Spirit-US","og_description":"Lampe de sel dite de L'Himalaya (produite au Pakistan o\u00f9 se trouvent les gisements de sel rose, un roche cristalline qui doit sa jolie couleur au fait qu'elle est satur\u00e9e d'oxyde de fer).\u00a0 Lampe \u00e0 USB ET led\u00a0 en forme de jolie pyramide, d\u00e9corative\u00a0 qui assure une belle ambiance \u00e0 l'endroit o\u00f9 on la pose.  La forme de cette lampe \u00e9met une onde de forme favorable. La pyramide, on le sait, agit comme un dynamiseur d\u2019\u00e9nergie et facilite l\u2019harmonisation \u00e9nerg\u00e9tique. Aussi, je recommande d\u2019utiliser cette lampe dans un endroit social, familial ou de travail. La forme pyramidale est vue comme protectrice et conservatrice des \u00e9nergies positives depuis l\u2019Egypte ancienne.\u00a0 En alliant la forme pyramidale aux cristaux de sel rose, lorsque vous allumerez cette lampe, la chaleur douce permettra de lib\u00e9rer des ions n\u00e9gatifs naturels, inhibiteurs de radiations nocives.\u00a0 On s\u2019en sert en g\u00e9obiologie pour neutraliser des croisements dans la grille de Hartmann, lorsque ceux-ci sont nocifs (lorsqu\u2019une faille, une veine d\u2019eau ou un vortex sont pr\u00e9sents sous terre \u00e0 cet endroit). Cette lampe \u00e9met une lumi\u00e8re chaude \u00e0 travers le spectre \u00e9mis par la structure cristalline translucide, ce qui peut soulager le stress, stabiliser l'humeur et favoriser les relations cordiales. Parce qu\u2019elle contient une ampoule Led, vous pouvez vous offrir 7 couleurs en fonction de votre d\u00e9coration \u2026 ou de votre humeur.","og_url":"https:\/\/www.spirit-us.eu\/index.php\/produit\/lampe-pyramide-en-sel-rose\/","og_site_name":"Spirit-US","article_publisher":"https:\/\/www.facebook.com\/spirit.us.deum","article_modified_time":"2025-12-20T10:49:35+00:00","og_image":[{"width":2560,"height":2560,"url":"https:\/\/www.spirit-us.eu\/wp-content\/uploads\/2025\/04\/lampe-image-produit-pyramide.png1_-scaled.png","type":"image\/png"}],"twitter_card":"summary_large_image","schema":{"@context":"https:\/\/schema.org","@graph":[{"@type":"WebPage","@id":"https:\/\/www.spirit-us.eu\/index.php\/produit\/lampe-pyramide-en-sel-rose\/","url":"https:\/\/www.spirit-us.eu\/index.php\/produit\/lampe-pyramide-en-sel-rose\/","name":"Lampe PYRAMIDE en SEL rose - Spirit-US","isPartOf":{"@id":"https:\/\/www.spirit-us.eu\/#website"},"primaryImageOfPage":{"@id":"https:\/\/www.spirit-us.eu\/index.php\/produit\/lampe-pyramide-en-sel-rose\/#primaryimage"},"image":{"@id":"https:\/\/www.spirit-us.eu\/index.php\/produit\/lampe-pyramide-en-sel-rose\/#primaryimage"},"thumbnailUrl":"https:\/\/www.spirit-us.eu\/wp-content\/uploads\/2025\/04\/lampe-image-produit-pyramide.png1_-scaled.png","datePublished":"2025-04-17T14:03:58+00:00","dateModified":"2025-12-20T10:49:35+00:00","breadcrumb":{"@id":"https:\/\/www.spirit-us.eu\/index.php\/produit\/lampe-pyramide-en-sel-rose\/#breadcrumb"},"inLanguage":"fr-FR","potentialAction":[{"@type":"ReadAction","target":["https:\/\/www.spirit-us.eu\/index.php\/produit\/lampe-pyramide-en-sel-rose\/"]}]},{"@type":"ImageObject","inLanguage":"fr-FR","@id":"https:\/\/www.spirit-us.eu\/index.php\/produit\/lampe-pyramide-en-sel-rose\/#primaryimage","url":"https:\/\/www.spirit-us.eu\/wp-content\/uploads\/2025\/04\/lampe-image-produit-pyramide.png1_-scaled.png","contentUrl":"https:\/\/www.spirit-us.eu\/wp-content\/uploads\/2025\/04\/lampe-image-produit-pyramide.png1_-scaled.png","width":2560,"height":2560},{"@type":"BreadcrumbList","@id":"https:\/\/www.spirit-us.eu\/index.php\/produit\/lampe-pyramide-en-sel-rose\/#breadcrumb","itemListElement":[{"@type":"ListItem","position":1,"name":"Accueil","item":"https:\/\/www.spirit-us.eu\/"},{"@type":"ListItem","position":2,"name":"Boutique","item":"https:\/\/www.spirit-us.eu\/index.php\/boutique\/"},{"@type":"ListItem","position":3,"name":"Lampe PYRAMIDE en SEL rose"}]},{"@type":"WebSite","@id":"https:\/\/www.spirit-us.eu\/#website","url":"https:\/\/www.spirit-us.eu\/","name":"Spirit-US","description":"","publisher":{"@id":"https:\/\/www.spirit-us.eu\/#organization"},"potentialAction":[{"@type":"SearchAction","target":{"@type":"EntryPoint","urlTemplate":"https:\/\/www.spirit-us.eu\/?s={search_term_string}"},"query-input":{"@type":"PropertyValueSpecification","valueRequired":true,"valueName":"search_term_string"}}],"inLanguage":"fr-FR"},{"@type":"Organization","@id":"https:\/\/www.spirit-us.eu\/#organization","name":"Spirit-US","url":"https:\/\/www.spirit-us.eu\/","logo":{"@type":"ImageObject","inLanguage":"fr-FR","@id":"https:\/\/www.spirit-us.eu\/#\/schema\/logo\/image\/","url":"https:\/\/www.spirit-us.eu\/wp-content\/uploads\/2025\/11\/logo-regarde-linterlocutrice-sans-arrriere-plan.jpg","contentUrl":"https:\/\/www.spirit-us.eu\/wp-content\/uploads\/2025\/11\/logo-regarde-linterlocutrice-sans-arrriere-plan.jpg","width":1080,"height":1080,"caption":"Spirit-US"},"image":{"@id":"https:\/\/www.spirit-us.eu\/#\/schema\/logo\/image\/"},"sameAs":["https:\/\/www.facebook.com\/spirit.us.deum"]}]}},"jetpack_sharing_enabled":true,"_links":{"self":[{"href":"https:\/\/www.spirit-us.eu\/index.php\/wp-json\/wp\/v2\/product\/874","targetHints":{"allow":["GET"]}}],"collection":[{"href":"https:\/\/www.spirit-us.eu\/index.php\/wp-json\/wp\/v2\/product"}],"about":[{"href":"https:\/\/www.spirit-us.eu\/index.php\/wp-json\/wp\/v2\/types\/product"}],"replies":[{"embeddable":true,"href":"https:\/\/www.spirit-us.eu\/index.php\/wp-json\/wp\/v2\/comments?post=874"}],"wp:featuredmedia":[{"embeddable":true,"href":"https:\/\/www.spirit-us.eu\/index.php\/wp-json\/wp\/v2\/media\/880"}],"wp:attachment":[{"href":"https:\/\/www.spirit-us.eu\/index.php\/wp-json\/wp\/v2\/media?parent=874"}],"wp:term":[{"taxonomy":"product_brand","embeddable":true,"href":"https:\/\/www.spirit-us.eu\/index.php\/wp-json\/wp\/v2\/product_brand?post=874"},{"taxonomy":"product_cat","embeddable":true,"href":"https:\/\/www.spirit-us.eu\/index.php\/wp-json\/wp\/v2\/product_cat?post=874"},{"taxonomy":"product_tag","embeddable":true,"href":"https:\/\/www.spirit-us.eu\/index.php\/wp-json\/wp\/v2\/product_tag?post=874"},{"taxonomy":"mwb_booking_cost","embeddable":true,"href":"https:\/\/www.spirit-us.eu\/index.php\/wp-json\/wp\/v2\/mwb_booking_cost?post=874"},{"taxonomy":"mwb_booking_service","embeddable":true,"href":"https:\/\/www.spirit-us.eu\/index.php\/wp-json\/wp\/v2\/mwb_booking_service?post=874"}],"curies":[{"name":"wp","href":"https:\/\/api.w.org\/{rel}","templated":true}]}}