{"id":870,"date":"2025-04-16T00:18:53","date_gmt":"2025-04-15T22:18:53","guid":{"rendered":"https:\/\/www.spirit-us.eu\/?post_type=product&#038;p=870"},"modified":"2025-12-22T13:51:46","modified_gmt":"2025-12-22T12:51:46","slug":"870","status":"publish","type":"product","link":"https:\/\/www.spirit-us.eu\/index.php\/produit\/870\/","title":{"rendered":"Lampe en sel rose &#8211; Boule de cristal"},"content":{"rendered":"<p><u>Description technique<\/u>\u00a0:<\/p>\n<p><strong>Lampe en sel rose en forme de sph\u00e8re ou de boule de cristal<\/strong><\/p>\n<p><strong>Dimensions<\/strong>\u00a0: 11 x 12 x 7,5 cm<\/p>\n<p><strong>Utilisation<\/strong>\u00a0: d\u00e9coration, chromoth\u00e9rapie<\/p>\n<p><strong>Mat\u00e9riaux<\/strong>\u00a0: sel rose dit de l\u2019Himalaya, bois, dispositif \u00e9lectrique<\/p>\n<p><strong>Origine<\/strong>\u00a0: Pakistan<\/p>\n<p><strong>Dispositif\u00a0<\/strong>: port USB \/ Installation simple et rapide : profitez directement de cette lampe, aucune installation n\u2019est n\u00e9cessaire. La partie LED se fixe en un instant sous la lampe et elle est dot\u00e9e d\u2019une prise USB pour faciliter le branchement (voyez nos prises sp\u00e9cifiques sous ce lien\u00a0: )<\/p>\n<p><strong>Forme<\/strong>\u00a0: boule, sph\u00e8re mont\u00e9e sur un socle<\/p>\n<p><strong>Poids\u00a0<\/strong>: 500g<\/p>\n<p><strong>Effets\u00a0<\/strong>: \u00a0lumineux, lumi\u00e8re blanche chaude<\/p>\n","protected":false},"excerpt":{"rendered":"<p style=\"text-align: justify;\">Tr\u00e8s joli objet qui dispense une ambiance douce et apaisante dans les endroits populaires, l\u00e0 o\u00f9 l\u2019on re\u00e7oit et exerce sa vie sociale. Sur une table de salon, elle fera le plus joli effet, et offrira une ambiance paisible lors de vos soir\u00e9es entre amis ou en famille. Un cadeau magnifique \u00e0 faire ou \u00e0 se faire. Allum\u00e9e ou \u00e9teinte, celle lampe a une jolie pr\u00e9sence tr\u00e8s esth\u00e9tique.<\/p>\n<p style=\"text-align: justify;\"><u>R\u00f4le de la sph\u00e8re en tant qu\u2019onde de forme<\/u> : les ondes de formes sont des structures g\u00e9om\u00e9triques avec des propri\u00e9t\u00e9s particuli\u00e8res qui permettent de canaliser ou amplifier l&rsquo;\u00e9nergie. Elles sont associ\u00e9es \u00e0 la radionique, une branche de la radiesth\u00e9sie qui consid\u00e8re que toute forme poss\u00e8de une \u00e9nergie vibratoire. En Feng Shui, c\u2019est-\u00e0-dire dans l\u2019art du bien-vivre dans son habitat, la forme de la sph\u00e8re repr\u00e9sente le Monde, l\u2019univers tout entier.\u00a0 Sa douce lumi\u00e8re illuminera discr\u00e8tement votre int\u00e9rieur et permettra une grande harmonie entre les personnes qui y viennent ou y vivent. On le placera donc dans des endroits reli\u00e9s \u00e0 la vie parmi les autres. Livraison en 8 jours ouvr\u00e9s, offerte d\u00e8s 50,00\u20ac dans votre panier d&rsquo;achats.<\/p>\n","protected":false},"featured_media":871,"comment_status":"open","ping_status":"closed","template":"","meta":[],"product_brand":[],"product_cat":[180,497,17],"product_tag":[],"mwb_booking_cost":[],"mwb_booking_service":[],"class_list":{"0":"post-870","1":"product","2":"type-product","3":"status-publish","4":"has-post-thumbnail","6":"product_cat-09-decoration","7":"product_cat-photophores-et-lumieres","8":"product_cat-tous-les-produits","10":"first","11":"instock","12":"shipping-taxable","13":"purchasable","14":"product-type-simple"},"yoast_head":"<!-- This site is optimized with the Yoast SEO plugin v27.1.1 - https:\/\/yoast.com\/product\/yoast-seo-wordpress\/ -->\n<title>Lampe en sel rose - Boule de cristal - Spirit-US<\/title>\n<meta name=\"robots\" content=\"index, follow, max-snippet:-1, max-image-preview:large, max-video-preview:-1\" \/>\n<link rel=\"canonical\" href=\"https:\/\/www.spirit-us.eu\/index.php\/produit\/870\/\" \/>\n<meta property=\"og:locale\" content=\"fr_FR\" \/>\n<meta property=\"og:type\" content=\"article\" \/>\n<meta property=\"og:title\" content=\"Lampe en sel rose - Boule de cristal - Spirit-US\" \/>\n<meta property=\"og:description\" content=\"Tr\u00e8s joli objet qui dispense une ambiance douce et apaisante dans les endroits populaires, l\u00e0 o\u00f9 l\u2019on re\u00e7oit et exerce sa vie sociale. Sur une table de salon, elle fera le plus joli effet, et offrira une ambiance paisible lors de vos soir\u00e9es entre amis ou en famille. Un cadeau magnifique \u00e0 faire ou \u00e0 se faire. Allum\u00e9e ou \u00e9teinte, celle lampe a une jolie pr\u00e9sence tr\u00e8s esth\u00e9tique. R\u00f4le de la sph\u00e8re en tant qu\u2019onde de forme : les ondes de formes sont des structures g\u00e9om\u00e9triques avec des propri\u00e9t\u00e9s particuli\u00e8res qui permettent de canaliser ou amplifier l&#039;\u00e9nergie. Elles sont associ\u00e9es \u00e0 la radionique, une branche de la radiesth\u00e9sie qui consid\u00e8re que toute forme poss\u00e8de une \u00e9nergie vibratoire. En Feng Shui, c\u2019est-\u00e0-dire dans l\u2019art du bien-vivre dans son habitat, la forme de la sph\u00e8re repr\u00e9sente le Monde, l\u2019univers tout entier.\u00a0 Sa douce lumi\u00e8re illuminera discr\u00e8tement votre int\u00e9rieur et permettra une grande harmonie entre les personnes qui y viennent ou y vivent. On le placera donc dans des endroits reli\u00e9s \u00e0 la vie parmi les autres. Livraison en 8 jours ouvr\u00e9s, offerte d\u00e8s 50,00\u20ac dans votre panier d&#039;achats.\" \/>\n<meta property=\"og:url\" content=\"https:\/\/www.spirit-us.eu\/index.php\/produit\/870\/\" \/>\n<meta property=\"og:site_name\" content=\"Spirit-US\" \/>\n<meta property=\"article:publisher\" content=\"https:\/\/www.facebook.com\/spirit.us.deum\" \/>\n<meta property=\"article:modified_time\" content=\"2025-12-22T12:51:46+00:00\" \/>\n<meta property=\"og:image\" content=\"https:\/\/www.spirit-us.eu\/wp-content\/uploads\/2025\/04\/lampe-boule-image-produit-1024x1024.png\" \/>\n\t<meta property=\"og:image:width\" content=\"1024\" \/>\n\t<meta property=\"og:image:height\" content=\"1024\" \/>\n\t<meta property=\"og:image:type\" content=\"image\/png\" \/>\n<meta name=\"twitter:card\" content=\"summary_large_image\" \/>\n<meta name=\"twitter:label1\" content=\"Dur\u00e9e de lecture estim\u00e9e\" \/>\n\t<meta name=\"twitter:data1\" content=\"1 minute\" \/>\n<script type=\"application\/ld+json\" class=\"yoast-schema-graph\">{\"@context\":\"https:\/\/schema.org\",\"@graph\":[{\"@type\":\"WebPage\",\"@id\":\"https:\/\/www.spirit-us.eu\/index.php\/produit\/870\/\",\"url\":\"https:\/\/www.spirit-us.eu\/index.php\/produit\/870\/\",\"name\":\"Lampe en sel rose - Boule de cristal - Spirit-US\",\"isPartOf\":{\"@id\":\"https:\/\/www.spirit-us.eu\/#website\"},\"primaryImageOfPage\":{\"@id\":\"https:\/\/www.spirit-us.eu\/index.php\/produit\/870\/#primaryimage\"},\"image\":{\"@id\":\"https:\/\/www.spirit-us.eu\/index.php\/produit\/870\/#primaryimage\"},\"thumbnailUrl\":\"https:\/\/www.spirit-us.eu\/wp-content\/uploads\/2025\/04\/lampe-boule-image-produit-scaled.png\",\"datePublished\":\"2025-04-15T22:18:53+00:00\",\"dateModified\":\"2025-12-22T12:51:46+00:00\",\"breadcrumb\":{\"@id\":\"https:\/\/www.spirit-us.eu\/index.php\/produit\/870\/#breadcrumb\"},\"inLanguage\":\"fr-FR\",\"potentialAction\":[{\"@type\":\"ReadAction\",\"target\":[\"https:\/\/www.spirit-us.eu\/index.php\/produit\/870\/\"]}]},{\"@type\":\"ImageObject\",\"inLanguage\":\"fr-FR\",\"@id\":\"https:\/\/www.spirit-us.eu\/index.php\/produit\/870\/#primaryimage\",\"url\":\"https:\/\/www.spirit-us.eu\/wp-content\/uploads\/2025\/04\/lampe-boule-image-produit-scaled.png\",\"contentUrl\":\"https:\/\/www.spirit-us.eu\/wp-content\/uploads\/2025\/04\/lampe-boule-image-produit-scaled.png\",\"width\":2560,\"height\":2560},{\"@type\":\"BreadcrumbList\",\"@id\":\"https:\/\/www.spirit-us.eu\/index.php\/produit\/870\/#breadcrumb\",\"itemListElement\":[{\"@type\":\"ListItem\",\"position\":1,\"name\":\"Accueil\",\"item\":\"https:\/\/www.spirit-us.eu\/\"},{\"@type\":\"ListItem\",\"position\":2,\"name\":\"Boutique\",\"item\":\"https:\/\/www.spirit-us.eu\/index.php\/boutique\/\"},{\"@type\":\"ListItem\",\"position\":3,\"name\":\"Lampe en sel rose &#8211; Boule de cristal\"}]},{\"@type\":\"WebSite\",\"@id\":\"https:\/\/www.spirit-us.eu\/#website\",\"url\":\"https:\/\/www.spirit-us.eu\/\",\"name\":\"Spirit-US\",\"description\":\"\",\"publisher\":{\"@id\":\"https:\/\/www.spirit-us.eu\/#organization\"},\"potentialAction\":[{\"@type\":\"SearchAction\",\"target\":{\"@type\":\"EntryPoint\",\"urlTemplate\":\"https:\/\/www.spirit-us.eu\/?s={search_term_string}\"},\"query-input\":{\"@type\":\"PropertyValueSpecification\",\"valueRequired\":true,\"valueName\":\"search_term_string\"}}],\"inLanguage\":\"fr-FR\"},{\"@type\":\"Organization\",\"@id\":\"https:\/\/www.spirit-us.eu\/#organization\",\"name\":\"Spirit-US\",\"url\":\"https:\/\/www.spirit-us.eu\/\",\"logo\":{\"@type\":\"ImageObject\",\"inLanguage\":\"fr-FR\",\"@id\":\"https:\/\/www.spirit-us.eu\/#\/schema\/logo\/image\/\",\"url\":\"https:\/\/www.spirit-us.eu\/wp-content\/uploads\/2025\/11\/logo-regarde-linterlocutrice-sans-arrriere-plan.jpg\",\"contentUrl\":\"https:\/\/www.spirit-us.eu\/wp-content\/uploads\/2025\/11\/logo-regarde-linterlocutrice-sans-arrriere-plan.jpg\",\"width\":1080,\"height\":1080,\"caption\":\"Spirit-US\"},\"image\":{\"@id\":\"https:\/\/www.spirit-us.eu\/#\/schema\/logo\/image\/\"},\"sameAs\":[\"https:\/\/www.facebook.com\/spirit.us.deum\"]}]}<\/script>\n<!-- \/ Yoast SEO plugin. -->","yoast_head_json":{"title":"Lampe en sel rose - Boule de cristal - Spirit-US","robots":{"index":"index","follow":"follow","max-snippet":"max-snippet:-1","max-image-preview":"max-image-preview:large","max-video-preview":"max-video-preview:-1"},"canonical":"https:\/\/www.spirit-us.eu\/index.php\/produit\/870\/","og_locale":"fr_FR","og_type":"article","og_title":"Lampe en sel rose - Boule de cristal - Spirit-US","og_description":"Tr\u00e8s joli objet qui dispense une ambiance douce et apaisante dans les endroits populaires, l\u00e0 o\u00f9 l\u2019on re\u00e7oit et exerce sa vie sociale. Sur une table de salon, elle fera le plus joli effet, et offrira une ambiance paisible lors de vos soir\u00e9es entre amis ou en famille. Un cadeau magnifique \u00e0 faire ou \u00e0 se faire. Allum\u00e9e ou \u00e9teinte, celle lampe a une jolie pr\u00e9sence tr\u00e8s esth\u00e9tique. R\u00f4le de la sph\u00e8re en tant qu\u2019onde de forme : les ondes de formes sont des structures g\u00e9om\u00e9triques avec des propri\u00e9t\u00e9s particuli\u00e8res qui permettent de canaliser ou amplifier l'\u00e9nergie. Elles sont associ\u00e9es \u00e0 la radionique, une branche de la radiesth\u00e9sie qui consid\u00e8re que toute forme poss\u00e8de une \u00e9nergie vibratoire. En Feng Shui, c\u2019est-\u00e0-dire dans l\u2019art du bien-vivre dans son habitat, la forme de la sph\u00e8re repr\u00e9sente le Monde, l\u2019univers tout entier.\u00a0 Sa douce lumi\u00e8re illuminera discr\u00e8tement votre int\u00e9rieur et permettra une grande harmonie entre les personnes qui y viennent ou y vivent. On le placera donc dans des endroits reli\u00e9s \u00e0 la vie parmi les autres. Livraison en 8 jours ouvr\u00e9s, offerte d\u00e8s 50,00\u20ac dans votre panier d'achats.","og_url":"https:\/\/www.spirit-us.eu\/index.php\/produit\/870\/","og_site_name":"Spirit-US","article_publisher":"https:\/\/www.facebook.com\/spirit.us.deum","article_modified_time":"2025-12-22T12:51:46+00:00","og_image":[{"width":1024,"height":1024,"url":"https:\/\/www.spirit-us.eu\/wp-content\/uploads\/2025\/04\/lampe-boule-image-produit-1024x1024.png","type":"image\/png"}],"twitter_card":"summary_large_image","twitter_misc":{"Dur\u00e9e de lecture estim\u00e9e":"1 minute"},"schema":{"@context":"https:\/\/schema.org","@graph":[{"@type":"WebPage","@id":"https:\/\/www.spirit-us.eu\/index.php\/produit\/870\/","url":"https:\/\/www.spirit-us.eu\/index.php\/produit\/870\/","name":"Lampe en sel rose - Boule de cristal - Spirit-US","isPartOf":{"@id":"https:\/\/www.spirit-us.eu\/#website"},"primaryImageOfPage":{"@id":"https:\/\/www.spirit-us.eu\/index.php\/produit\/870\/#primaryimage"},"image":{"@id":"https:\/\/www.spirit-us.eu\/index.php\/produit\/870\/#primaryimage"},"thumbnailUrl":"https:\/\/www.spirit-us.eu\/wp-content\/uploads\/2025\/04\/lampe-boule-image-produit-scaled.png","datePublished":"2025-04-15T22:18:53+00:00","dateModified":"2025-12-22T12:51:46+00:00","breadcrumb":{"@id":"https:\/\/www.spirit-us.eu\/index.php\/produit\/870\/#breadcrumb"},"inLanguage":"fr-FR","potentialAction":[{"@type":"ReadAction","target":["https:\/\/www.spirit-us.eu\/index.php\/produit\/870\/"]}]},{"@type":"ImageObject","inLanguage":"fr-FR","@id":"https:\/\/www.spirit-us.eu\/index.php\/produit\/870\/#primaryimage","url":"https:\/\/www.spirit-us.eu\/wp-content\/uploads\/2025\/04\/lampe-boule-image-produit-scaled.png","contentUrl":"https:\/\/www.spirit-us.eu\/wp-content\/uploads\/2025\/04\/lampe-boule-image-produit-scaled.png","width":2560,"height":2560},{"@type":"BreadcrumbList","@id":"https:\/\/www.spirit-us.eu\/index.php\/produit\/870\/#breadcrumb","itemListElement":[{"@type":"ListItem","position":1,"name":"Accueil","item":"https:\/\/www.spirit-us.eu\/"},{"@type":"ListItem","position":2,"name":"Boutique","item":"https:\/\/www.spirit-us.eu\/index.php\/boutique\/"},{"@type":"ListItem","position":3,"name":"Lampe en sel rose &#8211; Boule de cristal"}]},{"@type":"WebSite","@id":"https:\/\/www.spirit-us.eu\/#website","url":"https:\/\/www.spirit-us.eu\/","name":"Spirit-US","description":"","publisher":{"@id":"https:\/\/www.spirit-us.eu\/#organization"},"potentialAction":[{"@type":"SearchAction","target":{"@type":"EntryPoint","urlTemplate":"https:\/\/www.spirit-us.eu\/?s={search_term_string}"},"query-input":{"@type":"PropertyValueSpecification","valueRequired":true,"valueName":"search_term_string"}}],"inLanguage":"fr-FR"},{"@type":"Organization","@id":"https:\/\/www.spirit-us.eu\/#organization","name":"Spirit-US","url":"https:\/\/www.spirit-us.eu\/","logo":{"@type":"ImageObject","inLanguage":"fr-FR","@id":"https:\/\/www.spirit-us.eu\/#\/schema\/logo\/image\/","url":"https:\/\/www.spirit-us.eu\/wp-content\/uploads\/2025\/11\/logo-regarde-linterlocutrice-sans-arrriere-plan.jpg","contentUrl":"https:\/\/www.spirit-us.eu\/wp-content\/uploads\/2025\/11\/logo-regarde-linterlocutrice-sans-arrriere-plan.jpg","width":1080,"height":1080,"caption":"Spirit-US"},"image":{"@id":"https:\/\/www.spirit-us.eu\/#\/schema\/logo\/image\/"},"sameAs":["https:\/\/www.facebook.com\/spirit.us.deum"]}]}},"jetpack_sharing_enabled":true,"_links":{"self":[{"href":"https:\/\/www.spirit-us.eu\/index.php\/wp-json\/wp\/v2\/product\/870","targetHints":{"allow":["GET"]}}],"collection":[{"href":"https:\/\/www.spirit-us.eu\/index.php\/wp-json\/wp\/v2\/product"}],"about":[{"href":"https:\/\/www.spirit-us.eu\/index.php\/wp-json\/wp\/v2\/types\/product"}],"replies":[{"embeddable":true,"href":"https:\/\/www.spirit-us.eu\/index.php\/wp-json\/wp\/v2\/comments?post=870"}],"wp:featuredmedia":[{"embeddable":true,"href":"https:\/\/www.spirit-us.eu\/index.php\/wp-json\/wp\/v2\/media\/871"}],"wp:attachment":[{"href":"https:\/\/www.spirit-us.eu\/index.php\/wp-json\/wp\/v2\/media?parent=870"}],"wp:term":[{"taxonomy":"product_brand","embeddable":true,"href":"https:\/\/www.spirit-us.eu\/index.php\/wp-json\/wp\/v2\/product_brand?post=870"},{"taxonomy":"product_cat","embeddable":true,"href":"https:\/\/www.spirit-us.eu\/index.php\/wp-json\/wp\/v2\/product_cat?post=870"},{"taxonomy":"product_tag","embeddable":true,"href":"https:\/\/www.spirit-us.eu\/index.php\/wp-json\/wp\/v2\/product_tag?post=870"},{"taxonomy":"mwb_booking_cost","embeddable":true,"href":"https:\/\/www.spirit-us.eu\/index.php\/wp-json\/wp\/v2\/mwb_booking_cost?post=870"},{"taxonomy":"mwb_booking_service","embeddable":true,"href":"https:\/\/www.spirit-us.eu\/index.php\/wp-json\/wp\/v2\/mwb_booking_service?post=870"}],"curies":[{"name":"wp","href":"https:\/\/api.w.org\/{rel}","templated":true}]}}