{"id":861,"date":"2025-04-15T23:23:51","date_gmt":"2025-04-15T21:23:51","guid":{"rendered":"https:\/\/www.spirit-us.eu\/?post_type=product&#038;p=861"},"modified":"2025-12-22T13:51:34","modified_gmt":"2025-12-22T12:51:34","slug":"lampe-en-sel-rose-coeur","status":"publish","type":"product","link":"https:\/\/www.spirit-us.eu\/index.php\/produit\/lampe-en-sel-rose-coeur\/","title":{"rendered":"Lampe en sel rose C\u0152UR"},"content":{"rendered":"<p><u>Description technique<\/u>\u00a0:<\/p>\n<p><strong>Lampe en sel rose <\/strong><\/p>\n<p><strong>Dimensions<\/strong>\u00a0: 11 x 12 x 7,5 cm<\/p>\n<p><strong>Utilisation<\/strong>\u00a0: d\u00e9coration, chromoth\u00e9rapie<\/p>\n<p><strong>Mat\u00e9riaux<\/strong>\u00a0: sel rose dit de l\u2019Himalaya, bois, dispositif \u00e9lectrique<\/p>\n<p><strong>Origine<\/strong>\u00a0: Pakistan<\/p>\n<p><strong>Dispositif\u00a0<\/strong>: port USB<\/p>\n<p><strong>Forme<\/strong>\u00a0: c\u0153ur<\/p>\n<p><strong>Effets\u00a0<\/strong>: \u00a0lumineux, lumi\u00e8re blanche chaude,<\/p>\n","protected":false},"excerpt":{"rendered":"<p>Tr\u00e8s joli objet qui dispense une ambiance douce et apaisante dans les endroits intimistes comme une chambre, une salle de bains, un endroit o\u00f9 on a besoin de se sentir prot\u00e9g\u00e9.e. Un cadeau magnifique \u00e0 faire ou \u00e0 se faire. Allum\u00e9e ou \u00e9teinte, celle lampe a une pr\u00e9sence douce et rassurante.<\/p>\n<p><u>R\u00f4le du c\u0153ur en tant qu\u2019onde de forme<\/u> : les ondes de formes sont des structures g\u00e9om\u00e9triques avec des propri\u00e9t\u00e9s particuli\u00e8res qui permettent de canaliser ou amplifier l&rsquo;\u00e9nergie. Elles sont associ\u00e9es \u00e0 la radionique, une branche de la radiesth\u00e9sie qui consid\u00e8re que toute forme poss\u00e8de une \u00e9nergie vibratoire. En Feng Shui, c\u2019est-\u00e0-dire dans l\u2019art du bien-vivre dans son habitat, la forme du c\u0153ur et mieux encore du c\u0153ur lumineux, renvoie au C\u0153ur sacr\u00e9 de l\u2019Univers.\u00a0 On le placera donc dans des endroits reli\u00e9s aux \u00e9motions douces et rassurantes. Cette lampe est livr\u00e9e sous 10 jours ouvr\u00e9s et la livraison est offerte d\u00e8s 50,00\u20ac d&rsquo;achats dans votre panier.<\/p>\n","protected":false},"featured_media":862,"comment_status":"open","ping_status":"closed","template":"","meta":[],"product_brand":[],"product_cat":[180,497,17],"product_tag":[],"mwb_booking_cost":[],"mwb_booking_service":[],"class_list":{"0":"post-861","1":"product","2":"type-product","3":"status-publish","4":"has-post-thumbnail","6":"product_cat-09-decoration","7":"product_cat-photophores-et-lumieres","8":"product_cat-tous-les-produits","10":"first","11":"instock","12":"shipping-taxable","13":"purchasable","14":"product-type-simple"},"yoast_head":"<!-- This site is optimized with the Yoast SEO plugin v27.1.1 - https:\/\/yoast.com\/product\/yoast-seo-wordpress\/ -->\n<title>Lampe en sel rose C\u0152UR - Spirit-US<\/title>\n<meta name=\"robots\" content=\"index, follow, max-snippet:-1, max-image-preview:large, max-video-preview:-1\" \/>\n<link rel=\"canonical\" href=\"https:\/\/www.spirit-us.eu\/index.php\/produit\/lampe-en-sel-rose-coeur\/\" \/>\n<meta property=\"og:locale\" content=\"fr_FR\" \/>\n<meta property=\"og:type\" content=\"article\" \/>\n<meta property=\"og:title\" content=\"Lampe en sel rose C\u0152UR - Spirit-US\" \/>\n<meta property=\"og:description\" content=\"Tr\u00e8s joli objet qui dispense une ambiance douce et apaisante dans les endroits intimistes comme une chambre, une salle de bains, un endroit o\u00f9 on a besoin de se sentir prot\u00e9g\u00e9.e. Un cadeau magnifique \u00e0 faire ou \u00e0 se faire. Allum\u00e9e ou \u00e9teinte, celle lampe a une pr\u00e9sence douce et rassurante.  R\u00f4le du c\u0153ur en tant qu\u2019onde de forme : les ondes de formes sont des structures g\u00e9om\u00e9triques avec des propri\u00e9t\u00e9s particuli\u00e8res qui permettent de canaliser ou amplifier l&#039;\u00e9nergie. Elles sont associ\u00e9es \u00e0 la radionique, une branche de la radiesth\u00e9sie qui consid\u00e8re que toute forme poss\u00e8de une \u00e9nergie vibratoire. En Feng Shui, c\u2019est-\u00e0-dire dans l\u2019art du bien-vivre dans son habitat, la forme du c\u0153ur et mieux encore du c\u0153ur lumineux, renvoie au C\u0153ur sacr\u00e9 de l\u2019Univers.\u00a0 On le placera donc dans des endroits reli\u00e9s aux \u00e9motions douces et rassurantes. Cette lampe est livr\u00e9e sous 10 jours ouvr\u00e9s et la livraison est offerte d\u00e8s 50,00\u20ac d&#039;achats dans votre panier.\" \/>\n<meta property=\"og:url\" content=\"https:\/\/www.spirit-us.eu\/index.php\/produit\/lampe-en-sel-rose-coeur\/\" \/>\n<meta property=\"og:site_name\" content=\"Spirit-US\" \/>\n<meta property=\"article:publisher\" content=\"https:\/\/www.facebook.com\/spirit.us.deum\" \/>\n<meta property=\"article:modified_time\" content=\"2025-12-22T12:51:34+00:00\" \/>\n<meta property=\"og:image\" content=\"https:\/\/www.spirit-us.eu\/wp-content\/uploads\/2025\/04\/lampe-coeur-image-produit1-1024x1024.png\" \/>\n\t<meta property=\"og:image:width\" content=\"1024\" \/>\n\t<meta property=\"og:image:height\" content=\"1024\" \/>\n\t<meta property=\"og:image:type\" content=\"image\/png\" \/>\n<meta name=\"twitter:card\" content=\"summary_large_image\" \/>\n<script type=\"application\/ld+json\" class=\"yoast-schema-graph\">{\"@context\":\"https:\/\/schema.org\",\"@graph\":[{\"@type\":\"WebPage\",\"@id\":\"https:\/\/www.spirit-us.eu\/index.php\/produit\/lampe-en-sel-rose-coeur\/\",\"url\":\"https:\/\/www.spirit-us.eu\/index.php\/produit\/lampe-en-sel-rose-coeur\/\",\"name\":\"Lampe en sel rose C\u0152UR - Spirit-US\",\"isPartOf\":{\"@id\":\"https:\/\/www.spirit-us.eu\/#website\"},\"primaryImageOfPage\":{\"@id\":\"https:\/\/www.spirit-us.eu\/index.php\/produit\/lampe-en-sel-rose-coeur\/#primaryimage\"},\"image\":{\"@id\":\"https:\/\/www.spirit-us.eu\/index.php\/produit\/lampe-en-sel-rose-coeur\/#primaryimage\"},\"thumbnailUrl\":\"https:\/\/www.spirit-us.eu\/wp-content\/uploads\/2025\/04\/lampe-coeur-image-produit1.png\",\"datePublished\":\"2025-04-15T21:23:51+00:00\",\"dateModified\":\"2025-12-22T12:51:34+00:00\",\"breadcrumb\":{\"@id\":\"https:\/\/www.spirit-us.eu\/index.php\/produit\/lampe-en-sel-rose-coeur\/#breadcrumb\"},\"inLanguage\":\"fr-FR\",\"potentialAction\":[{\"@type\":\"ReadAction\",\"target\":[\"https:\/\/www.spirit-us.eu\/index.php\/produit\/lampe-en-sel-rose-coeur\/\"]}]},{\"@type\":\"ImageObject\",\"inLanguage\":\"fr-FR\",\"@id\":\"https:\/\/www.spirit-us.eu\/index.php\/produit\/lampe-en-sel-rose-coeur\/#primaryimage\",\"url\":\"https:\/\/www.spirit-us.eu\/wp-content\/uploads\/2025\/04\/lampe-coeur-image-produit1.png\",\"contentUrl\":\"https:\/\/www.spirit-us.eu\/wp-content\/uploads\/2025\/04\/lampe-coeur-image-produit1.png\",\"width\":3375,\"height\":3375},{\"@type\":\"BreadcrumbList\",\"@id\":\"https:\/\/www.spirit-us.eu\/index.php\/produit\/lampe-en-sel-rose-coeur\/#breadcrumb\",\"itemListElement\":[{\"@type\":\"ListItem\",\"position\":1,\"name\":\"Accueil\",\"item\":\"https:\/\/www.spirit-us.eu\/\"},{\"@type\":\"ListItem\",\"position\":2,\"name\":\"Boutique\",\"item\":\"https:\/\/www.spirit-us.eu\/index.php\/boutique\/\"},{\"@type\":\"ListItem\",\"position\":3,\"name\":\"Lampe en sel rose C\u0152UR\"}]},{\"@type\":\"WebSite\",\"@id\":\"https:\/\/www.spirit-us.eu\/#website\",\"url\":\"https:\/\/www.spirit-us.eu\/\",\"name\":\"Spirit-US\",\"description\":\"\",\"publisher\":{\"@id\":\"https:\/\/www.spirit-us.eu\/#organization\"},\"potentialAction\":[{\"@type\":\"SearchAction\",\"target\":{\"@type\":\"EntryPoint\",\"urlTemplate\":\"https:\/\/www.spirit-us.eu\/?s={search_term_string}\"},\"query-input\":{\"@type\":\"PropertyValueSpecification\",\"valueRequired\":true,\"valueName\":\"search_term_string\"}}],\"inLanguage\":\"fr-FR\"},{\"@type\":\"Organization\",\"@id\":\"https:\/\/www.spirit-us.eu\/#organization\",\"name\":\"Spirit-US\",\"url\":\"https:\/\/www.spirit-us.eu\/\",\"logo\":{\"@type\":\"ImageObject\",\"inLanguage\":\"fr-FR\",\"@id\":\"https:\/\/www.spirit-us.eu\/#\/schema\/logo\/image\/\",\"url\":\"https:\/\/www.spirit-us.eu\/wp-content\/uploads\/2025\/11\/logo-regarde-linterlocutrice-sans-arrriere-plan.jpg\",\"contentUrl\":\"https:\/\/www.spirit-us.eu\/wp-content\/uploads\/2025\/11\/logo-regarde-linterlocutrice-sans-arrriere-plan.jpg\",\"width\":1080,\"height\":1080,\"caption\":\"Spirit-US\"},\"image\":{\"@id\":\"https:\/\/www.spirit-us.eu\/#\/schema\/logo\/image\/\"},\"sameAs\":[\"https:\/\/www.facebook.com\/spirit.us.deum\"]}]}<\/script>\n<!-- \/ Yoast SEO plugin. -->","yoast_head_json":{"title":"Lampe en sel rose C\u0152UR - Spirit-US","robots":{"index":"index","follow":"follow","max-snippet":"max-snippet:-1","max-image-preview":"max-image-preview:large","max-video-preview":"max-video-preview:-1"},"canonical":"https:\/\/www.spirit-us.eu\/index.php\/produit\/lampe-en-sel-rose-coeur\/","og_locale":"fr_FR","og_type":"article","og_title":"Lampe en sel rose C\u0152UR - Spirit-US","og_description":"Tr\u00e8s joli objet qui dispense une ambiance douce et apaisante dans les endroits intimistes comme une chambre, une salle de bains, un endroit o\u00f9 on a besoin de se sentir prot\u00e9g\u00e9.e. Un cadeau magnifique \u00e0 faire ou \u00e0 se faire. Allum\u00e9e ou \u00e9teinte, celle lampe a une pr\u00e9sence douce et rassurante.  R\u00f4le du c\u0153ur en tant qu\u2019onde de forme : les ondes de formes sont des structures g\u00e9om\u00e9triques avec des propri\u00e9t\u00e9s particuli\u00e8res qui permettent de canaliser ou amplifier l'\u00e9nergie. Elles sont associ\u00e9es \u00e0 la radionique, une branche de la radiesth\u00e9sie qui consid\u00e8re que toute forme poss\u00e8de une \u00e9nergie vibratoire. En Feng Shui, c\u2019est-\u00e0-dire dans l\u2019art du bien-vivre dans son habitat, la forme du c\u0153ur et mieux encore du c\u0153ur lumineux, renvoie au C\u0153ur sacr\u00e9 de l\u2019Univers.\u00a0 On le placera donc dans des endroits reli\u00e9s aux \u00e9motions douces et rassurantes. Cette lampe est livr\u00e9e sous 10 jours ouvr\u00e9s et la livraison est offerte d\u00e8s 50,00\u20ac d'achats dans votre panier.","og_url":"https:\/\/www.spirit-us.eu\/index.php\/produit\/lampe-en-sel-rose-coeur\/","og_site_name":"Spirit-US","article_publisher":"https:\/\/www.facebook.com\/spirit.us.deum","article_modified_time":"2025-12-22T12:51:34+00:00","og_image":[{"width":1024,"height":1024,"url":"https:\/\/www.spirit-us.eu\/wp-content\/uploads\/2025\/04\/lampe-coeur-image-produit1-1024x1024.png","type":"image\/png"}],"twitter_card":"summary_large_image","schema":{"@context":"https:\/\/schema.org","@graph":[{"@type":"WebPage","@id":"https:\/\/www.spirit-us.eu\/index.php\/produit\/lampe-en-sel-rose-coeur\/","url":"https:\/\/www.spirit-us.eu\/index.php\/produit\/lampe-en-sel-rose-coeur\/","name":"Lampe en sel rose C\u0152UR - Spirit-US","isPartOf":{"@id":"https:\/\/www.spirit-us.eu\/#website"},"primaryImageOfPage":{"@id":"https:\/\/www.spirit-us.eu\/index.php\/produit\/lampe-en-sel-rose-coeur\/#primaryimage"},"image":{"@id":"https:\/\/www.spirit-us.eu\/index.php\/produit\/lampe-en-sel-rose-coeur\/#primaryimage"},"thumbnailUrl":"https:\/\/www.spirit-us.eu\/wp-content\/uploads\/2025\/04\/lampe-coeur-image-produit1.png","datePublished":"2025-04-15T21:23:51+00:00","dateModified":"2025-12-22T12:51:34+00:00","breadcrumb":{"@id":"https:\/\/www.spirit-us.eu\/index.php\/produit\/lampe-en-sel-rose-coeur\/#breadcrumb"},"inLanguage":"fr-FR","potentialAction":[{"@type":"ReadAction","target":["https:\/\/www.spirit-us.eu\/index.php\/produit\/lampe-en-sel-rose-coeur\/"]}]},{"@type":"ImageObject","inLanguage":"fr-FR","@id":"https:\/\/www.spirit-us.eu\/index.php\/produit\/lampe-en-sel-rose-coeur\/#primaryimage","url":"https:\/\/www.spirit-us.eu\/wp-content\/uploads\/2025\/04\/lampe-coeur-image-produit1.png","contentUrl":"https:\/\/www.spirit-us.eu\/wp-content\/uploads\/2025\/04\/lampe-coeur-image-produit1.png","width":3375,"height":3375},{"@type":"BreadcrumbList","@id":"https:\/\/www.spirit-us.eu\/index.php\/produit\/lampe-en-sel-rose-coeur\/#breadcrumb","itemListElement":[{"@type":"ListItem","position":1,"name":"Accueil","item":"https:\/\/www.spirit-us.eu\/"},{"@type":"ListItem","position":2,"name":"Boutique","item":"https:\/\/www.spirit-us.eu\/index.php\/boutique\/"},{"@type":"ListItem","position":3,"name":"Lampe en sel rose C\u0152UR"}]},{"@type":"WebSite","@id":"https:\/\/www.spirit-us.eu\/#website","url":"https:\/\/www.spirit-us.eu\/","name":"Spirit-US","description":"","publisher":{"@id":"https:\/\/www.spirit-us.eu\/#organization"},"potentialAction":[{"@type":"SearchAction","target":{"@type":"EntryPoint","urlTemplate":"https:\/\/www.spirit-us.eu\/?s={search_term_string}"},"query-input":{"@type":"PropertyValueSpecification","valueRequired":true,"valueName":"search_term_string"}}],"inLanguage":"fr-FR"},{"@type":"Organization","@id":"https:\/\/www.spirit-us.eu\/#organization","name":"Spirit-US","url":"https:\/\/www.spirit-us.eu\/","logo":{"@type":"ImageObject","inLanguage":"fr-FR","@id":"https:\/\/www.spirit-us.eu\/#\/schema\/logo\/image\/","url":"https:\/\/www.spirit-us.eu\/wp-content\/uploads\/2025\/11\/logo-regarde-linterlocutrice-sans-arrriere-plan.jpg","contentUrl":"https:\/\/www.spirit-us.eu\/wp-content\/uploads\/2025\/11\/logo-regarde-linterlocutrice-sans-arrriere-plan.jpg","width":1080,"height":1080,"caption":"Spirit-US"},"image":{"@id":"https:\/\/www.spirit-us.eu\/#\/schema\/logo\/image\/"},"sameAs":["https:\/\/www.facebook.com\/spirit.us.deum"]}]}},"jetpack_sharing_enabled":true,"_links":{"self":[{"href":"https:\/\/www.spirit-us.eu\/index.php\/wp-json\/wp\/v2\/product\/861","targetHints":{"allow":["GET"]}}],"collection":[{"href":"https:\/\/www.spirit-us.eu\/index.php\/wp-json\/wp\/v2\/product"}],"about":[{"href":"https:\/\/www.spirit-us.eu\/index.php\/wp-json\/wp\/v2\/types\/product"}],"replies":[{"embeddable":true,"href":"https:\/\/www.spirit-us.eu\/index.php\/wp-json\/wp\/v2\/comments?post=861"}],"wp:featuredmedia":[{"embeddable":true,"href":"https:\/\/www.spirit-us.eu\/index.php\/wp-json\/wp\/v2\/media\/862"}],"wp:attachment":[{"href":"https:\/\/www.spirit-us.eu\/index.php\/wp-json\/wp\/v2\/media?parent=861"}],"wp:term":[{"taxonomy":"product_brand","embeddable":true,"href":"https:\/\/www.spirit-us.eu\/index.php\/wp-json\/wp\/v2\/product_brand?post=861"},{"taxonomy":"product_cat","embeddable":true,"href":"https:\/\/www.spirit-us.eu\/index.php\/wp-json\/wp\/v2\/product_cat?post=861"},{"taxonomy":"product_tag","embeddable":true,"href":"https:\/\/www.spirit-us.eu\/index.php\/wp-json\/wp\/v2\/product_tag?post=861"},{"taxonomy":"mwb_booking_cost","embeddable":true,"href":"https:\/\/www.spirit-us.eu\/index.php\/wp-json\/wp\/v2\/mwb_booking_cost?post=861"},{"taxonomy":"mwb_booking_service","embeddable":true,"href":"https:\/\/www.spirit-us.eu\/index.php\/wp-json\/wp\/v2\/mwb_booking_service?post=861"}],"curies":[{"name":"wp","href":"https:\/\/api.w.org\/{rel}","templated":true}]}}