{"id":853,"date":"2025-04-15T17:50:49","date_gmt":"2025-04-15T15:50:49","guid":{"rendered":"https:\/\/www.spirit-us.eu\/?post_type=product&#038;p=853"},"modified":"2025-04-15T18:17:35","modified_gmt":"2025-04-15T16:17:35","slug":"encens-grec-a-la-citronnelle-100g","status":"publish","type":"product","link":"https:\/\/www.spirit-us.eu\/index.php\/produit\/encens-grec-a-la-citronnelle-100g\/","title":{"rendered":"Encens grec \u00e0 la citronnelle (100g)"},"content":{"rendered":"<p><strong>Description <\/strong><\/p>\n<p><strong>Origine<\/strong>\u00a0: Gr\u00e8ce<\/p>\n<p><strong>Quantit\u00e9<\/strong>\u00a0: 100g<\/p>\n<p><strong>Conditionnement\u00a0<\/strong>: sachet de 100g herm\u00e9tique<\/p>\n<p><strong>Encens de myrrhe<\/strong><\/p>\n<p><strong>Parfum naturel<\/strong> de citronnelle<\/p>\n<p><strong>100% bio certifi\u00e9<\/strong><\/p>\n<p>Procurez-vous la<strong> c\u00e9r\u00e9monie de b\u00e9n\u00e9diction<\/strong> des encens par ce lien : <a href=\"https:\/\/www.spirit-us.eu\/index.php\/produit\/benediction-de-lencens\/\" target=\"_blank\" rel=\"noopener\">https:\/\/www.spirit-us.eu\/index.php\/produit\/benediction-de-lencens\/<\/a><\/p>\n<p>L\u2019audio mp3 est fourni avec un livret explicatif<\/p>\n<p>Procurez-vous aussi de <strong>jolis encensoirs et les indispensables charbons ardents<\/strong> pour br\u00fbler l&rsquo;encens : <a href=\"https:\/\/www.spirit-us.eu\/index.php\/categorie-produit\/tous-les-produits\/encens-decoration\/\" target=\"_blank\" rel=\"noopener\">https:\/\/www.spirit-us.eu\/index.php\/categorie-produit\/tous-les-produits\/encens-decoration\/<\/a><\/p>\n<p><strong>Recette de d\u00e9sinfestation naturelle des lieux, des chambres\u00a0:<\/strong><\/p>\n<p><u>Ingr\u00e9dients\u00a0<\/u>: clous de girofle, orange, Huile essentielle de girofle, d\u2019orange et de citronnelle.\u00a0 Coupez l\u2019orange en deux, pressez le jus d\u2019une des deux moiti\u00e9s.\u00a0 Enfoncez des clous de girofle dans chaque quartier tranch\u00e9 de l\u2019orange. Placez la demi-orange clout\u00e9e de girofle dans une petite et jolie soucoupe que vous remplirez du jus de l\u2019orange m\u00e9lang\u00e9e aux trois Huiles essentielles (30 goutte ce chaque parfum).\u00a0 Placez le tout sur un radiateur ou devant une source de chaleur (fen\u00eatre en plein soleil). \u00a0Renouvelez chaque semaine, cela vous \u00e9vitera les infestations par insectes nocturnes et diurnes.<\/p>\n<p><strong>Pour en savoir plus sur les vertus des vrais encens, voici une vid\u00e9o : <\/strong><a href=\"https:\/\/youtu.be\/0-BlaiX0KHI\" target=\"_blank\" rel=\"noopener\">https:\/\/youtu.be\/0-BlaiX0KHI<\/a><\/p>\n","protected":false},"excerpt":{"rendered":"<p>Encens grec citronnelle en grains Mont Athos 100 g. Encens grec du Mont Athos au parfum de citronnelle en emballage herm\u00e9tique, en morceaux, pr\u00e9par\u00e9 selon m\u00e9thodes traditionnelles en Gr\u00e8ce. La poudre blanche dans l&#8217;emballage est caract\u00e9ristique de l&rsquo;encens puisqu&rsquo;elle sert pour tenir les grains s\u00e9par\u00e9s entre eux. On utilise l\u2019encens \u00e0 la citronnelle pour \u00e9liminer les infestations des lieux ou tout type de parasitage astral ou spirituel.\u00a0 La citronnelle, dans la nature, \u00e9radique les infestations de toutes sortes\u00a0; combin\u00e9e \u00e0 l\u2019encens sacr\u00e9 de myrrhe elle devient la terreur des entit\u00e9s ent\u00eatantes qui s\u2019acharnent \u00e0 piquer, griffer, d\u00e9manger, ou infester les lieux de vie. Cet encens est puissant et lib\u00e9rateur en plus d\u2019\u00eatre d\u2019une odeur tr\u00e8s agr\u00e9able. Utilis\u00e9 le soir avant le coucher, en cas d\u2019infestations, il aide \u00e0 retrouver un sommeil plus profond et exempt de tourments.<\/p>\n","protected":false},"featured_media":854,"comment_status":"open","ping_status":"closed","template":"","meta":[],"product_brand":[],"product_cat":[165,17],"product_tag":[],"mwb_booking_cost":[],"mwb_booking_service":[],"class_list":{"0":"post-853","1":"product","2":"type-product","3":"status-publish","4":"has-post-thumbnail","6":"product_cat-10-encens","7":"product_cat-tous-les-produits","9":"first","10":"instock","11":"shipping-taxable","12":"purchasable","13":"product-type-simple"},"yoast_head":"<!-- This site is optimized with the Yoast SEO plugin v27.1.1 - https:\/\/yoast.com\/product\/yoast-seo-wordpress\/ -->\n<title>Encens grec \u00e0 la citronnelle (100g) - Spirit-US<\/title>\n<meta name=\"robots\" content=\"index, follow, max-snippet:-1, max-image-preview:large, max-video-preview:-1\" \/>\n<link rel=\"canonical\" href=\"https:\/\/www.spirit-us.eu\/index.php\/produit\/encens-grec-a-la-citronnelle-100g\/\" \/>\n<meta property=\"og:locale\" content=\"fr_FR\" \/>\n<meta property=\"og:type\" content=\"article\" \/>\n<meta property=\"og:title\" content=\"Encens grec \u00e0 la citronnelle (100g) - Spirit-US\" \/>\n<meta property=\"og:description\" content=\"Encens grec citronnelle en grains Mont Athos 100 g. Encens grec du Mont Athos au parfum de citronnelle en emballage herm\u00e9tique, en morceaux, pr\u00e9par\u00e9 selon m\u00e9thodes traditionnelles en Gr\u00e8ce. La poudre blanche dans l&#039;emballage est caract\u00e9ristique de l&#039;encens puisqu&#039;elle sert pour tenir les grains s\u00e9par\u00e9s entre eux. On utilise l\u2019encens \u00e0 la citronnelle pour \u00e9liminer les infestations des lieux ou tout type de parasitage astral ou spirituel.\u00a0 La citronnelle, dans la nature, \u00e9radique les infestations de toutes sortes\u00a0; combin\u00e9e \u00e0 l\u2019encens sacr\u00e9 de myrrhe elle devient la terreur des entit\u00e9s ent\u00eatantes qui s\u2019acharnent \u00e0 piquer, griffer, d\u00e9manger, ou infester les lieux de vie. Cet encens est puissant et lib\u00e9rateur en plus d\u2019\u00eatre d\u2019une odeur tr\u00e8s agr\u00e9able. Utilis\u00e9 le soir avant le coucher, en cas d\u2019infestations, il aide \u00e0 retrouver un sommeil plus profond et exempt de tourments.\" \/>\n<meta property=\"og:url\" content=\"https:\/\/www.spirit-us.eu\/index.php\/produit\/encens-grec-a-la-citronnelle-100g\/\" \/>\n<meta property=\"og:site_name\" content=\"Spirit-US\" \/>\n<meta property=\"article:publisher\" content=\"https:\/\/www.facebook.com\/spirit.us.deum\" \/>\n<meta property=\"article:modified_time\" content=\"2025-04-15T16:17:35+00:00\" \/>\n<meta property=\"og:image\" content=\"https:\/\/www.spirit-us.eu\/wp-content\/uploads\/2025\/04\/encens-citronnelle.png\" \/>\n\t<meta property=\"og:image:width\" content=\"467\" \/>\n\t<meta property=\"og:image:height\" content=\"469\" \/>\n\t<meta property=\"og:image:type\" content=\"image\/png\" \/>\n<meta name=\"twitter:card\" content=\"summary_large_image\" \/>\n<meta name=\"twitter:label1\" content=\"Dur\u00e9e de lecture estim\u00e9e\" \/>\n\t<meta name=\"twitter:data1\" content=\"1 minute\" \/>\n<script type=\"application\/ld+json\" class=\"yoast-schema-graph\">{\"@context\":\"https:\/\/schema.org\",\"@graph\":[{\"@type\":\"WebPage\",\"@id\":\"https:\/\/www.spirit-us.eu\/index.php\/produit\/encens-grec-a-la-citronnelle-100g\/\",\"url\":\"https:\/\/www.spirit-us.eu\/index.php\/produit\/encens-grec-a-la-citronnelle-100g\/\",\"name\":\"Encens grec \u00e0 la citronnelle (100g) - Spirit-US\",\"isPartOf\":{\"@id\":\"https:\/\/www.spirit-us.eu\/#website\"},\"primaryImageOfPage\":{\"@id\":\"https:\/\/www.spirit-us.eu\/index.php\/produit\/encens-grec-a-la-citronnelle-100g\/#primaryimage\"},\"image\":{\"@id\":\"https:\/\/www.spirit-us.eu\/index.php\/produit\/encens-grec-a-la-citronnelle-100g\/#primaryimage\"},\"thumbnailUrl\":\"https:\/\/www.spirit-us.eu\/wp-content\/uploads\/2025\/04\/encens-citronnelle.png\",\"datePublished\":\"2025-04-15T15:50:49+00:00\",\"dateModified\":\"2025-04-15T16:17:35+00:00\",\"breadcrumb\":{\"@id\":\"https:\/\/www.spirit-us.eu\/index.php\/produit\/encens-grec-a-la-citronnelle-100g\/#breadcrumb\"},\"inLanguage\":\"fr-FR\",\"potentialAction\":[{\"@type\":\"ReadAction\",\"target\":[\"https:\/\/www.spirit-us.eu\/index.php\/produit\/encens-grec-a-la-citronnelle-100g\/\"]}]},{\"@type\":\"ImageObject\",\"inLanguage\":\"fr-FR\",\"@id\":\"https:\/\/www.spirit-us.eu\/index.php\/produit\/encens-grec-a-la-citronnelle-100g\/#primaryimage\",\"url\":\"https:\/\/www.spirit-us.eu\/wp-content\/uploads\/2025\/04\/encens-citronnelle.png\",\"contentUrl\":\"https:\/\/www.spirit-us.eu\/wp-content\/uploads\/2025\/04\/encens-citronnelle.png\",\"width\":467,\"height\":469},{\"@type\":\"BreadcrumbList\",\"@id\":\"https:\/\/www.spirit-us.eu\/index.php\/produit\/encens-grec-a-la-citronnelle-100g\/#breadcrumb\",\"itemListElement\":[{\"@type\":\"ListItem\",\"position\":1,\"name\":\"Accueil\",\"item\":\"https:\/\/www.spirit-us.eu\/\"},{\"@type\":\"ListItem\",\"position\":2,\"name\":\"Boutique\",\"item\":\"https:\/\/www.spirit-us.eu\/index.php\/boutique\/\"},{\"@type\":\"ListItem\",\"position\":3,\"name\":\"Encens grec \u00e0 la citronnelle (100g)\"}]},{\"@type\":\"WebSite\",\"@id\":\"https:\/\/www.spirit-us.eu\/#website\",\"url\":\"https:\/\/www.spirit-us.eu\/\",\"name\":\"Spirit-US\",\"description\":\"\",\"publisher\":{\"@id\":\"https:\/\/www.spirit-us.eu\/#organization\"},\"potentialAction\":[{\"@type\":\"SearchAction\",\"target\":{\"@type\":\"EntryPoint\",\"urlTemplate\":\"https:\/\/www.spirit-us.eu\/?s={search_term_string}\"},\"query-input\":{\"@type\":\"PropertyValueSpecification\",\"valueRequired\":true,\"valueName\":\"search_term_string\"}}],\"inLanguage\":\"fr-FR\"},{\"@type\":\"Organization\",\"@id\":\"https:\/\/www.spirit-us.eu\/#organization\",\"name\":\"Spirit-US\",\"url\":\"https:\/\/www.spirit-us.eu\/\",\"logo\":{\"@type\":\"ImageObject\",\"inLanguage\":\"fr-FR\",\"@id\":\"https:\/\/www.spirit-us.eu\/#\/schema\/logo\/image\/\",\"url\":\"https:\/\/www.spirit-us.eu\/wp-content\/uploads\/2025\/11\/logo-regarde-linterlocutrice-sans-arrriere-plan.jpg\",\"contentUrl\":\"https:\/\/www.spirit-us.eu\/wp-content\/uploads\/2025\/11\/logo-regarde-linterlocutrice-sans-arrriere-plan.jpg\",\"width\":1080,\"height\":1080,\"caption\":\"Spirit-US\"},\"image\":{\"@id\":\"https:\/\/www.spirit-us.eu\/#\/schema\/logo\/image\/\"},\"sameAs\":[\"https:\/\/www.facebook.com\/spirit.us.deum\"]}]}<\/script>\n<!-- \/ Yoast SEO plugin. -->","yoast_head_json":{"title":"Encens grec \u00e0 la citronnelle (100g) - Spirit-US","robots":{"index":"index","follow":"follow","max-snippet":"max-snippet:-1","max-image-preview":"max-image-preview:large","max-video-preview":"max-video-preview:-1"},"canonical":"https:\/\/www.spirit-us.eu\/index.php\/produit\/encens-grec-a-la-citronnelle-100g\/","og_locale":"fr_FR","og_type":"article","og_title":"Encens grec \u00e0 la citronnelle (100g) - Spirit-US","og_description":"Encens grec citronnelle en grains Mont Athos 100 g. Encens grec du Mont Athos au parfum de citronnelle en emballage herm\u00e9tique, en morceaux, pr\u00e9par\u00e9 selon m\u00e9thodes traditionnelles en Gr\u00e8ce. La poudre blanche dans l'emballage est caract\u00e9ristique de l'encens puisqu'elle sert pour tenir les grains s\u00e9par\u00e9s entre eux. On utilise l\u2019encens \u00e0 la citronnelle pour \u00e9liminer les infestations des lieux ou tout type de parasitage astral ou spirituel.\u00a0 La citronnelle, dans la nature, \u00e9radique les infestations de toutes sortes\u00a0; combin\u00e9e \u00e0 l\u2019encens sacr\u00e9 de myrrhe elle devient la terreur des entit\u00e9s ent\u00eatantes qui s\u2019acharnent \u00e0 piquer, griffer, d\u00e9manger, ou infester les lieux de vie. Cet encens est puissant et lib\u00e9rateur en plus d\u2019\u00eatre d\u2019une odeur tr\u00e8s agr\u00e9able. Utilis\u00e9 le soir avant le coucher, en cas d\u2019infestations, il aide \u00e0 retrouver un sommeil plus profond et exempt de tourments.","og_url":"https:\/\/www.spirit-us.eu\/index.php\/produit\/encens-grec-a-la-citronnelle-100g\/","og_site_name":"Spirit-US","article_publisher":"https:\/\/www.facebook.com\/spirit.us.deum","article_modified_time":"2025-04-15T16:17:35+00:00","og_image":[{"width":467,"height":469,"url":"https:\/\/www.spirit-us.eu\/wp-content\/uploads\/2025\/04\/encens-citronnelle.png","type":"image\/png"}],"twitter_card":"summary_large_image","twitter_misc":{"Dur\u00e9e de lecture estim\u00e9e":"1 minute"},"schema":{"@context":"https:\/\/schema.org","@graph":[{"@type":"WebPage","@id":"https:\/\/www.spirit-us.eu\/index.php\/produit\/encens-grec-a-la-citronnelle-100g\/","url":"https:\/\/www.spirit-us.eu\/index.php\/produit\/encens-grec-a-la-citronnelle-100g\/","name":"Encens grec \u00e0 la citronnelle (100g) - Spirit-US","isPartOf":{"@id":"https:\/\/www.spirit-us.eu\/#website"},"primaryImageOfPage":{"@id":"https:\/\/www.spirit-us.eu\/index.php\/produit\/encens-grec-a-la-citronnelle-100g\/#primaryimage"},"image":{"@id":"https:\/\/www.spirit-us.eu\/index.php\/produit\/encens-grec-a-la-citronnelle-100g\/#primaryimage"},"thumbnailUrl":"https:\/\/www.spirit-us.eu\/wp-content\/uploads\/2025\/04\/encens-citronnelle.png","datePublished":"2025-04-15T15:50:49+00:00","dateModified":"2025-04-15T16:17:35+00:00","breadcrumb":{"@id":"https:\/\/www.spirit-us.eu\/index.php\/produit\/encens-grec-a-la-citronnelle-100g\/#breadcrumb"},"inLanguage":"fr-FR","potentialAction":[{"@type":"ReadAction","target":["https:\/\/www.spirit-us.eu\/index.php\/produit\/encens-grec-a-la-citronnelle-100g\/"]}]},{"@type":"ImageObject","inLanguage":"fr-FR","@id":"https:\/\/www.spirit-us.eu\/index.php\/produit\/encens-grec-a-la-citronnelle-100g\/#primaryimage","url":"https:\/\/www.spirit-us.eu\/wp-content\/uploads\/2025\/04\/encens-citronnelle.png","contentUrl":"https:\/\/www.spirit-us.eu\/wp-content\/uploads\/2025\/04\/encens-citronnelle.png","width":467,"height":469},{"@type":"BreadcrumbList","@id":"https:\/\/www.spirit-us.eu\/index.php\/produit\/encens-grec-a-la-citronnelle-100g\/#breadcrumb","itemListElement":[{"@type":"ListItem","position":1,"name":"Accueil","item":"https:\/\/www.spirit-us.eu\/"},{"@type":"ListItem","position":2,"name":"Boutique","item":"https:\/\/www.spirit-us.eu\/index.php\/boutique\/"},{"@type":"ListItem","position":3,"name":"Encens grec \u00e0 la citronnelle (100g)"}]},{"@type":"WebSite","@id":"https:\/\/www.spirit-us.eu\/#website","url":"https:\/\/www.spirit-us.eu\/","name":"Spirit-US","description":"","publisher":{"@id":"https:\/\/www.spirit-us.eu\/#organization"},"potentialAction":[{"@type":"SearchAction","target":{"@type":"EntryPoint","urlTemplate":"https:\/\/www.spirit-us.eu\/?s={search_term_string}"},"query-input":{"@type":"PropertyValueSpecification","valueRequired":true,"valueName":"search_term_string"}}],"inLanguage":"fr-FR"},{"@type":"Organization","@id":"https:\/\/www.spirit-us.eu\/#organization","name":"Spirit-US","url":"https:\/\/www.spirit-us.eu\/","logo":{"@type":"ImageObject","inLanguage":"fr-FR","@id":"https:\/\/www.spirit-us.eu\/#\/schema\/logo\/image\/","url":"https:\/\/www.spirit-us.eu\/wp-content\/uploads\/2025\/11\/logo-regarde-linterlocutrice-sans-arrriere-plan.jpg","contentUrl":"https:\/\/www.spirit-us.eu\/wp-content\/uploads\/2025\/11\/logo-regarde-linterlocutrice-sans-arrriere-plan.jpg","width":1080,"height":1080,"caption":"Spirit-US"},"image":{"@id":"https:\/\/www.spirit-us.eu\/#\/schema\/logo\/image\/"},"sameAs":["https:\/\/www.facebook.com\/spirit.us.deum"]}]}},"jetpack_sharing_enabled":true,"_links":{"self":[{"href":"https:\/\/www.spirit-us.eu\/index.php\/wp-json\/wp\/v2\/product\/853","targetHints":{"allow":["GET"]}}],"collection":[{"href":"https:\/\/www.spirit-us.eu\/index.php\/wp-json\/wp\/v2\/product"}],"about":[{"href":"https:\/\/www.spirit-us.eu\/index.php\/wp-json\/wp\/v2\/types\/product"}],"replies":[{"embeddable":true,"href":"https:\/\/www.spirit-us.eu\/index.php\/wp-json\/wp\/v2\/comments?post=853"}],"wp:featuredmedia":[{"embeddable":true,"href":"https:\/\/www.spirit-us.eu\/index.php\/wp-json\/wp\/v2\/media\/854"}],"wp:attachment":[{"href":"https:\/\/www.spirit-us.eu\/index.php\/wp-json\/wp\/v2\/media?parent=853"}],"wp:term":[{"taxonomy":"product_brand","embeddable":true,"href":"https:\/\/www.spirit-us.eu\/index.php\/wp-json\/wp\/v2\/product_brand?post=853"},{"taxonomy":"product_cat","embeddable":true,"href":"https:\/\/www.spirit-us.eu\/index.php\/wp-json\/wp\/v2\/product_cat?post=853"},{"taxonomy":"product_tag","embeddable":true,"href":"https:\/\/www.spirit-us.eu\/index.php\/wp-json\/wp\/v2\/product_tag?post=853"},{"taxonomy":"mwb_booking_cost","embeddable":true,"href":"https:\/\/www.spirit-us.eu\/index.php\/wp-json\/wp\/v2\/mwb_booking_cost?post=853"},{"taxonomy":"mwb_booking_service","embeddable":true,"href":"https:\/\/www.spirit-us.eu\/index.php\/wp-json\/wp\/v2\/mwb_booking_service?post=853"}],"curies":[{"name":"wp","href":"https:\/\/api.w.org\/{rel}","templated":true}]}}