{"id":849,"date":"2025-04-15T17:01:27","date_gmt":"2025-04-15T15:01:27","guid":{"rendered":"https:\/\/www.spirit-us.eu\/?post_type=product&#038;p=849"},"modified":"2025-07-25T17:35:06","modified_gmt":"2025-07-25T15:35:06","slug":"encens-a-la-rose-de-damas","status":"publish","type":"product","link":"https:\/\/www.spirit-us.eu\/index.php\/produit\/encens-a-la-rose-de-damas\/","title":{"rendered":"Encens \u00e0 la rose de Damas"},"content":{"rendered":"<p>&nbsp;<\/p>\n<p>&nbsp;<\/p>\n<p><strong>Description :<\/strong><\/p>\n<p><strong>Origine : <\/strong>Gr\u00e8ce et bassin m\u00e9diterran\u00e9en<\/p>\n<p><strong>Conditionnement\u00a0<\/strong>: sachets herm\u00e9tiques de 300g<\/p>\n<p><strong>Garanti 100% bio<\/strong><\/p>\n<p>Pour br\u00fbler l\u2019encens en grains, voyez nos produits tels que les charbons ( lien : <a href=\"https:\/\/www.spirit-us.eu\/index.php\/produit\/charbons-brule-encens-33-cm-100-pastilles\/\" target=\"_blank\" rel=\"noopener\">https:\/\/www.spirit-us.eu\/index.php\/produit\/charbons-brule-encens-33-cm-100-pastilles\/<\/a> ), et voyez tous nos encensoirs (lien :\u00a0 <a href=\"https:\/\/www.spirit-us.eu\/index.php\/categorie-produit\/tous-les-produits\/encens-decoration\/\" target=\"_blank\" rel=\"noopener\">https:\/\/www.spirit-us.eu\/index.php\/categorie-produit\/tous-les-produits\/encens-decoration\/<\/a>).<\/p>\n<p>Procurez-vous la c\u00e9r\u00e9monie de b\u00e9n\u00e9diction de l&rsquo;encens, dans notre boutique,\u00a0 par ce lien : <a href=\"https:\/\/www.spirit-us.eu\/index.php\/produit\/benediction-de-lencens\/\" target=\"_blank\" rel=\"noopener\">https:\/\/www.spirit-us.eu\/index.php\/produit\/benediction-de-lencens\/ <\/a>Un livret explicatif est livr\u00e9 avec la b\u00e9n\u00e9diction traditionnelle de l&rsquo;encens.<\/p>\n<p>Suivez aussi la description sur notre cha\u00eene Youtube : <a href=\"https:\/\/youtu.be\/0-BlaiX0KHI\" target=\"_blank\" rel=\"noopener\">https:\/\/youtu.be\/0-BlaiX0KHI<\/a><\/p>\n<p>&nbsp;<\/p>\n","protected":false},"excerpt":{"rendered":"<p>En utilisant cet encens de myrrhe \u2013 issu de l\u2019arbre \u00e0 myrrhe (le commiphora myrrha) \u2013 parfum\u00e9 \u00e0 la rose de Damas, vous faites l\u2019acquisition d\u2019un encens doublement pr\u00e9cieux. La Myrrhe est un produit utilis\u00e9 depuis des mill\u00e9naires pour honorer le divin, et la rose de Damas est rare, donc pr\u00e9cieuse.\u00a0 Ses vertus sont nombreuses et additionn\u00e9e \u00e0 la myrrhe, elle aide le corps et l\u2019esprit \u00e0 prendre du repos, elle diminue ainsi les agitations nocturnes.\u00a0 Comme tout encens, elle fait fuir les entit\u00e9s et est donc conseill\u00e9e en cas d\u2019\u00e9pisodes de cauchemars ou d\u2019attaques nocturnes par les incubes et les succubes qu\u2019on appelle aussi maris ou femmes de nuit. L\u2019encens \u00e0 la rose de Damas poss\u00e8de la r\u00e9putation ancestrale d\u2019ouvrir l\u2019esprit au monde spirituel, dans son aspect pur et lumineux.\u00a0 On peut aussi l\u2019utiliser en priant sainte Rita, la gu\u00e9risseuse de Dieu, la perle des roses du Cr\u00e9ateur.\u00a0 En ce sens, cet encens est excellent pour accompagner une pri\u00e8re ou une neuvaine \u00e0 sainte Rita de Cascia.<\/p>\n","protected":false},"featured_media":850,"comment_status":"open","ping_status":"closed","template":"","meta":[],"product_brand":[],"product_cat":[165,17],"product_tag":[],"mwb_booking_cost":[],"mwb_booking_service":[],"class_list":{"0":"post-849","1":"product","2":"type-product","3":"status-publish","4":"has-post-thumbnail","6":"product_cat-10-encens","7":"product_cat-tous-les-produits","9":"first","10":"instock","11":"shipping-taxable","12":"purchasable","13":"product-type-simple"},"yoast_head":"<!-- This site is optimized with the Yoast SEO plugin v27.1.1 - https:\/\/yoast.com\/product\/yoast-seo-wordpress\/ -->\n<title>Encens \u00e0 la rose de Damas - Spirit-US<\/title>\n<meta name=\"robots\" content=\"index, follow, max-snippet:-1, max-image-preview:large, max-video-preview:-1\" \/>\n<link rel=\"canonical\" href=\"https:\/\/www.spirit-us.eu\/index.php\/produit\/encens-a-la-rose-de-damas\/\" \/>\n<meta property=\"og:locale\" content=\"fr_FR\" \/>\n<meta property=\"og:type\" content=\"article\" \/>\n<meta property=\"og:title\" content=\"Encens \u00e0 la rose de Damas - Spirit-US\" \/>\n<meta property=\"og:description\" content=\"En utilisant cet encens de myrrhe \u2013 issu de l\u2019arbre \u00e0 myrrhe (le commiphora myrrha) \u2013 parfum\u00e9 \u00e0 la rose de Damas, vous faites l\u2019acquisition d\u2019un encens doublement pr\u00e9cieux. La Myrrhe est un produit utilis\u00e9 depuis des mill\u00e9naires pour honorer le divin, et la rose de Damas est rare, donc pr\u00e9cieuse.\u00a0 Ses vertus sont nombreuses et additionn\u00e9e \u00e0 la myrrhe, elle aide le corps et l\u2019esprit \u00e0 prendre du repos, elle diminue ainsi les agitations nocturnes.\u00a0 Comme tout encens, elle fait fuir les entit\u00e9s et est donc conseill\u00e9e en cas d\u2019\u00e9pisodes de cauchemars ou d\u2019attaques nocturnes par les incubes et les succubes qu\u2019on appelle aussi maris ou femmes de nuit. L\u2019encens \u00e0 la rose de Damas poss\u00e8de la r\u00e9putation ancestrale d\u2019ouvrir l\u2019esprit au monde spirituel, dans son aspect pur et lumineux.\u00a0 On peut aussi l\u2019utiliser en priant sainte Rita, la gu\u00e9risseuse de Dieu, la perle des roses du Cr\u00e9ateur.\u00a0 En ce sens, cet encens est excellent pour accompagner une pri\u00e8re ou une neuvaine \u00e0 sainte Rita de Cascia.\" \/>\n<meta property=\"og:url\" content=\"https:\/\/www.spirit-us.eu\/index.php\/produit\/encens-a-la-rose-de-damas\/\" \/>\n<meta property=\"og:site_name\" content=\"Spirit-US\" \/>\n<meta property=\"article:publisher\" content=\"https:\/\/www.facebook.com\/spirit.us.deum\" \/>\n<meta property=\"article:modified_time\" content=\"2025-07-25T15:35:06+00:00\" \/>\n<meta property=\"og:image\" content=\"https:\/\/www.spirit-us.eu\/wp-content\/uploads\/2025\/04\/encens-rose-de-damas.png\" \/>\n\t<meta property=\"og:image:width\" content=\"469\" \/>\n\t<meta property=\"og:image:height\" content=\"466\" \/>\n\t<meta property=\"og:image:type\" content=\"image\/png\" \/>\n<meta name=\"twitter:card\" content=\"summary_large_image\" \/>\n<meta name=\"twitter:label1\" content=\"Dur\u00e9e de lecture estim\u00e9e\" \/>\n\t<meta name=\"twitter:data1\" content=\"1 minute\" \/>\n<script type=\"application\/ld+json\" class=\"yoast-schema-graph\">{\"@context\":\"https:\/\/schema.org\",\"@graph\":[{\"@type\":\"WebPage\",\"@id\":\"https:\/\/www.spirit-us.eu\/index.php\/produit\/encens-a-la-rose-de-damas\/\",\"url\":\"https:\/\/www.spirit-us.eu\/index.php\/produit\/encens-a-la-rose-de-damas\/\",\"name\":\"Encens \u00e0 la rose de Damas - Spirit-US\",\"isPartOf\":{\"@id\":\"https:\/\/www.spirit-us.eu\/#website\"},\"primaryImageOfPage\":{\"@id\":\"https:\/\/www.spirit-us.eu\/index.php\/produit\/encens-a-la-rose-de-damas\/#primaryimage\"},\"image\":{\"@id\":\"https:\/\/www.spirit-us.eu\/index.php\/produit\/encens-a-la-rose-de-damas\/#primaryimage\"},\"thumbnailUrl\":\"https:\/\/www.spirit-us.eu\/wp-content\/uploads\/2025\/04\/encens-rose-de-damas.png\",\"datePublished\":\"2025-04-15T15:01:27+00:00\",\"dateModified\":\"2025-07-25T15:35:06+00:00\",\"breadcrumb\":{\"@id\":\"https:\/\/www.spirit-us.eu\/index.php\/produit\/encens-a-la-rose-de-damas\/#breadcrumb\"},\"inLanguage\":\"fr-FR\",\"potentialAction\":[{\"@type\":\"ReadAction\",\"target\":[\"https:\/\/www.spirit-us.eu\/index.php\/produit\/encens-a-la-rose-de-damas\/\"]}]},{\"@type\":\"ImageObject\",\"inLanguage\":\"fr-FR\",\"@id\":\"https:\/\/www.spirit-us.eu\/index.php\/produit\/encens-a-la-rose-de-damas\/#primaryimage\",\"url\":\"https:\/\/www.spirit-us.eu\/wp-content\/uploads\/2025\/04\/encens-rose-de-damas.png\",\"contentUrl\":\"https:\/\/www.spirit-us.eu\/wp-content\/uploads\/2025\/04\/encens-rose-de-damas.png\",\"width\":469,\"height\":466},{\"@type\":\"BreadcrumbList\",\"@id\":\"https:\/\/www.spirit-us.eu\/index.php\/produit\/encens-a-la-rose-de-damas\/#breadcrumb\",\"itemListElement\":[{\"@type\":\"ListItem\",\"position\":1,\"name\":\"Accueil\",\"item\":\"https:\/\/www.spirit-us.eu\/\"},{\"@type\":\"ListItem\",\"position\":2,\"name\":\"Boutique\",\"item\":\"https:\/\/www.spirit-us.eu\/index.php\/boutique\/\"},{\"@type\":\"ListItem\",\"position\":3,\"name\":\"Encens \u00e0 la rose de Damas\"}]},{\"@type\":\"WebSite\",\"@id\":\"https:\/\/www.spirit-us.eu\/#website\",\"url\":\"https:\/\/www.spirit-us.eu\/\",\"name\":\"Spirit-US\",\"description\":\"\",\"publisher\":{\"@id\":\"https:\/\/www.spirit-us.eu\/#organization\"},\"potentialAction\":[{\"@type\":\"SearchAction\",\"target\":{\"@type\":\"EntryPoint\",\"urlTemplate\":\"https:\/\/www.spirit-us.eu\/?s={search_term_string}\"},\"query-input\":{\"@type\":\"PropertyValueSpecification\",\"valueRequired\":true,\"valueName\":\"search_term_string\"}}],\"inLanguage\":\"fr-FR\"},{\"@type\":\"Organization\",\"@id\":\"https:\/\/www.spirit-us.eu\/#organization\",\"name\":\"Spirit-US\",\"url\":\"https:\/\/www.spirit-us.eu\/\",\"logo\":{\"@type\":\"ImageObject\",\"inLanguage\":\"fr-FR\",\"@id\":\"https:\/\/www.spirit-us.eu\/#\/schema\/logo\/image\/\",\"url\":\"https:\/\/www.spirit-us.eu\/wp-content\/uploads\/2025\/11\/logo-regarde-linterlocutrice-sans-arrriere-plan.jpg\",\"contentUrl\":\"https:\/\/www.spirit-us.eu\/wp-content\/uploads\/2025\/11\/logo-regarde-linterlocutrice-sans-arrriere-plan.jpg\",\"width\":1080,\"height\":1080,\"caption\":\"Spirit-US\"},\"image\":{\"@id\":\"https:\/\/www.spirit-us.eu\/#\/schema\/logo\/image\/\"},\"sameAs\":[\"https:\/\/www.facebook.com\/spirit.us.deum\"]}]}<\/script>\n<!-- \/ Yoast SEO plugin. -->","yoast_head_json":{"title":"Encens \u00e0 la rose de Damas - Spirit-US","robots":{"index":"index","follow":"follow","max-snippet":"max-snippet:-1","max-image-preview":"max-image-preview:large","max-video-preview":"max-video-preview:-1"},"canonical":"https:\/\/www.spirit-us.eu\/index.php\/produit\/encens-a-la-rose-de-damas\/","og_locale":"fr_FR","og_type":"article","og_title":"Encens \u00e0 la rose de Damas - Spirit-US","og_description":"En utilisant cet encens de myrrhe \u2013 issu de l\u2019arbre \u00e0 myrrhe (le commiphora myrrha) \u2013 parfum\u00e9 \u00e0 la rose de Damas, vous faites l\u2019acquisition d\u2019un encens doublement pr\u00e9cieux. La Myrrhe est un produit utilis\u00e9 depuis des mill\u00e9naires pour honorer le divin, et la rose de Damas est rare, donc pr\u00e9cieuse.\u00a0 Ses vertus sont nombreuses et additionn\u00e9e \u00e0 la myrrhe, elle aide le corps et l\u2019esprit \u00e0 prendre du repos, elle diminue ainsi les agitations nocturnes.\u00a0 Comme tout encens, elle fait fuir les entit\u00e9s et est donc conseill\u00e9e en cas d\u2019\u00e9pisodes de cauchemars ou d\u2019attaques nocturnes par les incubes et les succubes qu\u2019on appelle aussi maris ou femmes de nuit. L\u2019encens \u00e0 la rose de Damas poss\u00e8de la r\u00e9putation ancestrale d\u2019ouvrir l\u2019esprit au monde spirituel, dans son aspect pur et lumineux.\u00a0 On peut aussi l\u2019utiliser en priant sainte Rita, la gu\u00e9risseuse de Dieu, la perle des roses du Cr\u00e9ateur.\u00a0 En ce sens, cet encens est excellent pour accompagner une pri\u00e8re ou une neuvaine \u00e0 sainte Rita de Cascia.","og_url":"https:\/\/www.spirit-us.eu\/index.php\/produit\/encens-a-la-rose-de-damas\/","og_site_name":"Spirit-US","article_publisher":"https:\/\/www.facebook.com\/spirit.us.deum","article_modified_time":"2025-07-25T15:35:06+00:00","og_image":[{"width":469,"height":466,"url":"https:\/\/www.spirit-us.eu\/wp-content\/uploads\/2025\/04\/encens-rose-de-damas.png","type":"image\/png"}],"twitter_card":"summary_large_image","twitter_misc":{"Dur\u00e9e de lecture estim\u00e9e":"1 minute"},"schema":{"@context":"https:\/\/schema.org","@graph":[{"@type":"WebPage","@id":"https:\/\/www.spirit-us.eu\/index.php\/produit\/encens-a-la-rose-de-damas\/","url":"https:\/\/www.spirit-us.eu\/index.php\/produit\/encens-a-la-rose-de-damas\/","name":"Encens \u00e0 la rose de Damas - Spirit-US","isPartOf":{"@id":"https:\/\/www.spirit-us.eu\/#website"},"primaryImageOfPage":{"@id":"https:\/\/www.spirit-us.eu\/index.php\/produit\/encens-a-la-rose-de-damas\/#primaryimage"},"image":{"@id":"https:\/\/www.spirit-us.eu\/index.php\/produit\/encens-a-la-rose-de-damas\/#primaryimage"},"thumbnailUrl":"https:\/\/www.spirit-us.eu\/wp-content\/uploads\/2025\/04\/encens-rose-de-damas.png","datePublished":"2025-04-15T15:01:27+00:00","dateModified":"2025-07-25T15:35:06+00:00","breadcrumb":{"@id":"https:\/\/www.spirit-us.eu\/index.php\/produit\/encens-a-la-rose-de-damas\/#breadcrumb"},"inLanguage":"fr-FR","potentialAction":[{"@type":"ReadAction","target":["https:\/\/www.spirit-us.eu\/index.php\/produit\/encens-a-la-rose-de-damas\/"]}]},{"@type":"ImageObject","inLanguage":"fr-FR","@id":"https:\/\/www.spirit-us.eu\/index.php\/produit\/encens-a-la-rose-de-damas\/#primaryimage","url":"https:\/\/www.spirit-us.eu\/wp-content\/uploads\/2025\/04\/encens-rose-de-damas.png","contentUrl":"https:\/\/www.spirit-us.eu\/wp-content\/uploads\/2025\/04\/encens-rose-de-damas.png","width":469,"height":466},{"@type":"BreadcrumbList","@id":"https:\/\/www.spirit-us.eu\/index.php\/produit\/encens-a-la-rose-de-damas\/#breadcrumb","itemListElement":[{"@type":"ListItem","position":1,"name":"Accueil","item":"https:\/\/www.spirit-us.eu\/"},{"@type":"ListItem","position":2,"name":"Boutique","item":"https:\/\/www.spirit-us.eu\/index.php\/boutique\/"},{"@type":"ListItem","position":3,"name":"Encens \u00e0 la rose de Damas"}]},{"@type":"WebSite","@id":"https:\/\/www.spirit-us.eu\/#website","url":"https:\/\/www.spirit-us.eu\/","name":"Spirit-US","description":"","publisher":{"@id":"https:\/\/www.spirit-us.eu\/#organization"},"potentialAction":[{"@type":"SearchAction","target":{"@type":"EntryPoint","urlTemplate":"https:\/\/www.spirit-us.eu\/?s={search_term_string}"},"query-input":{"@type":"PropertyValueSpecification","valueRequired":true,"valueName":"search_term_string"}}],"inLanguage":"fr-FR"},{"@type":"Organization","@id":"https:\/\/www.spirit-us.eu\/#organization","name":"Spirit-US","url":"https:\/\/www.spirit-us.eu\/","logo":{"@type":"ImageObject","inLanguage":"fr-FR","@id":"https:\/\/www.spirit-us.eu\/#\/schema\/logo\/image\/","url":"https:\/\/www.spirit-us.eu\/wp-content\/uploads\/2025\/11\/logo-regarde-linterlocutrice-sans-arrriere-plan.jpg","contentUrl":"https:\/\/www.spirit-us.eu\/wp-content\/uploads\/2025\/11\/logo-regarde-linterlocutrice-sans-arrriere-plan.jpg","width":1080,"height":1080,"caption":"Spirit-US"},"image":{"@id":"https:\/\/www.spirit-us.eu\/#\/schema\/logo\/image\/"},"sameAs":["https:\/\/www.facebook.com\/spirit.us.deum"]}]}},"jetpack_sharing_enabled":true,"_links":{"self":[{"href":"https:\/\/www.spirit-us.eu\/index.php\/wp-json\/wp\/v2\/product\/849","targetHints":{"allow":["GET"]}}],"collection":[{"href":"https:\/\/www.spirit-us.eu\/index.php\/wp-json\/wp\/v2\/product"}],"about":[{"href":"https:\/\/www.spirit-us.eu\/index.php\/wp-json\/wp\/v2\/types\/product"}],"replies":[{"embeddable":true,"href":"https:\/\/www.spirit-us.eu\/index.php\/wp-json\/wp\/v2\/comments?post=849"}],"wp:featuredmedia":[{"embeddable":true,"href":"https:\/\/www.spirit-us.eu\/index.php\/wp-json\/wp\/v2\/media\/850"}],"wp:attachment":[{"href":"https:\/\/www.spirit-us.eu\/index.php\/wp-json\/wp\/v2\/media?parent=849"}],"wp:term":[{"taxonomy":"product_brand","embeddable":true,"href":"https:\/\/www.spirit-us.eu\/index.php\/wp-json\/wp\/v2\/product_brand?post=849"},{"taxonomy":"product_cat","embeddable":true,"href":"https:\/\/www.spirit-us.eu\/index.php\/wp-json\/wp\/v2\/product_cat?post=849"},{"taxonomy":"product_tag","embeddable":true,"href":"https:\/\/www.spirit-us.eu\/index.php\/wp-json\/wp\/v2\/product_tag?post=849"},{"taxonomy":"mwb_booking_cost","embeddable":true,"href":"https:\/\/www.spirit-us.eu\/index.php\/wp-json\/wp\/v2\/mwb_booking_cost?post=849"},{"taxonomy":"mwb_booking_service","embeddable":true,"href":"https:\/\/www.spirit-us.eu\/index.php\/wp-json\/wp\/v2\/mwb_booking_service?post=849"}],"curies":[{"name":"wp","href":"https:\/\/api.w.org\/{rel}","templated":true}]}}