{"id":845,"date":"2025-04-15T16:32:10","date_gmt":"2025-04-15T14:32:10","guid":{"rendered":"https:\/\/www.spirit-us.eu\/?post_type=product&#038;p=845"},"modified":"2025-04-15T16:42:03","modified_gmt":"2025-04-15T14:42:03","slug":"encens-doliban","status":"publish","type":"product","link":"https:\/\/www.spirit-us.eu\/index.php\/produit\/encens-doliban\/","title":{"rendered":"Encens d\u2019oliban"},"content":{"rendered":"<p><strong>Description :<\/strong><\/p>\n<p><strong>Origine : <\/strong>\u00c9thiopie<\/p>\n<p><strong>Conditionnement\u00a0<\/strong>: sachets herm\u00e9tiques de 300g<\/p>\n<p><strong>Garanti 100% bio<\/strong><\/p>\n<p>Pour br\u00fbler l\u2019encens en grains, voyez nos produits tels que les charbons ( lien : <a href=\"https:\/\/www.spirit-us.eu\/index.php\/produit\/charbons-brule-encens-33-cm-100-pastilles\/\" target=\"_blank\" rel=\"noopener\">https:\/\/www.spirit-us.eu\/index.php\/produit\/charbons-brule-encens-33-cm-100-pastilles\/<\/a> ), et voyez tous nos encensoirs (lien :\u00a0 <a href=\"https:\/\/www.spirit-us.eu\/index.php\/categorie-produit\/tous-les-produits\/encens-decoration\/\" target=\"_blank\" rel=\"noopener\">https:\/\/www.spirit-us.eu\/index.php\/categorie-produit\/tous-les-produits\/encens-decoration\/<\/a>).<\/p>\n<p>&nbsp;<\/p>\n<p>Procurez-vous la c\u00e9r\u00e9monie de b\u00e9n\u00e9diction de l&rsquo;encens, dans notre boutique,\u00a0 par ce lien : <a href=\"https:\/\/www.spirit-us.eu\/index.php\/produit\/benediction-de-lencens\/\" target=\"_blank\" rel=\"noopener\">https:\/\/www.spirit-us.eu\/index.php\/produit\/benediction-de-lencens\/ <\/a>Un livret explicatif est livr\u00e9 avec la b\u00e9n\u00e9diction traditionnelle de l&rsquo;encens.<\/p>\n<p>Suivez aussi la description sur notre cha\u00eene Youtube :<\/p>\n<p>&nbsp;<\/p>\n<div class=\"jetpack-video-wrapper\"><iframe title=\"YOUTUBE Encens fumigations et sauge\" width=\"1140\" height=\"641\" src=\"https:\/\/www.youtube.com\/embed\/0-BlaiX0KHI?feature=oembed\" frameborder=\"0\" allow=\"accelerometer; autoplay; clipboard-write; encrypted-media; gyroscope; picture-in-picture; web-share\" referrerpolicy=\"strict-origin-when-cross-origin\" allowfullscreen><\/iframe><\/div>\n","protected":false},"excerpt":{"rendered":"<p>Encens \u00e9thiopien pur Oliban 3oog. Encens en grains, de haute qualit\u00e9, garanti sans traitements ni parfums ajout\u00e9s, extrait des secr\u00e9tions de la Boswellia sacra d&rsquo;Ethiopie (arbre \u00e0 encens). Confection de 300g.\u00a0 fabriqu\u00e9 \u00e0 partir de la r\u00e9sine de l\u2019arbre Boswellia, apporte la s\u00e9r\u00e9nit\u00e9, dissout la tristesse, les \u00e9tats d\u00e9pressifs et nettoie les champs \u00e9nerg\u00e9tiques impact\u00e9s par la lourdeur \u00e9motionnelle ou par la pr\u00e9sence d\u2019entit\u00e9s nocives. L&rsquo;encens Oliban est utilis\u00e9 depuis des si\u00e8cles pour ses vertus purificatrices.\u00a0La fum\u00e9e qui s\u2019en d\u00e9gage d&rsquo;oliban peut aider \u00e0 purifier l&rsquo;air et \u00e0 \u00e9liminer les mauvaises \u00e9nergies de votre environnement et \u00e9galement d&rsquo;augmenter votre fr\u00e9quence vibratoire en vous d\u00e9livrant des entit\u00e9s environnantes et en vous laissant vous \u00e9lever spirituellement.<\/p>\n<p>&nbsp;<\/p>\n","protected":false},"featured_media":846,"comment_status":"open","ping_status":"closed","template":"","meta":[],"product_brand":[],"product_cat":[165,17],"product_tag":[],"mwb_booking_cost":[],"mwb_booking_service":[],"class_list":{"0":"post-845","1":"product","2":"type-product","3":"status-publish","4":"has-post-thumbnail","6":"product_cat-10-encens","7":"product_cat-tous-les-produits","9":"first","10":"instock","11":"shipping-taxable","12":"purchasable","13":"product-type-simple"},"yoast_head":"<!-- This site is optimized with the Yoast SEO plugin v27.1.1 - https:\/\/yoast.com\/product\/yoast-seo-wordpress\/ -->\n<title>Encens d\u2019oliban - Spirit-US<\/title>\n<meta name=\"robots\" content=\"index, follow, max-snippet:-1, max-image-preview:large, max-video-preview:-1\" \/>\n<link rel=\"canonical\" href=\"https:\/\/www.spirit-us.eu\/index.php\/produit\/encens-doliban\/\" \/>\n<meta property=\"og:locale\" content=\"fr_FR\" \/>\n<meta property=\"og:type\" content=\"article\" \/>\n<meta property=\"og:title\" content=\"Encens d\u2019oliban - Spirit-US\" \/>\n<meta property=\"og:description\" content=\"Encens \u00e9thiopien pur Oliban 3oog. Encens en grains, de haute qualit\u00e9, garanti sans traitements ni parfums ajout\u00e9s, extrait des secr\u00e9tions de la Boswellia sacra d&#039;Ethiopie (arbre \u00e0 encens). Confection de 300g.\u00a0 fabriqu\u00e9 \u00e0 partir de la r\u00e9sine de l\u2019arbre Boswellia, apporte la s\u00e9r\u00e9nit\u00e9, dissout la tristesse, les \u00e9tats d\u00e9pressifs et nettoie les champs \u00e9nerg\u00e9tiques impact\u00e9s par la lourdeur \u00e9motionnelle ou par la pr\u00e9sence d\u2019entit\u00e9s nocives. L&#039;encens Oliban est utilis\u00e9 depuis des si\u00e8cles pour ses vertus purificatrices.\u00a0La fum\u00e9e qui s\u2019en d\u00e9gage d&#039;oliban peut aider \u00e0 purifier l&#039;air et \u00e0 \u00e9liminer les mauvaises \u00e9nergies de votre environnement et \u00e9galement d&#039;augmenter votre fr\u00e9quence vibratoire en vous d\u00e9livrant des entit\u00e9s environnantes et en vous laissant vous \u00e9lever spirituellement.  &nbsp;\" \/>\n<meta property=\"og:url\" content=\"https:\/\/www.spirit-us.eu\/index.php\/produit\/encens-doliban\/\" \/>\n<meta property=\"og:site_name\" content=\"Spirit-US\" \/>\n<meta property=\"article:publisher\" content=\"https:\/\/www.facebook.com\/spirit.us.deum\" \/>\n<meta property=\"article:modified_time\" content=\"2025-04-15T14:42:03+00:00\" \/>\n<meta property=\"og:image\" content=\"https:\/\/www.spirit-us.eu\/wp-content\/uploads\/2025\/04\/encens-oliban.png\" \/>\n\t<meta property=\"og:image:width\" content=\"477\" \/>\n\t<meta property=\"og:image:height\" content=\"476\" \/>\n\t<meta property=\"og:image:type\" content=\"image\/png\" \/>\n<meta name=\"twitter:card\" content=\"summary_large_image\" \/>\n<meta name=\"twitter:label1\" content=\"Dur\u00e9e de lecture estim\u00e9e\" \/>\n\t<meta name=\"twitter:data1\" content=\"1 minute\" \/>\n<script type=\"application\/ld+json\" class=\"yoast-schema-graph\">{\"@context\":\"https:\/\/schema.org\",\"@graph\":[{\"@type\":\"WebPage\",\"@id\":\"https:\/\/www.spirit-us.eu\/index.php\/produit\/encens-doliban\/\",\"url\":\"https:\/\/www.spirit-us.eu\/index.php\/produit\/encens-doliban\/\",\"name\":\"Encens d\u2019oliban - Spirit-US\",\"isPartOf\":{\"@id\":\"https:\/\/www.spirit-us.eu\/#website\"},\"primaryImageOfPage\":{\"@id\":\"https:\/\/www.spirit-us.eu\/index.php\/produit\/encens-doliban\/#primaryimage\"},\"image\":{\"@id\":\"https:\/\/www.spirit-us.eu\/index.php\/produit\/encens-doliban\/#primaryimage\"},\"thumbnailUrl\":\"https:\/\/www.spirit-us.eu\/wp-content\/uploads\/2025\/04\/encens-oliban.png\",\"datePublished\":\"2025-04-15T14:32:10+00:00\",\"dateModified\":\"2025-04-15T14:42:03+00:00\",\"breadcrumb\":{\"@id\":\"https:\/\/www.spirit-us.eu\/index.php\/produit\/encens-doliban\/#breadcrumb\"},\"inLanguage\":\"fr-FR\",\"potentialAction\":[{\"@type\":\"ReadAction\",\"target\":[\"https:\/\/www.spirit-us.eu\/index.php\/produit\/encens-doliban\/\"]}]},{\"@type\":\"ImageObject\",\"inLanguage\":\"fr-FR\",\"@id\":\"https:\/\/www.spirit-us.eu\/index.php\/produit\/encens-doliban\/#primaryimage\",\"url\":\"https:\/\/www.spirit-us.eu\/wp-content\/uploads\/2025\/04\/encens-oliban.png\",\"contentUrl\":\"https:\/\/www.spirit-us.eu\/wp-content\/uploads\/2025\/04\/encens-oliban.png\",\"width\":477,\"height\":476},{\"@type\":\"BreadcrumbList\",\"@id\":\"https:\/\/www.spirit-us.eu\/index.php\/produit\/encens-doliban\/#breadcrumb\",\"itemListElement\":[{\"@type\":\"ListItem\",\"position\":1,\"name\":\"Accueil\",\"item\":\"https:\/\/www.spirit-us.eu\/\"},{\"@type\":\"ListItem\",\"position\":2,\"name\":\"Boutique\",\"item\":\"https:\/\/www.spirit-us.eu\/index.php\/boutique\/\"},{\"@type\":\"ListItem\",\"position\":3,\"name\":\"Encens d\u2019oliban\"}]},{\"@type\":\"WebSite\",\"@id\":\"https:\/\/www.spirit-us.eu\/#website\",\"url\":\"https:\/\/www.spirit-us.eu\/\",\"name\":\"Spirit-US\",\"description\":\"\",\"publisher\":{\"@id\":\"https:\/\/www.spirit-us.eu\/#organization\"},\"potentialAction\":[{\"@type\":\"SearchAction\",\"target\":{\"@type\":\"EntryPoint\",\"urlTemplate\":\"https:\/\/www.spirit-us.eu\/?s={search_term_string}\"},\"query-input\":{\"@type\":\"PropertyValueSpecification\",\"valueRequired\":true,\"valueName\":\"search_term_string\"}}],\"inLanguage\":\"fr-FR\"},{\"@type\":\"Organization\",\"@id\":\"https:\/\/www.spirit-us.eu\/#organization\",\"name\":\"Spirit-US\",\"url\":\"https:\/\/www.spirit-us.eu\/\",\"logo\":{\"@type\":\"ImageObject\",\"inLanguage\":\"fr-FR\",\"@id\":\"https:\/\/www.spirit-us.eu\/#\/schema\/logo\/image\/\",\"url\":\"https:\/\/www.spirit-us.eu\/wp-content\/uploads\/2025\/11\/logo-regarde-linterlocutrice-sans-arrriere-plan.jpg\",\"contentUrl\":\"https:\/\/www.spirit-us.eu\/wp-content\/uploads\/2025\/11\/logo-regarde-linterlocutrice-sans-arrriere-plan.jpg\",\"width\":1080,\"height\":1080,\"caption\":\"Spirit-US\"},\"image\":{\"@id\":\"https:\/\/www.spirit-us.eu\/#\/schema\/logo\/image\/\"},\"sameAs\":[\"https:\/\/www.facebook.com\/spirit.us.deum\"]}]}<\/script>\n<!-- \/ Yoast SEO plugin. -->","yoast_head_json":{"title":"Encens d\u2019oliban - Spirit-US","robots":{"index":"index","follow":"follow","max-snippet":"max-snippet:-1","max-image-preview":"max-image-preview:large","max-video-preview":"max-video-preview:-1"},"canonical":"https:\/\/www.spirit-us.eu\/index.php\/produit\/encens-doliban\/","og_locale":"fr_FR","og_type":"article","og_title":"Encens d\u2019oliban - Spirit-US","og_description":"Encens \u00e9thiopien pur Oliban 3oog. Encens en grains, de haute qualit\u00e9, garanti sans traitements ni parfums ajout\u00e9s, extrait des secr\u00e9tions de la Boswellia sacra d'Ethiopie (arbre \u00e0 encens). Confection de 300g.\u00a0 fabriqu\u00e9 \u00e0 partir de la r\u00e9sine de l\u2019arbre Boswellia, apporte la s\u00e9r\u00e9nit\u00e9, dissout la tristesse, les \u00e9tats d\u00e9pressifs et nettoie les champs \u00e9nerg\u00e9tiques impact\u00e9s par la lourdeur \u00e9motionnelle ou par la pr\u00e9sence d\u2019entit\u00e9s nocives. L'encens Oliban est utilis\u00e9 depuis des si\u00e8cles pour ses vertus purificatrices.\u00a0La fum\u00e9e qui s\u2019en d\u00e9gage d'oliban peut aider \u00e0 purifier l'air et \u00e0 \u00e9liminer les mauvaises \u00e9nergies de votre environnement et \u00e9galement d'augmenter votre fr\u00e9quence vibratoire en vous d\u00e9livrant des entit\u00e9s environnantes et en vous laissant vous \u00e9lever spirituellement.  &nbsp;","og_url":"https:\/\/www.spirit-us.eu\/index.php\/produit\/encens-doliban\/","og_site_name":"Spirit-US","article_publisher":"https:\/\/www.facebook.com\/spirit.us.deum","article_modified_time":"2025-04-15T14:42:03+00:00","og_image":[{"width":477,"height":476,"url":"https:\/\/www.spirit-us.eu\/wp-content\/uploads\/2025\/04\/encens-oliban.png","type":"image\/png"}],"twitter_card":"summary_large_image","twitter_misc":{"Dur\u00e9e de lecture estim\u00e9e":"1 minute"},"schema":{"@context":"https:\/\/schema.org","@graph":[{"@type":"WebPage","@id":"https:\/\/www.spirit-us.eu\/index.php\/produit\/encens-doliban\/","url":"https:\/\/www.spirit-us.eu\/index.php\/produit\/encens-doliban\/","name":"Encens d\u2019oliban - Spirit-US","isPartOf":{"@id":"https:\/\/www.spirit-us.eu\/#website"},"primaryImageOfPage":{"@id":"https:\/\/www.spirit-us.eu\/index.php\/produit\/encens-doliban\/#primaryimage"},"image":{"@id":"https:\/\/www.spirit-us.eu\/index.php\/produit\/encens-doliban\/#primaryimage"},"thumbnailUrl":"https:\/\/www.spirit-us.eu\/wp-content\/uploads\/2025\/04\/encens-oliban.png","datePublished":"2025-04-15T14:32:10+00:00","dateModified":"2025-04-15T14:42:03+00:00","breadcrumb":{"@id":"https:\/\/www.spirit-us.eu\/index.php\/produit\/encens-doliban\/#breadcrumb"},"inLanguage":"fr-FR","potentialAction":[{"@type":"ReadAction","target":["https:\/\/www.spirit-us.eu\/index.php\/produit\/encens-doliban\/"]}]},{"@type":"ImageObject","inLanguage":"fr-FR","@id":"https:\/\/www.spirit-us.eu\/index.php\/produit\/encens-doliban\/#primaryimage","url":"https:\/\/www.spirit-us.eu\/wp-content\/uploads\/2025\/04\/encens-oliban.png","contentUrl":"https:\/\/www.spirit-us.eu\/wp-content\/uploads\/2025\/04\/encens-oliban.png","width":477,"height":476},{"@type":"BreadcrumbList","@id":"https:\/\/www.spirit-us.eu\/index.php\/produit\/encens-doliban\/#breadcrumb","itemListElement":[{"@type":"ListItem","position":1,"name":"Accueil","item":"https:\/\/www.spirit-us.eu\/"},{"@type":"ListItem","position":2,"name":"Boutique","item":"https:\/\/www.spirit-us.eu\/index.php\/boutique\/"},{"@type":"ListItem","position":3,"name":"Encens d\u2019oliban"}]},{"@type":"WebSite","@id":"https:\/\/www.spirit-us.eu\/#website","url":"https:\/\/www.spirit-us.eu\/","name":"Spirit-US","description":"","publisher":{"@id":"https:\/\/www.spirit-us.eu\/#organization"},"potentialAction":[{"@type":"SearchAction","target":{"@type":"EntryPoint","urlTemplate":"https:\/\/www.spirit-us.eu\/?s={search_term_string}"},"query-input":{"@type":"PropertyValueSpecification","valueRequired":true,"valueName":"search_term_string"}}],"inLanguage":"fr-FR"},{"@type":"Organization","@id":"https:\/\/www.spirit-us.eu\/#organization","name":"Spirit-US","url":"https:\/\/www.spirit-us.eu\/","logo":{"@type":"ImageObject","inLanguage":"fr-FR","@id":"https:\/\/www.spirit-us.eu\/#\/schema\/logo\/image\/","url":"https:\/\/www.spirit-us.eu\/wp-content\/uploads\/2025\/11\/logo-regarde-linterlocutrice-sans-arrriere-plan.jpg","contentUrl":"https:\/\/www.spirit-us.eu\/wp-content\/uploads\/2025\/11\/logo-regarde-linterlocutrice-sans-arrriere-plan.jpg","width":1080,"height":1080,"caption":"Spirit-US"},"image":{"@id":"https:\/\/www.spirit-us.eu\/#\/schema\/logo\/image\/"},"sameAs":["https:\/\/www.facebook.com\/spirit.us.deum"]}]}},"jetpack_sharing_enabled":true,"_links":{"self":[{"href":"https:\/\/www.spirit-us.eu\/index.php\/wp-json\/wp\/v2\/product\/845","targetHints":{"allow":["GET"]}}],"collection":[{"href":"https:\/\/www.spirit-us.eu\/index.php\/wp-json\/wp\/v2\/product"}],"about":[{"href":"https:\/\/www.spirit-us.eu\/index.php\/wp-json\/wp\/v2\/types\/product"}],"replies":[{"embeddable":true,"href":"https:\/\/www.spirit-us.eu\/index.php\/wp-json\/wp\/v2\/comments?post=845"}],"wp:featuredmedia":[{"embeddable":true,"href":"https:\/\/www.spirit-us.eu\/index.php\/wp-json\/wp\/v2\/media\/846"}],"wp:attachment":[{"href":"https:\/\/www.spirit-us.eu\/index.php\/wp-json\/wp\/v2\/media?parent=845"}],"wp:term":[{"taxonomy":"product_brand","embeddable":true,"href":"https:\/\/www.spirit-us.eu\/index.php\/wp-json\/wp\/v2\/product_brand?post=845"},{"taxonomy":"product_cat","embeddable":true,"href":"https:\/\/www.spirit-us.eu\/index.php\/wp-json\/wp\/v2\/product_cat?post=845"},{"taxonomy":"product_tag","embeddable":true,"href":"https:\/\/www.spirit-us.eu\/index.php\/wp-json\/wp\/v2\/product_tag?post=845"},{"taxonomy":"mwb_booking_cost","embeddable":true,"href":"https:\/\/www.spirit-us.eu\/index.php\/wp-json\/wp\/v2\/mwb_booking_cost?post=845"},{"taxonomy":"mwb_booking_service","embeddable":true,"href":"https:\/\/www.spirit-us.eu\/index.php\/wp-json\/wp\/v2\/mwb_booking_service?post=845"}],"curies":[{"name":"wp","href":"https:\/\/api.w.org\/{rel}","templated":true}]}}