{"id":829,"date":"2025-04-15T13:39:28","date_gmt":"2025-04-15T11:39:28","guid":{"rendered":"https:\/\/www.spirit-us.eu\/?post_type=product&#038;p=829"},"modified":"2026-03-09T22:14:07","modified_gmt":"2026-03-09T21:14:07","slug":"porte-encens-avec-coupelle-chainette-mobile","status":"publish","type":"product","link":"https:\/\/www.spirit-us.eu\/index.php\/produit\/porte-encens-avec-coupelle-chainette-mobile\/","title":{"rendered":"Porte-encens avec coupelle &#038; cha\u00eenette, mobile"},"content":{"rendered":"<p><strong>Forme :\u00a0 <\/strong>ronde<\/p>\n<p><strong>Mat\u00e9riau<\/strong> : laiton<\/p>\n<p><strong>Couleur\u00a0<\/strong>: dor\u00e9e<\/p>\n<p><strong>Dimensions :<\/strong><\/p>\n<ul>\n<li>hauteur : 9,5cm<\/li>\n<li>hauteur : 9,5cm<\/li>\n<li>diam\u00e8tre : 7,5cm<\/li>\n<li>Longueur de la cha\u00eene : 35cm<\/li>\n<li>Mat\u00e9riau : laiton poli<\/li>\n<\/ul>\n","protected":false},"excerpt":{"rendered":"<p>Magnifique encensoir mobile, en laiton dor\u00e9 du plus bel effet, qui permet d\u2019effectuer les b\u00e9n\u00e9dictions des lieux et des objets en toute qui\u00e9tude.\u00a0 Les cha\u00eenettes permettent de soulever le couvercle ou de le refermer \u00e0 volont\u00e9, pour le charger de chabons, les allumer, et disposer l\u2019encens.\u00a0 Son mat\u00e9riau est inputrescible et insensible \u00e0 l\u2019humidit\u00e9.\u00a0 Le pied permet de poser l\u2019encensoir sans risque de br\u00fblures, mais il faut toutefois veiller \u00e0 \u00e9liminer tout risque li\u00e9 \u00e0 la chaleur de la combustion des charbons qui est de 400\u00b0 Celsius.<\/p>\n","protected":false},"featured_media":830,"comment_status":"open","ping_status":"closed","template":"","meta":[],"product_brand":[],"product_cat":[165,157,17],"product_tag":[],"mwb_booking_cost":[],"mwb_booking_service":[],"class_list":{"0":"post-829","1":"product","2":"type-product","3":"status-publish","4":"has-post-thumbnail","6":"product_cat-10-encens","7":"product_cat-06-rituels-et-protection","8":"product_cat-tous-les-produits","10":"first","11":"instock","12":"shipping-taxable","13":"purchasable","14":"product-type-simple"},"yoast_head":"<!-- This site is optimized with the Yoast SEO plugin v27.1.1 - https:\/\/yoast.com\/product\/yoast-seo-wordpress\/ -->\n<title>Porte-encens avec coupelle &amp; cha\u00eenette, mobile - Spirit-US<\/title>\n<meta name=\"description\" content=\"Magnifique encensoir mobile, en laiton dor\u00e9 du plus bel effet, qui permet d\u2019effectuer les b\u00e9n\u00e9dictions des lieux et des objets en toute qui\u00e9tude.\" \/>\n<meta name=\"robots\" content=\"index, follow, max-snippet:-1, max-image-preview:large, max-video-preview:-1\" \/>\n<link rel=\"canonical\" href=\"https:\/\/www.spirit-us.eu\/index.php\/produit\/porte-encens-avec-coupelle-chainette-mobile\/\" \/>\n<meta property=\"og:locale\" content=\"fr_FR\" \/>\n<meta property=\"og:type\" content=\"article\" \/>\n<meta property=\"og:title\" content=\"Porte-encens avec coupelle &amp; cha\u00eenette, mobile - Spirit-US\" \/>\n<meta property=\"og:description\" content=\"Magnifique encensoir mobile, en laiton dor\u00e9 du plus bel effet, qui permet d\u2019effectuer les b\u00e9n\u00e9dictions des lieux et des objets en toute qui\u00e9tude.\" \/>\n<meta property=\"og:url\" content=\"https:\/\/www.spirit-us.eu\/index.php\/produit\/porte-encens-avec-coupelle-chainette-mobile\/\" \/>\n<meta property=\"og:site_name\" content=\"Spirit-US\" \/>\n<meta property=\"article:publisher\" content=\"https:\/\/www.facebook.com\/spirit.us.deum\" \/>\n<meta property=\"article:modified_time\" content=\"2026-03-09T21:14:07+00:00\" \/>\n<meta property=\"og:image\" content=\"https:\/\/www.spirit-us.eu\/wp-content\/uploads\/2025\/04\/image-produit-brule-encens-mobile.png\" \/>\n\t<meta property=\"og:image:width\" content=\"1080\" \/>\n\t<meta property=\"og:image:height\" content=\"1080\" \/>\n\t<meta property=\"og:image:type\" content=\"image\/png\" \/>\n<meta name=\"twitter:card\" content=\"summary_large_image\" \/>\n<meta name=\"twitter:label1\" content=\"Dur\u00e9e de lecture estim\u00e9e\" \/>\n\t<meta name=\"twitter:data1\" content=\"1 minute\" \/>\n<script type=\"application\/ld+json\" class=\"yoast-schema-graph\">{\"@context\":\"https:\/\/schema.org\",\"@graph\":[{\"@type\":\"WebPage\",\"@id\":\"https:\/\/www.spirit-us.eu\/index.php\/produit\/porte-encens-avec-coupelle-chainette-mobile\/\",\"url\":\"https:\/\/www.spirit-us.eu\/index.php\/produit\/porte-encens-avec-coupelle-chainette-mobile\/\",\"name\":\"Porte-encens avec coupelle & cha\u00eenette, mobile - Spirit-US\",\"isPartOf\":{\"@id\":\"https:\/\/www.spirit-us.eu\/#website\"},\"primaryImageOfPage\":{\"@id\":\"https:\/\/www.spirit-us.eu\/index.php\/produit\/porte-encens-avec-coupelle-chainette-mobile\/#primaryimage\"},\"image\":{\"@id\":\"https:\/\/www.spirit-us.eu\/index.php\/produit\/porte-encens-avec-coupelle-chainette-mobile\/#primaryimage\"},\"thumbnailUrl\":\"https:\/\/www.spirit-us.eu\/wp-content\/uploads\/2025\/04\/image-produit-brule-encens-mobile.png\",\"datePublished\":\"2025-04-15T11:39:28+00:00\",\"dateModified\":\"2026-03-09T21:14:07+00:00\",\"description\":\"Magnifique encensoir mobile, en laiton dor\u00e9 du plus bel effet, qui permet d\u2019effectuer les b\u00e9n\u00e9dictions des lieux et des objets en toute qui\u00e9tude.\",\"breadcrumb\":{\"@id\":\"https:\/\/www.spirit-us.eu\/index.php\/produit\/porte-encens-avec-coupelle-chainette-mobile\/#breadcrumb\"},\"inLanguage\":\"fr-FR\",\"potentialAction\":[{\"@type\":\"ReadAction\",\"target\":[\"https:\/\/www.spirit-us.eu\/index.php\/produit\/porte-encens-avec-coupelle-chainette-mobile\/\"]}]},{\"@type\":\"ImageObject\",\"inLanguage\":\"fr-FR\",\"@id\":\"https:\/\/www.spirit-us.eu\/index.php\/produit\/porte-encens-avec-coupelle-chainette-mobile\/#primaryimage\",\"url\":\"https:\/\/www.spirit-us.eu\/wp-content\/uploads\/2025\/04\/image-produit-brule-encens-mobile.png\",\"contentUrl\":\"https:\/\/www.spirit-us.eu\/wp-content\/uploads\/2025\/04\/image-produit-brule-encens-mobile.png\",\"width\":1080,\"height\":1080},{\"@type\":\"BreadcrumbList\",\"@id\":\"https:\/\/www.spirit-us.eu\/index.php\/produit\/porte-encens-avec-coupelle-chainette-mobile\/#breadcrumb\",\"itemListElement\":[{\"@type\":\"ListItem\",\"position\":1,\"name\":\"Accueil\",\"item\":\"https:\/\/www.spirit-us.eu\/\"},{\"@type\":\"ListItem\",\"position\":2,\"name\":\"Boutique\",\"item\":\"https:\/\/www.spirit-us.eu\/index.php\/boutique\/\"},{\"@type\":\"ListItem\",\"position\":3,\"name\":\"Porte-encens avec coupelle &#038; cha\u00eenette, mobile\"}]},{\"@type\":\"WebSite\",\"@id\":\"https:\/\/www.spirit-us.eu\/#website\",\"url\":\"https:\/\/www.spirit-us.eu\/\",\"name\":\"Spirit-US\",\"description\":\"\",\"publisher\":{\"@id\":\"https:\/\/www.spirit-us.eu\/#organization\"},\"potentialAction\":[{\"@type\":\"SearchAction\",\"target\":{\"@type\":\"EntryPoint\",\"urlTemplate\":\"https:\/\/www.spirit-us.eu\/?s={search_term_string}\"},\"query-input\":{\"@type\":\"PropertyValueSpecification\",\"valueRequired\":true,\"valueName\":\"search_term_string\"}}],\"inLanguage\":\"fr-FR\"},{\"@type\":\"Organization\",\"@id\":\"https:\/\/www.spirit-us.eu\/#organization\",\"name\":\"Spirit-US\",\"url\":\"https:\/\/www.spirit-us.eu\/\",\"logo\":{\"@type\":\"ImageObject\",\"inLanguage\":\"fr-FR\",\"@id\":\"https:\/\/www.spirit-us.eu\/#\/schema\/logo\/image\/\",\"url\":\"https:\/\/www.spirit-us.eu\/wp-content\/uploads\/2025\/11\/logo-regarde-linterlocutrice-sans-arrriere-plan.jpg\",\"contentUrl\":\"https:\/\/www.spirit-us.eu\/wp-content\/uploads\/2025\/11\/logo-regarde-linterlocutrice-sans-arrriere-plan.jpg\",\"width\":1080,\"height\":1080,\"caption\":\"Spirit-US\"},\"image\":{\"@id\":\"https:\/\/www.spirit-us.eu\/#\/schema\/logo\/image\/\"},\"sameAs\":[\"https:\/\/www.facebook.com\/spirit.us.deum\"]}]}<\/script>\n<!-- \/ Yoast SEO plugin. -->","yoast_head_json":{"title":"Porte-encens avec coupelle & cha\u00eenette, mobile - Spirit-US","description":"Magnifique encensoir mobile, en laiton dor\u00e9 du plus bel effet, qui permet d\u2019effectuer les b\u00e9n\u00e9dictions des lieux et des objets en toute qui\u00e9tude.","robots":{"index":"index","follow":"follow","max-snippet":"max-snippet:-1","max-image-preview":"max-image-preview:large","max-video-preview":"max-video-preview:-1"},"canonical":"https:\/\/www.spirit-us.eu\/index.php\/produit\/porte-encens-avec-coupelle-chainette-mobile\/","og_locale":"fr_FR","og_type":"article","og_title":"Porte-encens avec coupelle & cha\u00eenette, mobile - Spirit-US","og_description":"Magnifique encensoir mobile, en laiton dor\u00e9 du plus bel effet, qui permet d\u2019effectuer les b\u00e9n\u00e9dictions des lieux et des objets en toute qui\u00e9tude.","og_url":"https:\/\/www.spirit-us.eu\/index.php\/produit\/porte-encens-avec-coupelle-chainette-mobile\/","og_site_name":"Spirit-US","article_publisher":"https:\/\/www.facebook.com\/spirit.us.deum","article_modified_time":"2026-03-09T21:14:07+00:00","og_image":[{"width":1080,"height":1080,"url":"https:\/\/www.spirit-us.eu\/wp-content\/uploads\/2025\/04\/image-produit-brule-encens-mobile.png","type":"image\/png"}],"twitter_card":"summary_large_image","twitter_misc":{"Dur\u00e9e de lecture estim\u00e9e":"1 minute"},"schema":{"@context":"https:\/\/schema.org","@graph":[{"@type":"WebPage","@id":"https:\/\/www.spirit-us.eu\/index.php\/produit\/porte-encens-avec-coupelle-chainette-mobile\/","url":"https:\/\/www.spirit-us.eu\/index.php\/produit\/porte-encens-avec-coupelle-chainette-mobile\/","name":"Porte-encens avec coupelle & cha\u00eenette, mobile - Spirit-US","isPartOf":{"@id":"https:\/\/www.spirit-us.eu\/#website"},"primaryImageOfPage":{"@id":"https:\/\/www.spirit-us.eu\/index.php\/produit\/porte-encens-avec-coupelle-chainette-mobile\/#primaryimage"},"image":{"@id":"https:\/\/www.spirit-us.eu\/index.php\/produit\/porte-encens-avec-coupelle-chainette-mobile\/#primaryimage"},"thumbnailUrl":"https:\/\/www.spirit-us.eu\/wp-content\/uploads\/2025\/04\/image-produit-brule-encens-mobile.png","datePublished":"2025-04-15T11:39:28+00:00","dateModified":"2026-03-09T21:14:07+00:00","description":"Magnifique encensoir mobile, en laiton dor\u00e9 du plus bel effet, qui permet d\u2019effectuer les b\u00e9n\u00e9dictions des lieux et des objets en toute qui\u00e9tude.","breadcrumb":{"@id":"https:\/\/www.spirit-us.eu\/index.php\/produit\/porte-encens-avec-coupelle-chainette-mobile\/#breadcrumb"},"inLanguage":"fr-FR","potentialAction":[{"@type":"ReadAction","target":["https:\/\/www.spirit-us.eu\/index.php\/produit\/porte-encens-avec-coupelle-chainette-mobile\/"]}]},{"@type":"ImageObject","inLanguage":"fr-FR","@id":"https:\/\/www.spirit-us.eu\/index.php\/produit\/porte-encens-avec-coupelle-chainette-mobile\/#primaryimage","url":"https:\/\/www.spirit-us.eu\/wp-content\/uploads\/2025\/04\/image-produit-brule-encens-mobile.png","contentUrl":"https:\/\/www.spirit-us.eu\/wp-content\/uploads\/2025\/04\/image-produit-brule-encens-mobile.png","width":1080,"height":1080},{"@type":"BreadcrumbList","@id":"https:\/\/www.spirit-us.eu\/index.php\/produit\/porte-encens-avec-coupelle-chainette-mobile\/#breadcrumb","itemListElement":[{"@type":"ListItem","position":1,"name":"Accueil","item":"https:\/\/www.spirit-us.eu\/"},{"@type":"ListItem","position":2,"name":"Boutique","item":"https:\/\/www.spirit-us.eu\/index.php\/boutique\/"},{"@type":"ListItem","position":3,"name":"Porte-encens avec coupelle &#038; cha\u00eenette, mobile"}]},{"@type":"WebSite","@id":"https:\/\/www.spirit-us.eu\/#website","url":"https:\/\/www.spirit-us.eu\/","name":"Spirit-US","description":"","publisher":{"@id":"https:\/\/www.spirit-us.eu\/#organization"},"potentialAction":[{"@type":"SearchAction","target":{"@type":"EntryPoint","urlTemplate":"https:\/\/www.spirit-us.eu\/?s={search_term_string}"},"query-input":{"@type":"PropertyValueSpecification","valueRequired":true,"valueName":"search_term_string"}}],"inLanguage":"fr-FR"},{"@type":"Organization","@id":"https:\/\/www.spirit-us.eu\/#organization","name":"Spirit-US","url":"https:\/\/www.spirit-us.eu\/","logo":{"@type":"ImageObject","inLanguage":"fr-FR","@id":"https:\/\/www.spirit-us.eu\/#\/schema\/logo\/image\/","url":"https:\/\/www.spirit-us.eu\/wp-content\/uploads\/2025\/11\/logo-regarde-linterlocutrice-sans-arrriere-plan.jpg","contentUrl":"https:\/\/www.spirit-us.eu\/wp-content\/uploads\/2025\/11\/logo-regarde-linterlocutrice-sans-arrriere-plan.jpg","width":1080,"height":1080,"caption":"Spirit-US"},"image":{"@id":"https:\/\/www.spirit-us.eu\/#\/schema\/logo\/image\/"},"sameAs":["https:\/\/www.facebook.com\/spirit.us.deum"]}]}},"jetpack_sharing_enabled":true,"_links":{"self":[{"href":"https:\/\/www.spirit-us.eu\/index.php\/wp-json\/wp\/v2\/product\/829","targetHints":{"allow":["GET"]}}],"collection":[{"href":"https:\/\/www.spirit-us.eu\/index.php\/wp-json\/wp\/v2\/product"}],"about":[{"href":"https:\/\/www.spirit-us.eu\/index.php\/wp-json\/wp\/v2\/types\/product"}],"replies":[{"embeddable":true,"href":"https:\/\/www.spirit-us.eu\/index.php\/wp-json\/wp\/v2\/comments?post=829"}],"wp:featuredmedia":[{"embeddable":true,"href":"https:\/\/www.spirit-us.eu\/index.php\/wp-json\/wp\/v2\/media\/830"}],"wp:attachment":[{"href":"https:\/\/www.spirit-us.eu\/index.php\/wp-json\/wp\/v2\/media?parent=829"}],"wp:term":[{"taxonomy":"product_brand","embeddable":true,"href":"https:\/\/www.spirit-us.eu\/index.php\/wp-json\/wp\/v2\/product_brand?post=829"},{"taxonomy":"product_cat","embeddable":true,"href":"https:\/\/www.spirit-us.eu\/index.php\/wp-json\/wp\/v2\/product_cat?post=829"},{"taxonomy":"product_tag","embeddable":true,"href":"https:\/\/www.spirit-us.eu\/index.php\/wp-json\/wp\/v2\/product_tag?post=829"},{"taxonomy":"mwb_booking_cost","embeddable":true,"href":"https:\/\/www.spirit-us.eu\/index.php\/wp-json\/wp\/v2\/mwb_booking_cost?post=829"},{"taxonomy":"mwb_booking_service","embeddable":true,"href":"https:\/\/www.spirit-us.eu\/index.php\/wp-json\/wp\/v2\/mwb_booking_service?post=829"}],"curies":[{"name":"wp","href":"https:\/\/api.w.org\/{rel}","templated":true}]}}