{"id":827,"date":"2025-04-15T13:15:55","date_gmt":"2025-04-15T11:15:55","guid":{"rendered":"https:\/\/www.spirit-us.eu\/?post_type=product&#038;p=827"},"modified":"2026-03-09T22:07:36","modified_gmt":"2026-03-09T21:07:36","slug":"charbons-brule-encens-33-cm-100-pastilles","status":"publish","type":"product","link":"https:\/\/www.spirit-us.eu\/index.php\/produit\/charbons-brule-encens-33-cm-100-pastilles\/","title":{"rendered":"Charbons br\u00fble-encens 3,3 cm 100 pastilles"},"content":{"rendered":"<p><strong>Dimensions<\/strong>\u00a0: bo\u00eete en carton recycl\u00e9 de 16,5 cm de long, 14 cm de large, 7 cm de hauteur<\/p>\n<p><strong>Conditionnement de l\u2019emballage<\/strong>\u00a0: 10 cylindres de 10 charbons en aluminium r\u00e9sistant \u00e0 l\u2019humidit\u00e9<\/p>\n<p><strong>Pastille de charbon ardent<\/strong>\u00a0: 3,3cm de diam\u00e8tre, pour 1cm d\u2019\u00e9paisseur<\/p>\n<p><strong>Poids du colis<\/strong>\u00a0: 1kg<\/p>\n<p>Pour ceux et celles qui n&rsquo;ont jamais utilis\u00e9 de chabons ardents, voici une vid\u00e9o courte et bien faite.<\/p>\n<p>Description allumage\u00a0: yt <a href=\"https:\/\/www.youtube.com\/watch?v=l6Cark2zZDk\" target=\"_blank\" rel=\"noopener\">https:\/\/www.youtube.com\/watch?v=l6Cark2zZDk<\/a><\/p>\n","protected":false},"excerpt":{"rendered":"<p>Indissociables des encensoirs s\u00e9rieux et des br\u00fble-encens rituels, voici les meilleurs charbons ardents, de marque <strong><em>Christus<\/em><\/strong>, fabriqu\u00e9s en Italie &amp; en Gr\u00e8ce.\u00a0 Combustion de longue dur\u00e9e, convient pour les petits br\u00fble-encens et peut br\u00fbler deux grains \u00e0 la fois. Conditionn\u00e9 en petits emballages d\u2019aluminium de 10 pi\u00e8ces. La bo\u00eete contient 100 charbons ardents.<\/p>\n<p>Pour une parfaite utilisation, en s\u00e9curit\u00e9 (car un charbon ardent a une valeur de combustion de 500\u00b0 Centigrade), r\u00e9f\u00e9rez-vous \u00e0 la vid\u00e9o dans la description.<\/p>\n<p>Une fois ouverts, les charbons craignent l\u2019humidit\u00e9.<\/p>\n","protected":false},"featured_media":828,"comment_status":"open","ping_status":"closed","template":"","meta":[],"product_brand":[],"product_cat":[165,17],"product_tag":[],"mwb_booking_cost":[],"mwb_booking_service":[],"class_list":{"0":"post-827","1":"product","2":"type-product","3":"status-publish","4":"has-post-thumbnail","6":"product_cat-10-encens","7":"product_cat-tous-les-produits","9":"first","10":"instock","11":"shipping-taxable","12":"purchasable","13":"product-type-simple"},"yoast_head":"<!-- This site is optimized with the Yoast SEO plugin v27.1.1 - https:\/\/yoast.com\/product\/yoast-seo-wordpress\/ -->\n<title>Charbons br\u00fble-encens 3,3 cm 100 pastilles - Spirit-US<\/title>\n<meta name=\"description\" content=\"charbons pour br\u00fbler l&#039;encens en grains, conseill\u00e9 lorsqu&#039;on b\u00e9nit les maisons, les personnes ou les entreprises\/commerces\" \/>\n<meta name=\"robots\" content=\"index, follow, max-snippet:-1, max-image-preview:large, max-video-preview:-1\" \/>\n<link rel=\"canonical\" href=\"https:\/\/www.spirit-us.eu\/index.php\/produit\/charbons-brule-encens-33-cm-100-pastilles\/\" \/>\n<meta property=\"og:locale\" content=\"fr_FR\" \/>\n<meta property=\"og:type\" content=\"article\" \/>\n<meta property=\"og:title\" content=\"Charbons br\u00fble-encens 3,3 cm 100 pastilles - Spirit-US\" \/>\n<meta property=\"og:description\" content=\"charbons pour br\u00fbler l&#039;encens en grains, conseill\u00e9 lorsqu&#039;on b\u00e9nit les maisons, les personnes ou les entreprises\/commerces\" \/>\n<meta property=\"og:url\" content=\"https:\/\/www.spirit-us.eu\/index.php\/produit\/charbons-brule-encens-33-cm-100-pastilles\/\" \/>\n<meta property=\"og:site_name\" content=\"Spirit-US\" \/>\n<meta property=\"article:publisher\" content=\"https:\/\/www.facebook.com\/spirit.us.deum\" \/>\n<meta property=\"article:modified_time\" content=\"2026-03-09T21:07:36+00:00\" \/>\n<meta property=\"og:image\" content=\"https:\/\/www.spirit-us.eu\/wp-content\/uploads\/2025\/04\/charbons-brule-encens-image-2.jpg\" \/>\n\t<meta property=\"og:image:width\" content=\"500\" \/>\n\t<meta property=\"og:image:height\" content=\"500\" \/>\n\t<meta property=\"og:image:type\" content=\"image\/jpeg\" \/>\n<meta name=\"twitter:card\" content=\"summary_large_image\" \/>\n<meta name=\"twitter:label1\" content=\"Dur\u00e9e de lecture estim\u00e9e\" \/>\n\t<meta name=\"twitter:data1\" content=\"1 minute\" \/>\n<script type=\"application\/ld+json\" class=\"yoast-schema-graph\">{\"@context\":\"https:\/\/schema.org\",\"@graph\":[{\"@type\":\"WebPage\",\"@id\":\"https:\/\/www.spirit-us.eu\/index.php\/produit\/charbons-brule-encens-33-cm-100-pastilles\/\",\"url\":\"https:\/\/www.spirit-us.eu\/index.php\/produit\/charbons-brule-encens-33-cm-100-pastilles\/\",\"name\":\"Charbons br\u00fble-encens 3,3 cm 100 pastilles - Spirit-US\",\"isPartOf\":{\"@id\":\"https:\/\/www.spirit-us.eu\/#website\"},\"primaryImageOfPage\":{\"@id\":\"https:\/\/www.spirit-us.eu\/index.php\/produit\/charbons-brule-encens-33-cm-100-pastilles\/#primaryimage\"},\"image\":{\"@id\":\"https:\/\/www.spirit-us.eu\/index.php\/produit\/charbons-brule-encens-33-cm-100-pastilles\/#primaryimage\"},\"thumbnailUrl\":\"https:\/\/www.spirit-us.eu\/wp-content\/uploads\/2025\/04\/charbons-brule-encens-image-2.jpg\",\"datePublished\":\"2025-04-15T11:15:55+00:00\",\"dateModified\":\"2026-03-09T21:07:36+00:00\",\"description\":\"charbons pour br\u00fbler l'encens en grains, conseill\u00e9 lorsqu'on b\u00e9nit les maisons, les personnes ou les entreprises\/commerces\",\"breadcrumb\":{\"@id\":\"https:\/\/www.spirit-us.eu\/index.php\/produit\/charbons-brule-encens-33-cm-100-pastilles\/#breadcrumb\"},\"inLanguage\":\"fr-FR\",\"potentialAction\":[{\"@type\":\"ReadAction\",\"target\":[\"https:\/\/www.spirit-us.eu\/index.php\/produit\/charbons-brule-encens-33-cm-100-pastilles\/\"]}]},{\"@type\":\"ImageObject\",\"inLanguage\":\"fr-FR\",\"@id\":\"https:\/\/www.spirit-us.eu\/index.php\/produit\/charbons-brule-encens-33-cm-100-pastilles\/#primaryimage\",\"url\":\"https:\/\/www.spirit-us.eu\/wp-content\/uploads\/2025\/04\/charbons-brule-encens-image-2.jpg\",\"contentUrl\":\"https:\/\/www.spirit-us.eu\/wp-content\/uploads\/2025\/04\/charbons-brule-encens-image-2.jpg\",\"width\":500,\"height\":500},{\"@type\":\"BreadcrumbList\",\"@id\":\"https:\/\/www.spirit-us.eu\/index.php\/produit\/charbons-brule-encens-33-cm-100-pastilles\/#breadcrumb\",\"itemListElement\":[{\"@type\":\"ListItem\",\"position\":1,\"name\":\"Accueil\",\"item\":\"https:\/\/www.spirit-us.eu\/\"},{\"@type\":\"ListItem\",\"position\":2,\"name\":\"Boutique\",\"item\":\"https:\/\/www.spirit-us.eu\/index.php\/boutique\/\"},{\"@type\":\"ListItem\",\"position\":3,\"name\":\"Charbons br\u00fble-encens 3,3 cm 100 pastilles\"}]},{\"@type\":\"WebSite\",\"@id\":\"https:\/\/www.spirit-us.eu\/#website\",\"url\":\"https:\/\/www.spirit-us.eu\/\",\"name\":\"Spirit-US\",\"description\":\"\",\"publisher\":{\"@id\":\"https:\/\/www.spirit-us.eu\/#organization\"},\"potentialAction\":[{\"@type\":\"SearchAction\",\"target\":{\"@type\":\"EntryPoint\",\"urlTemplate\":\"https:\/\/www.spirit-us.eu\/?s={search_term_string}\"},\"query-input\":{\"@type\":\"PropertyValueSpecification\",\"valueRequired\":true,\"valueName\":\"search_term_string\"}}],\"inLanguage\":\"fr-FR\"},{\"@type\":\"Organization\",\"@id\":\"https:\/\/www.spirit-us.eu\/#organization\",\"name\":\"Spirit-US\",\"url\":\"https:\/\/www.spirit-us.eu\/\",\"logo\":{\"@type\":\"ImageObject\",\"inLanguage\":\"fr-FR\",\"@id\":\"https:\/\/www.spirit-us.eu\/#\/schema\/logo\/image\/\",\"url\":\"https:\/\/www.spirit-us.eu\/wp-content\/uploads\/2025\/11\/logo-regarde-linterlocutrice-sans-arrriere-plan.jpg\",\"contentUrl\":\"https:\/\/www.spirit-us.eu\/wp-content\/uploads\/2025\/11\/logo-regarde-linterlocutrice-sans-arrriere-plan.jpg\",\"width\":1080,\"height\":1080,\"caption\":\"Spirit-US\"},\"image\":{\"@id\":\"https:\/\/www.spirit-us.eu\/#\/schema\/logo\/image\/\"},\"sameAs\":[\"https:\/\/www.facebook.com\/spirit.us.deum\"]}]}<\/script>\n<!-- \/ Yoast SEO plugin. -->","yoast_head_json":{"title":"Charbons br\u00fble-encens 3,3 cm 100 pastilles - Spirit-US","description":"charbons pour br\u00fbler l'encens en grains, conseill\u00e9 lorsqu'on b\u00e9nit les maisons, les personnes ou les entreprises\/commerces","robots":{"index":"index","follow":"follow","max-snippet":"max-snippet:-1","max-image-preview":"max-image-preview:large","max-video-preview":"max-video-preview:-1"},"canonical":"https:\/\/www.spirit-us.eu\/index.php\/produit\/charbons-brule-encens-33-cm-100-pastilles\/","og_locale":"fr_FR","og_type":"article","og_title":"Charbons br\u00fble-encens 3,3 cm 100 pastilles - Spirit-US","og_description":"charbons pour br\u00fbler l'encens en grains, conseill\u00e9 lorsqu'on b\u00e9nit les maisons, les personnes ou les entreprises\/commerces","og_url":"https:\/\/www.spirit-us.eu\/index.php\/produit\/charbons-brule-encens-33-cm-100-pastilles\/","og_site_name":"Spirit-US","article_publisher":"https:\/\/www.facebook.com\/spirit.us.deum","article_modified_time":"2026-03-09T21:07:36+00:00","og_image":[{"width":500,"height":500,"url":"https:\/\/www.spirit-us.eu\/wp-content\/uploads\/2025\/04\/charbons-brule-encens-image-2.jpg","type":"image\/jpeg"}],"twitter_card":"summary_large_image","twitter_misc":{"Dur\u00e9e de lecture estim\u00e9e":"1 minute"},"schema":{"@context":"https:\/\/schema.org","@graph":[{"@type":"WebPage","@id":"https:\/\/www.spirit-us.eu\/index.php\/produit\/charbons-brule-encens-33-cm-100-pastilles\/","url":"https:\/\/www.spirit-us.eu\/index.php\/produit\/charbons-brule-encens-33-cm-100-pastilles\/","name":"Charbons br\u00fble-encens 3,3 cm 100 pastilles - Spirit-US","isPartOf":{"@id":"https:\/\/www.spirit-us.eu\/#website"},"primaryImageOfPage":{"@id":"https:\/\/www.spirit-us.eu\/index.php\/produit\/charbons-brule-encens-33-cm-100-pastilles\/#primaryimage"},"image":{"@id":"https:\/\/www.spirit-us.eu\/index.php\/produit\/charbons-brule-encens-33-cm-100-pastilles\/#primaryimage"},"thumbnailUrl":"https:\/\/www.spirit-us.eu\/wp-content\/uploads\/2025\/04\/charbons-brule-encens-image-2.jpg","datePublished":"2025-04-15T11:15:55+00:00","dateModified":"2026-03-09T21:07:36+00:00","description":"charbons pour br\u00fbler l'encens en grains, conseill\u00e9 lorsqu'on b\u00e9nit les maisons, les personnes ou les entreprises\/commerces","breadcrumb":{"@id":"https:\/\/www.spirit-us.eu\/index.php\/produit\/charbons-brule-encens-33-cm-100-pastilles\/#breadcrumb"},"inLanguage":"fr-FR","potentialAction":[{"@type":"ReadAction","target":["https:\/\/www.spirit-us.eu\/index.php\/produit\/charbons-brule-encens-33-cm-100-pastilles\/"]}]},{"@type":"ImageObject","inLanguage":"fr-FR","@id":"https:\/\/www.spirit-us.eu\/index.php\/produit\/charbons-brule-encens-33-cm-100-pastilles\/#primaryimage","url":"https:\/\/www.spirit-us.eu\/wp-content\/uploads\/2025\/04\/charbons-brule-encens-image-2.jpg","contentUrl":"https:\/\/www.spirit-us.eu\/wp-content\/uploads\/2025\/04\/charbons-brule-encens-image-2.jpg","width":500,"height":500},{"@type":"BreadcrumbList","@id":"https:\/\/www.spirit-us.eu\/index.php\/produit\/charbons-brule-encens-33-cm-100-pastilles\/#breadcrumb","itemListElement":[{"@type":"ListItem","position":1,"name":"Accueil","item":"https:\/\/www.spirit-us.eu\/"},{"@type":"ListItem","position":2,"name":"Boutique","item":"https:\/\/www.spirit-us.eu\/index.php\/boutique\/"},{"@type":"ListItem","position":3,"name":"Charbons br\u00fble-encens 3,3 cm 100 pastilles"}]},{"@type":"WebSite","@id":"https:\/\/www.spirit-us.eu\/#website","url":"https:\/\/www.spirit-us.eu\/","name":"Spirit-US","description":"","publisher":{"@id":"https:\/\/www.spirit-us.eu\/#organization"},"potentialAction":[{"@type":"SearchAction","target":{"@type":"EntryPoint","urlTemplate":"https:\/\/www.spirit-us.eu\/?s={search_term_string}"},"query-input":{"@type":"PropertyValueSpecification","valueRequired":true,"valueName":"search_term_string"}}],"inLanguage":"fr-FR"},{"@type":"Organization","@id":"https:\/\/www.spirit-us.eu\/#organization","name":"Spirit-US","url":"https:\/\/www.spirit-us.eu\/","logo":{"@type":"ImageObject","inLanguage":"fr-FR","@id":"https:\/\/www.spirit-us.eu\/#\/schema\/logo\/image\/","url":"https:\/\/www.spirit-us.eu\/wp-content\/uploads\/2025\/11\/logo-regarde-linterlocutrice-sans-arrriere-plan.jpg","contentUrl":"https:\/\/www.spirit-us.eu\/wp-content\/uploads\/2025\/11\/logo-regarde-linterlocutrice-sans-arrriere-plan.jpg","width":1080,"height":1080,"caption":"Spirit-US"},"image":{"@id":"https:\/\/www.spirit-us.eu\/#\/schema\/logo\/image\/"},"sameAs":["https:\/\/www.facebook.com\/spirit.us.deum"]}]}},"jetpack_sharing_enabled":true,"_links":{"self":[{"href":"https:\/\/www.spirit-us.eu\/index.php\/wp-json\/wp\/v2\/product\/827","targetHints":{"allow":["GET"]}}],"collection":[{"href":"https:\/\/www.spirit-us.eu\/index.php\/wp-json\/wp\/v2\/product"}],"about":[{"href":"https:\/\/www.spirit-us.eu\/index.php\/wp-json\/wp\/v2\/types\/product"}],"replies":[{"embeddable":true,"href":"https:\/\/www.spirit-us.eu\/index.php\/wp-json\/wp\/v2\/comments?post=827"}],"wp:featuredmedia":[{"embeddable":true,"href":"https:\/\/www.spirit-us.eu\/index.php\/wp-json\/wp\/v2\/media\/828"}],"wp:attachment":[{"href":"https:\/\/www.spirit-us.eu\/index.php\/wp-json\/wp\/v2\/media?parent=827"}],"wp:term":[{"taxonomy":"product_brand","embeddable":true,"href":"https:\/\/www.spirit-us.eu\/index.php\/wp-json\/wp\/v2\/product_brand?post=827"},{"taxonomy":"product_cat","embeddable":true,"href":"https:\/\/www.spirit-us.eu\/index.php\/wp-json\/wp\/v2\/product_cat?post=827"},{"taxonomy":"product_tag","embeddable":true,"href":"https:\/\/www.spirit-us.eu\/index.php\/wp-json\/wp\/v2\/product_tag?post=827"},{"taxonomy":"mwb_booking_cost","embeddable":true,"href":"https:\/\/www.spirit-us.eu\/index.php\/wp-json\/wp\/v2\/mwb_booking_cost?post=827"},{"taxonomy":"mwb_booking_service","embeddable":true,"href":"https:\/\/www.spirit-us.eu\/index.php\/wp-json\/wp\/v2\/mwb_booking_service?post=827"}],"curies":[{"name":"wp","href":"https:\/\/api.w.org\/{rel}","templated":true}]}}