{"id":760,"date":"2025-03-11T14:18:44","date_gmt":"2025-03-11T13:18:44","guid":{"rendered":"https:\/\/www.spirit-us.eu\/?post_type=product&#038;p=760"},"modified":"2026-01-05T21:25:01","modified_gmt":"2026-01-05T20:25:01","slug":"benediction-de-lencens","status":"publish","type":"product","link":"https:\/\/www.spirit-us.eu\/index.php\/produit\/benediction-de-lencens\/","title":{"rendered":"B\u00e9n\u00e9diction de l&rsquo;ENCENS"},"content":{"rendered":"<p><strong>DESCRIPTION<\/strong><\/p>\n<p><strong>Audio mp3<\/strong>\u00a0: Antiques et secrets exorcisme &amp; b\u00e9n\u00e9diction de l\u2019eau<\/p>\n<p><strong>Dur\u00e9e<\/strong>\u00a0: 18 minutes<\/p>\n<p><strong>Sources<\/strong>\u00a0: Manuel des exorcismes de l\u2019\u00e9glise, \u00e9dition de Tournai (17<sup>\u00e8me<\/sup> si\u00e8cle)\u00a0; Livre secret des grands exorcismes inspir\u00e9s de Jean Semp\u00e9 et de louys Ernest Houssay\u00a0(19<sup>\u00e8me<\/sup> si\u00e8cle)<\/p>\n<p><strong>Auteure de la compilation et du texte d\u00e9finitif<\/strong>\u00a0: Lola Lacroix<\/p>\n<p><strong>Musique<\/strong> : audio mont\u00e9 avec musique sacr\u00e9e de<\/p>\n<p>Pour en savoir plus, voyez la vid\u00e9o\u00a0: <a href=\"https:\/\/www.youtube.com\/@exorciser-liberer-guerir\">https:\/\/www.youtube.com\/@exorciser-liberer-guerir<\/a><\/p>\n<p>Ce qui m\u2019a conduite \u00e0 mettre \u00e0 disposition de tous, les b\u00e9n\u00e9dictions les mieux con\u00e7ues pour les \u00e9l\u00e9ments de rituels et de b\u00e9n\u00e9dictions, trouve sa raison dans la grande \u00e9pid\u00e9mie de 2020. A cette \u00e9poque tous les lieux de cultes \u00e9taient ferm\u00e9s et il \u00e9tait devenu impossible de recueillir les \u00e9l\u00e9ments n\u00e9cessaires aux b\u00e9n\u00e9dictions du quotidien ou exceptionnelles.\u00a0 J\u2019ai re\u00e7u l\u2019autorisation de divulguer au plus grand nombre ces exorcismes.<\/p>\n","protected":false},"excerpt":{"rendered":"<p>Enregistrement audio mp3 d\u2019une dur\u00e9e de 15 minutes avec musique, pour b\u00e9nir, consacrer et exorciser l\u2019encens, l\u2019encensoir, les charbons ardents et le feu dans lequel on br\u00fble les objets \u00ab\u00a0charg\u00e9s\u00a0\u00bb de mal\u00e9dictions. L\u2019audio de b\u00e9n\u00e9diction et d\u2019exorcisme vous permettront de disposer en permanence des \u00e9l\u00e9ments b\u00e9nis et exorcis\u00e9s, pour magnifier vos pri\u00e8res et les pr\u00e9senter au divin dans de parfaites conditions. Il convient n\u00e9anmoins de respecter un ensemble de r\u00e8gles d\u00e9crites dans le livret joint \u00e0 l\u2019audio en t\u00e9l\u00e9chargement.\u00a0 Pour un r\u00e9sultat optimal, il vous suffit de pr\u00e9parer l\u2019encens de myrrhe, l\u2019encensoir, les charbons \u00e0 consacrer, sur une table ou sur votre autel; de vous recueillir, d\u2019\u00e9couter l\u2019audio, de le laisser agir dans l\u2019Esprit;\u00a0 ensuite, de suivre les quelques instructions donn\u00e9es. Vos offrandes &amp; les objets indispensables \u00e0 leur utilisation, seront ainsi pr\u00eats \u00e0 l\u2019emploi.<\/p>\n<p>Les r\u00e8gles et les pri\u00e8res s\u00e9culaires vous sont d\u00e9voil\u00e9es ici dans leur int\u00e9gralit\u00e9. Elles servent uniquement \u00e0 un usage priv\u00e9, dans les travaux de b\u00e9n\u00e9diction et de Lumi\u00e8re.<\/p>\n","protected":false},"featured_media":1540,"comment_status":"open","ping_status":"closed","template":"","meta":[],"product_brand":[],"product_cat":[165,157,166,17],"product_tag":[],"mwb_booking_cost":[],"mwb_booking_service":[],"class_list":{"0":"post-760","1":"product","2":"type-product","3":"status-publish","4":"has-post-thumbnail","6":"product_cat-10-encens","7":"product_cat-06-rituels-et-protection","8":"product_cat-07-spiritualite-et-benedictions","9":"product_cat-tous-les-produits","11":"first","12":"instock","13":"downloadable","14":"virtual","15":"purchasable","16":"product-type-simple"},"yoast_head":"<!-- This site is optimized with the Yoast SEO plugin v27.1.1 - https:\/\/yoast.com\/product\/yoast-seo-wordpress\/ -->\n<title>B\u00e9n\u00e9diction de l&#039;ENCENS - Spirit-US<\/title>\n<meta name=\"robots\" content=\"index, follow, max-snippet:-1, max-image-preview:large, max-video-preview:-1\" \/>\n<link rel=\"canonical\" href=\"https:\/\/www.spirit-us.eu\/index.php\/produit\/benediction-de-lencens\/\" \/>\n<meta property=\"og:locale\" content=\"fr_FR\" \/>\n<meta property=\"og:type\" content=\"article\" \/>\n<meta property=\"og:title\" content=\"B\u00e9n\u00e9diction de l&#039;ENCENS - Spirit-US\" \/>\n<meta property=\"og:description\" content=\"Enregistrement audio mp3 d\u2019une dur\u00e9e de 15 minutes avec musique, pour b\u00e9nir, consacrer et exorciser l\u2019encens, l\u2019encensoir, les charbons ardents et le feu dans lequel on br\u00fble les objets \u00ab\u00a0charg\u00e9s\u00a0\u00bb de mal\u00e9dictions. L\u2019audio de b\u00e9n\u00e9diction et d\u2019exorcisme vous permettront de disposer en permanence des \u00e9l\u00e9ments b\u00e9nis et exorcis\u00e9s, pour magnifier vos pri\u00e8res et les pr\u00e9senter au divin dans de parfaites conditions. Il convient n\u00e9anmoins de respecter un ensemble de r\u00e8gles d\u00e9crites dans le livret joint \u00e0 l\u2019audio en t\u00e9l\u00e9chargement.\u00a0 Pour un r\u00e9sultat optimal, il vous suffit de pr\u00e9parer l\u2019encens de myrrhe, l\u2019encensoir, les charbons \u00e0 consacrer, sur une table ou sur votre autel; de vous recueillir, d\u2019\u00e9couter l\u2019audio, de le laisser agir dans l\u2019Esprit;\u00a0 ensuite, de suivre les quelques instructions donn\u00e9es. Vos offrandes &amp; les objets indispensables \u00e0 leur utilisation, seront ainsi pr\u00eats \u00e0 l\u2019emploi.  Les r\u00e8gles et les pri\u00e8res s\u00e9culaires vous sont d\u00e9voil\u00e9es ici dans leur int\u00e9gralit\u00e9. Elles servent uniquement \u00e0 un usage priv\u00e9, dans les travaux de b\u00e9n\u00e9diction et de Lumi\u00e8re.\" \/>\n<meta property=\"og:url\" content=\"https:\/\/www.spirit-us.eu\/index.php\/produit\/benediction-de-lencens\/\" \/>\n<meta property=\"og:site_name\" content=\"Spirit-US\" \/>\n<meta property=\"article:publisher\" content=\"https:\/\/www.facebook.com\/spirit.us.deum\" \/>\n<meta property=\"article:modified_time\" content=\"2026-01-05T20:25:01+00:00\" \/>\n<meta property=\"og:image\" content=\"https:\/\/www.spirit-us.eu\/wp-content\/uploads\/2025\/03\/Yellow-Modern-Summer-Drink-Amazon-Product-Image.png\" \/>\n\t<meta property=\"og:image:width\" content=\"1080\" \/>\n\t<meta property=\"og:image:height\" content=\"1080\" \/>\n\t<meta property=\"og:image:type\" content=\"image\/png\" \/>\n<meta name=\"twitter:card\" content=\"summary_large_image\" \/>\n<meta name=\"twitter:label1\" content=\"Dur\u00e9e de lecture estim\u00e9e\" \/>\n\t<meta name=\"twitter:data1\" content=\"1 minute\" \/>\n<script type=\"application\/ld+json\" class=\"yoast-schema-graph\">{\"@context\":\"https:\/\/schema.org\",\"@graph\":[{\"@type\":\"WebPage\",\"@id\":\"https:\/\/www.spirit-us.eu\/index.php\/produit\/benediction-de-lencens\/\",\"url\":\"https:\/\/www.spirit-us.eu\/index.php\/produit\/benediction-de-lencens\/\",\"name\":\"B\u00e9n\u00e9diction de l'ENCENS - Spirit-US\",\"isPartOf\":{\"@id\":\"https:\/\/www.spirit-us.eu\/#website\"},\"primaryImageOfPage\":{\"@id\":\"https:\/\/www.spirit-us.eu\/index.php\/produit\/benediction-de-lencens\/#primaryimage\"},\"image\":{\"@id\":\"https:\/\/www.spirit-us.eu\/index.php\/produit\/benediction-de-lencens\/#primaryimage\"},\"thumbnailUrl\":\"https:\/\/www.spirit-us.eu\/wp-content\/uploads\/2025\/03\/Yellow-Modern-Summer-Drink-Amazon-Product-Image.png\",\"datePublished\":\"2025-03-11T13:18:44+00:00\",\"dateModified\":\"2026-01-05T20:25:01+00:00\",\"breadcrumb\":{\"@id\":\"https:\/\/www.spirit-us.eu\/index.php\/produit\/benediction-de-lencens\/#breadcrumb\"},\"inLanguage\":\"fr-FR\",\"potentialAction\":[{\"@type\":\"ReadAction\",\"target\":[\"https:\/\/www.spirit-us.eu\/index.php\/produit\/benediction-de-lencens\/\"]}]},{\"@type\":\"ImageObject\",\"inLanguage\":\"fr-FR\",\"@id\":\"https:\/\/www.spirit-us.eu\/index.php\/produit\/benediction-de-lencens\/#primaryimage\",\"url\":\"https:\/\/www.spirit-us.eu\/wp-content\/uploads\/2025\/03\/Yellow-Modern-Summer-Drink-Amazon-Product-Image.png\",\"contentUrl\":\"https:\/\/www.spirit-us.eu\/wp-content\/uploads\/2025\/03\/Yellow-Modern-Summer-Drink-Amazon-Product-Image.png\",\"width\":1080,\"height\":1080},{\"@type\":\"BreadcrumbList\",\"@id\":\"https:\/\/www.spirit-us.eu\/index.php\/produit\/benediction-de-lencens\/#breadcrumb\",\"itemListElement\":[{\"@type\":\"ListItem\",\"position\":1,\"name\":\"Accueil\",\"item\":\"https:\/\/www.spirit-us.eu\/\"},{\"@type\":\"ListItem\",\"position\":2,\"name\":\"Boutique\",\"item\":\"https:\/\/www.spirit-us.eu\/index.php\/boutique\/\"},{\"@type\":\"ListItem\",\"position\":3,\"name\":\"B\u00e9n\u00e9diction de l&rsquo;ENCENS\"}]},{\"@type\":\"WebSite\",\"@id\":\"https:\/\/www.spirit-us.eu\/#website\",\"url\":\"https:\/\/www.spirit-us.eu\/\",\"name\":\"Spirit-US\",\"description\":\"\",\"publisher\":{\"@id\":\"https:\/\/www.spirit-us.eu\/#organization\"},\"potentialAction\":[{\"@type\":\"SearchAction\",\"target\":{\"@type\":\"EntryPoint\",\"urlTemplate\":\"https:\/\/www.spirit-us.eu\/?s={search_term_string}\"},\"query-input\":{\"@type\":\"PropertyValueSpecification\",\"valueRequired\":true,\"valueName\":\"search_term_string\"}}],\"inLanguage\":\"fr-FR\"},{\"@type\":\"Organization\",\"@id\":\"https:\/\/www.spirit-us.eu\/#organization\",\"name\":\"Spirit-US\",\"url\":\"https:\/\/www.spirit-us.eu\/\",\"logo\":{\"@type\":\"ImageObject\",\"inLanguage\":\"fr-FR\",\"@id\":\"https:\/\/www.spirit-us.eu\/#\/schema\/logo\/image\/\",\"url\":\"https:\/\/www.spirit-us.eu\/wp-content\/uploads\/2025\/11\/logo-regarde-linterlocutrice-sans-arrriere-plan.jpg\",\"contentUrl\":\"https:\/\/www.spirit-us.eu\/wp-content\/uploads\/2025\/11\/logo-regarde-linterlocutrice-sans-arrriere-plan.jpg\",\"width\":1080,\"height\":1080,\"caption\":\"Spirit-US\"},\"image\":{\"@id\":\"https:\/\/www.spirit-us.eu\/#\/schema\/logo\/image\/\"},\"sameAs\":[\"https:\/\/www.facebook.com\/spirit.us.deum\"]}]}<\/script>\n<!-- \/ Yoast SEO plugin. -->","yoast_head_json":{"title":"B\u00e9n\u00e9diction de l'ENCENS - Spirit-US","robots":{"index":"index","follow":"follow","max-snippet":"max-snippet:-1","max-image-preview":"max-image-preview:large","max-video-preview":"max-video-preview:-1"},"canonical":"https:\/\/www.spirit-us.eu\/index.php\/produit\/benediction-de-lencens\/","og_locale":"fr_FR","og_type":"article","og_title":"B\u00e9n\u00e9diction de l'ENCENS - Spirit-US","og_description":"Enregistrement audio mp3 d\u2019une dur\u00e9e de 15 minutes avec musique, pour b\u00e9nir, consacrer et exorciser l\u2019encens, l\u2019encensoir, les charbons ardents et le feu dans lequel on br\u00fble les objets \u00ab\u00a0charg\u00e9s\u00a0\u00bb de mal\u00e9dictions. L\u2019audio de b\u00e9n\u00e9diction et d\u2019exorcisme vous permettront de disposer en permanence des \u00e9l\u00e9ments b\u00e9nis et exorcis\u00e9s, pour magnifier vos pri\u00e8res et les pr\u00e9senter au divin dans de parfaites conditions. Il convient n\u00e9anmoins de respecter un ensemble de r\u00e8gles d\u00e9crites dans le livret joint \u00e0 l\u2019audio en t\u00e9l\u00e9chargement.\u00a0 Pour un r\u00e9sultat optimal, il vous suffit de pr\u00e9parer l\u2019encens de myrrhe, l\u2019encensoir, les charbons \u00e0 consacrer, sur une table ou sur votre autel; de vous recueillir, d\u2019\u00e9couter l\u2019audio, de le laisser agir dans l\u2019Esprit;\u00a0 ensuite, de suivre les quelques instructions donn\u00e9es. Vos offrandes &amp; les objets indispensables \u00e0 leur utilisation, seront ainsi pr\u00eats \u00e0 l\u2019emploi.  Les r\u00e8gles et les pri\u00e8res s\u00e9culaires vous sont d\u00e9voil\u00e9es ici dans leur int\u00e9gralit\u00e9. Elles servent uniquement \u00e0 un usage priv\u00e9, dans les travaux de b\u00e9n\u00e9diction et de Lumi\u00e8re.","og_url":"https:\/\/www.spirit-us.eu\/index.php\/produit\/benediction-de-lencens\/","og_site_name":"Spirit-US","article_publisher":"https:\/\/www.facebook.com\/spirit.us.deum","article_modified_time":"2026-01-05T20:25:01+00:00","og_image":[{"width":1080,"height":1080,"url":"https:\/\/www.spirit-us.eu\/wp-content\/uploads\/2025\/03\/Yellow-Modern-Summer-Drink-Amazon-Product-Image.png","type":"image\/png"}],"twitter_card":"summary_large_image","twitter_misc":{"Dur\u00e9e de lecture estim\u00e9e":"1 minute"},"schema":{"@context":"https:\/\/schema.org","@graph":[{"@type":"WebPage","@id":"https:\/\/www.spirit-us.eu\/index.php\/produit\/benediction-de-lencens\/","url":"https:\/\/www.spirit-us.eu\/index.php\/produit\/benediction-de-lencens\/","name":"B\u00e9n\u00e9diction de l'ENCENS - Spirit-US","isPartOf":{"@id":"https:\/\/www.spirit-us.eu\/#website"},"primaryImageOfPage":{"@id":"https:\/\/www.spirit-us.eu\/index.php\/produit\/benediction-de-lencens\/#primaryimage"},"image":{"@id":"https:\/\/www.spirit-us.eu\/index.php\/produit\/benediction-de-lencens\/#primaryimage"},"thumbnailUrl":"https:\/\/www.spirit-us.eu\/wp-content\/uploads\/2025\/03\/Yellow-Modern-Summer-Drink-Amazon-Product-Image.png","datePublished":"2025-03-11T13:18:44+00:00","dateModified":"2026-01-05T20:25:01+00:00","breadcrumb":{"@id":"https:\/\/www.spirit-us.eu\/index.php\/produit\/benediction-de-lencens\/#breadcrumb"},"inLanguage":"fr-FR","potentialAction":[{"@type":"ReadAction","target":["https:\/\/www.spirit-us.eu\/index.php\/produit\/benediction-de-lencens\/"]}]},{"@type":"ImageObject","inLanguage":"fr-FR","@id":"https:\/\/www.spirit-us.eu\/index.php\/produit\/benediction-de-lencens\/#primaryimage","url":"https:\/\/www.spirit-us.eu\/wp-content\/uploads\/2025\/03\/Yellow-Modern-Summer-Drink-Amazon-Product-Image.png","contentUrl":"https:\/\/www.spirit-us.eu\/wp-content\/uploads\/2025\/03\/Yellow-Modern-Summer-Drink-Amazon-Product-Image.png","width":1080,"height":1080},{"@type":"BreadcrumbList","@id":"https:\/\/www.spirit-us.eu\/index.php\/produit\/benediction-de-lencens\/#breadcrumb","itemListElement":[{"@type":"ListItem","position":1,"name":"Accueil","item":"https:\/\/www.spirit-us.eu\/"},{"@type":"ListItem","position":2,"name":"Boutique","item":"https:\/\/www.spirit-us.eu\/index.php\/boutique\/"},{"@type":"ListItem","position":3,"name":"B\u00e9n\u00e9diction de l&rsquo;ENCENS"}]},{"@type":"WebSite","@id":"https:\/\/www.spirit-us.eu\/#website","url":"https:\/\/www.spirit-us.eu\/","name":"Spirit-US","description":"","publisher":{"@id":"https:\/\/www.spirit-us.eu\/#organization"},"potentialAction":[{"@type":"SearchAction","target":{"@type":"EntryPoint","urlTemplate":"https:\/\/www.spirit-us.eu\/?s={search_term_string}"},"query-input":{"@type":"PropertyValueSpecification","valueRequired":true,"valueName":"search_term_string"}}],"inLanguage":"fr-FR"},{"@type":"Organization","@id":"https:\/\/www.spirit-us.eu\/#organization","name":"Spirit-US","url":"https:\/\/www.spirit-us.eu\/","logo":{"@type":"ImageObject","inLanguage":"fr-FR","@id":"https:\/\/www.spirit-us.eu\/#\/schema\/logo\/image\/","url":"https:\/\/www.spirit-us.eu\/wp-content\/uploads\/2025\/11\/logo-regarde-linterlocutrice-sans-arrriere-plan.jpg","contentUrl":"https:\/\/www.spirit-us.eu\/wp-content\/uploads\/2025\/11\/logo-regarde-linterlocutrice-sans-arrriere-plan.jpg","width":1080,"height":1080,"caption":"Spirit-US"},"image":{"@id":"https:\/\/www.spirit-us.eu\/#\/schema\/logo\/image\/"},"sameAs":["https:\/\/www.facebook.com\/spirit.us.deum"]}]}},"jetpack_sharing_enabled":true,"_links":{"self":[{"href":"https:\/\/www.spirit-us.eu\/index.php\/wp-json\/wp\/v2\/product\/760","targetHints":{"allow":["GET"]}}],"collection":[{"href":"https:\/\/www.spirit-us.eu\/index.php\/wp-json\/wp\/v2\/product"}],"about":[{"href":"https:\/\/www.spirit-us.eu\/index.php\/wp-json\/wp\/v2\/types\/product"}],"replies":[{"embeddable":true,"href":"https:\/\/www.spirit-us.eu\/index.php\/wp-json\/wp\/v2\/comments?post=760"}],"wp:featuredmedia":[{"embeddable":true,"href":"https:\/\/www.spirit-us.eu\/index.php\/wp-json\/wp\/v2\/media\/1540"}],"wp:attachment":[{"href":"https:\/\/www.spirit-us.eu\/index.php\/wp-json\/wp\/v2\/media?parent=760"}],"wp:term":[{"taxonomy":"product_brand","embeddable":true,"href":"https:\/\/www.spirit-us.eu\/index.php\/wp-json\/wp\/v2\/product_brand?post=760"},{"taxonomy":"product_cat","embeddable":true,"href":"https:\/\/www.spirit-us.eu\/index.php\/wp-json\/wp\/v2\/product_cat?post=760"},{"taxonomy":"product_tag","embeddable":true,"href":"https:\/\/www.spirit-us.eu\/index.php\/wp-json\/wp\/v2\/product_tag?post=760"},{"taxonomy":"mwb_booking_cost","embeddable":true,"href":"https:\/\/www.spirit-us.eu\/index.php\/wp-json\/wp\/v2\/mwb_booking_cost?post=760"},{"taxonomy":"mwb_booking_service","embeddable":true,"href":"https:\/\/www.spirit-us.eu\/index.php\/wp-json\/wp\/v2\/mwb_booking_service?post=760"}],"curies":[{"name":"wp","href":"https:\/\/api.w.org\/{rel}","templated":true}]}}