{"id":692,"date":"2025-02-20T11:18:22","date_gmt":"2025-02-20T10:18:22","guid":{"rendered":"https:\/\/www.spirit-us.eu\/?post_type=product&#038;p=692"},"modified":"2025-12-21T17:00:42","modified_gmt":"2025-12-21T16:00:42","slug":"prophetiser-apprendre-la-voyance-avec-le-grand-eteilla","status":"publish","type":"product","link":"https:\/\/www.spirit-us.eu\/index.php\/produit\/prophetiser-apprendre-la-voyance-avec-le-grand-eteilla\/","title":{"rendered":"Proph\u00e9tiser: Apprendre la voyance avec Le Grand Eteilla"},"content":{"rendered":"<h2>D\u00e9tails sur le produit<\/h2>\n<div id=\"detailBullets_feature_div\">\n<ul class=\"a-unordered-list a-nostyle a-vertical a-spacing-none detail-bullet-list\">\n<li><span class=\"a-list-item\"><span class=\"a-text-bold\">ASIN \u200f : \u200e\u00a0<\/span>B0CH245XPZ<\/span><\/li>\n<li><span class=\"a-list-item\"><span class=\"a-text-bold\">\u00c9diteur \u200f : \u200e\u00a0<\/span>Independently published (4 septembre 2023)<\/span><\/li>\n<li><span class=\"a-list-item\"><span class=\"a-text-bold\">Langue \u200f : \u200e\u00a0<\/span>Fran\u00e7ais<\/span><\/li>\n<li><span class=\"a-list-item\"><span class=\"a-text-bold\">Broch\u00e9 \u200f : \u200e\u00a0<\/span>349 pages<\/span><\/li>\n<li><span class=\"a-list-item\"><span class=\"a-text-bold\">ISBN-13 \u200f : \u200e\u00a0<\/span>979-8856011523<\/span><\/li>\n<li><span class=\"a-list-item\"><span class=\"a-text-bold\">Poids de l&rsquo;article \u200f : \u200e\u00a0<\/span>449 g<\/span><\/li>\n<li><span class=\"a-list-item\"><span class=\"a-text-bold\">Dimensions \u200f : \u200e\u00a0<\/span>12.85 x 2.01 x 19.84 cm<\/span><\/li>\n<\/ul>\n<\/div>\n","protected":false},"excerpt":{"rendered":"<p style=\"text-align: left;\"><span style=\"color: #000080;\">Ce beau livre est d\u00e9di\u00e9 \u00e0 l\u2019utilisation d\u2019un outil de voyance et de proph\u00e9tisation : le jeu de tarots nomm\u00e9 le Grand Eteilla. Tout un chacun porte en soi la facult\u00e9 de \u00ab voir \u00bb et de pr\u00e9-dire, avec un certain degr\u00e9 de pr\u00e9cision, ce qui peut se produire dans un avenir plus ou moins proche.<\/span><br \/>\n<span style=\"color: #000080;\">Des proph\u00e9ties ont \u00e9t\u00e9 formul\u00e9es depuis l\u2019aube de l\u2019humanit\u00e9, de tous temps, on a cherch\u00e9 \u00e0 savoir de quoi demain serait fait avant d\u2019entreprendre quoi que ce soit et c\u2019est aujourd\u2019hui plus que jamais une d\u00e9marche d\u2019actualit\u00e9.<\/span><br \/>\n<span style=\"color: #000080;\">De tr\u00e8s r\u00e9centes d\u00e9couvertes dans le domaine des neurosciences ont mis au jour un processus de connexions neuronales jamais encore mesur\u00e9 auparavant, traduit dans l\u2019imagerie m\u00e9dicale, qui apporte la d\u00e9monstration que le cerveau humain est capable de cr\u00e9er et de pr\u00e9dire certains \u00e9v\u00e9nements. Il est non seulement apte \u00e0 construire, cr\u00e9er et pr\u00e9voir des \u00e9v\u00e9nements \u00e0 venir, mais il est aussi capable de les \u00e9valuer comme \u00e9tant b\u00e9n\u00e9fiques ou n\u00e9fastes.<\/span><br \/>\n<span style=\"color: #000080;\">Les \u00eatres anim\u00e9s ont la facult\u00e9 de pressentir ce qui peut arriver dans un avenir proche ou lointain. Cela fait un certain temps que des esprits \u00e9clair\u00e9s ne consid\u00e8rent plus le talent de proph\u00e9tie, ou l\u2019art divinatoire, comme un don myst\u00e9rieux mis dans les mains de quelques \u00e9lus. Tout un.e chacun.e peut approcher la tarologie, l\u2019utiliser \u00e0 bons escient et en faire un outil personnel de d\u00e9veloppement et de compr\u00e9hension, salutaire dans bien des cas. Pour cela, il faut le temps d\u2019apprendre, une neutralit\u00e9 spirituelle lors de l\u2019exercice de divination, une connaissance bienveillante de la psych\u00e9 humaine, et surtout une \u00e9thique tr\u00e8s solide. Ce guide descriptif et pratique a \u00e9t\u00e9 \u00e9crit pour mettre \u00e0 la port\u00e9e de tou.te.s l\u2019apprentissage de la proph\u00e9tisation.\u00a0<\/span><\/p>\n","protected":false},"featured_media":743,"comment_status":"open","ping_status":"closed","template":"","meta":[],"product_brand":[],"product_cat":[499,159,161,17,502],"product_tag":[171],"mwb_booking_cost":[],"mwb_booking_service":[],"class_list":{"0":"post-692","1":"product","2":"type-product","3":"status-publish","4":"has-post-thumbnail","6":"product_cat-03-energetique","7":"product_cat-08-livres","8":"product_cat-09-tarots-voyance","9":"product_cat-tous-les-produits","10":"product_cat-voyance","11":"product_tag-voyance","13":"first","14":"instock","15":"shipping-taxable","16":"purchasable","17":"product-type-simple"},"yoast_head":"<!-- This site is optimized with the Yoast SEO plugin v27.1.1 - https:\/\/yoast.com\/product\/yoast-seo-wordpress\/ -->\n<title>Proph\u00e9tiser: Apprendre la voyance avec Le Grand Eteilla - Spirit-US<\/title>\n<meta name=\"robots\" content=\"index, follow, max-snippet:-1, max-image-preview:large, max-video-preview:-1\" \/>\n<link rel=\"canonical\" href=\"https:\/\/www.spirit-us.eu\/index.php\/produit\/prophetiser-apprendre-la-voyance-avec-le-grand-eteilla\/\" \/>\n<meta property=\"og:locale\" content=\"fr_FR\" \/>\n<meta property=\"og:type\" content=\"article\" \/>\n<meta property=\"og:title\" content=\"Proph\u00e9tiser: Apprendre la voyance avec Le Grand Eteilla - Spirit-US\" \/>\n<meta property=\"og:description\" content=\"Ce beau livre est d\u00e9di\u00e9 \u00e0 l\u2019utilisation d\u2019un outil de voyance et de proph\u00e9tisation : le jeu de tarots nomm\u00e9 le Grand Eteilla. Tout un chacun porte en soi la facult\u00e9 de \u00ab voir \u00bb et de pr\u00e9-dire, avec un certain degr\u00e9 de pr\u00e9cision, ce qui peut se produire dans un avenir plus ou moins proche. Des proph\u00e9ties ont \u00e9t\u00e9 formul\u00e9es depuis l\u2019aube de l\u2019humanit\u00e9, de tous temps, on a cherch\u00e9 \u00e0 savoir de quoi demain serait fait avant d\u2019entreprendre quoi que ce soit et c\u2019est aujourd\u2019hui plus que jamais une d\u00e9marche d\u2019actualit\u00e9. De tr\u00e8s r\u00e9centes d\u00e9couvertes dans le domaine des neurosciences ont mis au jour un processus de connexions neuronales jamais encore mesur\u00e9 auparavant, traduit dans l\u2019imagerie m\u00e9dicale, qui apporte la d\u00e9monstration que le cerveau humain est capable de cr\u00e9er et de pr\u00e9dire certains \u00e9v\u00e9nements. Il est non seulement apte \u00e0 construire, cr\u00e9er et pr\u00e9voir des \u00e9v\u00e9nements \u00e0 venir, mais il est aussi capable de les \u00e9valuer comme \u00e9tant b\u00e9n\u00e9fiques ou n\u00e9fastes. Les \u00eatres anim\u00e9s ont la facult\u00e9 de pressentir ce qui peut arriver dans un avenir proche ou lointain. Cela fait un certain temps que des esprits \u00e9clair\u00e9s ne consid\u00e8rent plus le talent de proph\u00e9tie, ou l\u2019art divinatoire, comme un don myst\u00e9rieux mis dans les mains de quelques \u00e9lus. Tout un.e chacun.e peut approcher la tarologie, l\u2019utiliser \u00e0 bons escient et en faire un outil personnel de d\u00e9veloppement et de compr\u00e9hension, salutaire dans bien des cas. Pour cela, il faut le temps d\u2019apprendre, une neutralit\u00e9 spirituelle lors de l\u2019exercice de divination, une connaissance bienveillante de la psych\u00e9 humaine, et surtout une \u00e9thique tr\u00e8s solide. Ce guide descriptif et pratique a \u00e9t\u00e9 \u00e9crit pour mettre \u00e0 la port\u00e9e de tou.te.s l\u2019apprentissage de la proph\u00e9tisation.\u00a0\" \/>\n<meta property=\"og:url\" content=\"https:\/\/www.spirit-us.eu\/index.php\/produit\/prophetiser-apprendre-la-voyance-avec-le-grand-eteilla\/\" \/>\n<meta property=\"og:site_name\" content=\"Spirit-US\" \/>\n<meta property=\"article:publisher\" content=\"https:\/\/www.facebook.com\/spirit.us.deum\" \/>\n<meta property=\"article:modified_time\" content=\"2025-12-21T16:00:42+00:00\" \/>\n<meta property=\"og:image\" content=\"https:\/\/www.spirit-us.eu\/wp-content\/uploads\/2025\/02\/prophetiser-image-produit-1024x1024.png\" \/>\n\t<meta property=\"og:image:width\" content=\"1024\" \/>\n\t<meta property=\"og:image:height\" content=\"1024\" \/>\n\t<meta property=\"og:image:type\" content=\"image\/png\" \/>\n<meta name=\"twitter:card\" content=\"summary_large_image\" \/>\n<script type=\"application\/ld+json\" class=\"yoast-schema-graph\">{\"@context\":\"https:\/\/schema.org\",\"@graph\":[{\"@type\":\"WebPage\",\"@id\":\"https:\/\/www.spirit-us.eu\/index.php\/produit\/prophetiser-apprendre-la-voyance-avec-le-grand-eteilla\/\",\"url\":\"https:\/\/www.spirit-us.eu\/index.php\/produit\/prophetiser-apprendre-la-voyance-avec-le-grand-eteilla\/\",\"name\":\"Proph\u00e9tiser: Apprendre la voyance avec Le Grand Eteilla - Spirit-US\",\"isPartOf\":{\"@id\":\"https:\/\/www.spirit-us.eu\/#website\"},\"primaryImageOfPage\":{\"@id\":\"https:\/\/www.spirit-us.eu\/index.php\/produit\/prophetiser-apprendre-la-voyance-avec-le-grand-eteilla\/#primaryimage\"},\"image\":{\"@id\":\"https:\/\/www.spirit-us.eu\/index.php\/produit\/prophetiser-apprendre-la-voyance-avec-le-grand-eteilla\/#primaryimage\"},\"thumbnailUrl\":\"https:\/\/www.spirit-us.eu\/wp-content\/uploads\/2025\/02\/prophetiser-image-produit.png\",\"datePublished\":\"2025-02-20T10:18:22+00:00\",\"dateModified\":\"2025-12-21T16:00:42+00:00\",\"breadcrumb\":{\"@id\":\"https:\/\/www.spirit-us.eu\/index.php\/produit\/prophetiser-apprendre-la-voyance-avec-le-grand-eteilla\/#breadcrumb\"},\"inLanguage\":\"fr-FR\",\"potentialAction\":[{\"@type\":\"ReadAction\",\"target\":[\"https:\/\/www.spirit-us.eu\/index.php\/produit\/prophetiser-apprendre-la-voyance-avec-le-grand-eteilla\/\"]}]},{\"@type\":\"ImageObject\",\"inLanguage\":\"fr-FR\",\"@id\":\"https:\/\/www.spirit-us.eu\/index.php\/produit\/prophetiser-apprendre-la-voyance-avec-le-grand-eteilla\/#primaryimage\",\"url\":\"https:\/\/www.spirit-us.eu\/wp-content\/uploads\/2025\/02\/prophetiser-image-produit.png\",\"contentUrl\":\"https:\/\/www.spirit-us.eu\/wp-content\/uploads\/2025\/02\/prophetiser-image-produit.png\",\"width\":2160,\"height\":2160},{\"@type\":\"BreadcrumbList\",\"@id\":\"https:\/\/www.spirit-us.eu\/index.php\/produit\/prophetiser-apprendre-la-voyance-avec-le-grand-eteilla\/#breadcrumb\",\"itemListElement\":[{\"@type\":\"ListItem\",\"position\":1,\"name\":\"Accueil\",\"item\":\"https:\/\/www.spirit-us.eu\/\"},{\"@type\":\"ListItem\",\"position\":2,\"name\":\"Boutique\",\"item\":\"https:\/\/www.spirit-us.eu\/index.php\/boutique\/\"},{\"@type\":\"ListItem\",\"position\":3,\"name\":\"Proph\u00e9tiser: Apprendre la voyance avec Le Grand Eteilla\"}]},{\"@type\":\"WebSite\",\"@id\":\"https:\/\/www.spirit-us.eu\/#website\",\"url\":\"https:\/\/www.spirit-us.eu\/\",\"name\":\"Spirit-US\",\"description\":\"\",\"publisher\":{\"@id\":\"https:\/\/www.spirit-us.eu\/#organization\"},\"potentialAction\":[{\"@type\":\"SearchAction\",\"target\":{\"@type\":\"EntryPoint\",\"urlTemplate\":\"https:\/\/www.spirit-us.eu\/?s={search_term_string}\"},\"query-input\":{\"@type\":\"PropertyValueSpecification\",\"valueRequired\":true,\"valueName\":\"search_term_string\"}}],\"inLanguage\":\"fr-FR\"},{\"@type\":\"Organization\",\"@id\":\"https:\/\/www.spirit-us.eu\/#organization\",\"name\":\"Spirit-US\",\"url\":\"https:\/\/www.spirit-us.eu\/\",\"logo\":{\"@type\":\"ImageObject\",\"inLanguage\":\"fr-FR\",\"@id\":\"https:\/\/www.spirit-us.eu\/#\/schema\/logo\/image\/\",\"url\":\"https:\/\/www.spirit-us.eu\/wp-content\/uploads\/2025\/11\/logo-regarde-linterlocutrice-sans-arrriere-plan.jpg\",\"contentUrl\":\"https:\/\/www.spirit-us.eu\/wp-content\/uploads\/2025\/11\/logo-regarde-linterlocutrice-sans-arrriere-plan.jpg\",\"width\":1080,\"height\":1080,\"caption\":\"Spirit-US\"},\"image\":{\"@id\":\"https:\/\/www.spirit-us.eu\/#\/schema\/logo\/image\/\"},\"sameAs\":[\"https:\/\/www.facebook.com\/spirit.us.deum\"]}]}<\/script>\n<!-- \/ Yoast SEO plugin. -->","yoast_head_json":{"title":"Proph\u00e9tiser: Apprendre la voyance avec Le Grand Eteilla - Spirit-US","robots":{"index":"index","follow":"follow","max-snippet":"max-snippet:-1","max-image-preview":"max-image-preview:large","max-video-preview":"max-video-preview:-1"},"canonical":"https:\/\/www.spirit-us.eu\/index.php\/produit\/prophetiser-apprendre-la-voyance-avec-le-grand-eteilla\/","og_locale":"fr_FR","og_type":"article","og_title":"Proph\u00e9tiser: Apprendre la voyance avec Le Grand Eteilla - Spirit-US","og_description":"Ce beau livre est d\u00e9di\u00e9 \u00e0 l\u2019utilisation d\u2019un outil de voyance et de proph\u00e9tisation : le jeu de tarots nomm\u00e9 le Grand Eteilla. Tout un chacun porte en soi la facult\u00e9 de \u00ab voir \u00bb et de pr\u00e9-dire, avec un certain degr\u00e9 de pr\u00e9cision, ce qui peut se produire dans un avenir plus ou moins proche. Des proph\u00e9ties ont \u00e9t\u00e9 formul\u00e9es depuis l\u2019aube de l\u2019humanit\u00e9, de tous temps, on a cherch\u00e9 \u00e0 savoir de quoi demain serait fait avant d\u2019entreprendre quoi que ce soit et c\u2019est aujourd\u2019hui plus que jamais une d\u00e9marche d\u2019actualit\u00e9. De tr\u00e8s r\u00e9centes d\u00e9couvertes dans le domaine des neurosciences ont mis au jour un processus de connexions neuronales jamais encore mesur\u00e9 auparavant, traduit dans l\u2019imagerie m\u00e9dicale, qui apporte la d\u00e9monstration que le cerveau humain est capable de cr\u00e9er et de pr\u00e9dire certains \u00e9v\u00e9nements. Il est non seulement apte \u00e0 construire, cr\u00e9er et pr\u00e9voir des \u00e9v\u00e9nements \u00e0 venir, mais il est aussi capable de les \u00e9valuer comme \u00e9tant b\u00e9n\u00e9fiques ou n\u00e9fastes. Les \u00eatres anim\u00e9s ont la facult\u00e9 de pressentir ce qui peut arriver dans un avenir proche ou lointain. Cela fait un certain temps que des esprits \u00e9clair\u00e9s ne consid\u00e8rent plus le talent de proph\u00e9tie, ou l\u2019art divinatoire, comme un don myst\u00e9rieux mis dans les mains de quelques \u00e9lus. Tout un.e chacun.e peut approcher la tarologie, l\u2019utiliser \u00e0 bons escient et en faire un outil personnel de d\u00e9veloppement et de compr\u00e9hension, salutaire dans bien des cas. Pour cela, il faut le temps d\u2019apprendre, une neutralit\u00e9 spirituelle lors de l\u2019exercice de divination, une connaissance bienveillante de la psych\u00e9 humaine, et surtout une \u00e9thique tr\u00e8s solide. Ce guide descriptif et pratique a \u00e9t\u00e9 \u00e9crit pour mettre \u00e0 la port\u00e9e de tou.te.s l\u2019apprentissage de la proph\u00e9tisation.\u00a0","og_url":"https:\/\/www.spirit-us.eu\/index.php\/produit\/prophetiser-apprendre-la-voyance-avec-le-grand-eteilla\/","og_site_name":"Spirit-US","article_publisher":"https:\/\/www.facebook.com\/spirit.us.deum","article_modified_time":"2025-12-21T16:00:42+00:00","og_image":[{"width":1024,"height":1024,"url":"https:\/\/www.spirit-us.eu\/wp-content\/uploads\/2025\/02\/prophetiser-image-produit-1024x1024.png","type":"image\/png"}],"twitter_card":"summary_large_image","schema":{"@context":"https:\/\/schema.org","@graph":[{"@type":"WebPage","@id":"https:\/\/www.spirit-us.eu\/index.php\/produit\/prophetiser-apprendre-la-voyance-avec-le-grand-eteilla\/","url":"https:\/\/www.spirit-us.eu\/index.php\/produit\/prophetiser-apprendre-la-voyance-avec-le-grand-eteilla\/","name":"Proph\u00e9tiser: Apprendre la voyance avec Le Grand Eteilla - Spirit-US","isPartOf":{"@id":"https:\/\/www.spirit-us.eu\/#website"},"primaryImageOfPage":{"@id":"https:\/\/www.spirit-us.eu\/index.php\/produit\/prophetiser-apprendre-la-voyance-avec-le-grand-eteilla\/#primaryimage"},"image":{"@id":"https:\/\/www.spirit-us.eu\/index.php\/produit\/prophetiser-apprendre-la-voyance-avec-le-grand-eteilla\/#primaryimage"},"thumbnailUrl":"https:\/\/www.spirit-us.eu\/wp-content\/uploads\/2025\/02\/prophetiser-image-produit.png","datePublished":"2025-02-20T10:18:22+00:00","dateModified":"2025-12-21T16:00:42+00:00","breadcrumb":{"@id":"https:\/\/www.spirit-us.eu\/index.php\/produit\/prophetiser-apprendre-la-voyance-avec-le-grand-eteilla\/#breadcrumb"},"inLanguage":"fr-FR","potentialAction":[{"@type":"ReadAction","target":["https:\/\/www.spirit-us.eu\/index.php\/produit\/prophetiser-apprendre-la-voyance-avec-le-grand-eteilla\/"]}]},{"@type":"ImageObject","inLanguage":"fr-FR","@id":"https:\/\/www.spirit-us.eu\/index.php\/produit\/prophetiser-apprendre-la-voyance-avec-le-grand-eteilla\/#primaryimage","url":"https:\/\/www.spirit-us.eu\/wp-content\/uploads\/2025\/02\/prophetiser-image-produit.png","contentUrl":"https:\/\/www.spirit-us.eu\/wp-content\/uploads\/2025\/02\/prophetiser-image-produit.png","width":2160,"height":2160},{"@type":"BreadcrumbList","@id":"https:\/\/www.spirit-us.eu\/index.php\/produit\/prophetiser-apprendre-la-voyance-avec-le-grand-eteilla\/#breadcrumb","itemListElement":[{"@type":"ListItem","position":1,"name":"Accueil","item":"https:\/\/www.spirit-us.eu\/"},{"@type":"ListItem","position":2,"name":"Boutique","item":"https:\/\/www.spirit-us.eu\/index.php\/boutique\/"},{"@type":"ListItem","position":3,"name":"Proph\u00e9tiser: Apprendre la voyance avec Le Grand Eteilla"}]},{"@type":"WebSite","@id":"https:\/\/www.spirit-us.eu\/#website","url":"https:\/\/www.spirit-us.eu\/","name":"Spirit-US","description":"","publisher":{"@id":"https:\/\/www.spirit-us.eu\/#organization"},"potentialAction":[{"@type":"SearchAction","target":{"@type":"EntryPoint","urlTemplate":"https:\/\/www.spirit-us.eu\/?s={search_term_string}"},"query-input":{"@type":"PropertyValueSpecification","valueRequired":true,"valueName":"search_term_string"}}],"inLanguage":"fr-FR"},{"@type":"Organization","@id":"https:\/\/www.spirit-us.eu\/#organization","name":"Spirit-US","url":"https:\/\/www.spirit-us.eu\/","logo":{"@type":"ImageObject","inLanguage":"fr-FR","@id":"https:\/\/www.spirit-us.eu\/#\/schema\/logo\/image\/","url":"https:\/\/www.spirit-us.eu\/wp-content\/uploads\/2025\/11\/logo-regarde-linterlocutrice-sans-arrriere-plan.jpg","contentUrl":"https:\/\/www.spirit-us.eu\/wp-content\/uploads\/2025\/11\/logo-regarde-linterlocutrice-sans-arrriere-plan.jpg","width":1080,"height":1080,"caption":"Spirit-US"},"image":{"@id":"https:\/\/www.spirit-us.eu\/#\/schema\/logo\/image\/"},"sameAs":["https:\/\/www.facebook.com\/spirit.us.deum"]}]}},"jetpack_sharing_enabled":true,"_links":{"self":[{"href":"https:\/\/www.spirit-us.eu\/index.php\/wp-json\/wp\/v2\/product\/692","targetHints":{"allow":["GET"]}}],"collection":[{"href":"https:\/\/www.spirit-us.eu\/index.php\/wp-json\/wp\/v2\/product"}],"about":[{"href":"https:\/\/www.spirit-us.eu\/index.php\/wp-json\/wp\/v2\/types\/product"}],"replies":[{"embeddable":true,"href":"https:\/\/www.spirit-us.eu\/index.php\/wp-json\/wp\/v2\/comments?post=692"}],"wp:featuredmedia":[{"embeddable":true,"href":"https:\/\/www.spirit-us.eu\/index.php\/wp-json\/wp\/v2\/media\/743"}],"wp:attachment":[{"href":"https:\/\/www.spirit-us.eu\/index.php\/wp-json\/wp\/v2\/media?parent=692"}],"wp:term":[{"taxonomy":"product_brand","embeddable":true,"href":"https:\/\/www.spirit-us.eu\/index.php\/wp-json\/wp\/v2\/product_brand?post=692"},{"taxonomy":"product_cat","embeddable":true,"href":"https:\/\/www.spirit-us.eu\/index.php\/wp-json\/wp\/v2\/product_cat?post=692"},{"taxonomy":"product_tag","embeddable":true,"href":"https:\/\/www.spirit-us.eu\/index.php\/wp-json\/wp\/v2\/product_tag?post=692"},{"taxonomy":"mwb_booking_cost","embeddable":true,"href":"https:\/\/www.spirit-us.eu\/index.php\/wp-json\/wp\/v2\/mwb_booking_cost?post=692"},{"taxonomy":"mwb_booking_service","embeddable":true,"href":"https:\/\/www.spirit-us.eu\/index.php\/wp-json\/wp\/v2\/mwb_booking_service?post=692"}],"curies":[{"name":"wp","href":"https:\/\/api.w.org\/{rel}","templated":true}]}}