{"id":688,"date":"2025-02-20T10:51:21","date_gmt":"2025-02-20T09:51:21","guid":{"rendered":"https:\/\/www.spirit-us.eu\/?post_type=product&#038;p=688"},"modified":"2025-04-23T13:54:27","modified_gmt":"2025-04-23T11:54:27","slug":"tarot-le-grand-eteilla-18eme-siecle","status":"publish","type":"product","link":"https:\/\/www.spirit-us.eu\/index.php\/produit\/tarot-le-grand-eteilla-18eme-siecle\/","title":{"rendered":"TAROT &#8211; Le grand ETEILLA (18\u00e8me si\u00e8cle)"},"content":{"rendered":"<p>78 lames, r\u00e9pondant \u00e0 des significations diff\u00e9rentes selon qu&rsquo;elles se pr\u00e9sentent \u00e0 l&rsquo;endroit ou \u00e0 l&rsquo;envers. Avec un peu de pratique, ce jeu de tarots est un outil de divination extr\u00eamement utile.\u00a0 L&rsquo;avenir n&rsquo;existe pas encore et si une lame nous avertit d&rsquo;un \u00e9v\u00e9nement, nous avons la possibilit\u00e9 de changer les choses pour que cet \u00e9v\u00e9nement devienne une force pour nous et non une fatalit\u00e9.<\/p>\n","protected":false},"excerpt":{"rendered":"<p>Magnifique jeu de tarots, cr\u00e9\u00e9 vers la fin du 18<sup>\u00e8me\u00a0<\/sup> si\u00e8cle par Jean-Baptiste Aliette, libraire \u00e0 Paris.\u00a0 La particularit\u00e9 de ce tarot est qu&rsquo;avec un tirage, on obtient trois lectures, trois aspect de l&rsquo;avenir \u00e0 moyen et long termes.\u00a0 Un jeu tr\u00e8s maniable, agr\u00e9able et puissant, car les cartes bien interpr\u00e9t\u00e9es ne se trompent jamais. Pour apprendre son fonctionnement, Nous vous conseillons un livre qui lui est d\u00e9di\u00e9 : Proph\u00e9tiser, de Lola Lacroix.<\/p>\n<p>Dimensions des lames : 13 x 6cm<\/p>\n<p>Nombre de lames : 78<\/p>\n<p>&nbsp;<\/p>\n","protected":false},"featured_media":689,"comment_status":"open","ping_status":"closed","template":"","meta":[],"product_brand":[],"product_cat":[161,17],"product_tag":[],"mwb_booking_cost":[],"mwb_booking_service":[],"class_list":{"0":"post-688","1":"product","2":"type-product","3":"status-publish","4":"has-post-thumbnail","6":"product_cat-09-tarots-voyance","7":"product_cat-tous-les-produits","9":"first","10":"instock","11":"shipping-taxable","12":"purchasable","13":"product-type-simple"},"yoast_head":"<!-- This site is optimized with the Yoast SEO plugin v27.1.1 - https:\/\/yoast.com\/product\/yoast-seo-wordpress\/ -->\n<title>TAROT - Le grand ETEILLA (18\u00e8me si\u00e8cle) - Spirit-US<\/title>\n<meta name=\"robots\" content=\"index, follow, max-snippet:-1, max-image-preview:large, max-video-preview:-1\" \/>\n<link rel=\"canonical\" href=\"https:\/\/www.spirit-us.eu\/index.php\/produit\/tarot-le-grand-eteilla-18eme-siecle\/\" \/>\n<meta property=\"og:locale\" content=\"fr_FR\" \/>\n<meta property=\"og:type\" content=\"article\" \/>\n<meta property=\"og:title\" content=\"TAROT - Le grand ETEILLA (18\u00e8me si\u00e8cle) - Spirit-US\" \/>\n<meta property=\"og:description\" content=\"Magnifique jeu de tarots, cr\u00e9\u00e9 vers la fin du 18\u00e8me\u00a0 si\u00e8cle par Jean-Baptiste Aliette, libraire \u00e0 Paris.\u00a0 La particularit\u00e9 de ce tarot est qu&#039;avec un tirage, on obtient trois lectures, trois aspect de l&#039;avenir \u00e0 moyen et long termes.\u00a0 Un jeu tr\u00e8s maniable, agr\u00e9able et puissant, car les cartes bien interpr\u00e9t\u00e9es ne se trompent jamais. Pour apprendre son fonctionnement, Nous vous conseillons un livre qui lui est d\u00e9di\u00e9 : Proph\u00e9tiser, de Lola Lacroix.  Dimensions des lames : 13 x 6cm  Nombre de lames : 78  &nbsp;\" \/>\n<meta property=\"og:url\" content=\"https:\/\/www.spirit-us.eu\/index.php\/produit\/tarot-le-grand-eteilla-18eme-siecle\/\" \/>\n<meta property=\"og:site_name\" content=\"Spirit-US\" \/>\n<meta property=\"article:publisher\" content=\"https:\/\/www.facebook.com\/spirit.us.deum\" \/>\n<meta property=\"article:modified_time\" content=\"2025-04-23T11:54:27+00:00\" \/>\n<meta property=\"og:image\" content=\"https:\/\/www.spirit-us.eu\/wp-content\/uploads\/2025\/02\/cartes.png\" \/>\n\t<meta property=\"og:image:width\" content=\"1080\" \/>\n\t<meta property=\"og:image:height\" content=\"1080\" \/>\n\t<meta property=\"og:image:type\" content=\"image\/png\" \/>\n<meta name=\"twitter:card\" content=\"summary_large_image\" \/>\n<script type=\"application\/ld+json\" class=\"yoast-schema-graph\">{\"@context\":\"https:\/\/schema.org\",\"@graph\":[{\"@type\":\"WebPage\",\"@id\":\"https:\/\/www.spirit-us.eu\/index.php\/produit\/tarot-le-grand-eteilla-18eme-siecle\/\",\"url\":\"https:\/\/www.spirit-us.eu\/index.php\/produit\/tarot-le-grand-eteilla-18eme-siecle\/\",\"name\":\"TAROT - Le grand ETEILLA (18\u00e8me si\u00e8cle) - Spirit-US\",\"isPartOf\":{\"@id\":\"https:\/\/www.spirit-us.eu\/#website\"},\"primaryImageOfPage\":{\"@id\":\"https:\/\/www.spirit-us.eu\/index.php\/produit\/tarot-le-grand-eteilla-18eme-siecle\/#primaryimage\"},\"image\":{\"@id\":\"https:\/\/www.spirit-us.eu\/index.php\/produit\/tarot-le-grand-eteilla-18eme-siecle\/#primaryimage\"},\"thumbnailUrl\":\"https:\/\/www.spirit-us.eu\/wp-content\/uploads\/2025\/02\/cartes.png\",\"datePublished\":\"2025-02-20T09:51:21+00:00\",\"dateModified\":\"2025-04-23T11:54:27+00:00\",\"breadcrumb\":{\"@id\":\"https:\/\/www.spirit-us.eu\/index.php\/produit\/tarot-le-grand-eteilla-18eme-siecle\/#breadcrumb\"},\"inLanguage\":\"fr-FR\",\"potentialAction\":[{\"@type\":\"ReadAction\",\"target\":[\"https:\/\/www.spirit-us.eu\/index.php\/produit\/tarot-le-grand-eteilla-18eme-siecle\/\"]}]},{\"@type\":\"ImageObject\",\"inLanguage\":\"fr-FR\",\"@id\":\"https:\/\/www.spirit-us.eu\/index.php\/produit\/tarot-le-grand-eteilla-18eme-siecle\/#primaryimage\",\"url\":\"https:\/\/www.spirit-us.eu\/wp-content\/uploads\/2025\/02\/cartes.png\",\"contentUrl\":\"https:\/\/www.spirit-us.eu\/wp-content\/uploads\/2025\/02\/cartes.png\",\"width\":1080,\"height\":1080},{\"@type\":\"BreadcrumbList\",\"@id\":\"https:\/\/www.spirit-us.eu\/index.php\/produit\/tarot-le-grand-eteilla-18eme-siecle\/#breadcrumb\",\"itemListElement\":[{\"@type\":\"ListItem\",\"position\":1,\"name\":\"Accueil\",\"item\":\"https:\/\/www.spirit-us.eu\/\"},{\"@type\":\"ListItem\",\"position\":2,\"name\":\"Boutique\",\"item\":\"https:\/\/www.spirit-us.eu\/index.php\/boutique\/\"},{\"@type\":\"ListItem\",\"position\":3,\"name\":\"TAROT &#8211; Le grand ETEILLA (18\u00e8me si\u00e8cle)\"}]},{\"@type\":\"WebSite\",\"@id\":\"https:\/\/www.spirit-us.eu\/#website\",\"url\":\"https:\/\/www.spirit-us.eu\/\",\"name\":\"Spirit-US\",\"description\":\"\",\"publisher\":{\"@id\":\"https:\/\/www.spirit-us.eu\/#organization\"},\"potentialAction\":[{\"@type\":\"SearchAction\",\"target\":{\"@type\":\"EntryPoint\",\"urlTemplate\":\"https:\/\/www.spirit-us.eu\/?s={search_term_string}\"},\"query-input\":{\"@type\":\"PropertyValueSpecification\",\"valueRequired\":true,\"valueName\":\"search_term_string\"}}],\"inLanguage\":\"fr-FR\"},{\"@type\":\"Organization\",\"@id\":\"https:\/\/www.spirit-us.eu\/#organization\",\"name\":\"Spirit-US\",\"url\":\"https:\/\/www.spirit-us.eu\/\",\"logo\":{\"@type\":\"ImageObject\",\"inLanguage\":\"fr-FR\",\"@id\":\"https:\/\/www.spirit-us.eu\/#\/schema\/logo\/image\/\",\"url\":\"https:\/\/www.spirit-us.eu\/wp-content\/uploads\/2025\/11\/logo-regarde-linterlocutrice-sans-arrriere-plan.jpg\",\"contentUrl\":\"https:\/\/www.spirit-us.eu\/wp-content\/uploads\/2025\/11\/logo-regarde-linterlocutrice-sans-arrriere-plan.jpg\",\"width\":1080,\"height\":1080,\"caption\":\"Spirit-US\"},\"image\":{\"@id\":\"https:\/\/www.spirit-us.eu\/#\/schema\/logo\/image\/\"},\"sameAs\":[\"https:\/\/www.facebook.com\/spirit.us.deum\"]}]}<\/script>\n<!-- \/ Yoast SEO plugin. -->","yoast_head_json":{"title":"TAROT - Le grand ETEILLA (18\u00e8me si\u00e8cle) - Spirit-US","robots":{"index":"index","follow":"follow","max-snippet":"max-snippet:-1","max-image-preview":"max-image-preview:large","max-video-preview":"max-video-preview:-1"},"canonical":"https:\/\/www.spirit-us.eu\/index.php\/produit\/tarot-le-grand-eteilla-18eme-siecle\/","og_locale":"fr_FR","og_type":"article","og_title":"TAROT - Le grand ETEILLA (18\u00e8me si\u00e8cle) - Spirit-US","og_description":"Magnifique jeu de tarots, cr\u00e9\u00e9 vers la fin du 18\u00e8me\u00a0 si\u00e8cle par Jean-Baptiste Aliette, libraire \u00e0 Paris.\u00a0 La particularit\u00e9 de ce tarot est qu'avec un tirage, on obtient trois lectures, trois aspect de l'avenir \u00e0 moyen et long termes.\u00a0 Un jeu tr\u00e8s maniable, agr\u00e9able et puissant, car les cartes bien interpr\u00e9t\u00e9es ne se trompent jamais. Pour apprendre son fonctionnement, Nous vous conseillons un livre qui lui est d\u00e9di\u00e9 : Proph\u00e9tiser, de Lola Lacroix.  Dimensions des lames : 13 x 6cm  Nombre de lames : 78  &nbsp;","og_url":"https:\/\/www.spirit-us.eu\/index.php\/produit\/tarot-le-grand-eteilla-18eme-siecle\/","og_site_name":"Spirit-US","article_publisher":"https:\/\/www.facebook.com\/spirit.us.deum","article_modified_time":"2025-04-23T11:54:27+00:00","og_image":[{"width":1080,"height":1080,"url":"https:\/\/www.spirit-us.eu\/wp-content\/uploads\/2025\/02\/cartes.png","type":"image\/png"}],"twitter_card":"summary_large_image","schema":{"@context":"https:\/\/schema.org","@graph":[{"@type":"WebPage","@id":"https:\/\/www.spirit-us.eu\/index.php\/produit\/tarot-le-grand-eteilla-18eme-siecle\/","url":"https:\/\/www.spirit-us.eu\/index.php\/produit\/tarot-le-grand-eteilla-18eme-siecle\/","name":"TAROT - Le grand ETEILLA (18\u00e8me si\u00e8cle) - Spirit-US","isPartOf":{"@id":"https:\/\/www.spirit-us.eu\/#website"},"primaryImageOfPage":{"@id":"https:\/\/www.spirit-us.eu\/index.php\/produit\/tarot-le-grand-eteilla-18eme-siecle\/#primaryimage"},"image":{"@id":"https:\/\/www.spirit-us.eu\/index.php\/produit\/tarot-le-grand-eteilla-18eme-siecle\/#primaryimage"},"thumbnailUrl":"https:\/\/www.spirit-us.eu\/wp-content\/uploads\/2025\/02\/cartes.png","datePublished":"2025-02-20T09:51:21+00:00","dateModified":"2025-04-23T11:54:27+00:00","breadcrumb":{"@id":"https:\/\/www.spirit-us.eu\/index.php\/produit\/tarot-le-grand-eteilla-18eme-siecle\/#breadcrumb"},"inLanguage":"fr-FR","potentialAction":[{"@type":"ReadAction","target":["https:\/\/www.spirit-us.eu\/index.php\/produit\/tarot-le-grand-eteilla-18eme-siecle\/"]}]},{"@type":"ImageObject","inLanguage":"fr-FR","@id":"https:\/\/www.spirit-us.eu\/index.php\/produit\/tarot-le-grand-eteilla-18eme-siecle\/#primaryimage","url":"https:\/\/www.spirit-us.eu\/wp-content\/uploads\/2025\/02\/cartes.png","contentUrl":"https:\/\/www.spirit-us.eu\/wp-content\/uploads\/2025\/02\/cartes.png","width":1080,"height":1080},{"@type":"BreadcrumbList","@id":"https:\/\/www.spirit-us.eu\/index.php\/produit\/tarot-le-grand-eteilla-18eme-siecle\/#breadcrumb","itemListElement":[{"@type":"ListItem","position":1,"name":"Accueil","item":"https:\/\/www.spirit-us.eu\/"},{"@type":"ListItem","position":2,"name":"Boutique","item":"https:\/\/www.spirit-us.eu\/index.php\/boutique\/"},{"@type":"ListItem","position":3,"name":"TAROT &#8211; Le grand ETEILLA (18\u00e8me si\u00e8cle)"}]},{"@type":"WebSite","@id":"https:\/\/www.spirit-us.eu\/#website","url":"https:\/\/www.spirit-us.eu\/","name":"Spirit-US","description":"","publisher":{"@id":"https:\/\/www.spirit-us.eu\/#organization"},"potentialAction":[{"@type":"SearchAction","target":{"@type":"EntryPoint","urlTemplate":"https:\/\/www.spirit-us.eu\/?s={search_term_string}"},"query-input":{"@type":"PropertyValueSpecification","valueRequired":true,"valueName":"search_term_string"}}],"inLanguage":"fr-FR"},{"@type":"Organization","@id":"https:\/\/www.spirit-us.eu\/#organization","name":"Spirit-US","url":"https:\/\/www.spirit-us.eu\/","logo":{"@type":"ImageObject","inLanguage":"fr-FR","@id":"https:\/\/www.spirit-us.eu\/#\/schema\/logo\/image\/","url":"https:\/\/www.spirit-us.eu\/wp-content\/uploads\/2025\/11\/logo-regarde-linterlocutrice-sans-arrriere-plan.jpg","contentUrl":"https:\/\/www.spirit-us.eu\/wp-content\/uploads\/2025\/11\/logo-regarde-linterlocutrice-sans-arrriere-plan.jpg","width":1080,"height":1080,"caption":"Spirit-US"},"image":{"@id":"https:\/\/www.spirit-us.eu\/#\/schema\/logo\/image\/"},"sameAs":["https:\/\/www.facebook.com\/spirit.us.deum"]}]}},"jetpack_sharing_enabled":true,"_links":{"self":[{"href":"https:\/\/www.spirit-us.eu\/index.php\/wp-json\/wp\/v2\/product\/688","targetHints":{"allow":["GET"]}}],"collection":[{"href":"https:\/\/www.spirit-us.eu\/index.php\/wp-json\/wp\/v2\/product"}],"about":[{"href":"https:\/\/www.spirit-us.eu\/index.php\/wp-json\/wp\/v2\/types\/product"}],"replies":[{"embeddable":true,"href":"https:\/\/www.spirit-us.eu\/index.php\/wp-json\/wp\/v2\/comments?post=688"}],"wp:featuredmedia":[{"embeddable":true,"href":"https:\/\/www.spirit-us.eu\/index.php\/wp-json\/wp\/v2\/media\/689"}],"wp:attachment":[{"href":"https:\/\/www.spirit-us.eu\/index.php\/wp-json\/wp\/v2\/media?parent=688"}],"wp:term":[{"taxonomy":"product_brand","embeddable":true,"href":"https:\/\/www.spirit-us.eu\/index.php\/wp-json\/wp\/v2\/product_brand?post=688"},{"taxonomy":"product_cat","embeddable":true,"href":"https:\/\/www.spirit-us.eu\/index.php\/wp-json\/wp\/v2\/product_cat?post=688"},{"taxonomy":"product_tag","embeddable":true,"href":"https:\/\/www.spirit-us.eu\/index.php\/wp-json\/wp\/v2\/product_tag?post=688"},{"taxonomy":"mwb_booking_cost","embeddable":true,"href":"https:\/\/www.spirit-us.eu\/index.php\/wp-json\/wp\/v2\/mwb_booking_cost?post=688"},{"taxonomy":"mwb_booking_service","embeddable":true,"href":"https:\/\/www.spirit-us.eu\/index.php\/wp-json\/wp\/v2\/mwb_booking_service?post=688"}],"curies":[{"name":"wp","href":"https:\/\/api.w.org\/{rel}","templated":true}]}}