{"id":464,"date":"2025-02-12T20:03:56","date_gmt":"2025-02-12T19:03:56","guid":{"rendered":"https:\/\/www.spirit-us.eu\/?post_type=product&#038;p=464"},"modified":"2025-11-06T09:57:50","modified_gmt":"2025-11-06T08:57:50","slug":"triompher-de-la-blessure-dinjustice","status":"publish","type":"product","link":"https:\/\/www.spirit-us.eu\/index.php\/produit\/triompher-de-la-blessure-dinjustice\/","title":{"rendered":"Triompher de la blessure d&rsquo;INJUSTICE"},"content":{"rendered":"<p><span style=\"color: #808080;\">Pour un r\u00e9sultat optimal, ce soin devrait \u00eatre utilis\u00e9 apr\u00e8s l\u2019exorcisme des injustices subies (<a style=\"color: #808080;\" href=\"https:\/\/boutique.exorciser-liberer-guerir.com\/produit\/exorcisme-tribunal-de-lumiere\/\" target=\"_blank\" rel=\"noopener\">Tribunal de Lumi\u00e8re<\/a>) et \u00eatre accompagn\u00e9 de minimum deux entretiens curatifs\u00a0:<\/span><\/p>\n<ul>\n<li><span style=\"color: #808080;\">Le 1<sup>er<\/sup> pour analyser la situation et y apporter des \u00e9l\u00e9ments additionnels de coaching au besoin<\/span><\/li>\n<li><span style=\"color: #808080;\">Le 2<sup>\u00e8me<\/sup> pour effectuer un bilan curatif apr\u00e8s l\u2019\u00e9ventuel exorcisme et apr\u00e8s le soin\u00a0; ainsi que pour ouvrir en grand les portes de \u00ab\u00a0l\u2019apr\u00e8s\u00a0\u00bb &#8211; apr\u00e8s la gu\u00e9rison, comment organiser la croissance en tous plans \u00e9nerg\u00e9tiques (dont les finances) et la reprise du chemin de vie.<\/span><\/li>\n<\/ul>\n<p><span style=\"color: #808080;\">Le sentiment d\u2019injustice peut se r\u00e9v\u00e9ler destructeur et les occasions de traverser des situations d\u2019injustice sont nombreuses\u00a0: rupture, licenciement, harc\u00e8lement, agression, suicide d\u2019un.e proche, situations familiales d\u00e9s\u00e9quilibr\u00e9es, etc.<\/span><\/p>\n<p><span style=\"color: #808080;\">Le syst\u00e8me d\u00e9faillant, les tribunaux, les banques et leur cort\u00e8ge d\u2019acteurs toxiques, ont pour r\u00f4le de r\u00e9\u00e9quilibrer les situations d\u2019injustice et pourtant, de plus en plus, ils donnent raison aux agresseurs et empirent encore une situation d\u00e9j\u00e0 extr\u00eamement douloureuse.\u00a0 En l\u2019absence de reconnaissance de l\u2019injustice et de r\u00e9ponse ad\u00e9quate, le sentiment d\u2019humiliation et d\u2019impuissance \u00e0 changer les choses, nous pi\u00e8gent et des \u00e9motions violentes apparaissent\u00a0: peur, col\u00e8re, amertume, perte de confiance, enfermement.<\/span><\/p>\n<p><span style=\"color: #808080;\">L\u2019injustice syst\u00e9mis\u00e9e et les ruminations font entrer en \u00e9tat de sid\u00e9ration. Une paralysie psychique douloureuse.<\/span><\/p>\n<p><span style=\"color: #808080;\">Ce soin s\u2019adresse \u00e0 chaque personne qui veut sortir de ces situations destructrices dans la non-violence et l\u2019efficacit\u00e9 des actions justes. Il apporte un accompagnement efficace et complet pour sortir de la boucle infernale.<\/span><\/p>\n<p>&nbsp;<\/p>\n<p><span style=\"color: #808080;\"><strong>DESCRIPTION TECHNIQUE :<\/strong><\/span><\/p>\n<p><span style=\"color: #808080;\"><strong>Auteure<\/strong>\u00a0: Lola Lacroix<\/span><\/p>\n<p><span style=\"color: #808080;\"><strong>Format<\/strong>\u00a0: mp3 &amp; documents connexes (brochure explicative); tout est t\u00e9l\u00e9chargeable et utilisable imm\u00e9diatement<\/span><\/p>\n<p><span style=\"color: #808080;\"><strong>Dur\u00e9e<\/strong>\u00a0: 45 minutes<\/span><\/p>\n<p><span style=\"color: #808080;\"><strong>Composition<\/strong> : texte et musique<\/span><\/p>\n<p><span style=\"color: #808080;\"><strong>Droits<\/strong>\u00a0: ce texte est original, aucune plume artificielle n\u2019a \u00e9t\u00e9 utilis\u00e9e pour le r\u00e9diger ou l\u2019enregistrer; toute reproduction, diffusion ou traduction sont interdites sans consultation de l\u2019auteure.<\/span><\/p>\n","protected":false},"excerpt":{"rendered":"<p style=\"text-align: justify;\"><span style=\"color: #666699;\">Audio de soin et de r\u00e9paration d\u2019\u00e2me de 55 minutes avec musique de Mozart. <\/span><span style=\"color: #666699;\">L\u2019enregistrement mp3 dure 45 minutes et servira pendant un cycle de la m\u00e9moire \u00e0 savoir 9 ou 28 jours, en fonction de l\u2019intensit\u00e9 du traumatisme subi. <\/span><span style=\"color: #666699;\">Ce soin a pour objectif la gu\u00e9rison de la blessure d\u2019injustice, quelle que soit son origine (enfance, adolescence, \u00e2ge adulte).\u00a0 Pour potentialiser les effets de la parole curative, une action est requise : soigner le m\u00e9ridien des \u00e9motions par de l\u2019auto-acupression, d\u00e9crite in extenso dans la brochure qui accompagne l\u2019audio. <\/span><span style=\"color: #666699;\">Ce soin est destin\u00e9 \u00e0 toute personne ayant subi une injustice, qui souhaite agir pour r\u00e9parer les d\u00e9g\u00e2ts. La premi\u00e8re \u00e9tape est de prendre soin de soi et de reprogrammer les divers niveaux de conscience impact\u00e9s par l\u2019injustice subie \u00e0 un moment o\u00f9 on n\u2019a pas pu r\u00e9\u00e9quilibrer les choses. <\/span><span style=\"color: #666699;\">Les effets sont puissants et vous donneront la clart\u00e9 d\u2019esprit n\u00e9cessaire pour vous gu\u00e9rir de cette blessure et de ses effets secondaires.\u00a0 L\u2019audio est livr\u00e9 avec une brochure d\u2019information br\u00e8ve mais claire et exhaustive. Si vous demeurez aux prises avec l&rsquo;injustice et que sa source est d&rsquo;ordre judiciaire (un divorce est de l&rsquo;ordre du judiciaire, par exemple), vous pouvez avoir recours \u00e0 un exorcisme puissant pour mettre toutes les chances de votre c\u00f4t\u00e9 : voyez l&rsquo;audio <a href=\"https:\/\/boutique.exorciser-liberer-guerir.com\/produit\/exorcisme-tribunal-de-lumiere\/\" target=\"_blank\" rel=\"noopener\">TRIBUNAL DE LUMIERE.<\/a><\/span><\/p>\n","protected":false},"featured_media":465,"comment_status":"open","ping_status":"closed","template":"","meta":[],"product_brand":[],"product_cat":[155,17],"product_tag":[],"mwb_booking_cost":[],"mwb_booking_service":[],"class_list":{"0":"post-464","1":"product","2":"type-product","3":"status-publish","4":"has-post-thumbnail","6":"product_cat-02-soins-accueil","7":"product_cat-tous-les-produits","9":"first","10":"instock","11":"downloadable","12":"virtual","13":"purchasable","14":"product-type-simple"},"yoast_head":"<!-- This site is optimized with the Yoast SEO plugin v27.1.1 - https:\/\/yoast.com\/product\/yoast-seo-wordpress\/ -->\n<title>Triompher de la blessure d&#039;INJUSTICE - Spirit-US<\/title>\n<meta name=\"robots\" content=\"index, follow, max-snippet:-1, max-image-preview:large, max-video-preview:-1\" \/>\n<link rel=\"canonical\" href=\"https:\/\/www.spirit-us.eu\/index.php\/produit\/triompher-de-la-blessure-dinjustice\/\" \/>\n<meta property=\"og:locale\" content=\"fr_FR\" \/>\n<meta property=\"og:type\" content=\"article\" \/>\n<meta property=\"og:title\" content=\"Triompher de la blessure d&#039;INJUSTICE - Spirit-US\" \/>\n<meta property=\"og:description\" content=\"Audio de soin et de r\u00e9paration d\u2019\u00e2me de 55 minutes avec musique de Mozart. L\u2019enregistrement mp3 dure 45 minutes et servira pendant un cycle de la m\u00e9moire \u00e0 savoir 9 ou 28 jours, en fonction de l\u2019intensit\u00e9 du traumatisme subi. Ce soin a pour objectif la gu\u00e9rison de la blessure d\u2019injustice, quelle que soit son origine (enfance, adolescence, \u00e2ge adulte).\u00a0 Pour potentialiser les effets de la parole curative, une action est requise : soigner le m\u00e9ridien des \u00e9motions par de l\u2019auto-acupression, d\u00e9crite in extenso dans la brochure qui accompagne l\u2019audio. Ce soin est destin\u00e9 \u00e0 toute personne ayant subi une injustice, qui souhaite agir pour r\u00e9parer les d\u00e9g\u00e2ts. La premi\u00e8re \u00e9tape est de prendre soin de soi et de reprogrammer les divers niveaux de conscience impact\u00e9s par l\u2019injustice subie \u00e0 un moment o\u00f9 on n\u2019a pas pu r\u00e9\u00e9quilibrer les choses. Les effets sont puissants et vous donneront la clart\u00e9 d\u2019esprit n\u00e9cessaire pour vous gu\u00e9rir de cette blessure et de ses effets secondaires.\u00a0 L\u2019audio est livr\u00e9 avec une brochure d\u2019information br\u00e8ve mais claire et exhaustive. Si vous demeurez aux prises avec l&#039;injustice et que sa source est d&#039;ordre judiciaire (un divorce est de l&#039;ordre du judiciaire, par exemple), vous pouvez avoir recours \u00e0 un exorcisme puissant pour mettre toutes les chances de votre c\u00f4t\u00e9 : voyez l&#039;audio TRIBUNAL DE LUMIERE.\" \/>\n<meta property=\"og:url\" content=\"https:\/\/www.spirit-us.eu\/index.php\/produit\/triompher-de-la-blessure-dinjustice\/\" \/>\n<meta property=\"og:site_name\" content=\"Spirit-US\" \/>\n<meta property=\"article:publisher\" content=\"https:\/\/www.facebook.com\/spirit.us.deum\" \/>\n<meta property=\"article:modified_time\" content=\"2025-11-06T08:57:50+00:00\" \/>\n<meta property=\"og:image\" content=\"https:\/\/www.spirit-us.eu\/wp-content\/uploads\/2025\/02\/Blessure-dinjustice.png\" \/>\n\t<meta property=\"og:image:width\" content=\"1080\" \/>\n\t<meta property=\"og:image:height\" content=\"1080\" \/>\n\t<meta property=\"og:image:type\" content=\"image\/png\" \/>\n<meta name=\"twitter:card\" content=\"summary_large_image\" \/>\n<meta name=\"twitter:label1\" content=\"Dur\u00e9e de lecture estim\u00e9e\" \/>\n\t<meta name=\"twitter:data1\" content=\"2 minutes\" \/>\n<script type=\"application\/ld+json\" class=\"yoast-schema-graph\">{\"@context\":\"https:\/\/schema.org\",\"@graph\":[{\"@type\":\"WebPage\",\"@id\":\"https:\/\/www.spirit-us.eu\/index.php\/produit\/triompher-de-la-blessure-dinjustice\/\",\"url\":\"https:\/\/www.spirit-us.eu\/index.php\/produit\/triompher-de-la-blessure-dinjustice\/\",\"name\":\"Triompher de la blessure d'INJUSTICE - Spirit-US\",\"isPartOf\":{\"@id\":\"https:\/\/www.spirit-us.eu\/#website\"},\"primaryImageOfPage\":{\"@id\":\"https:\/\/www.spirit-us.eu\/index.php\/produit\/triompher-de-la-blessure-dinjustice\/#primaryimage\"},\"image\":{\"@id\":\"https:\/\/www.spirit-us.eu\/index.php\/produit\/triompher-de-la-blessure-dinjustice\/#primaryimage\"},\"thumbnailUrl\":\"https:\/\/www.spirit-us.eu\/wp-content\/uploads\/2025\/02\/Blessure-dinjustice.png\",\"datePublished\":\"2025-02-12T19:03:56+00:00\",\"dateModified\":\"2025-11-06T08:57:50+00:00\",\"breadcrumb\":{\"@id\":\"https:\/\/www.spirit-us.eu\/index.php\/produit\/triompher-de-la-blessure-dinjustice\/#breadcrumb\"},\"inLanguage\":\"fr-FR\",\"potentialAction\":[{\"@type\":\"ReadAction\",\"target\":[\"https:\/\/www.spirit-us.eu\/index.php\/produit\/triompher-de-la-blessure-dinjustice\/\"]}]},{\"@type\":\"ImageObject\",\"inLanguage\":\"fr-FR\",\"@id\":\"https:\/\/www.spirit-us.eu\/index.php\/produit\/triompher-de-la-blessure-dinjustice\/#primaryimage\",\"url\":\"https:\/\/www.spirit-us.eu\/wp-content\/uploads\/2025\/02\/Blessure-dinjustice.png\",\"contentUrl\":\"https:\/\/www.spirit-us.eu\/wp-content\/uploads\/2025\/02\/Blessure-dinjustice.png\",\"width\":1080,\"height\":1080},{\"@type\":\"BreadcrumbList\",\"@id\":\"https:\/\/www.spirit-us.eu\/index.php\/produit\/triompher-de-la-blessure-dinjustice\/#breadcrumb\",\"itemListElement\":[{\"@type\":\"ListItem\",\"position\":1,\"name\":\"Accueil\",\"item\":\"https:\/\/www.spirit-us.eu\/\"},{\"@type\":\"ListItem\",\"position\":2,\"name\":\"Boutique\",\"item\":\"https:\/\/www.spirit-us.eu\/index.php\/boutique\/\"},{\"@type\":\"ListItem\",\"position\":3,\"name\":\"Triompher de la blessure d&rsquo;INJUSTICE\"}]},{\"@type\":\"WebSite\",\"@id\":\"https:\/\/www.spirit-us.eu\/#website\",\"url\":\"https:\/\/www.spirit-us.eu\/\",\"name\":\"Spirit-US\",\"description\":\"\",\"publisher\":{\"@id\":\"https:\/\/www.spirit-us.eu\/#organization\"},\"potentialAction\":[{\"@type\":\"SearchAction\",\"target\":{\"@type\":\"EntryPoint\",\"urlTemplate\":\"https:\/\/www.spirit-us.eu\/?s={search_term_string}\"},\"query-input\":{\"@type\":\"PropertyValueSpecification\",\"valueRequired\":true,\"valueName\":\"search_term_string\"}}],\"inLanguage\":\"fr-FR\"},{\"@type\":\"Organization\",\"@id\":\"https:\/\/www.spirit-us.eu\/#organization\",\"name\":\"Spirit-US\",\"url\":\"https:\/\/www.spirit-us.eu\/\",\"logo\":{\"@type\":\"ImageObject\",\"inLanguage\":\"fr-FR\",\"@id\":\"https:\/\/www.spirit-us.eu\/#\/schema\/logo\/image\/\",\"url\":\"https:\/\/www.spirit-us.eu\/wp-content\/uploads\/2025\/11\/logo-regarde-linterlocutrice-sans-arrriere-plan.jpg\",\"contentUrl\":\"https:\/\/www.spirit-us.eu\/wp-content\/uploads\/2025\/11\/logo-regarde-linterlocutrice-sans-arrriere-plan.jpg\",\"width\":1080,\"height\":1080,\"caption\":\"Spirit-US\"},\"image\":{\"@id\":\"https:\/\/www.spirit-us.eu\/#\/schema\/logo\/image\/\"},\"sameAs\":[\"https:\/\/www.facebook.com\/spirit.us.deum\"]}]}<\/script>\n<!-- \/ Yoast SEO plugin. -->","yoast_head_json":{"title":"Triompher de la blessure d'INJUSTICE - Spirit-US","robots":{"index":"index","follow":"follow","max-snippet":"max-snippet:-1","max-image-preview":"max-image-preview:large","max-video-preview":"max-video-preview:-1"},"canonical":"https:\/\/www.spirit-us.eu\/index.php\/produit\/triompher-de-la-blessure-dinjustice\/","og_locale":"fr_FR","og_type":"article","og_title":"Triompher de la blessure d'INJUSTICE - Spirit-US","og_description":"Audio de soin et de r\u00e9paration d\u2019\u00e2me de 55 minutes avec musique de Mozart. L\u2019enregistrement mp3 dure 45 minutes et servira pendant un cycle de la m\u00e9moire \u00e0 savoir 9 ou 28 jours, en fonction de l\u2019intensit\u00e9 du traumatisme subi. Ce soin a pour objectif la gu\u00e9rison de la blessure d\u2019injustice, quelle que soit son origine (enfance, adolescence, \u00e2ge adulte).\u00a0 Pour potentialiser les effets de la parole curative, une action est requise : soigner le m\u00e9ridien des \u00e9motions par de l\u2019auto-acupression, d\u00e9crite in extenso dans la brochure qui accompagne l\u2019audio. Ce soin est destin\u00e9 \u00e0 toute personne ayant subi une injustice, qui souhaite agir pour r\u00e9parer les d\u00e9g\u00e2ts. La premi\u00e8re \u00e9tape est de prendre soin de soi et de reprogrammer les divers niveaux de conscience impact\u00e9s par l\u2019injustice subie \u00e0 un moment o\u00f9 on n\u2019a pas pu r\u00e9\u00e9quilibrer les choses. Les effets sont puissants et vous donneront la clart\u00e9 d\u2019esprit n\u00e9cessaire pour vous gu\u00e9rir de cette blessure et de ses effets secondaires.\u00a0 L\u2019audio est livr\u00e9 avec une brochure d\u2019information br\u00e8ve mais claire et exhaustive. Si vous demeurez aux prises avec l'injustice et que sa source est d'ordre judiciaire (un divorce est de l'ordre du judiciaire, par exemple), vous pouvez avoir recours \u00e0 un exorcisme puissant pour mettre toutes les chances de votre c\u00f4t\u00e9 : voyez l'audio TRIBUNAL DE LUMIERE.","og_url":"https:\/\/www.spirit-us.eu\/index.php\/produit\/triompher-de-la-blessure-dinjustice\/","og_site_name":"Spirit-US","article_publisher":"https:\/\/www.facebook.com\/spirit.us.deum","article_modified_time":"2025-11-06T08:57:50+00:00","og_image":[{"width":1080,"height":1080,"url":"https:\/\/www.spirit-us.eu\/wp-content\/uploads\/2025\/02\/Blessure-dinjustice.png","type":"image\/png"}],"twitter_card":"summary_large_image","twitter_misc":{"Dur\u00e9e de lecture estim\u00e9e":"2 minutes"},"schema":{"@context":"https:\/\/schema.org","@graph":[{"@type":"WebPage","@id":"https:\/\/www.spirit-us.eu\/index.php\/produit\/triompher-de-la-blessure-dinjustice\/","url":"https:\/\/www.spirit-us.eu\/index.php\/produit\/triompher-de-la-blessure-dinjustice\/","name":"Triompher de la blessure d'INJUSTICE - Spirit-US","isPartOf":{"@id":"https:\/\/www.spirit-us.eu\/#website"},"primaryImageOfPage":{"@id":"https:\/\/www.spirit-us.eu\/index.php\/produit\/triompher-de-la-blessure-dinjustice\/#primaryimage"},"image":{"@id":"https:\/\/www.spirit-us.eu\/index.php\/produit\/triompher-de-la-blessure-dinjustice\/#primaryimage"},"thumbnailUrl":"https:\/\/www.spirit-us.eu\/wp-content\/uploads\/2025\/02\/Blessure-dinjustice.png","datePublished":"2025-02-12T19:03:56+00:00","dateModified":"2025-11-06T08:57:50+00:00","breadcrumb":{"@id":"https:\/\/www.spirit-us.eu\/index.php\/produit\/triompher-de-la-blessure-dinjustice\/#breadcrumb"},"inLanguage":"fr-FR","potentialAction":[{"@type":"ReadAction","target":["https:\/\/www.spirit-us.eu\/index.php\/produit\/triompher-de-la-blessure-dinjustice\/"]}]},{"@type":"ImageObject","inLanguage":"fr-FR","@id":"https:\/\/www.spirit-us.eu\/index.php\/produit\/triompher-de-la-blessure-dinjustice\/#primaryimage","url":"https:\/\/www.spirit-us.eu\/wp-content\/uploads\/2025\/02\/Blessure-dinjustice.png","contentUrl":"https:\/\/www.spirit-us.eu\/wp-content\/uploads\/2025\/02\/Blessure-dinjustice.png","width":1080,"height":1080},{"@type":"BreadcrumbList","@id":"https:\/\/www.spirit-us.eu\/index.php\/produit\/triompher-de-la-blessure-dinjustice\/#breadcrumb","itemListElement":[{"@type":"ListItem","position":1,"name":"Accueil","item":"https:\/\/www.spirit-us.eu\/"},{"@type":"ListItem","position":2,"name":"Boutique","item":"https:\/\/www.spirit-us.eu\/index.php\/boutique\/"},{"@type":"ListItem","position":3,"name":"Triompher de la blessure d&rsquo;INJUSTICE"}]},{"@type":"WebSite","@id":"https:\/\/www.spirit-us.eu\/#website","url":"https:\/\/www.spirit-us.eu\/","name":"Spirit-US","description":"","publisher":{"@id":"https:\/\/www.spirit-us.eu\/#organization"},"potentialAction":[{"@type":"SearchAction","target":{"@type":"EntryPoint","urlTemplate":"https:\/\/www.spirit-us.eu\/?s={search_term_string}"},"query-input":{"@type":"PropertyValueSpecification","valueRequired":true,"valueName":"search_term_string"}}],"inLanguage":"fr-FR"},{"@type":"Organization","@id":"https:\/\/www.spirit-us.eu\/#organization","name":"Spirit-US","url":"https:\/\/www.spirit-us.eu\/","logo":{"@type":"ImageObject","inLanguage":"fr-FR","@id":"https:\/\/www.spirit-us.eu\/#\/schema\/logo\/image\/","url":"https:\/\/www.spirit-us.eu\/wp-content\/uploads\/2025\/11\/logo-regarde-linterlocutrice-sans-arrriere-plan.jpg","contentUrl":"https:\/\/www.spirit-us.eu\/wp-content\/uploads\/2025\/11\/logo-regarde-linterlocutrice-sans-arrriere-plan.jpg","width":1080,"height":1080,"caption":"Spirit-US"},"image":{"@id":"https:\/\/www.spirit-us.eu\/#\/schema\/logo\/image\/"},"sameAs":["https:\/\/www.facebook.com\/spirit.us.deum"]}]}},"jetpack_sharing_enabled":true,"_links":{"self":[{"href":"https:\/\/www.spirit-us.eu\/index.php\/wp-json\/wp\/v2\/product\/464","targetHints":{"allow":["GET"]}}],"collection":[{"href":"https:\/\/www.spirit-us.eu\/index.php\/wp-json\/wp\/v2\/product"}],"about":[{"href":"https:\/\/www.spirit-us.eu\/index.php\/wp-json\/wp\/v2\/types\/product"}],"replies":[{"embeddable":true,"href":"https:\/\/www.spirit-us.eu\/index.php\/wp-json\/wp\/v2\/comments?post=464"}],"wp:featuredmedia":[{"embeddable":true,"href":"https:\/\/www.spirit-us.eu\/index.php\/wp-json\/wp\/v2\/media\/465"}],"wp:attachment":[{"href":"https:\/\/www.spirit-us.eu\/index.php\/wp-json\/wp\/v2\/media?parent=464"}],"wp:term":[{"taxonomy":"product_brand","embeddable":true,"href":"https:\/\/www.spirit-us.eu\/index.php\/wp-json\/wp\/v2\/product_brand?post=464"},{"taxonomy":"product_cat","embeddable":true,"href":"https:\/\/www.spirit-us.eu\/index.php\/wp-json\/wp\/v2\/product_cat?post=464"},{"taxonomy":"product_tag","embeddable":true,"href":"https:\/\/www.spirit-us.eu\/index.php\/wp-json\/wp\/v2\/product_tag?post=464"},{"taxonomy":"mwb_booking_cost","embeddable":true,"href":"https:\/\/www.spirit-us.eu\/index.php\/wp-json\/wp\/v2\/mwb_booking_cost?post=464"},{"taxonomy":"mwb_booking_service","embeddable":true,"href":"https:\/\/www.spirit-us.eu\/index.php\/wp-json\/wp\/v2\/mwb_booking_service?post=464"}],"curies":[{"name":"wp","href":"https:\/\/api.w.org\/{rel}","templated":true}]}}