{"id":4623,"date":"2026-04-29T19:57:30","date_gmt":"2026-04-29T17:57:30","guid":{"rendered":"https:\/\/www.spirit-us.eu\/?post_type=product&#038;p=4623"},"modified":"2026-04-29T20:24:29","modified_gmt":"2026-04-29T18:24:29","slug":"nettoyage-energetique-nouvelles-energies","status":"publish","type":"product","link":"https:\/\/www.spirit-us.eu\/index.php\/produit\/nettoyage-energetique-nouvelles-energies\/","title":{"rendered":"NETTOYAGE ENERGETIQUE &#8211; nouvelles \u00e9nergies"},"content":{"rendered":"<p>L\u2019objectif de ce soin est de r\u00e9aligner vos centres \u00e9nerg\u00e9tiques, aussi appel\u00e9s Chakras, et d&rsquo;effectuer un nettoyage mental en cas d&rsquo;\u00e9puisement et de surcharge d&rsquo;ondes n\u00e9gatives.<\/p>\n<p><strong>Format<\/strong> : mp3 t\u00e9l\u00e9chargeable voix et musique<\/p>\n<p><strong>Dur\u00e9e\u00a0<\/strong>: 30 minutes<\/p>\n<p><strong>Auteure<\/strong> : Lola LACROIX<\/p>\n<p><strong>Musique\u00a0<\/strong>: VANGELIS<\/p>\n<p><strong>Edition\u00a0<\/strong>: Acad\u00e9mie des Paroles de Lumi\u00e8re<\/p>\n<p><strong>Droits\u00a0<\/strong>: reproduction et distribution interdites<\/p>\n<p><strong>R\u00e9alisation<\/strong> : 100% humaine<\/p>\n<p>Disponible imm\u00e9diatement.<\/p>\n","protected":false},"excerpt":{"rendered":"<p>Enregistrement audio mp3 d&rsquo;une dur\u00e9e de\u00a0 minutes, avec musique d&rsquo;induction dans la m\u00e9ditation. Cet hypno-soin va vous permettre de rel\u00e2cher la pression si la charge mentale quotidienne est trop pesante, si l&rsquo;\u00e9puisement s&rsquo;installe et que vous avez besoin d&rsquo;une pause lumineuse dans une journ\u00e9e bien remplie.\u00a0 Vous vous endormirez peut-\u00eatre durant l&rsquo;\u00e9coute de cet enregistrement, et ce sera parfait : car les paroles continuent leur chemin au-del\u00e0 de votre conscience et reprogramment votre inconscient \u00e0 un mieux-\u00eatre. R\u00e9sultat ? Pleine forme garantie au r\u00e9veil.<\/p>\n","protected":false},"featured_media":4624,"comment_status":"open","ping_status":"closed","template":"","meta":[],"product_brand":[],"product_cat":[155,17],"product_tag":[605,604,601,600,271,602,603],"mwb_booking_cost":[],"mwb_booking_service":[],"class_list":{"0":"post-4623","1":"product","2":"type-product","3":"status-publish","4":"has-post-thumbnail","6":"product_cat-02-soins-accueil","7":"product_cat-tous-les-produits","8":"product_tag-epuisement-mental","9":"product_tag-fatigue","10":"product_tag-nettoyage-energetique","11":"product_tag-nettoyer-les-energies-negatives","12":"product_tag-ondes-negatives","13":"product_tag-regeneration-energetique","14":"product_tag-surcharge-mentale","16":"first","17":"instock","18":"downloadable","19":"virtual","20":"purchasable","21":"product-type-simple"},"yoast_head":"<!-- This site is optimized with the Yoast SEO plugin v27.4 - https:\/\/yoast.com\/product\/yoast-seo-wordpress\/ -->\n<title>NETTOYAGE ENERGETIQUE - nouvelles \u00e9nergies - Spirit-US<\/title>\n<meta name=\"description\" content=\"Soin de r\u00e9g\u00e9n\u00e9ration, d&#039;induction dans de belles et puissantes \u00e9nergies, durant les mois de printemps. Id\u00e9al pour les moments de fatigue et de charge mentale.\" \/>\n<meta name=\"robots\" content=\"index, follow, max-snippet:-1, max-image-preview:large, max-video-preview:-1\" \/>\n<link rel=\"canonical\" href=\"https:\/\/www.spirit-us.eu\/index.php\/produit\/nettoyage-energetique-nouvelles-energies\/\" \/>\n<meta property=\"og:locale\" content=\"fr_FR\" \/>\n<meta property=\"og:type\" content=\"article\" \/>\n<meta property=\"og:title\" content=\"NETTOYAGE ENERGETIQUE - nouvelles \u00e9nergies - Spirit-US\" \/>\n<meta property=\"og:description\" content=\"Soin de r\u00e9g\u00e9n\u00e9ration, d&#039;induction dans de belles et puissantes \u00e9nergies, durant les mois de printemps. Id\u00e9al pour les moments de fatigue et de charge mentale.\" \/>\n<meta property=\"og:url\" content=\"https:\/\/www.spirit-us.eu\/index.php\/produit\/nettoyage-energetique-nouvelles-energies\/\" \/>\n<meta property=\"og:site_name\" content=\"Spirit-US\" \/>\n<meta property=\"article:publisher\" content=\"https:\/\/www.facebook.com\/spirit.us.deum\" \/>\n<meta property=\"article:modified_time\" content=\"2026-04-29T18:24:29+00:00\" \/>\n<meta property=\"og:image\" content=\"https:\/\/www.spirit-us.eu\/wp-content\/uploads\/2026\/04\/nettoyage-energetique-1024x1024.png\" \/>\n\t<meta property=\"og:image:width\" content=\"1024\" \/>\n\t<meta property=\"og:image:height\" content=\"1024\" \/>\n\t<meta property=\"og:image:type\" content=\"image\/png\" \/>\n<meta name=\"twitter:card\" content=\"summary_large_image\" \/>\n<meta name=\"twitter:label1\" content=\"Dur\u00e9e de lecture estim\u00e9e\" \/>\n\t<meta name=\"twitter:data1\" content=\"1 minute\" \/>\n<script type=\"application\/ld+json\" class=\"yoast-schema-graph\">{\"@context\":\"https:\\\/\\\/schema.org\",\"@graph\":[{\"@type\":\"WebPage\",\"@id\":\"https:\\\/\\\/www.spirit-us.eu\\\/index.php\\\/produit\\\/nettoyage-energetique-nouvelles-energies\\\/\",\"url\":\"https:\\\/\\\/www.spirit-us.eu\\\/index.php\\\/produit\\\/nettoyage-energetique-nouvelles-energies\\\/\",\"name\":\"NETTOYAGE ENERGETIQUE - nouvelles \u00e9nergies - Spirit-US\",\"isPartOf\":{\"@id\":\"https:\\\/\\\/www.spirit-us.eu\\\/#website\"},\"primaryImageOfPage\":{\"@id\":\"https:\\\/\\\/www.spirit-us.eu\\\/index.php\\\/produit\\\/nettoyage-energetique-nouvelles-energies\\\/#primaryimage\"},\"image\":{\"@id\":\"https:\\\/\\\/www.spirit-us.eu\\\/index.php\\\/produit\\\/nettoyage-energetique-nouvelles-energies\\\/#primaryimage\"},\"thumbnailUrl\":\"https:\\\/\\\/www.spirit-us.eu\\\/wp-content\\\/uploads\\\/2026\\\/04\\\/nettoyage-energetique.png\",\"datePublished\":\"2026-04-29T17:57:30+00:00\",\"dateModified\":\"2026-04-29T18:24:29+00:00\",\"description\":\"Soin de r\u00e9g\u00e9n\u00e9ration, d'induction dans de belles et puissantes \u00e9nergies, durant les mois de printemps. Id\u00e9al pour les moments de fatigue et de charge mentale.\",\"breadcrumb\":{\"@id\":\"https:\\\/\\\/www.spirit-us.eu\\\/index.php\\\/produit\\\/nettoyage-energetique-nouvelles-energies\\\/#breadcrumb\"},\"inLanguage\":\"fr-FR\",\"potentialAction\":[{\"@type\":\"ReadAction\",\"target\":[\"https:\\\/\\\/www.spirit-us.eu\\\/index.php\\\/produit\\\/nettoyage-energetique-nouvelles-energies\\\/\"]}]},{\"@type\":\"ImageObject\",\"inLanguage\":\"fr-FR\",\"@id\":\"https:\\\/\\\/www.spirit-us.eu\\\/index.php\\\/produit\\\/nettoyage-energetique-nouvelles-energies\\\/#primaryimage\",\"url\":\"https:\\\/\\\/www.spirit-us.eu\\\/wp-content\\\/uploads\\\/2026\\\/04\\\/nettoyage-energetique.png\",\"contentUrl\":\"https:\\\/\\\/www.spirit-us.eu\\\/wp-content\\\/uploads\\\/2026\\\/04\\\/nettoyage-energetique.png\",\"width\":1755,\"height\":1755},{\"@type\":\"BreadcrumbList\",\"@id\":\"https:\\\/\\\/www.spirit-us.eu\\\/index.php\\\/produit\\\/nettoyage-energetique-nouvelles-energies\\\/#breadcrumb\",\"itemListElement\":[{\"@type\":\"ListItem\",\"position\":1,\"name\":\"Accueil\",\"item\":\"https:\\\/\\\/www.spirit-us.eu\\\/\"},{\"@type\":\"ListItem\",\"position\":2,\"name\":\"Boutique\",\"item\":\"https:\\\/\\\/www.spirit-us.eu\\\/index.php\\\/boutique\\\/\"},{\"@type\":\"ListItem\",\"position\":3,\"name\":\"NETTOYAGE ENERGETIQUE &#8211; nouvelles \u00e9nergies\"}]},{\"@type\":\"WebSite\",\"@id\":\"https:\\\/\\\/www.spirit-us.eu\\\/#website\",\"url\":\"https:\\\/\\\/www.spirit-us.eu\\\/\",\"name\":\"Spirit-US\",\"description\":\"\",\"publisher\":{\"@id\":\"https:\\\/\\\/www.spirit-us.eu\\\/#organization\"},\"potentialAction\":[{\"@type\":\"SearchAction\",\"target\":{\"@type\":\"EntryPoint\",\"urlTemplate\":\"https:\\\/\\\/www.spirit-us.eu\\\/?s={search_term_string}\"},\"query-input\":{\"@type\":\"PropertyValueSpecification\",\"valueRequired\":true,\"valueName\":\"search_term_string\"}}],\"inLanguage\":\"fr-FR\"},{\"@type\":\"Organization\",\"@id\":\"https:\\\/\\\/www.spirit-us.eu\\\/#organization\",\"name\":\"Spirit-US\",\"url\":\"https:\\\/\\\/www.spirit-us.eu\\\/\",\"logo\":{\"@type\":\"ImageObject\",\"inLanguage\":\"fr-FR\",\"@id\":\"https:\\\/\\\/www.spirit-us.eu\\\/#\\\/schema\\\/logo\\\/image\\\/\",\"url\":\"https:\\\/\\\/www.spirit-us.eu\\\/wp-content\\\/uploads\\\/2025\\\/11\\\/logo-regarde-linterlocutrice-sans-arrriere-plan.jpg\",\"contentUrl\":\"https:\\\/\\\/www.spirit-us.eu\\\/wp-content\\\/uploads\\\/2025\\\/11\\\/logo-regarde-linterlocutrice-sans-arrriere-plan.jpg\",\"width\":1080,\"height\":1080,\"caption\":\"Spirit-US\"},\"image\":{\"@id\":\"https:\\\/\\\/www.spirit-us.eu\\\/#\\\/schema\\\/logo\\\/image\\\/\"},\"sameAs\":[\"https:\\\/\\\/www.facebook.com\\\/spirit.us.deum\"]}]}<\/script>\n<!-- \/ Yoast SEO plugin. -->","yoast_head_json":{"title":"NETTOYAGE ENERGETIQUE - nouvelles \u00e9nergies - Spirit-US","description":"Soin de r\u00e9g\u00e9n\u00e9ration, d'induction dans de belles et puissantes \u00e9nergies, durant les mois de printemps. Id\u00e9al pour les moments de fatigue et de charge mentale.","robots":{"index":"index","follow":"follow","max-snippet":"max-snippet:-1","max-image-preview":"max-image-preview:large","max-video-preview":"max-video-preview:-1"},"canonical":"https:\/\/www.spirit-us.eu\/index.php\/produit\/nettoyage-energetique-nouvelles-energies\/","og_locale":"fr_FR","og_type":"article","og_title":"NETTOYAGE ENERGETIQUE - nouvelles \u00e9nergies - Spirit-US","og_description":"Soin de r\u00e9g\u00e9n\u00e9ration, d'induction dans de belles et puissantes \u00e9nergies, durant les mois de printemps. Id\u00e9al pour les moments de fatigue et de charge mentale.","og_url":"https:\/\/www.spirit-us.eu\/index.php\/produit\/nettoyage-energetique-nouvelles-energies\/","og_site_name":"Spirit-US","article_publisher":"https:\/\/www.facebook.com\/spirit.us.deum","article_modified_time":"2026-04-29T18:24:29+00:00","og_image":[{"width":1024,"height":1024,"url":"https:\/\/www.spirit-us.eu\/wp-content\/uploads\/2026\/04\/nettoyage-energetique-1024x1024.png","type":"image\/png"}],"twitter_card":"summary_large_image","twitter_misc":{"Dur\u00e9e de lecture estim\u00e9e":"1 minute"},"schema":{"@context":"https:\/\/schema.org","@graph":[{"@type":"WebPage","@id":"https:\/\/www.spirit-us.eu\/index.php\/produit\/nettoyage-energetique-nouvelles-energies\/","url":"https:\/\/www.spirit-us.eu\/index.php\/produit\/nettoyage-energetique-nouvelles-energies\/","name":"NETTOYAGE ENERGETIQUE - nouvelles \u00e9nergies - Spirit-US","isPartOf":{"@id":"https:\/\/www.spirit-us.eu\/#website"},"primaryImageOfPage":{"@id":"https:\/\/www.spirit-us.eu\/index.php\/produit\/nettoyage-energetique-nouvelles-energies\/#primaryimage"},"image":{"@id":"https:\/\/www.spirit-us.eu\/index.php\/produit\/nettoyage-energetique-nouvelles-energies\/#primaryimage"},"thumbnailUrl":"https:\/\/www.spirit-us.eu\/wp-content\/uploads\/2026\/04\/nettoyage-energetique.png","datePublished":"2026-04-29T17:57:30+00:00","dateModified":"2026-04-29T18:24:29+00:00","description":"Soin de r\u00e9g\u00e9n\u00e9ration, d'induction dans de belles et puissantes \u00e9nergies, durant les mois de printemps. Id\u00e9al pour les moments de fatigue et de charge mentale.","breadcrumb":{"@id":"https:\/\/www.spirit-us.eu\/index.php\/produit\/nettoyage-energetique-nouvelles-energies\/#breadcrumb"},"inLanguage":"fr-FR","potentialAction":[{"@type":"ReadAction","target":["https:\/\/www.spirit-us.eu\/index.php\/produit\/nettoyage-energetique-nouvelles-energies\/"]}]},{"@type":"ImageObject","inLanguage":"fr-FR","@id":"https:\/\/www.spirit-us.eu\/index.php\/produit\/nettoyage-energetique-nouvelles-energies\/#primaryimage","url":"https:\/\/www.spirit-us.eu\/wp-content\/uploads\/2026\/04\/nettoyage-energetique.png","contentUrl":"https:\/\/www.spirit-us.eu\/wp-content\/uploads\/2026\/04\/nettoyage-energetique.png","width":1755,"height":1755},{"@type":"BreadcrumbList","@id":"https:\/\/www.spirit-us.eu\/index.php\/produit\/nettoyage-energetique-nouvelles-energies\/#breadcrumb","itemListElement":[{"@type":"ListItem","position":1,"name":"Accueil","item":"https:\/\/www.spirit-us.eu\/"},{"@type":"ListItem","position":2,"name":"Boutique","item":"https:\/\/www.spirit-us.eu\/index.php\/boutique\/"},{"@type":"ListItem","position":3,"name":"NETTOYAGE ENERGETIQUE &#8211; nouvelles \u00e9nergies"}]},{"@type":"WebSite","@id":"https:\/\/www.spirit-us.eu\/#website","url":"https:\/\/www.spirit-us.eu\/","name":"Spirit-US","description":"","publisher":{"@id":"https:\/\/www.spirit-us.eu\/#organization"},"potentialAction":[{"@type":"SearchAction","target":{"@type":"EntryPoint","urlTemplate":"https:\/\/www.spirit-us.eu\/?s={search_term_string}"},"query-input":{"@type":"PropertyValueSpecification","valueRequired":true,"valueName":"search_term_string"}}],"inLanguage":"fr-FR"},{"@type":"Organization","@id":"https:\/\/www.spirit-us.eu\/#organization","name":"Spirit-US","url":"https:\/\/www.spirit-us.eu\/","logo":{"@type":"ImageObject","inLanguage":"fr-FR","@id":"https:\/\/www.spirit-us.eu\/#\/schema\/logo\/image\/","url":"https:\/\/www.spirit-us.eu\/wp-content\/uploads\/2025\/11\/logo-regarde-linterlocutrice-sans-arrriere-plan.jpg","contentUrl":"https:\/\/www.spirit-us.eu\/wp-content\/uploads\/2025\/11\/logo-regarde-linterlocutrice-sans-arrriere-plan.jpg","width":1080,"height":1080,"caption":"Spirit-US"},"image":{"@id":"https:\/\/www.spirit-us.eu\/#\/schema\/logo\/image\/"},"sameAs":["https:\/\/www.facebook.com\/spirit.us.deum"]}]}},"jetpack_sharing_enabled":true,"_links":{"self":[{"href":"https:\/\/www.spirit-us.eu\/index.php\/wp-json\/wp\/v2\/product\/4623","targetHints":{"allow":["GET"]}}],"collection":[{"href":"https:\/\/www.spirit-us.eu\/index.php\/wp-json\/wp\/v2\/product"}],"about":[{"href":"https:\/\/www.spirit-us.eu\/index.php\/wp-json\/wp\/v2\/types\/product"}],"replies":[{"embeddable":true,"href":"https:\/\/www.spirit-us.eu\/index.php\/wp-json\/wp\/v2\/comments?post=4623"}],"wp:featuredmedia":[{"embeddable":true,"href":"https:\/\/www.spirit-us.eu\/index.php\/wp-json\/wp\/v2\/media\/4624"}],"wp:attachment":[{"href":"https:\/\/www.spirit-us.eu\/index.php\/wp-json\/wp\/v2\/media?parent=4623"}],"wp:term":[{"taxonomy":"product_brand","embeddable":true,"href":"https:\/\/www.spirit-us.eu\/index.php\/wp-json\/wp\/v2\/product_brand?post=4623"},{"taxonomy":"product_cat","embeddable":true,"href":"https:\/\/www.spirit-us.eu\/index.php\/wp-json\/wp\/v2\/product_cat?post=4623"},{"taxonomy":"product_tag","embeddable":true,"href":"https:\/\/www.spirit-us.eu\/index.php\/wp-json\/wp\/v2\/product_tag?post=4623"},{"taxonomy":"mwb_booking_cost","embeddable":true,"href":"https:\/\/www.spirit-us.eu\/index.php\/wp-json\/wp\/v2\/mwb_booking_cost?post=4623"},{"taxonomy":"mwb_booking_service","embeddable":true,"href":"https:\/\/www.spirit-us.eu\/index.php\/wp-json\/wp\/v2\/mwb_booking_service?post=4623"}],"curies":[{"name":"wp","href":"https:\/\/api.w.org\/{rel}","templated":true}]}}