{"id":4603,"date":"2026-04-24T10:25:34","date_gmt":"2026-04-24T08:25:34","guid":{"rendered":"https:\/\/www.spirit-us.eu\/?post_type=product&#038;p=4603"},"modified":"2026-04-24T14:39:37","modified_gmt":"2026-04-24T12:39:37","slug":"transformez-votre-relation-a-lenergie-financiere-manifestez-labondance-de-dieu","status":"publish","type":"product","link":"https:\/\/www.spirit-us.eu\/index.php\/produit\/transformez-votre-relation-a-lenergie-financiere-manifestez-labondance-de-dieu\/","title":{"rendered":"TRANSFORMEZ VOTRE RELATION A L&rsquo;ENERGIE FINANCIERE &#8211; manifestez l&rsquo;abondance de Dieu"},"content":{"rendered":"<p>L\u2019objectif de ce soin est de transformer votre vision de l\u2019\u00e9nergie financi\u00e8re, afin qu\u2019elle devienne un canal d\u2019abondance en toute bonne chose et de prosp\u00e9rit\u00e9 divine pour vous. Un changement de paradigme n\u00e9cessite certes des \u00e9tapes, celle-ci est la 1<sup>\u00e8re<\/sup>. Soin t\u00e9l\u00e9chargeable avec son livret explicatif, disponible imm\u00e9diatement.<\/p>\n<p><strong>Format<\/strong>\u00a0: mp3 t\u00e9l\u00e9chargeable voix et musique\u00a0; avec livret explicatif au format PDF<\/p>\n<p><strong>Dur\u00e9e<\/strong>\u00a0: 44 minutes<\/p>\n<p><strong>Auteure<\/strong>\u00a0: Lola LACROIX<\/p>\n<p><strong>Musique<\/strong>\u00a0: Regardez l\u2019humilit\u00e9 de Dieu, par ALEX<\/p>\n<p><strong>Edition<\/strong>\u00a0: Acad\u00e9mie des Paroles de Lumi\u00e8re<\/p>\n<p><strong>Droits<\/strong>\u00a0: reproduction et distribution interdites<\/p>\n<p><strong>R\u00e9alisation texte, musique, montage<\/strong>\u00a0: 100% humaine<\/p>\n","protected":false},"excerpt":{"rendered":"<p style=\"text-align: justify;\">Enregistrement audio mp3 d\u2019une dur\u00e9e de 44 minutes, avec musique de transformation. \u00a0Combien de fois avez-vous eu cette sensation de travailler dur, de faire tout ce qu&rsquo;il faut, de ne pas rester les bras crois\u00e9s, de vous battre avec tout ce que vous avez, et pourtant, l&rsquo;argent ne suit pas ?\u00a0 Combien de fois avez-vous vu une opportunit\u00e9 qui semblait r\u00e9elle se dissoudre au dernier moment ?\u00a0 Combien de fois avez-vous ressenti qu&rsquo;il y avait un mur invisible entre vous et la prosp\u00e9rit\u00e9, une sorte de plafond que vous ne pouvez pas toucher, mais que vous ressentez avec tristesse chaque fois que vous regardez votre compte en banque ?\u00a0 Ce n&rsquo;est pas une question de travail, ni d&rsquo;intelligence, ni de chance, c\u2019est une question d\u2019\u00e9tat d\u2019esprit, d\u2019ouverture d\u2019un canal que la vie, le syst\u00e8me, ou votre \u00e9ducation, ont bloqu\u00e9s. C\u2019est l\u2019enjeu d\u2019identifier quels blocages sont \u00e0 l\u2019\u0153uvre et surtout comment les dissoudre. Ce soin vous y aidera grandement.<\/p>\n","protected":false},"featured_media":4605,"comment_status":"open","ping_status":"closed","template":"","meta":[],"product_brand":[],"product_cat":[155,17],"product_tag":[596,594,598,599,250,595,251,597],"mwb_booking_cost":[],"mwb_booking_service":[],"class_list":{"0":"post-4603","1":"product","2":"type-product","3":"status-publish","4":"has-post-thumbnail","6":"product_cat-02-soins-accueil","7":"product_cat-tous-les-produits","8":"product_tag-abondance","9":"product_tag-abondance-positive","10":"product_tag-energie-de-largent","11":"product_tag-energie-financiere","12":"product_tag-prosperite","13":"product_tag-prosperite-de-dieu","14":"product_tag-rituel-de-prosperite","15":"product_tag-transformer-sa-relation-a-largent","17":"first","18":"instock","19":"downloadable","20":"virtual","21":"purchasable","22":"product-type-simple"},"yoast_head":"<!-- This site is optimized with the Yoast SEO plugin v27.4 - https:\/\/yoast.com\/product\/yoast-seo-wordpress\/ -->\n<title>TRANSFORMEZ VOTRE RELATION A L&#039;ENERGIE FINANCIERE - manifestez l&#039;abondance de Dieu - Spirit-US<\/title>\n<meta name=\"description\" content=\"Transformez votre relation \u00e0 l&#039;\u00e9nergie financi\u00e8re et commencez les \u00e9tapes vers le bien-\u00eatre financier et la libert\u00e9 financi\u00e8re.\" \/>\n<meta name=\"robots\" content=\"index, follow, max-snippet:-1, max-image-preview:large, max-video-preview:-1\" \/>\n<link rel=\"canonical\" href=\"https:\/\/www.spirit-us.eu\/index.php\/produit\/transformez-votre-relation-a-lenergie-financiere-manifestez-labondance-de-dieu\/\" \/>\n<meta property=\"og:locale\" content=\"fr_FR\" \/>\n<meta property=\"og:type\" content=\"article\" \/>\n<meta property=\"og:title\" content=\"TRANSFORMEZ VOTRE RELATION A L&#039;ENERGIE FINANCIERE - manifestez l&#039;abondance de Dieu - Spirit-US\" \/>\n<meta property=\"og:description\" content=\"Transformez votre relation \u00e0 l&#039;\u00e9nergie financi\u00e8re et commencez les \u00e9tapes vers le bien-\u00eatre financier et la libert\u00e9 financi\u00e8re.\" \/>\n<meta property=\"og:url\" content=\"https:\/\/www.spirit-us.eu\/index.php\/produit\/transformez-votre-relation-a-lenergie-financiere-manifestez-labondance-de-dieu\/\" \/>\n<meta property=\"og:site_name\" content=\"Spirit-US\" \/>\n<meta property=\"article:publisher\" content=\"https:\/\/www.facebook.com\/spirit.us.deum\" \/>\n<meta property=\"article:modified_time\" content=\"2026-04-24T12:39:37+00:00\" \/>\n<meta property=\"og:image\" content=\"https:\/\/www.spirit-us.eu\/wp-content\/uploads\/2026\/04\/image-produit-transformer-argent-soin-1024x1024.png\" \/>\n\t<meta property=\"og:image:width\" content=\"1024\" \/>\n\t<meta property=\"og:image:height\" content=\"1024\" \/>\n\t<meta property=\"og:image:type\" content=\"image\/png\" \/>\n<meta name=\"twitter:card\" content=\"summary_large_image\" \/>\n<meta name=\"twitter:label1\" content=\"Dur\u00e9e de lecture estim\u00e9e\" \/>\n\t<meta name=\"twitter:data1\" content=\"1 minute\" \/>\n<script type=\"application\/ld+json\" class=\"yoast-schema-graph\">{\"@context\":\"https:\\\/\\\/schema.org\",\"@graph\":[{\"@type\":\"WebPage\",\"@id\":\"https:\\\/\\\/www.spirit-us.eu\\\/index.php\\\/produit\\\/transformez-votre-relation-a-lenergie-financiere-manifestez-labondance-de-dieu\\\/\",\"url\":\"https:\\\/\\\/www.spirit-us.eu\\\/index.php\\\/produit\\\/transformez-votre-relation-a-lenergie-financiere-manifestez-labondance-de-dieu\\\/\",\"name\":\"TRANSFORMEZ VOTRE RELATION A L'ENERGIE FINANCIERE - manifestez l'abondance de Dieu - Spirit-US\",\"isPartOf\":{\"@id\":\"https:\\\/\\\/www.spirit-us.eu\\\/#website\"},\"primaryImageOfPage\":{\"@id\":\"https:\\\/\\\/www.spirit-us.eu\\\/index.php\\\/produit\\\/transformez-votre-relation-a-lenergie-financiere-manifestez-labondance-de-dieu\\\/#primaryimage\"},\"image\":{\"@id\":\"https:\\\/\\\/www.spirit-us.eu\\\/index.php\\\/produit\\\/transformez-votre-relation-a-lenergie-financiere-manifestez-labondance-de-dieu\\\/#primaryimage\"},\"thumbnailUrl\":\"https:\\\/\\\/www.spirit-us.eu\\\/wp-content\\\/uploads\\\/2026\\\/04\\\/image-produit-transformer-argent-soin-scaled.png\",\"datePublished\":\"2026-04-24T08:25:34+00:00\",\"dateModified\":\"2026-04-24T12:39:37+00:00\",\"description\":\"Transformez votre relation \u00e0 l'\u00e9nergie financi\u00e8re et commencez les \u00e9tapes vers le bien-\u00eatre financier et la libert\u00e9 financi\u00e8re.\",\"breadcrumb\":{\"@id\":\"https:\\\/\\\/www.spirit-us.eu\\\/index.php\\\/produit\\\/transformez-votre-relation-a-lenergie-financiere-manifestez-labondance-de-dieu\\\/#breadcrumb\"},\"inLanguage\":\"fr-FR\",\"potentialAction\":[{\"@type\":\"ReadAction\",\"target\":[\"https:\\\/\\\/www.spirit-us.eu\\\/index.php\\\/produit\\\/transformez-votre-relation-a-lenergie-financiere-manifestez-labondance-de-dieu\\\/\"]}]},{\"@type\":\"ImageObject\",\"inLanguage\":\"fr-FR\",\"@id\":\"https:\\\/\\\/www.spirit-us.eu\\\/index.php\\\/produit\\\/transformez-votre-relation-a-lenergie-financiere-manifestez-labondance-de-dieu\\\/#primaryimage\",\"url\":\"https:\\\/\\\/www.spirit-us.eu\\\/wp-content\\\/uploads\\\/2026\\\/04\\\/image-produit-transformer-argent-soin-scaled.png\",\"contentUrl\":\"https:\\\/\\\/www.spirit-us.eu\\\/wp-content\\\/uploads\\\/2026\\\/04\\\/image-produit-transformer-argent-soin-scaled.png\",\"width\":2560,\"height\":2560},{\"@type\":\"BreadcrumbList\",\"@id\":\"https:\\\/\\\/www.spirit-us.eu\\\/index.php\\\/produit\\\/transformez-votre-relation-a-lenergie-financiere-manifestez-labondance-de-dieu\\\/#breadcrumb\",\"itemListElement\":[{\"@type\":\"ListItem\",\"position\":1,\"name\":\"Accueil\",\"item\":\"https:\\\/\\\/www.spirit-us.eu\\\/\"},{\"@type\":\"ListItem\",\"position\":2,\"name\":\"Boutique\",\"item\":\"https:\\\/\\\/www.spirit-us.eu\\\/index.php\\\/boutique\\\/\"},{\"@type\":\"ListItem\",\"position\":3,\"name\":\"TRANSFORMEZ VOTRE RELATION A L&rsquo;ENERGIE FINANCIERE &#8211; manifestez l&rsquo;abondance de Dieu\"}]},{\"@type\":\"WebSite\",\"@id\":\"https:\\\/\\\/www.spirit-us.eu\\\/#website\",\"url\":\"https:\\\/\\\/www.spirit-us.eu\\\/\",\"name\":\"Spirit-US\",\"description\":\"\",\"publisher\":{\"@id\":\"https:\\\/\\\/www.spirit-us.eu\\\/#organization\"},\"potentialAction\":[{\"@type\":\"SearchAction\",\"target\":{\"@type\":\"EntryPoint\",\"urlTemplate\":\"https:\\\/\\\/www.spirit-us.eu\\\/?s={search_term_string}\"},\"query-input\":{\"@type\":\"PropertyValueSpecification\",\"valueRequired\":true,\"valueName\":\"search_term_string\"}}],\"inLanguage\":\"fr-FR\"},{\"@type\":\"Organization\",\"@id\":\"https:\\\/\\\/www.spirit-us.eu\\\/#organization\",\"name\":\"Spirit-US\",\"url\":\"https:\\\/\\\/www.spirit-us.eu\\\/\",\"logo\":{\"@type\":\"ImageObject\",\"inLanguage\":\"fr-FR\",\"@id\":\"https:\\\/\\\/www.spirit-us.eu\\\/#\\\/schema\\\/logo\\\/image\\\/\",\"url\":\"https:\\\/\\\/www.spirit-us.eu\\\/wp-content\\\/uploads\\\/2025\\\/11\\\/logo-regarde-linterlocutrice-sans-arrriere-plan.jpg\",\"contentUrl\":\"https:\\\/\\\/www.spirit-us.eu\\\/wp-content\\\/uploads\\\/2025\\\/11\\\/logo-regarde-linterlocutrice-sans-arrriere-plan.jpg\",\"width\":1080,\"height\":1080,\"caption\":\"Spirit-US\"},\"image\":{\"@id\":\"https:\\\/\\\/www.spirit-us.eu\\\/#\\\/schema\\\/logo\\\/image\\\/\"},\"sameAs\":[\"https:\\\/\\\/www.facebook.com\\\/spirit.us.deum\"]}]}<\/script>\n<!-- \/ Yoast SEO plugin. -->","yoast_head_json":{"title":"TRANSFORMEZ VOTRE RELATION A L'ENERGIE FINANCIERE - manifestez l'abondance de Dieu - Spirit-US","description":"Transformez votre relation \u00e0 l'\u00e9nergie financi\u00e8re et commencez les \u00e9tapes vers le bien-\u00eatre financier et la libert\u00e9 financi\u00e8re.","robots":{"index":"index","follow":"follow","max-snippet":"max-snippet:-1","max-image-preview":"max-image-preview:large","max-video-preview":"max-video-preview:-1"},"canonical":"https:\/\/www.spirit-us.eu\/index.php\/produit\/transformez-votre-relation-a-lenergie-financiere-manifestez-labondance-de-dieu\/","og_locale":"fr_FR","og_type":"article","og_title":"TRANSFORMEZ VOTRE RELATION A L'ENERGIE FINANCIERE - manifestez l'abondance de Dieu - Spirit-US","og_description":"Transformez votre relation \u00e0 l'\u00e9nergie financi\u00e8re et commencez les \u00e9tapes vers le bien-\u00eatre financier et la libert\u00e9 financi\u00e8re.","og_url":"https:\/\/www.spirit-us.eu\/index.php\/produit\/transformez-votre-relation-a-lenergie-financiere-manifestez-labondance-de-dieu\/","og_site_name":"Spirit-US","article_publisher":"https:\/\/www.facebook.com\/spirit.us.deum","article_modified_time":"2026-04-24T12:39:37+00:00","og_image":[{"width":1024,"height":1024,"url":"https:\/\/www.spirit-us.eu\/wp-content\/uploads\/2026\/04\/image-produit-transformer-argent-soin-1024x1024.png","type":"image\/png"}],"twitter_card":"summary_large_image","twitter_misc":{"Dur\u00e9e de lecture estim\u00e9e":"1 minute"},"schema":{"@context":"https:\/\/schema.org","@graph":[{"@type":"WebPage","@id":"https:\/\/www.spirit-us.eu\/index.php\/produit\/transformez-votre-relation-a-lenergie-financiere-manifestez-labondance-de-dieu\/","url":"https:\/\/www.spirit-us.eu\/index.php\/produit\/transformez-votre-relation-a-lenergie-financiere-manifestez-labondance-de-dieu\/","name":"TRANSFORMEZ VOTRE RELATION A L'ENERGIE FINANCIERE - manifestez l'abondance de Dieu - Spirit-US","isPartOf":{"@id":"https:\/\/www.spirit-us.eu\/#website"},"primaryImageOfPage":{"@id":"https:\/\/www.spirit-us.eu\/index.php\/produit\/transformez-votre-relation-a-lenergie-financiere-manifestez-labondance-de-dieu\/#primaryimage"},"image":{"@id":"https:\/\/www.spirit-us.eu\/index.php\/produit\/transformez-votre-relation-a-lenergie-financiere-manifestez-labondance-de-dieu\/#primaryimage"},"thumbnailUrl":"https:\/\/www.spirit-us.eu\/wp-content\/uploads\/2026\/04\/image-produit-transformer-argent-soin-scaled.png","datePublished":"2026-04-24T08:25:34+00:00","dateModified":"2026-04-24T12:39:37+00:00","description":"Transformez votre relation \u00e0 l'\u00e9nergie financi\u00e8re et commencez les \u00e9tapes vers le bien-\u00eatre financier et la libert\u00e9 financi\u00e8re.","breadcrumb":{"@id":"https:\/\/www.spirit-us.eu\/index.php\/produit\/transformez-votre-relation-a-lenergie-financiere-manifestez-labondance-de-dieu\/#breadcrumb"},"inLanguage":"fr-FR","potentialAction":[{"@type":"ReadAction","target":["https:\/\/www.spirit-us.eu\/index.php\/produit\/transformez-votre-relation-a-lenergie-financiere-manifestez-labondance-de-dieu\/"]}]},{"@type":"ImageObject","inLanguage":"fr-FR","@id":"https:\/\/www.spirit-us.eu\/index.php\/produit\/transformez-votre-relation-a-lenergie-financiere-manifestez-labondance-de-dieu\/#primaryimage","url":"https:\/\/www.spirit-us.eu\/wp-content\/uploads\/2026\/04\/image-produit-transformer-argent-soin-scaled.png","contentUrl":"https:\/\/www.spirit-us.eu\/wp-content\/uploads\/2026\/04\/image-produit-transformer-argent-soin-scaled.png","width":2560,"height":2560},{"@type":"BreadcrumbList","@id":"https:\/\/www.spirit-us.eu\/index.php\/produit\/transformez-votre-relation-a-lenergie-financiere-manifestez-labondance-de-dieu\/#breadcrumb","itemListElement":[{"@type":"ListItem","position":1,"name":"Accueil","item":"https:\/\/www.spirit-us.eu\/"},{"@type":"ListItem","position":2,"name":"Boutique","item":"https:\/\/www.spirit-us.eu\/index.php\/boutique\/"},{"@type":"ListItem","position":3,"name":"TRANSFORMEZ VOTRE RELATION A L&rsquo;ENERGIE FINANCIERE &#8211; manifestez l&rsquo;abondance de Dieu"}]},{"@type":"WebSite","@id":"https:\/\/www.spirit-us.eu\/#website","url":"https:\/\/www.spirit-us.eu\/","name":"Spirit-US","description":"","publisher":{"@id":"https:\/\/www.spirit-us.eu\/#organization"},"potentialAction":[{"@type":"SearchAction","target":{"@type":"EntryPoint","urlTemplate":"https:\/\/www.spirit-us.eu\/?s={search_term_string}"},"query-input":{"@type":"PropertyValueSpecification","valueRequired":true,"valueName":"search_term_string"}}],"inLanguage":"fr-FR"},{"@type":"Organization","@id":"https:\/\/www.spirit-us.eu\/#organization","name":"Spirit-US","url":"https:\/\/www.spirit-us.eu\/","logo":{"@type":"ImageObject","inLanguage":"fr-FR","@id":"https:\/\/www.spirit-us.eu\/#\/schema\/logo\/image\/","url":"https:\/\/www.spirit-us.eu\/wp-content\/uploads\/2025\/11\/logo-regarde-linterlocutrice-sans-arrriere-plan.jpg","contentUrl":"https:\/\/www.spirit-us.eu\/wp-content\/uploads\/2025\/11\/logo-regarde-linterlocutrice-sans-arrriere-plan.jpg","width":1080,"height":1080,"caption":"Spirit-US"},"image":{"@id":"https:\/\/www.spirit-us.eu\/#\/schema\/logo\/image\/"},"sameAs":["https:\/\/www.facebook.com\/spirit.us.deum"]}]}},"jetpack_sharing_enabled":true,"_links":{"self":[{"href":"https:\/\/www.spirit-us.eu\/index.php\/wp-json\/wp\/v2\/product\/4603","targetHints":{"allow":["GET"]}}],"collection":[{"href":"https:\/\/www.spirit-us.eu\/index.php\/wp-json\/wp\/v2\/product"}],"about":[{"href":"https:\/\/www.spirit-us.eu\/index.php\/wp-json\/wp\/v2\/types\/product"}],"replies":[{"embeddable":true,"href":"https:\/\/www.spirit-us.eu\/index.php\/wp-json\/wp\/v2\/comments?post=4603"}],"wp:featuredmedia":[{"embeddable":true,"href":"https:\/\/www.spirit-us.eu\/index.php\/wp-json\/wp\/v2\/media\/4605"}],"wp:attachment":[{"href":"https:\/\/www.spirit-us.eu\/index.php\/wp-json\/wp\/v2\/media?parent=4603"}],"wp:term":[{"taxonomy":"product_brand","embeddable":true,"href":"https:\/\/www.spirit-us.eu\/index.php\/wp-json\/wp\/v2\/product_brand?post=4603"},{"taxonomy":"product_cat","embeddable":true,"href":"https:\/\/www.spirit-us.eu\/index.php\/wp-json\/wp\/v2\/product_cat?post=4603"},{"taxonomy":"product_tag","embeddable":true,"href":"https:\/\/www.spirit-us.eu\/index.php\/wp-json\/wp\/v2\/product_tag?post=4603"},{"taxonomy":"mwb_booking_cost","embeddable":true,"href":"https:\/\/www.spirit-us.eu\/index.php\/wp-json\/wp\/v2\/mwb_booking_cost?post=4603"},{"taxonomy":"mwb_booking_service","embeddable":true,"href":"https:\/\/www.spirit-us.eu\/index.php\/wp-json\/wp\/v2\/mwb_booking_service?post=4603"}],"curies":[{"name":"wp","href":"https:\/\/api.w.org\/{rel}","templated":true}]}}