{"id":458,"date":"2025-02-12T19:56:18","date_gmt":"2025-02-12T18:56:18","guid":{"rendered":"https:\/\/www.spirit-us.eu\/?post_type=product&#038;p=458"},"modified":"2025-12-22T13:50:03","modified_gmt":"2025-12-22T12:50:03","slug":"tribunal-de-lumiere","status":"publish","type":"product","link":"https:\/\/www.spirit-us.eu\/index.php\/produit\/tribunal-de-lumiere\/","title":{"rendered":"TRIBUNAL de LUMIERE"},"content":{"rendered":"<p style=\"text-align: justify;\">Ce grand exorcisme est un travail de longue haleine, car il s\u2019adresse \u00e0 l\u2019iniquit\u00e9 de la justice humaine \u00e0 laquelle nous opposons la justice de Dieu. Il convient de le pr\u00e9parer soigneusement.<\/p>\n<p style=\"text-align: justify;\">De tous temps, l\u2019injustice humaine a r\u00e9gn\u00e9 sur le monde et d\u00e9truit des millions de vies.\u00a0 Nous sommes ancr\u00e9.es dans un syst\u00e8me masculiniste d\u2019une violence inou\u00efe, depuis le d\u00e9but des soci\u00e9t\u00e9s patriarcales. R\u00e9cemment, lorsque les femmes ont pris place dans l\u2019ar\u00e8ne, elle se sont comport\u00e9es de fa\u00e7on bien pire encore, de crainte de se faire \u00e9carter de postes lucratifs, postes conquis en se montrant pires que les hommes.<\/p>\n<p style=\"text-align: justify;\">Le monde judiciaire est un monde pour les gens riches.\u00a0 Les juges tiennent dans leur main les destin\u00e9es, et en jouent comme avec des marionnettes.\u00a0 Celle ou celui qui compara\u00eet \u2013 quel que soit le domaine \u2013 joue sa vie devant les juges.\u00a0 Et les juges exp\u00e9dient cette \u00ab\u00a0centi\u00e8me affaire du mois\u00a0\u00bb, cette dixi\u00e8me de la journ\u00e9e, avec indiff\u00e9rence et arrogance, car ils sont soumis \u00e0 l\u2019esprit diabolique de domination.<\/p>\n<p style=\"text-align: justify;\">Lorsque les jugements sont iniques, ne d\u00e9fendent pas les personnes en difficult\u00e9s, favorisent les nantis, nous n\u2019avons plus d\u2019autre choix que de nous en r\u00e9f\u00e9rer au Juge supr\u00eame, juste et bon. Car la v\u00e9rit\u00e9 judiciaire n\u2019a souvent rien \u00e0 voir avec la V\u00e9rit\u00e9 absolue, la <i>Veritas<\/i> de la parole du Christ\u00a0: <i>ego sum via, veritas et vita<\/i>. Le Christ Crucifi\u00e9 lui-m\u00eame est une victime de l\u2019iniquit\u00e9, des t\u00e9n\u00e8bres, des hommes de son temps.<\/p>\n<p style=\"text-align: justify;\">L\u00e0 o\u00f9 le monde mat\u00e9riel s\u2019ab\u00eeme dans les t\u00e9n\u00e8bres de l\u2019injustice, notre monde spirituel peut restaurer ce que les hommes ont bris\u00e9, violent\u00e9, harcel\u00e9, d\u00e9truit.<\/p>\n<p style=\"text-align: justify;\">Ils peuvent d\u00e9truire notre vie, notre \u00e2me, notre sant\u00e9, mais ils sont impuissants contre notre amour \u2013 notre c\u0153ur divin \u2013 et contre notre esprit, programme de Dieu en nous depuis notre conception. C\u2019est l\u2019objet de cet exorcisme: la restauration de la Justice divine dans notre destin\u00e9e. Et si, ensuite, vous avez besoin de r\u00e9parer le sentiment lourd d&rsquo;injustice, un soin est pr\u00e9vu : <a href=\"https:\/\/boutique.exorciser-liberer-guerir.com\/produit\/blessure-dinjustice-soin-pour-triompher-de-la-blessure-dinjustice\/\" target=\"_blank\" rel=\"noopener\"><strong>triompher de la blessure d&rsquo;injustice<\/strong><\/a>.<\/p>\n<p style=\"text-align: justify;\"><strong>DESCRIPTION TECHNIQUE :<\/strong><\/p>\n<p style=\"text-align: justify;\"><strong>Auteure<\/strong> : Lola Lacroix<\/p>\n<p style=\"text-align: justify;\"><strong>Format<\/strong> : mp3 &amp; documents connexes (pri\u00e8re de Lib\u00e9ration, brochure explicative d&rsquo;utilisation); tout est t\u00e9l\u00e9chargeable et utilisable imm\u00e9diatement<\/p>\n<p style=\"text-align: justify;\"><strong>Dur\u00e9e<\/strong> : 55 minutes<\/p>\n<p style=\"text-align: justify;\"><strong>Composition<\/strong> : texte audible et musique<\/p>\n<p style=\"text-align: justify;\"><strong>Droits<\/strong> : ce texte est original, aucune plume artificielle n&rsquo;a \u00e9t\u00e9 utilis\u00e9e pour le faire; toute reproduction, diffusion ou traduction sont interdites sans consultation de l&rsquo;auteure.<\/p>\n","protected":false},"excerpt":{"rendered":"<p style=\"text-align: justify;\">Audio d&rsquo;exorcisme de 55 minutes avec musique de la Passion de J.S. Bach. L&rsquo;enregistrement mp3 comporte trois parties :<\/p>\n<p style=\"text-align: justify;\">Une Purification \u00e9nerg\u00e9tique, une\u00a0B\u00e9n\u00e9diction, une pri\u00e8re d&rsquo;Appropriation de la puissance du Verbe (en latin &#8211; document de traduction fourni avec le t\u00e9l\u00e9chargement),\u00a0 un appel \u00e0 l\u2019Esprit &amp; \u00a0\u00e0 saint Michel, archange de la Justice; une convocation des adversaires devant le tribunal de Lumi\u00e8re sous forme de m\u00e9ditation et d&rsquo;action de purification des liens intoxiqu\u00e9s, une visualisation m\u00e9ditation \/selon les Lois de la Restitution et de l\u2019Indemnisation et trois phases d&rsquo;exorcisme (le 1<sup>er<\/sup> exorcisme est un appel au courroux divin, le 2<sup>\u00e8me <\/sup>est un exorcisme g\u00e9n\u00e9ral en latin, le3<sup>\u00e8me <\/sup>est l&rsquo;Exorcisme par les 7 archanges de l\u2019Apocalypse en latin.<\/p>\n<p style=\"text-align: justify;\">Cet audio est \u00e0 \u00e9couter, de pr\u00e9f\u00e9rence avec un accompagnement, durant un \u00e0 trois mois quotidiennement.\u00a0 Les effets sont puissants et vous donneront la clart\u00e9 d&rsquo;esprit n\u00e9cessaire pour vous sortir des griffes du syst\u00e8me judiciaire s&rsquo;il vous poursuit sans fin et vous criminalise alors que vous n&rsquo;avez enfreint aucune loi, divine ou humaine, mais qu&rsquo;on vous criminalise sans que vous puissiez arr\u00eater le processus.\u00a0 L&rsquo;exorcisme vous permettra de mettre fin \u00e0 l&rsquo;envo\u00fbtement judiciaire. Si vous avez \u00e0 r\u00e9parer le sentiment et la blessure d&rsquo;injustice ensuite, <a href=\"https:\/\/boutique.exorciser-liberer-guerir.com\/produit\/blessure-dinjustice-soin-pour-triompher-de-la-blessure-dinjustice\/\" target=\"_blank\" rel=\"noopener\"><strong>voici le soin Lumi\u00e8re.<\/strong><\/a><\/p>\n<p style=\"text-align: justify;\">\n","protected":false},"featured_media":462,"comment_status":"open","ping_status":"closed","template":"","meta":[],"product_brand":[],"product_cat":[155,166],"product_tag":[],"mwb_booking_cost":[],"mwb_booking_service":[],"class_list":{"0":"post-458","1":"product","2":"type-product","3":"status-publish","4":"has-post-thumbnail","6":"product_cat-02-soins-accueil","7":"product_cat-07-spiritualite-et-benedictions","9":"first","10":"instock","11":"downloadable","12":"virtual","13":"purchasable","14":"product-type-simple"},"yoast_head":"<!-- This site is optimized with the Yoast SEO plugin v27.1.1 - https:\/\/yoast.com\/product\/yoast-seo-wordpress\/ -->\n<title>TRIBUNAL de LUMIERE - Spirit-US<\/title>\n<meta name=\"robots\" content=\"index, follow, max-snippet:-1, max-image-preview:large, max-video-preview:-1\" \/>\n<link rel=\"canonical\" href=\"https:\/\/www.spirit-us.eu\/index.php\/produit\/tribunal-de-lumiere\/\" \/>\n<meta property=\"og:locale\" content=\"fr_FR\" \/>\n<meta property=\"og:type\" content=\"article\" \/>\n<meta property=\"og:title\" content=\"TRIBUNAL de LUMIERE - Spirit-US\" \/>\n<meta property=\"og:description\" content=\"Audio d&#039;exorcisme de 55 minutes avec musique de la Passion de J.S. Bach. L&#039;enregistrement mp3 comporte trois parties : Une Purification \u00e9nerg\u00e9tique, une\u00a0B\u00e9n\u00e9diction, une pri\u00e8re d&#039;Appropriation de la puissance du Verbe (en latin - document de traduction fourni avec le t\u00e9l\u00e9chargement),\u00a0 un appel \u00e0 l\u2019Esprit &amp; \u00a0\u00e0 saint Michel, archange de la Justice; une convocation des adversaires devant le tribunal de Lumi\u00e8re sous forme de m\u00e9ditation et d&#039;action de purification des liens intoxiqu\u00e9s, une visualisation m\u00e9ditation \/selon les Lois de la Restitution et de l\u2019Indemnisation et trois phases d&#039;exorcisme (le 1er exorcisme est un appel au courroux divin, le 2\u00e8me est un exorcisme g\u00e9n\u00e9ral en latin, le3\u00e8me est l&#039;Exorcisme par les 7 archanges de l\u2019Apocalypse en latin. Cet audio est \u00e0 \u00e9couter, de pr\u00e9f\u00e9rence avec un accompagnement, durant un \u00e0 trois mois quotidiennement.\u00a0 Les effets sont puissants et vous donneront la clart\u00e9 d&#039;esprit n\u00e9cessaire pour vous sortir des griffes du syst\u00e8me judiciaire s&#039;il vous poursuit sans fin et vous criminalise alors que vous n&#039;avez enfreint aucune loi, divine ou humaine, mais qu&#039;on vous criminalise sans que vous puissiez arr\u00eater le processus.\u00a0 L&#039;exorcisme vous permettra de mettre fin \u00e0 l&#039;envo\u00fbtement judiciaire. Si vous avez \u00e0 r\u00e9parer le sentiment et la blessure d&#039;injustice ensuite, voici le soin Lumi\u00e8re.\" \/>\n<meta property=\"og:url\" content=\"https:\/\/www.spirit-us.eu\/index.php\/produit\/tribunal-de-lumiere\/\" \/>\n<meta property=\"og:site_name\" content=\"Spirit-US\" \/>\n<meta property=\"article:publisher\" content=\"https:\/\/www.facebook.com\/spirit.us.deum\" \/>\n<meta property=\"article:modified_time\" content=\"2025-12-22T12:50:03+00:00\" \/>\n<meta property=\"og:image\" content=\"https:\/\/www.spirit-us.eu\/wp-content\/uploads\/2025\/02\/Tribunal-de-Lumiere-image-produit.png\" \/>\n\t<meta property=\"og:image:width\" content=\"1080\" \/>\n\t<meta property=\"og:image:height\" content=\"1080\" \/>\n\t<meta property=\"og:image:type\" content=\"image\/png\" \/>\n<meta name=\"twitter:card\" content=\"summary_large_image\" \/>\n<meta name=\"twitter:label1\" content=\"Dur\u00e9e de lecture estim\u00e9e\" \/>\n\t<meta name=\"twitter:data1\" content=\"2 minutes\" \/>\n<script type=\"application\/ld+json\" class=\"yoast-schema-graph\">{\"@context\":\"https:\/\/schema.org\",\"@graph\":[{\"@type\":\"WebPage\",\"@id\":\"https:\/\/www.spirit-us.eu\/index.php\/produit\/tribunal-de-lumiere\/\",\"url\":\"https:\/\/www.spirit-us.eu\/index.php\/produit\/tribunal-de-lumiere\/\",\"name\":\"TRIBUNAL de LUMIERE - Spirit-US\",\"isPartOf\":{\"@id\":\"https:\/\/www.spirit-us.eu\/#website\"},\"primaryImageOfPage\":{\"@id\":\"https:\/\/www.spirit-us.eu\/index.php\/produit\/tribunal-de-lumiere\/#primaryimage\"},\"image\":{\"@id\":\"https:\/\/www.spirit-us.eu\/index.php\/produit\/tribunal-de-lumiere\/#primaryimage\"},\"thumbnailUrl\":\"https:\/\/www.spirit-us.eu\/wp-content\/uploads\/2025\/02\/Tribunal-de-Lumiere-image-produit.png\",\"datePublished\":\"2025-02-12T18:56:18+00:00\",\"dateModified\":\"2025-12-22T12:50:03+00:00\",\"breadcrumb\":{\"@id\":\"https:\/\/www.spirit-us.eu\/index.php\/produit\/tribunal-de-lumiere\/#breadcrumb\"},\"inLanguage\":\"fr-FR\",\"potentialAction\":[{\"@type\":\"ReadAction\",\"target\":[\"https:\/\/www.spirit-us.eu\/index.php\/produit\/tribunal-de-lumiere\/\"]}]},{\"@type\":\"ImageObject\",\"inLanguage\":\"fr-FR\",\"@id\":\"https:\/\/www.spirit-us.eu\/index.php\/produit\/tribunal-de-lumiere\/#primaryimage\",\"url\":\"https:\/\/www.spirit-us.eu\/wp-content\/uploads\/2025\/02\/Tribunal-de-Lumiere-image-produit.png\",\"contentUrl\":\"https:\/\/www.spirit-us.eu\/wp-content\/uploads\/2025\/02\/Tribunal-de-Lumiere-image-produit.png\",\"width\":1080,\"height\":1080},{\"@type\":\"BreadcrumbList\",\"@id\":\"https:\/\/www.spirit-us.eu\/index.php\/produit\/tribunal-de-lumiere\/#breadcrumb\",\"itemListElement\":[{\"@type\":\"ListItem\",\"position\":1,\"name\":\"Accueil\",\"item\":\"https:\/\/www.spirit-us.eu\/\"},{\"@type\":\"ListItem\",\"position\":2,\"name\":\"Boutique\",\"item\":\"https:\/\/www.spirit-us.eu\/index.php\/boutique\/\"},{\"@type\":\"ListItem\",\"position\":3,\"name\":\"TRIBUNAL de LUMIERE\"}]},{\"@type\":\"WebSite\",\"@id\":\"https:\/\/www.spirit-us.eu\/#website\",\"url\":\"https:\/\/www.spirit-us.eu\/\",\"name\":\"Spirit-US\",\"description\":\"\",\"publisher\":{\"@id\":\"https:\/\/www.spirit-us.eu\/#organization\"},\"potentialAction\":[{\"@type\":\"SearchAction\",\"target\":{\"@type\":\"EntryPoint\",\"urlTemplate\":\"https:\/\/www.spirit-us.eu\/?s={search_term_string}\"},\"query-input\":{\"@type\":\"PropertyValueSpecification\",\"valueRequired\":true,\"valueName\":\"search_term_string\"}}],\"inLanguage\":\"fr-FR\"},{\"@type\":\"Organization\",\"@id\":\"https:\/\/www.spirit-us.eu\/#organization\",\"name\":\"Spirit-US\",\"url\":\"https:\/\/www.spirit-us.eu\/\",\"logo\":{\"@type\":\"ImageObject\",\"inLanguage\":\"fr-FR\",\"@id\":\"https:\/\/www.spirit-us.eu\/#\/schema\/logo\/image\/\",\"url\":\"https:\/\/www.spirit-us.eu\/wp-content\/uploads\/2025\/11\/logo-regarde-linterlocutrice-sans-arrriere-plan.jpg\",\"contentUrl\":\"https:\/\/www.spirit-us.eu\/wp-content\/uploads\/2025\/11\/logo-regarde-linterlocutrice-sans-arrriere-plan.jpg\",\"width\":1080,\"height\":1080,\"caption\":\"Spirit-US\"},\"image\":{\"@id\":\"https:\/\/www.spirit-us.eu\/#\/schema\/logo\/image\/\"},\"sameAs\":[\"https:\/\/www.facebook.com\/spirit.us.deum\"]}]}<\/script>\n<!-- \/ Yoast SEO plugin. -->","yoast_head_json":{"title":"TRIBUNAL de LUMIERE - Spirit-US","robots":{"index":"index","follow":"follow","max-snippet":"max-snippet:-1","max-image-preview":"max-image-preview:large","max-video-preview":"max-video-preview:-1"},"canonical":"https:\/\/www.spirit-us.eu\/index.php\/produit\/tribunal-de-lumiere\/","og_locale":"fr_FR","og_type":"article","og_title":"TRIBUNAL de LUMIERE - Spirit-US","og_description":"Audio d'exorcisme de 55 minutes avec musique de la Passion de J.S. Bach. L'enregistrement mp3 comporte trois parties : Une Purification \u00e9nerg\u00e9tique, une\u00a0B\u00e9n\u00e9diction, une pri\u00e8re d'Appropriation de la puissance du Verbe (en latin - document de traduction fourni avec le t\u00e9l\u00e9chargement),\u00a0 un appel \u00e0 l\u2019Esprit &amp; \u00a0\u00e0 saint Michel, archange de la Justice; une convocation des adversaires devant le tribunal de Lumi\u00e8re sous forme de m\u00e9ditation et d'action de purification des liens intoxiqu\u00e9s, une visualisation m\u00e9ditation \/selon les Lois de la Restitution et de l\u2019Indemnisation et trois phases d'exorcisme (le 1er exorcisme est un appel au courroux divin, le 2\u00e8me est un exorcisme g\u00e9n\u00e9ral en latin, le3\u00e8me est l'Exorcisme par les 7 archanges de l\u2019Apocalypse en latin. Cet audio est \u00e0 \u00e9couter, de pr\u00e9f\u00e9rence avec un accompagnement, durant un \u00e0 trois mois quotidiennement.\u00a0 Les effets sont puissants et vous donneront la clart\u00e9 d'esprit n\u00e9cessaire pour vous sortir des griffes du syst\u00e8me judiciaire s'il vous poursuit sans fin et vous criminalise alors que vous n'avez enfreint aucune loi, divine ou humaine, mais qu'on vous criminalise sans que vous puissiez arr\u00eater le processus.\u00a0 L'exorcisme vous permettra de mettre fin \u00e0 l'envo\u00fbtement judiciaire. Si vous avez \u00e0 r\u00e9parer le sentiment et la blessure d'injustice ensuite, voici le soin Lumi\u00e8re.","og_url":"https:\/\/www.spirit-us.eu\/index.php\/produit\/tribunal-de-lumiere\/","og_site_name":"Spirit-US","article_publisher":"https:\/\/www.facebook.com\/spirit.us.deum","article_modified_time":"2025-12-22T12:50:03+00:00","og_image":[{"width":1080,"height":1080,"url":"https:\/\/www.spirit-us.eu\/wp-content\/uploads\/2025\/02\/Tribunal-de-Lumiere-image-produit.png","type":"image\/png"}],"twitter_card":"summary_large_image","twitter_misc":{"Dur\u00e9e de lecture estim\u00e9e":"2 minutes"},"schema":{"@context":"https:\/\/schema.org","@graph":[{"@type":"WebPage","@id":"https:\/\/www.spirit-us.eu\/index.php\/produit\/tribunal-de-lumiere\/","url":"https:\/\/www.spirit-us.eu\/index.php\/produit\/tribunal-de-lumiere\/","name":"TRIBUNAL de LUMIERE - Spirit-US","isPartOf":{"@id":"https:\/\/www.spirit-us.eu\/#website"},"primaryImageOfPage":{"@id":"https:\/\/www.spirit-us.eu\/index.php\/produit\/tribunal-de-lumiere\/#primaryimage"},"image":{"@id":"https:\/\/www.spirit-us.eu\/index.php\/produit\/tribunal-de-lumiere\/#primaryimage"},"thumbnailUrl":"https:\/\/www.spirit-us.eu\/wp-content\/uploads\/2025\/02\/Tribunal-de-Lumiere-image-produit.png","datePublished":"2025-02-12T18:56:18+00:00","dateModified":"2025-12-22T12:50:03+00:00","breadcrumb":{"@id":"https:\/\/www.spirit-us.eu\/index.php\/produit\/tribunal-de-lumiere\/#breadcrumb"},"inLanguage":"fr-FR","potentialAction":[{"@type":"ReadAction","target":["https:\/\/www.spirit-us.eu\/index.php\/produit\/tribunal-de-lumiere\/"]}]},{"@type":"ImageObject","inLanguage":"fr-FR","@id":"https:\/\/www.spirit-us.eu\/index.php\/produit\/tribunal-de-lumiere\/#primaryimage","url":"https:\/\/www.spirit-us.eu\/wp-content\/uploads\/2025\/02\/Tribunal-de-Lumiere-image-produit.png","contentUrl":"https:\/\/www.spirit-us.eu\/wp-content\/uploads\/2025\/02\/Tribunal-de-Lumiere-image-produit.png","width":1080,"height":1080},{"@type":"BreadcrumbList","@id":"https:\/\/www.spirit-us.eu\/index.php\/produit\/tribunal-de-lumiere\/#breadcrumb","itemListElement":[{"@type":"ListItem","position":1,"name":"Accueil","item":"https:\/\/www.spirit-us.eu\/"},{"@type":"ListItem","position":2,"name":"Boutique","item":"https:\/\/www.spirit-us.eu\/index.php\/boutique\/"},{"@type":"ListItem","position":3,"name":"TRIBUNAL de LUMIERE"}]},{"@type":"WebSite","@id":"https:\/\/www.spirit-us.eu\/#website","url":"https:\/\/www.spirit-us.eu\/","name":"Spirit-US","description":"","publisher":{"@id":"https:\/\/www.spirit-us.eu\/#organization"},"potentialAction":[{"@type":"SearchAction","target":{"@type":"EntryPoint","urlTemplate":"https:\/\/www.spirit-us.eu\/?s={search_term_string}"},"query-input":{"@type":"PropertyValueSpecification","valueRequired":true,"valueName":"search_term_string"}}],"inLanguage":"fr-FR"},{"@type":"Organization","@id":"https:\/\/www.spirit-us.eu\/#organization","name":"Spirit-US","url":"https:\/\/www.spirit-us.eu\/","logo":{"@type":"ImageObject","inLanguage":"fr-FR","@id":"https:\/\/www.spirit-us.eu\/#\/schema\/logo\/image\/","url":"https:\/\/www.spirit-us.eu\/wp-content\/uploads\/2025\/11\/logo-regarde-linterlocutrice-sans-arrriere-plan.jpg","contentUrl":"https:\/\/www.spirit-us.eu\/wp-content\/uploads\/2025\/11\/logo-regarde-linterlocutrice-sans-arrriere-plan.jpg","width":1080,"height":1080,"caption":"Spirit-US"},"image":{"@id":"https:\/\/www.spirit-us.eu\/#\/schema\/logo\/image\/"},"sameAs":["https:\/\/www.facebook.com\/spirit.us.deum"]}]}},"jetpack_sharing_enabled":true,"_links":{"self":[{"href":"https:\/\/www.spirit-us.eu\/index.php\/wp-json\/wp\/v2\/product\/458","targetHints":{"allow":["GET"]}}],"collection":[{"href":"https:\/\/www.spirit-us.eu\/index.php\/wp-json\/wp\/v2\/product"}],"about":[{"href":"https:\/\/www.spirit-us.eu\/index.php\/wp-json\/wp\/v2\/types\/product"}],"replies":[{"embeddable":true,"href":"https:\/\/www.spirit-us.eu\/index.php\/wp-json\/wp\/v2\/comments?post=458"}],"wp:featuredmedia":[{"embeddable":true,"href":"https:\/\/www.spirit-us.eu\/index.php\/wp-json\/wp\/v2\/media\/462"}],"wp:attachment":[{"href":"https:\/\/www.spirit-us.eu\/index.php\/wp-json\/wp\/v2\/media?parent=458"}],"wp:term":[{"taxonomy":"product_brand","embeddable":true,"href":"https:\/\/www.spirit-us.eu\/index.php\/wp-json\/wp\/v2\/product_brand?post=458"},{"taxonomy":"product_cat","embeddable":true,"href":"https:\/\/www.spirit-us.eu\/index.php\/wp-json\/wp\/v2\/product_cat?post=458"},{"taxonomy":"product_tag","embeddable":true,"href":"https:\/\/www.spirit-us.eu\/index.php\/wp-json\/wp\/v2\/product_tag?post=458"},{"taxonomy":"mwb_booking_cost","embeddable":true,"href":"https:\/\/www.spirit-us.eu\/index.php\/wp-json\/wp\/v2\/mwb_booking_cost?post=458"},{"taxonomy":"mwb_booking_service","embeddable":true,"href":"https:\/\/www.spirit-us.eu\/index.php\/wp-json\/wp\/v2\/mwb_booking_service?post=458"}],"curies":[{"name":"wp","href":"https:\/\/api.w.org\/{rel}","templated":true}]}}