{"id":4574,"date":"2026-04-11T14:11:16","date_gmt":"2026-04-11T12:11:16","guid":{"rendered":"https:\/\/www.spirit-us.eu\/?post_type=product&#038;p=4574"},"modified":"2026-04-11T16:38:11","modified_gmt":"2026-04-11T14:38:11","slug":"enlevez-les-manifestations-dans-votre-corps-physique-mains-de-lumiere","status":"publish","type":"product","link":"https:\/\/www.spirit-us.eu\/index.php\/produit\/enlevez-les-manifestations-dans-votre-corps-physique-mains-de-lumiere\/","title":{"rendered":"ENTITES &#8211; enlevez les manifestations dans votre corps &#8211; MAINS DE LUMIERE"},"content":{"rendered":"<p>L\u2019objectif de ce soin est de stopper le processus de sorcellerie qui consiste \u00e0 envoyer dans le corps physique des entit\u00e9s \u00e0 trois points d&rsquo;ancrage, qui \u00ab\u00a0bougent\u00a0\u00bb et se manifestent \u00e0 l&rsquo;int\u00e9rieur ou en p\u00e9riph\u00e9rie (sur la peau et sous forme de sensations hallucinatoires)<\/p>\n<p><strong>FICHE TECHNIQUE <\/strong><\/p>\n<p><strong>Format<\/strong>\u00a0: mp3 t\u00e9l\u00e9chargeable voix et musique\u00a0; avec livret explicatif au format PDF<\/p>\n<p><strong>Dur\u00e9e\u00a0<\/strong>: 37 minutes<\/p>\n<p><strong>Auteure<\/strong>\u00a0: Lola Lacroix<\/p>\n<p><strong>Musique\u00a0<\/strong>: M\u00e9ditation avec Rapha\u00ebl, le M\u00e9decin de Dieu<\/p>\n<p><strong>Edition\u00a0<\/strong>: Acad\u00e9mie des Paroles de Lumi\u00e8re<\/p>\n<p><strong>Droits\u00a0<\/strong>: reproduction et distribution interdites<\/p>\n<p><strong>R\u00e9alisation<\/strong> : 100% humaine<\/p>\n","protected":false},"excerpt":{"rendered":"<p style=\"text-align: justify;\">Enregistrement audio mp3 d&rsquo;une dur\u00e9e de 37 minutes, avec musique de gu\u00e9rison. Lorsque le ph\u00e9nom\u00e8ne, la violation de l&rsquo;int\u00e9grit\u00e9 physique et psychique, se produit, ce sont des entit\u00e9s envoy\u00e9es par magie noire sur dagyde. Si vous souffrez de br\u00fblures, d&rsquo;attaque de froid gla\u00e7ant, de fourmillements, piq\u00fbres, tremblements; si une \u00ab\u00a0balle\u00a0\u00bb bouge dans votre corps alors que l&rsquo;imagerie m\u00e9dicale ne d\u00e9c\u00e8le absolument rien, si des d\u00e9sagr\u00e9ments semblent monter et descendre sans raison dans votre corps, si vous avez l&rsquo;impression qu&rsquo;un serpent squatte votre colonne vert\u00e9brale, il vous faut un exorcisme cibl\u00e9 et ce soin est un compl\u00e9ment si vous vous souhaitez travailler en autonomie. Votre corps est un sanctuaire.\u00a0 Le Temple de l\u2019Esprit divin en vous.\u00a0 Nul n\u2019a le droit de le profaner.<\/p>\n","protected":false},"featured_media":4577,"comment_status":"open","ping_status":"closed","template":"","meta":[],"product_brand":[],"product_cat":[155,17],"product_tag":[592,229,593],"mwb_booking_cost":[],"mwb_booking_service":[],"class_list":{"0":"post-4574","1":"product","2":"type-product","3":"status-publish","4":"has-post-thumbnail","6":"product_cat-02-soins-accueil","7":"product_cat-tous-les-produits","8":"product_tag-attaques-occultes","9":"product_tag-guerison","10":"product_tag-manifestations-dans-le-corps","12":"first","13":"instock","14":"downloadable","15":"virtual","16":"purchasable","17":"product-type-simple"},"yoast_head":"<!-- This site is optimized with the Yoast SEO plugin v27.1.1 - https:\/\/yoast.com\/product\/yoast-seo-wordpress\/ -->\n<title>ENTITES - enlevez les manifestations dans votre corps - MAINS DE LUMIERE - Spirit-US<\/title>\n<meta name=\"description\" content=\"&quot;\u00e7a bouge dans mon corps&quot; : vous \u00eates squatt\u00e9\/e par une ou des entit\u00e9s et il faut les enlever. Ce soin est fait pour les chasser sans retour\" \/>\n<meta name=\"robots\" content=\"index, follow, max-snippet:-1, max-image-preview:large, max-video-preview:-1\" \/>\n<link rel=\"canonical\" href=\"https:\/\/www.spirit-us.eu\/index.php\/produit\/enlevez-les-manifestations-dans-votre-corps-physique-mains-de-lumiere\/\" \/>\n<meta property=\"og:locale\" content=\"fr_FR\" \/>\n<meta property=\"og:type\" content=\"article\" \/>\n<meta property=\"og:title\" content=\"ENTITES - enlevez les manifestations dans votre corps - MAINS DE LUMIERE - Spirit-US\" \/>\n<meta property=\"og:description\" content=\"&quot;\u00e7a bouge dans mon corps&quot; : vous \u00eates squatt\u00e9\/e par une ou des entit\u00e9s et il faut les enlever. Ce soin est fait pour les chasser sans retour\" \/>\n<meta property=\"og:url\" content=\"https:\/\/www.spirit-us.eu\/index.php\/produit\/enlevez-les-manifestations-dans-votre-corps-physique-mains-de-lumiere\/\" \/>\n<meta property=\"og:site_name\" content=\"Spirit-US\" \/>\n<meta property=\"article:publisher\" content=\"https:\/\/www.facebook.com\/spirit.us.deum\" \/>\n<meta property=\"article:modified_time\" content=\"2026-04-11T14:38:11+00:00\" \/>\n<meta property=\"og:image\" content=\"https:\/\/www.spirit-us.eu\/wp-content\/uploads\/2026\/04\/image-produit-mains-de-lumiere.png\" \/>\n\t<meta property=\"og:image:width\" content=\"1080\" \/>\n\t<meta property=\"og:image:height\" content=\"1080\" \/>\n\t<meta property=\"og:image:type\" content=\"image\/png\" \/>\n<meta name=\"twitter:card\" content=\"summary_large_image\" \/>\n<meta name=\"twitter:label1\" content=\"Dur\u00e9e de lecture estim\u00e9e\" \/>\n\t<meta name=\"twitter:data1\" content=\"1 minute\" \/>\n<script type=\"application\/ld+json\" class=\"yoast-schema-graph\">{\"@context\":\"https:\/\/schema.org\",\"@graph\":[{\"@type\":\"WebPage\",\"@id\":\"https:\/\/www.spirit-us.eu\/index.php\/produit\/enlevez-les-manifestations-dans-votre-corps-physique-mains-de-lumiere\/\",\"url\":\"https:\/\/www.spirit-us.eu\/index.php\/produit\/enlevez-les-manifestations-dans-votre-corps-physique-mains-de-lumiere\/\",\"name\":\"ENTITES - enlevez les manifestations dans votre corps - MAINS DE LUMIERE - Spirit-US\",\"isPartOf\":{\"@id\":\"https:\/\/www.spirit-us.eu\/#website\"},\"primaryImageOfPage\":{\"@id\":\"https:\/\/www.spirit-us.eu\/index.php\/produit\/enlevez-les-manifestations-dans-votre-corps-physique-mains-de-lumiere\/#primaryimage\"},\"image\":{\"@id\":\"https:\/\/www.spirit-us.eu\/index.php\/produit\/enlevez-les-manifestations-dans-votre-corps-physique-mains-de-lumiere\/#primaryimage\"},\"thumbnailUrl\":\"https:\/\/www.spirit-us.eu\/wp-content\/uploads\/2026\/04\/image-produit-mains-de-lumiere.png\",\"datePublished\":\"2026-04-11T12:11:16+00:00\",\"dateModified\":\"2026-04-11T14:38:11+00:00\",\"description\":\"\\\"\u00e7a bouge dans mon corps\\\" : vous \u00eates squatt\u00e9\/e par une ou des entit\u00e9s et il faut les enlever. Ce soin est fait pour les chasser sans retour\",\"breadcrumb\":{\"@id\":\"https:\/\/www.spirit-us.eu\/index.php\/produit\/enlevez-les-manifestations-dans-votre-corps-physique-mains-de-lumiere\/#breadcrumb\"},\"inLanguage\":\"fr-FR\",\"potentialAction\":[{\"@type\":\"ReadAction\",\"target\":[\"https:\/\/www.spirit-us.eu\/index.php\/produit\/enlevez-les-manifestations-dans-votre-corps-physique-mains-de-lumiere\/\"]}]},{\"@type\":\"ImageObject\",\"inLanguage\":\"fr-FR\",\"@id\":\"https:\/\/www.spirit-us.eu\/index.php\/produit\/enlevez-les-manifestations-dans-votre-corps-physique-mains-de-lumiere\/#primaryimage\",\"url\":\"https:\/\/www.spirit-us.eu\/wp-content\/uploads\/2026\/04\/image-produit-mains-de-lumiere.png\",\"contentUrl\":\"https:\/\/www.spirit-us.eu\/wp-content\/uploads\/2026\/04\/image-produit-mains-de-lumiere.png\",\"width\":1080,\"height\":1080},{\"@type\":\"BreadcrumbList\",\"@id\":\"https:\/\/www.spirit-us.eu\/index.php\/produit\/enlevez-les-manifestations-dans-votre-corps-physique-mains-de-lumiere\/#breadcrumb\",\"itemListElement\":[{\"@type\":\"ListItem\",\"position\":1,\"name\":\"Accueil\",\"item\":\"https:\/\/www.spirit-us.eu\/\"},{\"@type\":\"ListItem\",\"position\":2,\"name\":\"Boutique\",\"item\":\"https:\/\/www.spirit-us.eu\/index.php\/boutique\/\"},{\"@type\":\"ListItem\",\"position\":3,\"name\":\"ENTITES &#8211; enlevez les manifestations dans votre corps &#8211; MAINS DE LUMIERE\"}]},{\"@type\":\"WebSite\",\"@id\":\"https:\/\/www.spirit-us.eu\/#website\",\"url\":\"https:\/\/www.spirit-us.eu\/\",\"name\":\"Spirit-US\",\"description\":\"\",\"publisher\":{\"@id\":\"https:\/\/www.spirit-us.eu\/#organization\"},\"potentialAction\":[{\"@type\":\"SearchAction\",\"target\":{\"@type\":\"EntryPoint\",\"urlTemplate\":\"https:\/\/www.spirit-us.eu\/?s={search_term_string}\"},\"query-input\":{\"@type\":\"PropertyValueSpecification\",\"valueRequired\":true,\"valueName\":\"search_term_string\"}}],\"inLanguage\":\"fr-FR\"},{\"@type\":\"Organization\",\"@id\":\"https:\/\/www.spirit-us.eu\/#organization\",\"name\":\"Spirit-US\",\"url\":\"https:\/\/www.spirit-us.eu\/\",\"logo\":{\"@type\":\"ImageObject\",\"inLanguage\":\"fr-FR\",\"@id\":\"https:\/\/www.spirit-us.eu\/#\/schema\/logo\/image\/\",\"url\":\"https:\/\/www.spirit-us.eu\/wp-content\/uploads\/2025\/11\/logo-regarde-linterlocutrice-sans-arrriere-plan.jpg\",\"contentUrl\":\"https:\/\/www.spirit-us.eu\/wp-content\/uploads\/2025\/11\/logo-regarde-linterlocutrice-sans-arrriere-plan.jpg\",\"width\":1080,\"height\":1080,\"caption\":\"Spirit-US\"},\"image\":{\"@id\":\"https:\/\/www.spirit-us.eu\/#\/schema\/logo\/image\/\"},\"sameAs\":[\"https:\/\/www.facebook.com\/spirit.us.deum\"]}]}<\/script>\n<!-- \/ Yoast SEO plugin. -->","yoast_head_json":{"title":"ENTITES - enlevez les manifestations dans votre corps - MAINS DE LUMIERE - Spirit-US","description":"\"\u00e7a bouge dans mon corps\" : vous \u00eates squatt\u00e9\/e par une ou des entit\u00e9s et il faut les enlever. Ce soin est fait pour les chasser sans retour","robots":{"index":"index","follow":"follow","max-snippet":"max-snippet:-1","max-image-preview":"max-image-preview:large","max-video-preview":"max-video-preview:-1"},"canonical":"https:\/\/www.spirit-us.eu\/index.php\/produit\/enlevez-les-manifestations-dans-votre-corps-physique-mains-de-lumiere\/","og_locale":"fr_FR","og_type":"article","og_title":"ENTITES - enlevez les manifestations dans votre corps - MAINS DE LUMIERE - Spirit-US","og_description":"\"\u00e7a bouge dans mon corps\" : vous \u00eates squatt\u00e9\/e par une ou des entit\u00e9s et il faut les enlever. Ce soin est fait pour les chasser sans retour","og_url":"https:\/\/www.spirit-us.eu\/index.php\/produit\/enlevez-les-manifestations-dans-votre-corps-physique-mains-de-lumiere\/","og_site_name":"Spirit-US","article_publisher":"https:\/\/www.facebook.com\/spirit.us.deum","article_modified_time":"2026-04-11T14:38:11+00:00","og_image":[{"width":1080,"height":1080,"url":"https:\/\/www.spirit-us.eu\/wp-content\/uploads\/2026\/04\/image-produit-mains-de-lumiere.png","type":"image\/png"}],"twitter_card":"summary_large_image","twitter_misc":{"Dur\u00e9e de lecture estim\u00e9e":"1 minute"},"schema":{"@context":"https:\/\/schema.org","@graph":[{"@type":"WebPage","@id":"https:\/\/www.spirit-us.eu\/index.php\/produit\/enlevez-les-manifestations-dans-votre-corps-physique-mains-de-lumiere\/","url":"https:\/\/www.spirit-us.eu\/index.php\/produit\/enlevez-les-manifestations-dans-votre-corps-physique-mains-de-lumiere\/","name":"ENTITES - enlevez les manifestations dans votre corps - MAINS DE LUMIERE - Spirit-US","isPartOf":{"@id":"https:\/\/www.spirit-us.eu\/#website"},"primaryImageOfPage":{"@id":"https:\/\/www.spirit-us.eu\/index.php\/produit\/enlevez-les-manifestations-dans-votre-corps-physique-mains-de-lumiere\/#primaryimage"},"image":{"@id":"https:\/\/www.spirit-us.eu\/index.php\/produit\/enlevez-les-manifestations-dans-votre-corps-physique-mains-de-lumiere\/#primaryimage"},"thumbnailUrl":"https:\/\/www.spirit-us.eu\/wp-content\/uploads\/2026\/04\/image-produit-mains-de-lumiere.png","datePublished":"2026-04-11T12:11:16+00:00","dateModified":"2026-04-11T14:38:11+00:00","description":"\"\u00e7a bouge dans mon corps\" : vous \u00eates squatt\u00e9\/e par une ou des entit\u00e9s et il faut les enlever. Ce soin est fait pour les chasser sans retour","breadcrumb":{"@id":"https:\/\/www.spirit-us.eu\/index.php\/produit\/enlevez-les-manifestations-dans-votre-corps-physique-mains-de-lumiere\/#breadcrumb"},"inLanguage":"fr-FR","potentialAction":[{"@type":"ReadAction","target":["https:\/\/www.spirit-us.eu\/index.php\/produit\/enlevez-les-manifestations-dans-votre-corps-physique-mains-de-lumiere\/"]}]},{"@type":"ImageObject","inLanguage":"fr-FR","@id":"https:\/\/www.spirit-us.eu\/index.php\/produit\/enlevez-les-manifestations-dans-votre-corps-physique-mains-de-lumiere\/#primaryimage","url":"https:\/\/www.spirit-us.eu\/wp-content\/uploads\/2026\/04\/image-produit-mains-de-lumiere.png","contentUrl":"https:\/\/www.spirit-us.eu\/wp-content\/uploads\/2026\/04\/image-produit-mains-de-lumiere.png","width":1080,"height":1080},{"@type":"BreadcrumbList","@id":"https:\/\/www.spirit-us.eu\/index.php\/produit\/enlevez-les-manifestations-dans-votre-corps-physique-mains-de-lumiere\/#breadcrumb","itemListElement":[{"@type":"ListItem","position":1,"name":"Accueil","item":"https:\/\/www.spirit-us.eu\/"},{"@type":"ListItem","position":2,"name":"Boutique","item":"https:\/\/www.spirit-us.eu\/index.php\/boutique\/"},{"@type":"ListItem","position":3,"name":"ENTITES &#8211; enlevez les manifestations dans votre corps &#8211; MAINS DE LUMIERE"}]},{"@type":"WebSite","@id":"https:\/\/www.spirit-us.eu\/#website","url":"https:\/\/www.spirit-us.eu\/","name":"Spirit-US","description":"","publisher":{"@id":"https:\/\/www.spirit-us.eu\/#organization"},"potentialAction":[{"@type":"SearchAction","target":{"@type":"EntryPoint","urlTemplate":"https:\/\/www.spirit-us.eu\/?s={search_term_string}"},"query-input":{"@type":"PropertyValueSpecification","valueRequired":true,"valueName":"search_term_string"}}],"inLanguage":"fr-FR"},{"@type":"Organization","@id":"https:\/\/www.spirit-us.eu\/#organization","name":"Spirit-US","url":"https:\/\/www.spirit-us.eu\/","logo":{"@type":"ImageObject","inLanguage":"fr-FR","@id":"https:\/\/www.spirit-us.eu\/#\/schema\/logo\/image\/","url":"https:\/\/www.spirit-us.eu\/wp-content\/uploads\/2025\/11\/logo-regarde-linterlocutrice-sans-arrriere-plan.jpg","contentUrl":"https:\/\/www.spirit-us.eu\/wp-content\/uploads\/2025\/11\/logo-regarde-linterlocutrice-sans-arrriere-plan.jpg","width":1080,"height":1080,"caption":"Spirit-US"},"image":{"@id":"https:\/\/www.spirit-us.eu\/#\/schema\/logo\/image\/"},"sameAs":["https:\/\/www.facebook.com\/spirit.us.deum"]}]}},"jetpack_sharing_enabled":true,"_links":{"self":[{"href":"https:\/\/www.spirit-us.eu\/index.php\/wp-json\/wp\/v2\/product\/4574","targetHints":{"allow":["GET"]}}],"collection":[{"href":"https:\/\/www.spirit-us.eu\/index.php\/wp-json\/wp\/v2\/product"}],"about":[{"href":"https:\/\/www.spirit-us.eu\/index.php\/wp-json\/wp\/v2\/types\/product"}],"replies":[{"embeddable":true,"href":"https:\/\/www.spirit-us.eu\/index.php\/wp-json\/wp\/v2\/comments?post=4574"}],"wp:featuredmedia":[{"embeddable":true,"href":"https:\/\/www.spirit-us.eu\/index.php\/wp-json\/wp\/v2\/media\/4577"}],"wp:attachment":[{"href":"https:\/\/www.spirit-us.eu\/index.php\/wp-json\/wp\/v2\/media?parent=4574"}],"wp:term":[{"taxonomy":"product_brand","embeddable":true,"href":"https:\/\/www.spirit-us.eu\/index.php\/wp-json\/wp\/v2\/product_brand?post=4574"},{"taxonomy":"product_cat","embeddable":true,"href":"https:\/\/www.spirit-us.eu\/index.php\/wp-json\/wp\/v2\/product_cat?post=4574"},{"taxonomy":"product_tag","embeddable":true,"href":"https:\/\/www.spirit-us.eu\/index.php\/wp-json\/wp\/v2\/product_tag?post=4574"},{"taxonomy":"mwb_booking_cost","embeddable":true,"href":"https:\/\/www.spirit-us.eu\/index.php\/wp-json\/wp\/v2\/mwb_booking_cost?post=4574"},{"taxonomy":"mwb_booking_service","embeddable":true,"href":"https:\/\/www.spirit-us.eu\/index.php\/wp-json\/wp\/v2\/mwb_booking_service?post=4574"}],"curies":[{"name":"wp","href":"https:\/\/api.w.org\/{rel}","templated":true}]}}