{"id":4547,"date":"2026-03-26T15:50:59","date_gmt":"2026-03-26T14:50:59","guid":{"rendered":"https:\/\/www.spirit-us.eu\/?post_type=product&#038;p=4547"},"modified":"2026-03-26T20:33:58","modified_gmt":"2026-03-26T19:33:58","slug":"transformer-la-peur-harmoniser-le-chakra-de-la-gorge","status":"publish","type":"product","link":"https:\/\/www.spirit-us.eu\/index.php\/produit\/transformer-la-peur-harmoniser-le-chakra-de-la-gorge\/","title":{"rendered":"TRANSFORMER la PEUR &#8211; HARMONISER le CHAKRA de la GORGE"},"content":{"rendered":"<p>Voyez ma vid\u00e9o sur le sujet : <a href=\"https:\/\/youtu.be\/z-OqC6xugFk\" target=\"_blank\" rel=\"noopener\">https:\/\/youtu.be\/z-OqC6xugFk<\/a><\/p>\n<p>Soin hypnotique pour d\u00e9bloquer le chakra de la gorge.\u00a0 Si vous avez la moindre question, n&rsquo;h\u00e9sitez pas \u00e0 la poser <a href=\"https:\/\/www.spirit-us.eu\/index.php\/contactez-nous\/\" target=\"_blank\" rel=\"noopener\"><strong>via ce formulaire de contact<\/strong><\/a>.<\/p>\n<p><strong>Dur\u00e9e de l&rsquo;audio<\/strong> : 34 minutes<\/p>\n<p><strong>Musique<\/strong> : mont\u00e9 avec musique de relaxation \/ induction ondes \u03b1 (alpha)<\/p>\n<p>L&rsquo;objectif de ce soin est de vous permettre de travailler le probl\u00e8me du blocage du chakra de la gorge en autonomie et \u00e0 votre rythme. De transformer la peur d&rsquo;exprimer ce que vous ressentez par crainte du rejet, de l&rsquo;abandon, de d\u00e9plaire.<\/p>\n<p>Il est avantageusement compl\u00e9t\u00e9 par un autre soin audio : CHAKRA DE LA GORGE &#8211; Chakra de la gorge et l\u2019\u00e2me \u2013 soigner \u2013 d\u00e9bloquer &#8211; purifier<\/p>\n","protected":false},"excerpt":{"rendered":"<p style=\"text-align: justify;\">Cet auto-soin t\u00e9l\u00e9chargeable au format audio mp3 est destin\u00e9 \u00e0 toute personne qui \u00e9prouve de la peur ou des inhibitions lorsqu&rsquo;il faut prendre la parole pour exprimer &#8211; parfois &#8211; les besoins les plus vitaux, les plus primaux. Peur de d\u00e9ranger, peur d&rsquo;\u00eatre rejet\u00e9.e, humili\u00e9.e, abandonn\u00e9.e.\u00a0 Peur de ne plus \u00eatre aim\u00e9.e. Ce soin vous aide \u00e0 reprendre votre juste place, \u00e0 transformer ces peurs paralysantes en une puissante libert\u00e9 d&rsquo;\u00eatre et de \u00ab\u00a0se dire\u00a0\u00bb sereinement et dans des relations harmonieuses avec les autres.<\/p>\n","protected":false},"featured_media":4548,"comment_status":"open","ping_status":"closed","template":"","meta":[],"product_brand":[],"product_cat":[155,17],"product_tag":[167,588,173,591,587,589,590],"mwb_booking_cost":[],"mwb_booking_service":[],"class_list":{"0":"post-4547","1":"product","2":"type-product","3":"status-publish","4":"has-post-thumbnail","6":"product_cat-02-soins-accueil","7":"product_cat-tous-les-produits","8":"product_tag-bleu","9":"product_tag-chakra-de-la-gorge","10":"product_tag-chakras","11":"product_tag-deblocage-des-chakras","12":"product_tag-gorge","13":"product_tag-parole","14":"product_tag-voix","16":"first","17":"instock","18":"downloadable","19":"virtual","20":"purchasable","21":"product-type-simple"},"yoast_head":"<!-- This site is optimized with the Yoast SEO plugin v27.4 - https:\/\/yoast.com\/product\/yoast-seo-wordpress\/ -->\n<title>TRANSFORMER la PEUR - HARMONISER le CHAKRA de la GORGE - Spirit-US<\/title>\n<meta name=\"description\" content=\"Auto soin au format audio mp3 pour surmonter la peur de s&#039;exprimer en tout lieu et toute circonstance - travail sur le chakra de la gorge\" \/>\n<meta name=\"robots\" content=\"index, follow, max-snippet:-1, max-image-preview:large, max-video-preview:-1\" \/>\n<link rel=\"canonical\" href=\"https:\/\/www.spirit-us.eu\/index.php\/produit\/transformer-la-peur-harmoniser-le-chakra-de-la-gorge\/\" \/>\n<meta property=\"og:locale\" content=\"fr_FR\" \/>\n<meta property=\"og:type\" content=\"article\" \/>\n<meta property=\"og:title\" content=\"TRANSFORMER la PEUR - HARMONISER le CHAKRA de la GORGE - Spirit-US\" \/>\n<meta property=\"og:description\" content=\"Auto soin au format audio mp3 pour surmonter la peur de s&#039;exprimer en tout lieu et toute circonstance - travail sur le chakra de la gorge\" \/>\n<meta property=\"og:url\" content=\"https:\/\/www.spirit-us.eu\/index.php\/produit\/transformer-la-peur-harmoniser-le-chakra-de-la-gorge\/\" \/>\n<meta property=\"og:site_name\" content=\"Spirit-US\" \/>\n<meta property=\"article:publisher\" content=\"https:\/\/www.facebook.com\/spirit.us.deum\" \/>\n<meta property=\"article:modified_time\" content=\"2026-03-26T19:33:58+00:00\" \/>\n<meta property=\"og:image\" content=\"https:\/\/www.spirit-us.eu\/wp-content\/uploads\/2026\/03\/image-produit-soin-2.png\" \/>\n\t<meta property=\"og:image:width\" content=\"1080\" \/>\n\t<meta property=\"og:image:height\" content=\"1080\" \/>\n\t<meta property=\"og:image:type\" content=\"image\/png\" \/>\n<meta name=\"twitter:card\" content=\"summary_large_image\" \/>\n<meta name=\"twitter:label1\" content=\"Dur\u00e9e de lecture estim\u00e9e\" \/>\n\t<meta name=\"twitter:data1\" content=\"1 minute\" \/>\n<script type=\"application\/ld+json\" class=\"yoast-schema-graph\">{\"@context\":\"https:\\\/\\\/schema.org\",\"@graph\":[{\"@type\":\"WebPage\",\"@id\":\"https:\\\/\\\/www.spirit-us.eu\\\/index.php\\\/produit\\\/transformer-la-peur-harmoniser-le-chakra-de-la-gorge\\\/\",\"url\":\"https:\\\/\\\/www.spirit-us.eu\\\/index.php\\\/produit\\\/transformer-la-peur-harmoniser-le-chakra-de-la-gorge\\\/\",\"name\":\"TRANSFORMER la PEUR - HARMONISER le CHAKRA de la GORGE - Spirit-US\",\"isPartOf\":{\"@id\":\"https:\\\/\\\/www.spirit-us.eu\\\/#website\"},\"primaryImageOfPage\":{\"@id\":\"https:\\\/\\\/www.spirit-us.eu\\\/index.php\\\/produit\\\/transformer-la-peur-harmoniser-le-chakra-de-la-gorge\\\/#primaryimage\"},\"image\":{\"@id\":\"https:\\\/\\\/www.spirit-us.eu\\\/index.php\\\/produit\\\/transformer-la-peur-harmoniser-le-chakra-de-la-gorge\\\/#primaryimage\"},\"thumbnailUrl\":\"https:\\\/\\\/www.spirit-us.eu\\\/wp-content\\\/uploads\\\/2026\\\/03\\\/image-produit-soin-2.png\",\"datePublished\":\"2026-03-26T14:50:59+00:00\",\"dateModified\":\"2026-03-26T19:33:58+00:00\",\"description\":\"Auto soin au format audio mp3 pour surmonter la peur de s'exprimer en tout lieu et toute circonstance - travail sur le chakra de la gorge\",\"breadcrumb\":{\"@id\":\"https:\\\/\\\/www.spirit-us.eu\\\/index.php\\\/produit\\\/transformer-la-peur-harmoniser-le-chakra-de-la-gorge\\\/#breadcrumb\"},\"inLanguage\":\"fr-FR\",\"potentialAction\":[{\"@type\":\"ReadAction\",\"target\":[\"https:\\\/\\\/www.spirit-us.eu\\\/index.php\\\/produit\\\/transformer-la-peur-harmoniser-le-chakra-de-la-gorge\\\/\"]}]},{\"@type\":\"ImageObject\",\"inLanguage\":\"fr-FR\",\"@id\":\"https:\\\/\\\/www.spirit-us.eu\\\/index.php\\\/produit\\\/transformer-la-peur-harmoniser-le-chakra-de-la-gorge\\\/#primaryimage\",\"url\":\"https:\\\/\\\/www.spirit-us.eu\\\/wp-content\\\/uploads\\\/2026\\\/03\\\/image-produit-soin-2.png\",\"contentUrl\":\"https:\\\/\\\/www.spirit-us.eu\\\/wp-content\\\/uploads\\\/2026\\\/03\\\/image-produit-soin-2.png\",\"width\":1080,\"height\":1080},{\"@type\":\"BreadcrumbList\",\"@id\":\"https:\\\/\\\/www.spirit-us.eu\\\/index.php\\\/produit\\\/transformer-la-peur-harmoniser-le-chakra-de-la-gorge\\\/#breadcrumb\",\"itemListElement\":[{\"@type\":\"ListItem\",\"position\":1,\"name\":\"Accueil\",\"item\":\"https:\\\/\\\/www.spirit-us.eu\\\/\"},{\"@type\":\"ListItem\",\"position\":2,\"name\":\"Boutique\",\"item\":\"https:\\\/\\\/www.spirit-us.eu\\\/index.php\\\/boutique\\\/\"},{\"@type\":\"ListItem\",\"position\":3,\"name\":\"TRANSFORMER la PEUR &#8211; HARMONISER le CHAKRA de la GORGE\"}]},{\"@type\":\"WebSite\",\"@id\":\"https:\\\/\\\/www.spirit-us.eu\\\/#website\",\"url\":\"https:\\\/\\\/www.spirit-us.eu\\\/\",\"name\":\"Spirit-US\",\"description\":\"\",\"publisher\":{\"@id\":\"https:\\\/\\\/www.spirit-us.eu\\\/#organization\"},\"potentialAction\":[{\"@type\":\"SearchAction\",\"target\":{\"@type\":\"EntryPoint\",\"urlTemplate\":\"https:\\\/\\\/www.spirit-us.eu\\\/?s={search_term_string}\"},\"query-input\":{\"@type\":\"PropertyValueSpecification\",\"valueRequired\":true,\"valueName\":\"search_term_string\"}}],\"inLanguage\":\"fr-FR\"},{\"@type\":\"Organization\",\"@id\":\"https:\\\/\\\/www.spirit-us.eu\\\/#organization\",\"name\":\"Spirit-US\",\"url\":\"https:\\\/\\\/www.spirit-us.eu\\\/\",\"logo\":{\"@type\":\"ImageObject\",\"inLanguage\":\"fr-FR\",\"@id\":\"https:\\\/\\\/www.spirit-us.eu\\\/#\\\/schema\\\/logo\\\/image\\\/\",\"url\":\"https:\\\/\\\/www.spirit-us.eu\\\/wp-content\\\/uploads\\\/2025\\\/11\\\/logo-regarde-linterlocutrice-sans-arrriere-plan.jpg\",\"contentUrl\":\"https:\\\/\\\/www.spirit-us.eu\\\/wp-content\\\/uploads\\\/2025\\\/11\\\/logo-regarde-linterlocutrice-sans-arrriere-plan.jpg\",\"width\":1080,\"height\":1080,\"caption\":\"Spirit-US\"},\"image\":{\"@id\":\"https:\\\/\\\/www.spirit-us.eu\\\/#\\\/schema\\\/logo\\\/image\\\/\"},\"sameAs\":[\"https:\\\/\\\/www.facebook.com\\\/spirit.us.deum\"]}]}<\/script>\n<!-- \/ Yoast SEO plugin. -->","yoast_head_json":{"title":"TRANSFORMER la PEUR - HARMONISER le CHAKRA de la GORGE - Spirit-US","description":"Auto soin au format audio mp3 pour surmonter la peur de s'exprimer en tout lieu et toute circonstance - travail sur le chakra de la gorge","robots":{"index":"index","follow":"follow","max-snippet":"max-snippet:-1","max-image-preview":"max-image-preview:large","max-video-preview":"max-video-preview:-1"},"canonical":"https:\/\/www.spirit-us.eu\/index.php\/produit\/transformer-la-peur-harmoniser-le-chakra-de-la-gorge\/","og_locale":"fr_FR","og_type":"article","og_title":"TRANSFORMER la PEUR - HARMONISER le CHAKRA de la GORGE - Spirit-US","og_description":"Auto soin au format audio mp3 pour surmonter la peur de s'exprimer en tout lieu et toute circonstance - travail sur le chakra de la gorge","og_url":"https:\/\/www.spirit-us.eu\/index.php\/produit\/transformer-la-peur-harmoniser-le-chakra-de-la-gorge\/","og_site_name":"Spirit-US","article_publisher":"https:\/\/www.facebook.com\/spirit.us.deum","article_modified_time":"2026-03-26T19:33:58+00:00","og_image":[{"width":1080,"height":1080,"url":"https:\/\/www.spirit-us.eu\/wp-content\/uploads\/2026\/03\/image-produit-soin-2.png","type":"image\/png"}],"twitter_card":"summary_large_image","twitter_misc":{"Dur\u00e9e de lecture estim\u00e9e":"1 minute"},"schema":{"@context":"https:\/\/schema.org","@graph":[{"@type":"WebPage","@id":"https:\/\/www.spirit-us.eu\/index.php\/produit\/transformer-la-peur-harmoniser-le-chakra-de-la-gorge\/","url":"https:\/\/www.spirit-us.eu\/index.php\/produit\/transformer-la-peur-harmoniser-le-chakra-de-la-gorge\/","name":"TRANSFORMER la PEUR - HARMONISER le CHAKRA de la GORGE - Spirit-US","isPartOf":{"@id":"https:\/\/www.spirit-us.eu\/#website"},"primaryImageOfPage":{"@id":"https:\/\/www.spirit-us.eu\/index.php\/produit\/transformer-la-peur-harmoniser-le-chakra-de-la-gorge\/#primaryimage"},"image":{"@id":"https:\/\/www.spirit-us.eu\/index.php\/produit\/transformer-la-peur-harmoniser-le-chakra-de-la-gorge\/#primaryimage"},"thumbnailUrl":"https:\/\/www.spirit-us.eu\/wp-content\/uploads\/2026\/03\/image-produit-soin-2.png","datePublished":"2026-03-26T14:50:59+00:00","dateModified":"2026-03-26T19:33:58+00:00","description":"Auto soin au format audio mp3 pour surmonter la peur de s'exprimer en tout lieu et toute circonstance - travail sur le chakra de la gorge","breadcrumb":{"@id":"https:\/\/www.spirit-us.eu\/index.php\/produit\/transformer-la-peur-harmoniser-le-chakra-de-la-gorge\/#breadcrumb"},"inLanguage":"fr-FR","potentialAction":[{"@type":"ReadAction","target":["https:\/\/www.spirit-us.eu\/index.php\/produit\/transformer-la-peur-harmoniser-le-chakra-de-la-gorge\/"]}]},{"@type":"ImageObject","inLanguage":"fr-FR","@id":"https:\/\/www.spirit-us.eu\/index.php\/produit\/transformer-la-peur-harmoniser-le-chakra-de-la-gorge\/#primaryimage","url":"https:\/\/www.spirit-us.eu\/wp-content\/uploads\/2026\/03\/image-produit-soin-2.png","contentUrl":"https:\/\/www.spirit-us.eu\/wp-content\/uploads\/2026\/03\/image-produit-soin-2.png","width":1080,"height":1080},{"@type":"BreadcrumbList","@id":"https:\/\/www.spirit-us.eu\/index.php\/produit\/transformer-la-peur-harmoniser-le-chakra-de-la-gorge\/#breadcrumb","itemListElement":[{"@type":"ListItem","position":1,"name":"Accueil","item":"https:\/\/www.spirit-us.eu\/"},{"@type":"ListItem","position":2,"name":"Boutique","item":"https:\/\/www.spirit-us.eu\/index.php\/boutique\/"},{"@type":"ListItem","position":3,"name":"TRANSFORMER la PEUR &#8211; HARMONISER le CHAKRA de la GORGE"}]},{"@type":"WebSite","@id":"https:\/\/www.spirit-us.eu\/#website","url":"https:\/\/www.spirit-us.eu\/","name":"Spirit-US","description":"","publisher":{"@id":"https:\/\/www.spirit-us.eu\/#organization"},"potentialAction":[{"@type":"SearchAction","target":{"@type":"EntryPoint","urlTemplate":"https:\/\/www.spirit-us.eu\/?s={search_term_string}"},"query-input":{"@type":"PropertyValueSpecification","valueRequired":true,"valueName":"search_term_string"}}],"inLanguage":"fr-FR"},{"@type":"Organization","@id":"https:\/\/www.spirit-us.eu\/#organization","name":"Spirit-US","url":"https:\/\/www.spirit-us.eu\/","logo":{"@type":"ImageObject","inLanguage":"fr-FR","@id":"https:\/\/www.spirit-us.eu\/#\/schema\/logo\/image\/","url":"https:\/\/www.spirit-us.eu\/wp-content\/uploads\/2025\/11\/logo-regarde-linterlocutrice-sans-arrriere-plan.jpg","contentUrl":"https:\/\/www.spirit-us.eu\/wp-content\/uploads\/2025\/11\/logo-regarde-linterlocutrice-sans-arrriere-plan.jpg","width":1080,"height":1080,"caption":"Spirit-US"},"image":{"@id":"https:\/\/www.spirit-us.eu\/#\/schema\/logo\/image\/"},"sameAs":["https:\/\/www.facebook.com\/spirit.us.deum"]}]}},"jetpack_sharing_enabled":true,"_links":{"self":[{"href":"https:\/\/www.spirit-us.eu\/index.php\/wp-json\/wp\/v2\/product\/4547","targetHints":{"allow":["GET"]}}],"collection":[{"href":"https:\/\/www.spirit-us.eu\/index.php\/wp-json\/wp\/v2\/product"}],"about":[{"href":"https:\/\/www.spirit-us.eu\/index.php\/wp-json\/wp\/v2\/types\/product"}],"replies":[{"embeddable":true,"href":"https:\/\/www.spirit-us.eu\/index.php\/wp-json\/wp\/v2\/comments?post=4547"}],"wp:featuredmedia":[{"embeddable":true,"href":"https:\/\/www.spirit-us.eu\/index.php\/wp-json\/wp\/v2\/media\/4548"}],"wp:attachment":[{"href":"https:\/\/www.spirit-us.eu\/index.php\/wp-json\/wp\/v2\/media?parent=4547"}],"wp:term":[{"taxonomy":"product_brand","embeddable":true,"href":"https:\/\/www.spirit-us.eu\/index.php\/wp-json\/wp\/v2\/product_brand?post=4547"},{"taxonomy":"product_cat","embeddable":true,"href":"https:\/\/www.spirit-us.eu\/index.php\/wp-json\/wp\/v2\/product_cat?post=4547"},{"taxonomy":"product_tag","embeddable":true,"href":"https:\/\/www.spirit-us.eu\/index.php\/wp-json\/wp\/v2\/product_tag?post=4547"},{"taxonomy":"mwb_booking_cost","embeddable":true,"href":"https:\/\/www.spirit-us.eu\/index.php\/wp-json\/wp\/v2\/mwb_booking_cost?post=4547"},{"taxonomy":"mwb_booking_service","embeddable":true,"href":"https:\/\/www.spirit-us.eu\/index.php\/wp-json\/wp\/v2\/mwb_booking_service?post=4547"}],"curies":[{"name":"wp","href":"https:\/\/api.w.org\/{rel}","templated":true}]}}