{"id":4465,"date":"2026-03-16T12:58:22","date_gmt":"2026-03-16T11:58:22","guid":{"rendered":"https:\/\/www.spirit-us.eu\/?post_type=product&#038;p=4465"},"modified":"2026-03-21T11:19:26","modified_gmt":"2026-03-21T10:19:26","slug":"energie-de-printemps-soin-renaissance-ostara","status":"publish","type":"product","link":"https:\/\/www.spirit-us.eu\/index.php\/produit\/energie-de-printemps-soin-renaissance-ostara\/","title":{"rendered":"ENERGIE de PRINTEMPS &#8211; soin revitalisant, RENAISSANCE d&rsquo;OSTARA"},"content":{"rendered":"<p><strong>Auteure<\/strong>\u00a0: Lola LACROIX<\/p>\n<p><strong>Musique <\/strong>: Su\u00f4 Gan harpe et fl\u00fbte<\/p>\n<p><strong>Objectifs<\/strong> : retrouver une belle \u00e9nergie, comme une renaissance au printemps<\/p>\n<p><strong>Dur\u00e9e de l\u2019audio mp3<\/strong> :\u00a0 \u00a029 minutes<\/p>\n<p><strong>Montage<\/strong>\u00a0<strong>&amp; cr\u00e9ation<\/strong>\u00a0: Lola LACROIX<\/p>\n<p><strong>El\u00e9ments de ce soin<\/strong> : audio mp3 mont\u00e9 avec musique douce<\/p>\n<p>Certifi\u00e9 \u00ab\u00a0<strong>100% production humaine<\/strong> \u00bb : le texte, le montage, l\u2019enregistrement des sons.<\/p>\n<p>T\u00e9l\u00e9chargeable et accessible imm\u00e9diatement. Les droits d&rsquo;auteure s&rsquo;appliquent sur l&rsquo;ensemble des \u00e9l\u00e9ments constituant ce soin.<\/p>\n","protected":false},"excerpt":{"rendered":"<p style=\"text-align: justify;\">Retrouvez votre lumi\u00e8re et une splendide \u00e9nergie gr\u00e2ce \u00e0 ce soin de PRINTEMPS.\u00a0 Par l&rsquo;induction de votre cerveau en ondes lentes et calmes, les ondes \u03b1, reprogrammez votre inconscient au confort, au bien-\u00eatre \u00e9motionnel et \u00e0 la puissance de votre renaissance int\u00e9rieure, apr\u00e8s un hiver m\u00e9t\u00e9orologique ou un hiver \u00e9motionnel.\u00a0 Une \u00e9nergie douce et puissante, rien que pour vous.\u00a0 Offrez-vous ce soin, permettez-vous de vous offrir ce temps, o\u00f9 l\u2019instant est \u00e9ternit\u00e9.\u00a0 O\u00f9 les secondes soignent. Un temps o\u00f9 s\u2019ancre le changement que vous d\u00e9sirez. Un temps juste pour vous.\u00a0 Ou faites-en cadeau \u00e0 une personne que vous aimez et qui a besoin d&rsquo;aller mieux.<\/p>\n","protected":false},"featured_media":4466,"comment_status":"open","ping_status":"closed","template":"","meta":[],"product_brand":[],"product_cat":[155,17],"product_tag":[383,382,384],"mwb_booking_cost":[],"mwb_booking_service":[],"class_list":{"0":"post-4465","1":"product","2":"type-product","3":"status-publish","4":"has-post-thumbnail","6":"product_cat-02-soins-accueil","7":"product_cat-tous-les-produits","8":"product_tag-anneau-gastrique","9":"product_tag-minceur","10":"product_tag-protocole-minceur","12":"first","13":"instock","14":"downloadable","15":"virtual","16":"purchasable","17":"product-type-simple"},"yoast_head":"<!-- This site is optimized with the Yoast SEO plugin v27.4 - https:\/\/yoast.com\/product\/yoast-seo-wordpress\/ -->\n<title>ENERGIE de PRINTEMPS - soin revitalisant, RENAISSANCE d&#039;OSTARA - Spirit-US ENERGIE de PRINTEMPS - soin revitalisant, RENAISSANCE d&#039;OSTARA<\/title>\n<meta name=\"description\" content=\"Retrouvez votre lumi\u00e8re et une splendide \u00e9nergie gr\u00e2ce \u00e0 ce soin de PRINTEMPS, reprogrammez votre inconscient au confort, \u00e0 la puissance int\u00e9rieure.\" \/>\n<meta name=\"robots\" content=\"index, follow, max-snippet:-1, max-image-preview:large, max-video-preview:-1\" \/>\n<link rel=\"canonical\" href=\"https:\/\/www.spirit-us.eu\/index.php\/produit\/energie-de-printemps-soin-renaissance-ostara\/\" \/>\n<meta property=\"og:locale\" content=\"fr_FR\" \/>\n<meta property=\"og:type\" content=\"article\" \/>\n<meta property=\"og:title\" content=\"ENERGIE de PRINTEMPS - soin revitalisant, RENAISSANCE d&#039;OSTARA - Spirit-US ENERGIE de PRINTEMPS - soin revitalisant, RENAISSANCE d&#039;OSTARA\" \/>\n<meta property=\"og:description\" content=\"Retrouvez votre lumi\u00e8re et une splendide \u00e9nergie gr\u00e2ce \u00e0 ce soin de PRINTEMPS, reprogrammez votre inconscient au confort, \u00e0 la puissance int\u00e9rieure.\" \/>\n<meta property=\"og:url\" content=\"https:\/\/www.spirit-us.eu\/index.php\/produit\/energie-de-printemps-soin-renaissance-ostara\/\" \/>\n<meta property=\"og:site_name\" content=\"Spirit-US\" \/>\n<meta property=\"article:publisher\" content=\"https:\/\/www.facebook.com\/spirit.us.deum\" \/>\n<meta property=\"article:modified_time\" content=\"2026-03-21T10:19:26+00:00\" \/>\n<meta property=\"og:image\" content=\"https:\/\/www.spirit-us.eu\/wp-content\/uploads\/2026\/03\/image-produit-radiance-de-printemps-1024x1024.png\" \/>\n\t<meta property=\"og:image:width\" content=\"1024\" \/>\n\t<meta property=\"og:image:height\" content=\"1024\" \/>\n\t<meta property=\"og:image:type\" content=\"image\/png\" \/>\n<meta name=\"twitter:card\" content=\"summary_large_image\" \/>\n<meta name=\"twitter:label1\" content=\"Dur\u00e9e de lecture estim\u00e9e\" \/>\n\t<meta name=\"twitter:data1\" content=\"1 minute\" \/>\n<script type=\"application\/ld+json\" class=\"yoast-schema-graph\">{\"@context\":\"https:\\\/\\\/schema.org\",\"@graph\":[{\"@type\":\"WebPage\",\"@id\":\"https:\\\/\\\/www.spirit-us.eu\\\/index.php\\\/produit\\\/energie-de-printemps-soin-renaissance-ostara\\\/\",\"url\":\"https:\\\/\\\/www.spirit-us.eu\\\/index.php\\\/produit\\\/energie-de-printemps-soin-renaissance-ostara\\\/\",\"name\":\"ENERGIE de PRINTEMPS - soin revitalisant, RENAISSANCE d'OSTARA - Spirit-US ENERGIE de PRINTEMPS - soin revitalisant, RENAISSANCE d'OSTARA\",\"isPartOf\":{\"@id\":\"https:\\\/\\\/www.spirit-us.eu\\\/#website\"},\"primaryImageOfPage\":{\"@id\":\"https:\\\/\\\/www.spirit-us.eu\\\/index.php\\\/produit\\\/energie-de-printemps-soin-renaissance-ostara\\\/#primaryimage\"},\"image\":{\"@id\":\"https:\\\/\\\/www.spirit-us.eu\\\/index.php\\\/produit\\\/energie-de-printemps-soin-renaissance-ostara\\\/#primaryimage\"},\"thumbnailUrl\":\"https:\\\/\\\/www.spirit-us.eu\\\/wp-content\\\/uploads\\\/2026\\\/03\\\/image-produit-radiance-de-printemps.png\",\"datePublished\":\"2026-03-16T11:58:22+00:00\",\"dateModified\":\"2026-03-21T10:19:26+00:00\",\"description\":\"Retrouvez votre lumi\u00e8re et une splendide \u00e9nergie gr\u00e2ce \u00e0 ce soin de PRINTEMPS, reprogrammez votre inconscient au confort, \u00e0 la puissance int\u00e9rieure.\",\"breadcrumb\":{\"@id\":\"https:\\\/\\\/www.spirit-us.eu\\\/index.php\\\/produit\\\/energie-de-printemps-soin-renaissance-ostara\\\/#breadcrumb\"},\"inLanguage\":\"fr-FR\",\"potentialAction\":[{\"@type\":\"ReadAction\",\"target\":[\"https:\\\/\\\/www.spirit-us.eu\\\/index.php\\\/produit\\\/energie-de-printemps-soin-renaissance-ostara\\\/\"]}]},{\"@type\":\"ImageObject\",\"inLanguage\":\"fr-FR\",\"@id\":\"https:\\\/\\\/www.spirit-us.eu\\\/index.php\\\/produit\\\/energie-de-printemps-soin-renaissance-ostara\\\/#primaryimage\",\"url\":\"https:\\\/\\\/www.spirit-us.eu\\\/wp-content\\\/uploads\\\/2026\\\/03\\\/image-produit-radiance-de-printemps.png\",\"contentUrl\":\"https:\\\/\\\/www.spirit-us.eu\\\/wp-content\\\/uploads\\\/2026\\\/03\\\/image-produit-radiance-de-printemps.png\",\"width\":2430,\"height\":2430},{\"@type\":\"BreadcrumbList\",\"@id\":\"https:\\\/\\\/www.spirit-us.eu\\\/index.php\\\/produit\\\/energie-de-printemps-soin-renaissance-ostara\\\/#breadcrumb\",\"itemListElement\":[{\"@type\":\"ListItem\",\"position\":1,\"name\":\"Accueil\",\"item\":\"https:\\\/\\\/www.spirit-us.eu\\\/\"},{\"@type\":\"ListItem\",\"position\":2,\"name\":\"Boutique\",\"item\":\"https:\\\/\\\/www.spirit-us.eu\\\/index.php\\\/boutique\\\/\"},{\"@type\":\"ListItem\",\"position\":3,\"name\":\"ENERGIE de PRINTEMPS &#8211; soin revitalisant, RENAISSANCE d&rsquo;OSTARA\"}]},{\"@type\":\"WebSite\",\"@id\":\"https:\\\/\\\/www.spirit-us.eu\\\/#website\",\"url\":\"https:\\\/\\\/www.spirit-us.eu\\\/\",\"name\":\"Spirit-US\",\"description\":\"\",\"publisher\":{\"@id\":\"https:\\\/\\\/www.spirit-us.eu\\\/#organization\"},\"potentialAction\":[{\"@type\":\"SearchAction\",\"target\":{\"@type\":\"EntryPoint\",\"urlTemplate\":\"https:\\\/\\\/www.spirit-us.eu\\\/?s={search_term_string}\"},\"query-input\":{\"@type\":\"PropertyValueSpecification\",\"valueRequired\":true,\"valueName\":\"search_term_string\"}}],\"inLanguage\":\"fr-FR\"},{\"@type\":\"Organization\",\"@id\":\"https:\\\/\\\/www.spirit-us.eu\\\/#organization\",\"name\":\"Spirit-US\",\"url\":\"https:\\\/\\\/www.spirit-us.eu\\\/\",\"logo\":{\"@type\":\"ImageObject\",\"inLanguage\":\"fr-FR\",\"@id\":\"https:\\\/\\\/www.spirit-us.eu\\\/#\\\/schema\\\/logo\\\/image\\\/\",\"url\":\"https:\\\/\\\/www.spirit-us.eu\\\/wp-content\\\/uploads\\\/2025\\\/11\\\/logo-regarde-linterlocutrice-sans-arrriere-plan.jpg\",\"contentUrl\":\"https:\\\/\\\/www.spirit-us.eu\\\/wp-content\\\/uploads\\\/2025\\\/11\\\/logo-regarde-linterlocutrice-sans-arrriere-plan.jpg\",\"width\":1080,\"height\":1080,\"caption\":\"Spirit-US\"},\"image\":{\"@id\":\"https:\\\/\\\/www.spirit-us.eu\\\/#\\\/schema\\\/logo\\\/image\\\/\"},\"sameAs\":[\"https:\\\/\\\/www.facebook.com\\\/spirit.us.deum\"]}]}<\/script>\n<!-- \/ Yoast SEO plugin. -->","yoast_head_json":{"title":"ENERGIE de PRINTEMPS - soin revitalisant, RENAISSANCE d'OSTARA - Spirit-US ENERGIE de PRINTEMPS - soin revitalisant, RENAISSANCE d'OSTARA","description":"Retrouvez votre lumi\u00e8re et une splendide \u00e9nergie gr\u00e2ce \u00e0 ce soin de PRINTEMPS, reprogrammez votre inconscient au confort, \u00e0 la puissance int\u00e9rieure.","robots":{"index":"index","follow":"follow","max-snippet":"max-snippet:-1","max-image-preview":"max-image-preview:large","max-video-preview":"max-video-preview:-1"},"canonical":"https:\/\/www.spirit-us.eu\/index.php\/produit\/energie-de-printemps-soin-renaissance-ostara\/","og_locale":"fr_FR","og_type":"article","og_title":"ENERGIE de PRINTEMPS - soin revitalisant, RENAISSANCE d'OSTARA - Spirit-US ENERGIE de PRINTEMPS - soin revitalisant, RENAISSANCE d'OSTARA","og_description":"Retrouvez votre lumi\u00e8re et une splendide \u00e9nergie gr\u00e2ce \u00e0 ce soin de PRINTEMPS, reprogrammez votre inconscient au confort, \u00e0 la puissance int\u00e9rieure.","og_url":"https:\/\/www.spirit-us.eu\/index.php\/produit\/energie-de-printemps-soin-renaissance-ostara\/","og_site_name":"Spirit-US","article_publisher":"https:\/\/www.facebook.com\/spirit.us.deum","article_modified_time":"2026-03-21T10:19:26+00:00","og_image":[{"width":1024,"height":1024,"url":"https:\/\/www.spirit-us.eu\/wp-content\/uploads\/2026\/03\/image-produit-radiance-de-printemps-1024x1024.png","type":"image\/png"}],"twitter_card":"summary_large_image","twitter_misc":{"Dur\u00e9e de lecture estim\u00e9e":"1 minute"},"schema":{"@context":"https:\/\/schema.org","@graph":[{"@type":"WebPage","@id":"https:\/\/www.spirit-us.eu\/index.php\/produit\/energie-de-printemps-soin-renaissance-ostara\/","url":"https:\/\/www.spirit-us.eu\/index.php\/produit\/energie-de-printemps-soin-renaissance-ostara\/","name":"ENERGIE de PRINTEMPS - soin revitalisant, RENAISSANCE d'OSTARA - Spirit-US ENERGIE de PRINTEMPS - soin revitalisant, RENAISSANCE d'OSTARA","isPartOf":{"@id":"https:\/\/www.spirit-us.eu\/#website"},"primaryImageOfPage":{"@id":"https:\/\/www.spirit-us.eu\/index.php\/produit\/energie-de-printemps-soin-renaissance-ostara\/#primaryimage"},"image":{"@id":"https:\/\/www.spirit-us.eu\/index.php\/produit\/energie-de-printemps-soin-renaissance-ostara\/#primaryimage"},"thumbnailUrl":"https:\/\/www.spirit-us.eu\/wp-content\/uploads\/2026\/03\/image-produit-radiance-de-printemps.png","datePublished":"2026-03-16T11:58:22+00:00","dateModified":"2026-03-21T10:19:26+00:00","description":"Retrouvez votre lumi\u00e8re et une splendide \u00e9nergie gr\u00e2ce \u00e0 ce soin de PRINTEMPS, reprogrammez votre inconscient au confort, \u00e0 la puissance int\u00e9rieure.","breadcrumb":{"@id":"https:\/\/www.spirit-us.eu\/index.php\/produit\/energie-de-printemps-soin-renaissance-ostara\/#breadcrumb"},"inLanguage":"fr-FR","potentialAction":[{"@type":"ReadAction","target":["https:\/\/www.spirit-us.eu\/index.php\/produit\/energie-de-printemps-soin-renaissance-ostara\/"]}]},{"@type":"ImageObject","inLanguage":"fr-FR","@id":"https:\/\/www.spirit-us.eu\/index.php\/produit\/energie-de-printemps-soin-renaissance-ostara\/#primaryimage","url":"https:\/\/www.spirit-us.eu\/wp-content\/uploads\/2026\/03\/image-produit-radiance-de-printemps.png","contentUrl":"https:\/\/www.spirit-us.eu\/wp-content\/uploads\/2026\/03\/image-produit-radiance-de-printemps.png","width":2430,"height":2430},{"@type":"BreadcrumbList","@id":"https:\/\/www.spirit-us.eu\/index.php\/produit\/energie-de-printemps-soin-renaissance-ostara\/#breadcrumb","itemListElement":[{"@type":"ListItem","position":1,"name":"Accueil","item":"https:\/\/www.spirit-us.eu\/"},{"@type":"ListItem","position":2,"name":"Boutique","item":"https:\/\/www.spirit-us.eu\/index.php\/boutique\/"},{"@type":"ListItem","position":3,"name":"ENERGIE de PRINTEMPS &#8211; soin revitalisant, RENAISSANCE d&rsquo;OSTARA"}]},{"@type":"WebSite","@id":"https:\/\/www.spirit-us.eu\/#website","url":"https:\/\/www.spirit-us.eu\/","name":"Spirit-US","description":"","publisher":{"@id":"https:\/\/www.spirit-us.eu\/#organization"},"potentialAction":[{"@type":"SearchAction","target":{"@type":"EntryPoint","urlTemplate":"https:\/\/www.spirit-us.eu\/?s={search_term_string}"},"query-input":{"@type":"PropertyValueSpecification","valueRequired":true,"valueName":"search_term_string"}}],"inLanguage":"fr-FR"},{"@type":"Organization","@id":"https:\/\/www.spirit-us.eu\/#organization","name":"Spirit-US","url":"https:\/\/www.spirit-us.eu\/","logo":{"@type":"ImageObject","inLanguage":"fr-FR","@id":"https:\/\/www.spirit-us.eu\/#\/schema\/logo\/image\/","url":"https:\/\/www.spirit-us.eu\/wp-content\/uploads\/2025\/11\/logo-regarde-linterlocutrice-sans-arrriere-plan.jpg","contentUrl":"https:\/\/www.spirit-us.eu\/wp-content\/uploads\/2025\/11\/logo-regarde-linterlocutrice-sans-arrriere-plan.jpg","width":1080,"height":1080,"caption":"Spirit-US"},"image":{"@id":"https:\/\/www.spirit-us.eu\/#\/schema\/logo\/image\/"},"sameAs":["https:\/\/www.facebook.com\/spirit.us.deum"]}]}},"jetpack_sharing_enabled":true,"_links":{"self":[{"href":"https:\/\/www.spirit-us.eu\/index.php\/wp-json\/wp\/v2\/product\/4465","targetHints":{"allow":["GET"]}}],"collection":[{"href":"https:\/\/www.spirit-us.eu\/index.php\/wp-json\/wp\/v2\/product"}],"about":[{"href":"https:\/\/www.spirit-us.eu\/index.php\/wp-json\/wp\/v2\/types\/product"}],"replies":[{"embeddable":true,"href":"https:\/\/www.spirit-us.eu\/index.php\/wp-json\/wp\/v2\/comments?post=4465"}],"wp:featuredmedia":[{"embeddable":true,"href":"https:\/\/www.spirit-us.eu\/index.php\/wp-json\/wp\/v2\/media\/4466"}],"wp:attachment":[{"href":"https:\/\/www.spirit-us.eu\/index.php\/wp-json\/wp\/v2\/media?parent=4465"}],"wp:term":[{"taxonomy":"product_brand","embeddable":true,"href":"https:\/\/www.spirit-us.eu\/index.php\/wp-json\/wp\/v2\/product_brand?post=4465"},{"taxonomy":"product_cat","embeddable":true,"href":"https:\/\/www.spirit-us.eu\/index.php\/wp-json\/wp\/v2\/product_cat?post=4465"},{"taxonomy":"product_tag","embeddable":true,"href":"https:\/\/www.spirit-us.eu\/index.php\/wp-json\/wp\/v2\/product_tag?post=4465"},{"taxonomy":"mwb_booking_cost","embeddable":true,"href":"https:\/\/www.spirit-us.eu\/index.php\/wp-json\/wp\/v2\/mwb_booking_cost?post=4465"},{"taxonomy":"mwb_booking_service","embeddable":true,"href":"https:\/\/www.spirit-us.eu\/index.php\/wp-json\/wp\/v2\/mwb_booking_service?post=4465"}],"curies":[{"name":"wp","href":"https:\/\/api.w.org\/{rel}","templated":true}]}}