{"id":4449,"date":"2026-03-13T15:45:14","date_gmt":"2026-03-13T14:45:14","guid":{"rendered":"https:\/\/www.spirit-us.eu\/?post_type=product&#038;p=4449"},"modified":"2026-03-13T15:50:29","modified_gmt":"2026-03-13T14:50:29","slug":"relaxologie-antidouleur-autohypnose","status":"publish","type":"product","link":"https:\/\/www.spirit-us.eu\/index.php\/produit\/relaxologie-antidouleur-autohypnose\/","title":{"rendered":"RELAXOLOGIE ANTIDOULEUR (autohypnose)"},"content":{"rendered":"<p><strong>Auteure<\/strong>\u00a0: Lola LACROIX<\/p>\n<p><strong>Sonorit\u00e9s\u00a0<\/strong>: musique de relaxation hypnotique &#8211; fr\u00e9quence de gu\u00e9rison<\/p>\n<p><strong>Objectifs<\/strong> : favoriser l&rsquo;autonomie et le recours aux d\u00e9fenses naturelles dans la d\u00e9marche antidouleur<\/p>\n<p><strong>Dur\u00e9e de l\u2019audio mp3<\/strong> :\u00a0 \u00a0minutes \/ soin &#8211; 1h<\/p>\n<p><strong>Montage<\/strong>\u00a0<strong>&amp; cr\u00e9ation<\/strong>\u00a0: Lola LACROIX<\/p>\n<p><strong>El\u00e9ments de ce soin<\/strong>\u00a0:<\/p>\n<ol>\n<li>l\u2019audio mp3 mont\u00e9 avec sonorit\u00e9s<\/li>\n<li>le livret au format pdf<\/li>\n<\/ol>\n<p><strong>Avertissement :\u00a0<\/strong>il est imp\u00e9ratif de lire le livret joint avant d&rsquo;entreprendre le soin<\/p>\n<p>Certifi\u00e9 \u00ab\u00a0<strong>100% production humaine<\/strong> \u00bb : le texte, le montage, l\u2019enregistrement des sons.<\/p>\n<p>T\u00e9l\u00e9chargeable et accessible imm\u00e9diatement. Les droits d&rsquo;auteure s&rsquo;appliquent sur l&rsquo;ensemble des \u00e9l\u00e9ments constituant ce soin.<\/p>\n","protected":false},"excerpt":{"rendered":"<p style=\"text-align: justify;\">Les objectifs de ce soin sont d\u2019aider votre corps \u00e0 produire les endorphines antidouleur, donc de favoriser la comp\u00e9tence naturelle du corps de se pr\u00e9server pour r\u00e9duire la douleur physique, de favoriser la dissociation psychique avec la douleur et de cr\u00e9er des gestes d\u2019auto-soin pour que vous puissiez, de fa\u00e7on autonome, dissoudre la douleur lorsqu\u2019elle se pr\u00e9sente.\u00a0 Ce soin convient pour les douleurs soudaines, ou localis\u00e9es pendant une p\u00e9riode donn\u00e9e, ou chroniques.<\/p>\n","protected":false},"featured_media":4450,"comment_status":"open","ping_status":"closed","template":"","meta":[],"product_brand":[],"product_cat":[155,17],"product_tag":[383,382,384],"mwb_booking_cost":[],"mwb_booking_service":[],"class_list":{"0":"post-4449","1":"product","2":"type-product","3":"status-publish","4":"has-post-thumbnail","6":"product_cat-02-soins-accueil","7":"product_cat-tous-les-produits","8":"product_tag-anneau-gastrique","9":"product_tag-minceur","10":"product_tag-protocole-minceur","12":"first","13":"instock","14":"downloadable","15":"virtual","16":"purchasable","17":"product-type-simple"},"yoast_head":"<!-- This site is optimized with the Yoast SEO plugin v27.4 - https:\/\/yoast.com\/product\/yoast-seo-wordpress\/ -->\n<title>RELAXOLOGIE ANTIDOULEUR (autohypnose) - Spirit-US<\/title>\n<meta name=\"description\" content=\"S\u00e9ance d&#039;auto-hypnose de relaxologie antidouleur, pour favoriser la production d&#039;antalgiques naturels et acqu\u00e9rir l&#039;autonomie dans la d\u00e9marche du mieux-\u00eatre\" \/>\n<meta name=\"robots\" content=\"index, follow, max-snippet:-1, max-image-preview:large, max-video-preview:-1\" \/>\n<link rel=\"canonical\" href=\"https:\/\/www.spirit-us.eu\/index.php\/produit\/relaxologie-antidouleur-autohypnose\/\" \/>\n<meta property=\"og:locale\" content=\"fr_FR\" \/>\n<meta property=\"og:type\" content=\"article\" \/>\n<meta property=\"og:title\" content=\"RELAXOLOGIE ANTIDOULEUR (autohypnose) - Spirit-US\" \/>\n<meta property=\"og:description\" content=\"S\u00e9ance d&#039;auto-hypnose de relaxologie antidouleur, pour favoriser la production d&#039;antalgiques naturels et acqu\u00e9rir l&#039;autonomie dans la d\u00e9marche du mieux-\u00eatre\" \/>\n<meta property=\"og:url\" content=\"https:\/\/www.spirit-us.eu\/index.php\/produit\/relaxologie-antidouleur-autohypnose\/\" \/>\n<meta property=\"og:site_name\" content=\"Spirit-US\" \/>\n<meta property=\"article:publisher\" content=\"https:\/\/www.facebook.com\/spirit.us.deum\" \/>\n<meta property=\"article:modified_time\" content=\"2026-03-13T14:50:29+00:00\" \/>\n<meta property=\"og:image\" content=\"https:\/\/www.spirit-us.eu\/wp-content\/uploads\/2026\/03\/relaxologie-image-produit-2.png\" \/>\n\t<meta property=\"og:image:width\" content=\"1080\" \/>\n\t<meta property=\"og:image:height\" content=\"1080\" \/>\n\t<meta property=\"og:image:type\" content=\"image\/png\" \/>\n<meta name=\"twitter:card\" content=\"summary_large_image\" \/>\n<meta name=\"twitter:label1\" content=\"Dur\u00e9e de lecture estim\u00e9e\" \/>\n\t<meta name=\"twitter:data1\" content=\"1 minute\" \/>\n<script type=\"application\/ld+json\" class=\"yoast-schema-graph\">{\"@context\":\"https:\\\/\\\/schema.org\",\"@graph\":[{\"@type\":\"WebPage\",\"@id\":\"https:\\\/\\\/www.spirit-us.eu\\\/index.php\\\/produit\\\/relaxologie-antidouleur-autohypnose\\\/\",\"url\":\"https:\\\/\\\/www.spirit-us.eu\\\/index.php\\\/produit\\\/relaxologie-antidouleur-autohypnose\\\/\",\"name\":\"RELAXOLOGIE ANTIDOULEUR (autohypnose) - Spirit-US\",\"isPartOf\":{\"@id\":\"https:\\\/\\\/www.spirit-us.eu\\\/#website\"},\"primaryImageOfPage\":{\"@id\":\"https:\\\/\\\/www.spirit-us.eu\\\/index.php\\\/produit\\\/relaxologie-antidouleur-autohypnose\\\/#primaryimage\"},\"image\":{\"@id\":\"https:\\\/\\\/www.spirit-us.eu\\\/index.php\\\/produit\\\/relaxologie-antidouleur-autohypnose\\\/#primaryimage\"},\"thumbnailUrl\":\"https:\\\/\\\/www.spirit-us.eu\\\/wp-content\\\/uploads\\\/2026\\\/03\\\/relaxologie-image-produit-2.png\",\"datePublished\":\"2026-03-13T14:45:14+00:00\",\"dateModified\":\"2026-03-13T14:50:29+00:00\",\"description\":\"S\u00e9ance d'auto-hypnose de relaxologie antidouleur, pour favoriser la production d'antalgiques naturels et acqu\u00e9rir l'autonomie dans la d\u00e9marche du mieux-\u00eatre\",\"breadcrumb\":{\"@id\":\"https:\\\/\\\/www.spirit-us.eu\\\/index.php\\\/produit\\\/relaxologie-antidouleur-autohypnose\\\/#breadcrumb\"},\"inLanguage\":\"fr-FR\",\"potentialAction\":[{\"@type\":\"ReadAction\",\"target\":[\"https:\\\/\\\/www.spirit-us.eu\\\/index.php\\\/produit\\\/relaxologie-antidouleur-autohypnose\\\/\"]}]},{\"@type\":\"ImageObject\",\"inLanguage\":\"fr-FR\",\"@id\":\"https:\\\/\\\/www.spirit-us.eu\\\/index.php\\\/produit\\\/relaxologie-antidouleur-autohypnose\\\/#primaryimage\",\"url\":\"https:\\\/\\\/www.spirit-us.eu\\\/wp-content\\\/uploads\\\/2026\\\/03\\\/relaxologie-image-produit-2.png\",\"contentUrl\":\"https:\\\/\\\/www.spirit-us.eu\\\/wp-content\\\/uploads\\\/2026\\\/03\\\/relaxologie-image-produit-2.png\",\"width\":1080,\"height\":1080},{\"@type\":\"BreadcrumbList\",\"@id\":\"https:\\\/\\\/www.spirit-us.eu\\\/index.php\\\/produit\\\/relaxologie-antidouleur-autohypnose\\\/#breadcrumb\",\"itemListElement\":[{\"@type\":\"ListItem\",\"position\":1,\"name\":\"Accueil\",\"item\":\"https:\\\/\\\/www.spirit-us.eu\\\/\"},{\"@type\":\"ListItem\",\"position\":2,\"name\":\"Boutique\",\"item\":\"https:\\\/\\\/www.spirit-us.eu\\\/index.php\\\/boutique\\\/\"},{\"@type\":\"ListItem\",\"position\":3,\"name\":\"RELAXOLOGIE ANTIDOULEUR (autohypnose)\"}]},{\"@type\":\"WebSite\",\"@id\":\"https:\\\/\\\/www.spirit-us.eu\\\/#website\",\"url\":\"https:\\\/\\\/www.spirit-us.eu\\\/\",\"name\":\"Spirit-US\",\"description\":\"\",\"publisher\":{\"@id\":\"https:\\\/\\\/www.spirit-us.eu\\\/#organization\"},\"potentialAction\":[{\"@type\":\"SearchAction\",\"target\":{\"@type\":\"EntryPoint\",\"urlTemplate\":\"https:\\\/\\\/www.spirit-us.eu\\\/?s={search_term_string}\"},\"query-input\":{\"@type\":\"PropertyValueSpecification\",\"valueRequired\":true,\"valueName\":\"search_term_string\"}}],\"inLanguage\":\"fr-FR\"},{\"@type\":\"Organization\",\"@id\":\"https:\\\/\\\/www.spirit-us.eu\\\/#organization\",\"name\":\"Spirit-US\",\"url\":\"https:\\\/\\\/www.spirit-us.eu\\\/\",\"logo\":{\"@type\":\"ImageObject\",\"inLanguage\":\"fr-FR\",\"@id\":\"https:\\\/\\\/www.spirit-us.eu\\\/#\\\/schema\\\/logo\\\/image\\\/\",\"url\":\"https:\\\/\\\/www.spirit-us.eu\\\/wp-content\\\/uploads\\\/2025\\\/11\\\/logo-regarde-linterlocutrice-sans-arrriere-plan.jpg\",\"contentUrl\":\"https:\\\/\\\/www.spirit-us.eu\\\/wp-content\\\/uploads\\\/2025\\\/11\\\/logo-regarde-linterlocutrice-sans-arrriere-plan.jpg\",\"width\":1080,\"height\":1080,\"caption\":\"Spirit-US\"},\"image\":{\"@id\":\"https:\\\/\\\/www.spirit-us.eu\\\/#\\\/schema\\\/logo\\\/image\\\/\"},\"sameAs\":[\"https:\\\/\\\/www.facebook.com\\\/spirit.us.deum\"]}]}<\/script>\n<!-- \/ Yoast SEO plugin. -->","yoast_head_json":{"title":"RELAXOLOGIE ANTIDOULEUR (autohypnose) - Spirit-US","description":"S\u00e9ance d'auto-hypnose de relaxologie antidouleur, pour favoriser la production d'antalgiques naturels et acqu\u00e9rir l'autonomie dans la d\u00e9marche du mieux-\u00eatre","robots":{"index":"index","follow":"follow","max-snippet":"max-snippet:-1","max-image-preview":"max-image-preview:large","max-video-preview":"max-video-preview:-1"},"canonical":"https:\/\/www.spirit-us.eu\/index.php\/produit\/relaxologie-antidouleur-autohypnose\/","og_locale":"fr_FR","og_type":"article","og_title":"RELAXOLOGIE ANTIDOULEUR (autohypnose) - Spirit-US","og_description":"S\u00e9ance d'auto-hypnose de relaxologie antidouleur, pour favoriser la production d'antalgiques naturels et acqu\u00e9rir l'autonomie dans la d\u00e9marche du mieux-\u00eatre","og_url":"https:\/\/www.spirit-us.eu\/index.php\/produit\/relaxologie-antidouleur-autohypnose\/","og_site_name":"Spirit-US","article_publisher":"https:\/\/www.facebook.com\/spirit.us.deum","article_modified_time":"2026-03-13T14:50:29+00:00","og_image":[{"width":1080,"height":1080,"url":"https:\/\/www.spirit-us.eu\/wp-content\/uploads\/2026\/03\/relaxologie-image-produit-2.png","type":"image\/png"}],"twitter_card":"summary_large_image","twitter_misc":{"Dur\u00e9e de lecture estim\u00e9e":"1 minute"},"schema":{"@context":"https:\/\/schema.org","@graph":[{"@type":"WebPage","@id":"https:\/\/www.spirit-us.eu\/index.php\/produit\/relaxologie-antidouleur-autohypnose\/","url":"https:\/\/www.spirit-us.eu\/index.php\/produit\/relaxologie-antidouleur-autohypnose\/","name":"RELAXOLOGIE ANTIDOULEUR (autohypnose) - Spirit-US","isPartOf":{"@id":"https:\/\/www.spirit-us.eu\/#website"},"primaryImageOfPage":{"@id":"https:\/\/www.spirit-us.eu\/index.php\/produit\/relaxologie-antidouleur-autohypnose\/#primaryimage"},"image":{"@id":"https:\/\/www.spirit-us.eu\/index.php\/produit\/relaxologie-antidouleur-autohypnose\/#primaryimage"},"thumbnailUrl":"https:\/\/www.spirit-us.eu\/wp-content\/uploads\/2026\/03\/relaxologie-image-produit-2.png","datePublished":"2026-03-13T14:45:14+00:00","dateModified":"2026-03-13T14:50:29+00:00","description":"S\u00e9ance d'auto-hypnose de relaxologie antidouleur, pour favoriser la production d'antalgiques naturels et acqu\u00e9rir l'autonomie dans la d\u00e9marche du mieux-\u00eatre","breadcrumb":{"@id":"https:\/\/www.spirit-us.eu\/index.php\/produit\/relaxologie-antidouleur-autohypnose\/#breadcrumb"},"inLanguage":"fr-FR","potentialAction":[{"@type":"ReadAction","target":["https:\/\/www.spirit-us.eu\/index.php\/produit\/relaxologie-antidouleur-autohypnose\/"]}]},{"@type":"ImageObject","inLanguage":"fr-FR","@id":"https:\/\/www.spirit-us.eu\/index.php\/produit\/relaxologie-antidouleur-autohypnose\/#primaryimage","url":"https:\/\/www.spirit-us.eu\/wp-content\/uploads\/2026\/03\/relaxologie-image-produit-2.png","contentUrl":"https:\/\/www.spirit-us.eu\/wp-content\/uploads\/2026\/03\/relaxologie-image-produit-2.png","width":1080,"height":1080},{"@type":"BreadcrumbList","@id":"https:\/\/www.spirit-us.eu\/index.php\/produit\/relaxologie-antidouleur-autohypnose\/#breadcrumb","itemListElement":[{"@type":"ListItem","position":1,"name":"Accueil","item":"https:\/\/www.spirit-us.eu\/"},{"@type":"ListItem","position":2,"name":"Boutique","item":"https:\/\/www.spirit-us.eu\/index.php\/boutique\/"},{"@type":"ListItem","position":3,"name":"RELAXOLOGIE ANTIDOULEUR (autohypnose)"}]},{"@type":"WebSite","@id":"https:\/\/www.spirit-us.eu\/#website","url":"https:\/\/www.spirit-us.eu\/","name":"Spirit-US","description":"","publisher":{"@id":"https:\/\/www.spirit-us.eu\/#organization"},"potentialAction":[{"@type":"SearchAction","target":{"@type":"EntryPoint","urlTemplate":"https:\/\/www.spirit-us.eu\/?s={search_term_string}"},"query-input":{"@type":"PropertyValueSpecification","valueRequired":true,"valueName":"search_term_string"}}],"inLanguage":"fr-FR"},{"@type":"Organization","@id":"https:\/\/www.spirit-us.eu\/#organization","name":"Spirit-US","url":"https:\/\/www.spirit-us.eu\/","logo":{"@type":"ImageObject","inLanguage":"fr-FR","@id":"https:\/\/www.spirit-us.eu\/#\/schema\/logo\/image\/","url":"https:\/\/www.spirit-us.eu\/wp-content\/uploads\/2025\/11\/logo-regarde-linterlocutrice-sans-arrriere-plan.jpg","contentUrl":"https:\/\/www.spirit-us.eu\/wp-content\/uploads\/2025\/11\/logo-regarde-linterlocutrice-sans-arrriere-plan.jpg","width":1080,"height":1080,"caption":"Spirit-US"},"image":{"@id":"https:\/\/www.spirit-us.eu\/#\/schema\/logo\/image\/"},"sameAs":["https:\/\/www.facebook.com\/spirit.us.deum"]}]}},"jetpack_sharing_enabled":true,"_links":{"self":[{"href":"https:\/\/www.spirit-us.eu\/index.php\/wp-json\/wp\/v2\/product\/4449","targetHints":{"allow":["GET"]}}],"collection":[{"href":"https:\/\/www.spirit-us.eu\/index.php\/wp-json\/wp\/v2\/product"}],"about":[{"href":"https:\/\/www.spirit-us.eu\/index.php\/wp-json\/wp\/v2\/types\/product"}],"replies":[{"embeddable":true,"href":"https:\/\/www.spirit-us.eu\/index.php\/wp-json\/wp\/v2\/comments?post=4449"}],"wp:featuredmedia":[{"embeddable":true,"href":"https:\/\/www.spirit-us.eu\/index.php\/wp-json\/wp\/v2\/media\/4450"}],"wp:attachment":[{"href":"https:\/\/www.spirit-us.eu\/index.php\/wp-json\/wp\/v2\/media?parent=4449"}],"wp:term":[{"taxonomy":"product_brand","embeddable":true,"href":"https:\/\/www.spirit-us.eu\/index.php\/wp-json\/wp\/v2\/product_brand?post=4449"},{"taxonomy":"product_cat","embeddable":true,"href":"https:\/\/www.spirit-us.eu\/index.php\/wp-json\/wp\/v2\/product_cat?post=4449"},{"taxonomy":"product_tag","embeddable":true,"href":"https:\/\/www.spirit-us.eu\/index.php\/wp-json\/wp\/v2\/product_tag?post=4449"},{"taxonomy":"mwb_booking_cost","embeddable":true,"href":"https:\/\/www.spirit-us.eu\/index.php\/wp-json\/wp\/v2\/mwb_booking_cost?post=4449"},{"taxonomy":"mwb_booking_service","embeddable":true,"href":"https:\/\/www.spirit-us.eu\/index.php\/wp-json\/wp\/v2\/mwb_booking_service?post=4449"}],"curies":[{"name":"wp","href":"https:\/\/api.w.org\/{rel}","templated":true}]}}