{"id":4406,"date":"2026-02-24T14:45:53","date_gmt":"2026-02-24T13:45:53","guid":{"rendered":"https:\/\/www.spirit-us.eu\/?post_type=product&#038;p=4406"},"modified":"2026-02-24T14:51:17","modified_gmt":"2026-02-24T13:51:17","slug":"foulard-bijou-bleu-profond","status":"publish","type":"product","link":"https:\/\/www.spirit-us.eu\/index.php\/produit\/foulard-bijou-bleu-profond\/","title":{"rendered":"FOULARD-BIJOU  bleu profond"},"content":{"rendered":"<p>Tr\u00e8s tendance cette ann\u00e9e, voici un foulard bijou superbe pour rehausser d&rsquo;une touche de fantaisie vos tenues<\/p>\n<p><strong>Dimensions<\/strong> :<\/p>\n<ul>\n<li>longueur : 180 cm<\/li>\n<li>largeur : 38 cm<\/li>\n<\/ul>\n<p><strong>Dimensions des perles fantaisie<\/strong> :<\/p>\n<ul>\n<li>perles :\u00a0 cm<\/li>\n<li>petites perles :\u00a0 cm<\/li>\n<li>perles de m\u00e9tal variable<\/li>\n<\/ul>\n<p><strong>Couleurs<\/strong> : bleu profond, or, argent\u00e9<\/p>\n<p><strong>Mati\u00e8res<\/strong> : acier argent\u00e9, polyester, polycarbonate, laiton dor\u00e9<\/p>\n<p>&nbsp;<\/p>\n","protected":false},"excerpt":{"rendered":"<p style=\"text-align: justify;\">Super tendance, les foulards-bijoux.\u00a0 On adore cet accessoire qui rehausse une tenue et lui donne un look unique. Celui-ci est fait de tissu l\u00e9ger, de grosses perles : 3 perles de 2,3 cm et 2 perles de 1,8 cm \u2013 s\u00e9par\u00e9es par des perles argent\u00e9es fantaisie. Il est bien long, ce qui permet de faire jusqu\u2019\u00e0 trois tours de cou. Un plaisir \u00e0 porter ! Sa couleur neutre (un joli beige bois-de-rose) s&rsquo;harmonise avec de nombreuses tenues auxquelles elle donne une touche fantaisie-chic, en toute circonstance. En panne d&rsquo;id\u00e9es pour la f\u00eate des m\u00e8res, ou No\u00ebl ou la saint Valentin ? Ce foulard fait un cadeau magnifique \u00e0 la port\u00e9e de toutes les bourses.<\/p>\n","protected":false},"featured_media":4407,"comment_status":"open","ping_status":"closed","template":"","meta":[],"product_brand":[],"product_cat":[462,17],"product_tag":[],"mwb_booking_cost":[],"mwb_booking_service":[],"class_list":{"0":"post-4406","1":"product","2":"type-product","3":"status-publish","4":"has-post-thumbnail","6":"product_cat-006-colliers","7":"product_cat-tous-les-produits","9":"first","10":"instock","11":"shipping-taxable","12":"purchasable","13":"product-type-simple"},"yoast_head":"<!-- This site is optimized with the Yoast SEO plugin v27.4 - https:\/\/yoast.com\/product\/yoast-seo-wordpress\/ -->\n<title>FOULARD-BIJOU bleu profond - Spirit-US<\/title>\n<meta name=\"description\" content=\"Tendance chic, foulard beige fantaisie, foulard bijou pour la f\u00eate des m\u00e8res, saint Valentin, No\u00ebl, pour toute occasion, rehausse une tenue.\" \/>\n<meta name=\"robots\" content=\"index, follow, max-snippet:-1, max-image-preview:large, max-video-preview:-1\" \/>\n<link rel=\"canonical\" href=\"https:\/\/www.spirit-us.eu\/index.php\/produit\/foulard-bijou-bleu-profond\/\" \/>\n<meta property=\"og:locale\" content=\"fr_FR\" \/>\n<meta property=\"og:type\" content=\"article\" \/>\n<meta property=\"og:title\" content=\"FOULARD-BIJOU bleu profond - Spirit-US\" \/>\n<meta property=\"og:description\" content=\"Tendance chic, foulard beige fantaisie, foulard bijou pour la f\u00eate des m\u00e8res, saint Valentin, No\u00ebl, pour toute occasion, rehausse une tenue.\" \/>\n<meta property=\"og:url\" content=\"https:\/\/www.spirit-us.eu\/index.php\/produit\/foulard-bijou-bleu-profond\/\" \/>\n<meta property=\"og:site_name\" content=\"Spirit-US\" \/>\n<meta property=\"article:publisher\" content=\"https:\/\/www.facebook.com\/spirit.us.deum\" \/>\n<meta property=\"article:modified_time\" content=\"2026-02-24T13:51:17+00:00\" \/>\n<meta property=\"og:image\" content=\"https:\/\/www.spirit-us.eu\/wp-content\/uploads\/2026\/02\/foulard-bleu-pour-image-produit-boutique.png\" \/>\n\t<meta property=\"og:image:width\" content=\"1080\" \/>\n\t<meta property=\"og:image:height\" content=\"1080\" \/>\n\t<meta property=\"og:image:type\" content=\"image\/png\" \/>\n<meta name=\"twitter:card\" content=\"summary_large_image\" \/>\n<meta name=\"twitter:label1\" content=\"Dur\u00e9e de lecture estim\u00e9e\" \/>\n\t<meta name=\"twitter:data1\" content=\"1 minute\" \/>\n<script type=\"application\/ld+json\" class=\"yoast-schema-graph\">{\"@context\":\"https:\\\/\\\/schema.org\",\"@graph\":[{\"@type\":\"WebPage\",\"@id\":\"https:\\\/\\\/www.spirit-us.eu\\\/index.php\\\/produit\\\/foulard-bijou-bleu-profond\\\/\",\"url\":\"https:\\\/\\\/www.spirit-us.eu\\\/index.php\\\/produit\\\/foulard-bijou-bleu-profond\\\/\",\"name\":\"FOULARD-BIJOU bleu profond - Spirit-US\",\"isPartOf\":{\"@id\":\"https:\\\/\\\/www.spirit-us.eu\\\/#website\"},\"primaryImageOfPage\":{\"@id\":\"https:\\\/\\\/www.spirit-us.eu\\\/index.php\\\/produit\\\/foulard-bijou-bleu-profond\\\/#primaryimage\"},\"image\":{\"@id\":\"https:\\\/\\\/www.spirit-us.eu\\\/index.php\\\/produit\\\/foulard-bijou-bleu-profond\\\/#primaryimage\"},\"thumbnailUrl\":\"https:\\\/\\\/www.spirit-us.eu\\\/wp-content\\\/uploads\\\/2026\\\/02\\\/foulard-bleu-pour-image-produit-boutique.png\",\"datePublished\":\"2026-02-24T13:45:53+00:00\",\"dateModified\":\"2026-02-24T13:51:17+00:00\",\"description\":\"Tendance chic, foulard beige fantaisie, foulard bijou pour la f\u00eate des m\u00e8res, saint Valentin, No\u00ebl, pour toute occasion, rehausse une tenue.\",\"breadcrumb\":{\"@id\":\"https:\\\/\\\/www.spirit-us.eu\\\/index.php\\\/produit\\\/foulard-bijou-bleu-profond\\\/#breadcrumb\"},\"inLanguage\":\"fr-FR\",\"potentialAction\":[{\"@type\":\"ReadAction\",\"target\":[\"https:\\\/\\\/www.spirit-us.eu\\\/index.php\\\/produit\\\/foulard-bijou-bleu-profond\\\/\"]}]},{\"@type\":\"ImageObject\",\"inLanguage\":\"fr-FR\",\"@id\":\"https:\\\/\\\/www.spirit-us.eu\\\/index.php\\\/produit\\\/foulard-bijou-bleu-profond\\\/#primaryimage\",\"url\":\"https:\\\/\\\/www.spirit-us.eu\\\/wp-content\\\/uploads\\\/2026\\\/02\\\/foulard-bleu-pour-image-produit-boutique.png\",\"contentUrl\":\"https:\\\/\\\/www.spirit-us.eu\\\/wp-content\\\/uploads\\\/2026\\\/02\\\/foulard-bleu-pour-image-produit-boutique.png\",\"width\":1080,\"height\":1080},{\"@type\":\"BreadcrumbList\",\"@id\":\"https:\\\/\\\/www.spirit-us.eu\\\/index.php\\\/produit\\\/foulard-bijou-bleu-profond\\\/#breadcrumb\",\"itemListElement\":[{\"@type\":\"ListItem\",\"position\":1,\"name\":\"Accueil\",\"item\":\"https:\\\/\\\/www.spirit-us.eu\\\/\"},{\"@type\":\"ListItem\",\"position\":2,\"name\":\"Boutique\",\"item\":\"https:\\\/\\\/www.spirit-us.eu\\\/index.php\\\/boutique\\\/\"},{\"@type\":\"ListItem\",\"position\":3,\"name\":\"FOULARD-BIJOU bleu profond\"}]},{\"@type\":\"WebSite\",\"@id\":\"https:\\\/\\\/www.spirit-us.eu\\\/#website\",\"url\":\"https:\\\/\\\/www.spirit-us.eu\\\/\",\"name\":\"Spirit-US\",\"description\":\"\",\"publisher\":{\"@id\":\"https:\\\/\\\/www.spirit-us.eu\\\/#organization\"},\"potentialAction\":[{\"@type\":\"SearchAction\",\"target\":{\"@type\":\"EntryPoint\",\"urlTemplate\":\"https:\\\/\\\/www.spirit-us.eu\\\/?s={search_term_string}\"},\"query-input\":{\"@type\":\"PropertyValueSpecification\",\"valueRequired\":true,\"valueName\":\"search_term_string\"}}],\"inLanguage\":\"fr-FR\"},{\"@type\":\"Organization\",\"@id\":\"https:\\\/\\\/www.spirit-us.eu\\\/#organization\",\"name\":\"Spirit-US\",\"url\":\"https:\\\/\\\/www.spirit-us.eu\\\/\",\"logo\":{\"@type\":\"ImageObject\",\"inLanguage\":\"fr-FR\",\"@id\":\"https:\\\/\\\/www.spirit-us.eu\\\/#\\\/schema\\\/logo\\\/image\\\/\",\"url\":\"https:\\\/\\\/www.spirit-us.eu\\\/wp-content\\\/uploads\\\/2025\\\/11\\\/logo-regarde-linterlocutrice-sans-arrriere-plan.jpg\",\"contentUrl\":\"https:\\\/\\\/www.spirit-us.eu\\\/wp-content\\\/uploads\\\/2025\\\/11\\\/logo-regarde-linterlocutrice-sans-arrriere-plan.jpg\",\"width\":1080,\"height\":1080,\"caption\":\"Spirit-US\"},\"image\":{\"@id\":\"https:\\\/\\\/www.spirit-us.eu\\\/#\\\/schema\\\/logo\\\/image\\\/\"},\"sameAs\":[\"https:\\\/\\\/www.facebook.com\\\/spirit.us.deum\"]}]}<\/script>\n<!-- \/ Yoast SEO plugin. -->","yoast_head_json":{"title":"FOULARD-BIJOU bleu profond - Spirit-US","description":"Tendance chic, foulard beige fantaisie, foulard bijou pour la f\u00eate des m\u00e8res, saint Valentin, No\u00ebl, pour toute occasion, rehausse une tenue.","robots":{"index":"index","follow":"follow","max-snippet":"max-snippet:-1","max-image-preview":"max-image-preview:large","max-video-preview":"max-video-preview:-1"},"canonical":"https:\/\/www.spirit-us.eu\/index.php\/produit\/foulard-bijou-bleu-profond\/","og_locale":"fr_FR","og_type":"article","og_title":"FOULARD-BIJOU bleu profond - Spirit-US","og_description":"Tendance chic, foulard beige fantaisie, foulard bijou pour la f\u00eate des m\u00e8res, saint Valentin, No\u00ebl, pour toute occasion, rehausse une tenue.","og_url":"https:\/\/www.spirit-us.eu\/index.php\/produit\/foulard-bijou-bleu-profond\/","og_site_name":"Spirit-US","article_publisher":"https:\/\/www.facebook.com\/spirit.us.deum","article_modified_time":"2026-02-24T13:51:17+00:00","og_image":[{"width":1080,"height":1080,"url":"https:\/\/www.spirit-us.eu\/wp-content\/uploads\/2026\/02\/foulard-bleu-pour-image-produit-boutique.png","type":"image\/png"}],"twitter_card":"summary_large_image","twitter_misc":{"Dur\u00e9e de lecture estim\u00e9e":"1 minute"},"schema":{"@context":"https:\/\/schema.org","@graph":[{"@type":"WebPage","@id":"https:\/\/www.spirit-us.eu\/index.php\/produit\/foulard-bijou-bleu-profond\/","url":"https:\/\/www.spirit-us.eu\/index.php\/produit\/foulard-bijou-bleu-profond\/","name":"FOULARD-BIJOU bleu profond - Spirit-US","isPartOf":{"@id":"https:\/\/www.spirit-us.eu\/#website"},"primaryImageOfPage":{"@id":"https:\/\/www.spirit-us.eu\/index.php\/produit\/foulard-bijou-bleu-profond\/#primaryimage"},"image":{"@id":"https:\/\/www.spirit-us.eu\/index.php\/produit\/foulard-bijou-bleu-profond\/#primaryimage"},"thumbnailUrl":"https:\/\/www.spirit-us.eu\/wp-content\/uploads\/2026\/02\/foulard-bleu-pour-image-produit-boutique.png","datePublished":"2026-02-24T13:45:53+00:00","dateModified":"2026-02-24T13:51:17+00:00","description":"Tendance chic, foulard beige fantaisie, foulard bijou pour la f\u00eate des m\u00e8res, saint Valentin, No\u00ebl, pour toute occasion, rehausse une tenue.","breadcrumb":{"@id":"https:\/\/www.spirit-us.eu\/index.php\/produit\/foulard-bijou-bleu-profond\/#breadcrumb"},"inLanguage":"fr-FR","potentialAction":[{"@type":"ReadAction","target":["https:\/\/www.spirit-us.eu\/index.php\/produit\/foulard-bijou-bleu-profond\/"]}]},{"@type":"ImageObject","inLanguage":"fr-FR","@id":"https:\/\/www.spirit-us.eu\/index.php\/produit\/foulard-bijou-bleu-profond\/#primaryimage","url":"https:\/\/www.spirit-us.eu\/wp-content\/uploads\/2026\/02\/foulard-bleu-pour-image-produit-boutique.png","contentUrl":"https:\/\/www.spirit-us.eu\/wp-content\/uploads\/2026\/02\/foulard-bleu-pour-image-produit-boutique.png","width":1080,"height":1080},{"@type":"BreadcrumbList","@id":"https:\/\/www.spirit-us.eu\/index.php\/produit\/foulard-bijou-bleu-profond\/#breadcrumb","itemListElement":[{"@type":"ListItem","position":1,"name":"Accueil","item":"https:\/\/www.spirit-us.eu\/"},{"@type":"ListItem","position":2,"name":"Boutique","item":"https:\/\/www.spirit-us.eu\/index.php\/boutique\/"},{"@type":"ListItem","position":3,"name":"FOULARD-BIJOU bleu profond"}]},{"@type":"WebSite","@id":"https:\/\/www.spirit-us.eu\/#website","url":"https:\/\/www.spirit-us.eu\/","name":"Spirit-US","description":"","publisher":{"@id":"https:\/\/www.spirit-us.eu\/#organization"},"potentialAction":[{"@type":"SearchAction","target":{"@type":"EntryPoint","urlTemplate":"https:\/\/www.spirit-us.eu\/?s={search_term_string}"},"query-input":{"@type":"PropertyValueSpecification","valueRequired":true,"valueName":"search_term_string"}}],"inLanguage":"fr-FR"},{"@type":"Organization","@id":"https:\/\/www.spirit-us.eu\/#organization","name":"Spirit-US","url":"https:\/\/www.spirit-us.eu\/","logo":{"@type":"ImageObject","inLanguage":"fr-FR","@id":"https:\/\/www.spirit-us.eu\/#\/schema\/logo\/image\/","url":"https:\/\/www.spirit-us.eu\/wp-content\/uploads\/2025\/11\/logo-regarde-linterlocutrice-sans-arrriere-plan.jpg","contentUrl":"https:\/\/www.spirit-us.eu\/wp-content\/uploads\/2025\/11\/logo-regarde-linterlocutrice-sans-arrriere-plan.jpg","width":1080,"height":1080,"caption":"Spirit-US"},"image":{"@id":"https:\/\/www.spirit-us.eu\/#\/schema\/logo\/image\/"},"sameAs":["https:\/\/www.facebook.com\/spirit.us.deum"]}]}},"jetpack_sharing_enabled":true,"_links":{"self":[{"href":"https:\/\/www.spirit-us.eu\/index.php\/wp-json\/wp\/v2\/product\/4406","targetHints":{"allow":["GET"]}}],"collection":[{"href":"https:\/\/www.spirit-us.eu\/index.php\/wp-json\/wp\/v2\/product"}],"about":[{"href":"https:\/\/www.spirit-us.eu\/index.php\/wp-json\/wp\/v2\/types\/product"}],"replies":[{"embeddable":true,"href":"https:\/\/www.spirit-us.eu\/index.php\/wp-json\/wp\/v2\/comments?post=4406"}],"wp:featuredmedia":[{"embeddable":true,"href":"https:\/\/www.spirit-us.eu\/index.php\/wp-json\/wp\/v2\/media\/4407"}],"wp:attachment":[{"href":"https:\/\/www.spirit-us.eu\/index.php\/wp-json\/wp\/v2\/media?parent=4406"}],"wp:term":[{"taxonomy":"product_brand","embeddable":true,"href":"https:\/\/www.spirit-us.eu\/index.php\/wp-json\/wp\/v2\/product_brand?post=4406"},{"taxonomy":"product_cat","embeddable":true,"href":"https:\/\/www.spirit-us.eu\/index.php\/wp-json\/wp\/v2\/product_cat?post=4406"},{"taxonomy":"product_tag","embeddable":true,"href":"https:\/\/www.spirit-us.eu\/index.php\/wp-json\/wp\/v2\/product_tag?post=4406"},{"taxonomy":"mwb_booking_cost","embeddable":true,"href":"https:\/\/www.spirit-us.eu\/index.php\/wp-json\/wp\/v2\/mwb_booking_cost?post=4406"},{"taxonomy":"mwb_booking_service","embeddable":true,"href":"https:\/\/www.spirit-us.eu\/index.php\/wp-json\/wp\/v2\/mwb_booking_service?post=4406"}],"curies":[{"name":"wp","href":"https:\/\/api.w.org\/{rel}","templated":true}]}}