{"id":4216,"date":"2026-02-10T19:46:25","date_gmt":"2026-02-10T18:46:25","guid":{"rendered":"https:\/\/www.spirit-us.eu\/?post_type=product&#038;p=4216"},"modified":"2026-02-10T19:47:11","modified_gmt":"2026-02-10T18:47:11","slug":"la-blessure-karmique-dabandon","status":"publish","type":"product","link":"https:\/\/www.spirit-us.eu\/index.php\/produit\/la-blessure-karmique-dabandon\/","title":{"rendered":"LA BLESSURE KARMIQUE D&rsquo;ABANDON"},"content":{"rendered":"<p>EN COURS DE PREPARATION<\/p>\n","protected":false},"excerpt":{"rendered":"<p style=\"text-align: justify;\">Le sentiment d\u2019abandon est tr\u00e8s toxique pour qui le subit. Activ\u00e9 in utero, dans la petite enfance ou import\u00e9 d\u2019autres vies, il conditionne la souffrance et les comportements des vies des adultes. Dans le contexte actuel o\u00f9 les parents sont d\u00e9senfant\u00e9s dans des divorces-forc\u00e9s et les enfants tranch\u00e9s par le jugement de Salomon, la blessure d\u2019abandon est plus que jamais pr\u00e9sente dans nos soci\u00e9t\u00e9s post modernes. Stress, anxi\u00e9t\u00e9 sans cause identifiable facilement, d\u00e9sespoir sans solution, passivit\u00e9 dans les situations o\u00f9 la peur de l\u2019abandon se d\u00e9ploie, ruptures \u00e0 r\u00e9p\u00e9tition, sont quelques sympt\u00f4mes de la blessure d\u2019abandon. Etre abandonn\u00e9, c\u2019est crier silencieusement sans obtenir l\u2019aide humaine vitale, pour ne pas mourir. La blessure d\u2019abandon peut avoir trois causes : &#8211; Elle est la r\u00e9sultante d\u2019un contrat d\u2019\u00e2me par lequel on a choisi de r\u00e9soudre la souffrance d\u2019abandon dans cette vie &#8211; Elle a pour cause un karma familial d\u2019abandon (par exemple de guerre, de suicide, de mis\u00e8re, ou de divorce, etc.). Elle est transg\u00e9n\u00e9rationnelle. &#8211; Elle appartient au lointain pass\u00e9 inscrit dans l\u2019histoire de l\u2019\u00e2me et n\u2019a pas encore \u00e9t\u00e9 r\u00e9solue, dans ce cas, elle repr\u00e9sente un n\u0153ud karmique. Ce soin, soigneusement suivi, permet de dissoudre les sympt\u00f4mes \u00e0 votre rythme, de gu\u00e9rir de l\u2019abandon et de d\u00e9bloquer votre chemin de vie, constamment en souffrance de cette blessure ancienne.<\/p>\n","protected":false},"featured_media":4218,"comment_status":"open","ping_status":"closed","template":"","meta":[],"product_brand":[],"product_cat":[558,155,17],"product_tag":[215,577],"mwb_booking_cost":[],"mwb_booking_service":[],"class_list":{"0":"post-4216","1":"product","2":"type-product","3":"status-publish","4":"has-post-thumbnail","6":"product_cat-booking","7":"product_cat-02-soins-accueil","8":"product_cat-tous-les-produits","9":"product_tag-abandon","10":"product_tag-blessure-dabandon","12":"first","13":"instock","14":"virtual","15":"purchasable","16":"product-type-mwb_booking"},"yoast_head":"<!-- This site is optimized with the Yoast SEO plugin v27.4 - https:\/\/yoast.com\/product\/yoast-seo-wordpress\/ -->\n<title>LA BLESSURE KARMIQUE D&#039;ABANDON - Spirit-US<\/title>\n<meta name=\"description\" content=\"S\u00e9ances d&#039;analyse et soins pour am\u00e9liorer le confort psychique face \u00e0 la blessure karmique d&#039;abandon. Un travail de reprogrammation.\" \/>\n<meta name=\"robots\" content=\"index, follow, max-snippet:-1, max-image-preview:large, max-video-preview:-1\" \/>\n<link rel=\"canonical\" href=\"https:\/\/www.spirit-us.eu\/index.php\/produit\/la-blessure-karmique-dabandon\/\" \/>\n<meta property=\"og:locale\" content=\"fr_FR\" \/>\n<meta property=\"og:type\" content=\"article\" \/>\n<meta property=\"og:title\" content=\"LA BLESSURE KARMIQUE D&#039;ABANDON - Spirit-US\" \/>\n<meta property=\"og:description\" content=\"S\u00e9ances d&#039;analyse et soins pour am\u00e9liorer le confort psychique face \u00e0 la blessure karmique d&#039;abandon. Un travail de reprogrammation.\" \/>\n<meta property=\"og:url\" content=\"https:\/\/www.spirit-us.eu\/index.php\/produit\/la-blessure-karmique-dabandon\/\" \/>\n<meta property=\"og:site_name\" content=\"Spirit-US\" \/>\n<meta property=\"article:publisher\" content=\"https:\/\/www.facebook.com\/spirit.us.deum\" \/>\n<meta property=\"article:modified_time\" content=\"2026-02-10T18:47:11+00:00\" \/>\n<meta property=\"og:image\" content=\"https:\/\/www.spirit-us.eu\/wp-content\/uploads\/2026\/02\/Guerir-de-la-blessure-karmique.png\" \/>\n\t<meta property=\"og:image:width\" content=\"1080\" \/>\n\t<meta property=\"og:image:height\" content=\"1080\" \/>\n\t<meta property=\"og:image:type\" content=\"image\/png\" \/>\n<meta name=\"twitter:card\" content=\"summary_large_image\" \/>\n<meta name=\"twitter:label1\" content=\"Dur\u00e9e de lecture estim\u00e9e\" \/>\n\t<meta name=\"twitter:data1\" content=\"1 minute\" \/>\n<script type=\"application\/ld+json\" class=\"yoast-schema-graph\">{\"@context\":\"https:\\\/\\\/schema.org\",\"@graph\":[{\"@type\":\"WebPage\",\"@id\":\"https:\\\/\\\/www.spirit-us.eu\\\/index.php\\\/produit\\\/la-blessure-karmique-dabandon\\\/\",\"url\":\"https:\\\/\\\/www.spirit-us.eu\\\/index.php\\\/produit\\\/la-blessure-karmique-dabandon\\\/\",\"name\":\"LA BLESSURE KARMIQUE D'ABANDON - Spirit-US\",\"isPartOf\":{\"@id\":\"https:\\\/\\\/www.spirit-us.eu\\\/#website\"},\"primaryImageOfPage\":{\"@id\":\"https:\\\/\\\/www.spirit-us.eu\\\/index.php\\\/produit\\\/la-blessure-karmique-dabandon\\\/#primaryimage\"},\"image\":{\"@id\":\"https:\\\/\\\/www.spirit-us.eu\\\/index.php\\\/produit\\\/la-blessure-karmique-dabandon\\\/#primaryimage\"},\"thumbnailUrl\":\"https:\\\/\\\/www.spirit-us.eu\\\/wp-content\\\/uploads\\\/2026\\\/02\\\/Guerir-de-la-blessure-karmique.png\",\"datePublished\":\"2026-02-10T18:46:25+00:00\",\"dateModified\":\"2026-02-10T18:47:11+00:00\",\"description\":\"S\u00e9ances d'analyse et soins pour am\u00e9liorer le confort psychique face \u00e0 la blessure karmique d'abandon. Un travail de reprogrammation.\",\"breadcrumb\":{\"@id\":\"https:\\\/\\\/www.spirit-us.eu\\\/index.php\\\/produit\\\/la-blessure-karmique-dabandon\\\/#breadcrumb\"},\"inLanguage\":\"fr-FR\",\"potentialAction\":[{\"@type\":\"ReadAction\",\"target\":[\"https:\\\/\\\/www.spirit-us.eu\\\/index.php\\\/produit\\\/la-blessure-karmique-dabandon\\\/\"]}]},{\"@type\":\"ImageObject\",\"inLanguage\":\"fr-FR\",\"@id\":\"https:\\\/\\\/www.spirit-us.eu\\\/index.php\\\/produit\\\/la-blessure-karmique-dabandon\\\/#primaryimage\",\"url\":\"https:\\\/\\\/www.spirit-us.eu\\\/wp-content\\\/uploads\\\/2026\\\/02\\\/Guerir-de-la-blessure-karmique.png\",\"contentUrl\":\"https:\\\/\\\/www.spirit-us.eu\\\/wp-content\\\/uploads\\\/2026\\\/02\\\/Guerir-de-la-blessure-karmique.png\",\"width\":1080,\"height\":1080},{\"@type\":\"BreadcrumbList\",\"@id\":\"https:\\\/\\\/www.spirit-us.eu\\\/index.php\\\/produit\\\/la-blessure-karmique-dabandon\\\/#breadcrumb\",\"itemListElement\":[{\"@type\":\"ListItem\",\"position\":1,\"name\":\"Accueil\",\"item\":\"https:\\\/\\\/www.spirit-us.eu\\\/\"},{\"@type\":\"ListItem\",\"position\":2,\"name\":\"Boutique\",\"item\":\"https:\\\/\\\/www.spirit-us.eu\\\/index.php\\\/boutique\\\/\"},{\"@type\":\"ListItem\",\"position\":3,\"name\":\"LA BLESSURE KARMIQUE D&rsquo;ABANDON\"}]},{\"@type\":\"WebSite\",\"@id\":\"https:\\\/\\\/www.spirit-us.eu\\\/#website\",\"url\":\"https:\\\/\\\/www.spirit-us.eu\\\/\",\"name\":\"Spirit-US\",\"description\":\"\",\"publisher\":{\"@id\":\"https:\\\/\\\/www.spirit-us.eu\\\/#organization\"},\"potentialAction\":[{\"@type\":\"SearchAction\",\"target\":{\"@type\":\"EntryPoint\",\"urlTemplate\":\"https:\\\/\\\/www.spirit-us.eu\\\/?s={search_term_string}\"},\"query-input\":{\"@type\":\"PropertyValueSpecification\",\"valueRequired\":true,\"valueName\":\"search_term_string\"}}],\"inLanguage\":\"fr-FR\"},{\"@type\":\"Organization\",\"@id\":\"https:\\\/\\\/www.spirit-us.eu\\\/#organization\",\"name\":\"Spirit-US\",\"url\":\"https:\\\/\\\/www.spirit-us.eu\\\/\",\"logo\":{\"@type\":\"ImageObject\",\"inLanguage\":\"fr-FR\",\"@id\":\"https:\\\/\\\/www.spirit-us.eu\\\/#\\\/schema\\\/logo\\\/image\\\/\",\"url\":\"https:\\\/\\\/www.spirit-us.eu\\\/wp-content\\\/uploads\\\/2025\\\/11\\\/logo-regarde-linterlocutrice-sans-arrriere-plan.jpg\",\"contentUrl\":\"https:\\\/\\\/www.spirit-us.eu\\\/wp-content\\\/uploads\\\/2025\\\/11\\\/logo-regarde-linterlocutrice-sans-arrriere-plan.jpg\",\"width\":1080,\"height\":1080,\"caption\":\"Spirit-US\"},\"image\":{\"@id\":\"https:\\\/\\\/www.spirit-us.eu\\\/#\\\/schema\\\/logo\\\/image\\\/\"},\"sameAs\":[\"https:\\\/\\\/www.facebook.com\\\/spirit.us.deum\"]}]}<\/script>\n<!-- \/ Yoast SEO plugin. -->","yoast_head_json":{"title":"LA BLESSURE KARMIQUE D'ABANDON - Spirit-US","description":"S\u00e9ances d'analyse et soins pour am\u00e9liorer le confort psychique face \u00e0 la blessure karmique d'abandon. Un travail de reprogrammation.","robots":{"index":"index","follow":"follow","max-snippet":"max-snippet:-1","max-image-preview":"max-image-preview:large","max-video-preview":"max-video-preview:-1"},"canonical":"https:\/\/www.spirit-us.eu\/index.php\/produit\/la-blessure-karmique-dabandon\/","og_locale":"fr_FR","og_type":"article","og_title":"LA BLESSURE KARMIQUE D'ABANDON - Spirit-US","og_description":"S\u00e9ances d'analyse et soins pour am\u00e9liorer le confort psychique face \u00e0 la blessure karmique d'abandon. Un travail de reprogrammation.","og_url":"https:\/\/www.spirit-us.eu\/index.php\/produit\/la-blessure-karmique-dabandon\/","og_site_name":"Spirit-US","article_publisher":"https:\/\/www.facebook.com\/spirit.us.deum","article_modified_time":"2026-02-10T18:47:11+00:00","og_image":[{"width":1080,"height":1080,"url":"https:\/\/www.spirit-us.eu\/wp-content\/uploads\/2026\/02\/Guerir-de-la-blessure-karmique.png","type":"image\/png"}],"twitter_card":"summary_large_image","twitter_misc":{"Dur\u00e9e de lecture estim\u00e9e":"1 minute"},"schema":{"@context":"https:\/\/schema.org","@graph":[{"@type":"WebPage","@id":"https:\/\/www.spirit-us.eu\/index.php\/produit\/la-blessure-karmique-dabandon\/","url":"https:\/\/www.spirit-us.eu\/index.php\/produit\/la-blessure-karmique-dabandon\/","name":"LA BLESSURE KARMIQUE D'ABANDON - Spirit-US","isPartOf":{"@id":"https:\/\/www.spirit-us.eu\/#website"},"primaryImageOfPage":{"@id":"https:\/\/www.spirit-us.eu\/index.php\/produit\/la-blessure-karmique-dabandon\/#primaryimage"},"image":{"@id":"https:\/\/www.spirit-us.eu\/index.php\/produit\/la-blessure-karmique-dabandon\/#primaryimage"},"thumbnailUrl":"https:\/\/www.spirit-us.eu\/wp-content\/uploads\/2026\/02\/Guerir-de-la-blessure-karmique.png","datePublished":"2026-02-10T18:46:25+00:00","dateModified":"2026-02-10T18:47:11+00:00","description":"S\u00e9ances d'analyse et soins pour am\u00e9liorer le confort psychique face \u00e0 la blessure karmique d'abandon. Un travail de reprogrammation.","breadcrumb":{"@id":"https:\/\/www.spirit-us.eu\/index.php\/produit\/la-blessure-karmique-dabandon\/#breadcrumb"},"inLanguage":"fr-FR","potentialAction":[{"@type":"ReadAction","target":["https:\/\/www.spirit-us.eu\/index.php\/produit\/la-blessure-karmique-dabandon\/"]}]},{"@type":"ImageObject","inLanguage":"fr-FR","@id":"https:\/\/www.spirit-us.eu\/index.php\/produit\/la-blessure-karmique-dabandon\/#primaryimage","url":"https:\/\/www.spirit-us.eu\/wp-content\/uploads\/2026\/02\/Guerir-de-la-blessure-karmique.png","contentUrl":"https:\/\/www.spirit-us.eu\/wp-content\/uploads\/2026\/02\/Guerir-de-la-blessure-karmique.png","width":1080,"height":1080},{"@type":"BreadcrumbList","@id":"https:\/\/www.spirit-us.eu\/index.php\/produit\/la-blessure-karmique-dabandon\/#breadcrumb","itemListElement":[{"@type":"ListItem","position":1,"name":"Accueil","item":"https:\/\/www.spirit-us.eu\/"},{"@type":"ListItem","position":2,"name":"Boutique","item":"https:\/\/www.spirit-us.eu\/index.php\/boutique\/"},{"@type":"ListItem","position":3,"name":"LA BLESSURE KARMIQUE D&rsquo;ABANDON"}]},{"@type":"WebSite","@id":"https:\/\/www.spirit-us.eu\/#website","url":"https:\/\/www.spirit-us.eu\/","name":"Spirit-US","description":"","publisher":{"@id":"https:\/\/www.spirit-us.eu\/#organization"},"potentialAction":[{"@type":"SearchAction","target":{"@type":"EntryPoint","urlTemplate":"https:\/\/www.spirit-us.eu\/?s={search_term_string}"},"query-input":{"@type":"PropertyValueSpecification","valueRequired":true,"valueName":"search_term_string"}}],"inLanguage":"fr-FR"},{"@type":"Organization","@id":"https:\/\/www.spirit-us.eu\/#organization","name":"Spirit-US","url":"https:\/\/www.spirit-us.eu\/","logo":{"@type":"ImageObject","inLanguage":"fr-FR","@id":"https:\/\/www.spirit-us.eu\/#\/schema\/logo\/image\/","url":"https:\/\/www.spirit-us.eu\/wp-content\/uploads\/2025\/11\/logo-regarde-linterlocutrice-sans-arrriere-plan.jpg","contentUrl":"https:\/\/www.spirit-us.eu\/wp-content\/uploads\/2025\/11\/logo-regarde-linterlocutrice-sans-arrriere-plan.jpg","width":1080,"height":1080,"caption":"Spirit-US"},"image":{"@id":"https:\/\/www.spirit-us.eu\/#\/schema\/logo\/image\/"},"sameAs":["https:\/\/www.facebook.com\/spirit.us.deum"]}]}},"jetpack_sharing_enabled":true,"_links":{"self":[{"href":"https:\/\/www.spirit-us.eu\/index.php\/wp-json\/wp\/v2\/product\/4216","targetHints":{"allow":["GET"]}}],"collection":[{"href":"https:\/\/www.spirit-us.eu\/index.php\/wp-json\/wp\/v2\/product"}],"about":[{"href":"https:\/\/www.spirit-us.eu\/index.php\/wp-json\/wp\/v2\/types\/product"}],"replies":[{"embeddable":true,"href":"https:\/\/www.spirit-us.eu\/index.php\/wp-json\/wp\/v2\/comments?post=4216"}],"wp:featuredmedia":[{"embeddable":true,"href":"https:\/\/www.spirit-us.eu\/index.php\/wp-json\/wp\/v2\/media\/4218"}],"wp:attachment":[{"href":"https:\/\/www.spirit-us.eu\/index.php\/wp-json\/wp\/v2\/media?parent=4216"}],"wp:term":[{"taxonomy":"product_brand","embeddable":true,"href":"https:\/\/www.spirit-us.eu\/index.php\/wp-json\/wp\/v2\/product_brand?post=4216"},{"taxonomy":"product_cat","embeddable":true,"href":"https:\/\/www.spirit-us.eu\/index.php\/wp-json\/wp\/v2\/product_cat?post=4216"},{"taxonomy":"product_tag","embeddable":true,"href":"https:\/\/www.spirit-us.eu\/index.php\/wp-json\/wp\/v2\/product_tag?post=4216"},{"taxonomy":"mwb_booking_cost","embeddable":true,"href":"https:\/\/www.spirit-us.eu\/index.php\/wp-json\/wp\/v2\/mwb_booking_cost?post=4216"},{"taxonomy":"mwb_booking_service","embeddable":true,"href":"https:\/\/www.spirit-us.eu\/index.php\/wp-json\/wp\/v2\/mwb_booking_service?post=4216"}],"curies":[{"name":"wp","href":"https:\/\/api.w.org\/{rel}","templated":true}]}}