{"id":4189,"date":"2026-02-08T18:00:57","date_gmt":"2026-02-08T17:00:57","guid":{"rendered":"https:\/\/www.spirit-us.eu\/?post_type=product&#038;p=4189"},"modified":"2026-02-08T19:30:44","modified_gmt":"2026-02-08T18:30:44","slug":"bracelet-coeur-en-hematite","status":"publish","type":"product","link":"https:\/\/www.spirit-us.eu\/index.php\/produit\/bracelet-coeur-en-hematite\/","title":{"rendered":"BRACELET C\u0152UR EN HEMATITE"},"content":{"rendered":"<p><strong>Mat\u00e9riau<\/strong> : pierre roul\u00e9e d&rsquo;h\u00e9matite fa\u00e7onn\u00e9e en forme de c\u0153urs (17 grandes perles)<\/p>\n<p><strong>Dimensions<\/strong> :<\/p>\n<ul>\n<li>Bracelet 16,5 cm- mont\u00e9 sur \u00e9lastique, l\u00e9g\u00e8rement extensible<\/li>\n<li>Perles en forme de c\u0153ur\u00a0: hauteur 0,8 &#8211; largeur 0,8 cm<\/li>\n<\/ul>\n<p><strong>Pr\u00e9sentation<\/strong> : livr\u00e9 dans une pochette de velours noir<\/p>\n","protected":false},"excerpt":{"rendered":"<p style=\"text-align: justify;\">Joli bracelet compos\u00e9 de perles roul\u00e9es et fa\u00e7onn\u00e9es en forme de c\u0153ur, pour elle ou lui, qui allie la sobri\u00e9t\u00e9 avec la puissance d\u2019attraction de l\u2019h\u00e9matite. Pierre de l\u2019attraction, de l\u2019ancrage et de la connexion \u00e0 l\u2019instant pr\u00e9sent, l&rsquo;H\u00e9matite est tr\u00e8s appr\u00e9ci\u00e9e en lithoth\u00e9rapie. Elle est \u00e9galement synonyme de confiance en soi. D\u2019un noir intense, cette pierre est une invitation \u00e0 se prot\u00e9ger de tout abus et \u00e0 s\u2019apaiser. Voici les principaux bienfaits\u00a0qu\u2019elle offre :<\/p>\n<ul>\n<li style=\"text-align: justify;\">\u00e9quilibre le corps et l\u2019esprit<\/li>\n<li style=\"text-align: justify;\">renforcement de la confiance en soi<\/li>\n<li style=\"text-align: justify;\">r\u00e9gule l\u2019afflux sanguin<\/li>\n<li style=\"text-align: justify;\">\u00e9loigne les mauvaises \u00e9nergies<\/li>\n<li style=\"text-align: justify;\">aide \u00e0 lutter contre les exc\u00e8s<\/li>\n<li style=\"text-align: justify;\">combat les ondes n\u00e9gatives<\/li>\n<li style=\"text-align: justify;\">exerce la loi de l\u2019attraction au b\u00e9n\u00e9fice de qui la porte, absorbant ce qui se pr\u00e9sente en n\u00e9gatif et attirant ce qui est bien et bon<\/li>\n<\/ul>\n<p>&nbsp;<\/p>\n","protected":false},"featured_media":4192,"comment_status":"open","ping_status":"closed","template":"","meta":[],"product_brand":[],"product_cat":[460,17],"product_tag":[223,275,274,573,169,184],"mwb_booking_cost":[],"mwb_booking_service":[],"class_list":{"0":"post-4189","1":"product","2":"type-product","3":"status-publish","4":"has-post-thumbnail","6":"product_cat-bracelets","7":"product_cat-tous-les-produits","8":"product_tag-ancrage","9":"product_tag-attraction","10":"product_tag-hematite","11":"product_tag-perles-coeur","12":"product_tag-protection","13":"product_tag-saint-valentin","15":"first","16":"instock","17":"shipping-taxable","18":"purchasable","19":"product-type-simple"},"yoast_head":"<!-- This site is optimized with the Yoast SEO plugin v27.1.1 - https:\/\/yoast.com\/product\/yoast-seo-wordpress\/ -->\n<title>BRACELET C\u0152UR EN HEMATITE - Spirit-US<\/title>\n<meta name=\"description\" content=\"Bracelet en h\u00e9matite naturelle en forme de c\u0153ur : protection, attraction et ancrage ; perles artisanales pour absorber les \u00e9nergies n\u00e9gatives.\" \/>\n<meta name=\"robots\" content=\"index, follow, max-snippet:-1, max-image-preview:large, max-video-preview:-1\" \/>\n<link rel=\"canonical\" href=\"https:\/\/www.spirit-us.eu\/index.php\/produit\/bracelet-coeur-en-hematite\/\" \/>\n<meta property=\"og:locale\" content=\"fr_FR\" \/>\n<meta property=\"og:type\" content=\"article\" \/>\n<meta property=\"og:title\" content=\"BRACELET C\u0152UR EN HEMATITE - Spirit-US\" \/>\n<meta property=\"og:description\" content=\"Bracelet en h\u00e9matite naturelle en forme de c\u0153ur : protection, attraction et ancrage ; perles artisanales pour absorber les \u00e9nergies n\u00e9gatives.\" \/>\n<meta property=\"og:url\" content=\"https:\/\/www.spirit-us.eu\/index.php\/produit\/bracelet-coeur-en-hematite\/\" \/>\n<meta property=\"og:site_name\" content=\"Spirit-US\" \/>\n<meta property=\"article:publisher\" content=\"https:\/\/www.facebook.com\/spirit.us.deum\" \/>\n<meta property=\"article:modified_time\" content=\"2026-02-08T18:30:44+00:00\" \/>\n<meta property=\"og:image\" content=\"https:\/\/www.spirit-us.eu\/wp-content\/uploads\/2026\/02\/hematite-coeur-sur-rebord-bois.jpeg\" \/>\n\t<meta property=\"og:image:width\" content=\"1030\" \/>\n\t<meta property=\"og:image:height\" content=\"902\" \/>\n\t<meta property=\"og:image:type\" content=\"image\/jpeg\" \/>\n<meta name=\"twitter:card\" content=\"summary_large_image\" \/>\n<meta name=\"twitter:label1\" content=\"Dur\u00e9e de lecture estim\u00e9e\" \/>\n\t<meta name=\"twitter:data1\" content=\"1 minute\" \/>\n<script type=\"application\/ld+json\" class=\"yoast-schema-graph\">{\"@context\":\"https:\/\/schema.org\",\"@graph\":[{\"@type\":\"WebPage\",\"@id\":\"https:\/\/www.spirit-us.eu\/index.php\/produit\/bracelet-coeur-en-hematite\/\",\"url\":\"https:\/\/www.spirit-us.eu\/index.php\/produit\/bracelet-coeur-en-hematite\/\",\"name\":\"BRACELET C\u0152UR EN HEMATITE - Spirit-US\",\"isPartOf\":{\"@id\":\"https:\/\/www.spirit-us.eu\/#website\"},\"primaryImageOfPage\":{\"@id\":\"https:\/\/www.spirit-us.eu\/index.php\/produit\/bracelet-coeur-en-hematite\/#primaryimage\"},\"image\":{\"@id\":\"https:\/\/www.spirit-us.eu\/index.php\/produit\/bracelet-coeur-en-hematite\/#primaryimage\"},\"thumbnailUrl\":\"https:\/\/www.spirit-us.eu\/wp-content\/uploads\/2026\/02\/hematite-coeur-sur-rebord-bois.jpeg\",\"datePublished\":\"2026-02-08T17:00:57+00:00\",\"dateModified\":\"2026-02-08T18:30:44+00:00\",\"description\":\"Bracelet en h\u00e9matite naturelle en forme de c\u0153ur : protection, attraction et ancrage ; perles artisanales pour absorber les \u00e9nergies n\u00e9gatives.\",\"breadcrumb\":{\"@id\":\"https:\/\/www.spirit-us.eu\/index.php\/produit\/bracelet-coeur-en-hematite\/#breadcrumb\"},\"inLanguage\":\"fr-FR\",\"potentialAction\":[{\"@type\":\"ReadAction\",\"target\":[\"https:\/\/www.spirit-us.eu\/index.php\/produit\/bracelet-coeur-en-hematite\/\"]}]},{\"@type\":\"ImageObject\",\"inLanguage\":\"fr-FR\",\"@id\":\"https:\/\/www.spirit-us.eu\/index.php\/produit\/bracelet-coeur-en-hematite\/#primaryimage\",\"url\":\"https:\/\/www.spirit-us.eu\/wp-content\/uploads\/2026\/02\/hematite-coeur-sur-rebord-bois.jpeg\",\"contentUrl\":\"https:\/\/www.spirit-us.eu\/wp-content\/uploads\/2026\/02\/hematite-coeur-sur-rebord-bois.jpeg\",\"width\":1030,\"height\":902},{\"@type\":\"BreadcrumbList\",\"@id\":\"https:\/\/www.spirit-us.eu\/index.php\/produit\/bracelet-coeur-en-hematite\/#breadcrumb\",\"itemListElement\":[{\"@type\":\"ListItem\",\"position\":1,\"name\":\"Accueil\",\"item\":\"https:\/\/www.spirit-us.eu\/\"},{\"@type\":\"ListItem\",\"position\":2,\"name\":\"Boutique\",\"item\":\"https:\/\/www.spirit-us.eu\/index.php\/boutique\/\"},{\"@type\":\"ListItem\",\"position\":3,\"name\":\"BRACELET C\u0152UR EN HEMATITE\"}]},{\"@type\":\"WebSite\",\"@id\":\"https:\/\/www.spirit-us.eu\/#website\",\"url\":\"https:\/\/www.spirit-us.eu\/\",\"name\":\"Spirit-US\",\"description\":\"\",\"publisher\":{\"@id\":\"https:\/\/www.spirit-us.eu\/#organization\"},\"potentialAction\":[{\"@type\":\"SearchAction\",\"target\":{\"@type\":\"EntryPoint\",\"urlTemplate\":\"https:\/\/www.spirit-us.eu\/?s={search_term_string}\"},\"query-input\":{\"@type\":\"PropertyValueSpecification\",\"valueRequired\":true,\"valueName\":\"search_term_string\"}}],\"inLanguage\":\"fr-FR\"},{\"@type\":\"Organization\",\"@id\":\"https:\/\/www.spirit-us.eu\/#organization\",\"name\":\"Spirit-US\",\"url\":\"https:\/\/www.spirit-us.eu\/\",\"logo\":{\"@type\":\"ImageObject\",\"inLanguage\":\"fr-FR\",\"@id\":\"https:\/\/www.spirit-us.eu\/#\/schema\/logo\/image\/\",\"url\":\"https:\/\/www.spirit-us.eu\/wp-content\/uploads\/2025\/11\/logo-regarde-linterlocutrice-sans-arrriere-plan.jpg\",\"contentUrl\":\"https:\/\/www.spirit-us.eu\/wp-content\/uploads\/2025\/11\/logo-regarde-linterlocutrice-sans-arrriere-plan.jpg\",\"width\":1080,\"height\":1080,\"caption\":\"Spirit-US\"},\"image\":{\"@id\":\"https:\/\/www.spirit-us.eu\/#\/schema\/logo\/image\/\"},\"sameAs\":[\"https:\/\/www.facebook.com\/spirit.us.deum\"]}]}<\/script>\n<!-- \/ Yoast SEO plugin. -->","yoast_head_json":{"title":"BRACELET C\u0152UR EN HEMATITE - Spirit-US","description":"Bracelet en h\u00e9matite naturelle en forme de c\u0153ur : protection, attraction et ancrage ; perles artisanales pour absorber les \u00e9nergies n\u00e9gatives.","robots":{"index":"index","follow":"follow","max-snippet":"max-snippet:-1","max-image-preview":"max-image-preview:large","max-video-preview":"max-video-preview:-1"},"canonical":"https:\/\/www.spirit-us.eu\/index.php\/produit\/bracelet-coeur-en-hematite\/","og_locale":"fr_FR","og_type":"article","og_title":"BRACELET C\u0152UR EN HEMATITE - Spirit-US","og_description":"Bracelet en h\u00e9matite naturelle en forme de c\u0153ur : protection, attraction et ancrage ; perles artisanales pour absorber les \u00e9nergies n\u00e9gatives.","og_url":"https:\/\/www.spirit-us.eu\/index.php\/produit\/bracelet-coeur-en-hematite\/","og_site_name":"Spirit-US","article_publisher":"https:\/\/www.facebook.com\/spirit.us.deum","article_modified_time":"2026-02-08T18:30:44+00:00","og_image":[{"width":1030,"height":902,"url":"https:\/\/www.spirit-us.eu\/wp-content\/uploads\/2026\/02\/hematite-coeur-sur-rebord-bois.jpeg","type":"image\/jpeg"}],"twitter_card":"summary_large_image","twitter_misc":{"Dur\u00e9e de lecture estim\u00e9e":"1 minute"},"schema":{"@context":"https:\/\/schema.org","@graph":[{"@type":"WebPage","@id":"https:\/\/www.spirit-us.eu\/index.php\/produit\/bracelet-coeur-en-hematite\/","url":"https:\/\/www.spirit-us.eu\/index.php\/produit\/bracelet-coeur-en-hematite\/","name":"BRACELET C\u0152UR EN HEMATITE - Spirit-US","isPartOf":{"@id":"https:\/\/www.spirit-us.eu\/#website"},"primaryImageOfPage":{"@id":"https:\/\/www.spirit-us.eu\/index.php\/produit\/bracelet-coeur-en-hematite\/#primaryimage"},"image":{"@id":"https:\/\/www.spirit-us.eu\/index.php\/produit\/bracelet-coeur-en-hematite\/#primaryimage"},"thumbnailUrl":"https:\/\/www.spirit-us.eu\/wp-content\/uploads\/2026\/02\/hematite-coeur-sur-rebord-bois.jpeg","datePublished":"2026-02-08T17:00:57+00:00","dateModified":"2026-02-08T18:30:44+00:00","description":"Bracelet en h\u00e9matite naturelle en forme de c\u0153ur : protection, attraction et ancrage ; perles artisanales pour absorber les \u00e9nergies n\u00e9gatives.","breadcrumb":{"@id":"https:\/\/www.spirit-us.eu\/index.php\/produit\/bracelet-coeur-en-hematite\/#breadcrumb"},"inLanguage":"fr-FR","potentialAction":[{"@type":"ReadAction","target":["https:\/\/www.spirit-us.eu\/index.php\/produit\/bracelet-coeur-en-hematite\/"]}]},{"@type":"ImageObject","inLanguage":"fr-FR","@id":"https:\/\/www.spirit-us.eu\/index.php\/produit\/bracelet-coeur-en-hematite\/#primaryimage","url":"https:\/\/www.spirit-us.eu\/wp-content\/uploads\/2026\/02\/hematite-coeur-sur-rebord-bois.jpeg","contentUrl":"https:\/\/www.spirit-us.eu\/wp-content\/uploads\/2026\/02\/hematite-coeur-sur-rebord-bois.jpeg","width":1030,"height":902},{"@type":"BreadcrumbList","@id":"https:\/\/www.spirit-us.eu\/index.php\/produit\/bracelet-coeur-en-hematite\/#breadcrumb","itemListElement":[{"@type":"ListItem","position":1,"name":"Accueil","item":"https:\/\/www.spirit-us.eu\/"},{"@type":"ListItem","position":2,"name":"Boutique","item":"https:\/\/www.spirit-us.eu\/index.php\/boutique\/"},{"@type":"ListItem","position":3,"name":"BRACELET C\u0152UR EN HEMATITE"}]},{"@type":"WebSite","@id":"https:\/\/www.spirit-us.eu\/#website","url":"https:\/\/www.spirit-us.eu\/","name":"Spirit-US","description":"","publisher":{"@id":"https:\/\/www.spirit-us.eu\/#organization"},"potentialAction":[{"@type":"SearchAction","target":{"@type":"EntryPoint","urlTemplate":"https:\/\/www.spirit-us.eu\/?s={search_term_string}"},"query-input":{"@type":"PropertyValueSpecification","valueRequired":true,"valueName":"search_term_string"}}],"inLanguage":"fr-FR"},{"@type":"Organization","@id":"https:\/\/www.spirit-us.eu\/#organization","name":"Spirit-US","url":"https:\/\/www.spirit-us.eu\/","logo":{"@type":"ImageObject","inLanguage":"fr-FR","@id":"https:\/\/www.spirit-us.eu\/#\/schema\/logo\/image\/","url":"https:\/\/www.spirit-us.eu\/wp-content\/uploads\/2025\/11\/logo-regarde-linterlocutrice-sans-arrriere-plan.jpg","contentUrl":"https:\/\/www.spirit-us.eu\/wp-content\/uploads\/2025\/11\/logo-regarde-linterlocutrice-sans-arrriere-plan.jpg","width":1080,"height":1080,"caption":"Spirit-US"},"image":{"@id":"https:\/\/www.spirit-us.eu\/#\/schema\/logo\/image\/"},"sameAs":["https:\/\/www.facebook.com\/spirit.us.deum"]}]}},"jetpack_sharing_enabled":true,"_links":{"self":[{"href":"https:\/\/www.spirit-us.eu\/index.php\/wp-json\/wp\/v2\/product\/4189","targetHints":{"allow":["GET"]}}],"collection":[{"href":"https:\/\/www.spirit-us.eu\/index.php\/wp-json\/wp\/v2\/product"}],"about":[{"href":"https:\/\/www.spirit-us.eu\/index.php\/wp-json\/wp\/v2\/types\/product"}],"replies":[{"embeddable":true,"href":"https:\/\/www.spirit-us.eu\/index.php\/wp-json\/wp\/v2\/comments?post=4189"}],"wp:featuredmedia":[{"embeddable":true,"href":"https:\/\/www.spirit-us.eu\/index.php\/wp-json\/wp\/v2\/media\/4192"}],"wp:attachment":[{"href":"https:\/\/www.spirit-us.eu\/index.php\/wp-json\/wp\/v2\/media?parent=4189"}],"wp:term":[{"taxonomy":"product_brand","embeddable":true,"href":"https:\/\/www.spirit-us.eu\/index.php\/wp-json\/wp\/v2\/product_brand?post=4189"},{"taxonomy":"product_cat","embeddable":true,"href":"https:\/\/www.spirit-us.eu\/index.php\/wp-json\/wp\/v2\/product_cat?post=4189"},{"taxonomy":"product_tag","embeddable":true,"href":"https:\/\/www.spirit-us.eu\/index.php\/wp-json\/wp\/v2\/product_tag?post=4189"},{"taxonomy":"mwb_booking_cost","embeddable":true,"href":"https:\/\/www.spirit-us.eu\/index.php\/wp-json\/wp\/v2\/mwb_booking_cost?post=4189"},{"taxonomy":"mwb_booking_service","embeddable":true,"href":"https:\/\/www.spirit-us.eu\/index.php\/wp-json\/wp\/v2\/mwb_booking_service?post=4189"}],"curies":[{"name":"wp","href":"https:\/\/api.w.org\/{rel}","templated":true}]}}