{"id":4114,"date":"2026-02-01T23:40:19","date_gmt":"2026-02-01T22:40:19","guid":{"rendered":"https:\/\/www.spirit-us.eu\/?post_type=product&#038;p=4114"},"modified":"2026-05-05T15:15:42","modified_gmt":"2026-05-05T13:15:42","slug":"formations-voyance-magnetisme-influence-a-distance","status":"publish","type":"product","link":"https:\/\/www.spirit-us.eu\/index.php\/produit\/formations-voyance-magnetisme-influence-a-distance\/","title":{"rendered":"FORMATIONS &#8211; voyance, magn\u00e9tisme, influence \u00e0 distance"},"content":{"rendered":"<p><strong>Dur\u00e9e du travail<\/strong> : en fonction du domaine souhait\u00e9<\/p>\n<p><strong>Service additionnel<\/strong> : programmation d&rsquo;une formation 100% personnalis\u00e9e<\/p>\n<p><strong>Autres services<\/strong> :<\/p>\n<ul>\n<li>analyse compl\u00e8te de vos connaissances et pratique<\/li>\n<li>conseils personnalis\u00e9s pour concr\u00e9tiser votre activit\u00e9<\/li>\n<\/ul>\n<p>&nbsp;<\/p>\n","protected":false},"excerpt":{"rendered":"<p>&nbsp;<\/p>\n<p>Vous souhaitez approfondir vos connaissances dans les domaines de la spiritualit\u00e9, de la voyance, de la m\u00e9diumnit\u00e9, du magn\u00e9tisme ou de l&rsquo;influence \u00e0 distance ? Nous sommes l\u00e0 pour vous accompagner dans ce bel apprentissage.\u00a0 <a href=\"https:\/\/exorciser-liberer-guerir.com\/prise-de-rendez-vous-par-domaine-dintervention\/\" target=\"_blank\" rel=\"noopener\"><strong>Prenez rendez-vous ici. <\/strong><\/a>Vous pouvez \u00e9galement nous \u00e9crire un sms directement via WhatsApp [num\u00e9ro sur cette page en haut \u00e0 gauche] en pr\u00e9cisant vos pr\u00e9nom, nom, coordonn\u00e9es (mail et t\u00e9l\u00e9phone pour vous identifier) et le probl\u00e8me que vous rencontrez.<\/p>\n","protected":false},"featured_media":4115,"comment_status":"open","ping_status":"closed","template":"","meta":[],"product_brand":[],"product_cat":[499,17],"product_tag":[556,554,354],"mwb_booking_cost":[],"mwb_booking_service":[],"class_list":{"0":"post-4114","1":"product","2":"type-product","3":"status-publish","4":"has-post-thumbnail","6":"product_cat-03-energetique","7":"product_cat-tous-les-produits","8":"product_tag-formation-a-la-spiritualite","9":"product_tag-hypno-soin","10":"product_tag-magnetisme","12":"first","13":"instock","14":"virtual","15":"product-type-simple"},"yoast_head":"<!-- This site is optimized with the Yoast SEO plugin v27.4 - https:\/\/yoast.com\/product\/yoast-seo-wordpress\/ -->\n<title>FORMATIONS - voyance, magn\u00e9tisme, influence \u00e0 distance - Spirit-US<\/title>\n<meta name=\"description\" content=\"magn\u00e9tisme, hypno soins, travail sur les \u00e9motions, th\u00e9rapies br\u00e8ves, travail sur les douleurs chroniques, bien-\u00eatre spirituel et d\u00e9fense psychique.\" \/>\n<meta name=\"robots\" content=\"index, follow, max-snippet:-1, max-image-preview:large, max-video-preview:-1\" \/>\n<link rel=\"canonical\" href=\"https:\/\/www.spirit-us.eu\/index.php\/produit\/formations-voyance-magnetisme-influence-a-distance\/\" \/>\n<meta property=\"og:locale\" content=\"fr_FR\" \/>\n<meta property=\"og:type\" content=\"article\" \/>\n<meta property=\"og:title\" content=\"FORMATIONS - voyance, magn\u00e9tisme, influence \u00e0 distance - Spirit-US\" \/>\n<meta property=\"og:description\" content=\"magn\u00e9tisme, hypno soins, travail sur les \u00e9motions, th\u00e9rapies br\u00e8ves, travail sur les douleurs chroniques, bien-\u00eatre spirituel et d\u00e9fense psychique.\" \/>\n<meta property=\"og:url\" content=\"https:\/\/www.spirit-us.eu\/index.php\/produit\/formations-voyance-magnetisme-influence-a-distance\/\" \/>\n<meta property=\"og:site_name\" content=\"Spirit-US\" \/>\n<meta property=\"article:publisher\" content=\"https:\/\/www.facebook.com\/spirit.us.deum\" \/>\n<meta property=\"article:modified_time\" content=\"2026-05-05T13:15:42+00:00\" \/>\n<meta property=\"og:image\" content=\"https:\/\/www.spirit-us.eu\/wp-content\/uploads\/2026\/02\/formations.png\" \/>\n\t<meta property=\"og:image:width\" content=\"1080\" \/>\n\t<meta property=\"og:image:height\" content=\"1080\" \/>\n\t<meta property=\"og:image:type\" content=\"image\/png\" \/>\n<meta name=\"twitter:card\" content=\"summary_large_image\" \/>\n<meta name=\"twitter:label1\" content=\"Dur\u00e9e de lecture estim\u00e9e\" \/>\n\t<meta name=\"twitter:data1\" content=\"1 minute\" \/>\n<script type=\"application\/ld+json\" class=\"yoast-schema-graph\">{\"@context\":\"https:\\\/\\\/schema.org\",\"@graph\":[{\"@type\":\"WebPage\",\"@id\":\"https:\\\/\\\/www.spirit-us.eu\\\/index.php\\\/produit\\\/formations-voyance-magnetisme-influence-a-distance\\\/\",\"url\":\"https:\\\/\\\/www.spirit-us.eu\\\/index.php\\\/produit\\\/formations-voyance-magnetisme-influence-a-distance\\\/\",\"name\":\"FORMATIONS - voyance, magn\u00e9tisme, influence \u00e0 distance - Spirit-US\",\"isPartOf\":{\"@id\":\"https:\\\/\\\/www.spirit-us.eu\\\/#website\"},\"primaryImageOfPage\":{\"@id\":\"https:\\\/\\\/www.spirit-us.eu\\\/index.php\\\/produit\\\/formations-voyance-magnetisme-influence-a-distance\\\/#primaryimage\"},\"image\":{\"@id\":\"https:\\\/\\\/www.spirit-us.eu\\\/index.php\\\/produit\\\/formations-voyance-magnetisme-influence-a-distance\\\/#primaryimage\"},\"thumbnailUrl\":\"https:\\\/\\\/www.spirit-us.eu\\\/wp-content\\\/uploads\\\/2026\\\/02\\\/formations.png\",\"datePublished\":\"2026-02-01T22:40:19+00:00\",\"dateModified\":\"2026-05-05T13:15:42+00:00\",\"description\":\"magn\u00e9tisme, hypno soins, travail sur les \u00e9motions, th\u00e9rapies br\u00e8ves, travail sur les douleurs chroniques, bien-\u00eatre spirituel et d\u00e9fense psychique.\",\"breadcrumb\":{\"@id\":\"https:\\\/\\\/www.spirit-us.eu\\\/index.php\\\/produit\\\/formations-voyance-magnetisme-influence-a-distance\\\/#breadcrumb\"},\"inLanguage\":\"fr-FR\",\"potentialAction\":[{\"@type\":\"ReadAction\",\"target\":[\"https:\\\/\\\/www.spirit-us.eu\\\/index.php\\\/produit\\\/formations-voyance-magnetisme-influence-a-distance\\\/\"]}]},{\"@type\":\"ImageObject\",\"inLanguage\":\"fr-FR\",\"@id\":\"https:\\\/\\\/www.spirit-us.eu\\\/index.php\\\/produit\\\/formations-voyance-magnetisme-influence-a-distance\\\/#primaryimage\",\"url\":\"https:\\\/\\\/www.spirit-us.eu\\\/wp-content\\\/uploads\\\/2026\\\/02\\\/formations.png\",\"contentUrl\":\"https:\\\/\\\/www.spirit-us.eu\\\/wp-content\\\/uploads\\\/2026\\\/02\\\/formations.png\",\"width\":1080,\"height\":1080},{\"@type\":\"BreadcrumbList\",\"@id\":\"https:\\\/\\\/www.spirit-us.eu\\\/index.php\\\/produit\\\/formations-voyance-magnetisme-influence-a-distance\\\/#breadcrumb\",\"itemListElement\":[{\"@type\":\"ListItem\",\"position\":1,\"name\":\"Accueil\",\"item\":\"https:\\\/\\\/www.spirit-us.eu\\\/\"},{\"@type\":\"ListItem\",\"position\":2,\"name\":\"Boutique\",\"item\":\"https:\\\/\\\/www.spirit-us.eu\\\/index.php\\\/boutique\\\/\"},{\"@type\":\"ListItem\",\"position\":3,\"name\":\"FORMATIONS &#8211; voyance, magn\u00e9tisme, influence \u00e0 distance\"}]},{\"@type\":\"WebSite\",\"@id\":\"https:\\\/\\\/www.spirit-us.eu\\\/#website\",\"url\":\"https:\\\/\\\/www.spirit-us.eu\\\/\",\"name\":\"Spirit-US\",\"description\":\"\",\"publisher\":{\"@id\":\"https:\\\/\\\/www.spirit-us.eu\\\/#organization\"},\"potentialAction\":[{\"@type\":\"SearchAction\",\"target\":{\"@type\":\"EntryPoint\",\"urlTemplate\":\"https:\\\/\\\/www.spirit-us.eu\\\/?s={search_term_string}\"},\"query-input\":{\"@type\":\"PropertyValueSpecification\",\"valueRequired\":true,\"valueName\":\"search_term_string\"}}],\"inLanguage\":\"fr-FR\"},{\"@type\":\"Organization\",\"@id\":\"https:\\\/\\\/www.spirit-us.eu\\\/#organization\",\"name\":\"Spirit-US\",\"url\":\"https:\\\/\\\/www.spirit-us.eu\\\/\",\"logo\":{\"@type\":\"ImageObject\",\"inLanguage\":\"fr-FR\",\"@id\":\"https:\\\/\\\/www.spirit-us.eu\\\/#\\\/schema\\\/logo\\\/image\\\/\",\"url\":\"https:\\\/\\\/www.spirit-us.eu\\\/wp-content\\\/uploads\\\/2025\\\/11\\\/logo-regarde-linterlocutrice-sans-arrriere-plan.jpg\",\"contentUrl\":\"https:\\\/\\\/www.spirit-us.eu\\\/wp-content\\\/uploads\\\/2025\\\/11\\\/logo-regarde-linterlocutrice-sans-arrriere-plan.jpg\",\"width\":1080,\"height\":1080,\"caption\":\"Spirit-US\"},\"image\":{\"@id\":\"https:\\\/\\\/www.spirit-us.eu\\\/#\\\/schema\\\/logo\\\/image\\\/\"},\"sameAs\":[\"https:\\\/\\\/www.facebook.com\\\/spirit.us.deum\"]}]}<\/script>\n<!-- \/ Yoast SEO plugin. -->","yoast_head_json":{"title":"FORMATIONS - voyance, magn\u00e9tisme, influence \u00e0 distance - Spirit-US","description":"magn\u00e9tisme, hypno soins, travail sur les \u00e9motions, th\u00e9rapies br\u00e8ves, travail sur les douleurs chroniques, bien-\u00eatre spirituel et d\u00e9fense psychique.","robots":{"index":"index","follow":"follow","max-snippet":"max-snippet:-1","max-image-preview":"max-image-preview:large","max-video-preview":"max-video-preview:-1"},"canonical":"https:\/\/www.spirit-us.eu\/index.php\/produit\/formations-voyance-magnetisme-influence-a-distance\/","og_locale":"fr_FR","og_type":"article","og_title":"FORMATIONS - voyance, magn\u00e9tisme, influence \u00e0 distance - Spirit-US","og_description":"magn\u00e9tisme, hypno soins, travail sur les \u00e9motions, th\u00e9rapies br\u00e8ves, travail sur les douleurs chroniques, bien-\u00eatre spirituel et d\u00e9fense psychique.","og_url":"https:\/\/www.spirit-us.eu\/index.php\/produit\/formations-voyance-magnetisme-influence-a-distance\/","og_site_name":"Spirit-US","article_publisher":"https:\/\/www.facebook.com\/spirit.us.deum","article_modified_time":"2026-05-05T13:15:42+00:00","og_image":[{"width":1080,"height":1080,"url":"https:\/\/www.spirit-us.eu\/wp-content\/uploads\/2026\/02\/formations.png","type":"image\/png"}],"twitter_card":"summary_large_image","twitter_misc":{"Dur\u00e9e de lecture estim\u00e9e":"1 minute"},"schema":{"@context":"https:\/\/schema.org","@graph":[{"@type":"WebPage","@id":"https:\/\/www.spirit-us.eu\/index.php\/produit\/formations-voyance-magnetisme-influence-a-distance\/","url":"https:\/\/www.spirit-us.eu\/index.php\/produit\/formations-voyance-magnetisme-influence-a-distance\/","name":"FORMATIONS - voyance, magn\u00e9tisme, influence \u00e0 distance - Spirit-US","isPartOf":{"@id":"https:\/\/www.spirit-us.eu\/#website"},"primaryImageOfPage":{"@id":"https:\/\/www.spirit-us.eu\/index.php\/produit\/formations-voyance-magnetisme-influence-a-distance\/#primaryimage"},"image":{"@id":"https:\/\/www.spirit-us.eu\/index.php\/produit\/formations-voyance-magnetisme-influence-a-distance\/#primaryimage"},"thumbnailUrl":"https:\/\/www.spirit-us.eu\/wp-content\/uploads\/2026\/02\/formations.png","datePublished":"2026-02-01T22:40:19+00:00","dateModified":"2026-05-05T13:15:42+00:00","description":"magn\u00e9tisme, hypno soins, travail sur les \u00e9motions, th\u00e9rapies br\u00e8ves, travail sur les douleurs chroniques, bien-\u00eatre spirituel et d\u00e9fense psychique.","breadcrumb":{"@id":"https:\/\/www.spirit-us.eu\/index.php\/produit\/formations-voyance-magnetisme-influence-a-distance\/#breadcrumb"},"inLanguage":"fr-FR","potentialAction":[{"@type":"ReadAction","target":["https:\/\/www.spirit-us.eu\/index.php\/produit\/formations-voyance-magnetisme-influence-a-distance\/"]}]},{"@type":"ImageObject","inLanguage":"fr-FR","@id":"https:\/\/www.spirit-us.eu\/index.php\/produit\/formations-voyance-magnetisme-influence-a-distance\/#primaryimage","url":"https:\/\/www.spirit-us.eu\/wp-content\/uploads\/2026\/02\/formations.png","contentUrl":"https:\/\/www.spirit-us.eu\/wp-content\/uploads\/2026\/02\/formations.png","width":1080,"height":1080},{"@type":"BreadcrumbList","@id":"https:\/\/www.spirit-us.eu\/index.php\/produit\/formations-voyance-magnetisme-influence-a-distance\/#breadcrumb","itemListElement":[{"@type":"ListItem","position":1,"name":"Accueil","item":"https:\/\/www.spirit-us.eu\/"},{"@type":"ListItem","position":2,"name":"Boutique","item":"https:\/\/www.spirit-us.eu\/index.php\/boutique\/"},{"@type":"ListItem","position":3,"name":"FORMATIONS &#8211; voyance, magn\u00e9tisme, influence \u00e0 distance"}]},{"@type":"WebSite","@id":"https:\/\/www.spirit-us.eu\/#website","url":"https:\/\/www.spirit-us.eu\/","name":"Spirit-US","description":"","publisher":{"@id":"https:\/\/www.spirit-us.eu\/#organization"},"potentialAction":[{"@type":"SearchAction","target":{"@type":"EntryPoint","urlTemplate":"https:\/\/www.spirit-us.eu\/?s={search_term_string}"},"query-input":{"@type":"PropertyValueSpecification","valueRequired":true,"valueName":"search_term_string"}}],"inLanguage":"fr-FR"},{"@type":"Organization","@id":"https:\/\/www.spirit-us.eu\/#organization","name":"Spirit-US","url":"https:\/\/www.spirit-us.eu\/","logo":{"@type":"ImageObject","inLanguage":"fr-FR","@id":"https:\/\/www.spirit-us.eu\/#\/schema\/logo\/image\/","url":"https:\/\/www.spirit-us.eu\/wp-content\/uploads\/2025\/11\/logo-regarde-linterlocutrice-sans-arrriere-plan.jpg","contentUrl":"https:\/\/www.spirit-us.eu\/wp-content\/uploads\/2025\/11\/logo-regarde-linterlocutrice-sans-arrriere-plan.jpg","width":1080,"height":1080,"caption":"Spirit-US"},"image":{"@id":"https:\/\/www.spirit-us.eu\/#\/schema\/logo\/image\/"},"sameAs":["https:\/\/www.facebook.com\/spirit.us.deum"]}]}},"jetpack_sharing_enabled":true,"_links":{"self":[{"href":"https:\/\/www.spirit-us.eu\/index.php\/wp-json\/wp\/v2\/product\/4114","targetHints":{"allow":["GET"]}}],"collection":[{"href":"https:\/\/www.spirit-us.eu\/index.php\/wp-json\/wp\/v2\/product"}],"about":[{"href":"https:\/\/www.spirit-us.eu\/index.php\/wp-json\/wp\/v2\/types\/product"}],"replies":[{"embeddable":true,"href":"https:\/\/www.spirit-us.eu\/index.php\/wp-json\/wp\/v2\/comments?post=4114"}],"wp:featuredmedia":[{"embeddable":true,"href":"https:\/\/www.spirit-us.eu\/index.php\/wp-json\/wp\/v2\/media\/4115"}],"wp:attachment":[{"href":"https:\/\/www.spirit-us.eu\/index.php\/wp-json\/wp\/v2\/media?parent=4114"}],"wp:term":[{"taxonomy":"product_brand","embeddable":true,"href":"https:\/\/www.spirit-us.eu\/index.php\/wp-json\/wp\/v2\/product_brand?post=4114"},{"taxonomy":"product_cat","embeddable":true,"href":"https:\/\/www.spirit-us.eu\/index.php\/wp-json\/wp\/v2\/product_cat?post=4114"},{"taxonomy":"product_tag","embeddable":true,"href":"https:\/\/www.spirit-us.eu\/index.php\/wp-json\/wp\/v2\/product_tag?post=4114"},{"taxonomy":"mwb_booking_cost","embeddable":true,"href":"https:\/\/www.spirit-us.eu\/index.php\/wp-json\/wp\/v2\/mwb_booking_cost?post=4114"},{"taxonomy":"mwb_booking_service","embeddable":true,"href":"https:\/\/www.spirit-us.eu\/index.php\/wp-json\/wp\/v2\/mwb_booking_service?post=4114"}],"curies":[{"name":"wp","href":"https:\/\/api.w.org\/{rel}","templated":true}]}}