{"id":4109,"date":"2026-02-01T23:01:42","date_gmt":"2026-02-01T22:01:42","guid":{"rendered":"https:\/\/www.spirit-us.eu\/?post_type=product&#038;p=4109"},"modified":"2026-05-05T15:16:20","modified_gmt":"2026-05-05T13:16:20","slug":"habitat-maisons-analyse-geobiologie-protection-benediction","status":"publish","type":"product","link":"https:\/\/www.spirit-us.eu\/index.php\/produit\/habitat-maisons-analyse-geobiologie-protection-benediction\/","title":{"rendered":"HABITAT, MAISONS &#8211; analyse, g\u00e9obiologie, protection, b\u00e9n\u00e9diction"},"content":{"rendered":"<p><strong>Dur\u00e9e du travail<\/strong> : d\u00e9pend de la situation g\u00e9ographique et du type d&rsquo;analyse \u00e0 effectuer<\/p>\n<p><strong>Service additionnel<\/strong> : si les grilles de Hartmann et de Curry sont d\u00e9plac\u00e9es, un travail de rectification peut prendre un certain temps en fonction de la taille de bien \u00e0 analyser<\/p>\n<p><strong>Autres services<\/strong> : d\u00e9tection des eaux souterraines (sources, veines d&rsquo;eau, remont\u00e9es humides dues \u00e0 d&rsquo;autres raisons)<\/p>\n<p><strong>B\u00e9n\u00e9diction<\/strong> : si la situation le requiert, nous pouvons proc\u00e9der \u00e0 la b\u00e9n\u00e9diction de la maison, un nettoyage \u00e9nerg\u00e9tique complet et \u00e0 la pose des signes de protection<\/p>\n","protected":false},"excerpt":{"rendered":"<p>&nbsp;<\/p>\n<p>Consultation d&rsquo;une dur\u00e9e de deux heures ou plus, en ligne ou sur analyse donnant lieu \u00e0 un rapport \u00e9crit, pour examiner en profondeur et analyser votre lieu de vie pr\u00e9sent ou \u00e0 venir.\u00a0 Toutes les questions sont abord\u00e9es, tous les aspects sont pris en compte<strong>.\u00a0 <\/strong>Un diagnostic global de votre maison et une analyse g\u00e9obiologique approfondie sont au programme de ce travail.\u00a0 <a href=\"https:\/\/exorciser-liberer-guerir.com\/prise-de-rendez-vous-par-domaine-dintervention\/\" target=\"_blank\" rel=\"noopener\"><strong>Prenez rendez-vous ici. <\/strong><\/a>Vous pouvez \u00e9galement nous \u00e9crire un sms directement via WhatsApp [num\u00e9ro sur cette page en haut \u00e0 gauche] en pr\u00e9cisant vos pr\u00e9nom, nom, coordonn\u00e9es (mail et t\u00e9l\u00e9phone pour vous identifier) et le probl\u00e8me que vous rencontrez.<\/p>\n","protected":false},"featured_media":4110,"comment_status":"open","ping_status":"closed","template":"","meta":[],"product_brand":[],"product_cat":[503,161,17,502],"product_tag":[552,549,548,551,550,448,547],"mwb_booking_cost":[],"mwb_booking_service":[],"class_list":{"0":"post-4109","1":"product","2":"type-product","3":"status-publish","4":"has-post-thumbnail","6":"product_cat-geobiologie","7":"product_cat-09-tarots-voyance","8":"product_cat-tous-les-produits","9":"product_cat-voyance","10":"product_tag-analyse-des-vortex","11":"product_tag-analyse-geobiologique","12":"product_tag-benediction-des-maisons","13":"product_tag-detection-des-eaux-souterraines","14":"product_tag-detection-des-sources","15":"product_tag-maison","16":"product_tag-ondes-dans-lhabitat","18":"first","19":"instock","20":"virtual","21":"purchasable","22":"product-type-simple"},"yoast_head":"<!-- This site is optimized with the Yoast SEO plugin v27.4 - https:\/\/yoast.com\/product\/yoast-seo-wordpress\/ -->\n<title>HABITAT, MAISONS - analyse, g\u00e9obiologie, protection, b\u00e9n\u00e9diction - Spirit-US<\/title>\n<meta name=\"robots\" content=\"index, follow, max-snippet:-1, max-image-preview:large, max-video-preview:-1\" \/>\n<link rel=\"canonical\" href=\"https:\/\/www.spirit-us.eu\/index.php\/produit\/habitat-maisons-analyse-geobiologie-protection-benediction\/\" \/>\n<meta property=\"og:locale\" content=\"fr_FR\" \/>\n<meta property=\"og:type\" content=\"article\" \/>\n<meta property=\"og:title\" content=\"HABITAT, MAISONS - analyse, g\u00e9obiologie, protection, b\u00e9n\u00e9diction - Spirit-US\" \/>\n<meta property=\"og:description\" content=\"&nbsp;  Consultation d&#039;une dur\u00e9e de deux heures ou plus, en ligne ou sur analyse donnant lieu \u00e0 un rapport \u00e9crit, pour examiner en profondeur et analyser votre lieu de vie pr\u00e9sent ou \u00e0 venir.\u00a0 Toutes les questions sont abord\u00e9es, tous les aspects sont pris en compte.\u00a0 Un diagnostic global de votre maison et une analyse g\u00e9obiologique approfondie sont au programme de ce travail.\u00a0 Prenez rendez-vous ici. Vous pouvez \u00e9galement nous \u00e9crire un sms directement via WhatsApp [num\u00e9ro sur cette page en haut \u00e0 gauche] en pr\u00e9cisant vos pr\u00e9nom, nom, coordonn\u00e9es (mail et t\u00e9l\u00e9phone pour vous identifier) et le probl\u00e8me que vous rencontrez.\" \/>\n<meta property=\"og:url\" content=\"https:\/\/www.spirit-us.eu\/index.php\/produit\/habitat-maisons-analyse-geobiologie-protection-benediction\/\" \/>\n<meta property=\"og:site_name\" content=\"Spirit-US\" \/>\n<meta property=\"article:publisher\" content=\"https:\/\/www.facebook.com\/spirit.us.deum\" \/>\n<meta property=\"article:modified_time\" content=\"2026-05-05T13:16:20+00:00\" \/>\n<meta property=\"og:image\" content=\"https:\/\/www.spirit-us.eu\/wp-content\/uploads\/2026\/02\/maison.png\" \/>\n\t<meta property=\"og:image:width\" content=\"1080\" \/>\n\t<meta property=\"og:image:height\" content=\"1080\" \/>\n\t<meta property=\"og:image:type\" content=\"image\/png\" \/>\n<meta name=\"twitter:card\" content=\"summary_large_image\" \/>\n<meta name=\"twitter:label1\" content=\"Dur\u00e9e de lecture estim\u00e9e\" \/>\n\t<meta name=\"twitter:data1\" content=\"1 minute\" \/>\n<script type=\"application\/ld+json\" class=\"yoast-schema-graph\">{\"@context\":\"https:\\\/\\\/schema.org\",\"@graph\":[{\"@type\":\"WebPage\",\"@id\":\"https:\\\/\\\/www.spirit-us.eu\\\/index.php\\\/produit\\\/habitat-maisons-analyse-geobiologie-protection-benediction\\\/\",\"url\":\"https:\\\/\\\/www.spirit-us.eu\\\/index.php\\\/produit\\\/habitat-maisons-analyse-geobiologie-protection-benediction\\\/\",\"name\":\"HABITAT, MAISONS - analyse, g\u00e9obiologie, protection, b\u00e9n\u00e9diction - Spirit-US\",\"isPartOf\":{\"@id\":\"https:\\\/\\\/www.spirit-us.eu\\\/#website\"},\"primaryImageOfPage\":{\"@id\":\"https:\\\/\\\/www.spirit-us.eu\\\/index.php\\\/produit\\\/habitat-maisons-analyse-geobiologie-protection-benediction\\\/#primaryimage\"},\"image\":{\"@id\":\"https:\\\/\\\/www.spirit-us.eu\\\/index.php\\\/produit\\\/habitat-maisons-analyse-geobiologie-protection-benediction\\\/#primaryimage\"},\"thumbnailUrl\":\"https:\\\/\\\/www.spirit-us.eu\\\/wp-content\\\/uploads\\\/2026\\\/02\\\/maison.png\",\"datePublished\":\"2026-02-01T22:01:42+00:00\",\"dateModified\":\"2026-05-05T13:16:20+00:00\",\"breadcrumb\":{\"@id\":\"https:\\\/\\\/www.spirit-us.eu\\\/index.php\\\/produit\\\/habitat-maisons-analyse-geobiologie-protection-benediction\\\/#breadcrumb\"},\"inLanguage\":\"fr-FR\",\"potentialAction\":[{\"@type\":\"ReadAction\",\"target\":[\"https:\\\/\\\/www.spirit-us.eu\\\/index.php\\\/produit\\\/habitat-maisons-analyse-geobiologie-protection-benediction\\\/\"]}]},{\"@type\":\"ImageObject\",\"inLanguage\":\"fr-FR\",\"@id\":\"https:\\\/\\\/www.spirit-us.eu\\\/index.php\\\/produit\\\/habitat-maisons-analyse-geobiologie-protection-benediction\\\/#primaryimage\",\"url\":\"https:\\\/\\\/www.spirit-us.eu\\\/wp-content\\\/uploads\\\/2026\\\/02\\\/maison.png\",\"contentUrl\":\"https:\\\/\\\/www.spirit-us.eu\\\/wp-content\\\/uploads\\\/2026\\\/02\\\/maison.png\",\"width\":1080,\"height\":1080},{\"@type\":\"BreadcrumbList\",\"@id\":\"https:\\\/\\\/www.spirit-us.eu\\\/index.php\\\/produit\\\/habitat-maisons-analyse-geobiologie-protection-benediction\\\/#breadcrumb\",\"itemListElement\":[{\"@type\":\"ListItem\",\"position\":1,\"name\":\"Accueil\",\"item\":\"https:\\\/\\\/www.spirit-us.eu\\\/\"},{\"@type\":\"ListItem\",\"position\":2,\"name\":\"Boutique\",\"item\":\"https:\\\/\\\/www.spirit-us.eu\\\/index.php\\\/boutique\\\/\"},{\"@type\":\"ListItem\",\"position\":3,\"name\":\"HABITAT, MAISONS &#8211; analyse, g\u00e9obiologie, protection, b\u00e9n\u00e9diction\"}]},{\"@type\":\"WebSite\",\"@id\":\"https:\\\/\\\/www.spirit-us.eu\\\/#website\",\"url\":\"https:\\\/\\\/www.spirit-us.eu\\\/\",\"name\":\"Spirit-US\",\"description\":\"\",\"publisher\":{\"@id\":\"https:\\\/\\\/www.spirit-us.eu\\\/#organization\"},\"potentialAction\":[{\"@type\":\"SearchAction\",\"target\":{\"@type\":\"EntryPoint\",\"urlTemplate\":\"https:\\\/\\\/www.spirit-us.eu\\\/?s={search_term_string}\"},\"query-input\":{\"@type\":\"PropertyValueSpecification\",\"valueRequired\":true,\"valueName\":\"search_term_string\"}}],\"inLanguage\":\"fr-FR\"},{\"@type\":\"Organization\",\"@id\":\"https:\\\/\\\/www.spirit-us.eu\\\/#organization\",\"name\":\"Spirit-US\",\"url\":\"https:\\\/\\\/www.spirit-us.eu\\\/\",\"logo\":{\"@type\":\"ImageObject\",\"inLanguage\":\"fr-FR\",\"@id\":\"https:\\\/\\\/www.spirit-us.eu\\\/#\\\/schema\\\/logo\\\/image\\\/\",\"url\":\"https:\\\/\\\/www.spirit-us.eu\\\/wp-content\\\/uploads\\\/2025\\\/11\\\/logo-regarde-linterlocutrice-sans-arrriere-plan.jpg\",\"contentUrl\":\"https:\\\/\\\/www.spirit-us.eu\\\/wp-content\\\/uploads\\\/2025\\\/11\\\/logo-regarde-linterlocutrice-sans-arrriere-plan.jpg\",\"width\":1080,\"height\":1080,\"caption\":\"Spirit-US\"},\"image\":{\"@id\":\"https:\\\/\\\/www.spirit-us.eu\\\/#\\\/schema\\\/logo\\\/image\\\/\"},\"sameAs\":[\"https:\\\/\\\/www.facebook.com\\\/spirit.us.deum\"]}]}<\/script>\n<!-- \/ Yoast SEO plugin. -->","yoast_head_json":{"title":"HABITAT, MAISONS - analyse, g\u00e9obiologie, protection, b\u00e9n\u00e9diction - Spirit-US","robots":{"index":"index","follow":"follow","max-snippet":"max-snippet:-1","max-image-preview":"max-image-preview:large","max-video-preview":"max-video-preview:-1"},"canonical":"https:\/\/www.spirit-us.eu\/index.php\/produit\/habitat-maisons-analyse-geobiologie-protection-benediction\/","og_locale":"fr_FR","og_type":"article","og_title":"HABITAT, MAISONS - analyse, g\u00e9obiologie, protection, b\u00e9n\u00e9diction - Spirit-US","og_description":"&nbsp;  Consultation d'une dur\u00e9e de deux heures ou plus, en ligne ou sur analyse donnant lieu \u00e0 un rapport \u00e9crit, pour examiner en profondeur et analyser votre lieu de vie pr\u00e9sent ou \u00e0 venir.\u00a0 Toutes les questions sont abord\u00e9es, tous les aspects sont pris en compte.\u00a0 Un diagnostic global de votre maison et une analyse g\u00e9obiologique approfondie sont au programme de ce travail.\u00a0 Prenez rendez-vous ici. Vous pouvez \u00e9galement nous \u00e9crire un sms directement via WhatsApp [num\u00e9ro sur cette page en haut \u00e0 gauche] en pr\u00e9cisant vos pr\u00e9nom, nom, coordonn\u00e9es (mail et t\u00e9l\u00e9phone pour vous identifier) et le probl\u00e8me que vous rencontrez.","og_url":"https:\/\/www.spirit-us.eu\/index.php\/produit\/habitat-maisons-analyse-geobiologie-protection-benediction\/","og_site_name":"Spirit-US","article_publisher":"https:\/\/www.facebook.com\/spirit.us.deum","article_modified_time":"2026-05-05T13:16:20+00:00","og_image":[{"width":1080,"height":1080,"url":"https:\/\/www.spirit-us.eu\/wp-content\/uploads\/2026\/02\/maison.png","type":"image\/png"}],"twitter_card":"summary_large_image","twitter_misc":{"Dur\u00e9e de lecture estim\u00e9e":"1 minute"},"schema":{"@context":"https:\/\/schema.org","@graph":[{"@type":"WebPage","@id":"https:\/\/www.spirit-us.eu\/index.php\/produit\/habitat-maisons-analyse-geobiologie-protection-benediction\/","url":"https:\/\/www.spirit-us.eu\/index.php\/produit\/habitat-maisons-analyse-geobiologie-protection-benediction\/","name":"HABITAT, MAISONS - analyse, g\u00e9obiologie, protection, b\u00e9n\u00e9diction - Spirit-US","isPartOf":{"@id":"https:\/\/www.spirit-us.eu\/#website"},"primaryImageOfPage":{"@id":"https:\/\/www.spirit-us.eu\/index.php\/produit\/habitat-maisons-analyse-geobiologie-protection-benediction\/#primaryimage"},"image":{"@id":"https:\/\/www.spirit-us.eu\/index.php\/produit\/habitat-maisons-analyse-geobiologie-protection-benediction\/#primaryimage"},"thumbnailUrl":"https:\/\/www.spirit-us.eu\/wp-content\/uploads\/2026\/02\/maison.png","datePublished":"2026-02-01T22:01:42+00:00","dateModified":"2026-05-05T13:16:20+00:00","breadcrumb":{"@id":"https:\/\/www.spirit-us.eu\/index.php\/produit\/habitat-maisons-analyse-geobiologie-protection-benediction\/#breadcrumb"},"inLanguage":"fr-FR","potentialAction":[{"@type":"ReadAction","target":["https:\/\/www.spirit-us.eu\/index.php\/produit\/habitat-maisons-analyse-geobiologie-protection-benediction\/"]}]},{"@type":"ImageObject","inLanguage":"fr-FR","@id":"https:\/\/www.spirit-us.eu\/index.php\/produit\/habitat-maisons-analyse-geobiologie-protection-benediction\/#primaryimage","url":"https:\/\/www.spirit-us.eu\/wp-content\/uploads\/2026\/02\/maison.png","contentUrl":"https:\/\/www.spirit-us.eu\/wp-content\/uploads\/2026\/02\/maison.png","width":1080,"height":1080},{"@type":"BreadcrumbList","@id":"https:\/\/www.spirit-us.eu\/index.php\/produit\/habitat-maisons-analyse-geobiologie-protection-benediction\/#breadcrumb","itemListElement":[{"@type":"ListItem","position":1,"name":"Accueil","item":"https:\/\/www.spirit-us.eu\/"},{"@type":"ListItem","position":2,"name":"Boutique","item":"https:\/\/www.spirit-us.eu\/index.php\/boutique\/"},{"@type":"ListItem","position":3,"name":"HABITAT, MAISONS &#8211; analyse, g\u00e9obiologie, protection, b\u00e9n\u00e9diction"}]},{"@type":"WebSite","@id":"https:\/\/www.spirit-us.eu\/#website","url":"https:\/\/www.spirit-us.eu\/","name":"Spirit-US","description":"","publisher":{"@id":"https:\/\/www.spirit-us.eu\/#organization"},"potentialAction":[{"@type":"SearchAction","target":{"@type":"EntryPoint","urlTemplate":"https:\/\/www.spirit-us.eu\/?s={search_term_string}"},"query-input":{"@type":"PropertyValueSpecification","valueRequired":true,"valueName":"search_term_string"}}],"inLanguage":"fr-FR"},{"@type":"Organization","@id":"https:\/\/www.spirit-us.eu\/#organization","name":"Spirit-US","url":"https:\/\/www.spirit-us.eu\/","logo":{"@type":"ImageObject","inLanguage":"fr-FR","@id":"https:\/\/www.spirit-us.eu\/#\/schema\/logo\/image\/","url":"https:\/\/www.spirit-us.eu\/wp-content\/uploads\/2025\/11\/logo-regarde-linterlocutrice-sans-arrriere-plan.jpg","contentUrl":"https:\/\/www.spirit-us.eu\/wp-content\/uploads\/2025\/11\/logo-regarde-linterlocutrice-sans-arrriere-plan.jpg","width":1080,"height":1080,"caption":"Spirit-US"},"image":{"@id":"https:\/\/www.spirit-us.eu\/#\/schema\/logo\/image\/"},"sameAs":["https:\/\/www.facebook.com\/spirit.us.deum"]}]}},"jetpack_sharing_enabled":true,"_links":{"self":[{"href":"https:\/\/www.spirit-us.eu\/index.php\/wp-json\/wp\/v2\/product\/4109","targetHints":{"allow":["GET"]}}],"collection":[{"href":"https:\/\/www.spirit-us.eu\/index.php\/wp-json\/wp\/v2\/product"}],"about":[{"href":"https:\/\/www.spirit-us.eu\/index.php\/wp-json\/wp\/v2\/types\/product"}],"replies":[{"embeddable":true,"href":"https:\/\/www.spirit-us.eu\/index.php\/wp-json\/wp\/v2\/comments?post=4109"}],"wp:featuredmedia":[{"embeddable":true,"href":"https:\/\/www.spirit-us.eu\/index.php\/wp-json\/wp\/v2\/media\/4110"}],"wp:attachment":[{"href":"https:\/\/www.spirit-us.eu\/index.php\/wp-json\/wp\/v2\/media?parent=4109"}],"wp:term":[{"taxonomy":"product_brand","embeddable":true,"href":"https:\/\/www.spirit-us.eu\/index.php\/wp-json\/wp\/v2\/product_brand?post=4109"},{"taxonomy":"product_cat","embeddable":true,"href":"https:\/\/www.spirit-us.eu\/index.php\/wp-json\/wp\/v2\/product_cat?post=4109"},{"taxonomy":"product_tag","embeddable":true,"href":"https:\/\/www.spirit-us.eu\/index.php\/wp-json\/wp\/v2\/product_tag?post=4109"},{"taxonomy":"mwb_booking_cost","embeddable":true,"href":"https:\/\/www.spirit-us.eu\/index.php\/wp-json\/wp\/v2\/mwb_booking_cost?post=4109"},{"taxonomy":"mwb_booking_service","embeddable":true,"href":"https:\/\/www.spirit-us.eu\/index.php\/wp-json\/wp\/v2\/mwb_booking_service?post=4109"}],"curies":[{"name":"wp","href":"https:\/\/api.w.org\/{rel}","templated":true}]}}