{"id":409,"date":"2025-01-31T11:37:03","date_gmt":"2025-01-31T10:37:03","guid":{"rendered":"https:\/\/www.spirit-us.eu\/?post_type=product&#038;p=409"},"modified":"2025-12-21T13:09:19","modified_gmt":"2025-12-21T12:09:19","slug":"pendule-egyptien-en-lapis-lazuli","status":"publish","type":"product","link":"https:\/\/www.spirit-us.eu\/index.php\/produit\/pendule-egyptien-en-lapis-lazuli\/","title":{"rendered":"Pendule \u00e9gyptien en lapis lazuli"},"content":{"rendered":"<p><strong>Le lapis lazuli : vertus et pouvoirs en lithoth\u00e9rapie\u00a0<\/strong><\/p>\n<p><strong>Ses bienfaits sur le plan psychique\u00a0<\/strong><\/p>\n<p>Le lapis lazuli est une pierre d\u2019ouverture aux autres. Elle d\u00e9veloppe la communication et facilite les \u00e9changes amicaux. Elle permet ainsi de surmonter sa timidit\u00e9. Elle encourage \u00e0 s\u2019exprimer sans retenue, sans craindre les reproches, ni les critiques.<\/p>\n<p>Cette pierre procure l\u2019assurance n\u00e9cessaire pour prendre en main sa vie et ne plus subir la domination de personne. Elle redonne confiance en soi et engendre une gu\u00e9rison \u00e9motionnelle.<\/p>\n<p>Le bleu repr\u00e9sente la s\u00e9r\u00e9nit\u00e9 : cette pierre apporte le calme, refoule les \u00e9motions n\u00e9gatives et lutte contre le stress. Le lapis lazuli aide \u00e0 combattre l\u2019anxi\u00e9t\u00e9, les peurs enfouies et les traumatismes du pass\u00e9. Elle est recommand\u00e9e lors d\u2019\u00e9pisodes de tristesse intense.<\/p>\n<p>Le lapis lazuli est une pierre de stimulation intellectuelle et artistique. Elle d\u00e9veloppe l\u2019imagination, l\u2019ing\u00e9niosit\u00e9 et la cr\u00e9ativit\u00e9. Ainsi, elle convient parfaitement \u00e0 toutes les personnes qui ont besoin de cr\u00e9er (artistes, \u00e9crivains, auteurs, compositeurs, etc.).<\/p>\n<p>Cette pierre permet \u00e0 son porteur de diffuser de la tendresse, de la bienveillance et du bonheur. Elle facilite l\u2019introspection et aide \u00e0 identifier les probl\u00e8mes d&rsquo;ordre psychologique. Elle donne la force de combattre les causes cach\u00e9es du mal-\u00eatre ressenti.<\/p>\n<p>Le lapis lazuli est d&rsquo;une aide pr\u00e9cieuse lors de p\u00e9riodes compliqu\u00e9es, telles qu\u2019un divorce, la perte d\u2019un \u00eatre cher, un renvoi professionnel, etc.<\/p>\n<p>&nbsp;<\/p>\n<p><strong>Ses bienfaits au niveau physique\u00a0<\/strong><\/p>\n<p>Le lapis lazuli est une pierre r\u00e9put\u00e9e pour vaincre les insomnies, les nuits agit\u00e9es et les cauchemars. Elle diffuse de la douceur qui apaise les esprits tourment\u00e9s.<\/p>\n<p>Plac\u00e9e dans la chambre, cette pierre procure un sommeil de qualit\u00e9 et r\u00e9cup\u00e9rateur. Elle redonne de la vitalit\u00e9 et de la vigueur d\u00e8s le r\u00e9veil.<\/p>\n<p>Le lapis lazuli favorise le bon fonctionnement du chakra du plexus solaire.<\/p>\n<p>Il lutte efficacement contre les \u00e9tats de tristesse et les angoisses. Cela contribue \u00e0 supprimer le stress et ses cons\u00e9quences sur l\u2019organisme.<\/p>\n<p><strong>L\u2019entretien, la purification et la recharge du pendule en lapis lazuli\u00a0<\/strong><\/p>\n<p>Depuis son extraction, votre pierre n\u2019a pas pu se purifier, ni se recharger avec les \u00e9l\u00e9ments de la nature. Elle a m\u00eame \u00e9t\u00e9 en contact avec toutes sortes d\u2019\u00e9nergies. Il est donc n\u00e9cessaire de proc\u00e9der \u00e0 sa purification et \u00e0 sa recharge d\u00e8s son arriv\u00e9e \u00e0 votre domicile.<\/p>\n<p>Les op\u00e9rations suivantes sont \u00e0 effectuer en entretien au minimum une fois par mois ou apr\u00e8s une s\u00e9ance de lithoth\u00e9rapie.<\/p>\n<p>Votre lapis lazuli est une pierre avec une duret\u00e9 peu \u00e9lev\u00e9e. Il est indispensable de la manipuler avec pr\u00e9caution. Passez-la rapidement sous l\u2019eau du robinet. S\u00e9chez-la d\u00e9licatement \u00e0 l\u2019aide d\u2019un chiffon doux. Vous pouvez aussi la purifier \u00e0 l\u2019aide de la fumigation \u00e0 la sauge blanche ou \u00e0 l\u2019aide d\u2019un bol tib\u00e9tain.<\/p>\n<p>Rechargez-la aux rayons du soleil matinal pendant une heure ou d\u00e9posez-la dans une g\u00e9ode d\u2019am\u00e9thyste ou sur un amas de quartz pendant 24 heures.<\/p>\n","protected":false},"excerpt":{"rendered":"<p>Facilite la communication spirituelle, l&rsquo;action et la communication \u00e0 distance et prot\u00e8ge les travaux \u00e9nerg\u00e9tiques en cours.<\/p>\n<p><strong>Type\u00a0<\/strong>: pendules et bien-\u00eatre, \u00e9nerg\u00e9tique, \u00e9sot\u00e9risme<\/p>\n<p><strong>Pierre &amp; m\u00e9tal<\/strong>\u00a0: lapis lazuli, cha\u00eene en m\u00e9tal argent\u00e9<\/p>\n<p><strong>Qualit\u00e9<\/strong>\u00a0: A (bonne)<\/p>\n<p><strong>Couleurs<\/strong>\u00a0: bleu profond, gris-bleut\u00e9, veines dor\u00e9es \u2013 la couleur peut varier en fonction de la pierre, l\u2019objet est 100% artisanal<\/p>\n<p><strong>Taille\u00a0<\/strong>: le pendule \u00e9gyptien a une hauteur de 4 \u00e0 4,5 cm \u2013 la cha\u00eenette une longueur de 20 \u00e0 25 cm et est de taille ergonomique<\/p>\n<p>Le pendule \u00e9gyptien a une forme caract\u00e9ristique qui lui permet de d\u00e9tecter et de mettre en mouvent les \u00e9nergies\u00a0: il a un pouvoir gu\u00e9risseur, mais aussi celui d\u2019\u00e9loigner ce qui n\u2019est pas favorable. Fabriqu\u00e9 en lapis lazuli, il permet \u00e9galement d\u2019\u00e9tablir la protection psychique et \u00e9nerg\u00e9tique et de purifier les \u00e9nergies lourdes.<\/p>\n","protected":false},"featured_media":410,"comment_status":"open","ping_status":"closed","template":"","meta":[],"product_brand":[],"product_cat":[499,160,17],"product_tag":[167],"mwb_booking_cost":[],"mwb_booking_service":[],"class_list":{"0":"post-409","1":"product","2":"type-product","3":"status-publish","4":"has-post-thumbnail","6":"product_cat-03-energetique","7":"product_cat-08-pendules-accueil","8":"product_cat-tous-les-produits","9":"product_tag-bleu","11":"first","12":"instock","13":"shipping-taxable","14":"purchasable","15":"product-type-simple"},"yoast_head":"<!-- This site is optimized with the Yoast SEO plugin v27.1.1 - https:\/\/yoast.com\/product\/yoast-seo-wordpress\/ -->\n<title>Pendule \u00e9gyptien en lapis lazuli - Spirit-US<\/title>\n<meta name=\"robots\" content=\"index, follow, max-snippet:-1, max-image-preview:large, max-video-preview:-1\" \/>\n<link rel=\"canonical\" href=\"https:\/\/www.spirit-us.eu\/index.php\/produit\/pendule-egyptien-en-lapis-lazuli\/\" \/>\n<meta property=\"og:locale\" content=\"fr_FR\" \/>\n<meta property=\"og:type\" content=\"article\" \/>\n<meta property=\"og:title\" content=\"Pendule \u00e9gyptien en lapis lazuli - Spirit-US\" \/>\n<meta property=\"og:description\" content=\"Facilite la communication spirituelle, l&#039;action et la communication \u00e0 distance et prot\u00e8ge les travaux \u00e9nerg\u00e9tiques en cours.  Type\u00a0: pendules et bien-\u00eatre, \u00e9nerg\u00e9tique, \u00e9sot\u00e9risme  Pierre &amp; m\u00e9tal\u00a0: lapis lazuli, cha\u00eene en m\u00e9tal argent\u00e9  Qualit\u00e9\u00a0: A (bonne)  Couleurs\u00a0: bleu profond, gris-bleut\u00e9, veines dor\u00e9es \u2013 la couleur peut varier en fonction de la pierre, l\u2019objet est 100% artisanal  Taille\u00a0: le pendule \u00e9gyptien a une hauteur de 4 \u00e0 4,5 cm \u2013 la cha\u00eenette une longueur de 20 \u00e0 25 cm et est de taille ergonomique  Le pendule \u00e9gyptien a une forme caract\u00e9ristique qui lui permet de d\u00e9tecter et de mettre en mouvent les \u00e9nergies\u00a0: il a un pouvoir gu\u00e9risseur, mais aussi celui d\u2019\u00e9loigner ce qui n\u2019est pas favorable. Fabriqu\u00e9 en lapis lazuli, il permet \u00e9galement d\u2019\u00e9tablir la protection psychique et \u00e9nerg\u00e9tique et de purifier les \u00e9nergies lourdes.\" \/>\n<meta property=\"og:url\" content=\"https:\/\/www.spirit-us.eu\/index.php\/produit\/pendule-egyptien-en-lapis-lazuli\/\" \/>\n<meta property=\"og:site_name\" content=\"Spirit-US\" \/>\n<meta property=\"article:publisher\" content=\"https:\/\/www.facebook.com\/spirit.us.deum\" \/>\n<meta property=\"article:modified_time\" content=\"2025-12-21T12:09:19+00:00\" \/>\n<meta property=\"og:image\" content=\"https:\/\/www.spirit-us.eu\/wp-content\/uploads\/2025\/01\/Design-sans-titre-1-1.png\" \/>\n\t<meta property=\"og:image:width\" content=\"1080\" \/>\n\t<meta property=\"og:image:height\" content=\"1080\" \/>\n\t<meta property=\"og:image:type\" content=\"image\/png\" \/>\n<meta name=\"twitter:card\" content=\"summary_large_image\" \/>\n<meta name=\"twitter:label1\" content=\"Dur\u00e9e de lecture estim\u00e9e\" \/>\n\t<meta name=\"twitter:data1\" content=\"3 minutes\" \/>\n<script type=\"application\/ld+json\" class=\"yoast-schema-graph\">{\"@context\":\"https:\/\/schema.org\",\"@graph\":[{\"@type\":\"WebPage\",\"@id\":\"https:\/\/www.spirit-us.eu\/index.php\/produit\/pendule-egyptien-en-lapis-lazuli\/\",\"url\":\"https:\/\/www.spirit-us.eu\/index.php\/produit\/pendule-egyptien-en-lapis-lazuli\/\",\"name\":\"Pendule \u00e9gyptien en lapis lazuli - Spirit-US\",\"isPartOf\":{\"@id\":\"https:\/\/www.spirit-us.eu\/#website\"},\"primaryImageOfPage\":{\"@id\":\"https:\/\/www.spirit-us.eu\/index.php\/produit\/pendule-egyptien-en-lapis-lazuli\/#primaryimage\"},\"image\":{\"@id\":\"https:\/\/www.spirit-us.eu\/index.php\/produit\/pendule-egyptien-en-lapis-lazuli\/#primaryimage\"},\"thumbnailUrl\":\"https:\/\/www.spirit-us.eu\/wp-content\/uploads\/2025\/01\/Design-sans-titre-1-1.png\",\"datePublished\":\"2025-01-31T10:37:03+00:00\",\"dateModified\":\"2025-12-21T12:09:19+00:00\",\"breadcrumb\":{\"@id\":\"https:\/\/www.spirit-us.eu\/index.php\/produit\/pendule-egyptien-en-lapis-lazuli\/#breadcrumb\"},\"inLanguage\":\"fr-FR\",\"potentialAction\":[{\"@type\":\"ReadAction\",\"target\":[\"https:\/\/www.spirit-us.eu\/index.php\/produit\/pendule-egyptien-en-lapis-lazuli\/\"]}]},{\"@type\":\"ImageObject\",\"inLanguage\":\"fr-FR\",\"@id\":\"https:\/\/www.spirit-us.eu\/index.php\/produit\/pendule-egyptien-en-lapis-lazuli\/#primaryimage\",\"url\":\"https:\/\/www.spirit-us.eu\/wp-content\/uploads\/2025\/01\/Design-sans-titre-1-1.png\",\"contentUrl\":\"https:\/\/www.spirit-us.eu\/wp-content\/uploads\/2025\/01\/Design-sans-titre-1-1.png\",\"width\":1080,\"height\":1080},{\"@type\":\"BreadcrumbList\",\"@id\":\"https:\/\/www.spirit-us.eu\/index.php\/produit\/pendule-egyptien-en-lapis-lazuli\/#breadcrumb\",\"itemListElement\":[{\"@type\":\"ListItem\",\"position\":1,\"name\":\"Accueil\",\"item\":\"https:\/\/www.spirit-us.eu\/\"},{\"@type\":\"ListItem\",\"position\":2,\"name\":\"Boutique\",\"item\":\"https:\/\/www.spirit-us.eu\/index.php\/boutique\/\"},{\"@type\":\"ListItem\",\"position\":3,\"name\":\"Pendule \u00e9gyptien en lapis lazuli\"}]},{\"@type\":\"WebSite\",\"@id\":\"https:\/\/www.spirit-us.eu\/#website\",\"url\":\"https:\/\/www.spirit-us.eu\/\",\"name\":\"Spirit-US\",\"description\":\"\",\"publisher\":{\"@id\":\"https:\/\/www.spirit-us.eu\/#organization\"},\"potentialAction\":[{\"@type\":\"SearchAction\",\"target\":{\"@type\":\"EntryPoint\",\"urlTemplate\":\"https:\/\/www.spirit-us.eu\/?s={search_term_string}\"},\"query-input\":{\"@type\":\"PropertyValueSpecification\",\"valueRequired\":true,\"valueName\":\"search_term_string\"}}],\"inLanguage\":\"fr-FR\"},{\"@type\":\"Organization\",\"@id\":\"https:\/\/www.spirit-us.eu\/#organization\",\"name\":\"Spirit-US\",\"url\":\"https:\/\/www.spirit-us.eu\/\",\"logo\":{\"@type\":\"ImageObject\",\"inLanguage\":\"fr-FR\",\"@id\":\"https:\/\/www.spirit-us.eu\/#\/schema\/logo\/image\/\",\"url\":\"https:\/\/www.spirit-us.eu\/wp-content\/uploads\/2025\/11\/logo-regarde-linterlocutrice-sans-arrriere-plan.jpg\",\"contentUrl\":\"https:\/\/www.spirit-us.eu\/wp-content\/uploads\/2025\/11\/logo-regarde-linterlocutrice-sans-arrriere-plan.jpg\",\"width\":1080,\"height\":1080,\"caption\":\"Spirit-US\"},\"image\":{\"@id\":\"https:\/\/www.spirit-us.eu\/#\/schema\/logo\/image\/\"},\"sameAs\":[\"https:\/\/www.facebook.com\/spirit.us.deum\"]}]}<\/script>\n<!-- \/ Yoast SEO plugin. -->","yoast_head_json":{"title":"Pendule \u00e9gyptien en lapis lazuli - Spirit-US","robots":{"index":"index","follow":"follow","max-snippet":"max-snippet:-1","max-image-preview":"max-image-preview:large","max-video-preview":"max-video-preview:-1"},"canonical":"https:\/\/www.spirit-us.eu\/index.php\/produit\/pendule-egyptien-en-lapis-lazuli\/","og_locale":"fr_FR","og_type":"article","og_title":"Pendule \u00e9gyptien en lapis lazuli - Spirit-US","og_description":"Facilite la communication spirituelle, l'action et la communication \u00e0 distance et prot\u00e8ge les travaux \u00e9nerg\u00e9tiques en cours.  Type\u00a0: pendules et bien-\u00eatre, \u00e9nerg\u00e9tique, \u00e9sot\u00e9risme  Pierre &amp; m\u00e9tal\u00a0: lapis lazuli, cha\u00eene en m\u00e9tal argent\u00e9  Qualit\u00e9\u00a0: A (bonne)  Couleurs\u00a0: bleu profond, gris-bleut\u00e9, veines dor\u00e9es \u2013 la couleur peut varier en fonction de la pierre, l\u2019objet est 100% artisanal  Taille\u00a0: le pendule \u00e9gyptien a une hauteur de 4 \u00e0 4,5 cm \u2013 la cha\u00eenette une longueur de 20 \u00e0 25 cm et est de taille ergonomique  Le pendule \u00e9gyptien a une forme caract\u00e9ristique qui lui permet de d\u00e9tecter et de mettre en mouvent les \u00e9nergies\u00a0: il a un pouvoir gu\u00e9risseur, mais aussi celui d\u2019\u00e9loigner ce qui n\u2019est pas favorable. Fabriqu\u00e9 en lapis lazuli, il permet \u00e9galement d\u2019\u00e9tablir la protection psychique et \u00e9nerg\u00e9tique et de purifier les \u00e9nergies lourdes.","og_url":"https:\/\/www.spirit-us.eu\/index.php\/produit\/pendule-egyptien-en-lapis-lazuli\/","og_site_name":"Spirit-US","article_publisher":"https:\/\/www.facebook.com\/spirit.us.deum","article_modified_time":"2025-12-21T12:09:19+00:00","og_image":[{"width":1080,"height":1080,"url":"https:\/\/www.spirit-us.eu\/wp-content\/uploads\/2025\/01\/Design-sans-titre-1-1.png","type":"image\/png"}],"twitter_card":"summary_large_image","twitter_misc":{"Dur\u00e9e de lecture estim\u00e9e":"3 minutes"},"schema":{"@context":"https:\/\/schema.org","@graph":[{"@type":"WebPage","@id":"https:\/\/www.spirit-us.eu\/index.php\/produit\/pendule-egyptien-en-lapis-lazuli\/","url":"https:\/\/www.spirit-us.eu\/index.php\/produit\/pendule-egyptien-en-lapis-lazuli\/","name":"Pendule \u00e9gyptien en lapis lazuli - Spirit-US","isPartOf":{"@id":"https:\/\/www.spirit-us.eu\/#website"},"primaryImageOfPage":{"@id":"https:\/\/www.spirit-us.eu\/index.php\/produit\/pendule-egyptien-en-lapis-lazuli\/#primaryimage"},"image":{"@id":"https:\/\/www.spirit-us.eu\/index.php\/produit\/pendule-egyptien-en-lapis-lazuli\/#primaryimage"},"thumbnailUrl":"https:\/\/www.spirit-us.eu\/wp-content\/uploads\/2025\/01\/Design-sans-titre-1-1.png","datePublished":"2025-01-31T10:37:03+00:00","dateModified":"2025-12-21T12:09:19+00:00","breadcrumb":{"@id":"https:\/\/www.spirit-us.eu\/index.php\/produit\/pendule-egyptien-en-lapis-lazuli\/#breadcrumb"},"inLanguage":"fr-FR","potentialAction":[{"@type":"ReadAction","target":["https:\/\/www.spirit-us.eu\/index.php\/produit\/pendule-egyptien-en-lapis-lazuli\/"]}]},{"@type":"ImageObject","inLanguage":"fr-FR","@id":"https:\/\/www.spirit-us.eu\/index.php\/produit\/pendule-egyptien-en-lapis-lazuli\/#primaryimage","url":"https:\/\/www.spirit-us.eu\/wp-content\/uploads\/2025\/01\/Design-sans-titre-1-1.png","contentUrl":"https:\/\/www.spirit-us.eu\/wp-content\/uploads\/2025\/01\/Design-sans-titre-1-1.png","width":1080,"height":1080},{"@type":"BreadcrumbList","@id":"https:\/\/www.spirit-us.eu\/index.php\/produit\/pendule-egyptien-en-lapis-lazuli\/#breadcrumb","itemListElement":[{"@type":"ListItem","position":1,"name":"Accueil","item":"https:\/\/www.spirit-us.eu\/"},{"@type":"ListItem","position":2,"name":"Boutique","item":"https:\/\/www.spirit-us.eu\/index.php\/boutique\/"},{"@type":"ListItem","position":3,"name":"Pendule \u00e9gyptien en lapis lazuli"}]},{"@type":"WebSite","@id":"https:\/\/www.spirit-us.eu\/#website","url":"https:\/\/www.spirit-us.eu\/","name":"Spirit-US","description":"","publisher":{"@id":"https:\/\/www.spirit-us.eu\/#organization"},"potentialAction":[{"@type":"SearchAction","target":{"@type":"EntryPoint","urlTemplate":"https:\/\/www.spirit-us.eu\/?s={search_term_string}"},"query-input":{"@type":"PropertyValueSpecification","valueRequired":true,"valueName":"search_term_string"}}],"inLanguage":"fr-FR"},{"@type":"Organization","@id":"https:\/\/www.spirit-us.eu\/#organization","name":"Spirit-US","url":"https:\/\/www.spirit-us.eu\/","logo":{"@type":"ImageObject","inLanguage":"fr-FR","@id":"https:\/\/www.spirit-us.eu\/#\/schema\/logo\/image\/","url":"https:\/\/www.spirit-us.eu\/wp-content\/uploads\/2025\/11\/logo-regarde-linterlocutrice-sans-arrriere-plan.jpg","contentUrl":"https:\/\/www.spirit-us.eu\/wp-content\/uploads\/2025\/11\/logo-regarde-linterlocutrice-sans-arrriere-plan.jpg","width":1080,"height":1080,"caption":"Spirit-US"},"image":{"@id":"https:\/\/www.spirit-us.eu\/#\/schema\/logo\/image\/"},"sameAs":["https:\/\/www.facebook.com\/spirit.us.deum"]}]}},"jetpack_sharing_enabled":true,"_links":{"self":[{"href":"https:\/\/www.spirit-us.eu\/index.php\/wp-json\/wp\/v2\/product\/409","targetHints":{"allow":["GET"]}}],"collection":[{"href":"https:\/\/www.spirit-us.eu\/index.php\/wp-json\/wp\/v2\/product"}],"about":[{"href":"https:\/\/www.spirit-us.eu\/index.php\/wp-json\/wp\/v2\/types\/product"}],"replies":[{"embeddable":true,"href":"https:\/\/www.spirit-us.eu\/index.php\/wp-json\/wp\/v2\/comments?post=409"}],"wp:featuredmedia":[{"embeddable":true,"href":"https:\/\/www.spirit-us.eu\/index.php\/wp-json\/wp\/v2\/media\/410"}],"wp:attachment":[{"href":"https:\/\/www.spirit-us.eu\/index.php\/wp-json\/wp\/v2\/media?parent=409"}],"wp:term":[{"taxonomy":"product_brand","embeddable":true,"href":"https:\/\/www.spirit-us.eu\/index.php\/wp-json\/wp\/v2\/product_brand?post=409"},{"taxonomy":"product_cat","embeddable":true,"href":"https:\/\/www.spirit-us.eu\/index.php\/wp-json\/wp\/v2\/product_cat?post=409"},{"taxonomy":"product_tag","embeddable":true,"href":"https:\/\/www.spirit-us.eu\/index.php\/wp-json\/wp\/v2\/product_tag?post=409"},{"taxonomy":"mwb_booking_cost","embeddable":true,"href":"https:\/\/www.spirit-us.eu\/index.php\/wp-json\/wp\/v2\/mwb_booking_cost?post=409"},{"taxonomy":"mwb_booking_service","embeddable":true,"href":"https:\/\/www.spirit-us.eu\/index.php\/wp-json\/wp\/v2\/mwb_booking_service?post=409"}],"curies":[{"name":"wp","href":"https:\/\/api.w.org\/{rel}","templated":true}]}}