{"id":4080,"date":"2026-01-24T17:45:54","date_gmt":"2026-01-24T16:45:54","guid":{"rendered":"https:\/\/www.spirit-us.eu\/?post_type=product&#038;p=4080"},"modified":"2026-01-24T17:49:10","modified_gmt":"2026-01-24T16:49:10","slug":"ange-portant-un-petit-chien","status":"publish","type":"product","link":"https:\/\/www.spirit-us.eu\/index.php\/produit\/ange-portant-un-petit-chien\/","title":{"rendered":"ANGE portant un PETIT CHIEN"},"content":{"rendered":"<p>Statuette d&rsquo;ange au petit chien<\/p>\n<p><strong>Dimensions<\/strong> :<\/p>\n<ul>\n<li>longueur 7,9 cm<\/li>\n<li>largeur 5,4 cm<\/li>\n<li>hauteur 11,8 cm<\/li>\n<\/ul>\n<p><strong>Mat\u00e9riau<\/strong> : r\u00e9sine<\/p>\n<p><strong>Couleurs<\/strong> :<\/p>\n<ul>\n<li>robe blanche<\/li>\n<li>couleur marron clair pour les cheveux de l&rsquo;ange et le petit chine<\/li>\n<\/ul>\n<p>La statuette est \u00e0 poser sur un support.<\/p>\n","protected":false},"excerpt":{"rendered":"<p>Tr\u00e8s mignonne statuette d&rsquo;ange en r\u00e9sine, color\u00e9e blanc et or. Un fa\u00e7on de dire \u00e0 quelqu&rsquo;un qu&rsquo;on aime :\u00a0<em>Tu as un <\/em><em>c\u0153ur d&rsquo;or ! <\/em>C&rsquo;est bel objet de d\u00e9coration, simple, adorable, qui pla\u00eet aussi bien aux ang\u00e9ophiles qu&rsquo;aux enfants.<\/p>\n","protected":false},"featured_media":4073,"comment_status":"open","ping_status":"closed","template":"","meta":[],"product_brand":[],"product_cat":[180,17],"product_tag":[537,448],"mwb_booking_cost":[],"mwb_booking_service":[],"class_list":{"0":"post-4080","1":"product","2":"type-product","3":"status-publish","4":"has-post-thumbnail","6":"product_cat-09-decoration","7":"product_cat-tous-les-produits","8":"product_tag-ange","9":"product_tag-maison","11":"first","12":"instock","13":"shipping-taxable","14":"purchasable","15":"product-type-simple"},"yoast_head":"<!-- This site is optimized with the Yoast SEO plugin v27.1.1 - https:\/\/yoast.com\/product\/yoast-seo-wordpress\/ -->\n<title>ANGE portant un PETIT CHIEN - Spirit-US<\/title>\n<meta name=\"description\" content=\"D\u00e9coration d&#039;ange en r\u00e9sine pour cadeau femme, enfant, homme. D\u00e9coration d&#039;int\u00e9rieur, cadeaux de f\u00eate Saint Valentin, anniversaire, amoureux des chiens\" \/>\n<meta name=\"robots\" content=\"index, follow, max-snippet:-1, max-image-preview:large, max-video-preview:-1\" \/>\n<link rel=\"canonical\" href=\"https:\/\/www.spirit-us.eu\/index.php\/produit\/ange-portant-un-petit-chien\/\" \/>\n<meta property=\"og:locale\" content=\"fr_FR\" \/>\n<meta property=\"og:type\" content=\"article\" \/>\n<meta property=\"og:title\" content=\"ANGE portant un PETIT CHIEN - Spirit-US\" \/>\n<meta property=\"og:description\" content=\"D\u00e9coration d&#039;ange en r\u00e9sine pour cadeau femme, enfant, homme. D\u00e9coration d&#039;int\u00e9rieur, cadeaux de f\u00eate Saint Valentin, anniversaire, amoureux des chiens\" \/>\n<meta property=\"og:url\" content=\"https:\/\/www.spirit-us.eu\/index.php\/produit\/ange-portant-un-petit-chien\/\" \/>\n<meta property=\"og:site_name\" content=\"Spirit-US\" \/>\n<meta property=\"article:publisher\" content=\"https:\/\/www.facebook.com\/spirit.us.deum\" \/>\n<meta property=\"article:modified_time\" content=\"2026-01-24T16:49:10+00:00\" \/>\n<meta property=\"og:image\" content=\"https:\/\/www.spirit-us.eu\/wp-content\/uploads\/2026\/01\/petit-ange-chien-arriere-plan.png\" \/>\n\t<meta property=\"og:image:width\" content=\"1080\" \/>\n\t<meta property=\"og:image:height\" content=\"1080\" \/>\n\t<meta property=\"og:image:type\" content=\"image\/png\" \/>\n<meta name=\"twitter:card\" content=\"summary_large_image\" \/>\n<meta name=\"twitter:label1\" content=\"Dur\u00e9e de lecture estim\u00e9e\" \/>\n\t<meta name=\"twitter:data1\" content=\"1 minute\" \/>\n<script type=\"application\/ld+json\" class=\"yoast-schema-graph\">{\"@context\":\"https:\/\/schema.org\",\"@graph\":[{\"@type\":\"WebPage\",\"@id\":\"https:\/\/www.spirit-us.eu\/index.php\/produit\/ange-portant-un-petit-chien\/\",\"url\":\"https:\/\/www.spirit-us.eu\/index.php\/produit\/ange-portant-un-petit-chien\/\",\"name\":\"ANGE portant un PETIT CHIEN - Spirit-US\",\"isPartOf\":{\"@id\":\"https:\/\/www.spirit-us.eu\/#website\"},\"primaryImageOfPage\":{\"@id\":\"https:\/\/www.spirit-us.eu\/index.php\/produit\/ange-portant-un-petit-chien\/#primaryimage\"},\"image\":{\"@id\":\"https:\/\/www.spirit-us.eu\/index.php\/produit\/ange-portant-un-petit-chien\/#primaryimage\"},\"thumbnailUrl\":\"https:\/\/www.spirit-us.eu\/wp-content\/uploads\/2026\/01\/petit-ange-chien-arriere-plan.png\",\"datePublished\":\"2026-01-24T16:45:54+00:00\",\"dateModified\":\"2026-01-24T16:49:10+00:00\",\"description\":\"D\u00e9coration d'ange en r\u00e9sine pour cadeau femme, enfant, homme. D\u00e9coration d'int\u00e9rieur, cadeaux de f\u00eate Saint Valentin, anniversaire, amoureux des chiens\",\"breadcrumb\":{\"@id\":\"https:\/\/www.spirit-us.eu\/index.php\/produit\/ange-portant-un-petit-chien\/#breadcrumb\"},\"inLanguage\":\"fr-FR\",\"potentialAction\":[{\"@type\":\"ReadAction\",\"target\":[\"https:\/\/www.spirit-us.eu\/index.php\/produit\/ange-portant-un-petit-chien\/\"]}]},{\"@type\":\"ImageObject\",\"inLanguage\":\"fr-FR\",\"@id\":\"https:\/\/www.spirit-us.eu\/index.php\/produit\/ange-portant-un-petit-chien\/#primaryimage\",\"url\":\"https:\/\/www.spirit-us.eu\/wp-content\/uploads\/2026\/01\/petit-ange-chien-arriere-plan.png\",\"contentUrl\":\"https:\/\/www.spirit-us.eu\/wp-content\/uploads\/2026\/01\/petit-ange-chien-arriere-plan.png\",\"width\":1080,\"height\":1080},{\"@type\":\"BreadcrumbList\",\"@id\":\"https:\/\/www.spirit-us.eu\/index.php\/produit\/ange-portant-un-petit-chien\/#breadcrumb\",\"itemListElement\":[{\"@type\":\"ListItem\",\"position\":1,\"name\":\"Accueil\",\"item\":\"https:\/\/www.spirit-us.eu\/\"},{\"@type\":\"ListItem\",\"position\":2,\"name\":\"Boutique\",\"item\":\"https:\/\/www.spirit-us.eu\/index.php\/boutique\/\"},{\"@type\":\"ListItem\",\"position\":3,\"name\":\"ANGE portant un PETIT CHIEN\"}]},{\"@type\":\"WebSite\",\"@id\":\"https:\/\/www.spirit-us.eu\/#website\",\"url\":\"https:\/\/www.spirit-us.eu\/\",\"name\":\"Spirit-US\",\"description\":\"\",\"publisher\":{\"@id\":\"https:\/\/www.spirit-us.eu\/#organization\"},\"potentialAction\":[{\"@type\":\"SearchAction\",\"target\":{\"@type\":\"EntryPoint\",\"urlTemplate\":\"https:\/\/www.spirit-us.eu\/?s={search_term_string}\"},\"query-input\":{\"@type\":\"PropertyValueSpecification\",\"valueRequired\":true,\"valueName\":\"search_term_string\"}}],\"inLanguage\":\"fr-FR\"},{\"@type\":\"Organization\",\"@id\":\"https:\/\/www.spirit-us.eu\/#organization\",\"name\":\"Spirit-US\",\"url\":\"https:\/\/www.spirit-us.eu\/\",\"logo\":{\"@type\":\"ImageObject\",\"inLanguage\":\"fr-FR\",\"@id\":\"https:\/\/www.spirit-us.eu\/#\/schema\/logo\/image\/\",\"url\":\"https:\/\/www.spirit-us.eu\/wp-content\/uploads\/2025\/11\/logo-regarde-linterlocutrice-sans-arrriere-plan.jpg\",\"contentUrl\":\"https:\/\/www.spirit-us.eu\/wp-content\/uploads\/2025\/11\/logo-regarde-linterlocutrice-sans-arrriere-plan.jpg\",\"width\":1080,\"height\":1080,\"caption\":\"Spirit-US\"},\"image\":{\"@id\":\"https:\/\/www.spirit-us.eu\/#\/schema\/logo\/image\/\"},\"sameAs\":[\"https:\/\/www.facebook.com\/spirit.us.deum\"]}]}<\/script>\n<!-- \/ Yoast SEO plugin. -->","yoast_head_json":{"title":"ANGE portant un PETIT CHIEN - Spirit-US","description":"D\u00e9coration d'ange en r\u00e9sine pour cadeau femme, enfant, homme. D\u00e9coration d'int\u00e9rieur, cadeaux de f\u00eate Saint Valentin, anniversaire, amoureux des chiens","robots":{"index":"index","follow":"follow","max-snippet":"max-snippet:-1","max-image-preview":"max-image-preview:large","max-video-preview":"max-video-preview:-1"},"canonical":"https:\/\/www.spirit-us.eu\/index.php\/produit\/ange-portant-un-petit-chien\/","og_locale":"fr_FR","og_type":"article","og_title":"ANGE portant un PETIT CHIEN - Spirit-US","og_description":"D\u00e9coration d'ange en r\u00e9sine pour cadeau femme, enfant, homme. D\u00e9coration d'int\u00e9rieur, cadeaux de f\u00eate Saint Valentin, anniversaire, amoureux des chiens","og_url":"https:\/\/www.spirit-us.eu\/index.php\/produit\/ange-portant-un-petit-chien\/","og_site_name":"Spirit-US","article_publisher":"https:\/\/www.facebook.com\/spirit.us.deum","article_modified_time":"2026-01-24T16:49:10+00:00","og_image":[{"width":1080,"height":1080,"url":"https:\/\/www.spirit-us.eu\/wp-content\/uploads\/2026\/01\/petit-ange-chien-arriere-plan.png","type":"image\/png"}],"twitter_card":"summary_large_image","twitter_misc":{"Dur\u00e9e de lecture estim\u00e9e":"1 minute"},"schema":{"@context":"https:\/\/schema.org","@graph":[{"@type":"WebPage","@id":"https:\/\/www.spirit-us.eu\/index.php\/produit\/ange-portant-un-petit-chien\/","url":"https:\/\/www.spirit-us.eu\/index.php\/produit\/ange-portant-un-petit-chien\/","name":"ANGE portant un PETIT CHIEN - Spirit-US","isPartOf":{"@id":"https:\/\/www.spirit-us.eu\/#website"},"primaryImageOfPage":{"@id":"https:\/\/www.spirit-us.eu\/index.php\/produit\/ange-portant-un-petit-chien\/#primaryimage"},"image":{"@id":"https:\/\/www.spirit-us.eu\/index.php\/produit\/ange-portant-un-petit-chien\/#primaryimage"},"thumbnailUrl":"https:\/\/www.spirit-us.eu\/wp-content\/uploads\/2026\/01\/petit-ange-chien-arriere-plan.png","datePublished":"2026-01-24T16:45:54+00:00","dateModified":"2026-01-24T16:49:10+00:00","description":"D\u00e9coration d'ange en r\u00e9sine pour cadeau femme, enfant, homme. D\u00e9coration d'int\u00e9rieur, cadeaux de f\u00eate Saint Valentin, anniversaire, amoureux des chiens","breadcrumb":{"@id":"https:\/\/www.spirit-us.eu\/index.php\/produit\/ange-portant-un-petit-chien\/#breadcrumb"},"inLanguage":"fr-FR","potentialAction":[{"@type":"ReadAction","target":["https:\/\/www.spirit-us.eu\/index.php\/produit\/ange-portant-un-petit-chien\/"]}]},{"@type":"ImageObject","inLanguage":"fr-FR","@id":"https:\/\/www.spirit-us.eu\/index.php\/produit\/ange-portant-un-petit-chien\/#primaryimage","url":"https:\/\/www.spirit-us.eu\/wp-content\/uploads\/2026\/01\/petit-ange-chien-arriere-plan.png","contentUrl":"https:\/\/www.spirit-us.eu\/wp-content\/uploads\/2026\/01\/petit-ange-chien-arriere-plan.png","width":1080,"height":1080},{"@type":"BreadcrumbList","@id":"https:\/\/www.spirit-us.eu\/index.php\/produit\/ange-portant-un-petit-chien\/#breadcrumb","itemListElement":[{"@type":"ListItem","position":1,"name":"Accueil","item":"https:\/\/www.spirit-us.eu\/"},{"@type":"ListItem","position":2,"name":"Boutique","item":"https:\/\/www.spirit-us.eu\/index.php\/boutique\/"},{"@type":"ListItem","position":3,"name":"ANGE portant un PETIT CHIEN"}]},{"@type":"WebSite","@id":"https:\/\/www.spirit-us.eu\/#website","url":"https:\/\/www.spirit-us.eu\/","name":"Spirit-US","description":"","publisher":{"@id":"https:\/\/www.spirit-us.eu\/#organization"},"potentialAction":[{"@type":"SearchAction","target":{"@type":"EntryPoint","urlTemplate":"https:\/\/www.spirit-us.eu\/?s={search_term_string}"},"query-input":{"@type":"PropertyValueSpecification","valueRequired":true,"valueName":"search_term_string"}}],"inLanguage":"fr-FR"},{"@type":"Organization","@id":"https:\/\/www.spirit-us.eu\/#organization","name":"Spirit-US","url":"https:\/\/www.spirit-us.eu\/","logo":{"@type":"ImageObject","inLanguage":"fr-FR","@id":"https:\/\/www.spirit-us.eu\/#\/schema\/logo\/image\/","url":"https:\/\/www.spirit-us.eu\/wp-content\/uploads\/2025\/11\/logo-regarde-linterlocutrice-sans-arrriere-plan.jpg","contentUrl":"https:\/\/www.spirit-us.eu\/wp-content\/uploads\/2025\/11\/logo-regarde-linterlocutrice-sans-arrriere-plan.jpg","width":1080,"height":1080,"caption":"Spirit-US"},"image":{"@id":"https:\/\/www.spirit-us.eu\/#\/schema\/logo\/image\/"},"sameAs":["https:\/\/www.facebook.com\/spirit.us.deum"]}]}},"jetpack_sharing_enabled":true,"_links":{"self":[{"href":"https:\/\/www.spirit-us.eu\/index.php\/wp-json\/wp\/v2\/product\/4080","targetHints":{"allow":["GET"]}}],"collection":[{"href":"https:\/\/www.spirit-us.eu\/index.php\/wp-json\/wp\/v2\/product"}],"about":[{"href":"https:\/\/www.spirit-us.eu\/index.php\/wp-json\/wp\/v2\/types\/product"}],"replies":[{"embeddable":true,"href":"https:\/\/www.spirit-us.eu\/index.php\/wp-json\/wp\/v2\/comments?post=4080"}],"wp:featuredmedia":[{"embeddable":true,"href":"https:\/\/www.spirit-us.eu\/index.php\/wp-json\/wp\/v2\/media\/4073"}],"wp:attachment":[{"href":"https:\/\/www.spirit-us.eu\/index.php\/wp-json\/wp\/v2\/media?parent=4080"}],"wp:term":[{"taxonomy":"product_brand","embeddable":true,"href":"https:\/\/www.spirit-us.eu\/index.php\/wp-json\/wp\/v2\/product_brand?post=4080"},{"taxonomy":"product_cat","embeddable":true,"href":"https:\/\/www.spirit-us.eu\/index.php\/wp-json\/wp\/v2\/product_cat?post=4080"},{"taxonomy":"product_tag","embeddable":true,"href":"https:\/\/www.spirit-us.eu\/index.php\/wp-json\/wp\/v2\/product_tag?post=4080"},{"taxonomy":"mwb_booking_cost","embeddable":true,"href":"https:\/\/www.spirit-us.eu\/index.php\/wp-json\/wp\/v2\/mwb_booking_cost?post=4080"},{"taxonomy":"mwb_booking_service","embeddable":true,"href":"https:\/\/www.spirit-us.eu\/index.php\/wp-json\/wp\/v2\/mwb_booking_service?post=4080"}],"curies":[{"name":"wp","href":"https:\/\/api.w.org\/{rel}","templated":true}]}}