{"id":4065,"date":"2026-01-24T11:54:55","date_gmt":"2026-01-24T10:54:55","guid":{"rendered":"https:\/\/www.spirit-us.eu\/?post_type=product&#038;p=4065"},"modified":"2026-03-21T12:44:41","modified_gmt":"2026-03-21T11:44:41","slug":"vibration-damour-ouvrez-et-harmonisez-votre-chakra-coeur","status":"publish","type":"product","link":"https:\/\/www.spirit-us.eu\/index.php\/produit\/vibration-damour-ouvrez-et-harmonisez-votre-chakra-coeur\/","title":{"rendered":"ENERGIE &#038; VIBRATION D\u2019AMOUR : ouvrez et harmonisez votre chakra c\u0153ur"},"content":{"rendered":"<p><strong>Auteure<\/strong>\u00a0: Lola LACROIX<\/p>\n<p><strong>Musique<\/strong>\u00a0: Jean-Philippe RAMEAU, <u>Les Indes galantes<\/u>, Le jardin des fleurs, tendre amour (Sc.III)<\/p>\n<p><strong>Objectifs<\/strong>\u00a0: favoriser le processus de connexion et de reconnexion \u00e0 l\u2019\u00e9nergie du c\u0153ur, pour y puiser toute l\u2019\u00e9nergie n\u00e9cessaire permettant de g\u00e9rer les \u00e9motions au quotidien, dans la positivit\u00e9, m\u00eame quand les \u00e9v\u00e9nements sont contraires<\/p>\n<p><strong>Dur\u00e9e de l\u2019audio mp3<\/strong>\u00a0: 29 \u00a0minutes<\/p>\n<p><strong>Montage\u00a0&amp; cr\u00e9ation<\/strong>\u00a0: Lola LACROIX<\/p>\n<p><strong>El\u00e9ments <\/strong>:<\/p>\n<ul>\n<li>l\u2019audio mp3 mont\u00e9 avec musique<\/li>\n<\/ul>\n<p><strong>Conseils pratiques<\/strong> : la couleur associ\u00e9e au chakra du c\u0153ur est le vert, d\u00e9clin\u00e9 dans toutes ses nuances en commen\u00e7ant par le vert \u00e9meraude.\u00a0 Pour potentialiser l&rsquo;effet de ce soin, entourez-vous de belles pierres gu\u00e9risseuses vertes.\u00a0 Vous pouvez les porter en bijoux, ou sous forme de pyramide sur votre table (bureau, chevet, table de salon) ou encore sous forme de belle pierre roul\u00e9e dans votre sac, votre poche, que vous pourrez emporter partout avec vous.<\/p>\n","protected":false},"excerpt":{"rendered":"<p style=\"text-align: justify;\">Ouvrez et harmonisez votre chakra du c\u0153ur. Offrez-vous une parenth\u00e8se de douceur pour r\u00e9aligner votre centre \u00e9nerg\u00e9tique de l&rsquo;amour, de la bienveillance envers vous-m\u00eame et envers les autres. Ce soin, mont\u00e9 sur une grande musique dont la fr\u00e9quence vibre \u00e0 432 HZ, la fr\u00e9quence du bonheur, utilise divers niveaux de conscience et vise \u00e0 d\u00e9bloquer les \u00e9nergies stagnantes li\u00e9es aux blessures \u00e9motionnelles, au chagrin, au stress ou au manque d&rsquo;amour de soi. Ce soin est id\u00e9al si vous ressentez une fermeture \u00e9motionnelle, un besoin de pardonner ou si vous souhaitez simplement renforcer vos relations. En lib\u00e9rant l&rsquo;\u00e9nergie de l&rsquo;air par votre respiration (\u00e9l\u00e9ment associ\u00e9 au c\u0153ur), vous retrouverez un sentiment d&rsquo;espace int\u00e9rieur, de paix et de joie simple. L&rsquo;objectif est de lib\u00e9rer les tensions physiques et \u00e9motionnelles accumul\u00e9es, facilitant ainsi la circulation de l&rsquo;amour inconditionnel et de la compassion. Gr\u00e2ce \u00e0 ces moments de douceur, vous ressentirez la chaleur bienveillante d&rsquo;un c\u0153ur \u00e9quilibr\u00e9 et rayonnerez \u00e0 nouveau.<\/p>\n","protected":false},"featured_media":4066,"comment_status":"open","ping_status":"closed","template":"","meta":[],"product_brand":[],"product_cat":[155,17],"product_tag":[172,541,330,542,543,184],"mwb_booking_cost":[],"mwb_booking_service":[],"class_list":{"0":"post-4065","1":"product","2":"type-product","3":"status-publish","4":"has-post-thumbnail","6":"product_cat-02-soins-accueil","7":"product_cat-tous-les-produits","8":"product_tag-amour","9":"product_tag-bienveillance","10":"product_tag-chakra-du-coeur","11":"product_tag-guerison-du-coeur","12":"product_tag-ouverture-chakra-coeur","13":"product_tag-saint-valentin","15":"first","16":"instock","17":"downloadable","18":"virtual","19":"purchasable","20":"product-type-simple"},"yoast_head":"<!-- This site is optimized with the Yoast SEO plugin v27.4 - https:\/\/yoast.com\/product\/yoast-seo-wordpress\/ -->\n<title>ENERGIE &amp; VIBRATION D\u2019AMOUR : ouvrez et harmonisez votre chakra c\u0153ur - Spirit-US<\/title>\n<meta name=\"description\" content=\"Ouvrez et harmonisez votre chakra du c\u0153ur. Offrez-vous une parenth\u00e8se de douceur pour r\u00e9aligner votre centre \u00e9nerg\u00e9tique de l&#039;amour musique baroque\" \/>\n<meta name=\"robots\" content=\"index, follow, max-snippet:-1, max-image-preview:large, max-video-preview:-1\" \/>\n<link rel=\"canonical\" href=\"https:\/\/www.spirit-us.eu\/index.php\/produit\/vibration-damour-ouvrez-et-harmonisez-votre-chakra-coeur\/\" \/>\n<meta property=\"og:locale\" content=\"fr_FR\" \/>\n<meta property=\"og:type\" content=\"article\" \/>\n<meta property=\"og:title\" content=\"ENERGIE &amp; VIBRATION D\u2019AMOUR : ouvrez et harmonisez votre chakra c\u0153ur - Spirit-US\" \/>\n<meta property=\"og:description\" content=\"Ouvrez et harmonisez votre chakra du c\u0153ur. Offrez-vous une parenth\u00e8se de douceur pour r\u00e9aligner votre centre \u00e9nerg\u00e9tique de l&#039;amour musique baroque\" \/>\n<meta property=\"og:url\" content=\"https:\/\/www.spirit-us.eu\/index.php\/produit\/vibration-damour-ouvrez-et-harmonisez-votre-chakra-coeur\/\" \/>\n<meta property=\"og:site_name\" content=\"Spirit-US\" \/>\n<meta property=\"article:publisher\" content=\"https:\/\/www.facebook.com\/spirit.us.deum\" \/>\n<meta property=\"article:modified_time\" content=\"2026-03-21T11:44:41+00:00\" \/>\n<meta property=\"og:image\" content=\"https:\/\/www.spirit-us.eu\/wp-content\/uploads\/2026\/01\/vaibration-amour-avec-lumiere.png\" \/>\n\t<meta property=\"og:image:width\" content=\"1080\" \/>\n\t<meta property=\"og:image:height\" content=\"1080\" \/>\n\t<meta property=\"og:image:type\" content=\"image\/png\" \/>\n<meta name=\"twitter:card\" content=\"summary_large_image\" \/>\n<meta name=\"twitter:label1\" content=\"Dur\u00e9e de lecture estim\u00e9e\" \/>\n\t<meta name=\"twitter:data1\" content=\"1 minute\" \/>\n<script type=\"application\/ld+json\" class=\"yoast-schema-graph\">{\"@context\":\"https:\\\/\\\/schema.org\",\"@graph\":[{\"@type\":\"WebPage\",\"@id\":\"https:\\\/\\\/www.spirit-us.eu\\\/index.php\\\/produit\\\/vibration-damour-ouvrez-et-harmonisez-votre-chakra-coeur\\\/\",\"url\":\"https:\\\/\\\/www.spirit-us.eu\\\/index.php\\\/produit\\\/vibration-damour-ouvrez-et-harmonisez-votre-chakra-coeur\\\/\",\"name\":\"ENERGIE & VIBRATION D\u2019AMOUR : ouvrez et harmonisez votre chakra c\u0153ur - Spirit-US\",\"isPartOf\":{\"@id\":\"https:\\\/\\\/www.spirit-us.eu\\\/#website\"},\"primaryImageOfPage\":{\"@id\":\"https:\\\/\\\/www.spirit-us.eu\\\/index.php\\\/produit\\\/vibration-damour-ouvrez-et-harmonisez-votre-chakra-coeur\\\/#primaryimage\"},\"image\":{\"@id\":\"https:\\\/\\\/www.spirit-us.eu\\\/index.php\\\/produit\\\/vibration-damour-ouvrez-et-harmonisez-votre-chakra-coeur\\\/#primaryimage\"},\"thumbnailUrl\":\"https:\\\/\\\/www.spirit-us.eu\\\/wp-content\\\/uploads\\\/2026\\\/01\\\/vaibration-amour-avec-lumiere.png\",\"datePublished\":\"2026-01-24T10:54:55+00:00\",\"dateModified\":\"2026-03-21T11:44:41+00:00\",\"description\":\"Ouvrez et harmonisez votre chakra du c\u0153ur. Offrez-vous une parenth\u00e8se de douceur pour r\u00e9aligner votre centre \u00e9nerg\u00e9tique de l'amour musique baroque\",\"breadcrumb\":{\"@id\":\"https:\\\/\\\/www.spirit-us.eu\\\/index.php\\\/produit\\\/vibration-damour-ouvrez-et-harmonisez-votre-chakra-coeur\\\/#breadcrumb\"},\"inLanguage\":\"fr-FR\",\"potentialAction\":[{\"@type\":\"ReadAction\",\"target\":[\"https:\\\/\\\/www.spirit-us.eu\\\/index.php\\\/produit\\\/vibration-damour-ouvrez-et-harmonisez-votre-chakra-coeur\\\/\"]}]},{\"@type\":\"ImageObject\",\"inLanguage\":\"fr-FR\",\"@id\":\"https:\\\/\\\/www.spirit-us.eu\\\/index.php\\\/produit\\\/vibration-damour-ouvrez-et-harmonisez-votre-chakra-coeur\\\/#primaryimage\",\"url\":\"https:\\\/\\\/www.spirit-us.eu\\\/wp-content\\\/uploads\\\/2026\\\/01\\\/vaibration-amour-avec-lumiere.png\",\"contentUrl\":\"https:\\\/\\\/www.spirit-us.eu\\\/wp-content\\\/uploads\\\/2026\\\/01\\\/vaibration-amour-avec-lumiere.png\",\"width\":1080,\"height\":1080},{\"@type\":\"BreadcrumbList\",\"@id\":\"https:\\\/\\\/www.spirit-us.eu\\\/index.php\\\/produit\\\/vibration-damour-ouvrez-et-harmonisez-votre-chakra-coeur\\\/#breadcrumb\",\"itemListElement\":[{\"@type\":\"ListItem\",\"position\":1,\"name\":\"Accueil\",\"item\":\"https:\\\/\\\/www.spirit-us.eu\\\/\"},{\"@type\":\"ListItem\",\"position\":2,\"name\":\"Boutique\",\"item\":\"https:\\\/\\\/www.spirit-us.eu\\\/index.php\\\/boutique\\\/\"},{\"@type\":\"ListItem\",\"position\":3,\"name\":\"ENERGIE &#038; VIBRATION D\u2019AMOUR : ouvrez et harmonisez votre chakra c\u0153ur\"}]},{\"@type\":\"WebSite\",\"@id\":\"https:\\\/\\\/www.spirit-us.eu\\\/#website\",\"url\":\"https:\\\/\\\/www.spirit-us.eu\\\/\",\"name\":\"Spirit-US\",\"description\":\"\",\"publisher\":{\"@id\":\"https:\\\/\\\/www.spirit-us.eu\\\/#organization\"},\"potentialAction\":[{\"@type\":\"SearchAction\",\"target\":{\"@type\":\"EntryPoint\",\"urlTemplate\":\"https:\\\/\\\/www.spirit-us.eu\\\/?s={search_term_string}\"},\"query-input\":{\"@type\":\"PropertyValueSpecification\",\"valueRequired\":true,\"valueName\":\"search_term_string\"}}],\"inLanguage\":\"fr-FR\"},{\"@type\":\"Organization\",\"@id\":\"https:\\\/\\\/www.spirit-us.eu\\\/#organization\",\"name\":\"Spirit-US\",\"url\":\"https:\\\/\\\/www.spirit-us.eu\\\/\",\"logo\":{\"@type\":\"ImageObject\",\"inLanguage\":\"fr-FR\",\"@id\":\"https:\\\/\\\/www.spirit-us.eu\\\/#\\\/schema\\\/logo\\\/image\\\/\",\"url\":\"https:\\\/\\\/www.spirit-us.eu\\\/wp-content\\\/uploads\\\/2025\\\/11\\\/logo-regarde-linterlocutrice-sans-arrriere-plan.jpg\",\"contentUrl\":\"https:\\\/\\\/www.spirit-us.eu\\\/wp-content\\\/uploads\\\/2025\\\/11\\\/logo-regarde-linterlocutrice-sans-arrriere-plan.jpg\",\"width\":1080,\"height\":1080,\"caption\":\"Spirit-US\"},\"image\":{\"@id\":\"https:\\\/\\\/www.spirit-us.eu\\\/#\\\/schema\\\/logo\\\/image\\\/\"},\"sameAs\":[\"https:\\\/\\\/www.facebook.com\\\/spirit.us.deum\"]}]}<\/script>\n<!-- \/ Yoast SEO plugin. -->","yoast_head_json":{"title":"ENERGIE & VIBRATION D\u2019AMOUR : ouvrez et harmonisez votre chakra c\u0153ur - Spirit-US","description":"Ouvrez et harmonisez votre chakra du c\u0153ur. Offrez-vous une parenth\u00e8se de douceur pour r\u00e9aligner votre centre \u00e9nerg\u00e9tique de l'amour musique baroque","robots":{"index":"index","follow":"follow","max-snippet":"max-snippet:-1","max-image-preview":"max-image-preview:large","max-video-preview":"max-video-preview:-1"},"canonical":"https:\/\/www.spirit-us.eu\/index.php\/produit\/vibration-damour-ouvrez-et-harmonisez-votre-chakra-coeur\/","og_locale":"fr_FR","og_type":"article","og_title":"ENERGIE & VIBRATION D\u2019AMOUR : ouvrez et harmonisez votre chakra c\u0153ur - Spirit-US","og_description":"Ouvrez et harmonisez votre chakra du c\u0153ur. Offrez-vous une parenth\u00e8se de douceur pour r\u00e9aligner votre centre \u00e9nerg\u00e9tique de l'amour musique baroque","og_url":"https:\/\/www.spirit-us.eu\/index.php\/produit\/vibration-damour-ouvrez-et-harmonisez-votre-chakra-coeur\/","og_site_name":"Spirit-US","article_publisher":"https:\/\/www.facebook.com\/spirit.us.deum","article_modified_time":"2026-03-21T11:44:41+00:00","og_image":[{"width":1080,"height":1080,"url":"https:\/\/www.spirit-us.eu\/wp-content\/uploads\/2026\/01\/vaibration-amour-avec-lumiere.png","type":"image\/png"}],"twitter_card":"summary_large_image","twitter_misc":{"Dur\u00e9e de lecture estim\u00e9e":"1 minute"},"schema":{"@context":"https:\/\/schema.org","@graph":[{"@type":"WebPage","@id":"https:\/\/www.spirit-us.eu\/index.php\/produit\/vibration-damour-ouvrez-et-harmonisez-votre-chakra-coeur\/","url":"https:\/\/www.spirit-us.eu\/index.php\/produit\/vibration-damour-ouvrez-et-harmonisez-votre-chakra-coeur\/","name":"ENERGIE & VIBRATION D\u2019AMOUR : ouvrez et harmonisez votre chakra c\u0153ur - Spirit-US","isPartOf":{"@id":"https:\/\/www.spirit-us.eu\/#website"},"primaryImageOfPage":{"@id":"https:\/\/www.spirit-us.eu\/index.php\/produit\/vibration-damour-ouvrez-et-harmonisez-votre-chakra-coeur\/#primaryimage"},"image":{"@id":"https:\/\/www.spirit-us.eu\/index.php\/produit\/vibration-damour-ouvrez-et-harmonisez-votre-chakra-coeur\/#primaryimage"},"thumbnailUrl":"https:\/\/www.spirit-us.eu\/wp-content\/uploads\/2026\/01\/vaibration-amour-avec-lumiere.png","datePublished":"2026-01-24T10:54:55+00:00","dateModified":"2026-03-21T11:44:41+00:00","description":"Ouvrez et harmonisez votre chakra du c\u0153ur. Offrez-vous une parenth\u00e8se de douceur pour r\u00e9aligner votre centre \u00e9nerg\u00e9tique de l'amour musique baroque","breadcrumb":{"@id":"https:\/\/www.spirit-us.eu\/index.php\/produit\/vibration-damour-ouvrez-et-harmonisez-votre-chakra-coeur\/#breadcrumb"},"inLanguage":"fr-FR","potentialAction":[{"@type":"ReadAction","target":["https:\/\/www.spirit-us.eu\/index.php\/produit\/vibration-damour-ouvrez-et-harmonisez-votre-chakra-coeur\/"]}]},{"@type":"ImageObject","inLanguage":"fr-FR","@id":"https:\/\/www.spirit-us.eu\/index.php\/produit\/vibration-damour-ouvrez-et-harmonisez-votre-chakra-coeur\/#primaryimage","url":"https:\/\/www.spirit-us.eu\/wp-content\/uploads\/2026\/01\/vaibration-amour-avec-lumiere.png","contentUrl":"https:\/\/www.spirit-us.eu\/wp-content\/uploads\/2026\/01\/vaibration-amour-avec-lumiere.png","width":1080,"height":1080},{"@type":"BreadcrumbList","@id":"https:\/\/www.spirit-us.eu\/index.php\/produit\/vibration-damour-ouvrez-et-harmonisez-votre-chakra-coeur\/#breadcrumb","itemListElement":[{"@type":"ListItem","position":1,"name":"Accueil","item":"https:\/\/www.spirit-us.eu\/"},{"@type":"ListItem","position":2,"name":"Boutique","item":"https:\/\/www.spirit-us.eu\/index.php\/boutique\/"},{"@type":"ListItem","position":3,"name":"ENERGIE &#038; VIBRATION D\u2019AMOUR : ouvrez et harmonisez votre chakra c\u0153ur"}]},{"@type":"WebSite","@id":"https:\/\/www.spirit-us.eu\/#website","url":"https:\/\/www.spirit-us.eu\/","name":"Spirit-US","description":"","publisher":{"@id":"https:\/\/www.spirit-us.eu\/#organization"},"potentialAction":[{"@type":"SearchAction","target":{"@type":"EntryPoint","urlTemplate":"https:\/\/www.spirit-us.eu\/?s={search_term_string}"},"query-input":{"@type":"PropertyValueSpecification","valueRequired":true,"valueName":"search_term_string"}}],"inLanguage":"fr-FR"},{"@type":"Organization","@id":"https:\/\/www.spirit-us.eu\/#organization","name":"Spirit-US","url":"https:\/\/www.spirit-us.eu\/","logo":{"@type":"ImageObject","inLanguage":"fr-FR","@id":"https:\/\/www.spirit-us.eu\/#\/schema\/logo\/image\/","url":"https:\/\/www.spirit-us.eu\/wp-content\/uploads\/2025\/11\/logo-regarde-linterlocutrice-sans-arrriere-plan.jpg","contentUrl":"https:\/\/www.spirit-us.eu\/wp-content\/uploads\/2025\/11\/logo-regarde-linterlocutrice-sans-arrriere-plan.jpg","width":1080,"height":1080,"caption":"Spirit-US"},"image":{"@id":"https:\/\/www.spirit-us.eu\/#\/schema\/logo\/image\/"},"sameAs":["https:\/\/www.facebook.com\/spirit.us.deum"]}]}},"jetpack_sharing_enabled":true,"_links":{"self":[{"href":"https:\/\/www.spirit-us.eu\/index.php\/wp-json\/wp\/v2\/product\/4065","targetHints":{"allow":["GET"]}}],"collection":[{"href":"https:\/\/www.spirit-us.eu\/index.php\/wp-json\/wp\/v2\/product"}],"about":[{"href":"https:\/\/www.spirit-us.eu\/index.php\/wp-json\/wp\/v2\/types\/product"}],"replies":[{"embeddable":true,"href":"https:\/\/www.spirit-us.eu\/index.php\/wp-json\/wp\/v2\/comments?post=4065"}],"wp:featuredmedia":[{"embeddable":true,"href":"https:\/\/www.spirit-us.eu\/index.php\/wp-json\/wp\/v2\/media\/4066"}],"wp:attachment":[{"href":"https:\/\/www.spirit-us.eu\/index.php\/wp-json\/wp\/v2\/media?parent=4065"}],"wp:term":[{"taxonomy":"product_brand","embeddable":true,"href":"https:\/\/www.spirit-us.eu\/index.php\/wp-json\/wp\/v2\/product_brand?post=4065"},{"taxonomy":"product_cat","embeddable":true,"href":"https:\/\/www.spirit-us.eu\/index.php\/wp-json\/wp\/v2\/product_cat?post=4065"},{"taxonomy":"product_tag","embeddable":true,"href":"https:\/\/www.spirit-us.eu\/index.php\/wp-json\/wp\/v2\/product_tag?post=4065"},{"taxonomy":"mwb_booking_cost","embeddable":true,"href":"https:\/\/www.spirit-us.eu\/index.php\/wp-json\/wp\/v2\/mwb_booking_cost?post=4065"},{"taxonomy":"mwb_booking_service","embeddable":true,"href":"https:\/\/www.spirit-us.eu\/index.php\/wp-json\/wp\/v2\/mwb_booking_service?post=4065"}],"curies":[{"name":"wp","href":"https:\/\/api.w.org\/{rel}","templated":true}]}}