{"id":405,"date":"2025-01-31T11:08:58","date_gmt":"2025-01-31T10:08:58","guid":{"rendered":"https:\/\/www.spirit-us.eu\/?post_type=product&#038;p=405"},"modified":"2025-12-17T10:51:33","modified_gmt":"2025-12-17T09:51:33","slug":"bracelet-traditionnel-en-lapis-lazuli","status":"publish","type":"product","link":"https:\/\/www.spirit-us.eu\/index.php\/produit\/bracelet-traditionnel-en-lapis-lazuli\/","title":{"rendered":"Bracelet traditionnel en lapis lazuli"},"content":{"rendered":"<p>Ce bijou se porte en tout temps, et il peut \u00e9galement s\u2019av\u00e9rer b\u00e9n\u00e9fique pour accompagner des soins de d\u00e9blocage ou de protection du chakra de la gorge. Il accompagner aussi toute personne dont le m\u00e9tier est la parole et la communication.<\/p>\n<p>Ses recteurs sont l\u2019archange saint Michel et saint Fran\u00e7ois de Sales, patron des communications actuelles.<\/p>\n<p>Vous connaissez quelqu\u2019un de cher ayant des probl\u00e8mes de gorge\u00a0? Ce bijou magnifique peut \u00eatre un cadeau bienveillant \u00e0 lui offrir\u00a0: il allie beaut\u00e9, esth\u00e9tique et gentille attention.<\/p>\n<p><strong>Le lapis lazuli<\/strong><\/p>\n<p>C\u2019est l\u2019une des pierres qui transporte le plus de l\u00e9gendes et de mythes. Pierre de protection associ\u00e9e \u00e0 l\u2019archange Mika\u00ebl, v\u00e9hiculant des \u00e9nergies puissantes, aux vertus lithoth\u00e9rapeutiques ayant le pouvoir d\u2019accompagner un processus de soin de la communication lorsqu\u2019elle est en souffrance.<\/p>\n<p>Les premi\u00e8res traces de cette fabuleuse pierre bleue remontent \u00e0 moins 7 000 ans avant J\u00e9sus-Christ.\u202f\u00a0 Le lapis lazuli est une roche m\u00e9tamorphique avec des variations dans sa composition. Appartenant \u00e0 la famille des silicates, le lapis lazuli est constitu\u00e9 de calcaire et d\u2019environ 20 \u00e0 40 % de lazurite. C\u2019est cette pr\u00e9sence de lazurite qui conf\u00e8re \u00e0 la pierre sa belle couleur bleu profond.\u202f Elle contient aussi des veines de pyrite, qui lui donnent des \u00e9clats dor\u00e9s. La pyrite est aussi un \u00e9l\u00e9ment d\u2019attraction de bonnes \u00e9nergies.<\/p>\n<p>Le nom de cette pierre provient du latin <em>lapis<\/em> (pierre) et <em>lazuli<\/em> (azur, bleu). Litt\u00e9ralement, la traduction de son nom est \u201cpierre d\u2019azur\u201d. De nos jours, ce pigment en lapis lazuli est toujours disponible et peut atteindre le prix de 20 000 \u20ac le kg. Le prix varie en fonction de sa qualit\u00e9 et de sa provenance\u00a0: Br\u00e9sil, Syrie ou Afghanistan.<\/p>\n<p><strong>Ses bienfaits sur le plan psychique\u00a0<\/strong><\/p>\n<p>Le lapis lazuli est une pierre d\u2019ouverture aux autres. Elle d\u00e9veloppe la communication et facilite les \u00e9changes amicaux. Elle permet ainsi de surmonter sa timidit\u00e9. Elle encourage \u00e0 s\u2019exprimer sans retenue, sans craindre les reproches, ni les critiques.<\/p>\n<p>Cette pierre procure l\u2019assurance n\u00e9cessaire pour prendre en main sa vie et ne plus subir la domination de personne. Elle redonne confiance en soi et engendre une gu\u00e9rison \u00e9motionnelle.<\/p>\n<p>Le bleu repr\u00e9sente la s\u00e9r\u00e9nit\u00e9 : cette pierre apporte le calme, refoule les \u00e9motions n\u00e9gatives et lutte contre le stress. Le lapis lazuli aide \u00e0 combattre l\u2019anxi\u00e9t\u00e9, les peurs enfouies et les traumatismes du pass\u00e9. Elle est recommand\u00e9e lors d\u2019\u00e9pisodes de tristesse intense.<\/p>\n<p>Le lapis lazuli est une pierre de stimulation intellectuelle et artistique. Elle d\u00e9veloppe l\u2019imagination, l\u2019ing\u00e9niosit\u00e9 et la cr\u00e9ativit\u00e9. Ainsi, elle convient parfaitement \u00e0 toutes les personnes qui ont besoin de cr\u00e9er (artistes, \u00e9crivains, auteurs, compositeurs, etc.).<\/p>\n<p>Cette pierre permet de diffuser de la tendresse, de la bienveillance et du bonheur. Elle facilite l\u2019introspection et aide \u00e0 identifier les probl\u00e8mes d&rsquo;ordre psycho-\u00e9motionnels.<\/p>\n<p>Le lapis lazuli est d&rsquo;une aide pr\u00e9cieuse lors de p\u00e9riodes compliqu\u00e9es, telles qu\u2019un divorce, la perte d\u2019un \u00eatre cher, un renvoi professionnel, une maladie li\u00e9e au chakra de la gorge, etc.<\/p>\n","protected":false},"excerpt":{"rendered":"<p>Tr\u00e8s joli bracelet traditionnel en lapis lazuli\u00a0: pierre de protection et de purification, dans les \u00e9nergies de saint Michel archange.<\/p>\n<p><strong>Type\u00a0<\/strong>: bracelets, bracelet de perles en pierres, bijoux<\/p>\n<p><strong>Pierre\u00a0<\/strong>: lapis lazuli<\/p>\n<p><strong>Qualit\u00e9<\/strong>\u00a0: AA (tr\u00e8s \u00e9lev\u00e9e)<\/p>\n<p><strong>Couleur<\/strong>\u00a0: bleu profond, gris-bleut\u00e9, vein\u00e9 de dor\u00e9<\/p>\n<p><strong>Taille\u00a0<\/strong>: tour de poignet, 16-18cm<\/p>\n<p><strong>Taille des perles<\/strong>\u00a0: +\/- 0,5mm<\/p>\n<p>La couleur, la taille et la forme peuvent varier tr\u00e8s l\u00e9g\u00e8rement parce que ce bijou est 100% manufactur\u00e9.<\/p>\n","protected":false},"featured_media":406,"comment_status":"open","ping_status":"closed","template":"","meta":[],"product_brand":[],"product_cat":[156,460,17],"product_tag":[167],"mwb_booking_cost":[],"mwb_booking_service":[],"class_list":{"0":"post-405","1":"product","2":"type-product","3":"status-publish","4":"has-post-thumbnail","6":"product_cat-04-bijoux","7":"product_cat-bracelets","8":"product_cat-tous-les-produits","9":"product_tag-bleu","11":"first","12":"instock","13":"shipping-taxable","14":"purchasable","15":"product-type-simple"},"yoast_head":"<!-- This site is optimized with the Yoast SEO plugin v27.1.1 - https:\/\/yoast.com\/product\/yoast-seo-wordpress\/ -->\n<title>Bracelet traditionnel en lapis lazuli - Spirit-US<\/title>\n<meta name=\"robots\" content=\"index, follow, max-snippet:-1, max-image-preview:large, max-video-preview:-1\" \/>\n<link rel=\"canonical\" href=\"https:\/\/www.spirit-us.eu\/index.php\/produit\/bracelet-traditionnel-en-lapis-lazuli\/\" \/>\n<meta property=\"og:locale\" content=\"fr_FR\" \/>\n<meta property=\"og:type\" content=\"article\" \/>\n<meta property=\"og:title\" content=\"Bracelet traditionnel en lapis lazuli - Spirit-US\" \/>\n<meta property=\"og:description\" content=\"Tr\u00e8s joli bracelet traditionnel en lapis lazuli\u00a0: pierre de protection et de purification, dans les \u00e9nergies de saint Michel archange.  Type\u00a0: bracelets, bracelet de perles en pierres, bijoux  Pierre\u00a0: lapis lazuli  Qualit\u00e9\u00a0: AA (tr\u00e8s \u00e9lev\u00e9e)  Couleur\u00a0: bleu profond, gris-bleut\u00e9, vein\u00e9 de dor\u00e9  Taille\u00a0: tour de poignet, 16-18cm  Taille des perles\u00a0: +\/- 0,5mm  La couleur, la taille et la forme peuvent varier tr\u00e8s l\u00e9g\u00e8rement parce que ce bijou est 100% manufactur\u00e9.\" \/>\n<meta property=\"og:url\" content=\"https:\/\/www.spirit-us.eu\/index.php\/produit\/bracelet-traditionnel-en-lapis-lazuli\/\" \/>\n<meta property=\"og:site_name\" content=\"Spirit-US\" \/>\n<meta property=\"article:publisher\" content=\"https:\/\/www.facebook.com\/spirit.us.deum\" \/>\n<meta property=\"article:modified_time\" content=\"2025-12-17T09:51:33+00:00\" \/>\n<meta property=\"og:image\" content=\"https:\/\/www.spirit-us.eu\/wp-content\/uploads\/2025\/01\/bracelet-sans-fond.png\" \/>\n\t<meta property=\"og:image:width\" content=\"1080\" \/>\n\t<meta property=\"og:image:height\" content=\"1080\" \/>\n\t<meta property=\"og:image:type\" content=\"image\/png\" \/>\n<meta name=\"twitter:card\" content=\"summary_large_image\" \/>\n<meta name=\"twitter:label1\" content=\"Dur\u00e9e de lecture estim\u00e9e\" \/>\n\t<meta name=\"twitter:data1\" content=\"3 minutes\" \/>\n<script type=\"application\/ld+json\" class=\"yoast-schema-graph\">{\"@context\":\"https:\/\/schema.org\",\"@graph\":[{\"@type\":\"WebPage\",\"@id\":\"https:\/\/www.spirit-us.eu\/index.php\/produit\/bracelet-traditionnel-en-lapis-lazuli\/\",\"url\":\"https:\/\/www.spirit-us.eu\/index.php\/produit\/bracelet-traditionnel-en-lapis-lazuli\/\",\"name\":\"Bracelet traditionnel en lapis lazuli - Spirit-US\",\"isPartOf\":{\"@id\":\"https:\/\/www.spirit-us.eu\/#website\"},\"primaryImageOfPage\":{\"@id\":\"https:\/\/www.spirit-us.eu\/index.php\/produit\/bracelet-traditionnel-en-lapis-lazuli\/#primaryimage\"},\"image\":{\"@id\":\"https:\/\/www.spirit-us.eu\/index.php\/produit\/bracelet-traditionnel-en-lapis-lazuli\/#primaryimage\"},\"thumbnailUrl\":\"https:\/\/www.spirit-us.eu\/wp-content\/uploads\/2025\/01\/bracelet-sans-fond.png\",\"datePublished\":\"2025-01-31T10:08:58+00:00\",\"dateModified\":\"2025-12-17T09:51:33+00:00\",\"breadcrumb\":{\"@id\":\"https:\/\/www.spirit-us.eu\/index.php\/produit\/bracelet-traditionnel-en-lapis-lazuli\/#breadcrumb\"},\"inLanguage\":\"fr-FR\",\"potentialAction\":[{\"@type\":\"ReadAction\",\"target\":[\"https:\/\/www.spirit-us.eu\/index.php\/produit\/bracelet-traditionnel-en-lapis-lazuli\/\"]}]},{\"@type\":\"ImageObject\",\"inLanguage\":\"fr-FR\",\"@id\":\"https:\/\/www.spirit-us.eu\/index.php\/produit\/bracelet-traditionnel-en-lapis-lazuli\/#primaryimage\",\"url\":\"https:\/\/www.spirit-us.eu\/wp-content\/uploads\/2025\/01\/bracelet-sans-fond.png\",\"contentUrl\":\"https:\/\/www.spirit-us.eu\/wp-content\/uploads\/2025\/01\/bracelet-sans-fond.png\",\"width\":1080,\"height\":1080},{\"@type\":\"BreadcrumbList\",\"@id\":\"https:\/\/www.spirit-us.eu\/index.php\/produit\/bracelet-traditionnel-en-lapis-lazuli\/#breadcrumb\",\"itemListElement\":[{\"@type\":\"ListItem\",\"position\":1,\"name\":\"Accueil\",\"item\":\"https:\/\/www.spirit-us.eu\/\"},{\"@type\":\"ListItem\",\"position\":2,\"name\":\"Boutique\",\"item\":\"https:\/\/www.spirit-us.eu\/index.php\/boutique\/\"},{\"@type\":\"ListItem\",\"position\":3,\"name\":\"Bracelet traditionnel en lapis lazuli\"}]},{\"@type\":\"WebSite\",\"@id\":\"https:\/\/www.spirit-us.eu\/#website\",\"url\":\"https:\/\/www.spirit-us.eu\/\",\"name\":\"Spirit-US\",\"description\":\"\",\"publisher\":{\"@id\":\"https:\/\/www.spirit-us.eu\/#organization\"},\"potentialAction\":[{\"@type\":\"SearchAction\",\"target\":{\"@type\":\"EntryPoint\",\"urlTemplate\":\"https:\/\/www.spirit-us.eu\/?s={search_term_string}\"},\"query-input\":{\"@type\":\"PropertyValueSpecification\",\"valueRequired\":true,\"valueName\":\"search_term_string\"}}],\"inLanguage\":\"fr-FR\"},{\"@type\":\"Organization\",\"@id\":\"https:\/\/www.spirit-us.eu\/#organization\",\"name\":\"Spirit-US\",\"url\":\"https:\/\/www.spirit-us.eu\/\",\"logo\":{\"@type\":\"ImageObject\",\"inLanguage\":\"fr-FR\",\"@id\":\"https:\/\/www.spirit-us.eu\/#\/schema\/logo\/image\/\",\"url\":\"https:\/\/www.spirit-us.eu\/wp-content\/uploads\/2025\/11\/logo-regarde-linterlocutrice-sans-arrriere-plan.jpg\",\"contentUrl\":\"https:\/\/www.spirit-us.eu\/wp-content\/uploads\/2025\/11\/logo-regarde-linterlocutrice-sans-arrriere-plan.jpg\",\"width\":1080,\"height\":1080,\"caption\":\"Spirit-US\"},\"image\":{\"@id\":\"https:\/\/www.spirit-us.eu\/#\/schema\/logo\/image\/\"},\"sameAs\":[\"https:\/\/www.facebook.com\/spirit.us.deum\"]}]}<\/script>\n<!-- \/ Yoast SEO plugin. -->","yoast_head_json":{"title":"Bracelet traditionnel en lapis lazuli - Spirit-US","robots":{"index":"index","follow":"follow","max-snippet":"max-snippet:-1","max-image-preview":"max-image-preview:large","max-video-preview":"max-video-preview:-1"},"canonical":"https:\/\/www.spirit-us.eu\/index.php\/produit\/bracelet-traditionnel-en-lapis-lazuli\/","og_locale":"fr_FR","og_type":"article","og_title":"Bracelet traditionnel en lapis lazuli - Spirit-US","og_description":"Tr\u00e8s joli bracelet traditionnel en lapis lazuli\u00a0: pierre de protection et de purification, dans les \u00e9nergies de saint Michel archange.  Type\u00a0: bracelets, bracelet de perles en pierres, bijoux  Pierre\u00a0: lapis lazuli  Qualit\u00e9\u00a0: AA (tr\u00e8s \u00e9lev\u00e9e)  Couleur\u00a0: bleu profond, gris-bleut\u00e9, vein\u00e9 de dor\u00e9  Taille\u00a0: tour de poignet, 16-18cm  Taille des perles\u00a0: +\/- 0,5mm  La couleur, la taille et la forme peuvent varier tr\u00e8s l\u00e9g\u00e8rement parce que ce bijou est 100% manufactur\u00e9.","og_url":"https:\/\/www.spirit-us.eu\/index.php\/produit\/bracelet-traditionnel-en-lapis-lazuli\/","og_site_name":"Spirit-US","article_publisher":"https:\/\/www.facebook.com\/spirit.us.deum","article_modified_time":"2025-12-17T09:51:33+00:00","og_image":[{"width":1080,"height":1080,"url":"https:\/\/www.spirit-us.eu\/wp-content\/uploads\/2025\/01\/bracelet-sans-fond.png","type":"image\/png"}],"twitter_card":"summary_large_image","twitter_misc":{"Dur\u00e9e de lecture estim\u00e9e":"3 minutes"},"schema":{"@context":"https:\/\/schema.org","@graph":[{"@type":"WebPage","@id":"https:\/\/www.spirit-us.eu\/index.php\/produit\/bracelet-traditionnel-en-lapis-lazuli\/","url":"https:\/\/www.spirit-us.eu\/index.php\/produit\/bracelet-traditionnel-en-lapis-lazuli\/","name":"Bracelet traditionnel en lapis lazuli - Spirit-US","isPartOf":{"@id":"https:\/\/www.spirit-us.eu\/#website"},"primaryImageOfPage":{"@id":"https:\/\/www.spirit-us.eu\/index.php\/produit\/bracelet-traditionnel-en-lapis-lazuli\/#primaryimage"},"image":{"@id":"https:\/\/www.spirit-us.eu\/index.php\/produit\/bracelet-traditionnel-en-lapis-lazuli\/#primaryimage"},"thumbnailUrl":"https:\/\/www.spirit-us.eu\/wp-content\/uploads\/2025\/01\/bracelet-sans-fond.png","datePublished":"2025-01-31T10:08:58+00:00","dateModified":"2025-12-17T09:51:33+00:00","breadcrumb":{"@id":"https:\/\/www.spirit-us.eu\/index.php\/produit\/bracelet-traditionnel-en-lapis-lazuli\/#breadcrumb"},"inLanguage":"fr-FR","potentialAction":[{"@type":"ReadAction","target":["https:\/\/www.spirit-us.eu\/index.php\/produit\/bracelet-traditionnel-en-lapis-lazuli\/"]}]},{"@type":"ImageObject","inLanguage":"fr-FR","@id":"https:\/\/www.spirit-us.eu\/index.php\/produit\/bracelet-traditionnel-en-lapis-lazuli\/#primaryimage","url":"https:\/\/www.spirit-us.eu\/wp-content\/uploads\/2025\/01\/bracelet-sans-fond.png","contentUrl":"https:\/\/www.spirit-us.eu\/wp-content\/uploads\/2025\/01\/bracelet-sans-fond.png","width":1080,"height":1080},{"@type":"BreadcrumbList","@id":"https:\/\/www.spirit-us.eu\/index.php\/produit\/bracelet-traditionnel-en-lapis-lazuli\/#breadcrumb","itemListElement":[{"@type":"ListItem","position":1,"name":"Accueil","item":"https:\/\/www.spirit-us.eu\/"},{"@type":"ListItem","position":2,"name":"Boutique","item":"https:\/\/www.spirit-us.eu\/index.php\/boutique\/"},{"@type":"ListItem","position":3,"name":"Bracelet traditionnel en lapis lazuli"}]},{"@type":"WebSite","@id":"https:\/\/www.spirit-us.eu\/#website","url":"https:\/\/www.spirit-us.eu\/","name":"Spirit-US","description":"","publisher":{"@id":"https:\/\/www.spirit-us.eu\/#organization"},"potentialAction":[{"@type":"SearchAction","target":{"@type":"EntryPoint","urlTemplate":"https:\/\/www.spirit-us.eu\/?s={search_term_string}"},"query-input":{"@type":"PropertyValueSpecification","valueRequired":true,"valueName":"search_term_string"}}],"inLanguage":"fr-FR"},{"@type":"Organization","@id":"https:\/\/www.spirit-us.eu\/#organization","name":"Spirit-US","url":"https:\/\/www.spirit-us.eu\/","logo":{"@type":"ImageObject","inLanguage":"fr-FR","@id":"https:\/\/www.spirit-us.eu\/#\/schema\/logo\/image\/","url":"https:\/\/www.spirit-us.eu\/wp-content\/uploads\/2025\/11\/logo-regarde-linterlocutrice-sans-arrriere-plan.jpg","contentUrl":"https:\/\/www.spirit-us.eu\/wp-content\/uploads\/2025\/11\/logo-regarde-linterlocutrice-sans-arrriere-plan.jpg","width":1080,"height":1080,"caption":"Spirit-US"},"image":{"@id":"https:\/\/www.spirit-us.eu\/#\/schema\/logo\/image\/"},"sameAs":["https:\/\/www.facebook.com\/spirit.us.deum"]}]}},"jetpack_sharing_enabled":true,"_links":{"self":[{"href":"https:\/\/www.spirit-us.eu\/index.php\/wp-json\/wp\/v2\/product\/405","targetHints":{"allow":["GET"]}}],"collection":[{"href":"https:\/\/www.spirit-us.eu\/index.php\/wp-json\/wp\/v2\/product"}],"about":[{"href":"https:\/\/www.spirit-us.eu\/index.php\/wp-json\/wp\/v2\/types\/product"}],"replies":[{"embeddable":true,"href":"https:\/\/www.spirit-us.eu\/index.php\/wp-json\/wp\/v2\/comments?post=405"}],"wp:featuredmedia":[{"embeddable":true,"href":"https:\/\/www.spirit-us.eu\/index.php\/wp-json\/wp\/v2\/media\/406"}],"wp:attachment":[{"href":"https:\/\/www.spirit-us.eu\/index.php\/wp-json\/wp\/v2\/media?parent=405"}],"wp:term":[{"taxonomy":"product_brand","embeddable":true,"href":"https:\/\/www.spirit-us.eu\/index.php\/wp-json\/wp\/v2\/product_brand?post=405"},{"taxonomy":"product_cat","embeddable":true,"href":"https:\/\/www.spirit-us.eu\/index.php\/wp-json\/wp\/v2\/product_cat?post=405"},{"taxonomy":"product_tag","embeddable":true,"href":"https:\/\/www.spirit-us.eu\/index.php\/wp-json\/wp\/v2\/product_tag?post=405"},{"taxonomy":"mwb_booking_cost","embeddable":true,"href":"https:\/\/www.spirit-us.eu\/index.php\/wp-json\/wp\/v2\/mwb_booking_cost?post=405"},{"taxonomy":"mwb_booking_service","embeddable":true,"href":"https:\/\/www.spirit-us.eu\/index.php\/wp-json\/wp\/v2\/mwb_booking_service?post=405"}],"curies":[{"name":"wp","href":"https:\/\/api.w.org\/{rel}","templated":true}]}}