{"id":3999,"date":"2026-01-22T15:13:03","date_gmt":"2026-01-22T14:13:03","guid":{"rendered":"https:\/\/www.spirit-us.eu\/?post_type=product&#038;p=3999"},"modified":"2026-02-04T09:34:58","modified_gmt":"2026-02-04T08:34:58","slug":"boucles-doreilles-coeur-de-perles","status":"publish","type":"product","link":"https:\/\/www.spirit-us.eu\/index.php\/produit\/boucles-doreilles-coeur-de-perles\/","title":{"rendered":"BOUCLES d&rsquo;oreilles C\u0152UR DE PERLES"},"content":{"rendered":"<p><strong>Mat\u00e9riaux\u00a0<\/strong>: acier et perle synth\u00e9tiques en forme de c\u0153ur tout simple<\/p>\n<p><strong>Dimensions<\/strong>\u00a0: hauteur du bijou 2,5 cm \u2013 largeur 3,2 cm<\/p>\n<p><strong>Motif<\/strong> : c\u0153ur<\/p>\n<p>Pr\u00e9cautions d&#8217;emploi : la nacre qui recouvre le bijou est sensibles aux laques, aux parfums et aux sprays.\u00a0 Il est donc conseill\u00e9 mettre les boucles en tout dernier lieu, comme touche finale \u00e0 votre tenue et en tout cas, si vous en utilisez apr\u00e8s avoir utilis\u00e9 vos sprays habituels.<\/p>\n<p><strong>Pr\u00e9sentation<\/strong> : livr\u00e9 dans un coffret assorti \u00e0 la perle<\/p>\n","protected":false},"excerpt":{"rendered":"<p style=\"text-align: justify;\">Tr\u00e8s jolies boucles d\u2019oreilles en m\u00e9tal dor\u00e9 et perle, qui sont du plus bel effet avec toute tenue et toute coiffure.\u00a0 Ce sont des pendants d&rsquo;oreilles en forme de coeur tout simple, discrets. Convient en toute circonstance. El\u00e9gance garantie. Beau cadeau d&rsquo;amour \u00e0 faire \u00e0 certaines occasions, dont la saint Valentin, vient en t\u00eate de liste, mais aussi pour la f\u00eate des m\u00e8res, un anniversaire ou No\u00ebl.\u00a0 Ou juste &#8230; pour lui dire que vous l&rsquo;aimez !<\/p>\n","protected":false},"featured_media":4018,"comment_status":"open","ping_status":"closed","template":"","meta":[],"product_brand":[],"product_cat":[156,461],"product_tag":[172,339,184],"mwb_booking_cost":[],"mwb_booking_service":[],"class_list":{"0":"post-3999","1":"product","2":"type-product","3":"status-publish","4":"has-post-thumbnail","6":"product_cat-04-bijoux","7":"product_cat-007-boucles-doreilles","8":"product_tag-amour","9":"product_tag-douceur","10":"product_tag-saint-valentin","12":"first","13":"instock","14":"shipping-taxable","15":"purchasable","16":"product-type-simple"},"yoast_head":"<!-- This site is optimized with the Yoast SEO plugin v27.1.1 - https:\/\/yoast.com\/product\/yoast-seo-wordpress\/ -->\n<title>BOUCLES d&#039;oreilles C\u0152UR DE PERLES - Spirit-US<\/title>\n<meta name=\"robots\" content=\"index, follow, max-snippet:-1, max-image-preview:large, max-video-preview:-1\" \/>\n<link rel=\"canonical\" href=\"https:\/\/www.spirit-us.eu\/index.php\/produit\/boucles-doreilles-coeur-de-perles\/\" \/>\n<meta property=\"og:locale\" content=\"fr_FR\" \/>\n<meta property=\"og:type\" content=\"article\" \/>\n<meta property=\"og:title\" content=\"BOUCLES d&#039;oreilles C\u0152UR DE PERLES - Spirit-US\" \/>\n<meta property=\"og:description\" content=\"Tr\u00e8s jolies boucles d\u2019oreilles en m\u00e9tal dor\u00e9 et perle, qui sont du plus bel effet avec toute tenue et toute coiffure.\u00a0 Ce sont des pendants d&#039;oreilles en forme de coeur tout simple, discrets. Convient en toute circonstance. El\u00e9gance garantie. Beau cadeau d&#039;amour \u00e0 faire \u00e0 certaines occasions, dont la saint Valentin, vient en t\u00eate de liste, mais aussi pour la f\u00eate des m\u00e8res, un anniversaire ou No\u00ebl.\u00a0 Ou juste ... pour lui dire que vous l&#039;aimez !\" \/>\n<meta property=\"og:url\" content=\"https:\/\/www.spirit-us.eu\/index.php\/produit\/boucles-doreilles-coeur-de-perles\/\" \/>\n<meta property=\"og:site_name\" content=\"Spirit-US\" \/>\n<meta property=\"article:publisher\" content=\"https:\/\/www.facebook.com\/spirit.us.deum\" \/>\n<meta property=\"article:modified_time\" content=\"2026-02-04T08:34:58+00:00\" \/>\n<meta property=\"og:image\" content=\"https:\/\/www.spirit-us.eu\/wp-content\/uploads\/2026\/01\/petits-coeur-sur-noisetier-corrige.png\" \/>\n\t<meta property=\"og:image:width\" content=\"1080\" \/>\n\t<meta property=\"og:image:height\" content=\"1080\" \/>\n\t<meta property=\"og:image:type\" content=\"image\/png\" \/>\n<meta name=\"twitter:card\" content=\"summary_large_image\" \/>\n<meta name=\"twitter:label1\" content=\"Dur\u00e9e de lecture estim\u00e9e\" \/>\n\t<meta name=\"twitter:data1\" content=\"1 minute\" \/>\n<script type=\"application\/ld+json\" class=\"yoast-schema-graph\">{\"@context\":\"https:\/\/schema.org\",\"@graph\":[{\"@type\":\"WebPage\",\"@id\":\"https:\/\/www.spirit-us.eu\/index.php\/produit\/boucles-doreilles-coeur-de-perles\/\",\"url\":\"https:\/\/www.spirit-us.eu\/index.php\/produit\/boucles-doreilles-coeur-de-perles\/\",\"name\":\"BOUCLES d'oreilles C\u0152UR DE PERLES - Spirit-US\",\"isPartOf\":{\"@id\":\"https:\/\/www.spirit-us.eu\/#website\"},\"primaryImageOfPage\":{\"@id\":\"https:\/\/www.spirit-us.eu\/index.php\/produit\/boucles-doreilles-coeur-de-perles\/#primaryimage\"},\"image\":{\"@id\":\"https:\/\/www.spirit-us.eu\/index.php\/produit\/boucles-doreilles-coeur-de-perles\/#primaryimage\"},\"thumbnailUrl\":\"https:\/\/www.spirit-us.eu\/wp-content\/uploads\/2026\/01\/petits-coeur-sur-noisetier-corrige.png\",\"datePublished\":\"2026-01-22T14:13:03+00:00\",\"dateModified\":\"2026-02-04T08:34:58+00:00\",\"breadcrumb\":{\"@id\":\"https:\/\/www.spirit-us.eu\/index.php\/produit\/boucles-doreilles-coeur-de-perles\/#breadcrumb\"},\"inLanguage\":\"fr-FR\",\"potentialAction\":[{\"@type\":\"ReadAction\",\"target\":[\"https:\/\/www.spirit-us.eu\/index.php\/produit\/boucles-doreilles-coeur-de-perles\/\"]}]},{\"@type\":\"ImageObject\",\"inLanguage\":\"fr-FR\",\"@id\":\"https:\/\/www.spirit-us.eu\/index.php\/produit\/boucles-doreilles-coeur-de-perles\/#primaryimage\",\"url\":\"https:\/\/www.spirit-us.eu\/wp-content\/uploads\/2026\/01\/petits-coeur-sur-noisetier-corrige.png\",\"contentUrl\":\"https:\/\/www.spirit-us.eu\/wp-content\/uploads\/2026\/01\/petits-coeur-sur-noisetier-corrige.png\",\"width\":1080,\"height\":1080},{\"@type\":\"BreadcrumbList\",\"@id\":\"https:\/\/www.spirit-us.eu\/index.php\/produit\/boucles-doreilles-coeur-de-perles\/#breadcrumb\",\"itemListElement\":[{\"@type\":\"ListItem\",\"position\":1,\"name\":\"Accueil\",\"item\":\"https:\/\/www.spirit-us.eu\/\"},{\"@type\":\"ListItem\",\"position\":2,\"name\":\"Boutique\",\"item\":\"https:\/\/www.spirit-us.eu\/index.php\/boutique\/\"},{\"@type\":\"ListItem\",\"position\":3,\"name\":\"BOUCLES d&rsquo;oreilles C\u0152UR DE PERLES\"}]},{\"@type\":\"WebSite\",\"@id\":\"https:\/\/www.spirit-us.eu\/#website\",\"url\":\"https:\/\/www.spirit-us.eu\/\",\"name\":\"Spirit-US\",\"description\":\"\",\"publisher\":{\"@id\":\"https:\/\/www.spirit-us.eu\/#organization\"},\"potentialAction\":[{\"@type\":\"SearchAction\",\"target\":{\"@type\":\"EntryPoint\",\"urlTemplate\":\"https:\/\/www.spirit-us.eu\/?s={search_term_string}\"},\"query-input\":{\"@type\":\"PropertyValueSpecification\",\"valueRequired\":true,\"valueName\":\"search_term_string\"}}],\"inLanguage\":\"fr-FR\"},{\"@type\":\"Organization\",\"@id\":\"https:\/\/www.spirit-us.eu\/#organization\",\"name\":\"Spirit-US\",\"url\":\"https:\/\/www.spirit-us.eu\/\",\"logo\":{\"@type\":\"ImageObject\",\"inLanguage\":\"fr-FR\",\"@id\":\"https:\/\/www.spirit-us.eu\/#\/schema\/logo\/image\/\",\"url\":\"https:\/\/www.spirit-us.eu\/wp-content\/uploads\/2025\/11\/logo-regarde-linterlocutrice-sans-arrriere-plan.jpg\",\"contentUrl\":\"https:\/\/www.spirit-us.eu\/wp-content\/uploads\/2025\/11\/logo-regarde-linterlocutrice-sans-arrriere-plan.jpg\",\"width\":1080,\"height\":1080,\"caption\":\"Spirit-US\"},\"image\":{\"@id\":\"https:\/\/www.spirit-us.eu\/#\/schema\/logo\/image\/\"},\"sameAs\":[\"https:\/\/www.facebook.com\/spirit.us.deum\"]}]}<\/script>\n<!-- \/ Yoast SEO plugin. -->","yoast_head_json":{"title":"BOUCLES d'oreilles C\u0152UR DE PERLES - Spirit-US","robots":{"index":"index","follow":"follow","max-snippet":"max-snippet:-1","max-image-preview":"max-image-preview:large","max-video-preview":"max-video-preview:-1"},"canonical":"https:\/\/www.spirit-us.eu\/index.php\/produit\/boucles-doreilles-coeur-de-perles\/","og_locale":"fr_FR","og_type":"article","og_title":"BOUCLES d'oreilles C\u0152UR DE PERLES - Spirit-US","og_description":"Tr\u00e8s jolies boucles d\u2019oreilles en m\u00e9tal dor\u00e9 et perle, qui sont du plus bel effet avec toute tenue et toute coiffure.\u00a0 Ce sont des pendants d'oreilles en forme de coeur tout simple, discrets. Convient en toute circonstance. El\u00e9gance garantie. Beau cadeau d'amour \u00e0 faire \u00e0 certaines occasions, dont la saint Valentin, vient en t\u00eate de liste, mais aussi pour la f\u00eate des m\u00e8res, un anniversaire ou No\u00ebl.\u00a0 Ou juste ... pour lui dire que vous l'aimez !","og_url":"https:\/\/www.spirit-us.eu\/index.php\/produit\/boucles-doreilles-coeur-de-perles\/","og_site_name":"Spirit-US","article_publisher":"https:\/\/www.facebook.com\/spirit.us.deum","article_modified_time":"2026-02-04T08:34:58+00:00","og_image":[{"width":1080,"height":1080,"url":"https:\/\/www.spirit-us.eu\/wp-content\/uploads\/2026\/01\/petits-coeur-sur-noisetier-corrige.png","type":"image\/png"}],"twitter_card":"summary_large_image","twitter_misc":{"Dur\u00e9e de lecture estim\u00e9e":"1 minute"},"schema":{"@context":"https:\/\/schema.org","@graph":[{"@type":"WebPage","@id":"https:\/\/www.spirit-us.eu\/index.php\/produit\/boucles-doreilles-coeur-de-perles\/","url":"https:\/\/www.spirit-us.eu\/index.php\/produit\/boucles-doreilles-coeur-de-perles\/","name":"BOUCLES d'oreilles C\u0152UR DE PERLES - Spirit-US","isPartOf":{"@id":"https:\/\/www.spirit-us.eu\/#website"},"primaryImageOfPage":{"@id":"https:\/\/www.spirit-us.eu\/index.php\/produit\/boucles-doreilles-coeur-de-perles\/#primaryimage"},"image":{"@id":"https:\/\/www.spirit-us.eu\/index.php\/produit\/boucles-doreilles-coeur-de-perles\/#primaryimage"},"thumbnailUrl":"https:\/\/www.spirit-us.eu\/wp-content\/uploads\/2026\/01\/petits-coeur-sur-noisetier-corrige.png","datePublished":"2026-01-22T14:13:03+00:00","dateModified":"2026-02-04T08:34:58+00:00","breadcrumb":{"@id":"https:\/\/www.spirit-us.eu\/index.php\/produit\/boucles-doreilles-coeur-de-perles\/#breadcrumb"},"inLanguage":"fr-FR","potentialAction":[{"@type":"ReadAction","target":["https:\/\/www.spirit-us.eu\/index.php\/produit\/boucles-doreilles-coeur-de-perles\/"]}]},{"@type":"ImageObject","inLanguage":"fr-FR","@id":"https:\/\/www.spirit-us.eu\/index.php\/produit\/boucles-doreilles-coeur-de-perles\/#primaryimage","url":"https:\/\/www.spirit-us.eu\/wp-content\/uploads\/2026\/01\/petits-coeur-sur-noisetier-corrige.png","contentUrl":"https:\/\/www.spirit-us.eu\/wp-content\/uploads\/2026\/01\/petits-coeur-sur-noisetier-corrige.png","width":1080,"height":1080},{"@type":"BreadcrumbList","@id":"https:\/\/www.spirit-us.eu\/index.php\/produit\/boucles-doreilles-coeur-de-perles\/#breadcrumb","itemListElement":[{"@type":"ListItem","position":1,"name":"Accueil","item":"https:\/\/www.spirit-us.eu\/"},{"@type":"ListItem","position":2,"name":"Boutique","item":"https:\/\/www.spirit-us.eu\/index.php\/boutique\/"},{"@type":"ListItem","position":3,"name":"BOUCLES d&rsquo;oreilles C\u0152UR DE PERLES"}]},{"@type":"WebSite","@id":"https:\/\/www.spirit-us.eu\/#website","url":"https:\/\/www.spirit-us.eu\/","name":"Spirit-US","description":"","publisher":{"@id":"https:\/\/www.spirit-us.eu\/#organization"},"potentialAction":[{"@type":"SearchAction","target":{"@type":"EntryPoint","urlTemplate":"https:\/\/www.spirit-us.eu\/?s={search_term_string}"},"query-input":{"@type":"PropertyValueSpecification","valueRequired":true,"valueName":"search_term_string"}}],"inLanguage":"fr-FR"},{"@type":"Organization","@id":"https:\/\/www.spirit-us.eu\/#organization","name":"Spirit-US","url":"https:\/\/www.spirit-us.eu\/","logo":{"@type":"ImageObject","inLanguage":"fr-FR","@id":"https:\/\/www.spirit-us.eu\/#\/schema\/logo\/image\/","url":"https:\/\/www.spirit-us.eu\/wp-content\/uploads\/2025\/11\/logo-regarde-linterlocutrice-sans-arrriere-plan.jpg","contentUrl":"https:\/\/www.spirit-us.eu\/wp-content\/uploads\/2025\/11\/logo-regarde-linterlocutrice-sans-arrriere-plan.jpg","width":1080,"height":1080,"caption":"Spirit-US"},"image":{"@id":"https:\/\/www.spirit-us.eu\/#\/schema\/logo\/image\/"},"sameAs":["https:\/\/www.facebook.com\/spirit.us.deum"]}]}},"jetpack_sharing_enabled":true,"_links":{"self":[{"href":"https:\/\/www.spirit-us.eu\/index.php\/wp-json\/wp\/v2\/product\/3999","targetHints":{"allow":["GET"]}}],"collection":[{"href":"https:\/\/www.spirit-us.eu\/index.php\/wp-json\/wp\/v2\/product"}],"about":[{"href":"https:\/\/www.spirit-us.eu\/index.php\/wp-json\/wp\/v2\/types\/product"}],"replies":[{"embeddable":true,"href":"https:\/\/www.spirit-us.eu\/index.php\/wp-json\/wp\/v2\/comments?post=3999"}],"wp:featuredmedia":[{"embeddable":true,"href":"https:\/\/www.spirit-us.eu\/index.php\/wp-json\/wp\/v2\/media\/4018"}],"wp:attachment":[{"href":"https:\/\/www.spirit-us.eu\/index.php\/wp-json\/wp\/v2\/media?parent=3999"}],"wp:term":[{"taxonomy":"product_brand","embeddable":true,"href":"https:\/\/www.spirit-us.eu\/index.php\/wp-json\/wp\/v2\/product_brand?post=3999"},{"taxonomy":"product_cat","embeddable":true,"href":"https:\/\/www.spirit-us.eu\/index.php\/wp-json\/wp\/v2\/product_cat?post=3999"},{"taxonomy":"product_tag","embeddable":true,"href":"https:\/\/www.spirit-us.eu\/index.php\/wp-json\/wp\/v2\/product_tag?post=3999"},{"taxonomy":"mwb_booking_cost","embeddable":true,"href":"https:\/\/www.spirit-us.eu\/index.php\/wp-json\/wp\/v2\/mwb_booking_cost?post=3999"},{"taxonomy":"mwb_booking_service","embeddable":true,"href":"https:\/\/www.spirit-us.eu\/index.php\/wp-json\/wp\/v2\/mwb_booking_service?post=3999"}],"curies":[{"name":"wp","href":"https:\/\/api.w.org\/{rel}","templated":true}]}}