{"id":3976,"date":"2026-01-18T16:56:24","date_gmt":"2026-01-18T15:56:24","guid":{"rendered":"https:\/\/www.spirit-us.eu\/?post_type=product&#038;p=3976"},"modified":"2026-01-22T22:46:30","modified_gmt":"2026-01-22T21:46:30","slug":"amulette-en-obsidienne-noire","status":"publish","type":"product","link":"https:\/\/www.spirit-us.eu\/index.php\/produit\/amulette-en-obsidienne-noire\/","title":{"rendered":"AMULETTE en OBSIDIENNE NOIRE &#8211; protection des ondes n\u00e9gatives"},"content":{"rendered":"<p>Amulette en obsidienne, facett\u00e9e, de forme hexagonale<\/p>\n<p><strong>Pierre<\/strong> : obsidienne<\/p>\n<p><strong>Couleur<\/strong> :\u00a0 noir<\/p>\n<p><strong>Dimension du lacet<\/strong> : 65 cm avec perle noire de finition, qui rend le lacet ajustable \u00e0 la hauteur d\u00e9sir\u00e9e<\/p>\n<p>Dimensions &amp; forme de la perle d&rsquo;obsidienne : hexagone facett\u00e9 de 2,6 cm d&rsquo;envergure et 8 mm d&rsquo;\u00e9paisseur &#8211; variable sur les c\u00f4t\u00e9s en fonction de la taille de la pierre en facettes<\/p>\n<p><strong>Couleur du lacet<\/strong> : noire<\/p>\n<p><strong>Dimension du pendentif<\/strong> :<\/p>\n<ul>\n<li>avec les perles &#8211; hauteur 4,5 cm<\/li>\n<li>diam\u00e8tre de la perle principale 3 cm<\/li>\n<li>diam\u00e8tre des deux perles ornementales 0,5 et 0,8 cm<\/li>\n<\/ul>\n<p>Livr\u00e9 dans une pochette de velours noir.<\/p>\n","protected":false},"excerpt":{"rendered":"<p style=\"text-align: justify;\">Dans la collection \u00ab\u00a0ethnique\u00a0\u00bb, voici un pendentif en obsidienne noire, hexagonale.\u00a0 Mont\u00e9 sur lacet noir, il rehaussera une tenue d\u00e9contract\u00e9e, vintage, boh\u00e8me. Offrez-vous cette amulette de protection qui absorbe les \u00e9nergies n\u00e9gatives et les transmute en lumi\u00e8re.\u00a0 L\u2019amulette est taill\u00e9e en facettes, ce qui la rend id\u00e9ale pour restituer les ondes n\u00e9gatives \u00e0 ceux qui les produisent L&rsquo;obsidienne est une puissante pierre de protection en lithoth\u00e9rapie, agissant comme un bouclier contre les \u00e9nergies n\u00e9gatives, le stress et l&rsquo;anxi\u00e9t\u00e9, tout en favorisant l&rsquo;ancrage, l&rsquo;introspection et la clart\u00e9 mentale. Physiquement, elle est r\u00e9put\u00e9e pour soulager les douleurs articulaires, digestives et musculaires, aider \u00e0 la cicatrisation et d\u00e9toxifier le corps. Ses vertus varient l\u00e9g\u00e8rement selon sa vari\u00e9t\u00e9 (noire, acajou, flocon de neige), mais elle est toujours li\u00e9e \u00e0 la purification, la protection et l&rsquo;exploration int\u00e9rieure. Pour elle et lui. Ne manquez pas de consulter notre article sur le miroir d&rsquo;obsidienne et ses facult\u00e9s de divination.<\/p>\n","protected":false},"featured_media":3977,"comment_status":"open","ping_status":"closed","template":"","meta":[],"product_brand":[],"product_cat":[467,17],"product_tag":[536,271,169],"mwb_booking_cost":[],"mwb_booking_service":[],"class_list":{"0":"post-3976","1":"product","2":"type-product","3":"status-publish","4":"has-post-thumbnail","6":"product_cat-005-magie-rituels","7":"product_cat-tous-les-produits","8":"product_tag-obsidienne","9":"product_tag-ondes-negatives","10":"product_tag-protection","12":"first","13":"instock","14":"shipping-taxable","15":"purchasable","16":"product-type-simple"},"yoast_head":"<!-- This site is optimized with the Yoast SEO plugin v27.4 - https:\/\/yoast.com\/product\/yoast-seo-wordpress\/ -->\n<title>AMULETTE en OBSIDIENNE NOIRE - protection des ondes n\u00e9gatives - Spirit-US<\/title>\n<meta name=\"description\" content=\"Collection &quot;ethnique&quot; un pendentif en obsidienne noire, hexagonale.\u00a0 Sur lacet noir, il rehausse une tenue d\u00e9contract\u00e9e, vintage, boh\u00e8me. Pour elle et lui.\" \/>\n<meta name=\"robots\" content=\"index, follow, max-snippet:-1, max-image-preview:large, max-video-preview:-1\" \/>\n<link rel=\"canonical\" href=\"https:\/\/www.spirit-us.eu\/index.php\/produit\/amulette-en-obsidienne-noire\/\" \/>\n<meta property=\"og:locale\" content=\"fr_FR\" \/>\n<meta property=\"og:type\" content=\"article\" \/>\n<meta property=\"og:title\" content=\"AMULETTE en OBSIDIENNE NOIRE - protection des ondes n\u00e9gatives - Spirit-US\" \/>\n<meta property=\"og:description\" content=\"Collection &quot;ethnique&quot; un pendentif en obsidienne noire, hexagonale.\u00a0 Sur lacet noir, il rehausse une tenue d\u00e9contract\u00e9e, vintage, boh\u00e8me. Pour elle et lui.\" \/>\n<meta property=\"og:url\" content=\"https:\/\/www.spirit-us.eu\/index.php\/produit\/amulette-en-obsidienne-noire\/\" \/>\n<meta property=\"og:site_name\" content=\"Spirit-US\" \/>\n<meta property=\"article:publisher\" content=\"https:\/\/www.facebook.com\/spirit.us.deum\" \/>\n<meta property=\"article:modified_time\" content=\"2026-01-22T21:46:30+00:00\" \/>\n<meta property=\"og:image\" content=\"https:\/\/www.spirit-us.eu\/wp-content\/uploads\/2026\/01\/amulette-noire-image-produit.png\" \/>\n\t<meta property=\"og:image:width\" content=\"1080\" \/>\n\t<meta property=\"og:image:height\" content=\"1080\" \/>\n\t<meta property=\"og:image:type\" content=\"image\/png\" \/>\n<meta name=\"twitter:card\" content=\"summary_large_image\" \/>\n<meta name=\"twitter:label1\" content=\"Dur\u00e9e de lecture estim\u00e9e\" \/>\n\t<meta name=\"twitter:data1\" content=\"1 minute\" \/>\n<script type=\"application\/ld+json\" class=\"yoast-schema-graph\">{\"@context\":\"https:\\\/\\\/schema.org\",\"@graph\":[{\"@type\":\"WebPage\",\"@id\":\"https:\\\/\\\/www.spirit-us.eu\\\/index.php\\\/produit\\\/amulette-en-obsidienne-noire\\\/\",\"url\":\"https:\\\/\\\/www.spirit-us.eu\\\/index.php\\\/produit\\\/amulette-en-obsidienne-noire\\\/\",\"name\":\"AMULETTE en OBSIDIENNE NOIRE - protection des ondes n\u00e9gatives - Spirit-US\",\"isPartOf\":{\"@id\":\"https:\\\/\\\/www.spirit-us.eu\\\/#website\"},\"primaryImageOfPage\":{\"@id\":\"https:\\\/\\\/www.spirit-us.eu\\\/index.php\\\/produit\\\/amulette-en-obsidienne-noire\\\/#primaryimage\"},\"image\":{\"@id\":\"https:\\\/\\\/www.spirit-us.eu\\\/index.php\\\/produit\\\/amulette-en-obsidienne-noire\\\/#primaryimage\"},\"thumbnailUrl\":\"https:\\\/\\\/www.spirit-us.eu\\\/wp-content\\\/uploads\\\/2026\\\/01\\\/amulette-noire-image-produit.png\",\"datePublished\":\"2026-01-18T15:56:24+00:00\",\"dateModified\":\"2026-01-22T21:46:30+00:00\",\"description\":\"Collection \\\"ethnique\\\" un pendentif en obsidienne noire, hexagonale.\u00a0 Sur lacet noir, il rehausse une tenue d\u00e9contract\u00e9e, vintage, boh\u00e8me. Pour elle et lui.\",\"breadcrumb\":{\"@id\":\"https:\\\/\\\/www.spirit-us.eu\\\/index.php\\\/produit\\\/amulette-en-obsidienne-noire\\\/#breadcrumb\"},\"inLanguage\":\"fr-FR\",\"potentialAction\":[{\"@type\":\"ReadAction\",\"target\":[\"https:\\\/\\\/www.spirit-us.eu\\\/index.php\\\/produit\\\/amulette-en-obsidienne-noire\\\/\"]}]},{\"@type\":\"ImageObject\",\"inLanguage\":\"fr-FR\",\"@id\":\"https:\\\/\\\/www.spirit-us.eu\\\/index.php\\\/produit\\\/amulette-en-obsidienne-noire\\\/#primaryimage\",\"url\":\"https:\\\/\\\/www.spirit-us.eu\\\/wp-content\\\/uploads\\\/2026\\\/01\\\/amulette-noire-image-produit.png\",\"contentUrl\":\"https:\\\/\\\/www.spirit-us.eu\\\/wp-content\\\/uploads\\\/2026\\\/01\\\/amulette-noire-image-produit.png\",\"width\":1080,\"height\":1080},{\"@type\":\"BreadcrumbList\",\"@id\":\"https:\\\/\\\/www.spirit-us.eu\\\/index.php\\\/produit\\\/amulette-en-obsidienne-noire\\\/#breadcrumb\",\"itemListElement\":[{\"@type\":\"ListItem\",\"position\":1,\"name\":\"Accueil\",\"item\":\"https:\\\/\\\/www.spirit-us.eu\\\/\"},{\"@type\":\"ListItem\",\"position\":2,\"name\":\"Boutique\",\"item\":\"https:\\\/\\\/www.spirit-us.eu\\\/index.php\\\/boutique\\\/\"},{\"@type\":\"ListItem\",\"position\":3,\"name\":\"AMULETTE en OBSIDIENNE NOIRE &#8211; protection des ondes n\u00e9gatives\"}]},{\"@type\":\"WebSite\",\"@id\":\"https:\\\/\\\/www.spirit-us.eu\\\/#website\",\"url\":\"https:\\\/\\\/www.spirit-us.eu\\\/\",\"name\":\"Spirit-US\",\"description\":\"\",\"publisher\":{\"@id\":\"https:\\\/\\\/www.spirit-us.eu\\\/#organization\"},\"potentialAction\":[{\"@type\":\"SearchAction\",\"target\":{\"@type\":\"EntryPoint\",\"urlTemplate\":\"https:\\\/\\\/www.spirit-us.eu\\\/?s={search_term_string}\"},\"query-input\":{\"@type\":\"PropertyValueSpecification\",\"valueRequired\":true,\"valueName\":\"search_term_string\"}}],\"inLanguage\":\"fr-FR\"},{\"@type\":\"Organization\",\"@id\":\"https:\\\/\\\/www.spirit-us.eu\\\/#organization\",\"name\":\"Spirit-US\",\"url\":\"https:\\\/\\\/www.spirit-us.eu\\\/\",\"logo\":{\"@type\":\"ImageObject\",\"inLanguage\":\"fr-FR\",\"@id\":\"https:\\\/\\\/www.spirit-us.eu\\\/#\\\/schema\\\/logo\\\/image\\\/\",\"url\":\"https:\\\/\\\/www.spirit-us.eu\\\/wp-content\\\/uploads\\\/2025\\\/11\\\/logo-regarde-linterlocutrice-sans-arrriere-plan.jpg\",\"contentUrl\":\"https:\\\/\\\/www.spirit-us.eu\\\/wp-content\\\/uploads\\\/2025\\\/11\\\/logo-regarde-linterlocutrice-sans-arrriere-plan.jpg\",\"width\":1080,\"height\":1080,\"caption\":\"Spirit-US\"},\"image\":{\"@id\":\"https:\\\/\\\/www.spirit-us.eu\\\/#\\\/schema\\\/logo\\\/image\\\/\"},\"sameAs\":[\"https:\\\/\\\/www.facebook.com\\\/spirit.us.deum\"]}]}<\/script>\n<!-- \/ Yoast SEO plugin. -->","yoast_head_json":{"title":"AMULETTE en OBSIDIENNE NOIRE - protection des ondes n\u00e9gatives - Spirit-US","description":"Collection \"ethnique\" un pendentif en obsidienne noire, hexagonale.\u00a0 Sur lacet noir, il rehausse une tenue d\u00e9contract\u00e9e, vintage, boh\u00e8me. Pour elle et lui.","robots":{"index":"index","follow":"follow","max-snippet":"max-snippet:-1","max-image-preview":"max-image-preview:large","max-video-preview":"max-video-preview:-1"},"canonical":"https:\/\/www.spirit-us.eu\/index.php\/produit\/amulette-en-obsidienne-noire\/","og_locale":"fr_FR","og_type":"article","og_title":"AMULETTE en OBSIDIENNE NOIRE - protection des ondes n\u00e9gatives - Spirit-US","og_description":"Collection \"ethnique\" un pendentif en obsidienne noire, hexagonale.\u00a0 Sur lacet noir, il rehausse une tenue d\u00e9contract\u00e9e, vintage, boh\u00e8me. Pour elle et lui.","og_url":"https:\/\/www.spirit-us.eu\/index.php\/produit\/amulette-en-obsidienne-noire\/","og_site_name":"Spirit-US","article_publisher":"https:\/\/www.facebook.com\/spirit.us.deum","article_modified_time":"2026-01-22T21:46:30+00:00","og_image":[{"width":1080,"height":1080,"url":"https:\/\/www.spirit-us.eu\/wp-content\/uploads\/2026\/01\/amulette-noire-image-produit.png","type":"image\/png"}],"twitter_card":"summary_large_image","twitter_misc":{"Dur\u00e9e de lecture estim\u00e9e":"1 minute"},"schema":{"@context":"https:\/\/schema.org","@graph":[{"@type":"WebPage","@id":"https:\/\/www.spirit-us.eu\/index.php\/produit\/amulette-en-obsidienne-noire\/","url":"https:\/\/www.spirit-us.eu\/index.php\/produit\/amulette-en-obsidienne-noire\/","name":"AMULETTE en OBSIDIENNE NOIRE - protection des ondes n\u00e9gatives - Spirit-US","isPartOf":{"@id":"https:\/\/www.spirit-us.eu\/#website"},"primaryImageOfPage":{"@id":"https:\/\/www.spirit-us.eu\/index.php\/produit\/amulette-en-obsidienne-noire\/#primaryimage"},"image":{"@id":"https:\/\/www.spirit-us.eu\/index.php\/produit\/amulette-en-obsidienne-noire\/#primaryimage"},"thumbnailUrl":"https:\/\/www.spirit-us.eu\/wp-content\/uploads\/2026\/01\/amulette-noire-image-produit.png","datePublished":"2026-01-18T15:56:24+00:00","dateModified":"2026-01-22T21:46:30+00:00","description":"Collection \"ethnique\" un pendentif en obsidienne noire, hexagonale.\u00a0 Sur lacet noir, il rehausse une tenue d\u00e9contract\u00e9e, vintage, boh\u00e8me. Pour elle et lui.","breadcrumb":{"@id":"https:\/\/www.spirit-us.eu\/index.php\/produit\/amulette-en-obsidienne-noire\/#breadcrumb"},"inLanguage":"fr-FR","potentialAction":[{"@type":"ReadAction","target":["https:\/\/www.spirit-us.eu\/index.php\/produit\/amulette-en-obsidienne-noire\/"]}]},{"@type":"ImageObject","inLanguage":"fr-FR","@id":"https:\/\/www.spirit-us.eu\/index.php\/produit\/amulette-en-obsidienne-noire\/#primaryimage","url":"https:\/\/www.spirit-us.eu\/wp-content\/uploads\/2026\/01\/amulette-noire-image-produit.png","contentUrl":"https:\/\/www.spirit-us.eu\/wp-content\/uploads\/2026\/01\/amulette-noire-image-produit.png","width":1080,"height":1080},{"@type":"BreadcrumbList","@id":"https:\/\/www.spirit-us.eu\/index.php\/produit\/amulette-en-obsidienne-noire\/#breadcrumb","itemListElement":[{"@type":"ListItem","position":1,"name":"Accueil","item":"https:\/\/www.spirit-us.eu\/"},{"@type":"ListItem","position":2,"name":"Boutique","item":"https:\/\/www.spirit-us.eu\/index.php\/boutique\/"},{"@type":"ListItem","position":3,"name":"AMULETTE en OBSIDIENNE NOIRE &#8211; protection des ondes n\u00e9gatives"}]},{"@type":"WebSite","@id":"https:\/\/www.spirit-us.eu\/#website","url":"https:\/\/www.spirit-us.eu\/","name":"Spirit-US","description":"","publisher":{"@id":"https:\/\/www.spirit-us.eu\/#organization"},"potentialAction":[{"@type":"SearchAction","target":{"@type":"EntryPoint","urlTemplate":"https:\/\/www.spirit-us.eu\/?s={search_term_string}"},"query-input":{"@type":"PropertyValueSpecification","valueRequired":true,"valueName":"search_term_string"}}],"inLanguage":"fr-FR"},{"@type":"Organization","@id":"https:\/\/www.spirit-us.eu\/#organization","name":"Spirit-US","url":"https:\/\/www.spirit-us.eu\/","logo":{"@type":"ImageObject","inLanguage":"fr-FR","@id":"https:\/\/www.spirit-us.eu\/#\/schema\/logo\/image\/","url":"https:\/\/www.spirit-us.eu\/wp-content\/uploads\/2025\/11\/logo-regarde-linterlocutrice-sans-arrriere-plan.jpg","contentUrl":"https:\/\/www.spirit-us.eu\/wp-content\/uploads\/2025\/11\/logo-regarde-linterlocutrice-sans-arrriere-plan.jpg","width":1080,"height":1080,"caption":"Spirit-US"},"image":{"@id":"https:\/\/www.spirit-us.eu\/#\/schema\/logo\/image\/"},"sameAs":["https:\/\/www.facebook.com\/spirit.us.deum"]}]}},"jetpack_sharing_enabled":true,"_links":{"self":[{"href":"https:\/\/www.spirit-us.eu\/index.php\/wp-json\/wp\/v2\/product\/3976","targetHints":{"allow":["GET"]}}],"collection":[{"href":"https:\/\/www.spirit-us.eu\/index.php\/wp-json\/wp\/v2\/product"}],"about":[{"href":"https:\/\/www.spirit-us.eu\/index.php\/wp-json\/wp\/v2\/types\/product"}],"replies":[{"embeddable":true,"href":"https:\/\/www.spirit-us.eu\/index.php\/wp-json\/wp\/v2\/comments?post=3976"}],"wp:featuredmedia":[{"embeddable":true,"href":"https:\/\/www.spirit-us.eu\/index.php\/wp-json\/wp\/v2\/media\/3977"}],"wp:attachment":[{"href":"https:\/\/www.spirit-us.eu\/index.php\/wp-json\/wp\/v2\/media?parent=3976"}],"wp:term":[{"taxonomy":"product_brand","embeddable":true,"href":"https:\/\/www.spirit-us.eu\/index.php\/wp-json\/wp\/v2\/product_brand?post=3976"},{"taxonomy":"product_cat","embeddable":true,"href":"https:\/\/www.spirit-us.eu\/index.php\/wp-json\/wp\/v2\/product_cat?post=3976"},{"taxonomy":"product_tag","embeddable":true,"href":"https:\/\/www.spirit-us.eu\/index.php\/wp-json\/wp\/v2\/product_tag?post=3976"},{"taxonomy":"mwb_booking_cost","embeddable":true,"href":"https:\/\/www.spirit-us.eu\/index.php\/wp-json\/wp\/v2\/mwb_booking_cost?post=3976"},{"taxonomy":"mwb_booking_service","embeddable":true,"href":"https:\/\/www.spirit-us.eu\/index.php\/wp-json\/wp\/v2\/mwb_booking_service?post=3976"}],"curies":[{"name":"wp","href":"https:\/\/api.w.org\/{rel}","templated":true}]}}