{"id":3970,"date":"2026-01-18T15:17:29","date_gmt":"2026-01-18T14:17:29","guid":{"rendered":"https:\/\/www.spirit-us.eu\/?post_type=product&#038;p=3970"},"modified":"2026-01-18T16:55:56","modified_gmt":"2026-01-18T15:55:56","slug":"medaillon-de-saint-raphael-archange-guerison","status":"publish","type":"product","link":"https:\/\/www.spirit-us.eu\/index.php\/produit\/medaillon-de-saint-raphael-archange-guerison\/","title":{"rendered":"MEDAILLON DE SAINT RAPHAEL ARCHANGE (gu\u00e9rison)"},"content":{"rendered":"<p>M\u00e9daille en de forme d&rsquo;ange en alliage de m\u00e9tal dor\u00e9 et argent\u00e9 \u00e0 l\u2019effigie de saint Rapha\u00ebl archange, le m\u00e9decin de Dieu<\/p>\n<p><strong>Dimensions<\/strong> : largeur 1,2 cm ; hauteur : 3 cm (sans le suspensoir : 0,5 cm)<\/p>\n<p><strong>Mat\u00e9riau<\/strong> : acier inoxydable dor\u00e9 et argent\u00e9<\/p>\n<p><strong>Livr\u00e9 avec<\/strong> cha\u00eenette en m\u00e9tal argent\u00e9, dans un \u00e9crin cartonn\u00e9 et int\u00e9rieur velours noirs<\/p>\n<p><strong>Longueur de la cha\u00eene<\/strong>\u00a0: 50 cm<\/p>\n","protected":false},"excerpt":{"rendered":"<p>Puissant bijou de protection spirituelle.\u00a0 Saint Rapha\u00ebl est l&rsquo;archange de la gu\u00e9rison de l&rsquo;\u00e2me, du corps, du karma.\u00a0 Il est le m\u00e9decin de Dieu.\u00a0 \u00a0Offrez-vous ce bijou de protection lorsque vous demandez dans la pri\u00e8re une gu\u00e9rison miraculeuse, ou offrez-le \u00e0 quelqu\u2019un que vous aimez qui a besoin de mieux-\u00eatre : il se porte en toute occasion et particuli\u00e8rement lorsque les \u00e9preuves de la vie en appellent \u00e0 la douceur de l&rsquo;ange de la gu\u00e9rison. Le drap\u00e9 de la robe est particuli\u00e8rement d\u00e9licat.\u00a0 Il tient dans les mains le poisson embl\u00e9matique de l&rsquo;histoire qui lui est rattach\u00e9e, celle de la gu\u00e9rison du jeune Tobie.\u00a0 Sa t\u00eate est entour\u00e9e d&rsquo;une aur\u00e9ole couleur argent; ses grandes ailes sont dor\u00e9es. Il convient aussi bien pour elle et pour lui. Ce bijou est livr\u00e9 b\u00e9ni et exorcis\u00e9, accompagn\u00e9 de la pri\u00e8re de gu\u00e9rison.<\/p>\n","protected":false},"featured_media":3973,"comment_status":"open","ping_status":"closed","template":"","meta":[],"product_brand":[],"product_cat":[466,508,17,504],"product_tag":[535,229],"mwb_booking_cost":[],"mwb_booking_service":[],"class_list":{"0":"post-3970","1":"product","2":"type-product","3":"status-publish","4":"has-post-thumbnail","6":"product_cat-004-piete-protection","7":"product_cat-004-images-bijoux-saints","8":"product_cat-tous-les-produits","9":"product_cat-01-univers-sacre-accueil","10":"product_tag-archange-raphael","11":"product_tag-guerison","13":"first","14":"instock","15":"shipping-taxable","16":"purchasable","17":"product-type-simple"},"yoast_head":"<!-- This site is optimized with the Yoast SEO plugin v27.1.1 - https:\/\/yoast.com\/product\/yoast-seo-wordpress\/ -->\n<title>MEDAILLON DE SAINT RAPHAEL ARCHANGE (gu\u00e9rison) - Spirit-US<\/title>\n<meta name=\"robots\" content=\"index, follow, max-snippet:-1, max-image-preview:large, max-video-preview:-1\" \/>\n<link rel=\"canonical\" href=\"https:\/\/www.spirit-us.eu\/index.php\/produit\/medaillon-de-saint-raphael-archange-guerison\/\" \/>\n<meta property=\"og:locale\" content=\"fr_FR\" \/>\n<meta property=\"og:type\" content=\"article\" \/>\n<meta property=\"og:title\" content=\"MEDAILLON DE SAINT RAPHAEL ARCHANGE (gu\u00e9rison) - Spirit-US\" \/>\n<meta property=\"og:description\" content=\"Puissant bijou de protection spirituelle.\u00a0 Saint Rapha\u00ebl est l&#039;archange de la gu\u00e9rison de l&#039;\u00e2me, du corps, du karma.\u00a0 Il est le m\u00e9decin de Dieu.\u00a0 \u00a0Offrez-vous ce bijou de protection lorsque vous demandez dans la pri\u00e8re une gu\u00e9rison miraculeuse, ou offrez-le \u00e0 quelqu\u2019un que vous aimez qui a besoin de mieux-\u00eatre : il se porte en toute occasion et particuli\u00e8rement lorsque les \u00e9preuves de la vie en appellent \u00e0 la douceur de l&#039;ange de la gu\u00e9rison. Le drap\u00e9 de la robe est particuli\u00e8rement d\u00e9licat.\u00a0 Il tient dans les mains le poisson embl\u00e9matique de l&#039;histoire qui lui est rattach\u00e9e, celle de la gu\u00e9rison du jeune Tobie.\u00a0 Sa t\u00eate est entour\u00e9e d&#039;une aur\u00e9ole couleur argent; ses grandes ailes sont dor\u00e9es. Il convient aussi bien pour elle et pour lui. Ce bijou est livr\u00e9 b\u00e9ni et exorcis\u00e9, accompagn\u00e9 de la pri\u00e8re de gu\u00e9rison.\" \/>\n<meta property=\"og:url\" content=\"https:\/\/www.spirit-us.eu\/index.php\/produit\/medaillon-de-saint-raphael-archange-guerison\/\" \/>\n<meta property=\"og:site_name\" content=\"Spirit-US\" \/>\n<meta property=\"article:publisher\" content=\"https:\/\/www.facebook.com\/spirit.us.deum\" \/>\n<meta property=\"article:modified_time\" content=\"2026-01-18T15:55:56+00:00\" \/>\n<meta property=\"og:image\" content=\"https:\/\/www.spirit-us.eu\/wp-content\/uploads\/2026\/01\/raphael-image-produit-1024x1024.png\" \/>\n\t<meta property=\"og:image:width\" content=\"1024\" \/>\n\t<meta property=\"og:image:height\" content=\"1024\" \/>\n\t<meta property=\"og:image:type\" content=\"image\/png\" \/>\n<meta name=\"twitter:card\" content=\"summary_large_image\" \/>\n<meta name=\"twitter:label1\" content=\"Dur\u00e9e de lecture estim\u00e9e\" \/>\n\t<meta name=\"twitter:data1\" content=\"1 minute\" \/>\n<script type=\"application\/ld+json\" class=\"yoast-schema-graph\">{\"@context\":\"https:\/\/schema.org\",\"@graph\":[{\"@type\":\"WebPage\",\"@id\":\"https:\/\/www.spirit-us.eu\/index.php\/produit\/medaillon-de-saint-raphael-archange-guerison\/\",\"url\":\"https:\/\/www.spirit-us.eu\/index.php\/produit\/medaillon-de-saint-raphael-archange-guerison\/\",\"name\":\"MEDAILLON DE SAINT RAPHAEL ARCHANGE (gu\u00e9rison) - Spirit-US\",\"isPartOf\":{\"@id\":\"https:\/\/www.spirit-us.eu\/#website\"},\"primaryImageOfPage\":{\"@id\":\"https:\/\/www.spirit-us.eu\/index.php\/produit\/medaillon-de-saint-raphael-archange-guerison\/#primaryimage\"},\"image\":{\"@id\":\"https:\/\/www.spirit-us.eu\/index.php\/produit\/medaillon-de-saint-raphael-archange-guerison\/#primaryimage\"},\"thumbnailUrl\":\"https:\/\/www.spirit-us.eu\/wp-content\/uploads\/2026\/01\/raphael-image-produit.png\",\"datePublished\":\"2026-01-18T14:17:29+00:00\",\"dateModified\":\"2026-01-18T15:55:56+00:00\",\"breadcrumb\":{\"@id\":\"https:\/\/www.spirit-us.eu\/index.php\/produit\/medaillon-de-saint-raphael-archange-guerison\/#breadcrumb\"},\"inLanguage\":\"fr-FR\",\"potentialAction\":[{\"@type\":\"ReadAction\",\"target\":[\"https:\/\/www.spirit-us.eu\/index.php\/produit\/medaillon-de-saint-raphael-archange-guerison\/\"]}]},{\"@type\":\"ImageObject\",\"inLanguage\":\"fr-FR\",\"@id\":\"https:\/\/www.spirit-us.eu\/index.php\/produit\/medaillon-de-saint-raphael-archange-guerison\/#primaryimage\",\"url\":\"https:\/\/www.spirit-us.eu\/wp-content\/uploads\/2026\/01\/raphael-image-produit.png\",\"contentUrl\":\"https:\/\/www.spirit-us.eu\/wp-content\/uploads\/2026\/01\/raphael-image-produit.png\",\"width\":2025,\"height\":2025},{\"@type\":\"BreadcrumbList\",\"@id\":\"https:\/\/www.spirit-us.eu\/index.php\/produit\/medaillon-de-saint-raphael-archange-guerison\/#breadcrumb\",\"itemListElement\":[{\"@type\":\"ListItem\",\"position\":1,\"name\":\"Accueil\",\"item\":\"https:\/\/www.spirit-us.eu\/\"},{\"@type\":\"ListItem\",\"position\":2,\"name\":\"Boutique\",\"item\":\"https:\/\/www.spirit-us.eu\/index.php\/boutique\/\"},{\"@type\":\"ListItem\",\"position\":3,\"name\":\"MEDAILLON DE SAINT RAPHAEL ARCHANGE (gu\u00e9rison)\"}]},{\"@type\":\"WebSite\",\"@id\":\"https:\/\/www.spirit-us.eu\/#website\",\"url\":\"https:\/\/www.spirit-us.eu\/\",\"name\":\"Spirit-US\",\"description\":\"\",\"publisher\":{\"@id\":\"https:\/\/www.spirit-us.eu\/#organization\"},\"potentialAction\":[{\"@type\":\"SearchAction\",\"target\":{\"@type\":\"EntryPoint\",\"urlTemplate\":\"https:\/\/www.spirit-us.eu\/?s={search_term_string}\"},\"query-input\":{\"@type\":\"PropertyValueSpecification\",\"valueRequired\":true,\"valueName\":\"search_term_string\"}}],\"inLanguage\":\"fr-FR\"},{\"@type\":\"Organization\",\"@id\":\"https:\/\/www.spirit-us.eu\/#organization\",\"name\":\"Spirit-US\",\"url\":\"https:\/\/www.spirit-us.eu\/\",\"logo\":{\"@type\":\"ImageObject\",\"inLanguage\":\"fr-FR\",\"@id\":\"https:\/\/www.spirit-us.eu\/#\/schema\/logo\/image\/\",\"url\":\"https:\/\/www.spirit-us.eu\/wp-content\/uploads\/2025\/11\/logo-regarde-linterlocutrice-sans-arrriere-plan.jpg\",\"contentUrl\":\"https:\/\/www.spirit-us.eu\/wp-content\/uploads\/2025\/11\/logo-regarde-linterlocutrice-sans-arrriere-plan.jpg\",\"width\":1080,\"height\":1080,\"caption\":\"Spirit-US\"},\"image\":{\"@id\":\"https:\/\/www.spirit-us.eu\/#\/schema\/logo\/image\/\"},\"sameAs\":[\"https:\/\/www.facebook.com\/spirit.us.deum\"]}]}<\/script>\n<!-- \/ Yoast SEO plugin. -->","yoast_head_json":{"title":"MEDAILLON DE SAINT RAPHAEL ARCHANGE (gu\u00e9rison) - Spirit-US","robots":{"index":"index","follow":"follow","max-snippet":"max-snippet:-1","max-image-preview":"max-image-preview:large","max-video-preview":"max-video-preview:-1"},"canonical":"https:\/\/www.spirit-us.eu\/index.php\/produit\/medaillon-de-saint-raphael-archange-guerison\/","og_locale":"fr_FR","og_type":"article","og_title":"MEDAILLON DE SAINT RAPHAEL ARCHANGE (gu\u00e9rison) - Spirit-US","og_description":"Puissant bijou de protection spirituelle.\u00a0 Saint Rapha\u00ebl est l'archange de la gu\u00e9rison de l'\u00e2me, du corps, du karma.\u00a0 Il est le m\u00e9decin de Dieu.\u00a0 \u00a0Offrez-vous ce bijou de protection lorsque vous demandez dans la pri\u00e8re une gu\u00e9rison miraculeuse, ou offrez-le \u00e0 quelqu\u2019un que vous aimez qui a besoin de mieux-\u00eatre : il se porte en toute occasion et particuli\u00e8rement lorsque les \u00e9preuves de la vie en appellent \u00e0 la douceur de l'ange de la gu\u00e9rison. Le drap\u00e9 de la robe est particuli\u00e8rement d\u00e9licat.\u00a0 Il tient dans les mains le poisson embl\u00e9matique de l'histoire qui lui est rattach\u00e9e, celle de la gu\u00e9rison du jeune Tobie.\u00a0 Sa t\u00eate est entour\u00e9e d'une aur\u00e9ole couleur argent; ses grandes ailes sont dor\u00e9es. Il convient aussi bien pour elle et pour lui. Ce bijou est livr\u00e9 b\u00e9ni et exorcis\u00e9, accompagn\u00e9 de la pri\u00e8re de gu\u00e9rison.","og_url":"https:\/\/www.spirit-us.eu\/index.php\/produit\/medaillon-de-saint-raphael-archange-guerison\/","og_site_name":"Spirit-US","article_publisher":"https:\/\/www.facebook.com\/spirit.us.deum","article_modified_time":"2026-01-18T15:55:56+00:00","og_image":[{"width":1024,"height":1024,"url":"https:\/\/www.spirit-us.eu\/wp-content\/uploads\/2026\/01\/raphael-image-produit-1024x1024.png","type":"image\/png"}],"twitter_card":"summary_large_image","twitter_misc":{"Dur\u00e9e de lecture estim\u00e9e":"1 minute"},"schema":{"@context":"https:\/\/schema.org","@graph":[{"@type":"WebPage","@id":"https:\/\/www.spirit-us.eu\/index.php\/produit\/medaillon-de-saint-raphael-archange-guerison\/","url":"https:\/\/www.spirit-us.eu\/index.php\/produit\/medaillon-de-saint-raphael-archange-guerison\/","name":"MEDAILLON DE SAINT RAPHAEL ARCHANGE (gu\u00e9rison) - Spirit-US","isPartOf":{"@id":"https:\/\/www.spirit-us.eu\/#website"},"primaryImageOfPage":{"@id":"https:\/\/www.spirit-us.eu\/index.php\/produit\/medaillon-de-saint-raphael-archange-guerison\/#primaryimage"},"image":{"@id":"https:\/\/www.spirit-us.eu\/index.php\/produit\/medaillon-de-saint-raphael-archange-guerison\/#primaryimage"},"thumbnailUrl":"https:\/\/www.spirit-us.eu\/wp-content\/uploads\/2026\/01\/raphael-image-produit.png","datePublished":"2026-01-18T14:17:29+00:00","dateModified":"2026-01-18T15:55:56+00:00","breadcrumb":{"@id":"https:\/\/www.spirit-us.eu\/index.php\/produit\/medaillon-de-saint-raphael-archange-guerison\/#breadcrumb"},"inLanguage":"fr-FR","potentialAction":[{"@type":"ReadAction","target":["https:\/\/www.spirit-us.eu\/index.php\/produit\/medaillon-de-saint-raphael-archange-guerison\/"]}]},{"@type":"ImageObject","inLanguage":"fr-FR","@id":"https:\/\/www.spirit-us.eu\/index.php\/produit\/medaillon-de-saint-raphael-archange-guerison\/#primaryimage","url":"https:\/\/www.spirit-us.eu\/wp-content\/uploads\/2026\/01\/raphael-image-produit.png","contentUrl":"https:\/\/www.spirit-us.eu\/wp-content\/uploads\/2026\/01\/raphael-image-produit.png","width":2025,"height":2025},{"@type":"BreadcrumbList","@id":"https:\/\/www.spirit-us.eu\/index.php\/produit\/medaillon-de-saint-raphael-archange-guerison\/#breadcrumb","itemListElement":[{"@type":"ListItem","position":1,"name":"Accueil","item":"https:\/\/www.spirit-us.eu\/"},{"@type":"ListItem","position":2,"name":"Boutique","item":"https:\/\/www.spirit-us.eu\/index.php\/boutique\/"},{"@type":"ListItem","position":3,"name":"MEDAILLON DE SAINT RAPHAEL ARCHANGE (gu\u00e9rison)"}]},{"@type":"WebSite","@id":"https:\/\/www.spirit-us.eu\/#website","url":"https:\/\/www.spirit-us.eu\/","name":"Spirit-US","description":"","publisher":{"@id":"https:\/\/www.spirit-us.eu\/#organization"},"potentialAction":[{"@type":"SearchAction","target":{"@type":"EntryPoint","urlTemplate":"https:\/\/www.spirit-us.eu\/?s={search_term_string}"},"query-input":{"@type":"PropertyValueSpecification","valueRequired":true,"valueName":"search_term_string"}}],"inLanguage":"fr-FR"},{"@type":"Organization","@id":"https:\/\/www.spirit-us.eu\/#organization","name":"Spirit-US","url":"https:\/\/www.spirit-us.eu\/","logo":{"@type":"ImageObject","inLanguage":"fr-FR","@id":"https:\/\/www.spirit-us.eu\/#\/schema\/logo\/image\/","url":"https:\/\/www.spirit-us.eu\/wp-content\/uploads\/2025\/11\/logo-regarde-linterlocutrice-sans-arrriere-plan.jpg","contentUrl":"https:\/\/www.spirit-us.eu\/wp-content\/uploads\/2025\/11\/logo-regarde-linterlocutrice-sans-arrriere-plan.jpg","width":1080,"height":1080,"caption":"Spirit-US"},"image":{"@id":"https:\/\/www.spirit-us.eu\/#\/schema\/logo\/image\/"},"sameAs":["https:\/\/www.facebook.com\/spirit.us.deum"]}]}},"jetpack_sharing_enabled":true,"_links":{"self":[{"href":"https:\/\/www.spirit-us.eu\/index.php\/wp-json\/wp\/v2\/product\/3970","targetHints":{"allow":["GET"]}}],"collection":[{"href":"https:\/\/www.spirit-us.eu\/index.php\/wp-json\/wp\/v2\/product"}],"about":[{"href":"https:\/\/www.spirit-us.eu\/index.php\/wp-json\/wp\/v2\/types\/product"}],"replies":[{"embeddable":true,"href":"https:\/\/www.spirit-us.eu\/index.php\/wp-json\/wp\/v2\/comments?post=3970"}],"wp:featuredmedia":[{"embeddable":true,"href":"https:\/\/www.spirit-us.eu\/index.php\/wp-json\/wp\/v2\/media\/3973"}],"wp:attachment":[{"href":"https:\/\/www.spirit-us.eu\/index.php\/wp-json\/wp\/v2\/media?parent=3970"}],"wp:term":[{"taxonomy":"product_brand","embeddable":true,"href":"https:\/\/www.spirit-us.eu\/index.php\/wp-json\/wp\/v2\/product_brand?post=3970"},{"taxonomy":"product_cat","embeddable":true,"href":"https:\/\/www.spirit-us.eu\/index.php\/wp-json\/wp\/v2\/product_cat?post=3970"},{"taxonomy":"product_tag","embeddable":true,"href":"https:\/\/www.spirit-us.eu\/index.php\/wp-json\/wp\/v2\/product_tag?post=3970"},{"taxonomy":"mwb_booking_cost","embeddable":true,"href":"https:\/\/www.spirit-us.eu\/index.php\/wp-json\/wp\/v2\/mwb_booking_cost?post=3970"},{"taxonomy":"mwb_booking_service","embeddable":true,"href":"https:\/\/www.spirit-us.eu\/index.php\/wp-json\/wp\/v2\/mwb_booking_service?post=3970"}],"curies":[{"name":"wp","href":"https:\/\/api.w.org\/{rel}","templated":true}]}}