{"id":388,"date":"2025-01-31T10:26:45","date_gmt":"2025-01-31T09:26:45","guid":{"rendered":"https:\/\/www.spirit-us.eu\/?post_type=product&#038;p=388"},"modified":"2025-12-17T10:51:43","modified_gmt":"2025-12-17T09:51:43","slug":"bracelet-en-calcedoine","status":"publish","type":"product","link":"https:\/\/www.spirit-us.eu\/index.php\/produit\/bracelet-en-calcedoine\/","title":{"rendered":"Bracelet en calc\u00e9doine"},"content":{"rendered":"<p>Ce bijou se porte en tout temps, et il peut \u00e9galement s\u2019av\u00e9rer b\u00e9n\u00e9fique pour accompagner des soins de d\u00e9blocage ou de purification du chakra de la gorge. Il accompagne aussi toute personne dont le m\u00e9tier est la parole et la communication.<\/p>\n<p>Vous connaissez quelqu\u2019un de cher ayant des probl\u00e8mes de gorge\u00a0? Ce bijou est de toute beaut\u00e9, de couleur douce, peut \u00eatre un cadeau bienveillant \u00e0 lui offrir\u00a0: il allie beaut\u00e9, esth\u00e9tique et gentille attention.<\/p>\n<p><strong>La calc\u00e9doine<\/strong><\/p>\n<p>Le terme calc\u00e9doine d\u00e9signe toutes les esp\u00e8ces de quartz microcristallins et cryptocristallins (assemblage de cristaux tr\u00e8s petits). Il se rapporte \u00e9galement \u00e0 la pierre gemme et \u00e0 une famille de min\u00e9raux. La calc\u00e9doine bleue a une couleur qui va du blanc au bleu, en passant par le gris. Elle a divers synonymes tels que chalc\u00e9doine, chalc\u00e9donite ou merlinite.\u202f\u202f\u202f\u00c0 l\u2019\u00e9poque de la Rome Antique, les Romains accordaient \u00e0 la pierre calc\u00e9doine le pouvoir de s\u2019exprimer en public de fa\u00e7on fluide et convaincante. En effet, il parait que le grand orateur et homme d\u2019\u00c9tat Cic\u00e9ron portait une calc\u00e9doine bleue en pendentif \u00e0 chacune de ses interventions en public. Les Romains se servaient aussi de cette magnifique pierre bleue pour en faire des offrandes \u00e0 leurs dieux, des bijoux \u00e0 leur femme (surtout des broches ou des bagues).\u202f\u00a0Au Moyen-\u00e2ge, cette pierre bleue \u00e9tait utilis\u00e9e comme pierre m\u00e9dicinale qui procurait de l\u2019apaisement aux personnes col\u00e9riques et d\u2019une trop grande susceptibilit\u00e9. En effet, \u00e0 cette \u00e9poque, la col\u00e8re \u00e9tait d\u00e9j\u00e0 estim\u00e9e comme faisant partie des troubles du comportement.<\/p>\n<p><strong>Bienfaits de la calc\u00e9doine<\/strong>\u00a0:<\/p>\n<p><strong>Ses bienfaits sur le plan psychique\u00a0<\/strong><\/p>\n<p>La calc\u00e9doine bleue est une pierre d\u2019apaisement. Elle repr\u00e9sente la douceur, conf\u00e8re calme et s\u00e9r\u00e9nit\u00e9. On lui attribue le pouvoir de surmonter les chagrins et la tristesse. Elle canalise les personnes en \u00e9tat de surmenage et \u00e9motionnellement en souffrance.<\/p>\n<p>Cette pierre am\u00e9liore les relations avec l\u2019entourage et provoque l\u2019ouverture vers les autres, purifie la communication. Ainsi, elle facilite une bonne compr\u00e9hension et une grande \u00e9coute envers autrui. Elle favorise la g\u00e9n\u00e9rosit\u00e9 et la bienveillance.<\/p>\n<p>Elle a le pouvoir de chasser les sentiments n\u00e9gatifs et les pens\u00e9es tristes tout en laissant la place \u00e0 l\u2019affection, \u00e0 la tol\u00e9rance, \u00e0 l\u2019amabilit\u00e9. Elle ouvre son porteur au bonheur, \u00e0 l\u2019amour. La calc\u00e9doine est le symbole de l\u2019amour maternel.<\/p>\n<p>Elle est donc recommand\u00e9e aux personnes angoiss\u00e9es, nerveuses et peu s\u00fbres d\u2019elles. Elle renforce la confiance en soi, la m\u00e9moire et lutte efficacement contre le stress et la timidit\u00e9. Elle r\u00e9duit les angoisses et m\u00eame le trac.<\/p>\n<p>Cette pierre est parfaite pour les personnes souffrant de timidit\u00e9 car elle renforce leur capacit\u00e9 d\u2019expression. Elle permet de faire des discours en public et de procurer une \u00e9loquence de qualit\u00e9. Cette pierre est id\u00e9ale pour toutes les professions dans lesquelles la prise de parole est fondamentale. Elle aide m\u00eame \u00e0 convaincre son interlocuteur.<\/p>\n<p>&nbsp;<\/p>\n<p><strong>Ses bienfaits sur le plan physique\u00a0<\/strong><\/p>\n<p>La calc\u00e9doine bleue favorise le bon fonctionnement du chakra de la gorge.\u00a0Elle prot\u00e8ge des polluants ext\u00e9rieurs et facilite la circulation des fluides corporels.<\/p>\n","protected":false},"excerpt":{"rendered":"<p>Tr\u00e8s joli bracelet en perles (pierres roul\u00e9es) de calc\u00e9doine bleue \u2013 en lien direct avec le chakra de la gorge que cette pierre aide \u00e0 purifier.<\/p>\n<p><strong>Cat\u00e9gories<\/strong>\u00a0: bijoux, bijoux artisanaux, pendentifs, pierres polies ou roul\u00e9es<\/p>\n<p><strong>Pierre<\/strong> : calc\u00e9doine bleue \u2013 100% pierre naturelle manufactur\u00e9e<\/p>\n<p><strong>Origine<\/strong>\u00a0: Malawi<\/p>\n<p><strong>Qualit\u00e9<\/strong>\u00a0: tr\u00e8s \u00e9lev\u00e9e (AA)<\/p>\n<p><strong>Couleur<\/strong>\u00a0: bleu, bleu clair, gris-bleu \u2013 la couleur varie d\u2019une pierre \u00e0 l\u2019autre, ce bijou \u00e9tant de fabrication artisanale\u00a0; la pierre est translucide<\/p>\n<p><strong>Taille <\/strong>: 16 \u2013 18 cm<\/p>\n<p>Les pierres artisanales peuvent varier tr\u00e8s l\u00e9g\u00e8rement en taille et en couleur<\/p>\n","protected":false},"featured_media":389,"comment_status":"open","ping_status":"closed","template":"","meta":[],"product_brand":[],"product_cat":[156,460,17],"product_tag":[167],"mwb_booking_cost":[],"mwb_booking_service":[],"class_list":{"0":"post-388","1":"product","2":"type-product","3":"status-publish","4":"has-post-thumbnail","6":"product_cat-04-bijoux","7":"product_cat-bracelets","8":"product_cat-tous-les-produits","9":"product_tag-bleu","11":"first","12":"instock","13":"featured","14":"shipping-taxable","15":"purchasable","16":"product-type-simple"},"yoast_head":"<!-- This site is optimized with the Yoast SEO plugin v27.1.1 - https:\/\/yoast.com\/product\/yoast-seo-wordpress\/ -->\n<title>Bracelet en calc\u00e9doine - Spirit-US<\/title>\n<meta name=\"robots\" content=\"index, follow, max-snippet:-1, max-image-preview:large, max-video-preview:-1\" \/>\n<link rel=\"canonical\" href=\"https:\/\/www.spirit-us.eu\/index.php\/produit\/bracelet-en-calcedoine\/\" \/>\n<meta property=\"og:locale\" content=\"fr_FR\" \/>\n<meta property=\"og:type\" content=\"article\" \/>\n<meta property=\"og:title\" content=\"Bracelet en calc\u00e9doine - Spirit-US\" \/>\n<meta property=\"og:description\" content=\"Tr\u00e8s joli bracelet en perles (pierres roul\u00e9es) de calc\u00e9doine bleue \u2013 en lien direct avec le chakra de la gorge que cette pierre aide \u00e0 purifier.  Cat\u00e9gories\u00a0: bijoux, bijoux artisanaux, pendentifs, pierres polies ou roul\u00e9es  Pierre : calc\u00e9doine bleue \u2013 100% pierre naturelle manufactur\u00e9e  Origine\u00a0: Malawi  Qualit\u00e9\u00a0: tr\u00e8s \u00e9lev\u00e9e (AA)  Couleur\u00a0: bleu, bleu clair, gris-bleu \u2013 la couleur varie d\u2019une pierre \u00e0 l\u2019autre, ce bijou \u00e9tant de fabrication artisanale\u00a0; la pierre est translucide  Taille : 16 \u2013 18 cm  Les pierres artisanales peuvent varier tr\u00e8s l\u00e9g\u00e8rement en taille et en couleur\" \/>\n<meta property=\"og:url\" content=\"https:\/\/www.spirit-us.eu\/index.php\/produit\/bracelet-en-calcedoine\/\" \/>\n<meta property=\"og:site_name\" content=\"Spirit-US\" \/>\n<meta property=\"article:publisher\" content=\"https:\/\/www.facebook.com\/spirit.us.deum\" \/>\n<meta property=\"article:modified_time\" content=\"2025-12-17T09:51:43+00:00\" \/>\n<meta property=\"og:image\" content=\"https:\/\/www.spirit-us.eu\/wp-content\/uploads\/2025\/01\/bracelet-calcedoine.png\" \/>\n\t<meta property=\"og:image:width\" content=\"1080\" \/>\n\t<meta property=\"og:image:height\" content=\"1080\" \/>\n\t<meta property=\"og:image:type\" content=\"image\/png\" \/>\n<meta name=\"twitter:card\" content=\"summary_large_image\" \/>\n<meta name=\"twitter:label1\" content=\"Dur\u00e9e de lecture estim\u00e9e\" \/>\n\t<meta name=\"twitter:data1\" content=\"3 minutes\" \/>\n<script type=\"application\/ld+json\" class=\"yoast-schema-graph\">{\"@context\":\"https:\/\/schema.org\",\"@graph\":[{\"@type\":\"WebPage\",\"@id\":\"https:\/\/www.spirit-us.eu\/index.php\/produit\/bracelet-en-calcedoine\/\",\"url\":\"https:\/\/www.spirit-us.eu\/index.php\/produit\/bracelet-en-calcedoine\/\",\"name\":\"Bracelet en calc\u00e9doine - Spirit-US\",\"isPartOf\":{\"@id\":\"https:\/\/www.spirit-us.eu\/#website\"},\"primaryImageOfPage\":{\"@id\":\"https:\/\/www.spirit-us.eu\/index.php\/produit\/bracelet-en-calcedoine\/#primaryimage\"},\"image\":{\"@id\":\"https:\/\/www.spirit-us.eu\/index.php\/produit\/bracelet-en-calcedoine\/#primaryimage\"},\"thumbnailUrl\":\"https:\/\/www.spirit-us.eu\/wp-content\/uploads\/2025\/01\/bracelet-calcedoine.png\",\"datePublished\":\"2025-01-31T09:26:45+00:00\",\"dateModified\":\"2025-12-17T09:51:43+00:00\",\"breadcrumb\":{\"@id\":\"https:\/\/www.spirit-us.eu\/index.php\/produit\/bracelet-en-calcedoine\/#breadcrumb\"},\"inLanguage\":\"fr-FR\",\"potentialAction\":[{\"@type\":\"ReadAction\",\"target\":[\"https:\/\/www.spirit-us.eu\/index.php\/produit\/bracelet-en-calcedoine\/\"]}]},{\"@type\":\"ImageObject\",\"inLanguage\":\"fr-FR\",\"@id\":\"https:\/\/www.spirit-us.eu\/index.php\/produit\/bracelet-en-calcedoine\/#primaryimage\",\"url\":\"https:\/\/www.spirit-us.eu\/wp-content\/uploads\/2025\/01\/bracelet-calcedoine.png\",\"contentUrl\":\"https:\/\/www.spirit-us.eu\/wp-content\/uploads\/2025\/01\/bracelet-calcedoine.png\",\"width\":1080,\"height\":1080},{\"@type\":\"BreadcrumbList\",\"@id\":\"https:\/\/www.spirit-us.eu\/index.php\/produit\/bracelet-en-calcedoine\/#breadcrumb\",\"itemListElement\":[{\"@type\":\"ListItem\",\"position\":1,\"name\":\"Accueil\",\"item\":\"https:\/\/www.spirit-us.eu\/\"},{\"@type\":\"ListItem\",\"position\":2,\"name\":\"Boutique\",\"item\":\"https:\/\/www.spirit-us.eu\/index.php\/boutique\/\"},{\"@type\":\"ListItem\",\"position\":3,\"name\":\"Bracelet en calc\u00e9doine\"}]},{\"@type\":\"WebSite\",\"@id\":\"https:\/\/www.spirit-us.eu\/#website\",\"url\":\"https:\/\/www.spirit-us.eu\/\",\"name\":\"Spirit-US\",\"description\":\"\",\"publisher\":{\"@id\":\"https:\/\/www.spirit-us.eu\/#organization\"},\"potentialAction\":[{\"@type\":\"SearchAction\",\"target\":{\"@type\":\"EntryPoint\",\"urlTemplate\":\"https:\/\/www.spirit-us.eu\/?s={search_term_string}\"},\"query-input\":{\"@type\":\"PropertyValueSpecification\",\"valueRequired\":true,\"valueName\":\"search_term_string\"}}],\"inLanguage\":\"fr-FR\"},{\"@type\":\"Organization\",\"@id\":\"https:\/\/www.spirit-us.eu\/#organization\",\"name\":\"Spirit-US\",\"url\":\"https:\/\/www.spirit-us.eu\/\",\"logo\":{\"@type\":\"ImageObject\",\"inLanguage\":\"fr-FR\",\"@id\":\"https:\/\/www.spirit-us.eu\/#\/schema\/logo\/image\/\",\"url\":\"https:\/\/www.spirit-us.eu\/wp-content\/uploads\/2025\/11\/logo-regarde-linterlocutrice-sans-arrriere-plan.jpg\",\"contentUrl\":\"https:\/\/www.spirit-us.eu\/wp-content\/uploads\/2025\/11\/logo-regarde-linterlocutrice-sans-arrriere-plan.jpg\",\"width\":1080,\"height\":1080,\"caption\":\"Spirit-US\"},\"image\":{\"@id\":\"https:\/\/www.spirit-us.eu\/#\/schema\/logo\/image\/\"},\"sameAs\":[\"https:\/\/www.facebook.com\/spirit.us.deum\"]}]}<\/script>\n<!-- \/ Yoast SEO plugin. -->","yoast_head_json":{"title":"Bracelet en calc\u00e9doine - Spirit-US","robots":{"index":"index","follow":"follow","max-snippet":"max-snippet:-1","max-image-preview":"max-image-preview:large","max-video-preview":"max-video-preview:-1"},"canonical":"https:\/\/www.spirit-us.eu\/index.php\/produit\/bracelet-en-calcedoine\/","og_locale":"fr_FR","og_type":"article","og_title":"Bracelet en calc\u00e9doine - Spirit-US","og_description":"Tr\u00e8s joli bracelet en perles (pierres roul\u00e9es) de calc\u00e9doine bleue \u2013 en lien direct avec le chakra de la gorge que cette pierre aide \u00e0 purifier.  Cat\u00e9gories\u00a0: bijoux, bijoux artisanaux, pendentifs, pierres polies ou roul\u00e9es  Pierre : calc\u00e9doine bleue \u2013 100% pierre naturelle manufactur\u00e9e  Origine\u00a0: Malawi  Qualit\u00e9\u00a0: tr\u00e8s \u00e9lev\u00e9e (AA)  Couleur\u00a0: bleu, bleu clair, gris-bleu \u2013 la couleur varie d\u2019une pierre \u00e0 l\u2019autre, ce bijou \u00e9tant de fabrication artisanale\u00a0; la pierre est translucide  Taille : 16 \u2013 18 cm  Les pierres artisanales peuvent varier tr\u00e8s l\u00e9g\u00e8rement en taille et en couleur","og_url":"https:\/\/www.spirit-us.eu\/index.php\/produit\/bracelet-en-calcedoine\/","og_site_name":"Spirit-US","article_publisher":"https:\/\/www.facebook.com\/spirit.us.deum","article_modified_time":"2025-12-17T09:51:43+00:00","og_image":[{"width":1080,"height":1080,"url":"https:\/\/www.spirit-us.eu\/wp-content\/uploads\/2025\/01\/bracelet-calcedoine.png","type":"image\/png"}],"twitter_card":"summary_large_image","twitter_misc":{"Dur\u00e9e de lecture estim\u00e9e":"3 minutes"},"schema":{"@context":"https:\/\/schema.org","@graph":[{"@type":"WebPage","@id":"https:\/\/www.spirit-us.eu\/index.php\/produit\/bracelet-en-calcedoine\/","url":"https:\/\/www.spirit-us.eu\/index.php\/produit\/bracelet-en-calcedoine\/","name":"Bracelet en calc\u00e9doine - Spirit-US","isPartOf":{"@id":"https:\/\/www.spirit-us.eu\/#website"},"primaryImageOfPage":{"@id":"https:\/\/www.spirit-us.eu\/index.php\/produit\/bracelet-en-calcedoine\/#primaryimage"},"image":{"@id":"https:\/\/www.spirit-us.eu\/index.php\/produit\/bracelet-en-calcedoine\/#primaryimage"},"thumbnailUrl":"https:\/\/www.spirit-us.eu\/wp-content\/uploads\/2025\/01\/bracelet-calcedoine.png","datePublished":"2025-01-31T09:26:45+00:00","dateModified":"2025-12-17T09:51:43+00:00","breadcrumb":{"@id":"https:\/\/www.spirit-us.eu\/index.php\/produit\/bracelet-en-calcedoine\/#breadcrumb"},"inLanguage":"fr-FR","potentialAction":[{"@type":"ReadAction","target":["https:\/\/www.spirit-us.eu\/index.php\/produit\/bracelet-en-calcedoine\/"]}]},{"@type":"ImageObject","inLanguage":"fr-FR","@id":"https:\/\/www.spirit-us.eu\/index.php\/produit\/bracelet-en-calcedoine\/#primaryimage","url":"https:\/\/www.spirit-us.eu\/wp-content\/uploads\/2025\/01\/bracelet-calcedoine.png","contentUrl":"https:\/\/www.spirit-us.eu\/wp-content\/uploads\/2025\/01\/bracelet-calcedoine.png","width":1080,"height":1080},{"@type":"BreadcrumbList","@id":"https:\/\/www.spirit-us.eu\/index.php\/produit\/bracelet-en-calcedoine\/#breadcrumb","itemListElement":[{"@type":"ListItem","position":1,"name":"Accueil","item":"https:\/\/www.spirit-us.eu\/"},{"@type":"ListItem","position":2,"name":"Boutique","item":"https:\/\/www.spirit-us.eu\/index.php\/boutique\/"},{"@type":"ListItem","position":3,"name":"Bracelet en calc\u00e9doine"}]},{"@type":"WebSite","@id":"https:\/\/www.spirit-us.eu\/#website","url":"https:\/\/www.spirit-us.eu\/","name":"Spirit-US","description":"","publisher":{"@id":"https:\/\/www.spirit-us.eu\/#organization"},"potentialAction":[{"@type":"SearchAction","target":{"@type":"EntryPoint","urlTemplate":"https:\/\/www.spirit-us.eu\/?s={search_term_string}"},"query-input":{"@type":"PropertyValueSpecification","valueRequired":true,"valueName":"search_term_string"}}],"inLanguage":"fr-FR"},{"@type":"Organization","@id":"https:\/\/www.spirit-us.eu\/#organization","name":"Spirit-US","url":"https:\/\/www.spirit-us.eu\/","logo":{"@type":"ImageObject","inLanguage":"fr-FR","@id":"https:\/\/www.spirit-us.eu\/#\/schema\/logo\/image\/","url":"https:\/\/www.spirit-us.eu\/wp-content\/uploads\/2025\/11\/logo-regarde-linterlocutrice-sans-arrriere-plan.jpg","contentUrl":"https:\/\/www.spirit-us.eu\/wp-content\/uploads\/2025\/11\/logo-regarde-linterlocutrice-sans-arrriere-plan.jpg","width":1080,"height":1080,"caption":"Spirit-US"},"image":{"@id":"https:\/\/www.spirit-us.eu\/#\/schema\/logo\/image\/"},"sameAs":["https:\/\/www.facebook.com\/spirit.us.deum"]}]}},"jetpack_sharing_enabled":true,"_links":{"self":[{"href":"https:\/\/www.spirit-us.eu\/index.php\/wp-json\/wp\/v2\/product\/388","targetHints":{"allow":["GET"]}}],"collection":[{"href":"https:\/\/www.spirit-us.eu\/index.php\/wp-json\/wp\/v2\/product"}],"about":[{"href":"https:\/\/www.spirit-us.eu\/index.php\/wp-json\/wp\/v2\/types\/product"}],"replies":[{"embeddable":true,"href":"https:\/\/www.spirit-us.eu\/index.php\/wp-json\/wp\/v2\/comments?post=388"}],"wp:featuredmedia":[{"embeddable":true,"href":"https:\/\/www.spirit-us.eu\/index.php\/wp-json\/wp\/v2\/media\/389"}],"wp:attachment":[{"href":"https:\/\/www.spirit-us.eu\/index.php\/wp-json\/wp\/v2\/media?parent=388"}],"wp:term":[{"taxonomy":"product_brand","embeddable":true,"href":"https:\/\/www.spirit-us.eu\/index.php\/wp-json\/wp\/v2\/product_brand?post=388"},{"taxonomy":"product_cat","embeddable":true,"href":"https:\/\/www.spirit-us.eu\/index.php\/wp-json\/wp\/v2\/product_cat?post=388"},{"taxonomy":"product_tag","embeddable":true,"href":"https:\/\/www.spirit-us.eu\/index.php\/wp-json\/wp\/v2\/product_tag?post=388"},{"taxonomy":"mwb_booking_cost","embeddable":true,"href":"https:\/\/www.spirit-us.eu\/index.php\/wp-json\/wp\/v2\/mwb_booking_cost?post=388"},{"taxonomy":"mwb_booking_service","embeddable":true,"href":"https:\/\/www.spirit-us.eu\/index.php\/wp-json\/wp\/v2\/mwb_booking_service?post=388"}],"curies":[{"name":"wp","href":"https:\/\/api.w.org\/{rel}","templated":true}]}}