{"id":3829,"date":"2026-01-06T16:23:01","date_gmt":"2026-01-06T15:23:01","guid":{"rendered":"https:\/\/www.spirit-us.eu\/?post_type=product&#038;p=3829"},"modified":"2026-01-06T16:25:26","modified_gmt":"2026-01-06T15:25:26","slug":"petite-pyramide-de-geobiologie-en-lapis-lazuli","status":"publish","type":"product","link":"https:\/\/www.spirit-us.eu\/index.php\/produit\/petite-pyramide-de-geobiologie-en-lapis-lazuli\/","title":{"rendered":"Petite PYRAMIDE DE GEOBIOLOGIE EN LAPIS LAZULI"},"content":{"rendered":"<p><strong>Mat\u00e9riau<\/strong> : pierre naturelle : lapis lazuli<\/p>\n<p><strong>Couleur<\/strong> : bleu profond<\/p>\n<p><strong>Utilisations<\/strong> : d\u00e9corer, prot\u00e9ger<\/p>\n<p><strong>Dimensions<\/strong> : 4 cm de c\u00f4t\u00e9<\/p>\n<p><strong>Facture<\/strong> : artisanat, pierre polie \u00e0 la main<\/p>\n","protected":false},"excerpt":{"rendered":"<p style=\"text-align: justify;\">Afin de pr\u00e9munir votre foyer des ondes \u00e9lectromagn\u00e9tiques diffus\u00e9es par le wifi, le t\u00e9l\u00e9phone, l\u2019ordinateur, les \u00e9metteurs ou lignes \u00e0 haute tension, disposez une pyramide ou un \u0153uf en pierre naturelle dans vos pi\u00e8ces de vie.<\/p>\n","protected":false},"featured_media":3830,"comment_status":"open","ping_status":"closed","template":"","meta":[],"product_brand":[],"product_cat":[180,499,503,17],"product_tag":[291,514,293,411],"mwb_booking_cost":[],"mwb_booking_service":[],"class_list":{"0":"post-3829","1":"product","2":"type-product","3":"status-publish","4":"has-post-thumbnail","6":"product_cat-09-decoration","7":"product_cat-03-energetique","8":"product_cat-geobiologie","9":"product_cat-tous-les-produits","10":"product_tag-geobiologie","11":"product_tag-lapis-lazuli","12":"product_tag-protection-spirituelle","13":"product_tag-pyramide","15":"first","16":"instock","17":"shipping-taxable","18":"purchasable","19":"product-type-simple"},"yoast_head":"<!-- This site is optimized with the Yoast SEO plugin v27.1.1 - https:\/\/yoast.com\/product\/yoast-seo-wordpress\/ -->\n<title>Petite PYRAMIDE DE GEOBIOLOGIE EN LAPIS LAZULI - Spirit-US<\/title>\n<meta name=\"robots\" content=\"index, follow, max-snippet:-1, max-image-preview:large, max-video-preview:-1\" \/>\n<link rel=\"canonical\" href=\"https:\/\/www.spirit-us.eu\/index.php\/produit\/petite-pyramide-de-geobiologie-en-lapis-lazuli\/\" \/>\n<meta property=\"og:locale\" content=\"fr_FR\" \/>\n<meta property=\"og:type\" content=\"article\" \/>\n<meta property=\"og:title\" content=\"Petite PYRAMIDE DE GEOBIOLOGIE EN LAPIS LAZULI - Spirit-US\" \/>\n<meta property=\"og:description\" content=\"Afin de pr\u00e9munir votre foyer des ondes \u00e9lectromagn\u00e9tiques diffus\u00e9es par le wifi, le t\u00e9l\u00e9phone, l\u2019ordinateur, les \u00e9metteurs ou lignes \u00e0 haute tension, disposez une pyramide ou un \u0153uf en pierre naturelle dans vos pi\u00e8ces de vie.\" \/>\n<meta property=\"og:url\" content=\"https:\/\/www.spirit-us.eu\/index.php\/produit\/petite-pyramide-de-geobiologie-en-lapis-lazuli\/\" \/>\n<meta property=\"og:site_name\" content=\"Spirit-US\" \/>\n<meta property=\"article:publisher\" content=\"https:\/\/www.facebook.com\/spirit.us.deum\" \/>\n<meta property=\"article:modified_time\" content=\"2026-01-06T15:25:26+00:00\" \/>\n<meta property=\"og:image\" content=\"https:\/\/www.spirit-us.eu\/wp-content\/uploads\/2026\/01\/pyramide-en-lapis-lazuli-image-produit.png\" \/>\n\t<meta property=\"og:image:width\" content=\"1080\" \/>\n\t<meta property=\"og:image:height\" content=\"1080\" \/>\n\t<meta property=\"og:image:type\" content=\"image\/png\" \/>\n<meta name=\"twitter:card\" content=\"summary_large_image\" \/>\n<meta name=\"twitter:label1\" content=\"Dur\u00e9e de lecture estim\u00e9e\" \/>\n\t<meta name=\"twitter:data1\" content=\"1 minute\" \/>\n<script type=\"application\/ld+json\" class=\"yoast-schema-graph\">{\"@context\":\"https:\/\/schema.org\",\"@graph\":[{\"@type\":\"WebPage\",\"@id\":\"https:\/\/www.spirit-us.eu\/index.php\/produit\/petite-pyramide-de-geobiologie-en-lapis-lazuli\/\",\"url\":\"https:\/\/www.spirit-us.eu\/index.php\/produit\/petite-pyramide-de-geobiologie-en-lapis-lazuli\/\",\"name\":\"Petite PYRAMIDE DE GEOBIOLOGIE EN LAPIS LAZULI - Spirit-US\",\"isPartOf\":{\"@id\":\"https:\/\/www.spirit-us.eu\/#website\"},\"primaryImageOfPage\":{\"@id\":\"https:\/\/www.spirit-us.eu\/index.php\/produit\/petite-pyramide-de-geobiologie-en-lapis-lazuli\/#primaryimage\"},\"image\":{\"@id\":\"https:\/\/www.spirit-us.eu\/index.php\/produit\/petite-pyramide-de-geobiologie-en-lapis-lazuli\/#primaryimage\"},\"thumbnailUrl\":\"https:\/\/www.spirit-us.eu\/wp-content\/uploads\/2026\/01\/pyramide-en-lapis-lazuli-image-produit.png\",\"datePublished\":\"2026-01-06T15:23:01+00:00\",\"dateModified\":\"2026-01-06T15:25:26+00:00\",\"breadcrumb\":{\"@id\":\"https:\/\/www.spirit-us.eu\/index.php\/produit\/petite-pyramide-de-geobiologie-en-lapis-lazuli\/#breadcrumb\"},\"inLanguage\":\"fr-FR\",\"potentialAction\":[{\"@type\":\"ReadAction\",\"target\":[\"https:\/\/www.spirit-us.eu\/index.php\/produit\/petite-pyramide-de-geobiologie-en-lapis-lazuli\/\"]}]},{\"@type\":\"ImageObject\",\"inLanguage\":\"fr-FR\",\"@id\":\"https:\/\/www.spirit-us.eu\/index.php\/produit\/petite-pyramide-de-geobiologie-en-lapis-lazuli\/#primaryimage\",\"url\":\"https:\/\/www.spirit-us.eu\/wp-content\/uploads\/2026\/01\/pyramide-en-lapis-lazuli-image-produit.png\",\"contentUrl\":\"https:\/\/www.spirit-us.eu\/wp-content\/uploads\/2026\/01\/pyramide-en-lapis-lazuli-image-produit.png\",\"width\":1080,\"height\":1080},{\"@type\":\"BreadcrumbList\",\"@id\":\"https:\/\/www.spirit-us.eu\/index.php\/produit\/petite-pyramide-de-geobiologie-en-lapis-lazuli\/#breadcrumb\",\"itemListElement\":[{\"@type\":\"ListItem\",\"position\":1,\"name\":\"Accueil\",\"item\":\"https:\/\/www.spirit-us.eu\/\"},{\"@type\":\"ListItem\",\"position\":2,\"name\":\"Boutique\",\"item\":\"https:\/\/www.spirit-us.eu\/index.php\/boutique\/\"},{\"@type\":\"ListItem\",\"position\":3,\"name\":\"Petite PYRAMIDE DE GEOBIOLOGIE EN LAPIS LAZULI\"}]},{\"@type\":\"WebSite\",\"@id\":\"https:\/\/www.spirit-us.eu\/#website\",\"url\":\"https:\/\/www.spirit-us.eu\/\",\"name\":\"Spirit-US\",\"description\":\"\",\"publisher\":{\"@id\":\"https:\/\/www.spirit-us.eu\/#organization\"},\"potentialAction\":[{\"@type\":\"SearchAction\",\"target\":{\"@type\":\"EntryPoint\",\"urlTemplate\":\"https:\/\/www.spirit-us.eu\/?s={search_term_string}\"},\"query-input\":{\"@type\":\"PropertyValueSpecification\",\"valueRequired\":true,\"valueName\":\"search_term_string\"}}],\"inLanguage\":\"fr-FR\"},{\"@type\":\"Organization\",\"@id\":\"https:\/\/www.spirit-us.eu\/#organization\",\"name\":\"Spirit-US\",\"url\":\"https:\/\/www.spirit-us.eu\/\",\"logo\":{\"@type\":\"ImageObject\",\"inLanguage\":\"fr-FR\",\"@id\":\"https:\/\/www.spirit-us.eu\/#\/schema\/logo\/image\/\",\"url\":\"https:\/\/www.spirit-us.eu\/wp-content\/uploads\/2025\/11\/logo-regarde-linterlocutrice-sans-arrriere-plan.jpg\",\"contentUrl\":\"https:\/\/www.spirit-us.eu\/wp-content\/uploads\/2025\/11\/logo-regarde-linterlocutrice-sans-arrriere-plan.jpg\",\"width\":1080,\"height\":1080,\"caption\":\"Spirit-US\"},\"image\":{\"@id\":\"https:\/\/www.spirit-us.eu\/#\/schema\/logo\/image\/\"},\"sameAs\":[\"https:\/\/www.facebook.com\/spirit.us.deum\"]}]}<\/script>\n<!-- \/ Yoast SEO plugin. -->","yoast_head_json":{"title":"Petite PYRAMIDE DE GEOBIOLOGIE EN LAPIS LAZULI - Spirit-US","robots":{"index":"index","follow":"follow","max-snippet":"max-snippet:-1","max-image-preview":"max-image-preview:large","max-video-preview":"max-video-preview:-1"},"canonical":"https:\/\/www.spirit-us.eu\/index.php\/produit\/petite-pyramide-de-geobiologie-en-lapis-lazuli\/","og_locale":"fr_FR","og_type":"article","og_title":"Petite PYRAMIDE DE GEOBIOLOGIE EN LAPIS LAZULI - Spirit-US","og_description":"Afin de pr\u00e9munir votre foyer des ondes \u00e9lectromagn\u00e9tiques diffus\u00e9es par le wifi, le t\u00e9l\u00e9phone, l\u2019ordinateur, les \u00e9metteurs ou lignes \u00e0 haute tension, disposez une pyramide ou un \u0153uf en pierre naturelle dans vos pi\u00e8ces de vie.","og_url":"https:\/\/www.spirit-us.eu\/index.php\/produit\/petite-pyramide-de-geobiologie-en-lapis-lazuli\/","og_site_name":"Spirit-US","article_publisher":"https:\/\/www.facebook.com\/spirit.us.deum","article_modified_time":"2026-01-06T15:25:26+00:00","og_image":[{"width":1080,"height":1080,"url":"https:\/\/www.spirit-us.eu\/wp-content\/uploads\/2026\/01\/pyramide-en-lapis-lazuli-image-produit.png","type":"image\/png"}],"twitter_card":"summary_large_image","twitter_misc":{"Dur\u00e9e de lecture estim\u00e9e":"1 minute"},"schema":{"@context":"https:\/\/schema.org","@graph":[{"@type":"WebPage","@id":"https:\/\/www.spirit-us.eu\/index.php\/produit\/petite-pyramide-de-geobiologie-en-lapis-lazuli\/","url":"https:\/\/www.spirit-us.eu\/index.php\/produit\/petite-pyramide-de-geobiologie-en-lapis-lazuli\/","name":"Petite PYRAMIDE DE GEOBIOLOGIE EN LAPIS LAZULI - Spirit-US","isPartOf":{"@id":"https:\/\/www.spirit-us.eu\/#website"},"primaryImageOfPage":{"@id":"https:\/\/www.spirit-us.eu\/index.php\/produit\/petite-pyramide-de-geobiologie-en-lapis-lazuli\/#primaryimage"},"image":{"@id":"https:\/\/www.spirit-us.eu\/index.php\/produit\/petite-pyramide-de-geobiologie-en-lapis-lazuli\/#primaryimage"},"thumbnailUrl":"https:\/\/www.spirit-us.eu\/wp-content\/uploads\/2026\/01\/pyramide-en-lapis-lazuli-image-produit.png","datePublished":"2026-01-06T15:23:01+00:00","dateModified":"2026-01-06T15:25:26+00:00","breadcrumb":{"@id":"https:\/\/www.spirit-us.eu\/index.php\/produit\/petite-pyramide-de-geobiologie-en-lapis-lazuli\/#breadcrumb"},"inLanguage":"fr-FR","potentialAction":[{"@type":"ReadAction","target":["https:\/\/www.spirit-us.eu\/index.php\/produit\/petite-pyramide-de-geobiologie-en-lapis-lazuli\/"]}]},{"@type":"ImageObject","inLanguage":"fr-FR","@id":"https:\/\/www.spirit-us.eu\/index.php\/produit\/petite-pyramide-de-geobiologie-en-lapis-lazuli\/#primaryimage","url":"https:\/\/www.spirit-us.eu\/wp-content\/uploads\/2026\/01\/pyramide-en-lapis-lazuli-image-produit.png","contentUrl":"https:\/\/www.spirit-us.eu\/wp-content\/uploads\/2026\/01\/pyramide-en-lapis-lazuli-image-produit.png","width":1080,"height":1080},{"@type":"BreadcrumbList","@id":"https:\/\/www.spirit-us.eu\/index.php\/produit\/petite-pyramide-de-geobiologie-en-lapis-lazuli\/#breadcrumb","itemListElement":[{"@type":"ListItem","position":1,"name":"Accueil","item":"https:\/\/www.spirit-us.eu\/"},{"@type":"ListItem","position":2,"name":"Boutique","item":"https:\/\/www.spirit-us.eu\/index.php\/boutique\/"},{"@type":"ListItem","position":3,"name":"Petite PYRAMIDE DE GEOBIOLOGIE EN LAPIS LAZULI"}]},{"@type":"WebSite","@id":"https:\/\/www.spirit-us.eu\/#website","url":"https:\/\/www.spirit-us.eu\/","name":"Spirit-US","description":"","publisher":{"@id":"https:\/\/www.spirit-us.eu\/#organization"},"potentialAction":[{"@type":"SearchAction","target":{"@type":"EntryPoint","urlTemplate":"https:\/\/www.spirit-us.eu\/?s={search_term_string}"},"query-input":{"@type":"PropertyValueSpecification","valueRequired":true,"valueName":"search_term_string"}}],"inLanguage":"fr-FR"},{"@type":"Organization","@id":"https:\/\/www.spirit-us.eu\/#organization","name":"Spirit-US","url":"https:\/\/www.spirit-us.eu\/","logo":{"@type":"ImageObject","inLanguage":"fr-FR","@id":"https:\/\/www.spirit-us.eu\/#\/schema\/logo\/image\/","url":"https:\/\/www.spirit-us.eu\/wp-content\/uploads\/2025\/11\/logo-regarde-linterlocutrice-sans-arrriere-plan.jpg","contentUrl":"https:\/\/www.spirit-us.eu\/wp-content\/uploads\/2025\/11\/logo-regarde-linterlocutrice-sans-arrriere-plan.jpg","width":1080,"height":1080,"caption":"Spirit-US"},"image":{"@id":"https:\/\/www.spirit-us.eu\/#\/schema\/logo\/image\/"},"sameAs":["https:\/\/www.facebook.com\/spirit.us.deum"]}]}},"jetpack_sharing_enabled":true,"_links":{"self":[{"href":"https:\/\/www.spirit-us.eu\/index.php\/wp-json\/wp\/v2\/product\/3829","targetHints":{"allow":["GET"]}}],"collection":[{"href":"https:\/\/www.spirit-us.eu\/index.php\/wp-json\/wp\/v2\/product"}],"about":[{"href":"https:\/\/www.spirit-us.eu\/index.php\/wp-json\/wp\/v2\/types\/product"}],"replies":[{"embeddable":true,"href":"https:\/\/www.spirit-us.eu\/index.php\/wp-json\/wp\/v2\/comments?post=3829"}],"wp:featuredmedia":[{"embeddable":true,"href":"https:\/\/www.spirit-us.eu\/index.php\/wp-json\/wp\/v2\/media\/3830"}],"wp:attachment":[{"href":"https:\/\/www.spirit-us.eu\/index.php\/wp-json\/wp\/v2\/media?parent=3829"}],"wp:term":[{"taxonomy":"product_brand","embeddable":true,"href":"https:\/\/www.spirit-us.eu\/index.php\/wp-json\/wp\/v2\/product_brand?post=3829"},{"taxonomy":"product_cat","embeddable":true,"href":"https:\/\/www.spirit-us.eu\/index.php\/wp-json\/wp\/v2\/product_cat?post=3829"},{"taxonomy":"product_tag","embeddable":true,"href":"https:\/\/www.spirit-us.eu\/index.php\/wp-json\/wp\/v2\/product_tag?post=3829"},{"taxonomy":"mwb_booking_cost","embeddable":true,"href":"https:\/\/www.spirit-us.eu\/index.php\/wp-json\/wp\/v2\/mwb_booking_cost?post=3829"},{"taxonomy":"mwb_booking_service","embeddable":true,"href":"https:\/\/www.spirit-us.eu\/index.php\/wp-json\/wp\/v2\/mwb_booking_service?post=3829"}],"curies":[{"name":"wp","href":"https:\/\/api.w.org\/{rel}","templated":true}]}}