{"id":379,"date":"2025-01-31T10:04:04","date_gmt":"2025-01-31T09:04:04","guid":{"rendered":"https:\/\/www.spirit-us.eu\/?post_type=product&#038;p=379"},"modified":"2026-03-26T15:06:52","modified_gmt":"2026-03-26T14:06:52","slug":"soin-le-chakra-de-la-gorge-et-lame-soigner-debloquer-purifier","status":"publish","type":"product","link":"https:\/\/www.spirit-us.eu\/index.php\/produit\/soin-le-chakra-de-la-gorge-et-lame-soigner-debloquer-purifier\/","title":{"rendered":"DEBLOQUER &#038; PURIFIER le CHAKRA de la GORGE"},"content":{"rendered":"<p>Voyez ma vid\u00e9o sur le sujet : <a href=\"https:\/\/youtu.be\/z-OqC6xugFk\" target=\"_blank\" rel=\"noopener\">https:\/\/youtu.be\/z-OqC6xugFk<\/a><\/p>\n<p>Soin hypnotique pour d\u00e9bloquer le chakra de la gorge. La gorge et l&rsquo;\u00e2me : soigner le lien et la connexion. Les gestes d&rsquo;auto-soin qui accompagnent la mise en relaxation s&rsquo;inspirent d&rsquo;une discipline gu\u00e9risseuse appel\u00e9e acupression (c&rsquo;est un principe similaire \u00e0 l&rsquo;acupuncture mais sans aiguilles, \u00e0 la place on utilise la pression des pouces pour d\u00e9bloquer les m\u00e9ridiens et les douleurs cristallis\u00e9es dans ces lignes \u00e9nerg\u00e9tiques corporelles).\u00a0 Pour que le r\u00e9sultat soit optimal, le livret, p.5, vous montre le sch\u00e9ma des gestes \u00e0 effecteur et pour vous aider le mieux possible, j&rsquo;ai isol\u00e9 la partie de l&rsquo;audio qui vous sugg\u00e8re d&rsquo;effectuer ces gestes.\u00a0 Exercez-vous AVANT de passer au soin, afin que tout soit fluide lorsque vous vous offrirez le temps du soin, pour que les gestes soient vraiment gu\u00e9risseurs et magn\u00e9tiques.\u00a0 Si vous avez la moindre question, n&rsquo;h\u00e9sitez pas \u00e0 la poser <a href=\"https:\/\/www.spirit-us.eu\/index.php\/contactez-nous\/\" target=\"_blank\" rel=\"noopener\"><strong>via ce formulaire de contact<\/strong><\/a>.<\/p>\n<p><strong>Dur\u00e9e de l&rsquo;audio<\/strong> : 40 minutes<\/p>\n<p><strong>Musique<\/strong> : mont\u00e9 avec musique de relaxation<\/p>\n<p><strong>Brochure<\/strong> : ce soin n\u00e9cessite l&rsquo;apprentissage de gestes bien-\u00eatre d\u00e9crits dans une brochure agr\u00e9ablement pr\u00e9sent\u00e9e livr\u00e9e en t\u00e9l\u00e9chargement en m\u00eame temps que l&rsquo;audio<\/p>\n<p>L&rsquo;objectif de ce soin est de vous permettre de travailler le probl\u00e8me du blocage du chakra de la gorge en autonomie et \u00e0 votre rythme.<\/p>\n<p>Il est avantageusement compl\u00e9t\u00e9 par un autre soin audio : CHAKRA DE LA GORGE &#8211; Surmonter la peur de \u00ab\u00a0se dire\u00a0\u00bb.<\/p>\n","protected":false},"excerpt":{"rendered":"<p style=\"text-align: justify;\">Cet autosoin t\u00e9l\u00e9chargeable au format audio mp3 est destin\u00e9 \u00e0 toute personne qui \u00e9prouve des difficult\u00e9s \u00e0 s&rsquo;exprimer, ou qui souffre d&rsquo;un blocage soudain ou r\u00e9current de la gorge.\u00a0 Des infections ou des inflammations chroniques de la gorge, l&rsquo;oesophage, l&rsquo;estomac et au diaphragme (li\u00e9s au stress) peuvent en \u00eatre la cause principale.\u00a0 Des attaques spirituelles aussi.\u00a0 Ce soin sera d&rsquo;une grande aide pour quiconque doit communiquer avec les autres : un expos\u00e9 en classe, des difficult\u00e9s avec quelqu&rsquo;un avec qui il est difficile de \u00ab\u00a0s&rsquo;expliquer\u00a0\u00bb, ou toute personne exer\u00e7ant un m\u00e9tier o\u00f9 il faut parler : vendeurs, journalistes, professeur.es, avocat.es, youtubeurs, etc. Le soin s&rsquo;adresse \u00e0 l&rsquo;\u00e2me en souffrance, car elle est le vecteur du souffle, bloqu\u00e9 dans la gorge (comme si on oubliait de respirer). C&rsquo;est une premi\u00e8re \u00e9tape pour la restauration de la communication harmonieuse : reprendre contact avec soi et comprendre ce qui bloque. Merci de lire toutes les recommandations pour que ce soin vous apporte tous ses bienfaits de fa\u00e7on optimale.<\/p>\n<p>&nbsp;<\/p>\n","protected":false},"featured_media":4542,"comment_status":"open","ping_status":"closed","template":"","meta":[],"product_brand":[],"product_cat":[155,17],"product_tag":[167,588,173,591,587,589,590],"mwb_booking_cost":[],"mwb_booking_service":[],"class_list":{"0":"post-379","1":"product","2":"type-product","3":"status-publish","4":"has-post-thumbnail","6":"product_cat-02-soins-accueil","7":"product_cat-tous-les-produits","8":"product_tag-bleu","9":"product_tag-chakra-de-la-gorge","10":"product_tag-chakras","11":"product_tag-deblocage-des-chakras","12":"product_tag-gorge","13":"product_tag-parole","14":"product_tag-voix","16":"first","17":"instock","18":"downloadable","19":"virtual","20":"purchasable","21":"product-type-simple"},"yoast_head":"<!-- This site is optimized with the Yoast SEO plugin v27.1.1 - https:\/\/yoast.com\/product\/yoast-seo-wordpress\/ -->\n<title>DEBLOQUER &amp; PURIFIER le CHAKRA de la GORGE - Spirit-US<\/title>\n<meta name=\"description\" content=\"Auto soin au format audio mp3 pour d\u00e9bloquer et purifier le chakra de la gorge en souffrance. Id\u00e9al pour r\u00e9apprendre la prise de parole.\" \/>\n<meta name=\"robots\" content=\"index, follow, max-snippet:-1, max-image-preview:large, max-video-preview:-1\" \/>\n<link rel=\"canonical\" href=\"https:\/\/www.spirit-us.eu\/index.php\/produit\/soin-le-chakra-de-la-gorge-et-lame-soigner-debloquer-purifier\/\" \/>\n<meta property=\"og:locale\" content=\"fr_FR\" \/>\n<meta property=\"og:type\" content=\"article\" \/>\n<meta property=\"og:title\" content=\"DEBLOQUER &amp; PURIFIER le CHAKRA de la GORGE - Spirit-US\" \/>\n<meta property=\"og:description\" content=\"Auto soin au format audio mp3 pour d\u00e9bloquer et purifier le chakra de la gorge en souffrance. Id\u00e9al pour r\u00e9apprendre la prise de parole.\" \/>\n<meta property=\"og:url\" content=\"https:\/\/www.spirit-us.eu\/index.php\/produit\/soin-le-chakra-de-la-gorge-et-lame-soigner-debloquer-purifier\/\" \/>\n<meta property=\"og:site_name\" content=\"Spirit-US\" \/>\n<meta property=\"article:publisher\" content=\"https:\/\/www.facebook.com\/spirit.us.deum\" \/>\n<meta property=\"article:modified_time\" content=\"2026-03-26T14:06:52+00:00\" \/>\n<meta property=\"og:image\" content=\"https:\/\/www.spirit-us.eu\/wp-content\/uploads\/2025\/01\/5.-image-produit-soin-1.png\" \/>\n\t<meta property=\"og:image:width\" content=\"1080\" \/>\n\t<meta property=\"og:image:height\" content=\"1080\" \/>\n\t<meta property=\"og:image:type\" content=\"image\/png\" \/>\n<meta name=\"twitter:card\" content=\"summary_large_image\" \/>\n<meta name=\"twitter:label1\" content=\"Dur\u00e9e de lecture estim\u00e9e\" \/>\n\t<meta name=\"twitter:data1\" content=\"2 minutes\" \/>\n<script type=\"application\/ld+json\" class=\"yoast-schema-graph\">{\"@context\":\"https:\/\/schema.org\",\"@graph\":[{\"@type\":\"WebPage\",\"@id\":\"https:\/\/www.spirit-us.eu\/index.php\/produit\/soin-le-chakra-de-la-gorge-et-lame-soigner-debloquer-purifier\/\",\"url\":\"https:\/\/www.spirit-us.eu\/index.php\/produit\/soin-le-chakra-de-la-gorge-et-lame-soigner-debloquer-purifier\/\",\"name\":\"DEBLOQUER & PURIFIER le CHAKRA de la GORGE - Spirit-US\",\"isPartOf\":{\"@id\":\"https:\/\/www.spirit-us.eu\/#website\"},\"primaryImageOfPage\":{\"@id\":\"https:\/\/www.spirit-us.eu\/index.php\/produit\/soin-le-chakra-de-la-gorge-et-lame-soigner-debloquer-purifier\/#primaryimage\"},\"image\":{\"@id\":\"https:\/\/www.spirit-us.eu\/index.php\/produit\/soin-le-chakra-de-la-gorge-et-lame-soigner-debloquer-purifier\/#primaryimage\"},\"thumbnailUrl\":\"https:\/\/www.spirit-us.eu\/wp-content\/uploads\/2025\/01\/5.-image-produit-soin-1.png\",\"datePublished\":\"2025-01-31T09:04:04+00:00\",\"dateModified\":\"2026-03-26T14:06:52+00:00\",\"description\":\"Auto soin au format audio mp3 pour d\u00e9bloquer et purifier le chakra de la gorge en souffrance. Id\u00e9al pour r\u00e9apprendre la prise de parole.\",\"breadcrumb\":{\"@id\":\"https:\/\/www.spirit-us.eu\/index.php\/produit\/soin-le-chakra-de-la-gorge-et-lame-soigner-debloquer-purifier\/#breadcrumb\"},\"inLanguage\":\"fr-FR\",\"potentialAction\":[{\"@type\":\"ReadAction\",\"target\":[\"https:\/\/www.spirit-us.eu\/index.php\/produit\/soin-le-chakra-de-la-gorge-et-lame-soigner-debloquer-purifier\/\"]}]},{\"@type\":\"ImageObject\",\"inLanguage\":\"fr-FR\",\"@id\":\"https:\/\/www.spirit-us.eu\/index.php\/produit\/soin-le-chakra-de-la-gorge-et-lame-soigner-debloquer-purifier\/#primaryimage\",\"url\":\"https:\/\/www.spirit-us.eu\/wp-content\/uploads\/2025\/01\/5.-image-produit-soin-1.png\",\"contentUrl\":\"https:\/\/www.spirit-us.eu\/wp-content\/uploads\/2025\/01\/5.-image-produit-soin-1.png\",\"width\":1080,\"height\":1080},{\"@type\":\"BreadcrumbList\",\"@id\":\"https:\/\/www.spirit-us.eu\/index.php\/produit\/soin-le-chakra-de-la-gorge-et-lame-soigner-debloquer-purifier\/#breadcrumb\",\"itemListElement\":[{\"@type\":\"ListItem\",\"position\":1,\"name\":\"Accueil\",\"item\":\"https:\/\/www.spirit-us.eu\/\"},{\"@type\":\"ListItem\",\"position\":2,\"name\":\"Boutique\",\"item\":\"https:\/\/www.spirit-us.eu\/index.php\/boutique\/\"},{\"@type\":\"ListItem\",\"position\":3,\"name\":\"DEBLOQUER &#038; PURIFIER le CHAKRA de la GORGE\"}]},{\"@type\":\"WebSite\",\"@id\":\"https:\/\/www.spirit-us.eu\/#website\",\"url\":\"https:\/\/www.spirit-us.eu\/\",\"name\":\"Spirit-US\",\"description\":\"\",\"publisher\":{\"@id\":\"https:\/\/www.spirit-us.eu\/#organization\"},\"potentialAction\":[{\"@type\":\"SearchAction\",\"target\":{\"@type\":\"EntryPoint\",\"urlTemplate\":\"https:\/\/www.spirit-us.eu\/?s={search_term_string}\"},\"query-input\":{\"@type\":\"PropertyValueSpecification\",\"valueRequired\":true,\"valueName\":\"search_term_string\"}}],\"inLanguage\":\"fr-FR\"},{\"@type\":\"Organization\",\"@id\":\"https:\/\/www.spirit-us.eu\/#organization\",\"name\":\"Spirit-US\",\"url\":\"https:\/\/www.spirit-us.eu\/\",\"logo\":{\"@type\":\"ImageObject\",\"inLanguage\":\"fr-FR\",\"@id\":\"https:\/\/www.spirit-us.eu\/#\/schema\/logo\/image\/\",\"url\":\"https:\/\/www.spirit-us.eu\/wp-content\/uploads\/2025\/11\/logo-regarde-linterlocutrice-sans-arrriere-plan.jpg\",\"contentUrl\":\"https:\/\/www.spirit-us.eu\/wp-content\/uploads\/2025\/11\/logo-regarde-linterlocutrice-sans-arrriere-plan.jpg\",\"width\":1080,\"height\":1080,\"caption\":\"Spirit-US\"},\"image\":{\"@id\":\"https:\/\/www.spirit-us.eu\/#\/schema\/logo\/image\/\"},\"sameAs\":[\"https:\/\/www.facebook.com\/spirit.us.deum\"]}]}<\/script>\n<!-- \/ Yoast SEO plugin. -->","yoast_head_json":{"title":"DEBLOQUER & PURIFIER le CHAKRA de la GORGE - Spirit-US","description":"Auto soin au format audio mp3 pour d\u00e9bloquer et purifier le chakra de la gorge en souffrance. Id\u00e9al pour r\u00e9apprendre la prise de parole.","robots":{"index":"index","follow":"follow","max-snippet":"max-snippet:-1","max-image-preview":"max-image-preview:large","max-video-preview":"max-video-preview:-1"},"canonical":"https:\/\/www.spirit-us.eu\/index.php\/produit\/soin-le-chakra-de-la-gorge-et-lame-soigner-debloquer-purifier\/","og_locale":"fr_FR","og_type":"article","og_title":"DEBLOQUER & PURIFIER le CHAKRA de la GORGE - Spirit-US","og_description":"Auto soin au format audio mp3 pour d\u00e9bloquer et purifier le chakra de la gorge en souffrance. Id\u00e9al pour r\u00e9apprendre la prise de parole.","og_url":"https:\/\/www.spirit-us.eu\/index.php\/produit\/soin-le-chakra-de-la-gorge-et-lame-soigner-debloquer-purifier\/","og_site_name":"Spirit-US","article_publisher":"https:\/\/www.facebook.com\/spirit.us.deum","article_modified_time":"2026-03-26T14:06:52+00:00","og_image":[{"width":1080,"height":1080,"url":"https:\/\/www.spirit-us.eu\/wp-content\/uploads\/2025\/01\/5.-image-produit-soin-1.png","type":"image\/png"}],"twitter_card":"summary_large_image","twitter_misc":{"Dur\u00e9e de lecture estim\u00e9e":"2 minutes"},"schema":{"@context":"https:\/\/schema.org","@graph":[{"@type":"WebPage","@id":"https:\/\/www.spirit-us.eu\/index.php\/produit\/soin-le-chakra-de-la-gorge-et-lame-soigner-debloquer-purifier\/","url":"https:\/\/www.spirit-us.eu\/index.php\/produit\/soin-le-chakra-de-la-gorge-et-lame-soigner-debloquer-purifier\/","name":"DEBLOQUER & PURIFIER le CHAKRA de la GORGE - Spirit-US","isPartOf":{"@id":"https:\/\/www.spirit-us.eu\/#website"},"primaryImageOfPage":{"@id":"https:\/\/www.spirit-us.eu\/index.php\/produit\/soin-le-chakra-de-la-gorge-et-lame-soigner-debloquer-purifier\/#primaryimage"},"image":{"@id":"https:\/\/www.spirit-us.eu\/index.php\/produit\/soin-le-chakra-de-la-gorge-et-lame-soigner-debloquer-purifier\/#primaryimage"},"thumbnailUrl":"https:\/\/www.spirit-us.eu\/wp-content\/uploads\/2025\/01\/5.-image-produit-soin-1.png","datePublished":"2025-01-31T09:04:04+00:00","dateModified":"2026-03-26T14:06:52+00:00","description":"Auto soin au format audio mp3 pour d\u00e9bloquer et purifier le chakra de la gorge en souffrance. Id\u00e9al pour r\u00e9apprendre la prise de parole.","breadcrumb":{"@id":"https:\/\/www.spirit-us.eu\/index.php\/produit\/soin-le-chakra-de-la-gorge-et-lame-soigner-debloquer-purifier\/#breadcrumb"},"inLanguage":"fr-FR","potentialAction":[{"@type":"ReadAction","target":["https:\/\/www.spirit-us.eu\/index.php\/produit\/soin-le-chakra-de-la-gorge-et-lame-soigner-debloquer-purifier\/"]}]},{"@type":"ImageObject","inLanguage":"fr-FR","@id":"https:\/\/www.spirit-us.eu\/index.php\/produit\/soin-le-chakra-de-la-gorge-et-lame-soigner-debloquer-purifier\/#primaryimage","url":"https:\/\/www.spirit-us.eu\/wp-content\/uploads\/2025\/01\/5.-image-produit-soin-1.png","contentUrl":"https:\/\/www.spirit-us.eu\/wp-content\/uploads\/2025\/01\/5.-image-produit-soin-1.png","width":1080,"height":1080},{"@type":"BreadcrumbList","@id":"https:\/\/www.spirit-us.eu\/index.php\/produit\/soin-le-chakra-de-la-gorge-et-lame-soigner-debloquer-purifier\/#breadcrumb","itemListElement":[{"@type":"ListItem","position":1,"name":"Accueil","item":"https:\/\/www.spirit-us.eu\/"},{"@type":"ListItem","position":2,"name":"Boutique","item":"https:\/\/www.spirit-us.eu\/index.php\/boutique\/"},{"@type":"ListItem","position":3,"name":"DEBLOQUER &#038; PURIFIER le CHAKRA de la GORGE"}]},{"@type":"WebSite","@id":"https:\/\/www.spirit-us.eu\/#website","url":"https:\/\/www.spirit-us.eu\/","name":"Spirit-US","description":"","publisher":{"@id":"https:\/\/www.spirit-us.eu\/#organization"},"potentialAction":[{"@type":"SearchAction","target":{"@type":"EntryPoint","urlTemplate":"https:\/\/www.spirit-us.eu\/?s={search_term_string}"},"query-input":{"@type":"PropertyValueSpecification","valueRequired":true,"valueName":"search_term_string"}}],"inLanguage":"fr-FR"},{"@type":"Organization","@id":"https:\/\/www.spirit-us.eu\/#organization","name":"Spirit-US","url":"https:\/\/www.spirit-us.eu\/","logo":{"@type":"ImageObject","inLanguage":"fr-FR","@id":"https:\/\/www.spirit-us.eu\/#\/schema\/logo\/image\/","url":"https:\/\/www.spirit-us.eu\/wp-content\/uploads\/2025\/11\/logo-regarde-linterlocutrice-sans-arrriere-plan.jpg","contentUrl":"https:\/\/www.spirit-us.eu\/wp-content\/uploads\/2025\/11\/logo-regarde-linterlocutrice-sans-arrriere-plan.jpg","width":1080,"height":1080,"caption":"Spirit-US"},"image":{"@id":"https:\/\/www.spirit-us.eu\/#\/schema\/logo\/image\/"},"sameAs":["https:\/\/www.facebook.com\/spirit.us.deum"]}]}},"jetpack_sharing_enabled":true,"_links":{"self":[{"href":"https:\/\/www.spirit-us.eu\/index.php\/wp-json\/wp\/v2\/product\/379","targetHints":{"allow":["GET"]}}],"collection":[{"href":"https:\/\/www.spirit-us.eu\/index.php\/wp-json\/wp\/v2\/product"}],"about":[{"href":"https:\/\/www.spirit-us.eu\/index.php\/wp-json\/wp\/v2\/types\/product"}],"replies":[{"embeddable":true,"href":"https:\/\/www.spirit-us.eu\/index.php\/wp-json\/wp\/v2\/comments?post=379"}],"wp:featuredmedia":[{"embeddable":true,"href":"https:\/\/www.spirit-us.eu\/index.php\/wp-json\/wp\/v2\/media\/4542"}],"wp:attachment":[{"href":"https:\/\/www.spirit-us.eu\/index.php\/wp-json\/wp\/v2\/media?parent=379"}],"wp:term":[{"taxonomy":"product_brand","embeddable":true,"href":"https:\/\/www.spirit-us.eu\/index.php\/wp-json\/wp\/v2\/product_brand?post=379"},{"taxonomy":"product_cat","embeddable":true,"href":"https:\/\/www.spirit-us.eu\/index.php\/wp-json\/wp\/v2\/product_cat?post=379"},{"taxonomy":"product_tag","embeddable":true,"href":"https:\/\/www.spirit-us.eu\/index.php\/wp-json\/wp\/v2\/product_tag?post=379"},{"taxonomy":"mwb_booking_cost","embeddable":true,"href":"https:\/\/www.spirit-us.eu\/index.php\/wp-json\/wp\/v2\/mwb_booking_cost?post=379"},{"taxonomy":"mwb_booking_service","embeddable":true,"href":"https:\/\/www.spirit-us.eu\/index.php\/wp-json\/wp\/v2\/mwb_booking_service?post=379"}],"curies":[{"name":"wp","href":"https:\/\/api.w.org\/{rel}","templated":true}]}}