{"id":3499,"date":"2025-12-22T12:06:56","date_gmt":"2025-12-22T11:06:56","guid":{"rendered":"https:\/\/www.spirit-us.eu\/?post_type=product&#038;p=3499"},"modified":"2025-12-22T12:16:38","modified_gmt":"2025-12-22T11:16:38","slug":"coeur-en-selenite-decoration-recharge-energetique-copie","status":"publish","type":"product","link":"https:\/\/www.spirit-us.eu\/index.php\/produit\/coeur-en-selenite-decoration-recharge-energetique-copie\/","title":{"rendered":"C\u0153ur en SELENITE &#8211; d\u00e9coration, recharge \u00e9nerg\u00e9tique (Copie)"},"content":{"rendered":"<p>PETITE plaque de charge en forme de c\u0153ur en s\u00e9l\u00e9nite, pour la recharge \u00e9nerg\u00e9tique et la d\u00e9coration<\/p>\n<p><strong>Dimensions<\/strong> :<\/p>\n<ul>\n<li>9,5 cm de largeur<\/li>\n<li>7 (+\/-) cm de hauteur<\/li>\n<li>1,5 cm d&rsquo;\u00e9paisseur<\/li>\n<\/ul>\n<p><strong>Couleur<\/strong> : blanc translucide<\/p>\n<p><strong>Mat\u00e9riau<\/strong> : s\u00e9l\u00e9nite pure, taill\u00e9e dans un seul bloc<\/p>\n<p><strong>Usages<\/strong> : d\u00e9coratif et fonction de recharge des pierres et des cristaux en \u00e9nerg\u00e9tique<\/p>\n<p><strong>Pr\u00e9cautions<\/strong> : cette pierre craint l&rsquo;eau et est friable.<\/p>\n","protected":false},"excerpt":{"rendered":"<p style=\"text-align: justify;\">Joli PETIT\u00a0 c\u0153ur en s\u00e9l\u00e9nite pure, taill\u00e9 dans un seul bloc, manufactur\u00e9 et poli. Si vous vous int\u00e9ressez aux \u00e9nergies ou bien \u00e0 la cartomancie, vous savez qu\u2019il ne faut jamais sous-estimer le pouvoir des cristaux. C\u2019est le cas de la s\u00e9l\u00e9nite, ici d\u00e9clin\u00e9e sous forme de petit bol de recharge des pierres et des cristaux. Cette pierre, douce et transparente, est aussi belle que fascinante. Elle aide \u00e0 diminuer le stress, \u00e0 recouvrer la s\u00e9r\u00e9nit\u00e9 et \u00e0 s&rsquo;apaiser.<\/p>\n","protected":false},"featured_media":3500,"comment_status":"open","ping_status":"closed","template":"","meta":[],"product_brand":[],"product_cat":[180,17],"product_tag":[509,434],"mwb_booking_cost":[],"mwb_booking_service":[],"class_list":{"0":"post-3499","1":"product","2":"type-product","3":"status-publish","4":"has-post-thumbnail","6":"product_cat-09-decoration","7":"product_cat-tous-les-produits","8":"product_tag-recharge-des-pierres","9":"product_tag-selenite","11":"first","12":"instock","13":"shipping-taxable","14":"purchasable","15":"product-type-simple"},"yoast_head":"<!-- This site is optimized with the Yoast SEO plugin v27.1.1 - https:\/\/yoast.com\/product\/yoast-seo-wordpress\/ -->\n<title>C\u0153ur en SELENITE - d\u00e9coration, recharge \u00e9nerg\u00e9tique (Copie) - Spirit-US<\/title>\n<meta name=\"robots\" content=\"index, follow, max-snippet:-1, max-image-preview:large, max-video-preview:-1\" \/>\n<link rel=\"canonical\" href=\"https:\/\/www.spirit-us.eu\/index.php\/produit\/coeur-en-selenite-decoration-recharge-energetique-copie\/\" \/>\n<meta property=\"og:locale\" content=\"fr_FR\" \/>\n<meta property=\"og:type\" content=\"article\" \/>\n<meta property=\"og:title\" content=\"C\u0153ur en SELENITE - d\u00e9coration, recharge \u00e9nerg\u00e9tique (Copie) - Spirit-US\" \/>\n<meta property=\"og:description\" content=\"Joli PETIT\u00a0 c\u0153ur en s\u00e9l\u00e9nite pure, taill\u00e9 dans un seul bloc, manufactur\u00e9 et poli. Si vous vous int\u00e9ressez aux \u00e9nergies ou bien \u00e0 la cartomancie, vous savez qu\u2019il ne faut jamais sous-estimer le pouvoir des cristaux. C\u2019est le cas de la s\u00e9l\u00e9nite, ici d\u00e9clin\u00e9e sous forme de petit bol de recharge des pierres et des cristaux. Cette pierre, douce et transparente, est aussi belle que fascinante. Elle aide \u00e0 diminuer le stress, \u00e0 recouvrer la s\u00e9r\u00e9nit\u00e9 et \u00e0 s&#039;apaiser.\" \/>\n<meta property=\"og:url\" content=\"https:\/\/www.spirit-us.eu\/index.php\/produit\/coeur-en-selenite-decoration-recharge-energetique-copie\/\" \/>\n<meta property=\"og:site_name\" content=\"Spirit-US\" \/>\n<meta property=\"article:publisher\" content=\"https:\/\/www.facebook.com\/spirit.us.deum\" \/>\n<meta property=\"article:modified_time\" content=\"2025-12-22T11:16:38+00:00\" \/>\n<meta property=\"og:image\" content=\"https:\/\/www.spirit-us.eu\/wp-content\/uploads\/2025\/12\/coeur-selenite-image-produit.png\" \/>\n\t<meta property=\"og:image:width\" content=\"1080\" \/>\n\t<meta property=\"og:image:height\" content=\"1080\" \/>\n\t<meta property=\"og:image:type\" content=\"image\/png\" \/>\n<meta name=\"twitter:card\" content=\"summary_large_image\" \/>\n<meta name=\"twitter:label1\" content=\"Dur\u00e9e de lecture estim\u00e9e\" \/>\n\t<meta name=\"twitter:data1\" content=\"1 minute\" \/>\n<script type=\"application\/ld+json\" class=\"yoast-schema-graph\">{\"@context\":\"https:\/\/schema.org\",\"@graph\":[{\"@type\":\"WebPage\",\"@id\":\"https:\/\/www.spirit-us.eu\/index.php\/produit\/coeur-en-selenite-decoration-recharge-energetique-copie\/\",\"url\":\"https:\/\/www.spirit-us.eu\/index.php\/produit\/coeur-en-selenite-decoration-recharge-energetique-copie\/\",\"name\":\"C\u0153ur en SELENITE - d\u00e9coration, recharge \u00e9nerg\u00e9tique (Copie) - Spirit-US\",\"isPartOf\":{\"@id\":\"https:\/\/www.spirit-us.eu\/#website\"},\"primaryImageOfPage\":{\"@id\":\"https:\/\/www.spirit-us.eu\/index.php\/produit\/coeur-en-selenite-decoration-recharge-energetique-copie\/#primaryimage\"},\"image\":{\"@id\":\"https:\/\/www.spirit-us.eu\/index.php\/produit\/coeur-en-selenite-decoration-recharge-energetique-copie\/#primaryimage\"},\"thumbnailUrl\":\"https:\/\/www.spirit-us.eu\/wp-content\/uploads\/2025\/12\/coeur-selenite-image-produit.png\",\"datePublished\":\"2025-12-22T11:06:56+00:00\",\"dateModified\":\"2025-12-22T11:16:38+00:00\",\"breadcrumb\":{\"@id\":\"https:\/\/www.spirit-us.eu\/index.php\/produit\/coeur-en-selenite-decoration-recharge-energetique-copie\/#breadcrumb\"},\"inLanguage\":\"fr-FR\",\"potentialAction\":[{\"@type\":\"ReadAction\",\"target\":[\"https:\/\/www.spirit-us.eu\/index.php\/produit\/coeur-en-selenite-decoration-recharge-energetique-copie\/\"]}]},{\"@type\":\"ImageObject\",\"inLanguage\":\"fr-FR\",\"@id\":\"https:\/\/www.spirit-us.eu\/index.php\/produit\/coeur-en-selenite-decoration-recharge-energetique-copie\/#primaryimage\",\"url\":\"https:\/\/www.spirit-us.eu\/wp-content\/uploads\/2025\/12\/coeur-selenite-image-produit.png\",\"contentUrl\":\"https:\/\/www.spirit-us.eu\/wp-content\/uploads\/2025\/12\/coeur-selenite-image-produit.png\",\"width\":1080,\"height\":1080},{\"@type\":\"BreadcrumbList\",\"@id\":\"https:\/\/www.spirit-us.eu\/index.php\/produit\/coeur-en-selenite-decoration-recharge-energetique-copie\/#breadcrumb\",\"itemListElement\":[{\"@type\":\"ListItem\",\"position\":1,\"name\":\"Accueil\",\"item\":\"https:\/\/www.spirit-us.eu\/\"},{\"@type\":\"ListItem\",\"position\":2,\"name\":\"Boutique\",\"item\":\"https:\/\/www.spirit-us.eu\/index.php\/boutique\/\"},{\"@type\":\"ListItem\",\"position\":3,\"name\":\"C\u0153ur en SELENITE &#8211; d\u00e9coration, recharge \u00e9nerg\u00e9tique (Copie)\"}]},{\"@type\":\"WebSite\",\"@id\":\"https:\/\/www.spirit-us.eu\/#website\",\"url\":\"https:\/\/www.spirit-us.eu\/\",\"name\":\"Spirit-US\",\"description\":\"\",\"publisher\":{\"@id\":\"https:\/\/www.spirit-us.eu\/#organization\"},\"potentialAction\":[{\"@type\":\"SearchAction\",\"target\":{\"@type\":\"EntryPoint\",\"urlTemplate\":\"https:\/\/www.spirit-us.eu\/?s={search_term_string}\"},\"query-input\":{\"@type\":\"PropertyValueSpecification\",\"valueRequired\":true,\"valueName\":\"search_term_string\"}}],\"inLanguage\":\"fr-FR\"},{\"@type\":\"Organization\",\"@id\":\"https:\/\/www.spirit-us.eu\/#organization\",\"name\":\"Spirit-US\",\"url\":\"https:\/\/www.spirit-us.eu\/\",\"logo\":{\"@type\":\"ImageObject\",\"inLanguage\":\"fr-FR\",\"@id\":\"https:\/\/www.spirit-us.eu\/#\/schema\/logo\/image\/\",\"url\":\"https:\/\/www.spirit-us.eu\/wp-content\/uploads\/2025\/11\/logo-regarde-linterlocutrice-sans-arrriere-plan.jpg\",\"contentUrl\":\"https:\/\/www.spirit-us.eu\/wp-content\/uploads\/2025\/11\/logo-regarde-linterlocutrice-sans-arrriere-plan.jpg\",\"width\":1080,\"height\":1080,\"caption\":\"Spirit-US\"},\"image\":{\"@id\":\"https:\/\/www.spirit-us.eu\/#\/schema\/logo\/image\/\"},\"sameAs\":[\"https:\/\/www.facebook.com\/spirit.us.deum\"]}]}<\/script>\n<!-- \/ Yoast SEO plugin. -->","yoast_head_json":{"title":"C\u0153ur en SELENITE - d\u00e9coration, recharge \u00e9nerg\u00e9tique (Copie) - Spirit-US","robots":{"index":"index","follow":"follow","max-snippet":"max-snippet:-1","max-image-preview":"max-image-preview:large","max-video-preview":"max-video-preview:-1"},"canonical":"https:\/\/www.spirit-us.eu\/index.php\/produit\/coeur-en-selenite-decoration-recharge-energetique-copie\/","og_locale":"fr_FR","og_type":"article","og_title":"C\u0153ur en SELENITE - d\u00e9coration, recharge \u00e9nerg\u00e9tique (Copie) - Spirit-US","og_description":"Joli PETIT\u00a0 c\u0153ur en s\u00e9l\u00e9nite pure, taill\u00e9 dans un seul bloc, manufactur\u00e9 et poli. Si vous vous int\u00e9ressez aux \u00e9nergies ou bien \u00e0 la cartomancie, vous savez qu\u2019il ne faut jamais sous-estimer le pouvoir des cristaux. C\u2019est le cas de la s\u00e9l\u00e9nite, ici d\u00e9clin\u00e9e sous forme de petit bol de recharge des pierres et des cristaux. Cette pierre, douce et transparente, est aussi belle que fascinante. Elle aide \u00e0 diminuer le stress, \u00e0 recouvrer la s\u00e9r\u00e9nit\u00e9 et \u00e0 s'apaiser.","og_url":"https:\/\/www.spirit-us.eu\/index.php\/produit\/coeur-en-selenite-decoration-recharge-energetique-copie\/","og_site_name":"Spirit-US","article_publisher":"https:\/\/www.facebook.com\/spirit.us.deum","article_modified_time":"2025-12-22T11:16:38+00:00","og_image":[{"width":1080,"height":1080,"url":"https:\/\/www.spirit-us.eu\/wp-content\/uploads\/2025\/12\/coeur-selenite-image-produit.png","type":"image\/png"}],"twitter_card":"summary_large_image","twitter_misc":{"Dur\u00e9e de lecture estim\u00e9e":"1 minute"},"schema":{"@context":"https:\/\/schema.org","@graph":[{"@type":"WebPage","@id":"https:\/\/www.spirit-us.eu\/index.php\/produit\/coeur-en-selenite-decoration-recharge-energetique-copie\/","url":"https:\/\/www.spirit-us.eu\/index.php\/produit\/coeur-en-selenite-decoration-recharge-energetique-copie\/","name":"C\u0153ur en SELENITE - d\u00e9coration, recharge \u00e9nerg\u00e9tique (Copie) - Spirit-US","isPartOf":{"@id":"https:\/\/www.spirit-us.eu\/#website"},"primaryImageOfPage":{"@id":"https:\/\/www.spirit-us.eu\/index.php\/produit\/coeur-en-selenite-decoration-recharge-energetique-copie\/#primaryimage"},"image":{"@id":"https:\/\/www.spirit-us.eu\/index.php\/produit\/coeur-en-selenite-decoration-recharge-energetique-copie\/#primaryimage"},"thumbnailUrl":"https:\/\/www.spirit-us.eu\/wp-content\/uploads\/2025\/12\/coeur-selenite-image-produit.png","datePublished":"2025-12-22T11:06:56+00:00","dateModified":"2025-12-22T11:16:38+00:00","breadcrumb":{"@id":"https:\/\/www.spirit-us.eu\/index.php\/produit\/coeur-en-selenite-decoration-recharge-energetique-copie\/#breadcrumb"},"inLanguage":"fr-FR","potentialAction":[{"@type":"ReadAction","target":["https:\/\/www.spirit-us.eu\/index.php\/produit\/coeur-en-selenite-decoration-recharge-energetique-copie\/"]}]},{"@type":"ImageObject","inLanguage":"fr-FR","@id":"https:\/\/www.spirit-us.eu\/index.php\/produit\/coeur-en-selenite-decoration-recharge-energetique-copie\/#primaryimage","url":"https:\/\/www.spirit-us.eu\/wp-content\/uploads\/2025\/12\/coeur-selenite-image-produit.png","contentUrl":"https:\/\/www.spirit-us.eu\/wp-content\/uploads\/2025\/12\/coeur-selenite-image-produit.png","width":1080,"height":1080},{"@type":"BreadcrumbList","@id":"https:\/\/www.spirit-us.eu\/index.php\/produit\/coeur-en-selenite-decoration-recharge-energetique-copie\/#breadcrumb","itemListElement":[{"@type":"ListItem","position":1,"name":"Accueil","item":"https:\/\/www.spirit-us.eu\/"},{"@type":"ListItem","position":2,"name":"Boutique","item":"https:\/\/www.spirit-us.eu\/index.php\/boutique\/"},{"@type":"ListItem","position":3,"name":"C\u0153ur en SELENITE &#8211; d\u00e9coration, recharge \u00e9nerg\u00e9tique (Copie)"}]},{"@type":"WebSite","@id":"https:\/\/www.spirit-us.eu\/#website","url":"https:\/\/www.spirit-us.eu\/","name":"Spirit-US","description":"","publisher":{"@id":"https:\/\/www.spirit-us.eu\/#organization"},"potentialAction":[{"@type":"SearchAction","target":{"@type":"EntryPoint","urlTemplate":"https:\/\/www.spirit-us.eu\/?s={search_term_string}"},"query-input":{"@type":"PropertyValueSpecification","valueRequired":true,"valueName":"search_term_string"}}],"inLanguage":"fr-FR"},{"@type":"Organization","@id":"https:\/\/www.spirit-us.eu\/#organization","name":"Spirit-US","url":"https:\/\/www.spirit-us.eu\/","logo":{"@type":"ImageObject","inLanguage":"fr-FR","@id":"https:\/\/www.spirit-us.eu\/#\/schema\/logo\/image\/","url":"https:\/\/www.spirit-us.eu\/wp-content\/uploads\/2025\/11\/logo-regarde-linterlocutrice-sans-arrriere-plan.jpg","contentUrl":"https:\/\/www.spirit-us.eu\/wp-content\/uploads\/2025\/11\/logo-regarde-linterlocutrice-sans-arrriere-plan.jpg","width":1080,"height":1080,"caption":"Spirit-US"},"image":{"@id":"https:\/\/www.spirit-us.eu\/#\/schema\/logo\/image\/"},"sameAs":["https:\/\/www.facebook.com\/spirit.us.deum"]}]}},"jetpack_sharing_enabled":true,"_links":{"self":[{"href":"https:\/\/www.spirit-us.eu\/index.php\/wp-json\/wp\/v2\/product\/3499","targetHints":{"allow":["GET"]}}],"collection":[{"href":"https:\/\/www.spirit-us.eu\/index.php\/wp-json\/wp\/v2\/product"}],"about":[{"href":"https:\/\/www.spirit-us.eu\/index.php\/wp-json\/wp\/v2\/types\/product"}],"replies":[{"embeddable":true,"href":"https:\/\/www.spirit-us.eu\/index.php\/wp-json\/wp\/v2\/comments?post=3499"}],"wp:featuredmedia":[{"embeddable":true,"href":"https:\/\/www.spirit-us.eu\/index.php\/wp-json\/wp\/v2\/media\/3500"}],"wp:attachment":[{"href":"https:\/\/www.spirit-us.eu\/index.php\/wp-json\/wp\/v2\/media?parent=3499"}],"wp:term":[{"taxonomy":"product_brand","embeddable":true,"href":"https:\/\/www.spirit-us.eu\/index.php\/wp-json\/wp\/v2\/product_brand?post=3499"},{"taxonomy":"product_cat","embeddable":true,"href":"https:\/\/www.spirit-us.eu\/index.php\/wp-json\/wp\/v2\/product_cat?post=3499"},{"taxonomy":"product_tag","embeddable":true,"href":"https:\/\/www.spirit-us.eu\/index.php\/wp-json\/wp\/v2\/product_tag?post=3499"},{"taxonomy":"mwb_booking_cost","embeddable":true,"href":"https:\/\/www.spirit-us.eu\/index.php\/wp-json\/wp\/v2\/mwb_booking_cost?post=3499"},{"taxonomy":"mwb_booking_service","embeddable":true,"href":"https:\/\/www.spirit-us.eu\/index.php\/wp-json\/wp\/v2\/mwb_booking_service?post=3499"}],"curies":[{"name":"wp","href":"https:\/\/api.w.org\/{rel}","templated":true}]}}