{"id":3339,"date":"2025-12-17T14:11:36","date_gmt":"2025-12-17T13:11:36","guid":{"rendered":"https:\/\/www.spirit-us.eu\/?post_type=product&#038;p=3339"},"modified":"2025-12-17T14:39:06","modified_gmt":"2025-12-17T13:39:06","slug":"broche-de-saints-gabriel-raphael-caducee-protection-des-commerces-et-des-communications","status":"publish","type":"product","link":"https:\/\/www.spirit-us.eu\/index.php\/produit\/broche-de-saints-gabriel-raphael-caducee-protection-des-commerces-et-des-communications\/","title":{"rendered":"BROCHE de saints GABRIEL &#038; RAPHAEL &#8211; caduc\u00e9e, protection des commerces et des communications"},"content":{"rendered":"<p><strong>Dimensions<\/strong> :<\/p>\n<ul>\n<li>hauteur de la broche 3,8 cm<\/li>\n<li>largeur de la broche 3,8 cm<\/li>\n<\/ul>\n<p><strong>Couleurs<\/strong> : or et blanc<\/p>\n<p><strong>Mat\u00e9riaux<\/strong> : m\u00e9tal et image pieuse en surimpression \/ mod\u00e8le pins<\/p>\n<p><strong>Fermoir<\/strong> : ailette<\/p>\n<p><strong>Pr\u00e9sentation<\/strong> : dans une pochette de velours noir<\/p>\n","protected":false},"excerpt":{"rendered":"<p style=\"text-align: justify;\">Broche repr\u00e9sentant le caduc\u00e9e d&rsquo;Herm\u00e8s, favorisant les activit\u00e9s commerciales (\u00e0 ne pas confondre avec le b\u00e2ton d&rsquo;Ascl\u00e9pios, dieu des m\u00e9decins dont le sceptre ne comporte qu&rsquo;un seul serpent).\u00a0 Ce caduc\u00e9e favorise les belles et bonnes nouvelles, la prosp\u00e9rit\u00e9 et le commerce prosp\u00e8re.\u00a0 Il est \u00e9galement associ\u00e9 \u00e0 l&rsquo;archange Rapha\u00ebl dans sa fonction de restauration des \u00e9nergies qui ont \u00e9t\u00e9 ab\u00eem\u00e9es et \u00e0 l&rsquo;archange Gabriel, en tant que protecteur des communications et du commerce.\u00a0 Il est fait d&rsquo;\u00e9mail blanc et de laiton dor\u00e9. Deux ailes et deux serpents autour du sceptre. Broche tr\u00e8s tendance pour elle et lui.<\/p>\n","protected":false},"featured_media":3340,"comment_status":"open","ping_status":"closed","template":"","meta":[],"product_brand":[],"product_cat":[156,465,17],"product_tag":[476,491,493,477,169,494,492,489,490],"mwb_booking_cost":[],"mwb_booking_service":[],"class_list":{"0":"post-3339","1":"product","2":"type-product","3":"status-publish","4":"has-post-thumbnail","6":"product_cat-04-bijoux","7":"product_cat-broches","8":"product_cat-tous-les-produits","9":"product_tag-broches","10":"product_tag-commerce","11":"product_tag-communications","12":"product_tag-piete","13":"product_tag-protection","14":"product_tag-protection-des-communications","15":"product_tag-protection-du-commerce","16":"product_tag-saint-gabriel","17":"product_tag-saint-raphael","19":"first","20":"instock","21":"shipping-taxable","22":"purchasable","23":"product-type-simple"},"yoast_head":"<!-- This site is optimized with the Yoast SEO plugin v27.1.1 - https:\/\/yoast.com\/product\/yoast-seo-wordpress\/ -->\n<title>BROCHE de saints GABRIEL &amp; RAPHAEL - caduc\u00e9e, protection des commerces et des communications - Spirit-US<\/title>\n<meta name=\"robots\" content=\"index, follow, max-snippet:-1, max-image-preview:large, max-video-preview:-1\" \/>\n<link rel=\"canonical\" href=\"https:\/\/www.spirit-us.eu\/index.php\/produit\/broche-de-saints-gabriel-raphael-caducee-protection-des-commerces-et-des-communications\/\" \/>\n<meta property=\"og:locale\" content=\"fr_FR\" \/>\n<meta property=\"og:type\" content=\"article\" \/>\n<meta property=\"og:title\" content=\"BROCHE de saints GABRIEL &amp; RAPHAEL - caduc\u00e9e, protection des commerces et des communications - Spirit-US\" \/>\n<meta property=\"og:description\" content=\"Broche repr\u00e9sentant le caduc\u00e9e d&#039;Herm\u00e8s, favorisant les activit\u00e9s commerciales (\u00e0 ne pas confondre avec le b\u00e2ton d&#039;Ascl\u00e9pios, dieu des m\u00e9decins dont le sceptre ne comporte qu&#039;un seul serpent).\u00a0 Ce caduc\u00e9e favorise les belles et bonnes nouvelles, la prosp\u00e9rit\u00e9 et le commerce prosp\u00e8re.\u00a0 Il est \u00e9galement associ\u00e9 \u00e0 l&#039;archange Rapha\u00ebl dans sa fonction de restauration des \u00e9nergies qui ont \u00e9t\u00e9 ab\u00eem\u00e9es et \u00e0 l&#039;archange Gabriel, en tant que protecteur des communications et du commerce.\u00a0 Il est fait d&#039;\u00e9mail blanc et de laiton dor\u00e9. Deux ailes et deux serpents autour du sceptre. Broche tr\u00e8s tendance pour elle et lui.\" \/>\n<meta property=\"og:url\" content=\"https:\/\/www.spirit-us.eu\/index.php\/produit\/broche-de-saints-gabriel-raphael-caducee-protection-des-commerces-et-des-communications\/\" \/>\n<meta property=\"og:site_name\" content=\"Spirit-US\" \/>\n<meta property=\"article:publisher\" content=\"https:\/\/www.facebook.com\/spirit.us.deum\" \/>\n<meta property=\"article:modified_time\" content=\"2025-12-17T13:39:06+00:00\" \/>\n<meta property=\"og:image\" content=\"https:\/\/www.spirit-us.eu\/wp-content\/uploads\/2025\/12\/caducee.png\" \/>\n\t<meta property=\"og:image:width\" content=\"1080\" \/>\n\t<meta property=\"og:image:height\" content=\"1080\" \/>\n\t<meta property=\"og:image:type\" content=\"image\/png\" \/>\n<meta name=\"twitter:card\" content=\"summary_large_image\" \/>\n<meta name=\"twitter:label1\" content=\"Dur\u00e9e de lecture estim\u00e9e\" \/>\n\t<meta name=\"twitter:data1\" content=\"1 minute\" \/>\n<script type=\"application\/ld+json\" class=\"yoast-schema-graph\">{\"@context\":\"https:\/\/schema.org\",\"@graph\":[{\"@type\":\"WebPage\",\"@id\":\"https:\/\/www.spirit-us.eu\/index.php\/produit\/broche-de-saints-gabriel-raphael-caducee-protection-des-commerces-et-des-communications\/\",\"url\":\"https:\/\/www.spirit-us.eu\/index.php\/produit\/broche-de-saints-gabriel-raphael-caducee-protection-des-commerces-et-des-communications\/\",\"name\":\"BROCHE de saints GABRIEL & RAPHAEL - caduc\u00e9e, protection des commerces et des communications - Spirit-US\",\"isPartOf\":{\"@id\":\"https:\/\/www.spirit-us.eu\/#website\"},\"primaryImageOfPage\":{\"@id\":\"https:\/\/www.spirit-us.eu\/index.php\/produit\/broche-de-saints-gabriel-raphael-caducee-protection-des-commerces-et-des-communications\/#primaryimage\"},\"image\":{\"@id\":\"https:\/\/www.spirit-us.eu\/index.php\/produit\/broche-de-saints-gabriel-raphael-caducee-protection-des-commerces-et-des-communications\/#primaryimage\"},\"thumbnailUrl\":\"https:\/\/www.spirit-us.eu\/wp-content\/uploads\/2025\/12\/caducee.png\",\"datePublished\":\"2025-12-17T13:11:36+00:00\",\"dateModified\":\"2025-12-17T13:39:06+00:00\",\"breadcrumb\":{\"@id\":\"https:\/\/www.spirit-us.eu\/index.php\/produit\/broche-de-saints-gabriel-raphael-caducee-protection-des-commerces-et-des-communications\/#breadcrumb\"},\"inLanguage\":\"fr-FR\",\"potentialAction\":[{\"@type\":\"ReadAction\",\"target\":[\"https:\/\/www.spirit-us.eu\/index.php\/produit\/broche-de-saints-gabriel-raphael-caducee-protection-des-commerces-et-des-communications\/\"]}]},{\"@type\":\"ImageObject\",\"inLanguage\":\"fr-FR\",\"@id\":\"https:\/\/www.spirit-us.eu\/index.php\/produit\/broche-de-saints-gabriel-raphael-caducee-protection-des-commerces-et-des-communications\/#primaryimage\",\"url\":\"https:\/\/www.spirit-us.eu\/wp-content\/uploads\/2025\/12\/caducee.png\",\"contentUrl\":\"https:\/\/www.spirit-us.eu\/wp-content\/uploads\/2025\/12\/caducee.png\",\"width\":1080,\"height\":1080},{\"@type\":\"BreadcrumbList\",\"@id\":\"https:\/\/www.spirit-us.eu\/index.php\/produit\/broche-de-saints-gabriel-raphael-caducee-protection-des-commerces-et-des-communications\/#breadcrumb\",\"itemListElement\":[{\"@type\":\"ListItem\",\"position\":1,\"name\":\"Accueil\",\"item\":\"https:\/\/www.spirit-us.eu\/\"},{\"@type\":\"ListItem\",\"position\":2,\"name\":\"Boutique\",\"item\":\"https:\/\/www.spirit-us.eu\/index.php\/boutique\/\"},{\"@type\":\"ListItem\",\"position\":3,\"name\":\"BROCHE de saints GABRIEL &#038; RAPHAEL &#8211; caduc\u00e9e, protection des commerces et des communications\"}]},{\"@type\":\"WebSite\",\"@id\":\"https:\/\/www.spirit-us.eu\/#website\",\"url\":\"https:\/\/www.spirit-us.eu\/\",\"name\":\"Spirit-US\",\"description\":\"\",\"publisher\":{\"@id\":\"https:\/\/www.spirit-us.eu\/#organization\"},\"potentialAction\":[{\"@type\":\"SearchAction\",\"target\":{\"@type\":\"EntryPoint\",\"urlTemplate\":\"https:\/\/www.spirit-us.eu\/?s={search_term_string}\"},\"query-input\":{\"@type\":\"PropertyValueSpecification\",\"valueRequired\":true,\"valueName\":\"search_term_string\"}}],\"inLanguage\":\"fr-FR\"},{\"@type\":\"Organization\",\"@id\":\"https:\/\/www.spirit-us.eu\/#organization\",\"name\":\"Spirit-US\",\"url\":\"https:\/\/www.spirit-us.eu\/\",\"logo\":{\"@type\":\"ImageObject\",\"inLanguage\":\"fr-FR\",\"@id\":\"https:\/\/www.spirit-us.eu\/#\/schema\/logo\/image\/\",\"url\":\"https:\/\/www.spirit-us.eu\/wp-content\/uploads\/2025\/11\/logo-regarde-linterlocutrice-sans-arrriere-plan.jpg\",\"contentUrl\":\"https:\/\/www.spirit-us.eu\/wp-content\/uploads\/2025\/11\/logo-regarde-linterlocutrice-sans-arrriere-plan.jpg\",\"width\":1080,\"height\":1080,\"caption\":\"Spirit-US\"},\"image\":{\"@id\":\"https:\/\/www.spirit-us.eu\/#\/schema\/logo\/image\/\"},\"sameAs\":[\"https:\/\/www.facebook.com\/spirit.us.deum\"]}]}<\/script>\n<!-- \/ Yoast SEO plugin. -->","yoast_head_json":{"title":"BROCHE de saints GABRIEL & RAPHAEL - caduc\u00e9e, protection des commerces et des communications - Spirit-US","robots":{"index":"index","follow":"follow","max-snippet":"max-snippet:-1","max-image-preview":"max-image-preview:large","max-video-preview":"max-video-preview:-1"},"canonical":"https:\/\/www.spirit-us.eu\/index.php\/produit\/broche-de-saints-gabriel-raphael-caducee-protection-des-commerces-et-des-communications\/","og_locale":"fr_FR","og_type":"article","og_title":"BROCHE de saints GABRIEL & RAPHAEL - caduc\u00e9e, protection des commerces et des communications - Spirit-US","og_description":"Broche repr\u00e9sentant le caduc\u00e9e d'Herm\u00e8s, favorisant les activit\u00e9s commerciales (\u00e0 ne pas confondre avec le b\u00e2ton d'Ascl\u00e9pios, dieu des m\u00e9decins dont le sceptre ne comporte qu'un seul serpent).\u00a0 Ce caduc\u00e9e favorise les belles et bonnes nouvelles, la prosp\u00e9rit\u00e9 et le commerce prosp\u00e8re.\u00a0 Il est \u00e9galement associ\u00e9 \u00e0 l'archange Rapha\u00ebl dans sa fonction de restauration des \u00e9nergies qui ont \u00e9t\u00e9 ab\u00eem\u00e9es et \u00e0 l'archange Gabriel, en tant que protecteur des communications et du commerce.\u00a0 Il est fait d'\u00e9mail blanc et de laiton dor\u00e9. Deux ailes et deux serpents autour du sceptre. Broche tr\u00e8s tendance pour elle et lui.","og_url":"https:\/\/www.spirit-us.eu\/index.php\/produit\/broche-de-saints-gabriel-raphael-caducee-protection-des-commerces-et-des-communications\/","og_site_name":"Spirit-US","article_publisher":"https:\/\/www.facebook.com\/spirit.us.deum","article_modified_time":"2025-12-17T13:39:06+00:00","og_image":[{"width":1080,"height":1080,"url":"https:\/\/www.spirit-us.eu\/wp-content\/uploads\/2025\/12\/caducee.png","type":"image\/png"}],"twitter_card":"summary_large_image","twitter_misc":{"Dur\u00e9e de lecture estim\u00e9e":"1 minute"},"schema":{"@context":"https:\/\/schema.org","@graph":[{"@type":"WebPage","@id":"https:\/\/www.spirit-us.eu\/index.php\/produit\/broche-de-saints-gabriel-raphael-caducee-protection-des-commerces-et-des-communications\/","url":"https:\/\/www.spirit-us.eu\/index.php\/produit\/broche-de-saints-gabriel-raphael-caducee-protection-des-commerces-et-des-communications\/","name":"BROCHE de saints GABRIEL & RAPHAEL - caduc\u00e9e, protection des commerces et des communications - Spirit-US","isPartOf":{"@id":"https:\/\/www.spirit-us.eu\/#website"},"primaryImageOfPage":{"@id":"https:\/\/www.spirit-us.eu\/index.php\/produit\/broche-de-saints-gabriel-raphael-caducee-protection-des-commerces-et-des-communications\/#primaryimage"},"image":{"@id":"https:\/\/www.spirit-us.eu\/index.php\/produit\/broche-de-saints-gabriel-raphael-caducee-protection-des-commerces-et-des-communications\/#primaryimage"},"thumbnailUrl":"https:\/\/www.spirit-us.eu\/wp-content\/uploads\/2025\/12\/caducee.png","datePublished":"2025-12-17T13:11:36+00:00","dateModified":"2025-12-17T13:39:06+00:00","breadcrumb":{"@id":"https:\/\/www.spirit-us.eu\/index.php\/produit\/broche-de-saints-gabriel-raphael-caducee-protection-des-commerces-et-des-communications\/#breadcrumb"},"inLanguage":"fr-FR","potentialAction":[{"@type":"ReadAction","target":["https:\/\/www.spirit-us.eu\/index.php\/produit\/broche-de-saints-gabriel-raphael-caducee-protection-des-commerces-et-des-communications\/"]}]},{"@type":"ImageObject","inLanguage":"fr-FR","@id":"https:\/\/www.spirit-us.eu\/index.php\/produit\/broche-de-saints-gabriel-raphael-caducee-protection-des-commerces-et-des-communications\/#primaryimage","url":"https:\/\/www.spirit-us.eu\/wp-content\/uploads\/2025\/12\/caducee.png","contentUrl":"https:\/\/www.spirit-us.eu\/wp-content\/uploads\/2025\/12\/caducee.png","width":1080,"height":1080},{"@type":"BreadcrumbList","@id":"https:\/\/www.spirit-us.eu\/index.php\/produit\/broche-de-saints-gabriel-raphael-caducee-protection-des-commerces-et-des-communications\/#breadcrumb","itemListElement":[{"@type":"ListItem","position":1,"name":"Accueil","item":"https:\/\/www.spirit-us.eu\/"},{"@type":"ListItem","position":2,"name":"Boutique","item":"https:\/\/www.spirit-us.eu\/index.php\/boutique\/"},{"@type":"ListItem","position":3,"name":"BROCHE de saints GABRIEL &#038; RAPHAEL &#8211; caduc\u00e9e, protection des commerces et des communications"}]},{"@type":"WebSite","@id":"https:\/\/www.spirit-us.eu\/#website","url":"https:\/\/www.spirit-us.eu\/","name":"Spirit-US","description":"","publisher":{"@id":"https:\/\/www.spirit-us.eu\/#organization"},"potentialAction":[{"@type":"SearchAction","target":{"@type":"EntryPoint","urlTemplate":"https:\/\/www.spirit-us.eu\/?s={search_term_string}"},"query-input":{"@type":"PropertyValueSpecification","valueRequired":true,"valueName":"search_term_string"}}],"inLanguage":"fr-FR"},{"@type":"Organization","@id":"https:\/\/www.spirit-us.eu\/#organization","name":"Spirit-US","url":"https:\/\/www.spirit-us.eu\/","logo":{"@type":"ImageObject","inLanguage":"fr-FR","@id":"https:\/\/www.spirit-us.eu\/#\/schema\/logo\/image\/","url":"https:\/\/www.spirit-us.eu\/wp-content\/uploads\/2025\/11\/logo-regarde-linterlocutrice-sans-arrriere-plan.jpg","contentUrl":"https:\/\/www.spirit-us.eu\/wp-content\/uploads\/2025\/11\/logo-regarde-linterlocutrice-sans-arrriere-plan.jpg","width":1080,"height":1080,"caption":"Spirit-US"},"image":{"@id":"https:\/\/www.spirit-us.eu\/#\/schema\/logo\/image\/"},"sameAs":["https:\/\/www.facebook.com\/spirit.us.deum"]}]}},"jetpack_sharing_enabled":true,"_links":{"self":[{"href":"https:\/\/www.spirit-us.eu\/index.php\/wp-json\/wp\/v2\/product\/3339","targetHints":{"allow":["GET"]}}],"collection":[{"href":"https:\/\/www.spirit-us.eu\/index.php\/wp-json\/wp\/v2\/product"}],"about":[{"href":"https:\/\/www.spirit-us.eu\/index.php\/wp-json\/wp\/v2\/types\/product"}],"replies":[{"embeddable":true,"href":"https:\/\/www.spirit-us.eu\/index.php\/wp-json\/wp\/v2\/comments?post=3339"}],"wp:featuredmedia":[{"embeddable":true,"href":"https:\/\/www.spirit-us.eu\/index.php\/wp-json\/wp\/v2\/media\/3340"}],"wp:attachment":[{"href":"https:\/\/www.spirit-us.eu\/index.php\/wp-json\/wp\/v2\/media?parent=3339"}],"wp:term":[{"taxonomy":"product_brand","embeddable":true,"href":"https:\/\/www.spirit-us.eu\/index.php\/wp-json\/wp\/v2\/product_brand?post=3339"},{"taxonomy":"product_cat","embeddable":true,"href":"https:\/\/www.spirit-us.eu\/index.php\/wp-json\/wp\/v2\/product_cat?post=3339"},{"taxonomy":"product_tag","embeddable":true,"href":"https:\/\/www.spirit-us.eu\/index.php\/wp-json\/wp\/v2\/product_tag?post=3339"},{"taxonomy":"mwb_booking_cost","embeddable":true,"href":"https:\/\/www.spirit-us.eu\/index.php\/wp-json\/wp\/v2\/mwb_booking_cost?post=3339"},{"taxonomy":"mwb_booking_service","embeddable":true,"href":"https:\/\/www.spirit-us.eu\/index.php\/wp-json\/wp\/v2\/mwb_booking_service?post=3339"}],"curies":[{"name":"wp","href":"https:\/\/api.w.org\/{rel}","templated":true}]}}